{"id":990,"date":"2021-11-02T10:29:49","date_gmt":"2021-11-02T10:29:49","guid":{"rendered":"https:\/\/toys4vip.com\/produit\/montre-tourbillon-rm-58-01\/"},"modified":"2021-11-13T11:06:15","modified_gmt":"2021-11-13T11:06:15","slug":"montre-tourbillon-rm-58-01","status":"publish","type":"product","link":"https:\/\/www.toys4vip.com\/fr\/luxury-toy\/montre-tourbillon-rm-58-01\/232\/","title":{"rendered":"Montre Tourbillon RM 58-01"},"content":{"rendered":"<p>Cette montre RM 58-01 con\u00e7ue par Richard Mille pour Jean Todt, pr\u00e9sident de la FIA, rassemble dans un bo\u00eetier en titane et or rouge un tourbillon, une heure universelle et un indicateur de r\u00e9serve de marche sur 10 jours. La lunette tournante microbill\u00e9e, satin\u00e9e et polie indique, sur son r\u00e9haut brun, les noms de 24 villes du monde, symboles des 24 fuseaux horaires. La RM 58-01 ne poss\u00e8de aucun poussoir de r\u00e9glage pour changer de fuseau horaire.<\/p>\n<p>Du coup, la mise \u00e0 l\u2019heure se fait tout simplement par la rotation anti-horaire de la lunette, ce qui permet un r\u00e9glage beaucoup plus rapide. Il suffit de placer \u00e0 12 heures, le nom de la ville o\u00f9 l\u2019on vient d\u2019atterrir, pour d\u00e9finir automatiquement l\u2019heure locale ainsi que celle des 23 autres villes du monde gr\u00e2ce au r\u00e9haut gradu\u00e9 sur 24 heures. Ce disque noir et blanc permet de distinguer les heures de nuit et de jour et effectue la correction heure par heure automatiquement. Ce syst\u00e8me est permis gr\u00e2ce \u00e0 l\u2019int\u00e9gration \u00e0 la lunette d\u2019 un rouage sp\u00e9cifique reli\u00e9 au mouvement pour une interaction parfaite tout en rendant l\u2019ensemble parfaitement \u00e9tanche.<\/p>\n<p>L\u2019utilisation du titane grade 5 et le rev\u00eatement PVD noir de la platine conf\u00e8rent une grande rigidit\u00e9 \u00e0 l\u2019ensemble et une excellente plan\u00e9it\u00e9 aux surfaces, essentielles au fonctionnement parfait du train d\u2019engrenage. La platine squelett\u00e9e et les ponts ont \u00e9t\u00e9 soumis \u00e0 des essais complets de validation, afin d\u2019optimiser leurs capacit\u00e9s de r\u00e9sistance.<\/p>\n<p>Le bo\u00eetier se compose de plus de 200 \u00e9l\u00e9ments distincts. Sa conception et sa r\u00e9alisation suivent une approche globale pour le bo\u00eetier, le cadran et chaque pi\u00e8ce du mouvement. Sa construction quadripartite int\u00e8gre la lunette tournante unidirectionnelle qui assure en plus de sa fonction de r\u00e9glage, la fonction d\u2019\u00e9tanch\u00e9it\u00e9 de la montre. Ce dispositif est compl\u00e9t\u00e9 par l\u2019int\u00e9gration de cornes dans le syst\u00e8me du bo\u00eetier et dot\u00e9es de vis pour fixer de mani\u00e8re s\u00fbre le bracelet.<\/p>\n<p>La lunette fixe et le fond sont en or rouge 5N 18K, satin\u00e9s et polis. La carrure est en titane grade 5 satin\u00e9 vertical. La lunette tournante est elle aussi en titane mais avec une finition microbill\u00e9e et polie. Les cornes sont en or rouge 5N 18K satin\u00e9s vertical et horizontal et biseaux polis. Enfin le prot\u00e8ge couronne, en titane grade 5 satin\u00e9, est combin\u00e9 \u00e0 de l\u2019or rouge 5N 18K microbill\u00e9. Le bo\u00eetier est assembl\u00e9 \u00e0 l\u2019aide de 20 vis spline en titane grade 5 et est \u00e9tanche \u00e0 30 m\u00e8tres, gr\u00e2ce \u00e0 deux joints toriques en Nitril.<\/p>\n","protected":false},"excerpt":{"rendered":"<p>Cette montre RM 58-01 con\u00e7ue par Richard Mille pour Jean Todt, pr\u00e9sident de la FIA, rassemble dans un bo\u00eetier en titane et or rouge un tourbillon, une heure universelle et un indicateur de r\u00e9serve de marche sur 10 jours. La lunette tournante microbill\u00e9e, satin\u00e9e et polie indique, sur son r\u00e9haut brun, les noms de 24 [&hellip;]<\/p>\n","protected":false},"featured_media":988,"comment_status":"open","ping_status":"closed","template":"","meta":[],"product_cat":[35],"product_tag":[],"yoast_head":"<!-- This site is optimized with the Yoast SEO plugin v17.4 - https:\/\/yoast.com\/wordpress\/plugins\/seo\/ -->\n<title>Montre Tourbillon RM 58-01 - Toys4Vip<\/title>\n<meta name=\"description\" content=\"Cette montre RM 58-01 con\u00e7ue par Richard Mille pour Jean Todt, pr\u00e9sident de la FIA, rassemble dans un bo\u00eetier en titane et or rouge un tourbillon, une heure universelle et un indicateur de r\u00e9serve de marche sur 10 jours. La lunette tournante microbill\u00e9e, satin\u00e9e et polie indique, sur son r\u00e9haut brun, les noms de 24 villes du monde, symboles des 24 fuseaux horaires. La RM 58-01 ne poss\u00e8de aucun poussoir de r\u00e9glage pour changer de fuseau horaire.\" \/>\n<meta name=\"robots\" content=\"index, follow, max-snippet:-1, max-image-preview:large, max-video-preview:-1\" \/>\n<link rel=\"canonical\" href=\"https:\/\/www.toys4vip.com\/fr\/luxury-toy\/montre-tourbillon-rm-58-01\/232\/\" \/>\n<meta property=\"og:locale\" content=\"fr_FR\" \/>\n<meta property=\"og:type\" content=\"article\" \/>\n<meta property=\"og:title\" content=\"Montre Tourbillon RM 58-01 - Toys4Vip\" \/>\n<meta property=\"og:description\" content=\"Cette montre RM 58-01 con\u00e7ue par Richard Mille pour Jean Todt, pr\u00e9sident de la FIA, rassemble dans un bo\u00eetier en titane et or rouge un tourbillon, une heure universelle et un indicateur de r\u00e9serve de marche sur 10 jours. La lunette tournante microbill\u00e9e, satin\u00e9e et polie indique, sur son r\u00e9haut brun, les noms de 24 villes du monde, symboles des 24 fuseaux horaires. La RM 58-01 ne poss\u00e8de aucun poussoir de r\u00e9glage pour changer de fuseau horaire.\" \/>\n<meta property=\"og:url\" content=\"https:\/\/www.toys4vip.com\/fr\/luxury-toy\/montre-tourbillon-rm-58-01\/232\/\" \/>\n<meta property=\"og:site_name\" content=\"Toys4Vip\" \/>\n<meta property=\"article:modified_time\" content=\"2021-11-13T11:06:15+00:00\" \/>\n<meta property=\"og:image\" content=\"https:\/\/www.toys4vip.com\/app\/uploads\/2021\/11\/main-185.jpg\" \/>\n\t<meta property=\"og:image:width\" content=\"520\" \/>\n\t<meta property=\"og:image:height\" content=\"347\" \/>\n<meta name=\"twitter:card\" content=\"summary_large_image\" \/>\n<meta name=\"twitter:label1\" content=\"Dur\u00e9e de lecture est.\" \/>\n\t<meta name=\"twitter:data1\" content=\"2 minutes\" \/>\n<script type=\"application\/ld+json\" class=\"yoast-schema-graph\">{\"@context\":\"https:\/\/schema.org\",\"@graph\":[{\"@type\":\"WebSite\",\"@id\":\"https:\/\/www.toys4vip.com\/fr\/#website\",\"url\":\"https:\/\/www.toys4vip.com\/fr\/\",\"name\":\"Toys4Vip\",\"description\":\"Jouets de luxe nouveau concept store\",\"potentialAction\":[{\"@type\":\"SearchAction\",\"target\":{\"@type\":\"EntryPoint\",\"urlTemplate\":\"https:\/\/www.toys4vip.com\/fr\/?s={search_term_string}\"},\"query-input\":\"required name=search_term_string\"}],\"inLanguage\":\"fr-FR\"},{\"@type\":\"ImageObject\",\"@id\":\"https:\/\/www.toys4vip.com\/fr\/luxury-toy\/montre-tourbillon-rm-58-01\/232\/#primaryimage\",\"inLanguage\":\"fr-FR\",\"url\":\"https:\/\/www.toys4vip.com\/app\/uploads\/2021\/11\/main-185.jpg\",\"contentUrl\":\"https:\/\/www.toys4vip.com\/app\/uploads\/2021\/11\/main-185.jpg\",\"width\":520,\"height\":347},{\"@type\":\"WebPage\",\"@id\":\"https:\/\/www.toys4vip.com\/fr\/luxury-toy\/montre-tourbillon-rm-58-01\/232\/#webpage\",\"url\":\"https:\/\/www.toys4vip.com\/fr\/luxury-toy\/montre-tourbillon-rm-58-01\/232\/\",\"name\":\"Montre Tourbillon RM 58-01 - Toys4Vip\",\"isPartOf\":{\"@id\":\"https:\/\/www.toys4vip.com\/fr\/#website\"},\"primaryImageOfPage\":{\"@id\":\"https:\/\/www.toys4vip.com\/fr\/luxury-toy\/montre-tourbillon-rm-58-01\/232\/#primaryimage\"},\"datePublished\":\"2021-11-02T10:29:49+00:00\",\"dateModified\":\"2021-11-13T11:06:15+00:00\",\"description\":\"Cette montre RM 58-01 con\\u00e7ue par Richard Mille pour Jean Todt, pr\\u00e9sident de la FIA, rassemble dans un bo\\u00eetier en titane et or rouge un tourbillon, une heure universelle et un indicateur de r\\u00e9serve de marche sur 10 jours. La lunette tournante microbill\\u00e9e, satin\\u00e9e et polie indique, sur son r\\u00e9haut brun, les noms de 24 villes du monde, symboles des 24 fuseaux horaires. La RM 58-01 ne poss\\u00e8de aucun poussoir de r\\u00e9glage pour changer de fuseau horaire.\",\"breadcrumb\":{\"@id\":\"https:\/\/www.toys4vip.com\/fr\/luxury-toy\/montre-tourbillon-rm-58-01\/232\/#breadcrumb\"},\"inLanguage\":\"fr-FR\",\"potentialAction\":[{\"@type\":\"ReadAction\",\"target\":[\"https:\/\/www.toys4vip.com\/fr\/luxury-toy\/montre-tourbillon-rm-58-01\/232\/\"]}]},{\"@type\":\"BreadcrumbList\",\"@id\":\"https:\/\/www.toys4vip.com\/fr\/luxury-toy\/montre-tourbillon-rm-58-01\/232\/#breadcrumb\",\"itemListElement\":[{\"@type\":\"ListItem\",\"position\":1,\"name\":\"Home\",\"item\":\"https:\/\/www.toys4vip.com\/fr\/\"},{\"@type\":\"ListItem\",\"position\":2,\"name\":\"Objets \/ Cat\\u00e9gories\",\"item\":\"https:\/\/www.toys4vip.com\/fr\/luxury-toys\/\"},{\"@type\":\"ListItem\",\"position\":3,\"name\":\"Montre Tourbillon RM 58-01\"}]}]}<\/script>\n<!-- \/ Yoast SEO plugin. -->","yoast_head_json":{"title":"Montre Tourbillon RM 58-01 - Toys4Vip","description":"Cette montre RM 58-01 con\u00e7ue par Richard Mille pour Jean Todt, pr\u00e9sident de la FIA, rassemble dans un bo\u00eetier en titane et or rouge un tourbillon, une heure universelle et un indicateur de r\u00e9serve de marche sur 10 jours. La lunette tournante microbill\u00e9e, satin\u00e9e et polie indique, sur son r\u00e9haut brun, les noms de 24 villes du monde, symboles des 24 fuseaux horaires. La RM 58-01 ne poss\u00e8de aucun poussoir de r\u00e9glage pour changer de fuseau horaire.","robots":{"index":"index","follow":"follow","max-snippet":"max-snippet:-1","max-image-preview":"max-image-preview:large","max-video-preview":"max-video-preview:-1"},"canonical":"https:\/\/www.toys4vip.com\/fr\/luxury-toy\/montre-tourbillon-rm-58-01\/232\/","og_locale":"fr_FR","og_type":"article","og_title":"Montre Tourbillon RM 58-01 - Toys4Vip","og_description":"Cette montre RM 58-01 con\u00e7ue par Richard Mille pour Jean Todt, pr\u00e9sident de la FIA, rassemble dans un bo\u00eetier en titane et or rouge un tourbillon, une heure universelle et un indicateur de r\u00e9serve de marche sur 10 jours. La lunette tournante microbill\u00e9e, satin\u00e9e et polie indique, sur son r\u00e9haut brun, les noms de 24 villes du monde, symboles des 24 fuseaux horaires. La RM 58-01 ne poss\u00e8de aucun poussoir de r\u00e9glage pour changer de fuseau horaire.","og_url":"https:\/\/www.toys4vip.com\/fr\/luxury-toy\/montre-tourbillon-rm-58-01\/232\/","og_site_name":"Toys4Vip","article_modified_time":"2021-11-13T11:06:15+00:00","og_image":[{"width":520,"height":347,"url":"https:\/\/www.toys4vip.com\/app\/uploads\/2021\/11\/main-185.jpg","type":"image\/jpeg"}],"twitter_card":"summary_large_image","twitter_misc":{"Dur\u00e9e de lecture est.":"2 minutes"},"schema":{"@context":"https:\/\/schema.org","@graph":[{"@type":"WebSite","@id":"https:\/\/www.toys4vip.com\/fr\/#website","url":"https:\/\/www.toys4vip.com\/fr\/","name":"Toys4Vip","description":"Jouets de luxe nouveau concept store","potentialAction":[{"@type":"SearchAction","target":{"@type":"EntryPoint","urlTemplate":"https:\/\/www.toys4vip.com\/fr\/?s={search_term_string}"},"query-input":"required name=search_term_string"}],"inLanguage":"fr-FR"},{"@type":"ImageObject","@id":"https:\/\/www.toys4vip.com\/fr\/luxury-toy\/montre-tourbillon-rm-58-01\/232\/#primaryimage","inLanguage":"fr-FR","url":"https:\/\/www.toys4vip.com\/app\/uploads\/2021\/11\/main-185.jpg","contentUrl":"https:\/\/www.toys4vip.com\/app\/uploads\/2021\/11\/main-185.jpg","width":520,"height":347},{"@type":"WebPage","@id":"https:\/\/www.toys4vip.com\/fr\/luxury-toy\/montre-tourbillon-rm-58-01\/232\/#webpage","url":"https:\/\/www.toys4vip.com\/fr\/luxury-toy\/montre-tourbillon-rm-58-01\/232\/","name":"Montre Tourbillon RM 58-01 - Toys4Vip","isPartOf":{"@id":"https:\/\/www.toys4vip.com\/fr\/#website"},"primaryImageOfPage":{"@id":"https:\/\/www.toys4vip.com\/fr\/luxury-toy\/montre-tourbillon-rm-58-01\/232\/#primaryimage"},"datePublished":"2021-11-02T10:29:49+00:00","dateModified":"2021-11-13T11:06:15+00:00","description":"Cette montre RM 58-01 con\u00e7ue par Richard Mille pour Jean Todt, pr\u00e9sident de la FIA, rassemble dans un bo\u00eetier en titane et or rouge un tourbillon, une heure universelle et un indicateur de r\u00e9serve de marche sur 10 jours. La lunette tournante microbill\u00e9e, satin\u00e9e et polie indique, sur son r\u00e9haut brun, les noms de 24 villes du monde, symboles des 24 fuseaux horaires. La RM 58-01 ne poss\u00e8de aucun poussoir de r\u00e9glage pour changer de fuseau horaire.","breadcrumb":{"@id":"https:\/\/www.toys4vip.com\/fr\/luxury-toy\/montre-tourbillon-rm-58-01\/232\/#breadcrumb"},"inLanguage":"fr-FR","potentialAction":[{"@type":"ReadAction","target":["https:\/\/www.toys4vip.com\/fr\/luxury-toy\/montre-tourbillon-rm-58-01\/232\/"]}]},{"@type":"BreadcrumbList","@id":"https:\/\/www.toys4vip.com\/fr\/luxury-toy\/montre-tourbillon-rm-58-01\/232\/#breadcrumb","itemListElement":[{"@type":"ListItem","position":1,"name":"Home","item":"https:\/\/www.toys4vip.com\/fr\/"},{"@type":"ListItem","position":2,"name":"Objets \/ Cat\u00e9gories","item":"https:\/\/www.toys4vip.com\/fr\/luxury-toys\/"},{"@type":"ListItem","position":3,"name":"Montre Tourbillon RM 58-01"}]}]}},"_links":{"self":[{"href":"https:\/\/www.toys4vip.com\/fr\/wp-json\/wp\/v2\/product\/990"}],"collection":[{"href":"https:\/\/www.toys4vip.com\/fr\/wp-json\/wp\/v2\/product"}],"about":[{"href":"https:\/\/www.toys4vip.com\/fr\/wp-json\/wp\/v2\/types\/product"}],"replies":[{"embeddable":true,"href":"https:\/\/www.toys4vip.com\/fr\/wp-json\/wp\/v2\/comments?post=990"}],"wp:featuredmedia":[{"embeddable":true,"href":"https:\/\/www.toys4vip.com\/fr\/wp-json\/wp\/v2\/media\/988"}],"wp:attachment":[{"href":"https:\/\/www.toys4vip.com\/fr\/wp-json\/wp\/v2\/media?parent=990"}],"wp:term":[{"taxonomy":"product_cat","embeddable":true,"href":"https:\/\/www.toys4vip.com\/fr\/wp-json\/wp\/v2\/product_cat?post=990"},{"taxonomy":"product_tag","embeddable":true,"href":"https:\/\/www.toys4vip.com\/fr\/wp-json\/wp\/v2\/product_tag?post=990"}],"curies":[{"name":"wp","href":"https:\/\/api.w.org\/{rel}","templated":true}]}}