{"id":987,"date":"2021-11-02T10:29:49","date_gmt":"2021-11-02T10:29:49","guid":{"rendered":"https:\/\/toys4vip.com\/produit\/box-wijet-avec-sa-carte-de-5-heures-de-vol-en-jet-prive\/"},"modified":"2021-11-13T11:06:08","modified_gmt":"2021-11-13T11:06:08","slug":"box-wijet-avec-sa-carte-de-5-heures-de-vol-en-jet-prive","status":"publish","type":"product","link":"https:\/\/www.toys4vip.com\/fr\/luxury-toy\/box-wijet-avec-sa-carte-de-5-heures-de-vol-en-jet-prive\/231\/","title":{"rendered":"Box Wijet avec sa carte de 5 heures de vol en jet prive\u0301"},"content":{"rendered":"<p>Wijet propose son coffret cadeau pour les fe\u0302tes de fin d\u2019anne\u0301e : a\u0300 l\u2019inte\u0301rieur d\u2019une mini box high tech, petit clin d\u2019\u0153il a\u0300 l\u2019aviation, une carte de 5 heures de vol a\u0300 utiliser sans limite de temps sur la de\u0301sormais ce\u0301le\u0300bre compagnie de taxi-jet Wijet.<\/p>\n<p>Prix exceptionnel : 9 500 euros, soit juste 1 900 euros par heure, 475 euros par personne (les vols effectue\u0301s sont effectue\u0301s sur des bi-re\u0301acteurs 4 places)<\/p>\n<p>Une e\u0301dition tre\u0300s limite\u0301e puisque 10 coffrets seulement seront disponibles.<br \/>\nDe\u0301couvrez le luxe de partir a\u0300 l\u2019heure que vous souhaitez, en toute se\u0301curite\u0301 avec deux pilotes qualifie\u0301s, avec un enregistrement sans attente et un vol privatif. A bord, champagne Veuve Clicquot, douceurs Pierre Herme\u0301, te\u0301le\u0301phone satellite&#8230;pour un confort et une liberte\u0301 absolue.<br \/>\n\ufffc\ufffc\ufffc<br \/>\nDesservant 1 200 destinations sur toute l\u2019Europe, la carte 5 heures de Wijet se re\u0301ve\u0300le e\u0302tre un cadeau ide\u0301al pour un saut a\u0300 Venise, Se\u0301ville, Salzbourg, Copenhague ou Lisbonne. Alors, pourquoi ne pas se laisser tenter par une vire\u0301e dans une des capitales europe\u0301ennes pour les fe\u0302tes de fin d\u2019anne\u0301e ?<br \/>\nPremie\u0300re compagnie franc\u0327aise de taxi-jet, Wijet a re\u0301volutionne\u0301 le jet prive\u0301 en proposant de prendre un jet avec la me\u0302me simplicite\u0301 qu\u2019un taxi.<\/p>\n","protected":false},"excerpt":{"rendered":"<p>Wijet propose son coffret cadeau pour les fe\u0302tes de fin d\u2019anne\u0301e : a\u0300 l\u2019inte\u0301rieur d\u2019une mini box high tech, petit clin d\u2019\u0153il a\u0300 l\u2019aviation, une carte de 5 heures de vol a\u0300 utiliser sans limite de temps sur la de\u0301sormais ce\u0301le\u0300bre compagnie de taxi-jet Wijet. Prix exceptionnel : 9 500 euros, soit juste 1 900 [&hellip;]<\/p>\n","protected":false},"featured_media":985,"comment_status":"open","ping_status":"closed","template":"","meta":[],"product_cat":[31],"product_tag":[],"yoast_head":"<!-- This site is optimized with the Yoast SEO plugin v17.4 - https:\/\/yoast.com\/wordpress\/plugins\/seo\/ -->\n<title>Box Wijet avec sa carte de 5 heures de vol en jet prive\u0301 - Toys4Vip<\/title>\n<meta name=\"description\" content=\"Wijet propose son coffret cadeau pour les f\u00eates de fin d\u2019ann\u00e9e : \u00e0 l\u2019int\u00e9rieur d\u2019une mini box high tech, petit clin d\u2019\u0153il \u00e0 l\u2019aviation, une carte de 5 heures de vol \u00e0 utiliser sans limite de temps sur la d\u00e9sormais c\u00e9l\u00e8bre compagnie de taxi-jet Wijet.Prix exceptionnel : 9 500 euros, soit juste 1 900 euros par heure, 475 euros par personne (les vols effectu\u00e9s sont effectu\u00e9s sur des bi-r\u00e9acteurs 4 places)\" \/>\n<meta name=\"robots\" content=\"index, follow, max-snippet:-1, max-image-preview:large, max-video-preview:-1\" \/>\n<link rel=\"canonical\" href=\"https:\/\/www.toys4vip.com\/fr\/luxury-toy\/box-wijet-avec-sa-carte-de-5-heures-de-vol-en-jet-prive\/231\/\" \/>\n<meta property=\"og:locale\" content=\"fr_FR\" \/>\n<meta property=\"og:type\" content=\"article\" \/>\n<meta property=\"og:title\" content=\"Box Wijet avec sa carte de 5 heures de vol en jet prive\u0301 - Toys4Vip\" \/>\n<meta property=\"og:description\" content=\"Wijet propose son coffret cadeau pour les f\u00eates de fin d\u2019ann\u00e9e : \u00e0 l\u2019int\u00e9rieur d\u2019une mini box high tech, petit clin d\u2019\u0153il \u00e0 l\u2019aviation, une carte de 5 heures de vol \u00e0 utiliser sans limite de temps sur la d\u00e9sormais c\u00e9l\u00e8bre compagnie de taxi-jet Wijet.Prix exceptionnel : 9 500 euros, soit juste 1 900 euros par heure, 475 euros par personne (les vols effectu\u00e9s sont effectu\u00e9s sur des bi-r\u00e9acteurs 4 places)\" \/>\n<meta property=\"og:url\" content=\"https:\/\/www.toys4vip.com\/fr\/luxury-toy\/box-wijet-avec-sa-carte-de-5-heures-de-vol-en-jet-prive\/231\/\" \/>\n<meta property=\"og:site_name\" content=\"Toys4Vip\" \/>\n<meta property=\"article:modified_time\" content=\"2021-11-13T11:06:08+00:00\" \/>\n<meta property=\"og:image\" content=\"https:\/\/www.toys4vip.com\/app\/uploads\/2021\/11\/main-184-scaled.jpg\" \/>\n\t<meta property=\"og:image:width\" content=\"2538\" \/>\n\t<meta property=\"og:image:height\" content=\"2560\" \/>\n<meta name=\"twitter:card\" content=\"summary_large_image\" \/>\n<meta name=\"twitter:label1\" content=\"Dur\u00e9e de lecture est.\" \/>\n\t<meta name=\"twitter:data1\" content=\"1 minute\" \/>\n<script type=\"application\/ld+json\" class=\"yoast-schema-graph\">{\"@context\":\"https:\/\/schema.org\",\"@graph\":[{\"@type\":\"WebSite\",\"@id\":\"https:\/\/www.toys4vip.com\/fr\/#website\",\"url\":\"https:\/\/www.toys4vip.com\/fr\/\",\"name\":\"Toys4Vip\",\"description\":\"Jouets de luxe nouveau concept store\",\"potentialAction\":[{\"@type\":\"SearchAction\",\"target\":{\"@type\":\"EntryPoint\",\"urlTemplate\":\"https:\/\/www.toys4vip.com\/fr\/?s={search_term_string}\"},\"query-input\":\"required name=search_term_string\"}],\"inLanguage\":\"fr-FR\"},{\"@type\":\"ImageObject\",\"@id\":\"https:\/\/www.toys4vip.com\/fr\/luxury-toy\/box-wijet-avec-sa-carte-de-5-heures-de-vol-en-jet-prive\/231\/#primaryimage\",\"inLanguage\":\"fr-FR\",\"url\":\"https:\/\/www.toys4vip.com\/app\/uploads\/2021\/11\/main-184-scaled.jpg\",\"contentUrl\":\"https:\/\/www.toys4vip.com\/app\/uploads\/2021\/11\/main-184-scaled.jpg\",\"width\":2538,\"height\":2560},{\"@type\":\"WebPage\",\"@id\":\"https:\/\/www.toys4vip.com\/fr\/luxury-toy\/box-wijet-avec-sa-carte-de-5-heures-de-vol-en-jet-prive\/231\/#webpage\",\"url\":\"https:\/\/www.toys4vip.com\/fr\/luxury-toy\/box-wijet-avec-sa-carte-de-5-heures-de-vol-en-jet-prive\/231\/\",\"name\":\"Box Wijet avec sa carte de 5 heures de vol en jet prive\\u0301 - Toys4Vip\",\"isPartOf\":{\"@id\":\"https:\/\/www.toys4vip.com\/fr\/#website\"},\"primaryImageOfPage\":{\"@id\":\"https:\/\/www.toys4vip.com\/fr\/luxury-toy\/box-wijet-avec-sa-carte-de-5-heures-de-vol-en-jet-prive\/231\/#primaryimage\"},\"datePublished\":\"2021-11-02T10:29:49+00:00\",\"dateModified\":\"2021-11-13T11:06:08+00:00\",\"description\":\"Wijet propose son coffret cadeau pour les f\\u00eates de fin d\\u2019ann\\u00e9e : \\u00e0 l\\u2019int\\u00e9rieur d\\u2019une mini box high tech, petit clin d\\u2019\\u0153il \\u00e0 l\\u2019aviation, une carte de 5 heures de vol \\u00e0 utiliser sans limite de temps sur la d\\u00e9sormais c\\u00e9l\\u00e8bre compagnie de taxi-jet Wijet.Prix exceptionnel : 9 500 euros, soit juste 1 900 euros par heure, 475 euros par personne (les vols effectu\\u00e9s sont effectu\\u00e9s sur des bi-r\\u00e9acteurs 4 places)\",\"breadcrumb\":{\"@id\":\"https:\/\/www.toys4vip.com\/fr\/luxury-toy\/box-wijet-avec-sa-carte-de-5-heures-de-vol-en-jet-prive\/231\/#breadcrumb\"},\"inLanguage\":\"fr-FR\",\"potentialAction\":[{\"@type\":\"ReadAction\",\"target\":[\"https:\/\/www.toys4vip.com\/fr\/luxury-toy\/box-wijet-avec-sa-carte-de-5-heures-de-vol-en-jet-prive\/231\/\"]}]},{\"@type\":\"BreadcrumbList\",\"@id\":\"https:\/\/www.toys4vip.com\/fr\/luxury-toy\/box-wijet-avec-sa-carte-de-5-heures-de-vol-en-jet-prive\/231\/#breadcrumb\",\"itemListElement\":[{\"@type\":\"ListItem\",\"position\":1,\"name\":\"Home\",\"item\":\"https:\/\/www.toys4vip.com\/fr\/\"},{\"@type\":\"ListItem\",\"position\":2,\"name\":\"Objets \/ Cat\\u00e9gories\",\"item\":\"https:\/\/www.toys4vip.com\/fr\/luxury-toys\/\"},{\"@type\":\"ListItem\",\"position\":3,\"name\":\"Box Wijet avec sa carte de 5 heures de vol en jet prive\\u0301\"}]}]}<\/script>\n<!-- \/ Yoast SEO plugin. -->","yoast_head_json":{"title":"Box Wijet avec sa carte de 5 heures de vol en jet prive\u0301 - Toys4Vip","description":"Wijet propose son coffret cadeau pour les f\u00eates de fin d\u2019ann\u00e9e : \u00e0 l\u2019int\u00e9rieur d\u2019une mini box high tech, petit clin d\u2019\u0153il \u00e0 l\u2019aviation, une carte de 5 heures de vol \u00e0 utiliser sans limite de temps sur la d\u00e9sormais c\u00e9l\u00e8bre compagnie de taxi-jet Wijet.Prix exceptionnel : 9 500 euros, soit juste 1 900 euros par heure, 475 euros par personne (les vols effectu\u00e9s sont effectu\u00e9s sur des bi-r\u00e9acteurs 4 places)","robots":{"index":"index","follow":"follow","max-snippet":"max-snippet:-1","max-image-preview":"max-image-preview:large","max-video-preview":"max-video-preview:-1"},"canonical":"https:\/\/www.toys4vip.com\/fr\/luxury-toy\/box-wijet-avec-sa-carte-de-5-heures-de-vol-en-jet-prive\/231\/","og_locale":"fr_FR","og_type":"article","og_title":"Box Wijet avec sa carte de 5 heures de vol en jet prive\u0301 - Toys4Vip","og_description":"Wijet propose son coffret cadeau pour les f\u00eates de fin d\u2019ann\u00e9e : \u00e0 l\u2019int\u00e9rieur d\u2019une mini box high tech, petit clin d\u2019\u0153il \u00e0 l\u2019aviation, une carte de 5 heures de vol \u00e0 utiliser sans limite de temps sur la d\u00e9sormais c\u00e9l\u00e8bre compagnie de taxi-jet Wijet.Prix exceptionnel : 9 500 euros, soit juste 1 900 euros par heure, 475 euros par personne (les vols effectu\u00e9s sont effectu\u00e9s sur des bi-r\u00e9acteurs 4 places)","og_url":"https:\/\/www.toys4vip.com\/fr\/luxury-toy\/box-wijet-avec-sa-carte-de-5-heures-de-vol-en-jet-prive\/231\/","og_site_name":"Toys4Vip","article_modified_time":"2021-11-13T11:06:08+00:00","og_image":[{"width":2538,"height":2560,"url":"https:\/\/www.toys4vip.com\/app\/uploads\/2021\/11\/main-184-scaled.jpg","type":"image\/jpeg"}],"twitter_card":"summary_large_image","twitter_misc":{"Dur\u00e9e de lecture est.":"1 minute"},"schema":{"@context":"https:\/\/schema.org","@graph":[{"@type":"WebSite","@id":"https:\/\/www.toys4vip.com\/fr\/#website","url":"https:\/\/www.toys4vip.com\/fr\/","name":"Toys4Vip","description":"Jouets de luxe nouveau concept store","potentialAction":[{"@type":"SearchAction","target":{"@type":"EntryPoint","urlTemplate":"https:\/\/www.toys4vip.com\/fr\/?s={search_term_string}"},"query-input":"required name=search_term_string"}],"inLanguage":"fr-FR"},{"@type":"ImageObject","@id":"https:\/\/www.toys4vip.com\/fr\/luxury-toy\/box-wijet-avec-sa-carte-de-5-heures-de-vol-en-jet-prive\/231\/#primaryimage","inLanguage":"fr-FR","url":"https:\/\/www.toys4vip.com\/app\/uploads\/2021\/11\/main-184-scaled.jpg","contentUrl":"https:\/\/www.toys4vip.com\/app\/uploads\/2021\/11\/main-184-scaled.jpg","width":2538,"height":2560},{"@type":"WebPage","@id":"https:\/\/www.toys4vip.com\/fr\/luxury-toy\/box-wijet-avec-sa-carte-de-5-heures-de-vol-en-jet-prive\/231\/#webpage","url":"https:\/\/www.toys4vip.com\/fr\/luxury-toy\/box-wijet-avec-sa-carte-de-5-heures-de-vol-en-jet-prive\/231\/","name":"Box Wijet avec sa carte de 5 heures de vol en jet prive\u0301 - Toys4Vip","isPartOf":{"@id":"https:\/\/www.toys4vip.com\/fr\/#website"},"primaryImageOfPage":{"@id":"https:\/\/www.toys4vip.com\/fr\/luxury-toy\/box-wijet-avec-sa-carte-de-5-heures-de-vol-en-jet-prive\/231\/#primaryimage"},"datePublished":"2021-11-02T10:29:49+00:00","dateModified":"2021-11-13T11:06:08+00:00","description":"Wijet propose son coffret cadeau pour les f\u00eates de fin d\u2019ann\u00e9e : \u00e0 l\u2019int\u00e9rieur d\u2019une mini box high tech, petit clin d\u2019\u0153il \u00e0 l\u2019aviation, une carte de 5 heures de vol \u00e0 utiliser sans limite de temps sur la d\u00e9sormais c\u00e9l\u00e8bre compagnie de taxi-jet Wijet.Prix exceptionnel : 9 500 euros, soit juste 1 900 euros par heure, 475 euros par personne (les vols effectu\u00e9s sont effectu\u00e9s sur des bi-r\u00e9acteurs 4 places)","breadcrumb":{"@id":"https:\/\/www.toys4vip.com\/fr\/luxury-toy\/box-wijet-avec-sa-carte-de-5-heures-de-vol-en-jet-prive\/231\/#breadcrumb"},"inLanguage":"fr-FR","potentialAction":[{"@type":"ReadAction","target":["https:\/\/www.toys4vip.com\/fr\/luxury-toy\/box-wijet-avec-sa-carte-de-5-heures-de-vol-en-jet-prive\/231\/"]}]},{"@type":"BreadcrumbList","@id":"https:\/\/www.toys4vip.com\/fr\/luxury-toy\/box-wijet-avec-sa-carte-de-5-heures-de-vol-en-jet-prive\/231\/#breadcrumb","itemListElement":[{"@type":"ListItem","position":1,"name":"Home","item":"https:\/\/www.toys4vip.com\/fr\/"},{"@type":"ListItem","position":2,"name":"Objets \/ Cat\u00e9gories","item":"https:\/\/www.toys4vip.com\/fr\/luxury-toys\/"},{"@type":"ListItem","position":3,"name":"Box Wijet avec sa carte de 5 heures de vol en jet prive\u0301"}]}]}},"_links":{"self":[{"href":"https:\/\/www.toys4vip.com\/fr\/wp-json\/wp\/v2\/product\/987"}],"collection":[{"href":"https:\/\/www.toys4vip.com\/fr\/wp-json\/wp\/v2\/product"}],"about":[{"href":"https:\/\/www.toys4vip.com\/fr\/wp-json\/wp\/v2\/types\/product"}],"replies":[{"embeddable":true,"href":"https:\/\/www.toys4vip.com\/fr\/wp-json\/wp\/v2\/comments?post=987"}],"wp:featuredmedia":[{"embeddable":true,"href":"https:\/\/www.toys4vip.com\/fr\/wp-json\/wp\/v2\/media\/985"}],"wp:attachment":[{"href":"https:\/\/www.toys4vip.com\/fr\/wp-json\/wp\/v2\/media?parent=987"}],"wp:term":[{"taxonomy":"product_cat","embeddable":true,"href":"https:\/\/www.toys4vip.com\/fr\/wp-json\/wp\/v2\/product_cat?post=987"},{"taxonomy":"product_tag","embeddable":true,"href":"https:\/\/www.toys4vip.com\/fr\/wp-json\/wp\/v2\/product_tag?post=987"}],"curies":[{"name":"wp","href":"https:\/\/api.w.org\/{rel}","templated":true}]}}