{"id":978,"date":"2021-11-02T10:29:46","date_gmt":"2021-11-02T10:29:46","guid":{"rendered":"https:\/\/toys4vip.com\/produit\/voxan-wattman\/"},"modified":"2021-11-17T16:39:48","modified_gmt":"2021-11-17T16:39:48","slug":"voxan-wattman","status":"publish","type":"product","link":"https:\/\/www.toys4vip.com\/fr\/luxury-toy\/voxan-wattman\/225\/","title":{"rendered":"VOXAN WATTMAN"},"content":{"rendered":"<p>Equip\u00e9e du tout premier moteur \u00e9lectrique Voxan \u00e0 aimants permanents et refroidissement liquide, WATTMAN d\u00e9livre la puissance ph\u00e9nom\u00e9nale de 200 CV avec un couple instantan\u00e9 de 200 Nm jusqu\u2019\u00e0 10.500 t\/mn. Elle se positionne comme la moto \u00e9lectrique la plus puissante jamais construite, \u00e0 un niveau de performance bien sup\u00e9rieur en de nombreux points aux meilleures motos thermiques.<\/p>\n<p>L&rsquo;autonomie est annonc\u00e9e \u00e0 180 kilom\u00e8tres gr\u00e2ce \u00e0 la batterie de 12,8 kWh, alors que la recharge rapide \u00e0 80% serait possible en moins de 30 minutes. La recharge sur prise domestique est \u00e9galement au programme, Voxan ne pr\u00e9cisant pas la dur\u00e9e de celle-ci.<\/p>\n<p>0 \u00e0 160 km\/h en 5,9 s<br \/>\nLa puissance est transmise au sol par un pneumatique de 240 mm de large, pour atteindre le 0 \u00e0 100 km\/h en 3,4s et le 0 \u00e0 160 km\/h en 5,9s.<\/p>\n<p>Synonyme de sensations nouvelles, WATTMAN offre le plaisir du pilotage \u00e0 l\u2019\u00e9tat pur, \u00e0 la fois capable d\u2019acc\u00e9l\u00e9rations fulgurantes et de souplesse gr\u00e2ce sa motorisation \u00e9lectrique \u00e0 transmission par courroie.<\/p>\n<p>Exemplaire sur commande<\/p>\n<p>Chaque exemplaire de la Voxan Wattman sera r\u00e9alis\u00e9 sur commande et assembl\u00e9 \u00e0 Solesmes, dans la Sarthe. Les premi\u00e8res livraisons sont attendues dans 18 mois. Le tarif n&rsquo;a pas encore \u00e9t\u00e9 communiqu\u00e9.<\/p>\n<p>WATTMAN est con\u00e7ue \u00e0 Monaco et fabriqu\u00e9e en France.<\/p>\n","protected":false},"excerpt":{"rendered":"<p>Equip\u00e9e du tout premier moteur \u00e9lectrique Voxan \u00e0 aimants permanents et refroidissement liquide, WATTMAN d\u00e9livre la puissance ph\u00e9nom\u00e9nale de 200 CV avec un couple instantan\u00e9 de 200 Nm jusqu\u2019\u00e0 10.500 t\/mn. Elle se positionne comme la moto \u00e9lectrique la plus puissante jamais construite, \u00e0 un niveau de performance bien sup\u00e9rieur en de nombreux points aux [&hellip;]<\/p>\n","protected":false},"featured_media":976,"comment_status":"open","ping_status":"closed","template":"","meta":[],"product_cat":[26,87],"product_tag":[],"yoast_head":"<!-- This site is optimized with the Yoast SEO plugin v17.4 - https:\/\/yoast.com\/wordpress\/plugins\/seo\/ -->\n<title>VOXAN WATTMAN - Toys4Vip<\/title>\n<meta name=\"description\" content=\"Equip\u00e9e du tout premier moteur \u00e9lectrique Voxan \u00e0 aimants permanents et refroidissement liquide, WATTMAN d\u00e9livre la puissance ph\u00e9nom\u00e9nale de 200 CV avec un couple instantan\u00e9 de 200 Nm jusqu\u2019\u00e0 10.500 t\/mn. Elle se positionne comme la moto \u00e9lectrique la plus puissante jamais construite, \u00e0 un niveau de performance bien sup\u00e9rieur en de nombreux points aux meilleures motos thermiques.\" \/>\n<meta name=\"robots\" content=\"index, follow, max-snippet:-1, max-image-preview:large, max-video-preview:-1\" \/>\n<link rel=\"canonical\" href=\"https:\/\/www.toys4vip.com\/fr\/luxury-toy\/voxan-wattman\/225\/\" \/>\n<meta property=\"og:locale\" content=\"fr_FR\" \/>\n<meta property=\"og:type\" content=\"article\" \/>\n<meta property=\"og:title\" content=\"VOXAN WATTMAN - Toys4Vip\" \/>\n<meta property=\"og:description\" content=\"Equip\u00e9e du tout premier moteur \u00e9lectrique Voxan \u00e0 aimants permanents et refroidissement liquide, WATTMAN d\u00e9livre la puissance ph\u00e9nom\u00e9nale de 200 CV avec un couple instantan\u00e9 de 200 Nm jusqu\u2019\u00e0 10.500 t\/mn. Elle se positionne comme la moto \u00e9lectrique la plus puissante jamais construite, \u00e0 un niveau de performance bien sup\u00e9rieur en de nombreux points aux meilleures motos thermiques.\" \/>\n<meta property=\"og:url\" content=\"https:\/\/www.toys4vip.com\/fr\/luxury-toy\/voxan-wattman\/225\/\" \/>\n<meta property=\"og:site_name\" content=\"Toys4Vip\" \/>\n<meta property=\"article:modified_time\" content=\"2021-11-17T16:39:48+00:00\" \/>\n<meta property=\"og:image\" content=\"https:\/\/www.toys4vip.com\/app\/uploads\/2021\/11\/main-181.jpg\" \/>\n\t<meta property=\"og:image:width\" content=\"1440\" \/>\n\t<meta property=\"og:image:height\" content=\"960\" \/>\n<meta name=\"twitter:card\" content=\"summary_large_image\" \/>\n<meta name=\"twitter:label1\" content=\"Dur\u00e9e de lecture est.\" \/>\n\t<meta name=\"twitter:data1\" content=\"1 minute\" \/>\n<script type=\"application\/ld+json\" class=\"yoast-schema-graph\">{\"@context\":\"https:\/\/schema.org\",\"@graph\":[{\"@type\":\"WebSite\",\"@id\":\"https:\/\/www.toys4vip.com\/fr\/#website\",\"url\":\"https:\/\/www.toys4vip.com\/fr\/\",\"name\":\"Toys4Vip\",\"description\":\"Jouets de luxe nouveau concept store\",\"potentialAction\":[{\"@type\":\"SearchAction\",\"target\":{\"@type\":\"EntryPoint\",\"urlTemplate\":\"https:\/\/www.toys4vip.com\/fr\/?s={search_term_string}\"},\"query-input\":\"required name=search_term_string\"}],\"inLanguage\":\"fr-FR\"},{\"@type\":\"ImageObject\",\"@id\":\"https:\/\/www.toys4vip.com\/fr\/luxury-toy\/voxan-wattman\/225\/#primaryimage\",\"inLanguage\":\"fr-FR\",\"url\":\"https:\/\/www.toys4vip.com\/app\/uploads\/2021\/11\/main-181.jpg\",\"contentUrl\":\"https:\/\/www.toys4vip.com\/app\/uploads\/2021\/11\/main-181.jpg\",\"width\":1440,\"height\":960},{\"@type\":\"WebPage\",\"@id\":\"https:\/\/www.toys4vip.com\/fr\/luxury-toy\/voxan-wattman\/225\/#webpage\",\"url\":\"https:\/\/www.toys4vip.com\/fr\/luxury-toy\/voxan-wattman\/225\/\",\"name\":\"VOXAN WATTMAN - Toys4Vip\",\"isPartOf\":{\"@id\":\"https:\/\/www.toys4vip.com\/fr\/#website\"},\"primaryImageOfPage\":{\"@id\":\"https:\/\/www.toys4vip.com\/fr\/luxury-toy\/voxan-wattman\/225\/#primaryimage\"},\"datePublished\":\"2021-11-02T10:29:46+00:00\",\"dateModified\":\"2021-11-17T16:39:48+00:00\",\"description\":\"Equip\\u00e9e du tout premier moteur \\u00e9lectrique Voxan \\u00e0 aimants permanents et refroidissement liquide, WATTMAN d\\u00e9livre la puissance ph\\u00e9nom\\u00e9nale de 200 CV avec un couple instantan\\u00e9 de 200 Nm jusqu\\u2019\\u00e0 10.500 t\/mn. Elle se positionne comme la moto \\u00e9lectrique la plus puissante jamais construite, \\u00e0 un niveau de performance bien sup\\u00e9rieur en de nombreux points aux meilleures motos thermiques.\",\"breadcrumb\":{\"@id\":\"https:\/\/www.toys4vip.com\/fr\/luxury-toy\/voxan-wattman\/225\/#breadcrumb\"},\"inLanguage\":\"fr-FR\",\"potentialAction\":[{\"@type\":\"ReadAction\",\"target\":[\"https:\/\/www.toys4vip.com\/fr\/luxury-toy\/voxan-wattman\/225\/\"]}]},{\"@type\":\"BreadcrumbList\",\"@id\":\"https:\/\/www.toys4vip.com\/fr\/luxury-toy\/voxan-wattman\/225\/#breadcrumb\",\"itemListElement\":[{\"@type\":\"ListItem\",\"position\":1,\"name\":\"Home\",\"item\":\"https:\/\/www.toys4vip.com\/fr\/\"},{\"@type\":\"ListItem\",\"position\":2,\"name\":\"Objets \/ Cat\\u00e9gories\",\"item\":\"https:\/\/www.toys4vip.com\/fr\/luxury-toys\/\"},{\"@type\":\"ListItem\",\"position\":3,\"name\":\"VOXAN WATTMAN\"}]}]}<\/script>\n<!-- \/ Yoast SEO plugin. -->","yoast_head_json":{"title":"VOXAN WATTMAN - Toys4Vip","description":"Equip\u00e9e du tout premier moteur \u00e9lectrique Voxan \u00e0 aimants permanents et refroidissement liquide, WATTMAN d\u00e9livre la puissance ph\u00e9nom\u00e9nale de 200 CV avec un couple instantan\u00e9 de 200 Nm jusqu\u2019\u00e0 10.500 t\/mn. Elle se positionne comme la moto \u00e9lectrique la plus puissante jamais construite, \u00e0 un niveau de performance bien sup\u00e9rieur en de nombreux points aux meilleures motos thermiques.","robots":{"index":"index","follow":"follow","max-snippet":"max-snippet:-1","max-image-preview":"max-image-preview:large","max-video-preview":"max-video-preview:-1"},"canonical":"https:\/\/www.toys4vip.com\/fr\/luxury-toy\/voxan-wattman\/225\/","og_locale":"fr_FR","og_type":"article","og_title":"VOXAN WATTMAN - Toys4Vip","og_description":"Equip\u00e9e du tout premier moteur \u00e9lectrique Voxan \u00e0 aimants permanents et refroidissement liquide, WATTMAN d\u00e9livre la puissance ph\u00e9nom\u00e9nale de 200 CV avec un couple instantan\u00e9 de 200 Nm jusqu\u2019\u00e0 10.500 t\/mn. Elle se positionne comme la moto \u00e9lectrique la plus puissante jamais construite, \u00e0 un niveau de performance bien sup\u00e9rieur en de nombreux points aux meilleures motos thermiques.","og_url":"https:\/\/www.toys4vip.com\/fr\/luxury-toy\/voxan-wattman\/225\/","og_site_name":"Toys4Vip","article_modified_time":"2021-11-17T16:39:48+00:00","og_image":[{"width":1440,"height":960,"url":"https:\/\/www.toys4vip.com\/app\/uploads\/2021\/11\/main-181.jpg","type":"image\/jpeg"}],"twitter_card":"summary_large_image","twitter_misc":{"Dur\u00e9e de lecture est.":"1 minute"},"schema":{"@context":"https:\/\/schema.org","@graph":[{"@type":"WebSite","@id":"https:\/\/www.toys4vip.com\/fr\/#website","url":"https:\/\/www.toys4vip.com\/fr\/","name":"Toys4Vip","description":"Jouets de luxe nouveau concept store","potentialAction":[{"@type":"SearchAction","target":{"@type":"EntryPoint","urlTemplate":"https:\/\/www.toys4vip.com\/fr\/?s={search_term_string}"},"query-input":"required name=search_term_string"}],"inLanguage":"fr-FR"},{"@type":"ImageObject","@id":"https:\/\/www.toys4vip.com\/fr\/luxury-toy\/voxan-wattman\/225\/#primaryimage","inLanguage":"fr-FR","url":"https:\/\/www.toys4vip.com\/app\/uploads\/2021\/11\/main-181.jpg","contentUrl":"https:\/\/www.toys4vip.com\/app\/uploads\/2021\/11\/main-181.jpg","width":1440,"height":960},{"@type":"WebPage","@id":"https:\/\/www.toys4vip.com\/fr\/luxury-toy\/voxan-wattman\/225\/#webpage","url":"https:\/\/www.toys4vip.com\/fr\/luxury-toy\/voxan-wattman\/225\/","name":"VOXAN WATTMAN - Toys4Vip","isPartOf":{"@id":"https:\/\/www.toys4vip.com\/fr\/#website"},"primaryImageOfPage":{"@id":"https:\/\/www.toys4vip.com\/fr\/luxury-toy\/voxan-wattman\/225\/#primaryimage"},"datePublished":"2021-11-02T10:29:46+00:00","dateModified":"2021-11-17T16:39:48+00:00","description":"Equip\u00e9e du tout premier moteur \u00e9lectrique Voxan \u00e0 aimants permanents et refroidissement liquide, WATTMAN d\u00e9livre la puissance ph\u00e9nom\u00e9nale de 200 CV avec un couple instantan\u00e9 de 200 Nm jusqu\u2019\u00e0 10.500 t\/mn. Elle se positionne comme la moto \u00e9lectrique la plus puissante jamais construite, \u00e0 un niveau de performance bien sup\u00e9rieur en de nombreux points aux meilleures motos thermiques.","breadcrumb":{"@id":"https:\/\/www.toys4vip.com\/fr\/luxury-toy\/voxan-wattman\/225\/#breadcrumb"},"inLanguage":"fr-FR","potentialAction":[{"@type":"ReadAction","target":["https:\/\/www.toys4vip.com\/fr\/luxury-toy\/voxan-wattman\/225\/"]}]},{"@type":"BreadcrumbList","@id":"https:\/\/www.toys4vip.com\/fr\/luxury-toy\/voxan-wattman\/225\/#breadcrumb","itemListElement":[{"@type":"ListItem","position":1,"name":"Home","item":"https:\/\/www.toys4vip.com\/fr\/"},{"@type":"ListItem","position":2,"name":"Objets \/ Cat\u00e9gories","item":"https:\/\/www.toys4vip.com\/fr\/luxury-toys\/"},{"@type":"ListItem","position":3,"name":"VOXAN WATTMAN"}]}]}},"_links":{"self":[{"href":"https:\/\/www.toys4vip.com\/fr\/wp-json\/wp\/v2\/product\/978"}],"collection":[{"href":"https:\/\/www.toys4vip.com\/fr\/wp-json\/wp\/v2\/product"}],"about":[{"href":"https:\/\/www.toys4vip.com\/fr\/wp-json\/wp\/v2\/types\/product"}],"replies":[{"embeddable":true,"href":"https:\/\/www.toys4vip.com\/fr\/wp-json\/wp\/v2\/comments?post=978"}],"wp:featuredmedia":[{"embeddable":true,"href":"https:\/\/www.toys4vip.com\/fr\/wp-json\/wp\/v2\/media\/976"}],"wp:attachment":[{"href":"https:\/\/www.toys4vip.com\/fr\/wp-json\/wp\/v2\/media?parent=978"}],"wp:term":[{"taxonomy":"product_cat","embeddable":true,"href":"https:\/\/www.toys4vip.com\/fr\/wp-json\/wp\/v2\/product_cat?post=978"},{"taxonomy":"product_tag","embeddable":true,"href":"https:\/\/www.toys4vip.com\/fr\/wp-json\/wp\/v2\/product_tag?post=978"}],"curies":[{"name":"wp","href":"https:\/\/api.w.org\/{rel}","templated":true}]}}