{"id":975,"date":"2021-11-02T10:29:45","date_gmt":"2021-11-02T10:29:45","guid":{"rendered":"https:\/\/toys4vip.com\/produit\/vivez-votre-passion-a-fond-avec-racing-emotion\/"},"modified":"2021-11-18T17:28:57","modified_gmt":"2021-11-18T16:28:57","slug":"vivez-votre-passion-a-fond-avec-racing-emotion","status":"publish","type":"product","link":"https:\/\/www.toys4vip.com\/fr\/luxury-toy\/vivez-votre-passion-a-fond-avec-racing-emotion\/224\/","title":{"rendered":"Vivez votre passion \u00e0 fond avec Racing &#038; Emotion !"},"content":{"rendered":"<p>Si vous \u00eates un passionn\u00e9 de sport automobile et un inconditionnel du design industriel, la soci\u00e9t\u00e9 Racing &amp; Emotion vous permet d\u2019exprimer vos deux passions avec ses collections Art Egg et Art Chair.<\/p>\n<p>La c\u00e9l\u00e8bre Ball Chair dessin\u00e9e par le designer Eero Aarnio dans les ann\u00e9es 60 et la mythique Egg Chair d\u2019Arne Jacobsen sont d\u00e9clin\u00e9es dans diff\u00e9rents mod\u00e8les inspir\u00e9s du sport automobile. Vous pourrez ainsi choisir pour votre salon ou votre bureau le si\u00e8ge Art Ball 917 LM20 GULF d\u00e9cor\u00e9 aux couleurs de la Porsche 917 Gulf du film Le Mans et conduite par Steve McQueen ou encore le Si\u00e8ge Art Egg M22 inspir\u00e9 par la Porsche 917 K n\u00b022 de Marko\/Van Lennep qui remporta les 24H du Mans de 1971 avec le record de distance parcouru de 5335,313 km.<\/p>\n<p>Chaque chaise est fabriqu\u00e9e sur commande, comptez 3 490 euros pour un mod\u00e8le de la collection Art Egg et et 2 990 euros pour la collection Art Ball.<\/p>\n","protected":false},"excerpt":{"rendered":"<p>Si vous \u00eates un passionn\u00e9 de sport automobile et un inconditionnel du design industriel, la soci\u00e9t\u00e9 Racing &amp; Emotion vous permet d\u2019exprimer vos deux passions avec ses collections Art Egg et Art Chair. La c\u00e9l\u00e8bre Ball Chair dessin\u00e9e par le designer Eero Aarnio dans les ann\u00e9es 60 et la mythique Egg Chair d\u2019Arne Jacobsen sont [&hellip;]<\/p>\n","protected":false},"featured_media":973,"comment_status":"open","ping_status":"closed","template":"","meta":[],"product_cat":[42],"product_tag":[],"yoast_head":"<!-- This site is optimized with the Yoast SEO plugin v17.4 - https:\/\/yoast.com\/wordpress\/plugins\/seo\/ -->\n<title>Vivez votre passion \u00e0 fond avec Racing &amp; Emotion ! - Toys4Vip<\/title>\n<meta name=\"description\" content=\"Si vous \u00eates un passionn\u00e9 de sport automobile et un inconditionnel du design industriel, la soci\u00e9t\u00e9 Racing &amp; Emotion vous permet d\u2019exprimer vos deux passions avec ses collections Art Egg et Art Chair.La c\u00e9l\u00e8bre Ball Chair dessin\u00e9e par le designer Eero Aarnio dans les ann\u00e9es 60 et la mythique Egg Chair d\u2019Arne Jacobsen sont d\u00e9clin\u00e9es dans diff\u00e9rents mod\u00e8les inspir\u00e9s du sport automobile. Vous pourrez ainsi choisir pour votre salon ou votre bureau le si\u00e8ge Art Ball 917 LM20 GULF d\u00e9cor\u00e9 aux couleurs de la Porsche 917 Gulf du film Le Mans et conduite par Steve McQueen ou encore le Si\u00e8ge Art Egg M22 inspir\u00e9 par la Porsche 917 K n\u00b022 de Marko\/Van Lennep qui remporta les 24H du Mans de 1971 avec le record de distance parcouru de 5335,313 km.\" \/>\n<meta name=\"robots\" content=\"index, follow, max-snippet:-1, max-image-preview:large, max-video-preview:-1\" \/>\n<link rel=\"canonical\" href=\"https:\/\/www.toys4vip.com\/fr\/luxury-toy\/vivez-votre-passion-a-fond-avec-racing-emotion\/224\/\" \/>\n<meta property=\"og:locale\" content=\"fr_FR\" \/>\n<meta property=\"og:type\" content=\"article\" \/>\n<meta property=\"og:title\" content=\"Vivez votre passion \u00e0 fond avec Racing &amp; Emotion ! - Toys4Vip\" \/>\n<meta property=\"og:description\" content=\"Si vous \u00eates un passionn\u00e9 de sport automobile et un inconditionnel du design industriel, la soci\u00e9t\u00e9 Racing &amp; Emotion vous permet d\u2019exprimer vos deux passions avec ses collections Art Egg et Art Chair.La c\u00e9l\u00e8bre Ball Chair dessin\u00e9e par le designer Eero Aarnio dans les ann\u00e9es 60 et la mythique Egg Chair d\u2019Arne Jacobsen sont d\u00e9clin\u00e9es dans diff\u00e9rents mod\u00e8les inspir\u00e9s du sport automobile. Vous pourrez ainsi choisir pour votre salon ou votre bureau le si\u00e8ge Art Ball 917 LM20 GULF d\u00e9cor\u00e9 aux couleurs de la Porsche 917 Gulf du film Le Mans et conduite par Steve McQueen ou encore le Si\u00e8ge Art Egg M22 inspir\u00e9 par la Porsche 917 K n\u00b022 de Marko\/Van Lennep qui remporta les 24H du Mans de 1971 avec le record de distance parcouru de 5335,313 km.\" \/>\n<meta property=\"og:url\" content=\"https:\/\/www.toys4vip.com\/fr\/luxury-toy\/vivez-votre-passion-a-fond-avec-racing-emotion\/224\/\" \/>\n<meta property=\"og:site_name\" content=\"Toys4Vip\" \/>\n<meta property=\"article:modified_time\" content=\"2021-11-18T16:28:57+00:00\" \/>\n<meta property=\"og:image\" content=\"https:\/\/www.toys4vip.com\/app\/uploads\/2021\/11\/main-180.jpg\" \/>\n\t<meta property=\"og:image:width\" content=\"575\" \/>\n\t<meta property=\"og:image:height\" content=\"390\" \/>\n<meta name=\"twitter:card\" content=\"summary_large_image\" \/>\n<meta name=\"twitter:label1\" content=\"Dur\u00e9e de lecture est.\" \/>\n\t<meta name=\"twitter:data1\" content=\"1 minute\" \/>\n<script type=\"application\/ld+json\" class=\"yoast-schema-graph\">{\"@context\":\"https:\/\/schema.org\",\"@graph\":[{\"@type\":\"WebSite\",\"@id\":\"https:\/\/www.toys4vip.com\/fr\/#website\",\"url\":\"https:\/\/www.toys4vip.com\/fr\/\",\"name\":\"Toys4Vip\",\"description\":\"Jouets de luxe nouveau concept store\",\"potentialAction\":[{\"@type\":\"SearchAction\",\"target\":{\"@type\":\"EntryPoint\",\"urlTemplate\":\"https:\/\/www.toys4vip.com\/fr\/?s={search_term_string}\"},\"query-input\":\"required name=search_term_string\"}],\"inLanguage\":\"fr-FR\"},{\"@type\":\"ImageObject\",\"@id\":\"https:\/\/www.toys4vip.com\/fr\/luxury-toy\/vivez-votre-passion-a-fond-avec-racing-emotion\/224\/#primaryimage\",\"inLanguage\":\"fr-FR\",\"url\":\"https:\/\/www.toys4vip.com\/app\/uploads\/2021\/11\/main-180.jpg\",\"contentUrl\":\"https:\/\/www.toys4vip.com\/app\/uploads\/2021\/11\/main-180.jpg\",\"width\":575,\"height\":390},{\"@type\":\"WebPage\",\"@id\":\"https:\/\/www.toys4vip.com\/fr\/luxury-toy\/vivez-votre-passion-a-fond-avec-racing-emotion\/224\/#webpage\",\"url\":\"https:\/\/www.toys4vip.com\/fr\/luxury-toy\/vivez-votre-passion-a-fond-avec-racing-emotion\/224\/\",\"name\":\"Vivez votre passion \\u00e0 fond avec Racing & Emotion ! - Toys4Vip\",\"isPartOf\":{\"@id\":\"https:\/\/www.toys4vip.com\/fr\/#website\"},\"primaryImageOfPage\":{\"@id\":\"https:\/\/www.toys4vip.com\/fr\/luxury-toy\/vivez-votre-passion-a-fond-avec-racing-emotion\/224\/#primaryimage\"},\"datePublished\":\"2021-11-02T10:29:45+00:00\",\"dateModified\":\"2021-11-18T16:28:57+00:00\",\"description\":\"Si vous \\u00eates un passionn\\u00e9 de sport automobile et un inconditionnel du design industriel, la soci\\u00e9t\\u00e9 Racing & Emotion vous permet d\\u2019exprimer vos deux passions avec ses collections Art Egg et Art Chair.La c\\u00e9l\\u00e8bre Ball Chair dessin\\u00e9e par le designer Eero Aarnio dans les ann\\u00e9es 60 et la mythique Egg Chair d\\u2019Arne Jacobsen sont d\\u00e9clin\\u00e9es dans diff\\u00e9rents mod\\u00e8les inspir\\u00e9s du sport automobile. Vous pourrez ainsi choisir pour votre salon ou votre bureau le si\\u00e8ge Art Ball 917 LM20 GULF d\\u00e9cor\\u00e9 aux couleurs de la Porsche 917 Gulf du film Le Mans et conduite par Steve McQueen ou encore le Si\\u00e8ge Art Egg M22 inspir\\u00e9 par la Porsche 917 K n\\u00b022 de Marko\/Van Lennep qui remporta les 24H du Mans de 1971 avec le record de distance parcouru de 5335,313 km.\",\"breadcrumb\":{\"@id\":\"https:\/\/www.toys4vip.com\/fr\/luxury-toy\/vivez-votre-passion-a-fond-avec-racing-emotion\/224\/#breadcrumb\"},\"inLanguage\":\"fr-FR\",\"potentialAction\":[{\"@type\":\"ReadAction\",\"target\":[\"https:\/\/www.toys4vip.com\/fr\/luxury-toy\/vivez-votre-passion-a-fond-avec-racing-emotion\/224\/\"]}]},{\"@type\":\"BreadcrumbList\",\"@id\":\"https:\/\/www.toys4vip.com\/fr\/luxury-toy\/vivez-votre-passion-a-fond-avec-racing-emotion\/224\/#breadcrumb\",\"itemListElement\":[{\"@type\":\"ListItem\",\"position\":1,\"name\":\"Home\",\"item\":\"https:\/\/www.toys4vip.com\/fr\/\"},{\"@type\":\"ListItem\",\"position\":2,\"name\":\"Objets \/ Cat\\u00e9gories\",\"item\":\"https:\/\/www.toys4vip.com\/fr\/luxury-toys\/\"},{\"@type\":\"ListItem\",\"position\":3,\"name\":\"Vivez votre passion \\u00e0 fond avec Racing &#038; Emotion !\"}]}]}<\/script>\n<!-- \/ Yoast SEO plugin. -->","yoast_head_json":{"title":"Vivez votre passion \u00e0 fond avec Racing & Emotion ! - Toys4Vip","description":"Si vous \u00eates un passionn\u00e9 de sport automobile et un inconditionnel du design industriel, la soci\u00e9t\u00e9 Racing & Emotion vous permet d\u2019exprimer vos deux passions avec ses collections Art Egg et Art Chair.La c\u00e9l\u00e8bre Ball Chair dessin\u00e9e par le designer Eero Aarnio dans les ann\u00e9es 60 et la mythique Egg Chair d\u2019Arne Jacobsen sont d\u00e9clin\u00e9es dans diff\u00e9rents mod\u00e8les inspir\u00e9s du sport automobile. Vous pourrez ainsi choisir pour votre salon ou votre bureau le si\u00e8ge Art Ball 917 LM20 GULF d\u00e9cor\u00e9 aux couleurs de la Porsche 917 Gulf du film Le Mans et conduite par Steve McQueen ou encore le Si\u00e8ge Art Egg M22 inspir\u00e9 par la Porsche 917 K n\u00b022 de Marko\/Van Lennep qui remporta les 24H du Mans de 1971 avec le record de distance parcouru de 5335,313 km.","robots":{"index":"index","follow":"follow","max-snippet":"max-snippet:-1","max-image-preview":"max-image-preview:large","max-video-preview":"max-video-preview:-1"},"canonical":"https:\/\/www.toys4vip.com\/fr\/luxury-toy\/vivez-votre-passion-a-fond-avec-racing-emotion\/224\/","og_locale":"fr_FR","og_type":"article","og_title":"Vivez votre passion \u00e0 fond avec Racing & Emotion ! - Toys4Vip","og_description":"Si vous \u00eates un passionn\u00e9 de sport automobile et un inconditionnel du design industriel, la soci\u00e9t\u00e9 Racing & Emotion vous permet d\u2019exprimer vos deux passions avec ses collections Art Egg et Art Chair.La c\u00e9l\u00e8bre Ball Chair dessin\u00e9e par le designer Eero Aarnio dans les ann\u00e9es 60 et la mythique Egg Chair d\u2019Arne Jacobsen sont d\u00e9clin\u00e9es dans diff\u00e9rents mod\u00e8les inspir\u00e9s du sport automobile. Vous pourrez ainsi choisir pour votre salon ou votre bureau le si\u00e8ge Art Ball 917 LM20 GULF d\u00e9cor\u00e9 aux couleurs de la Porsche 917 Gulf du film Le Mans et conduite par Steve McQueen ou encore le Si\u00e8ge Art Egg M22 inspir\u00e9 par la Porsche 917 K n\u00b022 de Marko\/Van Lennep qui remporta les 24H du Mans de 1971 avec le record de distance parcouru de 5335,313 km.","og_url":"https:\/\/www.toys4vip.com\/fr\/luxury-toy\/vivez-votre-passion-a-fond-avec-racing-emotion\/224\/","og_site_name":"Toys4Vip","article_modified_time":"2021-11-18T16:28:57+00:00","og_image":[{"width":575,"height":390,"url":"https:\/\/www.toys4vip.com\/app\/uploads\/2021\/11\/main-180.jpg","type":"image\/jpeg"}],"twitter_card":"summary_large_image","twitter_misc":{"Dur\u00e9e de lecture est.":"1 minute"},"schema":{"@context":"https:\/\/schema.org","@graph":[{"@type":"WebSite","@id":"https:\/\/www.toys4vip.com\/fr\/#website","url":"https:\/\/www.toys4vip.com\/fr\/","name":"Toys4Vip","description":"Jouets de luxe nouveau concept store","potentialAction":[{"@type":"SearchAction","target":{"@type":"EntryPoint","urlTemplate":"https:\/\/www.toys4vip.com\/fr\/?s={search_term_string}"},"query-input":"required name=search_term_string"}],"inLanguage":"fr-FR"},{"@type":"ImageObject","@id":"https:\/\/www.toys4vip.com\/fr\/luxury-toy\/vivez-votre-passion-a-fond-avec-racing-emotion\/224\/#primaryimage","inLanguage":"fr-FR","url":"https:\/\/www.toys4vip.com\/app\/uploads\/2021\/11\/main-180.jpg","contentUrl":"https:\/\/www.toys4vip.com\/app\/uploads\/2021\/11\/main-180.jpg","width":575,"height":390},{"@type":"WebPage","@id":"https:\/\/www.toys4vip.com\/fr\/luxury-toy\/vivez-votre-passion-a-fond-avec-racing-emotion\/224\/#webpage","url":"https:\/\/www.toys4vip.com\/fr\/luxury-toy\/vivez-votre-passion-a-fond-avec-racing-emotion\/224\/","name":"Vivez votre passion \u00e0 fond avec Racing & Emotion ! - Toys4Vip","isPartOf":{"@id":"https:\/\/www.toys4vip.com\/fr\/#website"},"primaryImageOfPage":{"@id":"https:\/\/www.toys4vip.com\/fr\/luxury-toy\/vivez-votre-passion-a-fond-avec-racing-emotion\/224\/#primaryimage"},"datePublished":"2021-11-02T10:29:45+00:00","dateModified":"2021-11-18T16:28:57+00:00","description":"Si vous \u00eates un passionn\u00e9 de sport automobile et un inconditionnel du design industriel, la soci\u00e9t\u00e9 Racing & Emotion vous permet d\u2019exprimer vos deux passions avec ses collections Art Egg et Art Chair.La c\u00e9l\u00e8bre Ball Chair dessin\u00e9e par le designer Eero Aarnio dans les ann\u00e9es 60 et la mythique Egg Chair d\u2019Arne Jacobsen sont d\u00e9clin\u00e9es dans diff\u00e9rents mod\u00e8les inspir\u00e9s du sport automobile. Vous pourrez ainsi choisir pour votre salon ou votre bureau le si\u00e8ge Art Ball 917 LM20 GULF d\u00e9cor\u00e9 aux couleurs de la Porsche 917 Gulf du film Le Mans et conduite par Steve McQueen ou encore le Si\u00e8ge Art Egg M22 inspir\u00e9 par la Porsche 917 K n\u00b022 de Marko\/Van Lennep qui remporta les 24H du Mans de 1971 avec le record de distance parcouru de 5335,313 km.","breadcrumb":{"@id":"https:\/\/www.toys4vip.com\/fr\/luxury-toy\/vivez-votre-passion-a-fond-avec-racing-emotion\/224\/#breadcrumb"},"inLanguage":"fr-FR","potentialAction":[{"@type":"ReadAction","target":["https:\/\/www.toys4vip.com\/fr\/luxury-toy\/vivez-votre-passion-a-fond-avec-racing-emotion\/224\/"]}]},{"@type":"BreadcrumbList","@id":"https:\/\/www.toys4vip.com\/fr\/luxury-toy\/vivez-votre-passion-a-fond-avec-racing-emotion\/224\/#breadcrumb","itemListElement":[{"@type":"ListItem","position":1,"name":"Home","item":"https:\/\/www.toys4vip.com\/fr\/"},{"@type":"ListItem","position":2,"name":"Objets \/ Cat\u00e9gories","item":"https:\/\/www.toys4vip.com\/fr\/luxury-toys\/"},{"@type":"ListItem","position":3,"name":"Vivez votre passion \u00e0 fond avec Racing &#038; Emotion !"}]}]}},"_links":{"self":[{"href":"https:\/\/www.toys4vip.com\/fr\/wp-json\/wp\/v2\/product\/975"}],"collection":[{"href":"https:\/\/www.toys4vip.com\/fr\/wp-json\/wp\/v2\/product"}],"about":[{"href":"https:\/\/www.toys4vip.com\/fr\/wp-json\/wp\/v2\/types\/product"}],"replies":[{"embeddable":true,"href":"https:\/\/www.toys4vip.com\/fr\/wp-json\/wp\/v2\/comments?post=975"}],"wp:featuredmedia":[{"embeddable":true,"href":"https:\/\/www.toys4vip.com\/fr\/wp-json\/wp\/v2\/media\/973"}],"wp:attachment":[{"href":"https:\/\/www.toys4vip.com\/fr\/wp-json\/wp\/v2\/media?parent=975"}],"wp:term":[{"taxonomy":"product_cat","embeddable":true,"href":"https:\/\/www.toys4vip.com\/fr\/wp-json\/wp\/v2\/product_cat?post=975"},{"taxonomy":"product_tag","embeddable":true,"href":"https:\/\/www.toys4vip.com\/fr\/wp-json\/wp\/v2\/product_tag?post=975"}],"curies":[{"name":"wp","href":"https:\/\/api.w.org\/{rel}","templated":true}]}}