{"id":969,"date":"2021-11-02T10:29:45","date_gmt":"2021-11-02T10:29:45","guid":{"rendered":"https:\/\/toys4vip.com\/produit\/lynx-suborbital-spacecraft\/"},"modified":"2021-11-13T11:07:04","modified_gmt":"2021-11-13T11:07:04","slug":"lynx-suborbital-spacecraft","status":"publish","type":"product","link":"https:\/\/www.toys4vip.com\/fr\/luxury-toy\/lynx-suborbital-spacecraft\/221\/","title":{"rendered":"Lynx suborbital spacecraft"},"content":{"rendered":"<p>V\u00e9hicule spatial utilis\u00e9 : le Lynx<\/p>\n<p>Le Lynx est le vaisseau spatial en d\u00e9veloppement chez XCOR Aerospace. Tout comme le SpaceShipTwo de Virgin Galactique, il est pr\u00e9vu pour d\u00e9coller et atterrir comme un avion, \u00e0 l\u2019horizontale. Etudi\u00e9 pour \u00eatre r\u00e9utilisable tr\u00e8s rapidement apr\u00e8s un vol (check du vaisseau, plein de carburant, etc), XCOR Aerospace envisage jusqu\u2019\u00e0 4 vols d\u2019environ une demi-heure par jour.<br \/>\nSon prix s&rsquo;\u00e9l\u00e8ve \u00e0 150 000 dollars.<\/p>\n<p>La propulsion du Lynx est assur\u00e9e par quatre moteurs-fus\u00e9es XR-5K18, chacune produisant 12,9 kN (2900 lbf) de pouss\u00e9e sous vide avec du k\u00e9ros\u00e8ne et propulseurs d\u2019oxyg\u00e8ne liquide. La Conception d\u00e9taill\u00e9e du moteur a commenc\u00e9 \u00e0 l\u2019automne 2008. Le premier test de mise \u00e0 feu fut r\u00e9alis\u00e9 le 15 D\u00e9cembre 2008, et les tests se poursuivent encore aujourd\u2019hui. Le vaisseau mesure 9 m\u00e8tres de long, pour 7,5 m\u00e8tres d\u2019envergure.<\/p>\n<p>Petite particularit\u00e9 sympathique de votre voyage : le vaisseau \u00e9tant con\u00e7u pour seulement 2 personnes, vous prendrez place juste \u00e0 c\u00f4t\u00e9 du pilote, dans le cockpit. Vous serez ainsi aux toutes premi\u00e8res loges durant l\u2019int\u00e9gralit\u00e9 du voyage, pour jouir au final d\u2019une vue imprenable sur les courbures de notre plan\u00e8te bleue, directement depuis le cockpit (voir reconstitution vid\u00e9o ci-dessous).<\/p>\n","protected":false},"excerpt":{"rendered":"<p>V\u00e9hicule spatial utilis\u00e9 : le Lynx Le Lynx est le vaisseau spatial en d\u00e9veloppement chez XCOR Aerospace. Tout comme le SpaceShipTwo de Virgin Galactique, il est pr\u00e9vu pour d\u00e9coller et atterrir comme un avion, \u00e0 l\u2019horizontale. Etudi\u00e9 pour \u00eatre r\u00e9utilisable tr\u00e8s rapidement apr\u00e8s un vol (check du vaisseau, plein de carburant, etc), XCOR Aerospace envisage [&hellip;]<\/p>\n","protected":false},"featured_media":967,"comment_status":"open","ping_status":"closed","template":"","meta":[],"product_cat":[31],"product_tag":[],"yoast_head":"<!-- This site is optimized with the Yoast SEO plugin v17.4 - https:\/\/yoast.com\/wordpress\/plugins\/seo\/ -->\n<title>Lynx suborbital spacecraft - Toys4Vip<\/title>\n<meta name=\"description\" content=\"Le Lynx est le vaisseau spatial en d\u00e9veloppement chez XCOR Aerospace. Tout comme le SpaceShipTwo de Virgin Galactique, il est pr\u00e9vu pour d\u00e9coller et atterrir comme un avion, \u00e0 l\u2019horizontale. Etudi\u00e9 pour \u00eatre r\u00e9utilisable tr\u00e8s rapidement apr\u00e8s un vol (check du vaisseau, plein de carburant, etc), XCOR Aerospace envisage jusqu\u2019\u00e0 4 vols d\u2019environ une demi-heure par jour.Son prix s&#039;\u00e9l\u00e8ve \u00e0 150 000 dollars.\" \/>\n<meta name=\"robots\" content=\"index, follow, max-snippet:-1, max-image-preview:large, max-video-preview:-1\" \/>\n<link rel=\"canonical\" href=\"https:\/\/www.toys4vip.com\/fr\/luxury-toy\/lynx-suborbital-spacecraft\/221\/\" \/>\n<meta property=\"og:locale\" content=\"fr_FR\" \/>\n<meta property=\"og:type\" content=\"article\" \/>\n<meta property=\"og:title\" content=\"Lynx suborbital spacecraft - Toys4Vip\" \/>\n<meta property=\"og:description\" content=\"Le Lynx est le vaisseau spatial en d\u00e9veloppement chez XCOR Aerospace. Tout comme le SpaceShipTwo de Virgin Galactique, il est pr\u00e9vu pour d\u00e9coller et atterrir comme un avion, \u00e0 l\u2019horizontale. Etudi\u00e9 pour \u00eatre r\u00e9utilisable tr\u00e8s rapidement apr\u00e8s un vol (check du vaisseau, plein de carburant, etc), XCOR Aerospace envisage jusqu\u2019\u00e0 4 vols d\u2019environ une demi-heure par jour.Son prix s&#039;\u00e9l\u00e8ve \u00e0 150 000 dollars.\" \/>\n<meta property=\"og:url\" content=\"https:\/\/www.toys4vip.com\/fr\/luxury-toy\/lynx-suborbital-spacecraft\/221\/\" \/>\n<meta property=\"og:site_name\" content=\"Toys4Vip\" \/>\n<meta property=\"article:modified_time\" content=\"2021-11-13T11:07:04+00:00\" \/>\n<meta property=\"og:image\" content=\"https:\/\/www.toys4vip.com\/app\/uploads\/2021\/11\/main-178.jpg\" \/>\n\t<meta property=\"og:image:width\" content=\"640\" \/>\n\t<meta property=\"og:image:height\" content=\"427\" \/>\n<meta name=\"twitter:card\" content=\"summary_large_image\" \/>\n<meta name=\"twitter:label1\" content=\"Dur\u00e9e de lecture est.\" \/>\n\t<meta name=\"twitter:data1\" content=\"1 minute\" \/>\n<script type=\"application\/ld+json\" class=\"yoast-schema-graph\">{\"@context\":\"https:\/\/schema.org\",\"@graph\":[{\"@type\":\"WebSite\",\"@id\":\"https:\/\/www.toys4vip.com\/fr\/#website\",\"url\":\"https:\/\/www.toys4vip.com\/fr\/\",\"name\":\"Toys4Vip\",\"description\":\"Jouets de luxe nouveau concept store\",\"potentialAction\":[{\"@type\":\"SearchAction\",\"target\":{\"@type\":\"EntryPoint\",\"urlTemplate\":\"https:\/\/www.toys4vip.com\/fr\/?s={search_term_string}\"},\"query-input\":\"required name=search_term_string\"}],\"inLanguage\":\"fr-FR\"},{\"@type\":\"ImageObject\",\"@id\":\"https:\/\/www.toys4vip.com\/fr\/luxury-toy\/lynx-suborbital-spacecraft\/221\/#primaryimage\",\"inLanguage\":\"fr-FR\",\"url\":\"https:\/\/www.toys4vip.com\/app\/uploads\/2021\/11\/main-178.jpg\",\"contentUrl\":\"https:\/\/www.toys4vip.com\/app\/uploads\/2021\/11\/main-178.jpg\",\"width\":640,\"height\":427},{\"@type\":\"WebPage\",\"@id\":\"https:\/\/www.toys4vip.com\/fr\/luxury-toy\/lynx-suborbital-spacecraft\/221\/#webpage\",\"url\":\"https:\/\/www.toys4vip.com\/fr\/luxury-toy\/lynx-suborbital-spacecraft\/221\/\",\"name\":\"Lynx suborbital spacecraft - Toys4Vip\",\"isPartOf\":{\"@id\":\"https:\/\/www.toys4vip.com\/fr\/#website\"},\"primaryImageOfPage\":{\"@id\":\"https:\/\/www.toys4vip.com\/fr\/luxury-toy\/lynx-suborbital-spacecraft\/221\/#primaryimage\"},\"datePublished\":\"2021-11-02T10:29:45+00:00\",\"dateModified\":\"2021-11-13T11:07:04+00:00\",\"description\":\"Le Lynx est le vaisseau spatial en d\\u00e9veloppement chez XCOR Aerospace. Tout comme le SpaceShipTwo de Virgin Galactique, il est pr\\u00e9vu pour d\\u00e9coller et atterrir comme un avion, \\u00e0 l\\u2019horizontale. Etudi\\u00e9 pour \\u00eatre r\\u00e9utilisable tr\\u00e8s rapidement apr\\u00e8s un vol (check du vaisseau, plein de carburant, etc), XCOR Aerospace envisage jusqu\\u2019\\u00e0 4 vols d\\u2019environ une demi-heure par jour.Son prix s'\\u00e9l\\u00e8ve \\u00e0 150 000 dollars.\",\"breadcrumb\":{\"@id\":\"https:\/\/www.toys4vip.com\/fr\/luxury-toy\/lynx-suborbital-spacecraft\/221\/#breadcrumb\"},\"inLanguage\":\"fr-FR\",\"potentialAction\":[{\"@type\":\"ReadAction\",\"target\":[\"https:\/\/www.toys4vip.com\/fr\/luxury-toy\/lynx-suborbital-spacecraft\/221\/\"]}]},{\"@type\":\"BreadcrumbList\",\"@id\":\"https:\/\/www.toys4vip.com\/fr\/luxury-toy\/lynx-suborbital-spacecraft\/221\/#breadcrumb\",\"itemListElement\":[{\"@type\":\"ListItem\",\"position\":1,\"name\":\"Home\",\"item\":\"https:\/\/www.toys4vip.com\/fr\/\"},{\"@type\":\"ListItem\",\"position\":2,\"name\":\"Objets \/ Cat\\u00e9gories\",\"item\":\"https:\/\/www.toys4vip.com\/fr\/luxury-toys\/\"},{\"@type\":\"ListItem\",\"position\":3,\"name\":\"Lynx suborbital spacecraft\"}]}]}<\/script>\n<!-- \/ Yoast SEO plugin. -->","yoast_head_json":{"title":"Lynx suborbital spacecraft - Toys4Vip","description":"Le Lynx est le vaisseau spatial en d\u00e9veloppement chez XCOR Aerospace. Tout comme le SpaceShipTwo de Virgin Galactique, il est pr\u00e9vu pour d\u00e9coller et atterrir comme un avion, \u00e0 l\u2019horizontale. Etudi\u00e9 pour \u00eatre r\u00e9utilisable tr\u00e8s rapidement apr\u00e8s un vol (check du vaisseau, plein de carburant, etc), XCOR Aerospace envisage jusqu\u2019\u00e0 4 vols d\u2019environ une demi-heure par jour.Son prix s'\u00e9l\u00e8ve \u00e0 150 000 dollars.","robots":{"index":"index","follow":"follow","max-snippet":"max-snippet:-1","max-image-preview":"max-image-preview:large","max-video-preview":"max-video-preview:-1"},"canonical":"https:\/\/www.toys4vip.com\/fr\/luxury-toy\/lynx-suborbital-spacecraft\/221\/","og_locale":"fr_FR","og_type":"article","og_title":"Lynx suborbital spacecraft - Toys4Vip","og_description":"Le Lynx est le vaisseau spatial en d\u00e9veloppement chez XCOR Aerospace. Tout comme le SpaceShipTwo de Virgin Galactique, il est pr\u00e9vu pour d\u00e9coller et atterrir comme un avion, \u00e0 l\u2019horizontale. Etudi\u00e9 pour \u00eatre r\u00e9utilisable tr\u00e8s rapidement apr\u00e8s un vol (check du vaisseau, plein de carburant, etc), XCOR Aerospace envisage jusqu\u2019\u00e0 4 vols d\u2019environ une demi-heure par jour.Son prix s'\u00e9l\u00e8ve \u00e0 150 000 dollars.","og_url":"https:\/\/www.toys4vip.com\/fr\/luxury-toy\/lynx-suborbital-spacecraft\/221\/","og_site_name":"Toys4Vip","article_modified_time":"2021-11-13T11:07:04+00:00","og_image":[{"width":640,"height":427,"url":"https:\/\/www.toys4vip.com\/app\/uploads\/2021\/11\/main-178.jpg","type":"image\/jpeg"}],"twitter_card":"summary_large_image","twitter_misc":{"Dur\u00e9e de lecture est.":"1 minute"},"schema":{"@context":"https:\/\/schema.org","@graph":[{"@type":"WebSite","@id":"https:\/\/www.toys4vip.com\/fr\/#website","url":"https:\/\/www.toys4vip.com\/fr\/","name":"Toys4Vip","description":"Jouets de luxe nouveau concept store","potentialAction":[{"@type":"SearchAction","target":{"@type":"EntryPoint","urlTemplate":"https:\/\/www.toys4vip.com\/fr\/?s={search_term_string}"},"query-input":"required name=search_term_string"}],"inLanguage":"fr-FR"},{"@type":"ImageObject","@id":"https:\/\/www.toys4vip.com\/fr\/luxury-toy\/lynx-suborbital-spacecraft\/221\/#primaryimage","inLanguage":"fr-FR","url":"https:\/\/www.toys4vip.com\/app\/uploads\/2021\/11\/main-178.jpg","contentUrl":"https:\/\/www.toys4vip.com\/app\/uploads\/2021\/11\/main-178.jpg","width":640,"height":427},{"@type":"WebPage","@id":"https:\/\/www.toys4vip.com\/fr\/luxury-toy\/lynx-suborbital-spacecraft\/221\/#webpage","url":"https:\/\/www.toys4vip.com\/fr\/luxury-toy\/lynx-suborbital-spacecraft\/221\/","name":"Lynx suborbital spacecraft - Toys4Vip","isPartOf":{"@id":"https:\/\/www.toys4vip.com\/fr\/#website"},"primaryImageOfPage":{"@id":"https:\/\/www.toys4vip.com\/fr\/luxury-toy\/lynx-suborbital-spacecraft\/221\/#primaryimage"},"datePublished":"2021-11-02T10:29:45+00:00","dateModified":"2021-11-13T11:07:04+00:00","description":"Le Lynx est le vaisseau spatial en d\u00e9veloppement chez XCOR Aerospace. Tout comme le SpaceShipTwo de Virgin Galactique, il est pr\u00e9vu pour d\u00e9coller et atterrir comme un avion, \u00e0 l\u2019horizontale. Etudi\u00e9 pour \u00eatre r\u00e9utilisable tr\u00e8s rapidement apr\u00e8s un vol (check du vaisseau, plein de carburant, etc), XCOR Aerospace envisage jusqu\u2019\u00e0 4 vols d\u2019environ une demi-heure par jour.Son prix s'\u00e9l\u00e8ve \u00e0 150 000 dollars.","breadcrumb":{"@id":"https:\/\/www.toys4vip.com\/fr\/luxury-toy\/lynx-suborbital-spacecraft\/221\/#breadcrumb"},"inLanguage":"fr-FR","potentialAction":[{"@type":"ReadAction","target":["https:\/\/www.toys4vip.com\/fr\/luxury-toy\/lynx-suborbital-spacecraft\/221\/"]}]},{"@type":"BreadcrumbList","@id":"https:\/\/www.toys4vip.com\/fr\/luxury-toy\/lynx-suborbital-spacecraft\/221\/#breadcrumb","itemListElement":[{"@type":"ListItem","position":1,"name":"Home","item":"https:\/\/www.toys4vip.com\/fr\/"},{"@type":"ListItem","position":2,"name":"Objets \/ Cat\u00e9gories","item":"https:\/\/www.toys4vip.com\/fr\/luxury-toys\/"},{"@type":"ListItem","position":3,"name":"Lynx suborbital spacecraft"}]}]}},"_links":{"self":[{"href":"https:\/\/www.toys4vip.com\/fr\/wp-json\/wp\/v2\/product\/969"}],"collection":[{"href":"https:\/\/www.toys4vip.com\/fr\/wp-json\/wp\/v2\/product"}],"about":[{"href":"https:\/\/www.toys4vip.com\/fr\/wp-json\/wp\/v2\/types\/product"}],"replies":[{"embeddable":true,"href":"https:\/\/www.toys4vip.com\/fr\/wp-json\/wp\/v2\/comments?post=969"}],"wp:featuredmedia":[{"embeddable":true,"href":"https:\/\/www.toys4vip.com\/fr\/wp-json\/wp\/v2\/media\/967"}],"wp:attachment":[{"href":"https:\/\/www.toys4vip.com\/fr\/wp-json\/wp\/v2\/media?parent=969"}],"wp:term":[{"taxonomy":"product_cat","embeddable":true,"href":"https:\/\/www.toys4vip.com\/fr\/wp-json\/wp\/v2\/product_cat?post=969"},{"taxonomy":"product_tag","embeddable":true,"href":"https:\/\/www.toys4vip.com\/fr\/wp-json\/wp\/v2\/product_tag?post=969"}],"curies":[{"name":"wp","href":"https:\/\/api.w.org\/{rel}","templated":true}]}}