{"id":963,"date":"2021-11-02T10:29:44","date_gmt":"2021-11-02T10:29:44","guid":{"rendered":"https:\/\/toys4vip.com\/produit\/hot-tub-boats\/"},"modified":"2021-11-13T11:07:20","modified_gmt":"2021-11-13T11:07:20","slug":"hot-tub-boats","status":"publish","type":"product","link":"https:\/\/www.toys4vip.com\/fr\/luxury-toy\/hot-tub-boats\/219\/","title":{"rendered":"HOT TUB BOATS"},"content":{"rendered":"<p>Voici le bateau-jacuzzi \u00e9lectrique haut de gamme.<\/p>\n<p>Envie de se faire une petite escapade en mer ? Optez pour le Hot tub boat, un bateau jacuzzi \u00e9lectrique fonctionnant au diesel, dot\u00e9 d\u2019un syst\u00e8me audio MP3 waterproof, un bassin pouvant recevoir jusqu\u2019\u00e0 une tonne d\u2019eau, deux glaci\u00e8res, et des batteries prodiguant 10 heures d\u2019autonomie au jacuzzi et 5 heures de navigation.<\/p>\n","protected":false},"excerpt":{"rendered":"<p>Voici le bateau-jacuzzi \u00e9lectrique haut de gamme. Envie de se faire une petite escapade en mer ? Optez pour le Hot tub boat, un bateau jacuzzi \u00e9lectrique fonctionnant au diesel, dot\u00e9 d\u2019un syst\u00e8me audio MP3 waterproof, un bassin pouvant recevoir jusqu\u2019\u00e0 une tonne d\u2019eau, deux glaci\u00e8res, et des batteries prodiguant 10 heures d\u2019autonomie au jacuzzi [&hellip;]<\/p>\n","protected":false},"featured_media":961,"comment_status":"open","ping_status":"closed","template":"","meta":[],"product_cat":[31],"product_tag":[],"yoast_head":"<!-- This site is optimized with the Yoast SEO plugin v17.4 - https:\/\/yoast.com\/wordpress\/plugins\/seo\/ -->\n<title>HOT TUB BOATS - Toys4Vip<\/title>\n<meta name=\"description\" content=\"Voici le bateau-jacuzzi \u00e9lectrique haut de gamme.Envie de se faire une petite escapade en mer ? Optez pour le Hot tub boat, un bateau jacuzzi \u00e9lectrique fonctionnant au diesel, dot\u00e9 d\u2019un syst\u00e8me audio MP3 waterproof, un bassin pouvant recevoir jusqu\u2019\u00e0 une tonne d\u2019eau, deux glaci\u00e8res, et des batteries prodiguant 10 heures d\u2019autonomie au jacuzzi et 5 heures de navigation.\" \/>\n<meta name=\"robots\" content=\"index, follow, max-snippet:-1, max-image-preview:large, max-video-preview:-1\" \/>\n<link rel=\"canonical\" href=\"https:\/\/www.toys4vip.com\/fr\/luxury-toy\/hot-tub-boats\/219\/\" \/>\n<meta property=\"og:locale\" content=\"fr_FR\" \/>\n<meta property=\"og:type\" content=\"article\" \/>\n<meta property=\"og:title\" content=\"HOT TUB BOATS - Toys4Vip\" \/>\n<meta property=\"og:description\" content=\"Voici le bateau-jacuzzi \u00e9lectrique haut de gamme.Envie de se faire une petite escapade en mer ? Optez pour le Hot tub boat, un bateau jacuzzi \u00e9lectrique fonctionnant au diesel, dot\u00e9 d\u2019un syst\u00e8me audio MP3 waterproof, un bassin pouvant recevoir jusqu\u2019\u00e0 une tonne d\u2019eau, deux glaci\u00e8res, et des batteries prodiguant 10 heures d\u2019autonomie au jacuzzi et 5 heures de navigation.\" \/>\n<meta property=\"og:url\" content=\"https:\/\/www.toys4vip.com\/fr\/luxury-toy\/hot-tub-boats\/219\/\" \/>\n<meta property=\"og:site_name\" content=\"Toys4Vip\" \/>\n<meta property=\"article:modified_time\" content=\"2021-11-13T11:07:20+00:00\" \/>\n<meta property=\"og:image\" content=\"https:\/\/www.toys4vip.com\/app\/uploads\/2021\/11\/main-176.jpg\" \/>\n\t<meta property=\"og:image:width\" content=\"960\" \/>\n\t<meta property=\"og:image:height\" content=\"640\" \/>\n<meta name=\"twitter:card\" content=\"summary_large_image\" \/>\n<script type=\"application\/ld+json\" class=\"yoast-schema-graph\">{\"@context\":\"https:\/\/schema.org\",\"@graph\":[{\"@type\":\"WebSite\",\"@id\":\"https:\/\/www.toys4vip.com\/fr\/#website\",\"url\":\"https:\/\/www.toys4vip.com\/fr\/\",\"name\":\"Toys4Vip\",\"description\":\"Jouets de luxe nouveau concept store\",\"potentialAction\":[{\"@type\":\"SearchAction\",\"target\":{\"@type\":\"EntryPoint\",\"urlTemplate\":\"https:\/\/www.toys4vip.com\/fr\/?s={search_term_string}\"},\"query-input\":\"required name=search_term_string\"}],\"inLanguage\":\"fr-FR\"},{\"@type\":\"ImageObject\",\"@id\":\"https:\/\/www.toys4vip.com\/fr\/luxury-toy\/hot-tub-boats\/219\/#primaryimage\",\"inLanguage\":\"fr-FR\",\"url\":\"https:\/\/www.toys4vip.com\/app\/uploads\/2021\/11\/main-176.jpg\",\"contentUrl\":\"https:\/\/www.toys4vip.com\/app\/uploads\/2021\/11\/main-176.jpg\",\"width\":960,\"height\":640},{\"@type\":\"WebPage\",\"@id\":\"https:\/\/www.toys4vip.com\/fr\/luxury-toy\/hot-tub-boats\/219\/#webpage\",\"url\":\"https:\/\/www.toys4vip.com\/fr\/luxury-toy\/hot-tub-boats\/219\/\",\"name\":\"HOT TUB BOATS - Toys4Vip\",\"isPartOf\":{\"@id\":\"https:\/\/www.toys4vip.com\/fr\/#website\"},\"primaryImageOfPage\":{\"@id\":\"https:\/\/www.toys4vip.com\/fr\/luxury-toy\/hot-tub-boats\/219\/#primaryimage\"},\"datePublished\":\"2021-11-02T10:29:44+00:00\",\"dateModified\":\"2021-11-13T11:07:20+00:00\",\"description\":\"Voici le bateau-jacuzzi \\u00e9lectrique haut de gamme.Envie de se faire une petite escapade en mer ? Optez pour le Hot tub boat, un bateau jacuzzi \\u00e9lectrique fonctionnant au diesel, dot\\u00e9 d\\u2019un syst\\u00e8me audio MP3 waterproof, un bassin pouvant recevoir jusqu\\u2019\\u00e0 une tonne d\\u2019eau, deux glaci\\u00e8res, et des batteries prodiguant 10 heures d\\u2019autonomie au jacuzzi et 5 heures de navigation.\",\"breadcrumb\":{\"@id\":\"https:\/\/www.toys4vip.com\/fr\/luxury-toy\/hot-tub-boats\/219\/#breadcrumb\"},\"inLanguage\":\"fr-FR\",\"potentialAction\":[{\"@type\":\"ReadAction\",\"target\":[\"https:\/\/www.toys4vip.com\/fr\/luxury-toy\/hot-tub-boats\/219\/\"]}]},{\"@type\":\"BreadcrumbList\",\"@id\":\"https:\/\/www.toys4vip.com\/fr\/luxury-toy\/hot-tub-boats\/219\/#breadcrumb\",\"itemListElement\":[{\"@type\":\"ListItem\",\"position\":1,\"name\":\"Home\",\"item\":\"https:\/\/www.toys4vip.com\/fr\/\"},{\"@type\":\"ListItem\",\"position\":2,\"name\":\"Objets \/ Cat\\u00e9gories\",\"item\":\"https:\/\/www.toys4vip.com\/fr\/luxury-toys\/\"},{\"@type\":\"ListItem\",\"position\":3,\"name\":\"HOT TUB BOATS\"}]}]}<\/script>\n<!-- \/ Yoast SEO plugin. -->","yoast_head_json":{"title":"HOT TUB BOATS - Toys4Vip","description":"Voici le bateau-jacuzzi \u00e9lectrique haut de gamme.Envie de se faire une petite escapade en mer ? Optez pour le Hot tub boat, un bateau jacuzzi \u00e9lectrique fonctionnant au diesel, dot\u00e9 d\u2019un syst\u00e8me audio MP3 waterproof, un bassin pouvant recevoir jusqu\u2019\u00e0 une tonne d\u2019eau, deux glaci\u00e8res, et des batteries prodiguant 10 heures d\u2019autonomie au jacuzzi et 5 heures de navigation.","robots":{"index":"index","follow":"follow","max-snippet":"max-snippet:-1","max-image-preview":"max-image-preview:large","max-video-preview":"max-video-preview:-1"},"canonical":"https:\/\/www.toys4vip.com\/fr\/luxury-toy\/hot-tub-boats\/219\/","og_locale":"fr_FR","og_type":"article","og_title":"HOT TUB BOATS - Toys4Vip","og_description":"Voici le bateau-jacuzzi \u00e9lectrique haut de gamme.Envie de se faire une petite escapade en mer ? Optez pour le Hot tub boat, un bateau jacuzzi \u00e9lectrique fonctionnant au diesel, dot\u00e9 d\u2019un syst\u00e8me audio MP3 waterproof, un bassin pouvant recevoir jusqu\u2019\u00e0 une tonne d\u2019eau, deux glaci\u00e8res, et des batteries prodiguant 10 heures d\u2019autonomie au jacuzzi et 5 heures de navigation.","og_url":"https:\/\/www.toys4vip.com\/fr\/luxury-toy\/hot-tub-boats\/219\/","og_site_name":"Toys4Vip","article_modified_time":"2021-11-13T11:07:20+00:00","og_image":[{"width":960,"height":640,"url":"https:\/\/www.toys4vip.com\/app\/uploads\/2021\/11\/main-176.jpg","type":"image\/jpeg"}],"twitter_card":"summary_large_image","schema":{"@context":"https:\/\/schema.org","@graph":[{"@type":"WebSite","@id":"https:\/\/www.toys4vip.com\/fr\/#website","url":"https:\/\/www.toys4vip.com\/fr\/","name":"Toys4Vip","description":"Jouets de luxe nouveau concept store","potentialAction":[{"@type":"SearchAction","target":{"@type":"EntryPoint","urlTemplate":"https:\/\/www.toys4vip.com\/fr\/?s={search_term_string}"},"query-input":"required name=search_term_string"}],"inLanguage":"fr-FR"},{"@type":"ImageObject","@id":"https:\/\/www.toys4vip.com\/fr\/luxury-toy\/hot-tub-boats\/219\/#primaryimage","inLanguage":"fr-FR","url":"https:\/\/www.toys4vip.com\/app\/uploads\/2021\/11\/main-176.jpg","contentUrl":"https:\/\/www.toys4vip.com\/app\/uploads\/2021\/11\/main-176.jpg","width":960,"height":640},{"@type":"WebPage","@id":"https:\/\/www.toys4vip.com\/fr\/luxury-toy\/hot-tub-boats\/219\/#webpage","url":"https:\/\/www.toys4vip.com\/fr\/luxury-toy\/hot-tub-boats\/219\/","name":"HOT TUB BOATS - Toys4Vip","isPartOf":{"@id":"https:\/\/www.toys4vip.com\/fr\/#website"},"primaryImageOfPage":{"@id":"https:\/\/www.toys4vip.com\/fr\/luxury-toy\/hot-tub-boats\/219\/#primaryimage"},"datePublished":"2021-11-02T10:29:44+00:00","dateModified":"2021-11-13T11:07:20+00:00","description":"Voici le bateau-jacuzzi \u00e9lectrique haut de gamme.Envie de se faire une petite escapade en mer ? Optez pour le Hot tub boat, un bateau jacuzzi \u00e9lectrique fonctionnant au diesel, dot\u00e9 d\u2019un syst\u00e8me audio MP3 waterproof, un bassin pouvant recevoir jusqu\u2019\u00e0 une tonne d\u2019eau, deux glaci\u00e8res, et des batteries prodiguant 10 heures d\u2019autonomie au jacuzzi et 5 heures de navigation.","breadcrumb":{"@id":"https:\/\/www.toys4vip.com\/fr\/luxury-toy\/hot-tub-boats\/219\/#breadcrumb"},"inLanguage":"fr-FR","potentialAction":[{"@type":"ReadAction","target":["https:\/\/www.toys4vip.com\/fr\/luxury-toy\/hot-tub-boats\/219\/"]}]},{"@type":"BreadcrumbList","@id":"https:\/\/www.toys4vip.com\/fr\/luxury-toy\/hot-tub-boats\/219\/#breadcrumb","itemListElement":[{"@type":"ListItem","position":1,"name":"Home","item":"https:\/\/www.toys4vip.com\/fr\/"},{"@type":"ListItem","position":2,"name":"Objets \/ Cat\u00e9gories","item":"https:\/\/www.toys4vip.com\/fr\/luxury-toys\/"},{"@type":"ListItem","position":3,"name":"HOT TUB BOATS"}]}]}},"_links":{"self":[{"href":"https:\/\/www.toys4vip.com\/fr\/wp-json\/wp\/v2\/product\/963"}],"collection":[{"href":"https:\/\/www.toys4vip.com\/fr\/wp-json\/wp\/v2\/product"}],"about":[{"href":"https:\/\/www.toys4vip.com\/fr\/wp-json\/wp\/v2\/types\/product"}],"replies":[{"embeddable":true,"href":"https:\/\/www.toys4vip.com\/fr\/wp-json\/wp\/v2\/comments?post=963"}],"wp:featuredmedia":[{"embeddable":true,"href":"https:\/\/www.toys4vip.com\/fr\/wp-json\/wp\/v2\/media\/961"}],"wp:attachment":[{"href":"https:\/\/www.toys4vip.com\/fr\/wp-json\/wp\/v2\/media?parent=963"}],"wp:term":[{"taxonomy":"product_cat","embeddable":true,"href":"https:\/\/www.toys4vip.com\/fr\/wp-json\/wp\/v2\/product_cat?post=963"},{"taxonomy":"product_tag","embeddable":true,"href":"https:\/\/www.toys4vip.com\/fr\/wp-json\/wp\/v2\/product_tag?post=963"}],"curies":[{"name":"wp","href":"https:\/\/api.w.org\/{rel}","templated":true}]}}