{"id":954,"date":"2021-11-02T10:29:43","date_gmt":"2021-11-02T10:29:43","guid":{"rendered":"https:\/\/toys4vip.com\/produit\/seabob-cayago-f7\/"},"modified":"2021-11-08T09:49:24","modified_gmt":"2021-11-08T09:49:24","slug":"seabob-cayago-f7","status":"publish","type":"product","link":"https:\/\/www.toys4vip.com\/fr\/luxury-toy\/seabob-cayago-f7\/214\/","title":{"rendered":"SEABOB CAYAGO F7"},"content":{"rendered":"<p>Le SEABOB CAYAGO F7 est l&rsquo;\u00e9pitom\u00e9 absolu de la force, de l&rsquo;intelligence technologique et de la fonction parfaite. Avec une pouss\u00e9e in\u00e9gal\u00e9e de plus de 700 newton, c&rsquo;est le plus puissant parmi le SEABOB voyage en jet et peut atteindre des vitesses de jusqu&rsquo;\u00e0 20 km\/h. Cette ex\u00e9cution exceptionnelle peut \u00eatre r\u00e9gl\u00e9e par 10 vitesses et permet les d\u00e9calages hauts pr\u00e9cis pour diff\u00e9rents mod\u00e8les de conduite. Pour l&rsquo;amusement sans fin dans l&rsquo;eau, le CAYAGO F7 a un syst\u00e8me intelligent de changement d&rsquo;accumulateur.<\/p>\n<p>Couronnes tr\u00e8s sp\u00e9ciales d&rsquo;un point culminant que l&rsquo;histoire de succ\u00e8s du SEABOB le plus puissant voyagent en jet : Le F7 est maintenant disponible dans une \u00e9dition limit\u00e9e de CHROME d&rsquo;OPUS. Seulement 500 exemples de cette eau f\u00f4latre le m\u00e9tier seront enduits ext\u00e9rieur avec un syst\u00e8me enduisant de CHROME d&rsquo;OPUS de haute qualit\u00e9. Une finition de qualit\u00e9 sup\u00e9rieure fournit la lueur vacillante attirante d&rsquo;un enduit v\u00e9ritable de CHROME d&rsquo;OPUS.<\/p>\n<p>Puissance maximale jusqu\u2018\u00e0 : 5,2 kW (7 ch)<br \/>\nCouple maximal jusqu\u2018\u00e0 : 22 Nm<br \/>\nPouss\u00e9e maximale jusqu\u2018\u00e0 : 734 N<br \/>\nVitesse, sur l\u2018eau, jusqu\u2018\u00e0 : 20 km\/h<br \/>\nVitesse, sous l\u2018eau, jusqu\u2018\u00e0 : 14 km\/h<br \/>\nR\u00e9gulation de la vitesse : 10 paliers de puissance entre 10 % et 100 % par touches pi\u00e9zo<br \/>\n\u00c9nergie : 14 accumulateurs CAYAGO-Power High-Energy Li-Ion (sans effet de m\u00e9moire)<br \/>\nPoids par cellule d\u2019accumulateur : 1 kg (x 14)<br \/>\nCapacit\u00e9 totale approx. : 2,1 kW\/h; 56 V; 40 Ah<br \/>\nDur\u00e9e de fonctionnement en moyenne : 60 minutes<br \/>\nDur\u00e9e de chargement standard approx. : 10-12 heures<br \/>\nDur\u00e9e de chargement rapide approx. : 110 minutes<br \/>\nACS (Accumulator Change System) : Le syst\u00e8me d\u2018accumulateurs peut \u00eatre remplac\u00e9 en cas d\u2018utilisation prolong\u00e9e<br \/>\nProfondeur de plong\u00e9e : 40 m\u00e8tres<br \/>\nDimensions (L x l x H) : 1.296 x 481 x 379 (en mm)<br \/>\nPoids approx. : 64 kg<br \/>\nPortance dans l\u2018eau approx. : 8 kg<br \/>\nOption : Cadre de l\u2019\u00e9cran et inscription en design chrom\u00e9<br \/>\n\u00c9quipement sp\u00e9cial : Dispositif de fixation pour syst\u00e8me de ceinture du pilote<\/p>\n","protected":false},"excerpt":{"rendered":"<p>Le SEABOB CAYAGO F7 est l&rsquo;\u00e9pitom\u00e9 absolu de la force, de l&rsquo;intelligence technologique et de la fonction parfaite. Avec une pouss\u00e9e in\u00e9gal\u00e9e de plus de 700 newton, c&rsquo;est le plus puissant parmi le SEABOB voyage en jet et peut atteindre des vitesses de jusqu&rsquo;\u00e0 20 km\/h. Cette ex\u00e9cution exceptionnelle peut \u00eatre r\u00e9gl\u00e9e par 10 vitesses [&hellip;]<\/p>\n","protected":false},"featured_media":952,"comment_status":"open","ping_status":"closed","template":"","meta":[],"product_cat":[33],"product_tag":[],"yoast_head":"<!-- This site is optimized with the Yoast SEO plugin v17.4 - https:\/\/yoast.com\/wordpress\/plugins\/seo\/ -->\n<title>SEABOB CAYAGO F7 - Toys4Vip<\/title>\n<meta name=\"description\" content=\"Le SEABOB CAYAGO F7 est l&#039;\u00e9pitom\u00e9 absolu de la force, de l&#039;intelligence technologique et de la fonction parfaite. Avec une pouss\u00e9e in\u00e9gal\u00e9e de plus de 700 newton, c&#039;est le plus puissant parmi le SEABOB voyage en jet et peut atteindre des vitesses de jusqu&#039;\u00e0 20 km\/h. Cette ex\u00e9cution exceptionnelle peut \u00eatre r\u00e9gl\u00e9e par 10 vitesses et permet les d\u00e9calages hauts pr\u00e9cis pour diff\u00e9rents mod\u00e8les de conduite. Pour l&#039;amusement sans fin dans l&#039;eau, le CAYAGO F7 a un syst\u00e8me intelligent de changement d&#039;accumulateur.\" \/>\n<meta name=\"robots\" content=\"index, follow, max-snippet:-1, max-image-preview:large, max-video-preview:-1\" \/>\n<link rel=\"canonical\" href=\"https:\/\/www.toys4vip.com\/fr\/luxury-toy\/seabob-cayago-f7\/214\/\" \/>\n<meta property=\"og:locale\" content=\"fr_FR\" \/>\n<meta property=\"og:type\" content=\"article\" \/>\n<meta property=\"og:title\" content=\"SEABOB CAYAGO F7 - Toys4Vip\" \/>\n<meta property=\"og:description\" content=\"Le SEABOB CAYAGO F7 est l&#039;\u00e9pitom\u00e9 absolu de la force, de l&#039;intelligence technologique et de la fonction parfaite. Avec une pouss\u00e9e in\u00e9gal\u00e9e de plus de 700 newton, c&#039;est le plus puissant parmi le SEABOB voyage en jet et peut atteindre des vitesses de jusqu&#039;\u00e0 20 km\/h. Cette ex\u00e9cution exceptionnelle peut \u00eatre r\u00e9gl\u00e9e par 10 vitesses et permet les d\u00e9calages hauts pr\u00e9cis pour diff\u00e9rents mod\u00e8les de conduite. Pour l&#039;amusement sans fin dans l&#039;eau, le CAYAGO F7 a un syst\u00e8me intelligent de changement d&#039;accumulateur.\" \/>\n<meta property=\"og:url\" content=\"https:\/\/www.toys4vip.com\/fr\/luxury-toy\/seabob-cayago-f7\/214\/\" \/>\n<meta property=\"og:site_name\" content=\"Toys4Vip\" \/>\n<meta property=\"article:modified_time\" content=\"2021-11-08T09:49:24+00:00\" \/>\n<meta property=\"og:image\" content=\"https:\/\/www.toys4vip.com\/app\/uploads\/2021\/11\/main-173.jpg\" \/>\n\t<meta property=\"og:image:width\" content=\"960\" \/>\n\t<meta property=\"og:image:height\" content=\"480\" \/>\n<meta name=\"twitter:card\" content=\"summary_large_image\" \/>\n<meta name=\"twitter:label1\" content=\"Dur\u00e9e de lecture est.\" \/>\n\t<meta name=\"twitter:data1\" content=\"2 minutes\" \/>\n<script type=\"application\/ld+json\" class=\"yoast-schema-graph\">{\"@context\":\"https:\/\/schema.org\",\"@graph\":[{\"@type\":\"WebSite\",\"@id\":\"https:\/\/www.toys4vip.com\/fr\/#website\",\"url\":\"https:\/\/www.toys4vip.com\/fr\/\",\"name\":\"Toys4Vip\",\"description\":\"Jouets de luxe nouveau concept store\",\"potentialAction\":[{\"@type\":\"SearchAction\",\"target\":{\"@type\":\"EntryPoint\",\"urlTemplate\":\"https:\/\/www.toys4vip.com\/fr\/?s={search_term_string}\"},\"query-input\":\"required name=search_term_string\"}],\"inLanguage\":\"fr-FR\"},{\"@type\":\"ImageObject\",\"@id\":\"https:\/\/www.toys4vip.com\/fr\/luxury-toy\/seabob-cayago-f7\/214\/#primaryimage\",\"inLanguage\":\"fr-FR\",\"url\":\"https:\/\/www.toys4vip.com\/app\/uploads\/2021\/11\/main-173.jpg\",\"contentUrl\":\"https:\/\/www.toys4vip.com\/app\/uploads\/2021\/11\/main-173.jpg\",\"width\":960,\"height\":480},{\"@type\":\"WebPage\",\"@id\":\"https:\/\/www.toys4vip.com\/fr\/luxury-toy\/seabob-cayago-f7\/214\/#webpage\",\"url\":\"https:\/\/www.toys4vip.com\/fr\/luxury-toy\/seabob-cayago-f7\/214\/\",\"name\":\"SEABOB CAYAGO F7 - Toys4Vip\",\"isPartOf\":{\"@id\":\"https:\/\/www.toys4vip.com\/fr\/#website\"},\"primaryImageOfPage\":{\"@id\":\"https:\/\/www.toys4vip.com\/fr\/luxury-toy\/seabob-cayago-f7\/214\/#primaryimage\"},\"datePublished\":\"2021-11-02T10:29:43+00:00\",\"dateModified\":\"2021-11-08T09:49:24+00:00\",\"description\":\"Le SEABOB CAYAGO F7 est l'\\u00e9pitom\\u00e9 absolu de la force, de l'intelligence technologique et de la fonction parfaite. Avec une pouss\\u00e9e in\\u00e9gal\\u00e9e de plus de 700 newton, c'est le plus puissant parmi le SEABOB voyage en jet et peut atteindre des vitesses de jusqu'\\u00e0 20 km\/h. Cette ex\\u00e9cution exceptionnelle peut \\u00eatre r\\u00e9gl\\u00e9e par 10 vitesses et permet les d\\u00e9calages hauts pr\\u00e9cis pour diff\\u00e9rents mod\\u00e8les de conduite. Pour l'amusement sans fin dans l'eau, le CAYAGO F7 a un syst\\u00e8me intelligent de changement d'accumulateur.\",\"breadcrumb\":{\"@id\":\"https:\/\/www.toys4vip.com\/fr\/luxury-toy\/seabob-cayago-f7\/214\/#breadcrumb\"},\"inLanguage\":\"fr-FR\",\"potentialAction\":[{\"@type\":\"ReadAction\",\"target\":[\"https:\/\/www.toys4vip.com\/fr\/luxury-toy\/seabob-cayago-f7\/214\/\"]}]},{\"@type\":\"BreadcrumbList\",\"@id\":\"https:\/\/www.toys4vip.com\/fr\/luxury-toy\/seabob-cayago-f7\/214\/#breadcrumb\",\"itemListElement\":[{\"@type\":\"ListItem\",\"position\":1,\"name\":\"Home\",\"item\":\"https:\/\/www.toys4vip.com\/fr\/\"},{\"@type\":\"ListItem\",\"position\":2,\"name\":\"Objets \/ Cat\\u00e9gories\",\"item\":\"https:\/\/www.toys4vip.com\/fr\/luxury-toys\/\"},{\"@type\":\"ListItem\",\"position\":3,\"name\":\"SEABOB CAYAGO F7\"}]}]}<\/script>\n<!-- \/ Yoast SEO plugin. -->","yoast_head_json":{"title":"SEABOB CAYAGO F7 - Toys4Vip","description":"Le SEABOB CAYAGO F7 est l'\u00e9pitom\u00e9 absolu de la force, de l'intelligence technologique et de la fonction parfaite. Avec une pouss\u00e9e in\u00e9gal\u00e9e de plus de 700 newton, c'est le plus puissant parmi le SEABOB voyage en jet et peut atteindre des vitesses de jusqu'\u00e0 20 km\/h. Cette ex\u00e9cution exceptionnelle peut \u00eatre r\u00e9gl\u00e9e par 10 vitesses et permet les d\u00e9calages hauts pr\u00e9cis pour diff\u00e9rents mod\u00e8les de conduite. Pour l'amusement sans fin dans l'eau, le CAYAGO F7 a un syst\u00e8me intelligent de changement d'accumulateur.","robots":{"index":"index","follow":"follow","max-snippet":"max-snippet:-1","max-image-preview":"max-image-preview:large","max-video-preview":"max-video-preview:-1"},"canonical":"https:\/\/www.toys4vip.com\/fr\/luxury-toy\/seabob-cayago-f7\/214\/","og_locale":"fr_FR","og_type":"article","og_title":"SEABOB CAYAGO F7 - Toys4Vip","og_description":"Le SEABOB CAYAGO F7 est l'\u00e9pitom\u00e9 absolu de la force, de l'intelligence technologique et de la fonction parfaite. Avec une pouss\u00e9e in\u00e9gal\u00e9e de plus de 700 newton, c'est le plus puissant parmi le SEABOB voyage en jet et peut atteindre des vitesses de jusqu'\u00e0 20 km\/h. Cette ex\u00e9cution exceptionnelle peut \u00eatre r\u00e9gl\u00e9e par 10 vitesses et permet les d\u00e9calages hauts pr\u00e9cis pour diff\u00e9rents mod\u00e8les de conduite. Pour l'amusement sans fin dans l'eau, le CAYAGO F7 a un syst\u00e8me intelligent de changement d'accumulateur.","og_url":"https:\/\/www.toys4vip.com\/fr\/luxury-toy\/seabob-cayago-f7\/214\/","og_site_name":"Toys4Vip","article_modified_time":"2021-11-08T09:49:24+00:00","og_image":[{"width":960,"height":480,"url":"https:\/\/www.toys4vip.com\/app\/uploads\/2021\/11\/main-173.jpg","type":"image\/jpeg"}],"twitter_card":"summary_large_image","twitter_misc":{"Dur\u00e9e de lecture est.":"2 minutes"},"schema":{"@context":"https:\/\/schema.org","@graph":[{"@type":"WebSite","@id":"https:\/\/www.toys4vip.com\/fr\/#website","url":"https:\/\/www.toys4vip.com\/fr\/","name":"Toys4Vip","description":"Jouets de luxe nouveau concept store","potentialAction":[{"@type":"SearchAction","target":{"@type":"EntryPoint","urlTemplate":"https:\/\/www.toys4vip.com\/fr\/?s={search_term_string}"},"query-input":"required name=search_term_string"}],"inLanguage":"fr-FR"},{"@type":"ImageObject","@id":"https:\/\/www.toys4vip.com\/fr\/luxury-toy\/seabob-cayago-f7\/214\/#primaryimage","inLanguage":"fr-FR","url":"https:\/\/www.toys4vip.com\/app\/uploads\/2021\/11\/main-173.jpg","contentUrl":"https:\/\/www.toys4vip.com\/app\/uploads\/2021\/11\/main-173.jpg","width":960,"height":480},{"@type":"WebPage","@id":"https:\/\/www.toys4vip.com\/fr\/luxury-toy\/seabob-cayago-f7\/214\/#webpage","url":"https:\/\/www.toys4vip.com\/fr\/luxury-toy\/seabob-cayago-f7\/214\/","name":"SEABOB CAYAGO F7 - Toys4Vip","isPartOf":{"@id":"https:\/\/www.toys4vip.com\/fr\/#website"},"primaryImageOfPage":{"@id":"https:\/\/www.toys4vip.com\/fr\/luxury-toy\/seabob-cayago-f7\/214\/#primaryimage"},"datePublished":"2021-11-02T10:29:43+00:00","dateModified":"2021-11-08T09:49:24+00:00","description":"Le SEABOB CAYAGO F7 est l'\u00e9pitom\u00e9 absolu de la force, de l'intelligence technologique et de la fonction parfaite. Avec une pouss\u00e9e in\u00e9gal\u00e9e de plus de 700 newton, c'est le plus puissant parmi le SEABOB voyage en jet et peut atteindre des vitesses de jusqu'\u00e0 20 km\/h. Cette ex\u00e9cution exceptionnelle peut \u00eatre r\u00e9gl\u00e9e par 10 vitesses et permet les d\u00e9calages hauts pr\u00e9cis pour diff\u00e9rents mod\u00e8les de conduite. Pour l'amusement sans fin dans l'eau, le CAYAGO F7 a un syst\u00e8me intelligent de changement d'accumulateur.","breadcrumb":{"@id":"https:\/\/www.toys4vip.com\/fr\/luxury-toy\/seabob-cayago-f7\/214\/#breadcrumb"},"inLanguage":"fr-FR","potentialAction":[{"@type":"ReadAction","target":["https:\/\/www.toys4vip.com\/fr\/luxury-toy\/seabob-cayago-f7\/214\/"]}]},{"@type":"BreadcrumbList","@id":"https:\/\/www.toys4vip.com\/fr\/luxury-toy\/seabob-cayago-f7\/214\/#breadcrumb","itemListElement":[{"@type":"ListItem","position":1,"name":"Home","item":"https:\/\/www.toys4vip.com\/fr\/"},{"@type":"ListItem","position":2,"name":"Objets \/ Cat\u00e9gories","item":"https:\/\/www.toys4vip.com\/fr\/luxury-toys\/"},{"@type":"ListItem","position":3,"name":"SEABOB CAYAGO F7"}]}]}},"_links":{"self":[{"href":"https:\/\/www.toys4vip.com\/fr\/wp-json\/wp\/v2\/product\/954"}],"collection":[{"href":"https:\/\/www.toys4vip.com\/fr\/wp-json\/wp\/v2\/product"}],"about":[{"href":"https:\/\/www.toys4vip.com\/fr\/wp-json\/wp\/v2\/types\/product"}],"replies":[{"embeddable":true,"href":"https:\/\/www.toys4vip.com\/fr\/wp-json\/wp\/v2\/comments?post=954"}],"wp:featuredmedia":[{"embeddable":true,"href":"https:\/\/www.toys4vip.com\/fr\/wp-json\/wp\/v2\/media\/952"}],"wp:attachment":[{"href":"https:\/\/www.toys4vip.com\/fr\/wp-json\/wp\/v2\/media?parent=954"}],"wp:term":[{"taxonomy":"product_cat","embeddable":true,"href":"https:\/\/www.toys4vip.com\/fr\/wp-json\/wp\/v2\/product_cat?post=954"},{"taxonomy":"product_tag","embeddable":true,"href":"https:\/\/www.toys4vip.com\/fr\/wp-json\/wp\/v2\/product_tag?post=954"}],"curies":[{"name":"wp","href":"https:\/\/api.w.org\/{rel}","templated":true}]}}