{"id":870,"date":"2021-11-02T10:29:28","date_gmt":"2021-11-02T10:29:28","guid":{"rendered":"https:\/\/toys4vip.com\/produit\/lampadaire-horse-lamp\/"},"modified":"2021-11-18T17:02:24","modified_gmt":"2021-11-18T16:02:24","slug":"lampadaire-horse-lamp","status":"publish","type":"product","link":"https:\/\/www.toys4vip.com\/fr\/luxury-toy\/lampadaire-horse-lamp\/175\/","title":{"rendered":"Lampadaire Horse Lamp"},"content":{"rendered":"<p>Horse Lamp est un lampadaire design cr\u00e9\u00e9 et dessin\u00e9 en 2006 par Front Design un quatuor de designeurs su\u00e9dois pour la c\u00e9l\u00e8bre marque Moooi.<br \/>\nHorse Lamp de Moooi est un lampadaire plus qu&rsquo;original, il repr\u00e9sente grandeur nature un cheval surmont\u00e9 d&rsquo;un abat-jour sur le cr\u00e2ne, effet d\u00e9cal\u00e9 garanti.<\/p>\n<p>Type de produit : Lampadaire<br \/>\nCouleur : Noir<br \/>\nMati\u00e8re : Polyester<br \/>\nDimensions : H 210 x l 90 x L 230 cm<br \/>\nCaract\u00e9ristiques : 1 ampoule satin\u00e9 E27 max 100 Watt (non fournie)<\/p>\n","protected":false},"excerpt":{"rendered":"<p>Horse Lamp est un lampadaire design cr\u00e9\u00e9 et dessin\u00e9 en 2006 par Front Design un quatuor de designeurs su\u00e9dois pour la c\u00e9l\u00e8bre marque Moooi. Horse Lamp de Moooi est un lampadaire plus qu&rsquo;original, il repr\u00e9sente grandeur nature un cheval surmont\u00e9 d&rsquo;un abat-jour sur le cr\u00e2ne, effet d\u00e9cal\u00e9 garanti. Type de produit : Lampadaire Couleur : [&hellip;]<\/p>\n","protected":false},"featured_media":868,"comment_status":"open","ping_status":"closed","template":"","meta":[],"product_cat":[42],"product_tag":[],"yoast_head":"<!-- This site is optimized with the Yoast SEO plugin v17.4 - https:\/\/yoast.com\/wordpress\/plugins\/seo\/ -->\n<title>Lampadaire Horse Lamp - Toys4Vip<\/title>\n<meta name=\"description\" content=\"Horse Lamp est un lampadaire design cr\u00e9\u00e9 et dessin\u00e9 en 2006 par Front Design un quatuor de designeurs su\u00e9dois pour la c\u00e9l\u00e8bre marque Moooi.Horse Lamp de Moooi est un lampadaire plus qu&#039;original, il repr\u00e9sente grandeur nature un cheval surmont\u00e9 d&#039;un abat-jour sur le cr\u00e2ne, effet d\u00e9cal\u00e9 garanti.\" \/>\n<meta name=\"robots\" content=\"index, follow, max-snippet:-1, max-image-preview:large, max-video-preview:-1\" \/>\n<link rel=\"canonical\" href=\"https:\/\/www.toys4vip.com\/fr\/luxury-toy\/lampadaire-horse-lamp\/175\/\" \/>\n<meta property=\"og:locale\" content=\"fr_FR\" \/>\n<meta property=\"og:type\" content=\"article\" \/>\n<meta property=\"og:title\" content=\"Lampadaire Horse Lamp - Toys4Vip\" \/>\n<meta property=\"og:description\" content=\"Horse Lamp est un lampadaire design cr\u00e9\u00e9 et dessin\u00e9 en 2006 par Front Design un quatuor de designeurs su\u00e9dois pour la c\u00e9l\u00e8bre marque Moooi.Horse Lamp de Moooi est un lampadaire plus qu&#039;original, il repr\u00e9sente grandeur nature un cheval surmont\u00e9 d&#039;un abat-jour sur le cr\u00e2ne, effet d\u00e9cal\u00e9 garanti.\" \/>\n<meta property=\"og:url\" content=\"https:\/\/www.toys4vip.com\/fr\/luxury-toy\/lampadaire-horse-lamp\/175\/\" \/>\n<meta property=\"og:site_name\" content=\"Toys4Vip\" \/>\n<meta property=\"article:modified_time\" content=\"2021-11-18T16:02:24+00:00\" \/>\n<meta property=\"og:image\" content=\"https:\/\/www.toys4vip.com\/app\/uploads\/2021\/11\/main-145.jpg\" \/>\n\t<meta property=\"og:image:width\" content=\"733\" \/>\n\t<meta property=\"og:image:height\" content=\"1100\" \/>\n<meta name=\"twitter:card\" content=\"summary_large_image\" \/>\n<script type=\"application\/ld+json\" class=\"yoast-schema-graph\">{\"@context\":\"https:\/\/schema.org\",\"@graph\":[{\"@type\":\"WebSite\",\"@id\":\"https:\/\/www.toys4vip.com\/fr\/#website\",\"url\":\"https:\/\/www.toys4vip.com\/fr\/\",\"name\":\"Toys4Vip\",\"description\":\"Jouets de luxe nouveau concept store\",\"potentialAction\":[{\"@type\":\"SearchAction\",\"target\":{\"@type\":\"EntryPoint\",\"urlTemplate\":\"https:\/\/www.toys4vip.com\/fr\/?s={search_term_string}\"},\"query-input\":\"required name=search_term_string\"}],\"inLanguage\":\"fr-FR\"},{\"@type\":\"ImageObject\",\"@id\":\"https:\/\/www.toys4vip.com\/fr\/luxury-toy\/lampadaire-horse-lamp\/175\/#primaryimage\",\"inLanguage\":\"fr-FR\",\"url\":\"https:\/\/www.toys4vip.com\/app\/uploads\/2021\/11\/main-145.jpg\",\"contentUrl\":\"https:\/\/www.toys4vip.com\/app\/uploads\/2021\/11\/main-145.jpg\",\"width\":733,\"height\":1100},{\"@type\":\"WebPage\",\"@id\":\"https:\/\/www.toys4vip.com\/fr\/luxury-toy\/lampadaire-horse-lamp\/175\/#webpage\",\"url\":\"https:\/\/www.toys4vip.com\/fr\/luxury-toy\/lampadaire-horse-lamp\/175\/\",\"name\":\"Lampadaire Horse Lamp - Toys4Vip\",\"isPartOf\":{\"@id\":\"https:\/\/www.toys4vip.com\/fr\/#website\"},\"primaryImageOfPage\":{\"@id\":\"https:\/\/www.toys4vip.com\/fr\/luxury-toy\/lampadaire-horse-lamp\/175\/#primaryimage\"},\"datePublished\":\"2021-11-02T10:29:28+00:00\",\"dateModified\":\"2021-11-18T16:02:24+00:00\",\"description\":\"Horse Lamp est un lampadaire design cr\\u00e9\\u00e9 et dessin\\u00e9 en 2006 par Front Design un quatuor de designeurs su\\u00e9dois pour la c\\u00e9l\\u00e8bre marque Moooi.Horse Lamp de Moooi est un lampadaire plus qu'original, il repr\\u00e9sente grandeur nature un cheval surmont\\u00e9 d'un abat-jour sur le cr\\u00e2ne, effet d\\u00e9cal\\u00e9 garanti.\",\"breadcrumb\":{\"@id\":\"https:\/\/www.toys4vip.com\/fr\/luxury-toy\/lampadaire-horse-lamp\/175\/#breadcrumb\"},\"inLanguage\":\"fr-FR\",\"potentialAction\":[{\"@type\":\"ReadAction\",\"target\":[\"https:\/\/www.toys4vip.com\/fr\/luxury-toy\/lampadaire-horse-lamp\/175\/\"]}]},{\"@type\":\"BreadcrumbList\",\"@id\":\"https:\/\/www.toys4vip.com\/fr\/luxury-toy\/lampadaire-horse-lamp\/175\/#breadcrumb\",\"itemListElement\":[{\"@type\":\"ListItem\",\"position\":1,\"name\":\"Home\",\"item\":\"https:\/\/www.toys4vip.com\/fr\/\"},{\"@type\":\"ListItem\",\"position\":2,\"name\":\"Objets \/ Cat\\u00e9gories\",\"item\":\"https:\/\/www.toys4vip.com\/fr\/luxury-toys\/\"},{\"@type\":\"ListItem\",\"position\":3,\"name\":\"Lampadaire Horse Lamp\"}]}]}<\/script>\n<!-- \/ Yoast SEO plugin. -->","yoast_head_json":{"title":"Lampadaire Horse Lamp - Toys4Vip","description":"Horse Lamp est un lampadaire design cr\u00e9\u00e9 et dessin\u00e9 en 2006 par Front Design un quatuor de designeurs su\u00e9dois pour la c\u00e9l\u00e8bre marque Moooi.Horse Lamp de Moooi est un lampadaire plus qu'original, il repr\u00e9sente grandeur nature un cheval surmont\u00e9 d'un abat-jour sur le cr\u00e2ne, effet d\u00e9cal\u00e9 garanti.","robots":{"index":"index","follow":"follow","max-snippet":"max-snippet:-1","max-image-preview":"max-image-preview:large","max-video-preview":"max-video-preview:-1"},"canonical":"https:\/\/www.toys4vip.com\/fr\/luxury-toy\/lampadaire-horse-lamp\/175\/","og_locale":"fr_FR","og_type":"article","og_title":"Lampadaire Horse Lamp - Toys4Vip","og_description":"Horse Lamp est un lampadaire design cr\u00e9\u00e9 et dessin\u00e9 en 2006 par Front Design un quatuor de designeurs su\u00e9dois pour la c\u00e9l\u00e8bre marque Moooi.Horse Lamp de Moooi est un lampadaire plus qu'original, il repr\u00e9sente grandeur nature un cheval surmont\u00e9 d'un abat-jour sur le cr\u00e2ne, effet d\u00e9cal\u00e9 garanti.","og_url":"https:\/\/www.toys4vip.com\/fr\/luxury-toy\/lampadaire-horse-lamp\/175\/","og_site_name":"Toys4Vip","article_modified_time":"2021-11-18T16:02:24+00:00","og_image":[{"width":733,"height":1100,"url":"https:\/\/www.toys4vip.com\/app\/uploads\/2021\/11\/main-145.jpg","type":"image\/jpeg"}],"twitter_card":"summary_large_image","schema":{"@context":"https:\/\/schema.org","@graph":[{"@type":"WebSite","@id":"https:\/\/www.toys4vip.com\/fr\/#website","url":"https:\/\/www.toys4vip.com\/fr\/","name":"Toys4Vip","description":"Jouets de luxe nouveau concept store","potentialAction":[{"@type":"SearchAction","target":{"@type":"EntryPoint","urlTemplate":"https:\/\/www.toys4vip.com\/fr\/?s={search_term_string}"},"query-input":"required name=search_term_string"}],"inLanguage":"fr-FR"},{"@type":"ImageObject","@id":"https:\/\/www.toys4vip.com\/fr\/luxury-toy\/lampadaire-horse-lamp\/175\/#primaryimage","inLanguage":"fr-FR","url":"https:\/\/www.toys4vip.com\/app\/uploads\/2021\/11\/main-145.jpg","contentUrl":"https:\/\/www.toys4vip.com\/app\/uploads\/2021\/11\/main-145.jpg","width":733,"height":1100},{"@type":"WebPage","@id":"https:\/\/www.toys4vip.com\/fr\/luxury-toy\/lampadaire-horse-lamp\/175\/#webpage","url":"https:\/\/www.toys4vip.com\/fr\/luxury-toy\/lampadaire-horse-lamp\/175\/","name":"Lampadaire Horse Lamp - Toys4Vip","isPartOf":{"@id":"https:\/\/www.toys4vip.com\/fr\/#website"},"primaryImageOfPage":{"@id":"https:\/\/www.toys4vip.com\/fr\/luxury-toy\/lampadaire-horse-lamp\/175\/#primaryimage"},"datePublished":"2021-11-02T10:29:28+00:00","dateModified":"2021-11-18T16:02:24+00:00","description":"Horse Lamp est un lampadaire design cr\u00e9\u00e9 et dessin\u00e9 en 2006 par Front Design un quatuor de designeurs su\u00e9dois pour la c\u00e9l\u00e8bre marque Moooi.Horse Lamp de Moooi est un lampadaire plus qu'original, il repr\u00e9sente grandeur nature un cheval surmont\u00e9 d'un abat-jour sur le cr\u00e2ne, effet d\u00e9cal\u00e9 garanti.","breadcrumb":{"@id":"https:\/\/www.toys4vip.com\/fr\/luxury-toy\/lampadaire-horse-lamp\/175\/#breadcrumb"},"inLanguage":"fr-FR","potentialAction":[{"@type":"ReadAction","target":["https:\/\/www.toys4vip.com\/fr\/luxury-toy\/lampadaire-horse-lamp\/175\/"]}]},{"@type":"BreadcrumbList","@id":"https:\/\/www.toys4vip.com\/fr\/luxury-toy\/lampadaire-horse-lamp\/175\/#breadcrumb","itemListElement":[{"@type":"ListItem","position":1,"name":"Home","item":"https:\/\/www.toys4vip.com\/fr\/"},{"@type":"ListItem","position":2,"name":"Objets \/ Cat\u00e9gories","item":"https:\/\/www.toys4vip.com\/fr\/luxury-toys\/"},{"@type":"ListItem","position":3,"name":"Lampadaire Horse Lamp"}]}]}},"_links":{"self":[{"href":"https:\/\/www.toys4vip.com\/fr\/wp-json\/wp\/v2\/product\/870"}],"collection":[{"href":"https:\/\/www.toys4vip.com\/fr\/wp-json\/wp\/v2\/product"}],"about":[{"href":"https:\/\/www.toys4vip.com\/fr\/wp-json\/wp\/v2\/types\/product"}],"replies":[{"embeddable":true,"href":"https:\/\/www.toys4vip.com\/fr\/wp-json\/wp\/v2\/comments?post=870"}],"wp:featuredmedia":[{"embeddable":true,"href":"https:\/\/www.toys4vip.com\/fr\/wp-json\/wp\/v2\/media\/868"}],"wp:attachment":[{"href":"https:\/\/www.toys4vip.com\/fr\/wp-json\/wp\/v2\/media?parent=870"}],"wp:term":[{"taxonomy":"product_cat","embeddable":true,"href":"https:\/\/www.toys4vip.com\/fr\/wp-json\/wp\/v2\/product_cat?post=870"},{"taxonomy":"product_tag","embeddable":true,"href":"https:\/\/www.toys4vip.com\/fr\/wp-json\/wp\/v2\/product_tag?post=870"}],"curies":[{"name":"wp","href":"https:\/\/api.w.org\/{rel}","templated":true}]}}