{"id":837,"date":"2021-11-02T10:29:24","date_gmt":"2021-11-02T10:29:24","guid":{"rendered":"https:\/\/toys4vip.com\/produit\/optic-gmt-furtif\/"},"modified":"2021-11-13T11:13:00","modified_gmt":"2021-11-13T11:13:00","slug":"optic-gmt-furtif","status":"publish","type":"product","link":"https:\/\/www.toys4vip.com\/fr\/luxury-toy\/optic-gmt-furtif\/161\/","title":{"rendered":"OptiC GMT &#8211; Furtif"},"content":{"rendered":"<p>OptiC GMT Furtif<\/p>\n<p>Cr\u00e9atrice du premier t\u00e9l\u00e9phone mobile m\u00e9canique, Celsius X VI II \u00e9largit sa gamme et pr\u00e9sente une collection baptis\u00e9e OptiC. Le premier mod\u00e8le, OptiC GMT, repose sur un concept original innovant, un double affichage myst\u00e9rieux par fibres optiques. Extr\u00eamement simple d\u2019utilisation gr\u00e2ce \u00e0 une interface r\u00e9duite \u00e0 l\u2019essentiel, cette cr\u00e9ation intimiste a \u00e9t\u00e9 r\u00e9alis\u00e9e dans des mat\u00e9riaux nobles et fonctionnels comme le titane, les fibres de carbone et des mat\u00e9riaux composites charg\u00e9s de quartz.<\/p>\n<p>Bo\u00eetier\u2009: titane grade 5 trait\u00e9 PVD avec inserts en fibre de carbone et fibre de quartz Taille\u2009: 100 x 49 x 28mmMouvement\u2009: m\u00e9canique \u00e0 remontage automatique (conception Celsius X VI II d\u00e9velopp\u00e9e par Chronode et MFM), 324 composants, finitions haute horlogerie Fonctions\u2009: heure, minute, affichage de la r\u00e9serve de marche (42h), date et second fuseau par fibre optique, remontage du mouvement horloger par ouverture du t\u00e9l\u00e9phone<\/p>\n<p>Plateforme de t\u00e9l\u00e9communication\u2009: 2,75 G GSM-GPRS-EDGE\u2009: Triband 900\/1800\/1900MHz. Accessoires\u2009: Kit main libre \u00e0 composants m\u00e9caniques et foureau en cuir sur-mesure S\u00e9rie limit\u00e9e\u2009: 28 pi\u00e8ces<\/p>\n","protected":false},"excerpt":{"rendered":"<p>OptiC GMT Furtif Cr\u00e9atrice du premier t\u00e9l\u00e9phone mobile m\u00e9canique, Celsius X VI II \u00e9largit sa gamme et pr\u00e9sente une collection baptis\u00e9e OptiC. Le premier mod\u00e8le, OptiC GMT, repose sur un concept original innovant, un double affichage myst\u00e9rieux par fibres optiques. Extr\u00eamement simple d\u2019utilisation gr\u00e2ce \u00e0 une interface r\u00e9duite \u00e0 l\u2019essentiel, cette cr\u00e9ation intimiste a \u00e9t\u00e9 [&hellip;]<\/p>\n","protected":false},"featured_media":835,"comment_status":"open","ping_status":"closed","template":"","meta":[],"product_cat":[35],"product_tag":[],"yoast_head":"<!-- This site is optimized with the Yoast SEO plugin v17.4 - https:\/\/yoast.com\/wordpress\/plugins\/seo\/ -->\n<title>OptiC GMT - Furtif - Toys4Vip<\/title>\n<meta name=\"description\" content=\"OptiC GMT FurtifCr\u00e9atrice du premier t\u00e9l\u00e9phone mobile m\u00e9canique, Celsius X VI II \u00e9largit sa gamme et pr\u00e9sente une collection baptis\u00e9e OptiC. Le premier mod\u00e8le, OptiC GMT, repose sur un concept original innovant, un double affichage myst\u00e9rieux par fibres optiques. Extr\u00eamement simple d\u2019utilisation gr\u00e2ce \u00e0 une interface r\u00e9duite \u00e0 l\u2019essentiel, cette cr\u00e9ation intimiste a \u00e9t\u00e9 r\u00e9alis\u00e9e dans des mat\u00e9riaux nobles et fonctionnels comme le titane, les fibres de carbone et des mat\u00e9riaux composites charg\u00e9s de quartz.\" \/>\n<meta name=\"robots\" content=\"index, follow, max-snippet:-1, max-image-preview:large, max-video-preview:-1\" \/>\n<link rel=\"canonical\" href=\"https:\/\/www.toys4vip.com\/fr\/luxury-toy\/optic-gmt-furtif\/161\/\" \/>\n<meta property=\"og:locale\" content=\"fr_FR\" \/>\n<meta property=\"og:type\" content=\"article\" \/>\n<meta property=\"og:title\" content=\"OptiC GMT - Furtif - Toys4Vip\" \/>\n<meta property=\"og:description\" content=\"OptiC GMT FurtifCr\u00e9atrice du premier t\u00e9l\u00e9phone mobile m\u00e9canique, Celsius X VI II \u00e9largit sa gamme et pr\u00e9sente une collection baptis\u00e9e OptiC. Le premier mod\u00e8le, OptiC GMT, repose sur un concept original innovant, un double affichage myst\u00e9rieux par fibres optiques. Extr\u00eamement simple d\u2019utilisation gr\u00e2ce \u00e0 une interface r\u00e9duite \u00e0 l\u2019essentiel, cette cr\u00e9ation intimiste a \u00e9t\u00e9 r\u00e9alis\u00e9e dans des mat\u00e9riaux nobles et fonctionnels comme le titane, les fibres de carbone et des mat\u00e9riaux composites charg\u00e9s de quartz.\" \/>\n<meta property=\"og:url\" content=\"https:\/\/www.toys4vip.com\/fr\/luxury-toy\/optic-gmt-furtif\/161\/\" \/>\n<meta property=\"og:site_name\" content=\"Toys4Vip\" \/>\n<meta property=\"article:modified_time\" content=\"2021-11-13T11:13:00+00:00\" \/>\n<meta property=\"og:image\" content=\"https:\/\/www.toys4vip.com\/app\/uploads\/2021\/11\/main-134.jpg\" \/>\n\t<meta property=\"og:image:width\" content=\"630\" \/>\n\t<meta property=\"og:image:height\" content=\"421\" \/>\n<meta name=\"twitter:card\" content=\"summary_large_image\" \/>\n<meta name=\"twitter:label1\" content=\"Dur\u00e9e de lecture est.\" \/>\n\t<meta name=\"twitter:data1\" content=\"1 minute\" \/>\n<script type=\"application\/ld+json\" class=\"yoast-schema-graph\">{\"@context\":\"https:\/\/schema.org\",\"@graph\":[{\"@type\":\"WebSite\",\"@id\":\"https:\/\/www.toys4vip.com\/fr\/#website\",\"url\":\"https:\/\/www.toys4vip.com\/fr\/\",\"name\":\"Toys4Vip\",\"description\":\"Jouets de luxe nouveau concept store\",\"potentialAction\":[{\"@type\":\"SearchAction\",\"target\":{\"@type\":\"EntryPoint\",\"urlTemplate\":\"https:\/\/www.toys4vip.com\/fr\/?s={search_term_string}\"},\"query-input\":\"required name=search_term_string\"}],\"inLanguage\":\"fr-FR\"},{\"@type\":\"ImageObject\",\"@id\":\"https:\/\/www.toys4vip.com\/fr\/luxury-toy\/optic-gmt-furtif\/161\/#primaryimage\",\"inLanguage\":\"fr-FR\",\"url\":\"https:\/\/www.toys4vip.com\/app\/uploads\/2021\/11\/main-134.jpg\",\"contentUrl\":\"https:\/\/www.toys4vip.com\/app\/uploads\/2021\/11\/main-134.jpg\",\"width\":630,\"height\":421},{\"@type\":\"WebPage\",\"@id\":\"https:\/\/www.toys4vip.com\/fr\/luxury-toy\/optic-gmt-furtif\/161\/#webpage\",\"url\":\"https:\/\/www.toys4vip.com\/fr\/luxury-toy\/optic-gmt-furtif\/161\/\",\"name\":\"OptiC GMT - Furtif - Toys4Vip\",\"isPartOf\":{\"@id\":\"https:\/\/www.toys4vip.com\/fr\/#website\"},\"primaryImageOfPage\":{\"@id\":\"https:\/\/www.toys4vip.com\/fr\/luxury-toy\/optic-gmt-furtif\/161\/#primaryimage\"},\"datePublished\":\"2021-11-02T10:29:24+00:00\",\"dateModified\":\"2021-11-13T11:13:00+00:00\",\"description\":\"OptiC GMT FurtifCr\\u00e9atrice du premier t\\u00e9l\\u00e9phone mobile m\\u00e9canique, Celsius X VI II \\u00e9largit sa gamme et pr\\u00e9sente une collection baptis\\u00e9e OptiC. Le premier mod\\u00e8le, OptiC GMT, repose sur un concept original innovant, un double affichage myst\\u00e9rieux par fibres optiques. Extr\\u00eamement simple d\\u2019utilisation gr\\u00e2ce \\u00e0 une interface r\\u00e9duite \\u00e0 l\\u2019essentiel, cette cr\\u00e9ation intimiste a \\u00e9t\\u00e9 r\\u00e9alis\\u00e9e dans des mat\\u00e9riaux nobles et fonctionnels comme le titane, les fibres de carbone et des mat\\u00e9riaux composites charg\\u00e9s de quartz.\",\"breadcrumb\":{\"@id\":\"https:\/\/www.toys4vip.com\/fr\/luxury-toy\/optic-gmt-furtif\/161\/#breadcrumb\"},\"inLanguage\":\"fr-FR\",\"potentialAction\":[{\"@type\":\"ReadAction\",\"target\":[\"https:\/\/www.toys4vip.com\/fr\/luxury-toy\/optic-gmt-furtif\/161\/\"]}]},{\"@type\":\"BreadcrumbList\",\"@id\":\"https:\/\/www.toys4vip.com\/fr\/luxury-toy\/optic-gmt-furtif\/161\/#breadcrumb\",\"itemListElement\":[{\"@type\":\"ListItem\",\"position\":1,\"name\":\"Home\",\"item\":\"https:\/\/www.toys4vip.com\/fr\/\"},{\"@type\":\"ListItem\",\"position\":2,\"name\":\"Objets \/ Cat\\u00e9gories\",\"item\":\"https:\/\/www.toys4vip.com\/fr\/luxury-toys\/\"},{\"@type\":\"ListItem\",\"position\":3,\"name\":\"OptiC GMT &#8211; Furtif\"}]}]}<\/script>\n<!-- \/ Yoast SEO plugin. -->","yoast_head_json":{"title":"OptiC GMT - Furtif - Toys4Vip","description":"OptiC GMT FurtifCr\u00e9atrice du premier t\u00e9l\u00e9phone mobile m\u00e9canique, Celsius X VI II \u00e9largit sa gamme et pr\u00e9sente une collection baptis\u00e9e OptiC. Le premier mod\u00e8le, OptiC GMT, repose sur un concept original innovant, un double affichage myst\u00e9rieux par fibres optiques. Extr\u00eamement simple d\u2019utilisation gr\u00e2ce \u00e0 une interface r\u00e9duite \u00e0 l\u2019essentiel, cette cr\u00e9ation intimiste a \u00e9t\u00e9 r\u00e9alis\u00e9e dans des mat\u00e9riaux nobles et fonctionnels comme le titane, les fibres de carbone et des mat\u00e9riaux composites charg\u00e9s de quartz.","robots":{"index":"index","follow":"follow","max-snippet":"max-snippet:-1","max-image-preview":"max-image-preview:large","max-video-preview":"max-video-preview:-1"},"canonical":"https:\/\/www.toys4vip.com\/fr\/luxury-toy\/optic-gmt-furtif\/161\/","og_locale":"fr_FR","og_type":"article","og_title":"OptiC GMT - Furtif - Toys4Vip","og_description":"OptiC GMT FurtifCr\u00e9atrice du premier t\u00e9l\u00e9phone mobile m\u00e9canique, Celsius X VI II \u00e9largit sa gamme et pr\u00e9sente une collection baptis\u00e9e OptiC. Le premier mod\u00e8le, OptiC GMT, repose sur un concept original innovant, un double affichage myst\u00e9rieux par fibres optiques. Extr\u00eamement simple d\u2019utilisation gr\u00e2ce \u00e0 une interface r\u00e9duite \u00e0 l\u2019essentiel, cette cr\u00e9ation intimiste a \u00e9t\u00e9 r\u00e9alis\u00e9e dans des mat\u00e9riaux nobles et fonctionnels comme le titane, les fibres de carbone et des mat\u00e9riaux composites charg\u00e9s de quartz.","og_url":"https:\/\/www.toys4vip.com\/fr\/luxury-toy\/optic-gmt-furtif\/161\/","og_site_name":"Toys4Vip","article_modified_time":"2021-11-13T11:13:00+00:00","og_image":[{"width":630,"height":421,"url":"https:\/\/www.toys4vip.com\/app\/uploads\/2021\/11\/main-134.jpg","type":"image\/jpeg"}],"twitter_card":"summary_large_image","twitter_misc":{"Dur\u00e9e de lecture est.":"1 minute"},"schema":{"@context":"https:\/\/schema.org","@graph":[{"@type":"WebSite","@id":"https:\/\/www.toys4vip.com\/fr\/#website","url":"https:\/\/www.toys4vip.com\/fr\/","name":"Toys4Vip","description":"Jouets de luxe nouveau concept store","potentialAction":[{"@type":"SearchAction","target":{"@type":"EntryPoint","urlTemplate":"https:\/\/www.toys4vip.com\/fr\/?s={search_term_string}"},"query-input":"required name=search_term_string"}],"inLanguage":"fr-FR"},{"@type":"ImageObject","@id":"https:\/\/www.toys4vip.com\/fr\/luxury-toy\/optic-gmt-furtif\/161\/#primaryimage","inLanguage":"fr-FR","url":"https:\/\/www.toys4vip.com\/app\/uploads\/2021\/11\/main-134.jpg","contentUrl":"https:\/\/www.toys4vip.com\/app\/uploads\/2021\/11\/main-134.jpg","width":630,"height":421},{"@type":"WebPage","@id":"https:\/\/www.toys4vip.com\/fr\/luxury-toy\/optic-gmt-furtif\/161\/#webpage","url":"https:\/\/www.toys4vip.com\/fr\/luxury-toy\/optic-gmt-furtif\/161\/","name":"OptiC GMT - Furtif - Toys4Vip","isPartOf":{"@id":"https:\/\/www.toys4vip.com\/fr\/#website"},"primaryImageOfPage":{"@id":"https:\/\/www.toys4vip.com\/fr\/luxury-toy\/optic-gmt-furtif\/161\/#primaryimage"},"datePublished":"2021-11-02T10:29:24+00:00","dateModified":"2021-11-13T11:13:00+00:00","description":"OptiC GMT FurtifCr\u00e9atrice du premier t\u00e9l\u00e9phone mobile m\u00e9canique, Celsius X VI II \u00e9largit sa gamme et pr\u00e9sente une collection baptis\u00e9e OptiC. Le premier mod\u00e8le, OptiC GMT, repose sur un concept original innovant, un double affichage myst\u00e9rieux par fibres optiques. Extr\u00eamement simple d\u2019utilisation gr\u00e2ce \u00e0 une interface r\u00e9duite \u00e0 l\u2019essentiel, cette cr\u00e9ation intimiste a \u00e9t\u00e9 r\u00e9alis\u00e9e dans des mat\u00e9riaux nobles et fonctionnels comme le titane, les fibres de carbone et des mat\u00e9riaux composites charg\u00e9s de quartz.","breadcrumb":{"@id":"https:\/\/www.toys4vip.com\/fr\/luxury-toy\/optic-gmt-furtif\/161\/#breadcrumb"},"inLanguage":"fr-FR","potentialAction":[{"@type":"ReadAction","target":["https:\/\/www.toys4vip.com\/fr\/luxury-toy\/optic-gmt-furtif\/161\/"]}]},{"@type":"BreadcrumbList","@id":"https:\/\/www.toys4vip.com\/fr\/luxury-toy\/optic-gmt-furtif\/161\/#breadcrumb","itemListElement":[{"@type":"ListItem","position":1,"name":"Home","item":"https:\/\/www.toys4vip.com\/fr\/"},{"@type":"ListItem","position":2,"name":"Objets \/ Cat\u00e9gories","item":"https:\/\/www.toys4vip.com\/fr\/luxury-toys\/"},{"@type":"ListItem","position":3,"name":"OptiC GMT &#8211; Furtif"}]}]}},"_links":{"self":[{"href":"https:\/\/www.toys4vip.com\/fr\/wp-json\/wp\/v2\/product\/837"}],"collection":[{"href":"https:\/\/www.toys4vip.com\/fr\/wp-json\/wp\/v2\/product"}],"about":[{"href":"https:\/\/www.toys4vip.com\/fr\/wp-json\/wp\/v2\/types\/product"}],"replies":[{"embeddable":true,"href":"https:\/\/www.toys4vip.com\/fr\/wp-json\/wp\/v2\/comments?post=837"}],"wp:featuredmedia":[{"embeddable":true,"href":"https:\/\/www.toys4vip.com\/fr\/wp-json\/wp\/v2\/media\/835"}],"wp:attachment":[{"href":"https:\/\/www.toys4vip.com\/fr\/wp-json\/wp\/v2\/media?parent=837"}],"wp:term":[{"taxonomy":"product_cat","embeddable":true,"href":"https:\/\/www.toys4vip.com\/fr\/wp-json\/wp\/v2\/product_cat?post=837"},{"taxonomy":"product_tag","embeddable":true,"href":"https:\/\/www.toys4vip.com\/fr\/wp-json\/wp\/v2\/product_tag?post=837"}],"curies":[{"name":"wp","href":"https:\/\/api.w.org\/{rel}","templated":true}]}}