{"id":834,"date":"2021-11-02T10:29:24","date_gmt":"2021-11-02T10:29:24","guid":{"rendered":"https:\/\/toys4vip.com\/produit\/lit-motors-c-1\/"},"modified":"2021-11-16T18:21:23","modified_gmt":"2021-11-16T18:21:23","slug":"lit-motors-c-1","status":"publish","type":"product","link":"https:\/\/www.toys4vip.com\/fr\/luxury-toy\/lit-motors-c-1\/160\/","title":{"rendered":"Lit Motors C-1"},"content":{"rendered":"<p>Le californien Lit Motors esp\u00e8re avoir invent\u00e9 le v\u00e9hicule du futur. Son C1 est un scooter \u00e9lectrique \u00e0 deux roues motrices (le prototype actuel n\u2019en comporte qu\u2019une) transportant une personne, et accessoirement, si le concept de la boite de sardines ne l\u2019effraie pas, un deuxi\u00e8me passager.<\/p>\n<p>Les avantages du v\u00e9hicule, destin\u00e9 plut\u00f4t aux trajets de proximit\u00e9 car son autonomie se limite \u00e0 321 km par charge, sont nombreux : facilit\u00e9 \u00e0 se garer et \u00e0 man\u0153uvrer, moteur non polluant, possibilit\u00e9 de se faufiler dans les embouteillages et surtout, une grande s\u00e9curit\u00e9, probl\u00e8me majeur de la conduite en deux roues\u2026<\/p>\n<p>Le constructeur a dot\u00e9 son C1 de technologies innovantes permettant de limiter les dangers de la conduite en deux roues. Le scooter est d\u2019abord prot\u00e9g\u00e9 par une carrosserie. On y perd l\u2019avantage du contact du vent dans les cheveux \u00e0 la \u00ab Easy Rider \u00bb, mais on y gagne en termes de confort en cas de mauvais temps et surtout de protection en cas d\u2019accidents.<\/p>\n<p>Outre cette carrosserie, il est \u00e9quip\u00e9 de ceintures de s\u00e9curit\u00e9 et d\u2019airbags. Mais le meilleur reste les deux \u00e9normes gyroscopes, compos\u00e9s d\u2019une roue en rotation permanente. Situ\u00e9s sous le conducteur, ils redressent le v\u00e9hicule quelque soit la position qu\u2019il a prise, rappelant en ce sens un peu le Seegway. Ils permettent au C1 de rester stable, m\u00eame \u00e0 l\u2019arr\u00eat, \u00e0 un feu rouge par exemple, sans que l\u2019on ait \u00e0 poser pied au sol. D\u2019apr\u00e8s Lit, il faudrait la puissance d\u2019un jeune \u00e9l\u00e9phant fon\u00e7ant sur le scooter \u00e9lectrique pour arriver \u00e0 le coucher sur la chauss\u00e9e en emp\u00eachant les deux syst\u00e8mes gyroscopiques de fonctionner correctement.<\/p>\n<p>Si le concept est int\u00e9ressant, reste \u00e0 voir si Lit Motors tiendra la distance. La commercialisation du C1 est pr\u00e9vue pour fin 2014, et il reste deux ann\u00e9es encore de d\u00e9veloppement \u00e0 financer, de tests techniques \u00e0 valider et l\u2019accord des autorit\u00e9s am\u00e9ricaines avant que la soci\u00e9t\u00e9 ne puisse passer du prototype au v\u00e9hicule commercialis\u00e9.<\/p>\n<p>Les moteurs \u00e9lectriques dans chaque roue (20 kW x 2) sont aliment\u00e9s par une s\u00e9rie de batteries Lithium-ion de 8kWh. La vitesse maximale que l\u2019on pourrait atteindre serait de l\u2019ordre de 160 km\/h. Poids : 360 kg.<\/p>\n","protected":false},"excerpt":{"rendered":"<p>Le californien Lit Motors esp\u00e8re avoir invent\u00e9 le v\u00e9hicule du futur. Son C1 est un scooter \u00e9lectrique \u00e0 deux roues motrices (le prototype actuel n\u2019en comporte qu\u2019une) transportant une personne, et accessoirement, si le concept de la boite de sardines ne l\u2019effraie pas, un deuxi\u00e8me passager. Les avantages du v\u00e9hicule, destin\u00e9 plut\u00f4t aux trajets de [&hellip;]<\/p>\n","protected":false},"featured_media":832,"comment_status":"open","ping_status":"closed","template":"","meta":[],"product_cat":[26,87],"product_tag":[],"yoast_head":"<!-- This site is optimized with the Yoast SEO plugin v17.4 - https:\/\/yoast.com\/wordpress\/plugins\/seo\/ -->\n<title>Lit Motors C-1 - Toys4Vip<\/title>\n<meta name=\"description\" content=\"Le californien Lit Motors esp\u00e8re avoir invent\u00e9 le v\u00e9hicule du futur. Son C1 est un scooter \u00e9lectrique \u00e0 deux roues motrices (le prototype actuel n\u2019en comporte qu\u2019une) transportant une personne, et accessoirement, si le concept de la boite de sardines ne l\u2019effraie pas, un deuxi\u00e8me passager.Les avantages du v\u00e9hicule, destin\u00e9 plut\u00f4t aux trajets de proximit\u00e9 car son autonomie se limite \u00e0 321 km par charge, sont nombreux : facilit\u00e9 \u00e0 se garer et \u00e0 man\u0153uvrer, moteur non polluant, possibilit\u00e9 de se faufiler dans les embouteillages et surtout, une grande s\u00e9curit\u00e9, probl\u00e8me majeur de la conduite en deux roues\u2026\" \/>\n<meta name=\"robots\" content=\"index, follow, max-snippet:-1, max-image-preview:large, max-video-preview:-1\" \/>\n<link rel=\"canonical\" href=\"https:\/\/www.toys4vip.com\/fr\/luxury-toy\/lit-motors-c-1\/160\/\" \/>\n<meta property=\"og:locale\" content=\"fr_FR\" \/>\n<meta property=\"og:type\" content=\"article\" \/>\n<meta property=\"og:title\" content=\"Lit Motors C-1 - Toys4Vip\" \/>\n<meta property=\"og:description\" content=\"Le californien Lit Motors esp\u00e8re avoir invent\u00e9 le v\u00e9hicule du futur. Son C1 est un scooter \u00e9lectrique \u00e0 deux roues motrices (le prototype actuel n\u2019en comporte qu\u2019une) transportant une personne, et accessoirement, si le concept de la boite de sardines ne l\u2019effraie pas, un deuxi\u00e8me passager.Les avantages du v\u00e9hicule, destin\u00e9 plut\u00f4t aux trajets de proximit\u00e9 car son autonomie se limite \u00e0 321 km par charge, sont nombreux : facilit\u00e9 \u00e0 se garer et \u00e0 man\u0153uvrer, moteur non polluant, possibilit\u00e9 de se faufiler dans les embouteillages et surtout, une grande s\u00e9curit\u00e9, probl\u00e8me majeur de la conduite en deux roues\u2026\" \/>\n<meta property=\"og:url\" content=\"https:\/\/www.toys4vip.com\/fr\/luxury-toy\/lit-motors-c-1\/160\/\" \/>\n<meta property=\"og:site_name\" content=\"Toys4Vip\" \/>\n<meta property=\"article:modified_time\" content=\"2021-11-16T18:21:23+00:00\" \/>\n<meta property=\"og:image\" content=\"https:\/\/www.toys4vip.com\/app\/uploads\/2021\/11\/main-133.jpg\" \/>\n\t<meta property=\"og:image:width\" content=\"560\" \/>\n\t<meta property=\"og:image:height\" content=\"374\" \/>\n<meta name=\"twitter:card\" content=\"summary_large_image\" \/>\n<meta name=\"twitter:label1\" content=\"Dur\u00e9e de lecture est.\" \/>\n\t<meta name=\"twitter:data1\" content=\"2 minutes\" \/>\n<script type=\"application\/ld+json\" class=\"yoast-schema-graph\">{\"@context\":\"https:\/\/schema.org\",\"@graph\":[{\"@type\":\"WebSite\",\"@id\":\"https:\/\/www.toys4vip.com\/fr\/#website\",\"url\":\"https:\/\/www.toys4vip.com\/fr\/\",\"name\":\"Toys4Vip\",\"description\":\"Jouets de luxe nouveau concept store\",\"potentialAction\":[{\"@type\":\"SearchAction\",\"target\":{\"@type\":\"EntryPoint\",\"urlTemplate\":\"https:\/\/www.toys4vip.com\/fr\/?s={search_term_string}\"},\"query-input\":\"required name=search_term_string\"}],\"inLanguage\":\"fr-FR\"},{\"@type\":\"ImageObject\",\"@id\":\"https:\/\/www.toys4vip.com\/fr\/luxury-toy\/lit-motors-c-1\/160\/#primaryimage\",\"inLanguage\":\"fr-FR\",\"url\":\"https:\/\/www.toys4vip.com\/app\/uploads\/2021\/11\/main-133.jpg\",\"contentUrl\":\"https:\/\/www.toys4vip.com\/app\/uploads\/2021\/11\/main-133.jpg\",\"width\":560,\"height\":374},{\"@type\":\"WebPage\",\"@id\":\"https:\/\/www.toys4vip.com\/fr\/luxury-toy\/lit-motors-c-1\/160\/#webpage\",\"url\":\"https:\/\/www.toys4vip.com\/fr\/luxury-toy\/lit-motors-c-1\/160\/\",\"name\":\"Lit Motors C-1 - Toys4Vip\",\"isPartOf\":{\"@id\":\"https:\/\/www.toys4vip.com\/fr\/#website\"},\"primaryImageOfPage\":{\"@id\":\"https:\/\/www.toys4vip.com\/fr\/luxury-toy\/lit-motors-c-1\/160\/#primaryimage\"},\"datePublished\":\"2021-11-02T10:29:24+00:00\",\"dateModified\":\"2021-11-16T18:21:23+00:00\",\"description\":\"Le californien Lit Motors esp\\u00e8re avoir invent\\u00e9 le v\\u00e9hicule du futur. Son C1 est un scooter \\u00e9lectrique \\u00e0 deux roues motrices (le prototype actuel n\\u2019en comporte qu\\u2019une) transportant une personne, et accessoirement, si le concept de la boite de sardines ne l\\u2019effraie pas, un deuxi\\u00e8me passager.Les avantages du v\\u00e9hicule, destin\\u00e9 plut\\u00f4t aux trajets de proximit\\u00e9 car son autonomie se limite \\u00e0 321 km par charge, sont nombreux : facilit\\u00e9 \\u00e0 se garer et \\u00e0 man\\u0153uvrer, moteur non polluant, possibilit\\u00e9 de se faufiler dans les embouteillages et surtout, une grande s\\u00e9curit\\u00e9, probl\\u00e8me majeur de la conduite en deux roues\\u2026\",\"breadcrumb\":{\"@id\":\"https:\/\/www.toys4vip.com\/fr\/luxury-toy\/lit-motors-c-1\/160\/#breadcrumb\"},\"inLanguage\":\"fr-FR\",\"potentialAction\":[{\"@type\":\"ReadAction\",\"target\":[\"https:\/\/www.toys4vip.com\/fr\/luxury-toy\/lit-motors-c-1\/160\/\"]}]},{\"@type\":\"BreadcrumbList\",\"@id\":\"https:\/\/www.toys4vip.com\/fr\/luxury-toy\/lit-motors-c-1\/160\/#breadcrumb\",\"itemListElement\":[{\"@type\":\"ListItem\",\"position\":1,\"name\":\"Home\",\"item\":\"https:\/\/www.toys4vip.com\/fr\/\"},{\"@type\":\"ListItem\",\"position\":2,\"name\":\"Objets \/ Cat\\u00e9gories\",\"item\":\"https:\/\/www.toys4vip.com\/fr\/luxury-toys\/\"},{\"@type\":\"ListItem\",\"position\":3,\"name\":\"Lit Motors C-1\"}]}]}<\/script>\n<!-- \/ Yoast SEO plugin. -->","yoast_head_json":{"title":"Lit Motors C-1 - Toys4Vip","description":"Le californien Lit Motors esp\u00e8re avoir invent\u00e9 le v\u00e9hicule du futur. Son C1 est un scooter \u00e9lectrique \u00e0 deux roues motrices (le prototype actuel n\u2019en comporte qu\u2019une) transportant une personne, et accessoirement, si le concept de la boite de sardines ne l\u2019effraie pas, un deuxi\u00e8me passager.Les avantages du v\u00e9hicule, destin\u00e9 plut\u00f4t aux trajets de proximit\u00e9 car son autonomie se limite \u00e0 321 km par charge, sont nombreux : facilit\u00e9 \u00e0 se garer et \u00e0 man\u0153uvrer, moteur non polluant, possibilit\u00e9 de se faufiler dans les embouteillages et surtout, une grande s\u00e9curit\u00e9, probl\u00e8me majeur de la conduite en deux roues\u2026","robots":{"index":"index","follow":"follow","max-snippet":"max-snippet:-1","max-image-preview":"max-image-preview:large","max-video-preview":"max-video-preview:-1"},"canonical":"https:\/\/www.toys4vip.com\/fr\/luxury-toy\/lit-motors-c-1\/160\/","og_locale":"fr_FR","og_type":"article","og_title":"Lit Motors C-1 - Toys4Vip","og_description":"Le californien Lit Motors esp\u00e8re avoir invent\u00e9 le v\u00e9hicule du futur. Son C1 est un scooter \u00e9lectrique \u00e0 deux roues motrices (le prototype actuel n\u2019en comporte qu\u2019une) transportant une personne, et accessoirement, si le concept de la boite de sardines ne l\u2019effraie pas, un deuxi\u00e8me passager.Les avantages du v\u00e9hicule, destin\u00e9 plut\u00f4t aux trajets de proximit\u00e9 car son autonomie se limite \u00e0 321 km par charge, sont nombreux : facilit\u00e9 \u00e0 se garer et \u00e0 man\u0153uvrer, moteur non polluant, possibilit\u00e9 de se faufiler dans les embouteillages et surtout, une grande s\u00e9curit\u00e9, probl\u00e8me majeur de la conduite en deux roues\u2026","og_url":"https:\/\/www.toys4vip.com\/fr\/luxury-toy\/lit-motors-c-1\/160\/","og_site_name":"Toys4Vip","article_modified_time":"2021-11-16T18:21:23+00:00","og_image":[{"width":560,"height":374,"url":"https:\/\/www.toys4vip.com\/app\/uploads\/2021\/11\/main-133.jpg","type":"image\/jpeg"}],"twitter_card":"summary_large_image","twitter_misc":{"Dur\u00e9e de lecture est.":"2 minutes"},"schema":{"@context":"https:\/\/schema.org","@graph":[{"@type":"WebSite","@id":"https:\/\/www.toys4vip.com\/fr\/#website","url":"https:\/\/www.toys4vip.com\/fr\/","name":"Toys4Vip","description":"Jouets de luxe nouveau concept store","potentialAction":[{"@type":"SearchAction","target":{"@type":"EntryPoint","urlTemplate":"https:\/\/www.toys4vip.com\/fr\/?s={search_term_string}"},"query-input":"required name=search_term_string"}],"inLanguage":"fr-FR"},{"@type":"ImageObject","@id":"https:\/\/www.toys4vip.com\/fr\/luxury-toy\/lit-motors-c-1\/160\/#primaryimage","inLanguage":"fr-FR","url":"https:\/\/www.toys4vip.com\/app\/uploads\/2021\/11\/main-133.jpg","contentUrl":"https:\/\/www.toys4vip.com\/app\/uploads\/2021\/11\/main-133.jpg","width":560,"height":374},{"@type":"WebPage","@id":"https:\/\/www.toys4vip.com\/fr\/luxury-toy\/lit-motors-c-1\/160\/#webpage","url":"https:\/\/www.toys4vip.com\/fr\/luxury-toy\/lit-motors-c-1\/160\/","name":"Lit Motors C-1 - Toys4Vip","isPartOf":{"@id":"https:\/\/www.toys4vip.com\/fr\/#website"},"primaryImageOfPage":{"@id":"https:\/\/www.toys4vip.com\/fr\/luxury-toy\/lit-motors-c-1\/160\/#primaryimage"},"datePublished":"2021-11-02T10:29:24+00:00","dateModified":"2021-11-16T18:21:23+00:00","description":"Le californien Lit Motors esp\u00e8re avoir invent\u00e9 le v\u00e9hicule du futur. Son C1 est un scooter \u00e9lectrique \u00e0 deux roues motrices (le prototype actuel n\u2019en comporte qu\u2019une) transportant une personne, et accessoirement, si le concept de la boite de sardines ne l\u2019effraie pas, un deuxi\u00e8me passager.Les avantages du v\u00e9hicule, destin\u00e9 plut\u00f4t aux trajets de proximit\u00e9 car son autonomie se limite \u00e0 321 km par charge, sont nombreux : facilit\u00e9 \u00e0 se garer et \u00e0 man\u0153uvrer, moteur non polluant, possibilit\u00e9 de se faufiler dans les embouteillages et surtout, une grande s\u00e9curit\u00e9, probl\u00e8me majeur de la conduite en deux roues\u2026","breadcrumb":{"@id":"https:\/\/www.toys4vip.com\/fr\/luxury-toy\/lit-motors-c-1\/160\/#breadcrumb"},"inLanguage":"fr-FR","potentialAction":[{"@type":"ReadAction","target":["https:\/\/www.toys4vip.com\/fr\/luxury-toy\/lit-motors-c-1\/160\/"]}]},{"@type":"BreadcrumbList","@id":"https:\/\/www.toys4vip.com\/fr\/luxury-toy\/lit-motors-c-1\/160\/#breadcrumb","itemListElement":[{"@type":"ListItem","position":1,"name":"Home","item":"https:\/\/www.toys4vip.com\/fr\/"},{"@type":"ListItem","position":2,"name":"Objets \/ Cat\u00e9gories","item":"https:\/\/www.toys4vip.com\/fr\/luxury-toys\/"},{"@type":"ListItem","position":3,"name":"Lit Motors C-1"}]}]}},"_links":{"self":[{"href":"https:\/\/www.toys4vip.com\/fr\/wp-json\/wp\/v2\/product\/834"}],"collection":[{"href":"https:\/\/www.toys4vip.com\/fr\/wp-json\/wp\/v2\/product"}],"about":[{"href":"https:\/\/www.toys4vip.com\/fr\/wp-json\/wp\/v2\/types\/product"}],"replies":[{"embeddable":true,"href":"https:\/\/www.toys4vip.com\/fr\/wp-json\/wp\/v2\/comments?post=834"}],"wp:featuredmedia":[{"embeddable":true,"href":"https:\/\/www.toys4vip.com\/fr\/wp-json\/wp\/v2\/media\/832"}],"wp:attachment":[{"href":"https:\/\/www.toys4vip.com\/fr\/wp-json\/wp\/v2\/media?parent=834"}],"wp:term":[{"taxonomy":"product_cat","embeddable":true,"href":"https:\/\/www.toys4vip.com\/fr\/wp-json\/wp\/v2\/product_cat?post=834"},{"taxonomy":"product_tag","embeddable":true,"href":"https:\/\/www.toys4vip.com\/fr\/wp-json\/wp\/v2\/product_tag?post=834"}],"curies":[{"name":"wp","href":"https:\/\/api.w.org\/{rel}","templated":true}]}}