{"id":828,"date":"2021-11-02T10:29:24","date_gmt":"2021-11-02T10:29:24","guid":{"rendered":"https:\/\/toys4vip.com\/produit\/heritage-paris\/"},"modified":"2021-11-13T11:12:23","modified_gmt":"2021-11-13T11:12:23","slug":"heritage-paris","status":"publish","type":"product","link":"https:\/\/www.toys4vip.com\/fr\/luxury-toy\/heritage-paris\/158\/","title":{"rendered":"Heritage-Paris"},"content":{"rendered":"<p>Classe absolue, efficacit\u00e9 totale, charme foudroyant, le v\u00e9lo HERITAGE Paris 007 Goldfinger est \u00e0 la pointe du luxe et de la technologie.<\/p>\n<p>La singularit\u00e9 de ce bijou unique r\u00e9side en la fourche et les manchons du cadre baign\u00e9s dans un bain d\u2019or 24 carats.<\/p>\n<p>En hommage \u00e0 James Bond, rien n\u2019est trop beau.<br \/>\nLe reste de l\u2019ossature en acier Columbus Bicycle Tubes Niobium Steel est peint en noir mat. Le contraste entre les deux teintes radie d\u2019aplomb et de sobri\u00e9t\u00e9 \u00e0 l\u2019instar des atouts du plus c\u00e9l\u00e8bre des agents secrets.<\/p>\n<p>L\u2019\u00e9quipement du v\u00e9lo est \u00e0 la hauteur des exigences de James Bond. Une selle en cuir noir Brooks England x Heritage-Paris sied parfaitement avec ses chaussures John Lobb, l\u2019ensemble des pi\u00e8ces d\u00e9tach\u00e9es (guidon, potence, p\u00e9dalier, chaine\u2026), \u00e0 la pointe de la technicit\u00e9, reste dans la m\u00eame chromie que le costume du h\u00e9ro.<\/p>\n<p>100% Or et Noir, rien de plus, rien de moins, Rien que pour vos yeux.<\/p>\n","protected":false},"excerpt":{"rendered":"<p>Classe absolue, efficacit\u00e9 totale, charme foudroyant, le v\u00e9lo HERITAGE Paris 007 Goldfinger est \u00e0 la pointe du luxe et de la technologie. La singularit\u00e9 de ce bijou unique r\u00e9side en la fourche et les manchons du cadre baign\u00e9s dans un bain d\u2019or 24 carats. En hommage \u00e0 James Bond, rien n\u2019est trop beau. Le reste [&hellip;]<\/p>\n","protected":false},"featured_media":826,"comment_status":"open","ping_status":"closed","template":"","meta":[],"product_cat":[33],"product_tag":[],"yoast_head":"<!-- This site is optimized with the Yoast SEO plugin v17.4 - https:\/\/yoast.com\/wordpress\/plugins\/seo\/ -->\n<title>Heritage-Paris - Toys4Vip<\/title>\n<meta name=\"description\" content=\"Classe absolue, efficacit\u00e9 totale, charme foudroyant, le v\u00e9lo HERITAGE Paris 007 Goldfinger est \u00e0 la pointe du luxe et de la technologie.La singularit\u00e9 de ce bijou unique r\u00e9side en la fourche et les manchons du cadre baign\u00e9s dans un bain d\u2019or 24 carats.En hommage \u00e0 James Bond, rien n\u2019est trop beau.Le reste de l\u2019ossature en acier Columbus Bicycle Tubes Niobium Steel est peint en noir mat. Le contraste entre les deux teintes radie d\u2019aplomb et de sobri\u00e9t\u00e9 \u00e0 l\u2019instar des atouts du plus c\u00e9l\u00e8bre des agents secrets.\" \/>\n<meta name=\"robots\" content=\"index, follow, max-snippet:-1, max-image-preview:large, max-video-preview:-1\" \/>\n<link rel=\"canonical\" href=\"https:\/\/www.toys4vip.com\/fr\/luxury-toy\/heritage-paris\/158\/\" \/>\n<meta property=\"og:locale\" content=\"fr_FR\" \/>\n<meta property=\"og:type\" content=\"article\" \/>\n<meta property=\"og:title\" content=\"Heritage-Paris - Toys4Vip\" \/>\n<meta property=\"og:description\" content=\"Classe absolue, efficacit\u00e9 totale, charme foudroyant, le v\u00e9lo HERITAGE Paris 007 Goldfinger est \u00e0 la pointe du luxe et de la technologie.La singularit\u00e9 de ce bijou unique r\u00e9side en la fourche et les manchons du cadre baign\u00e9s dans un bain d\u2019or 24 carats.En hommage \u00e0 James Bond, rien n\u2019est trop beau.Le reste de l\u2019ossature en acier Columbus Bicycle Tubes Niobium Steel est peint en noir mat. Le contraste entre les deux teintes radie d\u2019aplomb et de sobri\u00e9t\u00e9 \u00e0 l\u2019instar des atouts du plus c\u00e9l\u00e8bre des agents secrets.\" \/>\n<meta property=\"og:url\" content=\"https:\/\/www.toys4vip.com\/fr\/luxury-toy\/heritage-paris\/158\/\" \/>\n<meta property=\"og:site_name\" content=\"Toys4Vip\" \/>\n<meta property=\"article:modified_time\" content=\"2021-11-13T11:12:23+00:00\" \/>\n<meta property=\"og:image\" content=\"https:\/\/www.toys4vip.com\/app\/uploads\/2021\/11\/main-131.jpg\" \/>\n\t<meta property=\"og:image:width\" content=\"1280\" \/>\n\t<meta property=\"og:image:height\" content=\"853\" \/>\n<meta name=\"twitter:card\" content=\"summary_large_image\" \/>\n<meta name=\"twitter:label1\" content=\"Dur\u00e9e de lecture est.\" \/>\n\t<meta name=\"twitter:data1\" content=\"1 minute\" \/>\n<script type=\"application\/ld+json\" class=\"yoast-schema-graph\">{\"@context\":\"https:\/\/schema.org\",\"@graph\":[{\"@type\":\"WebSite\",\"@id\":\"https:\/\/www.toys4vip.com\/fr\/#website\",\"url\":\"https:\/\/www.toys4vip.com\/fr\/\",\"name\":\"Toys4Vip\",\"description\":\"Jouets de luxe nouveau concept store\",\"potentialAction\":[{\"@type\":\"SearchAction\",\"target\":{\"@type\":\"EntryPoint\",\"urlTemplate\":\"https:\/\/www.toys4vip.com\/fr\/?s={search_term_string}\"},\"query-input\":\"required name=search_term_string\"}],\"inLanguage\":\"fr-FR\"},{\"@type\":\"ImageObject\",\"@id\":\"https:\/\/www.toys4vip.com\/fr\/luxury-toy\/heritage-paris\/158\/#primaryimage\",\"inLanguage\":\"fr-FR\",\"url\":\"https:\/\/www.toys4vip.com\/app\/uploads\/2021\/11\/main-131.jpg\",\"contentUrl\":\"https:\/\/www.toys4vip.com\/app\/uploads\/2021\/11\/main-131.jpg\",\"width\":1280,\"height\":853},{\"@type\":\"WebPage\",\"@id\":\"https:\/\/www.toys4vip.com\/fr\/luxury-toy\/heritage-paris\/158\/#webpage\",\"url\":\"https:\/\/www.toys4vip.com\/fr\/luxury-toy\/heritage-paris\/158\/\",\"name\":\"Heritage-Paris - Toys4Vip\",\"isPartOf\":{\"@id\":\"https:\/\/www.toys4vip.com\/fr\/#website\"},\"primaryImageOfPage\":{\"@id\":\"https:\/\/www.toys4vip.com\/fr\/luxury-toy\/heritage-paris\/158\/#primaryimage\"},\"datePublished\":\"2021-11-02T10:29:24+00:00\",\"dateModified\":\"2021-11-13T11:12:23+00:00\",\"description\":\"Classe absolue, efficacit\\u00e9 totale, charme foudroyant, le v\\u00e9lo HERITAGE Paris 007 Goldfinger est \\u00e0 la pointe du luxe et de la technologie.La singularit\\u00e9 de ce bijou unique r\\u00e9side en la fourche et les manchons du cadre baign\\u00e9s dans un bain d\\u2019or 24 carats.En hommage \\u00e0 James Bond, rien n\\u2019est trop beau.Le reste de l\\u2019ossature en acier Columbus Bicycle Tubes Niobium Steel est peint en noir mat. Le contraste entre les deux teintes radie d\\u2019aplomb et de sobri\\u00e9t\\u00e9 \\u00e0 l\\u2019instar des atouts du plus c\\u00e9l\\u00e8bre des agents secrets.\",\"breadcrumb\":{\"@id\":\"https:\/\/www.toys4vip.com\/fr\/luxury-toy\/heritage-paris\/158\/#breadcrumb\"},\"inLanguage\":\"fr-FR\",\"potentialAction\":[{\"@type\":\"ReadAction\",\"target\":[\"https:\/\/www.toys4vip.com\/fr\/luxury-toy\/heritage-paris\/158\/\"]}]},{\"@type\":\"BreadcrumbList\",\"@id\":\"https:\/\/www.toys4vip.com\/fr\/luxury-toy\/heritage-paris\/158\/#breadcrumb\",\"itemListElement\":[{\"@type\":\"ListItem\",\"position\":1,\"name\":\"Home\",\"item\":\"https:\/\/www.toys4vip.com\/fr\/\"},{\"@type\":\"ListItem\",\"position\":2,\"name\":\"Objets \/ Cat\\u00e9gories\",\"item\":\"https:\/\/www.toys4vip.com\/fr\/luxury-toys\/\"},{\"@type\":\"ListItem\",\"position\":3,\"name\":\"Heritage-Paris\"}]}]}<\/script>\n<!-- \/ Yoast SEO plugin. -->","yoast_head_json":{"title":"Heritage-Paris - Toys4Vip","description":"Classe absolue, efficacit\u00e9 totale, charme foudroyant, le v\u00e9lo HERITAGE Paris 007 Goldfinger est \u00e0 la pointe du luxe et de la technologie.La singularit\u00e9 de ce bijou unique r\u00e9side en la fourche et les manchons du cadre baign\u00e9s dans un bain d\u2019or 24 carats.En hommage \u00e0 James Bond, rien n\u2019est trop beau.Le reste de l\u2019ossature en acier Columbus Bicycle Tubes Niobium Steel est peint en noir mat. Le contraste entre les deux teintes radie d\u2019aplomb et de sobri\u00e9t\u00e9 \u00e0 l\u2019instar des atouts du plus c\u00e9l\u00e8bre des agents secrets.","robots":{"index":"index","follow":"follow","max-snippet":"max-snippet:-1","max-image-preview":"max-image-preview:large","max-video-preview":"max-video-preview:-1"},"canonical":"https:\/\/www.toys4vip.com\/fr\/luxury-toy\/heritage-paris\/158\/","og_locale":"fr_FR","og_type":"article","og_title":"Heritage-Paris - Toys4Vip","og_description":"Classe absolue, efficacit\u00e9 totale, charme foudroyant, le v\u00e9lo HERITAGE Paris 007 Goldfinger est \u00e0 la pointe du luxe et de la technologie.La singularit\u00e9 de ce bijou unique r\u00e9side en la fourche et les manchons du cadre baign\u00e9s dans un bain d\u2019or 24 carats.En hommage \u00e0 James Bond, rien n\u2019est trop beau.Le reste de l\u2019ossature en acier Columbus Bicycle Tubes Niobium Steel est peint en noir mat. Le contraste entre les deux teintes radie d\u2019aplomb et de sobri\u00e9t\u00e9 \u00e0 l\u2019instar des atouts du plus c\u00e9l\u00e8bre des agents secrets.","og_url":"https:\/\/www.toys4vip.com\/fr\/luxury-toy\/heritage-paris\/158\/","og_site_name":"Toys4Vip","article_modified_time":"2021-11-13T11:12:23+00:00","og_image":[{"width":1280,"height":853,"url":"https:\/\/www.toys4vip.com\/app\/uploads\/2021\/11\/main-131.jpg","type":"image\/jpeg"}],"twitter_card":"summary_large_image","twitter_misc":{"Dur\u00e9e de lecture est.":"1 minute"},"schema":{"@context":"https:\/\/schema.org","@graph":[{"@type":"WebSite","@id":"https:\/\/www.toys4vip.com\/fr\/#website","url":"https:\/\/www.toys4vip.com\/fr\/","name":"Toys4Vip","description":"Jouets de luxe nouveau concept store","potentialAction":[{"@type":"SearchAction","target":{"@type":"EntryPoint","urlTemplate":"https:\/\/www.toys4vip.com\/fr\/?s={search_term_string}"},"query-input":"required name=search_term_string"}],"inLanguage":"fr-FR"},{"@type":"ImageObject","@id":"https:\/\/www.toys4vip.com\/fr\/luxury-toy\/heritage-paris\/158\/#primaryimage","inLanguage":"fr-FR","url":"https:\/\/www.toys4vip.com\/app\/uploads\/2021\/11\/main-131.jpg","contentUrl":"https:\/\/www.toys4vip.com\/app\/uploads\/2021\/11\/main-131.jpg","width":1280,"height":853},{"@type":"WebPage","@id":"https:\/\/www.toys4vip.com\/fr\/luxury-toy\/heritage-paris\/158\/#webpage","url":"https:\/\/www.toys4vip.com\/fr\/luxury-toy\/heritage-paris\/158\/","name":"Heritage-Paris - Toys4Vip","isPartOf":{"@id":"https:\/\/www.toys4vip.com\/fr\/#website"},"primaryImageOfPage":{"@id":"https:\/\/www.toys4vip.com\/fr\/luxury-toy\/heritage-paris\/158\/#primaryimage"},"datePublished":"2021-11-02T10:29:24+00:00","dateModified":"2021-11-13T11:12:23+00:00","description":"Classe absolue, efficacit\u00e9 totale, charme foudroyant, le v\u00e9lo HERITAGE Paris 007 Goldfinger est \u00e0 la pointe du luxe et de la technologie.La singularit\u00e9 de ce bijou unique r\u00e9side en la fourche et les manchons du cadre baign\u00e9s dans un bain d\u2019or 24 carats.En hommage \u00e0 James Bond, rien n\u2019est trop beau.Le reste de l\u2019ossature en acier Columbus Bicycle Tubes Niobium Steel est peint en noir mat. Le contraste entre les deux teintes radie d\u2019aplomb et de sobri\u00e9t\u00e9 \u00e0 l\u2019instar des atouts du plus c\u00e9l\u00e8bre des agents secrets.","breadcrumb":{"@id":"https:\/\/www.toys4vip.com\/fr\/luxury-toy\/heritage-paris\/158\/#breadcrumb"},"inLanguage":"fr-FR","potentialAction":[{"@type":"ReadAction","target":["https:\/\/www.toys4vip.com\/fr\/luxury-toy\/heritage-paris\/158\/"]}]},{"@type":"BreadcrumbList","@id":"https:\/\/www.toys4vip.com\/fr\/luxury-toy\/heritage-paris\/158\/#breadcrumb","itemListElement":[{"@type":"ListItem","position":1,"name":"Home","item":"https:\/\/www.toys4vip.com\/fr\/"},{"@type":"ListItem","position":2,"name":"Objets \/ Cat\u00e9gories","item":"https:\/\/www.toys4vip.com\/fr\/luxury-toys\/"},{"@type":"ListItem","position":3,"name":"Heritage-Paris"}]}]}},"_links":{"self":[{"href":"https:\/\/www.toys4vip.com\/fr\/wp-json\/wp\/v2\/product\/828"}],"collection":[{"href":"https:\/\/www.toys4vip.com\/fr\/wp-json\/wp\/v2\/product"}],"about":[{"href":"https:\/\/www.toys4vip.com\/fr\/wp-json\/wp\/v2\/types\/product"}],"replies":[{"embeddable":true,"href":"https:\/\/www.toys4vip.com\/fr\/wp-json\/wp\/v2\/comments?post=828"}],"wp:featuredmedia":[{"embeddable":true,"href":"https:\/\/www.toys4vip.com\/fr\/wp-json\/wp\/v2\/media\/826"}],"wp:attachment":[{"href":"https:\/\/www.toys4vip.com\/fr\/wp-json\/wp\/v2\/media?parent=828"}],"wp:term":[{"taxonomy":"product_cat","embeddable":true,"href":"https:\/\/www.toys4vip.com\/fr\/wp-json\/wp\/v2\/product_cat?post=828"},{"taxonomy":"product_tag","embeddable":true,"href":"https:\/\/www.toys4vip.com\/fr\/wp-json\/wp\/v2\/product_tag?post=828"}],"curies":[{"name":"wp","href":"https:\/\/api.w.org\/{rel}","templated":true}]}}