{"id":822,"date":"2021-11-02T10:29:23","date_gmt":"2021-11-02T10:29:23","guid":{"rendered":"https:\/\/toys4vip.com\/produit\/smart-for-jeremy\/"},"modified":"2021-11-16T18:21:32","modified_gmt":"2021-11-16T18:21:32","slug":"smart-for-jeremy","status":"publish","type":"product","link":"https:\/\/www.toys4vip.com\/fr\/luxury-toy\/smart-for-jeremy\/156\/","title":{"rendered":"Smart For Jeremy"},"content":{"rendered":"<p>Dr\u00f4le de Smart que cette version sign\u00e9e par Jeremy Scott. La Smart transform\u00e9e est une version Electric Drive, habill\u00e9e par le designer de mode Jeremy Scott, avec une carrosserie \u00e9tonnante. Le gimmick des ailes pl\u00e9biscit\u00e9es par le styliste sont int\u00e9gr\u00e9es sur la partie arri\u00e8re de la Smart ForJeremy avec un design tranchant !<\/p>\n<p>L\u2019int\u00e9rieur de cette Smart n\u2019a pas non plus \u00e9chapp\u00e9 \u00e0 la mutation avec une planche de bord blanc mat, un volant redessin\u00e9 fa\u00e7on manche de Boeing, et des poign\u00e9es chrom\u00e9es.<\/p>\n<p>Encore plus \u00e9tonnant : cette cr\u00e9ation pr\u00e9sent\u00e9e au Salon de Los Angeles devrait \u00eatre commercialis\u00e9e aux USA en s\u00e9rie limit\u00e9e courant 2013. Le prix devrait \u00eatre logiquement \u00e9lev\u00e9, pour les adeptes de v\u00e9hicules collectors\u2026<\/p>\n<p>La Smart Electric Drive dispose d\u2019un moteur \u00e9lectrique de 55 kW, et peut parcourir environ 145 km sans recharger les batteries.<\/p>\n","protected":false},"excerpt":{"rendered":"<p>Dr\u00f4le de Smart que cette version sign\u00e9e par Jeremy Scott. La Smart transform\u00e9e est une version Electric Drive, habill\u00e9e par le designer de mode Jeremy Scott, avec une carrosserie \u00e9tonnante. Le gimmick des ailes pl\u00e9biscit\u00e9es par le styliste sont int\u00e9gr\u00e9es sur la partie arri\u00e8re de la Smart ForJeremy avec un design tranchant ! L\u2019int\u00e9rieur de [&hellip;]<\/p>\n","protected":false},"featured_media":820,"comment_status":"open","ping_status":"closed","template":"","meta":[],"product_cat":[26,87],"product_tag":[],"yoast_head":"<!-- This site is optimized with the Yoast SEO plugin v17.4 - https:\/\/yoast.com\/wordpress\/plugins\/seo\/ -->\n<title>Smart For Jeremy - Toys4Vip<\/title>\n<meta name=\"description\" content=\"Dr\u00f4le de Smart que cette version sign\u00e9e par Jeremy Scott. La Smart transform\u00e9e est une version Electric Drive, habill\u00e9e par le designer de mode Jeremy Scott, avec une carrosserie \u00e9tonnante. Le gimmick des ailes pl\u00e9biscit\u00e9es par le styliste sont int\u00e9gr\u00e9es sur la partie arri\u00e8re de la Smart ForJeremy avec un design tranchant !L\u2019int\u00e9rieur de cette Smart n\u2019a pas non plus \u00e9chapp\u00e9 \u00e0 la mutation avec une planche de bord blanc mat, un volant redessin\u00e9 fa\u00e7on manche de Boeing, et des poign\u00e9es chrom\u00e9es.\" \/>\n<meta name=\"robots\" content=\"index, follow, max-snippet:-1, max-image-preview:large, max-video-preview:-1\" \/>\n<link rel=\"canonical\" href=\"https:\/\/www.toys4vip.com\/fr\/luxury-toy\/smart-for-jeremy\/156\/\" \/>\n<meta property=\"og:locale\" content=\"fr_FR\" \/>\n<meta property=\"og:type\" content=\"article\" \/>\n<meta property=\"og:title\" content=\"Smart For Jeremy - Toys4Vip\" \/>\n<meta property=\"og:description\" content=\"Dr\u00f4le de Smart que cette version sign\u00e9e par Jeremy Scott. La Smart transform\u00e9e est une version Electric Drive, habill\u00e9e par le designer de mode Jeremy Scott, avec une carrosserie \u00e9tonnante. Le gimmick des ailes pl\u00e9biscit\u00e9es par le styliste sont int\u00e9gr\u00e9es sur la partie arri\u00e8re de la Smart ForJeremy avec un design tranchant !L\u2019int\u00e9rieur de cette Smart n\u2019a pas non plus \u00e9chapp\u00e9 \u00e0 la mutation avec une planche de bord blanc mat, un volant redessin\u00e9 fa\u00e7on manche de Boeing, et des poign\u00e9es chrom\u00e9es.\" \/>\n<meta property=\"og:url\" content=\"https:\/\/www.toys4vip.com\/fr\/luxury-toy\/smart-for-jeremy\/156\/\" \/>\n<meta property=\"og:site_name\" content=\"Toys4Vip\" \/>\n<meta property=\"article:modified_time\" content=\"2021-11-16T18:21:32+00:00\" \/>\n<meta property=\"og:image\" content=\"https:\/\/www.toys4vip.com\/app\/uploads\/2021\/11\/main-129.jpg\" \/>\n\t<meta property=\"og:image:width\" content=\"560\" \/>\n\t<meta property=\"og:image:height\" content=\"373\" \/>\n<meta name=\"twitter:card\" content=\"summary_large_image\" \/>\n<meta name=\"twitter:label1\" content=\"Dur\u00e9e de lecture est.\" \/>\n\t<meta name=\"twitter:data1\" content=\"1 minute\" \/>\n<script type=\"application\/ld+json\" class=\"yoast-schema-graph\">{\"@context\":\"https:\/\/schema.org\",\"@graph\":[{\"@type\":\"WebSite\",\"@id\":\"https:\/\/www.toys4vip.com\/fr\/#website\",\"url\":\"https:\/\/www.toys4vip.com\/fr\/\",\"name\":\"Toys4Vip\",\"description\":\"Jouets de luxe nouveau concept store\",\"potentialAction\":[{\"@type\":\"SearchAction\",\"target\":{\"@type\":\"EntryPoint\",\"urlTemplate\":\"https:\/\/www.toys4vip.com\/fr\/?s={search_term_string}\"},\"query-input\":\"required name=search_term_string\"}],\"inLanguage\":\"fr-FR\"},{\"@type\":\"ImageObject\",\"@id\":\"https:\/\/www.toys4vip.com\/fr\/luxury-toy\/smart-for-jeremy\/156\/#primaryimage\",\"inLanguage\":\"fr-FR\",\"url\":\"https:\/\/www.toys4vip.com\/app\/uploads\/2021\/11\/main-129.jpg\",\"contentUrl\":\"https:\/\/www.toys4vip.com\/app\/uploads\/2021\/11\/main-129.jpg\",\"width\":560,\"height\":373},{\"@type\":\"WebPage\",\"@id\":\"https:\/\/www.toys4vip.com\/fr\/luxury-toy\/smart-for-jeremy\/156\/#webpage\",\"url\":\"https:\/\/www.toys4vip.com\/fr\/luxury-toy\/smart-for-jeremy\/156\/\",\"name\":\"Smart For Jeremy - Toys4Vip\",\"isPartOf\":{\"@id\":\"https:\/\/www.toys4vip.com\/fr\/#website\"},\"primaryImageOfPage\":{\"@id\":\"https:\/\/www.toys4vip.com\/fr\/luxury-toy\/smart-for-jeremy\/156\/#primaryimage\"},\"datePublished\":\"2021-11-02T10:29:23+00:00\",\"dateModified\":\"2021-11-16T18:21:32+00:00\",\"description\":\"Dr\\u00f4le de Smart que cette version sign\\u00e9e par Jeremy Scott. La Smart transform\\u00e9e est une version Electric Drive, habill\\u00e9e par le designer de mode Jeremy Scott, avec une carrosserie \\u00e9tonnante. Le gimmick des ailes pl\\u00e9biscit\\u00e9es par le styliste sont int\\u00e9gr\\u00e9es sur la partie arri\\u00e8re de la Smart ForJeremy avec un design tranchant !L\\u2019int\\u00e9rieur de cette Smart n\\u2019a pas non plus \\u00e9chapp\\u00e9 \\u00e0 la mutation avec une planche de bord blanc mat, un volant redessin\\u00e9 fa\\u00e7on manche de Boeing, et des poign\\u00e9es chrom\\u00e9es.\",\"breadcrumb\":{\"@id\":\"https:\/\/www.toys4vip.com\/fr\/luxury-toy\/smart-for-jeremy\/156\/#breadcrumb\"},\"inLanguage\":\"fr-FR\",\"potentialAction\":[{\"@type\":\"ReadAction\",\"target\":[\"https:\/\/www.toys4vip.com\/fr\/luxury-toy\/smart-for-jeremy\/156\/\"]}]},{\"@type\":\"BreadcrumbList\",\"@id\":\"https:\/\/www.toys4vip.com\/fr\/luxury-toy\/smart-for-jeremy\/156\/#breadcrumb\",\"itemListElement\":[{\"@type\":\"ListItem\",\"position\":1,\"name\":\"Home\",\"item\":\"https:\/\/www.toys4vip.com\/fr\/\"},{\"@type\":\"ListItem\",\"position\":2,\"name\":\"Objets \/ Cat\\u00e9gories\",\"item\":\"https:\/\/www.toys4vip.com\/fr\/luxury-toys\/\"},{\"@type\":\"ListItem\",\"position\":3,\"name\":\"Smart For Jeremy\"}]}]}<\/script>\n<!-- \/ Yoast SEO plugin. -->","yoast_head_json":{"title":"Smart For Jeremy - Toys4Vip","description":"Dr\u00f4le de Smart que cette version sign\u00e9e par Jeremy Scott. La Smart transform\u00e9e est une version Electric Drive, habill\u00e9e par le designer de mode Jeremy Scott, avec une carrosserie \u00e9tonnante. Le gimmick des ailes pl\u00e9biscit\u00e9es par le styliste sont int\u00e9gr\u00e9es sur la partie arri\u00e8re de la Smart ForJeremy avec un design tranchant !L\u2019int\u00e9rieur de cette Smart n\u2019a pas non plus \u00e9chapp\u00e9 \u00e0 la mutation avec une planche de bord blanc mat, un volant redessin\u00e9 fa\u00e7on manche de Boeing, et des poign\u00e9es chrom\u00e9es.","robots":{"index":"index","follow":"follow","max-snippet":"max-snippet:-1","max-image-preview":"max-image-preview:large","max-video-preview":"max-video-preview:-1"},"canonical":"https:\/\/www.toys4vip.com\/fr\/luxury-toy\/smart-for-jeremy\/156\/","og_locale":"fr_FR","og_type":"article","og_title":"Smart For Jeremy - Toys4Vip","og_description":"Dr\u00f4le de Smart que cette version sign\u00e9e par Jeremy Scott. La Smart transform\u00e9e est une version Electric Drive, habill\u00e9e par le designer de mode Jeremy Scott, avec une carrosserie \u00e9tonnante. Le gimmick des ailes pl\u00e9biscit\u00e9es par le styliste sont int\u00e9gr\u00e9es sur la partie arri\u00e8re de la Smart ForJeremy avec un design tranchant !L\u2019int\u00e9rieur de cette Smart n\u2019a pas non plus \u00e9chapp\u00e9 \u00e0 la mutation avec une planche de bord blanc mat, un volant redessin\u00e9 fa\u00e7on manche de Boeing, et des poign\u00e9es chrom\u00e9es.","og_url":"https:\/\/www.toys4vip.com\/fr\/luxury-toy\/smart-for-jeremy\/156\/","og_site_name":"Toys4Vip","article_modified_time":"2021-11-16T18:21:32+00:00","og_image":[{"width":560,"height":373,"url":"https:\/\/www.toys4vip.com\/app\/uploads\/2021\/11\/main-129.jpg","type":"image\/jpeg"}],"twitter_card":"summary_large_image","twitter_misc":{"Dur\u00e9e de lecture est.":"1 minute"},"schema":{"@context":"https:\/\/schema.org","@graph":[{"@type":"WebSite","@id":"https:\/\/www.toys4vip.com\/fr\/#website","url":"https:\/\/www.toys4vip.com\/fr\/","name":"Toys4Vip","description":"Jouets de luxe nouveau concept store","potentialAction":[{"@type":"SearchAction","target":{"@type":"EntryPoint","urlTemplate":"https:\/\/www.toys4vip.com\/fr\/?s={search_term_string}"},"query-input":"required name=search_term_string"}],"inLanguage":"fr-FR"},{"@type":"ImageObject","@id":"https:\/\/www.toys4vip.com\/fr\/luxury-toy\/smart-for-jeremy\/156\/#primaryimage","inLanguage":"fr-FR","url":"https:\/\/www.toys4vip.com\/app\/uploads\/2021\/11\/main-129.jpg","contentUrl":"https:\/\/www.toys4vip.com\/app\/uploads\/2021\/11\/main-129.jpg","width":560,"height":373},{"@type":"WebPage","@id":"https:\/\/www.toys4vip.com\/fr\/luxury-toy\/smart-for-jeremy\/156\/#webpage","url":"https:\/\/www.toys4vip.com\/fr\/luxury-toy\/smart-for-jeremy\/156\/","name":"Smart For Jeremy - Toys4Vip","isPartOf":{"@id":"https:\/\/www.toys4vip.com\/fr\/#website"},"primaryImageOfPage":{"@id":"https:\/\/www.toys4vip.com\/fr\/luxury-toy\/smart-for-jeremy\/156\/#primaryimage"},"datePublished":"2021-11-02T10:29:23+00:00","dateModified":"2021-11-16T18:21:32+00:00","description":"Dr\u00f4le de Smart que cette version sign\u00e9e par Jeremy Scott. La Smart transform\u00e9e est une version Electric Drive, habill\u00e9e par le designer de mode Jeremy Scott, avec une carrosserie \u00e9tonnante. Le gimmick des ailes pl\u00e9biscit\u00e9es par le styliste sont int\u00e9gr\u00e9es sur la partie arri\u00e8re de la Smart ForJeremy avec un design tranchant !L\u2019int\u00e9rieur de cette Smart n\u2019a pas non plus \u00e9chapp\u00e9 \u00e0 la mutation avec une planche de bord blanc mat, un volant redessin\u00e9 fa\u00e7on manche de Boeing, et des poign\u00e9es chrom\u00e9es.","breadcrumb":{"@id":"https:\/\/www.toys4vip.com\/fr\/luxury-toy\/smart-for-jeremy\/156\/#breadcrumb"},"inLanguage":"fr-FR","potentialAction":[{"@type":"ReadAction","target":["https:\/\/www.toys4vip.com\/fr\/luxury-toy\/smart-for-jeremy\/156\/"]}]},{"@type":"BreadcrumbList","@id":"https:\/\/www.toys4vip.com\/fr\/luxury-toy\/smart-for-jeremy\/156\/#breadcrumb","itemListElement":[{"@type":"ListItem","position":1,"name":"Home","item":"https:\/\/www.toys4vip.com\/fr\/"},{"@type":"ListItem","position":2,"name":"Objets \/ Cat\u00e9gories","item":"https:\/\/www.toys4vip.com\/fr\/luxury-toys\/"},{"@type":"ListItem","position":3,"name":"Smart For Jeremy"}]}]}},"_links":{"self":[{"href":"https:\/\/www.toys4vip.com\/fr\/wp-json\/wp\/v2\/product\/822"}],"collection":[{"href":"https:\/\/www.toys4vip.com\/fr\/wp-json\/wp\/v2\/product"}],"about":[{"href":"https:\/\/www.toys4vip.com\/fr\/wp-json\/wp\/v2\/types\/product"}],"replies":[{"embeddable":true,"href":"https:\/\/www.toys4vip.com\/fr\/wp-json\/wp\/v2\/comments?post=822"}],"wp:featuredmedia":[{"embeddable":true,"href":"https:\/\/www.toys4vip.com\/fr\/wp-json\/wp\/v2\/media\/820"}],"wp:attachment":[{"href":"https:\/\/www.toys4vip.com\/fr\/wp-json\/wp\/v2\/media?parent=822"}],"wp:term":[{"taxonomy":"product_cat","embeddable":true,"href":"https:\/\/www.toys4vip.com\/fr\/wp-json\/wp\/v2\/product_cat?post=822"},{"taxonomy":"product_tag","embeddable":true,"href":"https:\/\/www.toys4vip.com\/fr\/wp-json\/wp\/v2\/product_tag?post=822"}],"curies":[{"name":"wp","href":"https:\/\/api.w.org\/{rel}","templated":true}]}}