{"id":819,"date":"2021-11-02T10:29:23","date_gmt":"2021-11-02T10:29:23","guid":{"rendered":"https:\/\/toys4vip.com\/produit\/porsche-bobsleigh\/"},"modified":"2021-11-09T09:16:15","modified_gmt":"2021-11-09T09:16:15","slug":"porsche-bobsleigh","status":"publish","type":"product","link":"https:\/\/www.toys4vip.com\/fr\/luxury-toy\/porsche-bobsleigh\/155\/","title":{"rendered":"Porsche Bobsleigh"},"content":{"rendered":"<p>Comme pour ses homonymes \u00e0 quatre roues, ce Bobsleigh n&rsquo;est pas uniquement beau \u00e0 regarder, il vous permet d&rsquo;attendre les plus grandes vitesses sur piste gr\u00e2ce \u00e0 son centre de gravit\u00e9 plac\u00e9 tr\u00e8s bas et \u00e0 ses courbes a\u00e9rodynamiques ! Il ne p\u00e8se que 4 kg et vous risquez donc de devoir remonter plus souvent la piste que vos amis &#8230;En plus quelle classe pendant des diners de dire que vous poss\u00e9dez une Porsche !<\/p>\n","protected":false},"excerpt":{"rendered":"<p>Comme pour ses homonymes \u00e0 quatre roues, ce Bobsleigh n&rsquo;est pas uniquement beau \u00e0 regarder, il vous permet d&rsquo;attendre les plus grandes vitesses sur piste gr\u00e2ce \u00e0 son centre de gravit\u00e9 plac\u00e9 tr\u00e8s bas et \u00e0 ses courbes a\u00e9rodynamiques ! Il ne p\u00e8se que 4 kg et vous risquez donc de devoir remonter plus souvent [&hellip;]<\/p>\n","protected":false},"featured_media":817,"comment_status":"open","ping_status":"closed","template":"","meta":[],"product_cat":[33],"product_tag":[],"yoast_head":"<!-- This site is optimized with the Yoast SEO plugin v17.4 - https:\/\/yoast.com\/wordpress\/plugins\/seo\/ -->\n<title>Porsche Bobsleigh - Toys4Vip<\/title>\n<meta name=\"description\" content=\"Comme pour ses homonymes \u00e0 quatre roues, ce Bobsleigh n&#039;est pas uniquement beau \u00e0 regarder, il vous permet d&#039;attendre les plus grandes vitesses sur piste gr\u00e2ce \u00e0 son centre de gravit\u00e9 plac\u00e9 tr\u00e8s bas et \u00e0 ses courbes a\u00e9rodynamiques ! Il ne p\u00e8se que 4 kg et vous risquez donc de devoir remonter plus souvent la piste que vos amis ...En plus quelle classe pendant des diners de dire que vous poss\u00e9dez une Porsche !\" \/>\n<meta name=\"robots\" content=\"index, follow, max-snippet:-1, max-image-preview:large, max-video-preview:-1\" \/>\n<link rel=\"canonical\" href=\"https:\/\/www.toys4vip.com\/fr\/luxury-toy\/porsche-bobsleigh\/155\/\" \/>\n<meta property=\"og:locale\" content=\"fr_FR\" \/>\n<meta property=\"og:type\" content=\"article\" \/>\n<meta property=\"og:title\" content=\"Porsche Bobsleigh - Toys4Vip\" \/>\n<meta property=\"og:description\" content=\"Comme pour ses homonymes \u00e0 quatre roues, ce Bobsleigh n&#039;est pas uniquement beau \u00e0 regarder, il vous permet d&#039;attendre les plus grandes vitesses sur piste gr\u00e2ce \u00e0 son centre de gravit\u00e9 plac\u00e9 tr\u00e8s bas et \u00e0 ses courbes a\u00e9rodynamiques ! Il ne p\u00e8se que 4 kg et vous risquez donc de devoir remonter plus souvent la piste que vos amis ...En plus quelle classe pendant des diners de dire que vous poss\u00e9dez une Porsche !\" \/>\n<meta property=\"og:url\" content=\"https:\/\/www.toys4vip.com\/fr\/luxury-toy\/porsche-bobsleigh\/155\/\" \/>\n<meta property=\"og:site_name\" content=\"Toys4Vip\" \/>\n<meta property=\"article:modified_time\" content=\"2021-11-09T09:16:15+00:00\" \/>\n<meta property=\"og:image\" content=\"https:\/\/www.toys4vip.com\/app\/uploads\/2021\/11\/main-128.jpg\" \/>\n\t<meta property=\"og:image:width\" content=\"480\" \/>\n\t<meta property=\"og:image:height\" content=\"278\" \/>\n<meta name=\"twitter:card\" content=\"summary_large_image\" \/>\n<script type=\"application\/ld+json\" class=\"yoast-schema-graph\">{\"@context\":\"https:\/\/schema.org\",\"@graph\":[{\"@type\":\"WebSite\",\"@id\":\"https:\/\/www.toys4vip.com\/fr\/#website\",\"url\":\"https:\/\/www.toys4vip.com\/fr\/\",\"name\":\"Toys4Vip\",\"description\":\"Jouets de luxe nouveau concept store\",\"potentialAction\":[{\"@type\":\"SearchAction\",\"target\":{\"@type\":\"EntryPoint\",\"urlTemplate\":\"https:\/\/www.toys4vip.com\/fr\/?s={search_term_string}\"},\"query-input\":\"required name=search_term_string\"}],\"inLanguage\":\"fr-FR\"},{\"@type\":\"ImageObject\",\"@id\":\"https:\/\/www.toys4vip.com\/fr\/luxury-toy\/porsche-bobsleigh\/155\/#primaryimage\",\"inLanguage\":\"fr-FR\",\"url\":\"https:\/\/www.toys4vip.com\/app\/uploads\/2021\/11\/main-128.jpg\",\"contentUrl\":\"https:\/\/www.toys4vip.com\/app\/uploads\/2021\/11\/main-128.jpg\",\"width\":480,\"height\":278},{\"@type\":\"WebPage\",\"@id\":\"https:\/\/www.toys4vip.com\/fr\/luxury-toy\/porsche-bobsleigh\/155\/#webpage\",\"url\":\"https:\/\/www.toys4vip.com\/fr\/luxury-toy\/porsche-bobsleigh\/155\/\",\"name\":\"Porsche Bobsleigh - Toys4Vip\",\"isPartOf\":{\"@id\":\"https:\/\/www.toys4vip.com\/fr\/#website\"},\"primaryImageOfPage\":{\"@id\":\"https:\/\/www.toys4vip.com\/fr\/luxury-toy\/porsche-bobsleigh\/155\/#primaryimage\"},\"datePublished\":\"2021-11-02T10:29:23+00:00\",\"dateModified\":\"2021-11-09T09:16:15+00:00\",\"description\":\"Comme pour ses homonymes \\u00e0 quatre roues, ce Bobsleigh n'est pas uniquement beau \\u00e0 regarder, il vous permet d'attendre les plus grandes vitesses sur piste gr\\u00e2ce \\u00e0 son centre de gravit\\u00e9 plac\\u00e9 tr\\u00e8s bas et \\u00e0 ses courbes a\\u00e9rodynamiques ! Il ne p\\u00e8se que 4 kg et vous risquez donc de devoir remonter plus souvent la piste que vos amis ...En plus quelle classe pendant des diners de dire que vous poss\\u00e9dez une Porsche !\",\"breadcrumb\":{\"@id\":\"https:\/\/www.toys4vip.com\/fr\/luxury-toy\/porsche-bobsleigh\/155\/#breadcrumb\"},\"inLanguage\":\"fr-FR\",\"potentialAction\":[{\"@type\":\"ReadAction\",\"target\":[\"https:\/\/www.toys4vip.com\/fr\/luxury-toy\/porsche-bobsleigh\/155\/\"]}]},{\"@type\":\"BreadcrumbList\",\"@id\":\"https:\/\/www.toys4vip.com\/fr\/luxury-toy\/porsche-bobsleigh\/155\/#breadcrumb\",\"itemListElement\":[{\"@type\":\"ListItem\",\"position\":1,\"name\":\"Home\",\"item\":\"https:\/\/www.toys4vip.com\/fr\/\"},{\"@type\":\"ListItem\",\"position\":2,\"name\":\"Objets \/ Cat\\u00e9gories\",\"item\":\"https:\/\/www.toys4vip.com\/fr\/luxury-toys\/\"},{\"@type\":\"ListItem\",\"position\":3,\"name\":\"Porsche Bobsleigh\"}]}]}<\/script>\n<!-- \/ Yoast SEO plugin. -->","yoast_head_json":{"title":"Porsche Bobsleigh - Toys4Vip","description":"Comme pour ses homonymes \u00e0 quatre roues, ce Bobsleigh n'est pas uniquement beau \u00e0 regarder, il vous permet d'attendre les plus grandes vitesses sur piste gr\u00e2ce \u00e0 son centre de gravit\u00e9 plac\u00e9 tr\u00e8s bas et \u00e0 ses courbes a\u00e9rodynamiques ! Il ne p\u00e8se que 4 kg et vous risquez donc de devoir remonter plus souvent la piste que vos amis ...En plus quelle classe pendant des diners de dire que vous poss\u00e9dez une Porsche !","robots":{"index":"index","follow":"follow","max-snippet":"max-snippet:-1","max-image-preview":"max-image-preview:large","max-video-preview":"max-video-preview:-1"},"canonical":"https:\/\/www.toys4vip.com\/fr\/luxury-toy\/porsche-bobsleigh\/155\/","og_locale":"fr_FR","og_type":"article","og_title":"Porsche Bobsleigh - Toys4Vip","og_description":"Comme pour ses homonymes \u00e0 quatre roues, ce Bobsleigh n'est pas uniquement beau \u00e0 regarder, il vous permet d'attendre les plus grandes vitesses sur piste gr\u00e2ce \u00e0 son centre de gravit\u00e9 plac\u00e9 tr\u00e8s bas et \u00e0 ses courbes a\u00e9rodynamiques ! Il ne p\u00e8se que 4 kg et vous risquez donc de devoir remonter plus souvent la piste que vos amis ...En plus quelle classe pendant des diners de dire que vous poss\u00e9dez une Porsche !","og_url":"https:\/\/www.toys4vip.com\/fr\/luxury-toy\/porsche-bobsleigh\/155\/","og_site_name":"Toys4Vip","article_modified_time":"2021-11-09T09:16:15+00:00","og_image":[{"width":480,"height":278,"url":"https:\/\/www.toys4vip.com\/app\/uploads\/2021\/11\/main-128.jpg","type":"image\/jpeg"}],"twitter_card":"summary_large_image","schema":{"@context":"https:\/\/schema.org","@graph":[{"@type":"WebSite","@id":"https:\/\/www.toys4vip.com\/fr\/#website","url":"https:\/\/www.toys4vip.com\/fr\/","name":"Toys4Vip","description":"Jouets de luxe nouveau concept store","potentialAction":[{"@type":"SearchAction","target":{"@type":"EntryPoint","urlTemplate":"https:\/\/www.toys4vip.com\/fr\/?s={search_term_string}"},"query-input":"required name=search_term_string"}],"inLanguage":"fr-FR"},{"@type":"ImageObject","@id":"https:\/\/www.toys4vip.com\/fr\/luxury-toy\/porsche-bobsleigh\/155\/#primaryimage","inLanguage":"fr-FR","url":"https:\/\/www.toys4vip.com\/app\/uploads\/2021\/11\/main-128.jpg","contentUrl":"https:\/\/www.toys4vip.com\/app\/uploads\/2021\/11\/main-128.jpg","width":480,"height":278},{"@type":"WebPage","@id":"https:\/\/www.toys4vip.com\/fr\/luxury-toy\/porsche-bobsleigh\/155\/#webpage","url":"https:\/\/www.toys4vip.com\/fr\/luxury-toy\/porsche-bobsleigh\/155\/","name":"Porsche Bobsleigh - Toys4Vip","isPartOf":{"@id":"https:\/\/www.toys4vip.com\/fr\/#website"},"primaryImageOfPage":{"@id":"https:\/\/www.toys4vip.com\/fr\/luxury-toy\/porsche-bobsleigh\/155\/#primaryimage"},"datePublished":"2021-11-02T10:29:23+00:00","dateModified":"2021-11-09T09:16:15+00:00","description":"Comme pour ses homonymes \u00e0 quatre roues, ce Bobsleigh n'est pas uniquement beau \u00e0 regarder, il vous permet d'attendre les plus grandes vitesses sur piste gr\u00e2ce \u00e0 son centre de gravit\u00e9 plac\u00e9 tr\u00e8s bas et \u00e0 ses courbes a\u00e9rodynamiques ! Il ne p\u00e8se que 4 kg et vous risquez donc de devoir remonter plus souvent la piste que vos amis ...En plus quelle classe pendant des diners de dire que vous poss\u00e9dez une Porsche !","breadcrumb":{"@id":"https:\/\/www.toys4vip.com\/fr\/luxury-toy\/porsche-bobsleigh\/155\/#breadcrumb"},"inLanguage":"fr-FR","potentialAction":[{"@type":"ReadAction","target":["https:\/\/www.toys4vip.com\/fr\/luxury-toy\/porsche-bobsleigh\/155\/"]}]},{"@type":"BreadcrumbList","@id":"https:\/\/www.toys4vip.com\/fr\/luxury-toy\/porsche-bobsleigh\/155\/#breadcrumb","itemListElement":[{"@type":"ListItem","position":1,"name":"Home","item":"https:\/\/www.toys4vip.com\/fr\/"},{"@type":"ListItem","position":2,"name":"Objets \/ Cat\u00e9gories","item":"https:\/\/www.toys4vip.com\/fr\/luxury-toys\/"},{"@type":"ListItem","position":3,"name":"Porsche Bobsleigh"}]}]}},"_links":{"self":[{"href":"https:\/\/www.toys4vip.com\/fr\/wp-json\/wp\/v2\/product\/819"}],"collection":[{"href":"https:\/\/www.toys4vip.com\/fr\/wp-json\/wp\/v2\/product"}],"about":[{"href":"https:\/\/www.toys4vip.com\/fr\/wp-json\/wp\/v2\/types\/product"}],"replies":[{"embeddable":true,"href":"https:\/\/www.toys4vip.com\/fr\/wp-json\/wp\/v2\/comments?post=819"}],"wp:featuredmedia":[{"embeddable":true,"href":"https:\/\/www.toys4vip.com\/fr\/wp-json\/wp\/v2\/media\/817"}],"wp:attachment":[{"href":"https:\/\/www.toys4vip.com\/fr\/wp-json\/wp\/v2\/media?parent=819"}],"wp:term":[{"taxonomy":"product_cat","embeddable":true,"href":"https:\/\/www.toys4vip.com\/fr\/wp-json\/wp\/v2\/product_cat?post=819"},{"taxonomy":"product_tag","embeddable":true,"href":"https:\/\/www.toys4vip.com\/fr\/wp-json\/wp\/v2\/product_tag?post=819"}],"curies":[{"name":"wp","href":"https:\/\/api.w.org\/{rel}","templated":true}]}}