{"id":804,"date":"2021-11-02T10:29:22","date_gmt":"2021-11-02T10:29:22","guid":{"rendered":"https:\/\/toys4vip.com\/produit\/cordier-mestrezat-grands-crus\/"},"modified":"2021-11-13T11:13:40","modified_gmt":"2021-11-13T11:13:40","slug":"cordier-mestrezat-grands-crus","status":"publish","type":"product","link":"https:\/\/www.toys4vip.com\/fr\/luxury-toy\/cordier-mestrezat-grands-crus\/150\/","title":{"rendered":"CORDIER MESTREZAT GRANDS CRUS"},"content":{"rendered":"<p>A l\u2019heure o\u00f9 les portes du salon Vinexpo Hong-\u00adKong 2012 se ferment, Cordier Mestrezat Grands Crus tire un bilan tr\u00e8s positif de sa pr\u00e9sence. Cr\u00e9ateur de tendances, David Bolzan, Directeur G\u00e9n\u00e9ral de Cordier Mestrezat Grands Crus, vient de prouver que le marketing des grands vins est une v\u00e9ritable valeur ajout\u00e9e dans un march\u00e9 o\u00f9 la concurrence est rude.<\/p>\n<p>Pionnier dans le marketing des grands vins et cr\u00e9ateur du concept de la Cordier4Box\u00ae, Cordier Mestrezat Grands Crus a d\u00e9voil\u00e9 sous l\u2019oeil passionn\u00e9 de la client\u00e8le chinoise sa ligne \u00ab Mallettes de cr\u00e9ateurs \u00bb.<\/p>\n<p>Elle fait honneur \u00e0 3 artisans d\u2019art bordelais pour la r\u00e9alisation de la Cordier Golden4Box\u00ae, la Cordier Royal4Box\u00ae, et la Cordier Mareuil4Box\u00ae. Le savoir-\u00ad\u2010faire \u00e0 la fran\u00e7aise aura eu raison de son succ\u00e8s face \u00e0 la client\u00e8le chinoise pour laquelle le luxe est un leitmotiv.<\/p>\n<p>Un homme d\u2019affaires chinois a jet\u00e9 son d\u00e9volu sur la Cordier Golden4Box\u00ae travaill\u00e9e \u00e0 la feuille d\u2019or 24 carats. Ce chef d\u2019oeuvre a \u00e9t\u00e9 acquis pour 50 000 euros en faisant ainsi la mallette de 4 bouteilles \u00ab 4Box \u00bb la plus ch\u00e8re du monde.<\/p>\n<p>R\u00e9alis\u00e9e selon des m\u00e9thodes traditionnelles par V\u00e9ronique Debord, Doreur-Ornemaniste bordelaise (France), la Cordier Golden4Box\u00ae a n\u00e9cessit\u00e9 une vingtaine d\u2019op\u00e9rations et plus de 50 heures de travail dans la plus pure tradition du savoir-\u00adfaire \u00e0 la fran\u00e7aise.<\/p>\n<p>Cet \u00e9crin contenant 4 flacons exceptionnels du Ch\u00e2teau d\u2019Yquem, Premier Cru Sup\u00e9rieur Class\u00e9 en 1855 aux mill\u00e9simes historiques : 1967, 1947, 1937 et\u2026 1927 a conquis cet amateur de grands vins.<\/p>\n","protected":false},"excerpt":{"rendered":"<p>A l\u2019heure o\u00f9 les portes du salon Vinexpo Hong-\u00adKong 2012 se ferment, Cordier Mestrezat Grands Crus tire un bilan tr\u00e8s positif de sa pr\u00e9sence. Cr\u00e9ateur de tendances, David Bolzan, Directeur G\u00e9n\u00e9ral de Cordier Mestrezat Grands Crus, vient de prouver que le marketing des grands vins est une v\u00e9ritable valeur ajout\u00e9e dans un march\u00e9 o\u00f9 la [&hellip;]<\/p>\n","protected":false},"featured_media":802,"comment_status":"open","ping_status":"closed","template":"","meta":[],"product_cat":[33],"product_tag":[],"yoast_head":"<!-- This site is optimized with the Yoast SEO plugin v17.4 - https:\/\/yoast.com\/wordpress\/plugins\/seo\/ -->\n<title>CORDIER MESTREZAT GRANDS CRUS - Toys4Vip<\/title>\n<meta name=\"description\" content=\"A l\u2019heure o\u00f9 les portes du salon Vinexpo Hong-\u00adKong 2012 se ferment, Cordier Mestrezat Grands Crus tire un bilan tr\u00e8s positif de sa pr\u00e9sence. Cr\u00e9ateur de tendances, David Bolzan, Directeur G\u00e9n\u00e9ral de Cordier Mestrezat Grands Crus, vient de prouver que le marketing des grands vins est une v\u00e9ritable valeur ajout\u00e9e dans un march\u00e9 o\u00f9 la concurrence est rude.Pionnier dans le marketing des grands vins et cr\u00e9ateur du concept de la Cordier4Box\u00ae, Cordier Mestrezat Grands Crus a d\u00e9voil\u00e9 sous l\u2019oeil passionn\u00e9 de la client\u00e8le chinoise sa ligne \u00ab Mallettes de cr\u00e9ateurs \u00bb.\" \/>\n<meta name=\"robots\" content=\"index, follow, max-snippet:-1, max-image-preview:large, max-video-preview:-1\" \/>\n<link rel=\"canonical\" href=\"https:\/\/www.toys4vip.com\/fr\/luxury-toy\/cordier-mestrezat-grands-crus\/150\/\" \/>\n<meta property=\"og:locale\" content=\"fr_FR\" \/>\n<meta property=\"og:type\" content=\"article\" \/>\n<meta property=\"og:title\" content=\"CORDIER MESTREZAT GRANDS CRUS - Toys4Vip\" \/>\n<meta property=\"og:description\" content=\"A l\u2019heure o\u00f9 les portes du salon Vinexpo Hong-\u00adKong 2012 se ferment, Cordier Mestrezat Grands Crus tire un bilan tr\u00e8s positif de sa pr\u00e9sence. Cr\u00e9ateur de tendances, David Bolzan, Directeur G\u00e9n\u00e9ral de Cordier Mestrezat Grands Crus, vient de prouver que le marketing des grands vins est une v\u00e9ritable valeur ajout\u00e9e dans un march\u00e9 o\u00f9 la concurrence est rude.Pionnier dans le marketing des grands vins et cr\u00e9ateur du concept de la Cordier4Box\u00ae, Cordier Mestrezat Grands Crus a d\u00e9voil\u00e9 sous l\u2019oeil passionn\u00e9 de la client\u00e8le chinoise sa ligne \u00ab Mallettes de cr\u00e9ateurs \u00bb.\" \/>\n<meta property=\"og:url\" content=\"https:\/\/www.toys4vip.com\/fr\/luxury-toy\/cordier-mestrezat-grands-crus\/150\/\" \/>\n<meta property=\"og:site_name\" content=\"Toys4Vip\" \/>\n<meta property=\"article:modified_time\" content=\"2021-11-13T11:13:40+00:00\" \/>\n<meta property=\"og:image\" content=\"https:\/\/www.toys4vip.com\/app\/uploads\/2021\/11\/main-123.jpg\" \/>\n\t<meta property=\"og:image:width\" content=\"553\" \/>\n\t<meta property=\"og:image:height\" content=\"480\" \/>\n<meta name=\"twitter:card\" content=\"summary_large_image\" \/>\n<meta name=\"twitter:label1\" content=\"Dur\u00e9e de lecture est.\" \/>\n\t<meta name=\"twitter:data1\" content=\"1 minute\" \/>\n<script type=\"application\/ld+json\" class=\"yoast-schema-graph\">{\"@context\":\"https:\/\/schema.org\",\"@graph\":[{\"@type\":\"WebSite\",\"@id\":\"https:\/\/www.toys4vip.com\/fr\/#website\",\"url\":\"https:\/\/www.toys4vip.com\/fr\/\",\"name\":\"Toys4Vip\",\"description\":\"Jouets de luxe nouveau concept store\",\"potentialAction\":[{\"@type\":\"SearchAction\",\"target\":{\"@type\":\"EntryPoint\",\"urlTemplate\":\"https:\/\/www.toys4vip.com\/fr\/?s={search_term_string}\"},\"query-input\":\"required name=search_term_string\"}],\"inLanguage\":\"fr-FR\"},{\"@type\":\"ImageObject\",\"@id\":\"https:\/\/www.toys4vip.com\/fr\/luxury-toy\/cordier-mestrezat-grands-crus\/150\/#primaryimage\",\"inLanguage\":\"fr-FR\",\"url\":\"https:\/\/www.toys4vip.com\/app\/uploads\/2021\/11\/main-123.jpg\",\"contentUrl\":\"https:\/\/www.toys4vip.com\/app\/uploads\/2021\/11\/main-123.jpg\",\"width\":553,\"height\":480},{\"@type\":\"WebPage\",\"@id\":\"https:\/\/www.toys4vip.com\/fr\/luxury-toy\/cordier-mestrezat-grands-crus\/150\/#webpage\",\"url\":\"https:\/\/www.toys4vip.com\/fr\/luxury-toy\/cordier-mestrezat-grands-crus\/150\/\",\"name\":\"CORDIER MESTREZAT GRANDS CRUS - Toys4Vip\",\"isPartOf\":{\"@id\":\"https:\/\/www.toys4vip.com\/fr\/#website\"},\"primaryImageOfPage\":{\"@id\":\"https:\/\/www.toys4vip.com\/fr\/luxury-toy\/cordier-mestrezat-grands-crus\/150\/#primaryimage\"},\"datePublished\":\"2021-11-02T10:29:22+00:00\",\"dateModified\":\"2021-11-13T11:13:40+00:00\",\"description\":\"A l\\u2019heure o\\u00f9 les portes du salon Vinexpo Hong-\\u00adKong 2012 se ferment, Cordier Mestrezat Grands Crus tire un bilan tr\\u00e8s positif de sa pr\\u00e9sence. Cr\\u00e9ateur de tendances, David Bolzan, Directeur G\\u00e9n\\u00e9ral de Cordier Mestrezat Grands Crus, vient de prouver que le marketing des grands vins est une v\\u00e9ritable valeur ajout\\u00e9e dans un march\\u00e9 o\\u00f9 la concurrence est rude.Pionnier dans le marketing des grands vins et cr\\u00e9ateur du concept de la Cordier4Box\\u00ae, Cordier Mestrezat Grands Crus a d\\u00e9voil\\u00e9 sous l\\u2019oeil passionn\\u00e9 de la client\\u00e8le chinoise sa ligne \\u00ab Mallettes de cr\\u00e9ateurs \\u00bb.\",\"breadcrumb\":{\"@id\":\"https:\/\/www.toys4vip.com\/fr\/luxury-toy\/cordier-mestrezat-grands-crus\/150\/#breadcrumb\"},\"inLanguage\":\"fr-FR\",\"potentialAction\":[{\"@type\":\"ReadAction\",\"target\":[\"https:\/\/www.toys4vip.com\/fr\/luxury-toy\/cordier-mestrezat-grands-crus\/150\/\"]}]},{\"@type\":\"BreadcrumbList\",\"@id\":\"https:\/\/www.toys4vip.com\/fr\/luxury-toy\/cordier-mestrezat-grands-crus\/150\/#breadcrumb\",\"itemListElement\":[{\"@type\":\"ListItem\",\"position\":1,\"name\":\"Home\",\"item\":\"https:\/\/www.toys4vip.com\/fr\/\"},{\"@type\":\"ListItem\",\"position\":2,\"name\":\"Objets \/ Cat\\u00e9gories\",\"item\":\"https:\/\/www.toys4vip.com\/fr\/luxury-toys\/\"},{\"@type\":\"ListItem\",\"position\":3,\"name\":\"CORDIER MESTREZAT GRANDS CRUS\"}]}]}<\/script>\n<!-- \/ Yoast SEO plugin. -->","yoast_head_json":{"title":"CORDIER MESTREZAT GRANDS CRUS - Toys4Vip","description":"A l\u2019heure o\u00f9 les portes du salon Vinexpo Hong-\u00adKong 2012 se ferment, Cordier Mestrezat Grands Crus tire un bilan tr\u00e8s positif de sa pr\u00e9sence. Cr\u00e9ateur de tendances, David Bolzan, Directeur G\u00e9n\u00e9ral de Cordier Mestrezat Grands Crus, vient de prouver que le marketing des grands vins est une v\u00e9ritable valeur ajout\u00e9e dans un march\u00e9 o\u00f9 la concurrence est rude.Pionnier dans le marketing des grands vins et cr\u00e9ateur du concept de la Cordier4Box\u00ae, Cordier Mestrezat Grands Crus a d\u00e9voil\u00e9 sous l\u2019oeil passionn\u00e9 de la client\u00e8le chinoise sa ligne \u00ab Mallettes de cr\u00e9ateurs \u00bb.","robots":{"index":"index","follow":"follow","max-snippet":"max-snippet:-1","max-image-preview":"max-image-preview:large","max-video-preview":"max-video-preview:-1"},"canonical":"https:\/\/www.toys4vip.com\/fr\/luxury-toy\/cordier-mestrezat-grands-crus\/150\/","og_locale":"fr_FR","og_type":"article","og_title":"CORDIER MESTREZAT GRANDS CRUS - Toys4Vip","og_description":"A l\u2019heure o\u00f9 les portes du salon Vinexpo Hong-\u00adKong 2012 se ferment, Cordier Mestrezat Grands Crus tire un bilan tr\u00e8s positif de sa pr\u00e9sence. Cr\u00e9ateur de tendances, David Bolzan, Directeur G\u00e9n\u00e9ral de Cordier Mestrezat Grands Crus, vient de prouver que le marketing des grands vins est une v\u00e9ritable valeur ajout\u00e9e dans un march\u00e9 o\u00f9 la concurrence est rude.Pionnier dans le marketing des grands vins et cr\u00e9ateur du concept de la Cordier4Box\u00ae, Cordier Mestrezat Grands Crus a d\u00e9voil\u00e9 sous l\u2019oeil passionn\u00e9 de la client\u00e8le chinoise sa ligne \u00ab Mallettes de cr\u00e9ateurs \u00bb.","og_url":"https:\/\/www.toys4vip.com\/fr\/luxury-toy\/cordier-mestrezat-grands-crus\/150\/","og_site_name":"Toys4Vip","article_modified_time":"2021-11-13T11:13:40+00:00","og_image":[{"width":553,"height":480,"url":"https:\/\/www.toys4vip.com\/app\/uploads\/2021\/11\/main-123.jpg","type":"image\/jpeg"}],"twitter_card":"summary_large_image","twitter_misc":{"Dur\u00e9e de lecture est.":"1 minute"},"schema":{"@context":"https:\/\/schema.org","@graph":[{"@type":"WebSite","@id":"https:\/\/www.toys4vip.com\/fr\/#website","url":"https:\/\/www.toys4vip.com\/fr\/","name":"Toys4Vip","description":"Jouets de luxe nouveau concept store","potentialAction":[{"@type":"SearchAction","target":{"@type":"EntryPoint","urlTemplate":"https:\/\/www.toys4vip.com\/fr\/?s={search_term_string}"},"query-input":"required name=search_term_string"}],"inLanguage":"fr-FR"},{"@type":"ImageObject","@id":"https:\/\/www.toys4vip.com\/fr\/luxury-toy\/cordier-mestrezat-grands-crus\/150\/#primaryimage","inLanguage":"fr-FR","url":"https:\/\/www.toys4vip.com\/app\/uploads\/2021\/11\/main-123.jpg","contentUrl":"https:\/\/www.toys4vip.com\/app\/uploads\/2021\/11\/main-123.jpg","width":553,"height":480},{"@type":"WebPage","@id":"https:\/\/www.toys4vip.com\/fr\/luxury-toy\/cordier-mestrezat-grands-crus\/150\/#webpage","url":"https:\/\/www.toys4vip.com\/fr\/luxury-toy\/cordier-mestrezat-grands-crus\/150\/","name":"CORDIER MESTREZAT GRANDS CRUS - Toys4Vip","isPartOf":{"@id":"https:\/\/www.toys4vip.com\/fr\/#website"},"primaryImageOfPage":{"@id":"https:\/\/www.toys4vip.com\/fr\/luxury-toy\/cordier-mestrezat-grands-crus\/150\/#primaryimage"},"datePublished":"2021-11-02T10:29:22+00:00","dateModified":"2021-11-13T11:13:40+00:00","description":"A l\u2019heure o\u00f9 les portes du salon Vinexpo Hong-\u00adKong 2012 se ferment, Cordier Mestrezat Grands Crus tire un bilan tr\u00e8s positif de sa pr\u00e9sence. Cr\u00e9ateur de tendances, David Bolzan, Directeur G\u00e9n\u00e9ral de Cordier Mestrezat Grands Crus, vient de prouver que le marketing des grands vins est une v\u00e9ritable valeur ajout\u00e9e dans un march\u00e9 o\u00f9 la concurrence est rude.Pionnier dans le marketing des grands vins et cr\u00e9ateur du concept de la Cordier4Box\u00ae, Cordier Mestrezat Grands Crus a d\u00e9voil\u00e9 sous l\u2019oeil passionn\u00e9 de la client\u00e8le chinoise sa ligne \u00ab Mallettes de cr\u00e9ateurs \u00bb.","breadcrumb":{"@id":"https:\/\/www.toys4vip.com\/fr\/luxury-toy\/cordier-mestrezat-grands-crus\/150\/#breadcrumb"},"inLanguage":"fr-FR","potentialAction":[{"@type":"ReadAction","target":["https:\/\/www.toys4vip.com\/fr\/luxury-toy\/cordier-mestrezat-grands-crus\/150\/"]}]},{"@type":"BreadcrumbList","@id":"https:\/\/www.toys4vip.com\/fr\/luxury-toy\/cordier-mestrezat-grands-crus\/150\/#breadcrumb","itemListElement":[{"@type":"ListItem","position":1,"name":"Home","item":"https:\/\/www.toys4vip.com\/fr\/"},{"@type":"ListItem","position":2,"name":"Objets \/ Cat\u00e9gories","item":"https:\/\/www.toys4vip.com\/fr\/luxury-toys\/"},{"@type":"ListItem","position":3,"name":"CORDIER MESTREZAT GRANDS CRUS"}]}]}},"_links":{"self":[{"href":"https:\/\/www.toys4vip.com\/fr\/wp-json\/wp\/v2\/product\/804"}],"collection":[{"href":"https:\/\/www.toys4vip.com\/fr\/wp-json\/wp\/v2\/product"}],"about":[{"href":"https:\/\/www.toys4vip.com\/fr\/wp-json\/wp\/v2\/types\/product"}],"replies":[{"embeddable":true,"href":"https:\/\/www.toys4vip.com\/fr\/wp-json\/wp\/v2\/comments?post=804"}],"wp:featuredmedia":[{"embeddable":true,"href":"https:\/\/www.toys4vip.com\/fr\/wp-json\/wp\/v2\/media\/802"}],"wp:attachment":[{"href":"https:\/\/www.toys4vip.com\/fr\/wp-json\/wp\/v2\/media?parent=804"}],"wp:term":[{"taxonomy":"product_cat","embeddable":true,"href":"https:\/\/www.toys4vip.com\/fr\/wp-json\/wp\/v2\/product_cat?post=804"},{"taxonomy":"product_tag","embeddable":true,"href":"https:\/\/www.toys4vip.com\/fr\/wp-json\/wp\/v2\/product_tag?post=804"}],"curies":[{"name":"wp","href":"https:\/\/api.w.org\/{rel}","templated":true}]}}