{"id":798,"date":"2021-11-02T10:29:21","date_gmt":"2021-11-02T10:29:21","guid":{"rendered":"https:\/\/toys4vip.com\/produit\/the-leap-s1\/"},"modified":"2021-11-13T11:14:18","modified_gmt":"2021-11-13T11:14:18","slug":"the-leap-s1","status":"publish","type":"product","link":"https:\/\/www.toys4vip.com\/fr\/luxury-toy\/the-leap-s1\/148\/","title":{"rendered":"The Leap s1"},"content":{"rendered":"<p>Un syst\u00e8me de construction pr\u00e9fabriqu\u00e9, id\u00e9al pour la construction de nouvelles structures d&rsquo;h\u00e9bergement alpin. Enti\u00e8rement construit hors site, id\u00e9al pour le transport par h\u00e9licopt\u00e8re et facile \u00e0 installer sur place avec un nombre limit\u00e9 d&rsquo;op\u00e9rations. Il est con\u00e7u en \u00e9l\u00e9ments monofonction modulaires qui peuvent \u00eatre assembl\u00e9s pour permettre \u00e0 des programmes fonctionnels souples.<\/p>\n<p>Con\u00e7u pour r\u00e9sister aux dures conditions de haute altitude au fil du temps, il utilise un sandwich composite shell structure qui fournit des niveaux \u00e9lev\u00e9s de r\u00e9sistance m\u00e9canique et d&rsquo;isolation thermique. La forme sp\u00e9cifique, le syst\u00e8me de construction et les mat\u00e9riaux utilis\u00e9s ont \u00e9t\u00e9 d\u00e9termin\u00e9s \u00e0 offrir les meilleures performances dans les conditions exceptionnellement difficiles qui sont typiques d&rsquo;un environnement de montagne.<\/p>\n<p>L&rsquo;am\u00e9nagement int\u00e9rieur des unit\u00e9s fonctionnelles ont \u00e9t\u00e9 \u00e9tudi\u00e9es pour un confort optimal avec une attention particuli\u00e8re \u00e0 la non-alt\u00e9rabilit\u00e9 des mat\u00e9riaux, \u00e0 l&rsquo;hygi\u00e8ne et \u00e0 la s\u00e9curit\u00e9. Le syst\u00e8me est dot\u00e9 d&rsquo;un appareil technologique int\u00e9gr\u00e9 qui r\u00e9sout le probl\u00e8me de l&rsquo;autonomie \u00e9nerg\u00e9tique, la puissance produisant pour tout l&rsquo;\u00e9quipement install\u00e9 et permettant le contr\u00f4le et la surveillance \u00e0 distance.<\/p>\n","protected":false},"excerpt":{"rendered":"<p>Un syst\u00e8me de construction pr\u00e9fabriqu\u00e9, id\u00e9al pour la construction de nouvelles structures d&rsquo;h\u00e9bergement alpin. Enti\u00e8rement construit hors site, id\u00e9al pour le transport par h\u00e9licopt\u00e8re et facile \u00e0 installer sur place avec un nombre limit\u00e9 d&rsquo;op\u00e9rations. Il est con\u00e7u en \u00e9l\u00e9ments monofonction modulaires qui peuvent \u00eatre assembl\u00e9s pour permettre \u00e0 des programmes fonctionnels souples. Con\u00e7u pour [&hellip;]<\/p>\n","protected":false},"featured_media":796,"comment_status":"open","ping_status":"closed","template":"","meta":[],"product_cat":[31],"product_tag":[],"yoast_head":"<!-- This site is optimized with the Yoast SEO plugin v17.4 - https:\/\/yoast.com\/wordpress\/plugins\/seo\/ -->\n<title>The Leap s1 - Toys4Vip<\/title>\n<meta name=\"description\" content=\"Un syst\u00e8me de construction pr\u00e9fabriqu\u00e9, id\u00e9al pour la construction de nouvelles structures d&#039;h\u00e9bergement alpin. Enti\u00e8rement construit hors site, id\u00e9al pour le transport par h\u00e9licopt\u00e8re et facile \u00e0 installer sur place avec un nombre limit\u00e9 d&#039;op\u00e9rations. Il est con\u00e7u en \u00e9l\u00e9ments monofonction modulaires qui peuvent \u00eatre assembl\u00e9s pour permettre \u00e0 des programmes fonctionnels souples.Con\u00e7u pour r\u00e9sister aux dures conditions de haute altitude au fil du temps, il utilise un sandwich composite shell structure qui fournit des niveaux \u00e9lev\u00e9s de r\u00e9sistance m\u00e9canique et d&#039;isolation thermique.\" \/>\n<meta name=\"robots\" content=\"index, follow, max-snippet:-1, max-image-preview:large, max-video-preview:-1\" \/>\n<link rel=\"canonical\" href=\"https:\/\/www.toys4vip.com\/fr\/luxury-toy\/the-leap-s1\/148\/\" \/>\n<meta property=\"og:locale\" content=\"fr_FR\" \/>\n<meta property=\"og:type\" content=\"article\" \/>\n<meta property=\"og:title\" content=\"The Leap s1 - Toys4Vip\" \/>\n<meta property=\"og:description\" content=\"Un syst\u00e8me de construction pr\u00e9fabriqu\u00e9, id\u00e9al pour la construction de nouvelles structures d&#039;h\u00e9bergement alpin. Enti\u00e8rement construit hors site, id\u00e9al pour le transport par h\u00e9licopt\u00e8re et facile \u00e0 installer sur place avec un nombre limit\u00e9 d&#039;op\u00e9rations. Il est con\u00e7u en \u00e9l\u00e9ments monofonction modulaires qui peuvent \u00eatre assembl\u00e9s pour permettre \u00e0 des programmes fonctionnels souples.Con\u00e7u pour r\u00e9sister aux dures conditions de haute altitude au fil du temps, il utilise un sandwich composite shell structure qui fournit des niveaux \u00e9lev\u00e9s de r\u00e9sistance m\u00e9canique et d&#039;isolation thermique.\" \/>\n<meta property=\"og:url\" content=\"https:\/\/www.toys4vip.com\/fr\/luxury-toy\/the-leap-s1\/148\/\" \/>\n<meta property=\"og:site_name\" content=\"Toys4Vip\" \/>\n<meta property=\"article:modified_time\" content=\"2021-11-13T11:14:18+00:00\" \/>\n<meta property=\"og:image\" content=\"https:\/\/www.toys4vip.com\/app\/uploads\/2021\/11\/main-121.jpg\" \/>\n\t<meta property=\"og:image:width\" content=\"533\" \/>\n\t<meta property=\"og:image:height\" content=\"800\" \/>\n<meta name=\"twitter:card\" content=\"summary_large_image\" \/>\n<meta name=\"twitter:label1\" content=\"Dur\u00e9e de lecture est.\" \/>\n\t<meta name=\"twitter:data1\" content=\"1 minute\" \/>\n<script type=\"application\/ld+json\" class=\"yoast-schema-graph\">{\"@context\":\"https:\/\/schema.org\",\"@graph\":[{\"@type\":\"WebSite\",\"@id\":\"https:\/\/www.toys4vip.com\/fr\/#website\",\"url\":\"https:\/\/www.toys4vip.com\/fr\/\",\"name\":\"Toys4Vip\",\"description\":\"Jouets de luxe nouveau concept store\",\"potentialAction\":[{\"@type\":\"SearchAction\",\"target\":{\"@type\":\"EntryPoint\",\"urlTemplate\":\"https:\/\/www.toys4vip.com\/fr\/?s={search_term_string}\"},\"query-input\":\"required name=search_term_string\"}],\"inLanguage\":\"fr-FR\"},{\"@type\":\"ImageObject\",\"@id\":\"https:\/\/www.toys4vip.com\/fr\/luxury-toy\/the-leap-s1\/148\/#primaryimage\",\"inLanguage\":\"fr-FR\",\"url\":\"https:\/\/www.toys4vip.com\/app\/uploads\/2021\/11\/main-121.jpg\",\"contentUrl\":\"https:\/\/www.toys4vip.com\/app\/uploads\/2021\/11\/main-121.jpg\",\"width\":533,\"height\":800},{\"@type\":\"WebPage\",\"@id\":\"https:\/\/www.toys4vip.com\/fr\/luxury-toy\/the-leap-s1\/148\/#webpage\",\"url\":\"https:\/\/www.toys4vip.com\/fr\/luxury-toy\/the-leap-s1\/148\/\",\"name\":\"The Leap s1 - Toys4Vip\",\"isPartOf\":{\"@id\":\"https:\/\/www.toys4vip.com\/fr\/#website\"},\"primaryImageOfPage\":{\"@id\":\"https:\/\/www.toys4vip.com\/fr\/luxury-toy\/the-leap-s1\/148\/#primaryimage\"},\"datePublished\":\"2021-11-02T10:29:21+00:00\",\"dateModified\":\"2021-11-13T11:14:18+00:00\",\"description\":\"Un syst\\u00e8me de construction pr\\u00e9fabriqu\\u00e9, id\\u00e9al pour la construction de nouvelles structures d'h\\u00e9bergement alpin. Enti\\u00e8rement construit hors site, id\\u00e9al pour le transport par h\\u00e9licopt\\u00e8re et facile \\u00e0 installer sur place avec un nombre limit\\u00e9 d'op\\u00e9rations. Il est con\\u00e7u en \\u00e9l\\u00e9ments monofonction modulaires qui peuvent \\u00eatre assembl\\u00e9s pour permettre \\u00e0 des programmes fonctionnels souples.Con\\u00e7u pour r\\u00e9sister aux dures conditions de haute altitude au fil du temps, il utilise un sandwich composite shell structure qui fournit des niveaux \\u00e9lev\\u00e9s de r\\u00e9sistance m\\u00e9canique et d'isolation thermique.\",\"breadcrumb\":{\"@id\":\"https:\/\/www.toys4vip.com\/fr\/luxury-toy\/the-leap-s1\/148\/#breadcrumb\"},\"inLanguage\":\"fr-FR\",\"potentialAction\":[{\"@type\":\"ReadAction\",\"target\":[\"https:\/\/www.toys4vip.com\/fr\/luxury-toy\/the-leap-s1\/148\/\"]}]},{\"@type\":\"BreadcrumbList\",\"@id\":\"https:\/\/www.toys4vip.com\/fr\/luxury-toy\/the-leap-s1\/148\/#breadcrumb\",\"itemListElement\":[{\"@type\":\"ListItem\",\"position\":1,\"name\":\"Home\",\"item\":\"https:\/\/www.toys4vip.com\/fr\/\"},{\"@type\":\"ListItem\",\"position\":2,\"name\":\"Objets \/ Cat\\u00e9gories\",\"item\":\"https:\/\/www.toys4vip.com\/fr\/luxury-toys\/\"},{\"@type\":\"ListItem\",\"position\":3,\"name\":\"The Leap s1\"}]}]}<\/script>\n<!-- \/ Yoast SEO plugin. -->","yoast_head_json":{"title":"The Leap s1 - Toys4Vip","description":"Un syst\u00e8me de construction pr\u00e9fabriqu\u00e9, id\u00e9al pour la construction de nouvelles structures d'h\u00e9bergement alpin. Enti\u00e8rement construit hors site, id\u00e9al pour le transport par h\u00e9licopt\u00e8re et facile \u00e0 installer sur place avec un nombre limit\u00e9 d'op\u00e9rations. Il est con\u00e7u en \u00e9l\u00e9ments monofonction modulaires qui peuvent \u00eatre assembl\u00e9s pour permettre \u00e0 des programmes fonctionnels souples.Con\u00e7u pour r\u00e9sister aux dures conditions de haute altitude au fil du temps, il utilise un sandwich composite shell structure qui fournit des niveaux \u00e9lev\u00e9s de r\u00e9sistance m\u00e9canique et d'isolation thermique.","robots":{"index":"index","follow":"follow","max-snippet":"max-snippet:-1","max-image-preview":"max-image-preview:large","max-video-preview":"max-video-preview:-1"},"canonical":"https:\/\/www.toys4vip.com\/fr\/luxury-toy\/the-leap-s1\/148\/","og_locale":"fr_FR","og_type":"article","og_title":"The Leap s1 - Toys4Vip","og_description":"Un syst\u00e8me de construction pr\u00e9fabriqu\u00e9, id\u00e9al pour la construction de nouvelles structures d'h\u00e9bergement alpin. Enti\u00e8rement construit hors site, id\u00e9al pour le transport par h\u00e9licopt\u00e8re et facile \u00e0 installer sur place avec un nombre limit\u00e9 d'op\u00e9rations. Il est con\u00e7u en \u00e9l\u00e9ments monofonction modulaires qui peuvent \u00eatre assembl\u00e9s pour permettre \u00e0 des programmes fonctionnels souples.Con\u00e7u pour r\u00e9sister aux dures conditions de haute altitude au fil du temps, il utilise un sandwich composite shell structure qui fournit des niveaux \u00e9lev\u00e9s de r\u00e9sistance m\u00e9canique et d'isolation thermique.","og_url":"https:\/\/www.toys4vip.com\/fr\/luxury-toy\/the-leap-s1\/148\/","og_site_name":"Toys4Vip","article_modified_time":"2021-11-13T11:14:18+00:00","og_image":[{"width":533,"height":800,"url":"https:\/\/www.toys4vip.com\/app\/uploads\/2021\/11\/main-121.jpg","type":"image\/jpeg"}],"twitter_card":"summary_large_image","twitter_misc":{"Dur\u00e9e de lecture est.":"1 minute"},"schema":{"@context":"https:\/\/schema.org","@graph":[{"@type":"WebSite","@id":"https:\/\/www.toys4vip.com\/fr\/#website","url":"https:\/\/www.toys4vip.com\/fr\/","name":"Toys4Vip","description":"Jouets de luxe nouveau concept store","potentialAction":[{"@type":"SearchAction","target":{"@type":"EntryPoint","urlTemplate":"https:\/\/www.toys4vip.com\/fr\/?s={search_term_string}"},"query-input":"required name=search_term_string"}],"inLanguage":"fr-FR"},{"@type":"ImageObject","@id":"https:\/\/www.toys4vip.com\/fr\/luxury-toy\/the-leap-s1\/148\/#primaryimage","inLanguage":"fr-FR","url":"https:\/\/www.toys4vip.com\/app\/uploads\/2021\/11\/main-121.jpg","contentUrl":"https:\/\/www.toys4vip.com\/app\/uploads\/2021\/11\/main-121.jpg","width":533,"height":800},{"@type":"WebPage","@id":"https:\/\/www.toys4vip.com\/fr\/luxury-toy\/the-leap-s1\/148\/#webpage","url":"https:\/\/www.toys4vip.com\/fr\/luxury-toy\/the-leap-s1\/148\/","name":"The Leap s1 - Toys4Vip","isPartOf":{"@id":"https:\/\/www.toys4vip.com\/fr\/#website"},"primaryImageOfPage":{"@id":"https:\/\/www.toys4vip.com\/fr\/luxury-toy\/the-leap-s1\/148\/#primaryimage"},"datePublished":"2021-11-02T10:29:21+00:00","dateModified":"2021-11-13T11:14:18+00:00","description":"Un syst\u00e8me de construction pr\u00e9fabriqu\u00e9, id\u00e9al pour la construction de nouvelles structures d'h\u00e9bergement alpin. Enti\u00e8rement construit hors site, id\u00e9al pour le transport par h\u00e9licopt\u00e8re et facile \u00e0 installer sur place avec un nombre limit\u00e9 d'op\u00e9rations. Il est con\u00e7u en \u00e9l\u00e9ments monofonction modulaires qui peuvent \u00eatre assembl\u00e9s pour permettre \u00e0 des programmes fonctionnels souples.Con\u00e7u pour r\u00e9sister aux dures conditions de haute altitude au fil du temps, il utilise un sandwich composite shell structure qui fournit des niveaux \u00e9lev\u00e9s de r\u00e9sistance m\u00e9canique et d'isolation thermique.","breadcrumb":{"@id":"https:\/\/www.toys4vip.com\/fr\/luxury-toy\/the-leap-s1\/148\/#breadcrumb"},"inLanguage":"fr-FR","potentialAction":[{"@type":"ReadAction","target":["https:\/\/www.toys4vip.com\/fr\/luxury-toy\/the-leap-s1\/148\/"]}]},{"@type":"BreadcrumbList","@id":"https:\/\/www.toys4vip.com\/fr\/luxury-toy\/the-leap-s1\/148\/#breadcrumb","itemListElement":[{"@type":"ListItem","position":1,"name":"Home","item":"https:\/\/www.toys4vip.com\/fr\/"},{"@type":"ListItem","position":2,"name":"Objets \/ Cat\u00e9gories","item":"https:\/\/www.toys4vip.com\/fr\/luxury-toys\/"},{"@type":"ListItem","position":3,"name":"The Leap s1"}]}]}},"_links":{"self":[{"href":"https:\/\/www.toys4vip.com\/fr\/wp-json\/wp\/v2\/product\/798"}],"collection":[{"href":"https:\/\/www.toys4vip.com\/fr\/wp-json\/wp\/v2\/product"}],"about":[{"href":"https:\/\/www.toys4vip.com\/fr\/wp-json\/wp\/v2\/types\/product"}],"replies":[{"embeddable":true,"href":"https:\/\/www.toys4vip.com\/fr\/wp-json\/wp\/v2\/comments?post=798"}],"wp:featuredmedia":[{"embeddable":true,"href":"https:\/\/www.toys4vip.com\/fr\/wp-json\/wp\/v2\/media\/796"}],"wp:attachment":[{"href":"https:\/\/www.toys4vip.com\/fr\/wp-json\/wp\/v2\/media?parent=798"}],"wp:term":[{"taxonomy":"product_cat","embeddable":true,"href":"https:\/\/www.toys4vip.com\/fr\/wp-json\/wp\/v2\/product_cat?post=798"},{"taxonomy":"product_tag","embeddable":true,"href":"https:\/\/www.toys4vip.com\/fr\/wp-json\/wp\/v2\/product_tag?post=798"}],"curies":[{"name":"wp","href":"https:\/\/api.w.org\/{rel}","templated":true}]}}