{"id":780,"date":"2021-11-02T10:29:19","date_gmt":"2021-11-02T10:29:19","guid":{"rendered":"https:\/\/toys4vip.com\/produit\/bowlus-road-chief\/"},"modified":"2021-11-13T11:18:34","modified_gmt":"2021-11-13T11:18:34","slug":"bowlus-road-chief","status":"publish","type":"product","link":"https:\/\/www.toys4vip.com\/fr\/luxury-toy\/bowlus-road-chief\/139\/","title":{"rendered":"Bowlus Road Chief"},"content":{"rendered":"<p>Ce \u00ab\u00a0Bowlus Road Chief\u00a0\u00bb est une caravane classique am\u00e9ricaine Inspir\u00e9e par le style intemporel am\u00e9ricain, et savamment fabriqu\u00e9e \u00e0 la main \u00e0 partir de mat\u00e9riaux nobles pour une vie d&rsquo;aventures.<\/p>\n<p>Cette caravane moderne, offre un style a\u00e9rodynamique et vous inspirera surement pour vous promener un week end \u00e0 la campagne.<\/p>\n<p>Equip\u00e9e de lits jumeaux en V pouvant se transformer en master bedroom, et d&rsquo;une lit banquette en plus, d&rsquo;une cuisine \u00e9quip\u00e9e SMEG, d&rsquo;une salle de bain compl\u00e8te avec douche aliment\u00e9e par une batterie AGM de 120 Watts gr\u00e2ce \u00e0 un panneau solaire qui alimente \u00e9galement l&rsquo;\u00e9clairage et<br \/>\nl&rsquo;\u00e9lectronique embarqu\u00e9e.<\/p>\n<p>Plus d&rsquo;informations sur demande<\/p>\n","protected":false},"excerpt":{"rendered":"<p>Ce \u00ab\u00a0Bowlus Road Chief\u00a0\u00bb est une caravane classique am\u00e9ricaine Inspir\u00e9e par le style intemporel am\u00e9ricain, et savamment fabriqu\u00e9e \u00e0 la main \u00e0 partir de mat\u00e9riaux nobles pour une vie d&rsquo;aventures. Cette caravane moderne, offre un style a\u00e9rodynamique et vous inspirera surement pour vous promener un week end \u00e0 la campagne. Equip\u00e9e de lits jumeaux en [&hellip;]<\/p>\n","protected":false},"featured_media":778,"comment_status":"open","ping_status":"closed","template":"","meta":[],"product_cat":[31],"product_tag":[],"yoast_head":"<!-- This site is optimized with the Yoast SEO plugin v17.4 - https:\/\/yoast.com\/wordpress\/plugins\/seo\/ -->\n<title>Bowlus Road Chief - Toys4Vip<\/title>\n<meta name=\"description\" content=\"Ce &quot;Bowlus Road Chief&quot; est une caravane classique am\u00e9ricaine Inspir\u00e9e par le style intemporel am\u00e9ricain, et savamment fabriqu\u00e9e \u00e0 la main \u00e0 partir de mat\u00e9riaux nobles pour une vie d&#039;aventures.Cette caravane moderne, offre un style a\u00e9rodynamique et vous inspirera surement pour vous promener un week end \u00e0 la campagne.\" \/>\n<meta name=\"robots\" content=\"index, follow, max-snippet:-1, max-image-preview:large, max-video-preview:-1\" \/>\n<link rel=\"canonical\" href=\"https:\/\/www.toys4vip.com\/fr\/luxury-toy\/bowlus-road-chief\/139\/\" \/>\n<meta property=\"og:locale\" content=\"fr_FR\" \/>\n<meta property=\"og:type\" content=\"article\" \/>\n<meta property=\"og:title\" content=\"Bowlus Road Chief - Toys4Vip\" \/>\n<meta property=\"og:description\" content=\"Ce &quot;Bowlus Road Chief&quot; est une caravane classique am\u00e9ricaine Inspir\u00e9e par le style intemporel am\u00e9ricain, et savamment fabriqu\u00e9e \u00e0 la main \u00e0 partir de mat\u00e9riaux nobles pour une vie d&#039;aventures.Cette caravane moderne, offre un style a\u00e9rodynamique et vous inspirera surement pour vous promener un week end \u00e0 la campagne.\" \/>\n<meta property=\"og:url\" content=\"https:\/\/www.toys4vip.com\/fr\/luxury-toy\/bowlus-road-chief\/139\/\" \/>\n<meta property=\"og:site_name\" content=\"Toys4Vip\" \/>\n<meta property=\"article:modified_time\" content=\"2021-11-13T11:18:34+00:00\" \/>\n<meta property=\"og:image\" content=\"https:\/\/www.toys4vip.com\/app\/uploads\/2021\/11\/main-115.jpg\" \/>\n\t<meta property=\"og:image:width\" content=\"940\" \/>\n\t<meta property=\"og:image:height\" content=\"470\" \/>\n<meta name=\"twitter:card\" content=\"summary_large_image\" \/>\n<meta name=\"twitter:label1\" content=\"Dur\u00e9e de lecture est.\" \/>\n\t<meta name=\"twitter:data1\" content=\"1 minute\" \/>\n<script type=\"application\/ld+json\" class=\"yoast-schema-graph\">{\"@context\":\"https:\/\/schema.org\",\"@graph\":[{\"@type\":\"WebSite\",\"@id\":\"https:\/\/www.toys4vip.com\/fr\/#website\",\"url\":\"https:\/\/www.toys4vip.com\/fr\/\",\"name\":\"Toys4Vip\",\"description\":\"Jouets de luxe nouveau concept store\",\"potentialAction\":[{\"@type\":\"SearchAction\",\"target\":{\"@type\":\"EntryPoint\",\"urlTemplate\":\"https:\/\/www.toys4vip.com\/fr\/?s={search_term_string}\"},\"query-input\":\"required name=search_term_string\"}],\"inLanguage\":\"fr-FR\"},{\"@type\":\"ImageObject\",\"@id\":\"https:\/\/www.toys4vip.com\/fr\/luxury-toy\/bowlus-road-chief\/139\/#primaryimage\",\"inLanguage\":\"fr-FR\",\"url\":\"https:\/\/www.toys4vip.com\/app\/uploads\/2021\/11\/main-115.jpg\",\"contentUrl\":\"https:\/\/www.toys4vip.com\/app\/uploads\/2021\/11\/main-115.jpg\",\"width\":940,\"height\":470},{\"@type\":\"WebPage\",\"@id\":\"https:\/\/www.toys4vip.com\/fr\/luxury-toy\/bowlus-road-chief\/139\/#webpage\",\"url\":\"https:\/\/www.toys4vip.com\/fr\/luxury-toy\/bowlus-road-chief\/139\/\",\"name\":\"Bowlus Road Chief - Toys4Vip\",\"isPartOf\":{\"@id\":\"https:\/\/www.toys4vip.com\/fr\/#website\"},\"primaryImageOfPage\":{\"@id\":\"https:\/\/www.toys4vip.com\/fr\/luxury-toy\/bowlus-road-chief\/139\/#primaryimage\"},\"datePublished\":\"2021-11-02T10:29:19+00:00\",\"dateModified\":\"2021-11-13T11:18:34+00:00\",\"description\":\"Ce \\\"Bowlus Road Chief\\\" est une caravane classique am\\u00e9ricaine Inspir\\u00e9e par le style intemporel am\\u00e9ricain, et savamment fabriqu\\u00e9e \\u00e0 la main \\u00e0 partir de mat\\u00e9riaux nobles pour une vie d'aventures.Cette caravane moderne, offre un style a\\u00e9rodynamique et vous inspirera surement pour vous promener un week end \\u00e0 la campagne.\",\"breadcrumb\":{\"@id\":\"https:\/\/www.toys4vip.com\/fr\/luxury-toy\/bowlus-road-chief\/139\/#breadcrumb\"},\"inLanguage\":\"fr-FR\",\"potentialAction\":[{\"@type\":\"ReadAction\",\"target\":[\"https:\/\/www.toys4vip.com\/fr\/luxury-toy\/bowlus-road-chief\/139\/\"]}]},{\"@type\":\"BreadcrumbList\",\"@id\":\"https:\/\/www.toys4vip.com\/fr\/luxury-toy\/bowlus-road-chief\/139\/#breadcrumb\",\"itemListElement\":[{\"@type\":\"ListItem\",\"position\":1,\"name\":\"Home\",\"item\":\"https:\/\/www.toys4vip.com\/fr\/\"},{\"@type\":\"ListItem\",\"position\":2,\"name\":\"Objets \/ Cat\\u00e9gories\",\"item\":\"https:\/\/www.toys4vip.com\/fr\/luxury-toys\/\"},{\"@type\":\"ListItem\",\"position\":3,\"name\":\"Bowlus Road Chief\"}]}]}<\/script>\n<!-- \/ Yoast SEO plugin. -->","yoast_head_json":{"title":"Bowlus Road Chief - Toys4Vip","description":"Ce \"Bowlus Road Chief\" est une caravane classique am\u00e9ricaine Inspir\u00e9e par le style intemporel am\u00e9ricain, et savamment fabriqu\u00e9e \u00e0 la main \u00e0 partir de mat\u00e9riaux nobles pour une vie d'aventures.Cette caravane moderne, offre un style a\u00e9rodynamique et vous inspirera surement pour vous promener un week end \u00e0 la campagne.","robots":{"index":"index","follow":"follow","max-snippet":"max-snippet:-1","max-image-preview":"max-image-preview:large","max-video-preview":"max-video-preview:-1"},"canonical":"https:\/\/www.toys4vip.com\/fr\/luxury-toy\/bowlus-road-chief\/139\/","og_locale":"fr_FR","og_type":"article","og_title":"Bowlus Road Chief - Toys4Vip","og_description":"Ce \"Bowlus Road Chief\" est une caravane classique am\u00e9ricaine Inspir\u00e9e par le style intemporel am\u00e9ricain, et savamment fabriqu\u00e9e \u00e0 la main \u00e0 partir de mat\u00e9riaux nobles pour une vie d'aventures.Cette caravane moderne, offre un style a\u00e9rodynamique et vous inspirera surement pour vous promener un week end \u00e0 la campagne.","og_url":"https:\/\/www.toys4vip.com\/fr\/luxury-toy\/bowlus-road-chief\/139\/","og_site_name":"Toys4Vip","article_modified_time":"2021-11-13T11:18:34+00:00","og_image":[{"width":940,"height":470,"url":"https:\/\/www.toys4vip.com\/app\/uploads\/2021\/11\/main-115.jpg","type":"image\/jpeg"}],"twitter_card":"summary_large_image","twitter_misc":{"Dur\u00e9e de lecture est.":"1 minute"},"schema":{"@context":"https:\/\/schema.org","@graph":[{"@type":"WebSite","@id":"https:\/\/www.toys4vip.com\/fr\/#website","url":"https:\/\/www.toys4vip.com\/fr\/","name":"Toys4Vip","description":"Jouets de luxe nouveau concept store","potentialAction":[{"@type":"SearchAction","target":{"@type":"EntryPoint","urlTemplate":"https:\/\/www.toys4vip.com\/fr\/?s={search_term_string}"},"query-input":"required name=search_term_string"}],"inLanguage":"fr-FR"},{"@type":"ImageObject","@id":"https:\/\/www.toys4vip.com\/fr\/luxury-toy\/bowlus-road-chief\/139\/#primaryimage","inLanguage":"fr-FR","url":"https:\/\/www.toys4vip.com\/app\/uploads\/2021\/11\/main-115.jpg","contentUrl":"https:\/\/www.toys4vip.com\/app\/uploads\/2021\/11\/main-115.jpg","width":940,"height":470},{"@type":"WebPage","@id":"https:\/\/www.toys4vip.com\/fr\/luxury-toy\/bowlus-road-chief\/139\/#webpage","url":"https:\/\/www.toys4vip.com\/fr\/luxury-toy\/bowlus-road-chief\/139\/","name":"Bowlus Road Chief - Toys4Vip","isPartOf":{"@id":"https:\/\/www.toys4vip.com\/fr\/#website"},"primaryImageOfPage":{"@id":"https:\/\/www.toys4vip.com\/fr\/luxury-toy\/bowlus-road-chief\/139\/#primaryimage"},"datePublished":"2021-11-02T10:29:19+00:00","dateModified":"2021-11-13T11:18:34+00:00","description":"Ce \"Bowlus Road Chief\" est une caravane classique am\u00e9ricaine Inspir\u00e9e par le style intemporel am\u00e9ricain, et savamment fabriqu\u00e9e \u00e0 la main \u00e0 partir de mat\u00e9riaux nobles pour une vie d'aventures.Cette caravane moderne, offre un style a\u00e9rodynamique et vous inspirera surement pour vous promener un week end \u00e0 la campagne.","breadcrumb":{"@id":"https:\/\/www.toys4vip.com\/fr\/luxury-toy\/bowlus-road-chief\/139\/#breadcrumb"},"inLanguage":"fr-FR","potentialAction":[{"@type":"ReadAction","target":["https:\/\/www.toys4vip.com\/fr\/luxury-toy\/bowlus-road-chief\/139\/"]}]},{"@type":"BreadcrumbList","@id":"https:\/\/www.toys4vip.com\/fr\/luxury-toy\/bowlus-road-chief\/139\/#breadcrumb","itemListElement":[{"@type":"ListItem","position":1,"name":"Home","item":"https:\/\/www.toys4vip.com\/fr\/"},{"@type":"ListItem","position":2,"name":"Objets \/ Cat\u00e9gories","item":"https:\/\/www.toys4vip.com\/fr\/luxury-toys\/"},{"@type":"ListItem","position":3,"name":"Bowlus Road Chief"}]}]}},"_links":{"self":[{"href":"https:\/\/www.toys4vip.com\/fr\/wp-json\/wp\/v2\/product\/780"}],"collection":[{"href":"https:\/\/www.toys4vip.com\/fr\/wp-json\/wp\/v2\/product"}],"about":[{"href":"https:\/\/www.toys4vip.com\/fr\/wp-json\/wp\/v2\/types\/product"}],"replies":[{"embeddable":true,"href":"https:\/\/www.toys4vip.com\/fr\/wp-json\/wp\/v2\/comments?post=780"}],"wp:featuredmedia":[{"embeddable":true,"href":"https:\/\/www.toys4vip.com\/fr\/wp-json\/wp\/v2\/media\/778"}],"wp:attachment":[{"href":"https:\/\/www.toys4vip.com\/fr\/wp-json\/wp\/v2\/media?parent=780"}],"wp:term":[{"taxonomy":"product_cat","embeddable":true,"href":"https:\/\/www.toys4vip.com\/fr\/wp-json\/wp\/v2\/product_cat?post=780"},{"taxonomy":"product_tag","embeddable":true,"href":"https:\/\/www.toys4vip.com\/fr\/wp-json\/wp\/v2\/product_tag?post=780"}],"curies":[{"name":"wp","href":"https:\/\/api.w.org\/{rel}","templated":true}]}}