{"id":777,"date":"2021-11-02T10:29:19","date_gmt":"2021-11-02T10:29:19","guid":{"rendered":"https:\/\/toys4vip.com\/produit\/hd3-slyde-teaser\/"},"modified":"2021-11-13T11:18:27","modified_gmt":"2021-11-13T11:18:27","slug":"hd3-slyde-teaser","status":"publish","type":"product","link":"https:\/\/www.toys4vip.com\/fr\/luxury-toy\/hd3-slyde-teaser\/138\/","title":{"rendered":"HD3 Slyde Teaser"},"content":{"rendered":"<p>Le concept slyde est une exp\u00e9rience horlog\u00e8re totalement r\u00e9volutionnaire combinant un produit de haute technologie avec une plateforme internet permettant de personnaliser sa montre et offrant la possibilit\u00e9 de t\u00e9l\u00e9charger des nouveaux m\u00e9canismes virtuels.<\/p>\n<p>Pour la premi\u00e8re fois, une montre emprunte les principes fondamentaux des \u00abtechnologies intuitives\u00bb pour les fondre dans l&rsquo;univers de l&rsquo;horlogerie haut-de-gamme du 21e si\u00e8cle. r\u00e9elle prouesse technologique, la slyde dispose d&rsquo;un \u00e9cran tactile, d&rsquo;un moteur graphique de pointe et d&rsquo;un syst\u00e8me de navigation au confort et \u00e0 la simplicit\u00e9 in\u00e9gal\u00e9s.<\/p>\n<p>Innovant, l&rsquo;affichage permet \u00e0 l&rsquo;utilisateur de g\u00e9n\u00e9rer \u00e0 son poignet une vari\u00e9t\u00e9 infinie de garde-temps. Cette d\u00e9clinaison de multiples montres en une est rendue possible gr\u00e2ce \u00e0 la conception de modules virtuels de tr\u00e8s haut niveau.<\/p>\n<p>Avec son syst\u00e8me de navigation bi-axiale brevet\u00e9, SLYDE d\u00e9cline toutes les formes du Temps :<\/p>\n<p>Sur l&rsquo;axe vertical : Le Pr\u00e9sent, avec une vari\u00e9t\u00e9 d&rsquo;interfaces horlog\u00e8res offrant une lecture de l&rsquo;heure sur mesure. Avec un simple \u00ab touch \u00bb ou \u00ab slide \u00bb (glissement du doigt) sur l&rsquo;\u00e9cran, l&rsquo;utilisateur s\u00e9lectionne son affichage parmi les diff\u00e9rents modules, passant d&rsquo;un m\u00e9canisme Virtuel anim\u00e9 en 3D \u00e0 un module digital enti\u00e8rement personnalisable. Chaque mouvement comprend 7 fonctions affich\u00e9es : l&rsquo;heure, la date, fuseaux horaires, un calendrier, la phase de lune, un chrono et un compte \u00e0 rebours.<br \/>\nSur l&rsquo;axe horizontal : Le Pass\u00e9 et l&rsquo;Avenir, personnalisables avec la programmation de d\u00e9compte ou le compte \u00e0 rebours automatique d&rsquo;\u00e9v\u00e9nements personnels (insertion de photographie personnelles et indicateurs int\u00e9gr\u00e9s).<\/p>\n<p>L&rsquo;ensemble des technologies utilis\u00e9es par SLYDE est brevet\u00e9 \u00e0 l&rsquo;international.<\/p>\n<p>La montre SLYDE a \u00e9t\u00e9 \u00e9labor\u00e9e selon les normes traditionnelles de la haute horlogerie et fabriqu\u00e9e en Suisse, obtenant le label \u00ab\u00a0Suisse Made\u00a0\u00bb.<\/p>\n<p>Ce mod\u00e8le comporte une bo\u00eete acier inoxydable enti\u00e8rement microbill\u00e9e dont la carrure et l&rsquo;extr\u00e9mit\u00e9 des cornes sont habill\u00e9es de PVD noir ; finissions polies sur les d\u00e9cors de carrure et les douilles.<\/p>\n<p>Les cornes sont pav\u00e9es de diamants blancs (environ 1 carat).<\/p>\n<p>Cette pi\u00e8ce est livr\u00e9e avec un mouvement virtuel avec chiffres bleus et un bracelet en caoutchouc.<\/p>\n<p>&#8211; Mouvement : Mouvement CLT \u00e9lectronique.<br \/>\n&#8211; Dimensions : Verticale &#8211; 38.54mm. Horizontale &#8211; 35.09mm. Hauteur &#8211; 7.32mm.<br \/>\n&#8211; Batterie : Lithium polym\u00e8re 3.8V, capacit\u00e9 250 mAh.<br \/>\n&#8211; Ecran : TFT 232&#215;240 pixel, zone active 28 x 29mm.<br \/>\n&#8211; Capteur tactile : Type capacitif.<br \/>\n&#8211; Mat\u00e9riaux : Acier et PVD noir.<br \/>\n&#8211; Diamants : 192 diamants blancs VVSI Top Wesselton (environ 1 carat).<br \/>\n&#8211; Dimensions : Largeur &#8211; 47.71mm. Longueur &#8211; 57.84mm. Hauteur &#8211; 17.53mm.<br \/>\n&#8211; Glace : Saphir Touchscreen avec cadre noir.<br \/>\n&#8211; Leds bleu : Indicateurs de r\u00e9serve de marche batterie.<br \/>\n&#8211; Terminaisons : Microbill\u00e9es, polies.<br \/>\n&#8211; Fond : Gravage et connecteur pour prise USB (charge batterie, communication PC ou MAC).<br \/>\n&#8211; \u00c9tanch\u00e9it\u00e9 : 30 m\u00e8tres.<br \/>\n&#8211; Fermoir : D\u00e9ployant \u00e0 poussoir exclusif \u00e0 SLYDE.<\/p>\n<p>Accessoires :<br \/>\nEcrin de voyage : PU noir et microfibre avec compartiment montre et chargeur.<br \/>\nCable chargeur USB : Pour connexion Pc ou Mac et adaptateur secteur. Pour transfert donn\u00e9es et charge batterie.<\/p>\n","protected":false},"excerpt":{"rendered":"<p>Le concept slyde est une exp\u00e9rience horlog\u00e8re totalement r\u00e9volutionnaire combinant un produit de haute technologie avec une plateforme internet permettant de personnaliser sa montre et offrant la possibilit\u00e9 de t\u00e9l\u00e9charger des nouveaux m\u00e9canismes virtuels. Pour la premi\u00e8re fois, une montre emprunte les principes fondamentaux des \u00abtechnologies intuitives\u00bb pour les fondre dans l&rsquo;univers de l&rsquo;horlogerie haut-de-gamme [&hellip;]<\/p>\n","protected":false},"featured_media":775,"comment_status":"open","ping_status":"closed","template":"","meta":[],"product_cat":[35],"product_tag":[],"yoast_head":"<!-- This site is optimized with the Yoast SEO plugin v17.4 - https:\/\/yoast.com\/wordpress\/plugins\/seo\/ -->\n<title>HD3 Slyde Teaser - Toys4Vip<\/title>\n<meta name=\"description\" content=\"Pour la premi\u00e8re fois, une montre emprunte les principes fondamentaux des \u00abtechnologies intuitives\u00bb pour les fondre dans l&#039;univers de l&#039;horlogerie haut-de-gamme du 21e si\u00e8cle. r\u00e9elle prouesse technologique, la slyde dispose d&#039;un \u00e9cran tactile, d&#039;un moteur graphique de pointe et d&#039;un syst\u00e8me de navigation au confort et \u00e0 la simplicit\u00e9 in\u00e9gal\u00e9s.Innovant, l&#039;affichage permet \u00e0 l&#039;utilisateur de g\u00e9n\u00e9rer \u00e0 son poignet une vari\u00e9t\u00e9 infinie de garde-temps. Cette d\u00e9clinaison de multiples montres en une est rendue possible gr\u00e2ce \u00e0 la conception de modules virtuels de tr\u00e8s haut niveau.\" \/>\n<meta name=\"robots\" content=\"index, follow, max-snippet:-1, max-image-preview:large, max-video-preview:-1\" \/>\n<link rel=\"canonical\" href=\"https:\/\/www.toys4vip.com\/fr\/luxury-toy\/hd3-slyde-teaser\/138\/\" \/>\n<meta property=\"og:locale\" content=\"fr_FR\" \/>\n<meta property=\"og:type\" content=\"article\" \/>\n<meta property=\"og:title\" content=\"HD3 Slyde Teaser - Toys4Vip\" \/>\n<meta property=\"og:description\" content=\"Pour la premi\u00e8re fois, une montre emprunte les principes fondamentaux des \u00abtechnologies intuitives\u00bb pour les fondre dans l&#039;univers de l&#039;horlogerie haut-de-gamme du 21e si\u00e8cle. r\u00e9elle prouesse technologique, la slyde dispose d&#039;un \u00e9cran tactile, d&#039;un moteur graphique de pointe et d&#039;un syst\u00e8me de navigation au confort et \u00e0 la simplicit\u00e9 in\u00e9gal\u00e9s.Innovant, l&#039;affichage permet \u00e0 l&#039;utilisateur de g\u00e9n\u00e9rer \u00e0 son poignet une vari\u00e9t\u00e9 infinie de garde-temps. Cette d\u00e9clinaison de multiples montres en une est rendue possible gr\u00e2ce \u00e0 la conception de modules virtuels de tr\u00e8s haut niveau.\" \/>\n<meta property=\"og:url\" content=\"https:\/\/www.toys4vip.com\/fr\/luxury-toy\/hd3-slyde-teaser\/138\/\" \/>\n<meta property=\"og:site_name\" content=\"Toys4Vip\" \/>\n<meta property=\"article:modified_time\" content=\"2021-11-13T11:18:27+00:00\" \/>\n<meta property=\"og:image\" content=\"https:\/\/www.toys4vip.com\/app\/uploads\/2021\/11\/main-114.jpg\" \/>\n\t<meta property=\"og:image:width\" content=\"462\" \/>\n\t<meta property=\"og:image:height\" content=\"675\" \/>\n<meta name=\"twitter:card\" content=\"summary_large_image\" \/>\n<meta name=\"twitter:label1\" content=\"Dur\u00e9e de lecture est.\" \/>\n\t<meta name=\"twitter:data1\" content=\"3 minutes\" \/>\n<script type=\"application\/ld+json\" class=\"yoast-schema-graph\">{\"@context\":\"https:\/\/schema.org\",\"@graph\":[{\"@type\":\"WebSite\",\"@id\":\"https:\/\/www.toys4vip.com\/fr\/#website\",\"url\":\"https:\/\/www.toys4vip.com\/fr\/\",\"name\":\"Toys4Vip\",\"description\":\"Jouets de luxe nouveau concept store\",\"potentialAction\":[{\"@type\":\"SearchAction\",\"target\":{\"@type\":\"EntryPoint\",\"urlTemplate\":\"https:\/\/www.toys4vip.com\/fr\/?s={search_term_string}\"},\"query-input\":\"required name=search_term_string\"}],\"inLanguage\":\"fr-FR\"},{\"@type\":\"ImageObject\",\"@id\":\"https:\/\/www.toys4vip.com\/fr\/luxury-toy\/hd3-slyde-teaser\/138\/#primaryimage\",\"inLanguage\":\"fr-FR\",\"url\":\"https:\/\/www.toys4vip.com\/app\/uploads\/2021\/11\/main-114.jpg\",\"contentUrl\":\"https:\/\/www.toys4vip.com\/app\/uploads\/2021\/11\/main-114.jpg\",\"width\":462,\"height\":675},{\"@type\":\"WebPage\",\"@id\":\"https:\/\/www.toys4vip.com\/fr\/luxury-toy\/hd3-slyde-teaser\/138\/#webpage\",\"url\":\"https:\/\/www.toys4vip.com\/fr\/luxury-toy\/hd3-slyde-teaser\/138\/\",\"name\":\"HD3 Slyde Teaser - Toys4Vip\",\"isPartOf\":{\"@id\":\"https:\/\/www.toys4vip.com\/fr\/#website\"},\"primaryImageOfPage\":{\"@id\":\"https:\/\/www.toys4vip.com\/fr\/luxury-toy\/hd3-slyde-teaser\/138\/#primaryimage\"},\"datePublished\":\"2021-11-02T10:29:19+00:00\",\"dateModified\":\"2021-11-13T11:18:27+00:00\",\"description\":\"Pour la premi\\u00e8re fois, une montre emprunte les principes fondamentaux des \\u00abtechnologies intuitives\\u00bb pour les fondre dans l'univers de l'horlogerie haut-de-gamme du 21e si\\u00e8cle. r\\u00e9elle prouesse technologique, la slyde dispose d'un \\u00e9cran tactile, d'un moteur graphique de pointe et d'un syst\\u00e8me de navigation au confort et \\u00e0 la simplicit\\u00e9 in\\u00e9gal\\u00e9s.Innovant, l'affichage permet \\u00e0 l'utilisateur de g\\u00e9n\\u00e9rer \\u00e0 son poignet une vari\\u00e9t\\u00e9 infinie de garde-temps. Cette d\\u00e9clinaison de multiples montres en une est rendue possible gr\\u00e2ce \\u00e0 la conception de modules virtuels de tr\\u00e8s haut niveau.\",\"breadcrumb\":{\"@id\":\"https:\/\/www.toys4vip.com\/fr\/luxury-toy\/hd3-slyde-teaser\/138\/#breadcrumb\"},\"inLanguage\":\"fr-FR\",\"potentialAction\":[{\"@type\":\"ReadAction\",\"target\":[\"https:\/\/www.toys4vip.com\/fr\/luxury-toy\/hd3-slyde-teaser\/138\/\"]}]},{\"@type\":\"BreadcrumbList\",\"@id\":\"https:\/\/www.toys4vip.com\/fr\/luxury-toy\/hd3-slyde-teaser\/138\/#breadcrumb\",\"itemListElement\":[{\"@type\":\"ListItem\",\"position\":1,\"name\":\"Home\",\"item\":\"https:\/\/www.toys4vip.com\/fr\/\"},{\"@type\":\"ListItem\",\"position\":2,\"name\":\"Objets \/ Cat\\u00e9gories\",\"item\":\"https:\/\/www.toys4vip.com\/fr\/luxury-toys\/\"},{\"@type\":\"ListItem\",\"position\":3,\"name\":\"HD3 Slyde Teaser\"}]}]}<\/script>\n<!-- \/ Yoast SEO plugin. -->","yoast_head_json":{"title":"HD3 Slyde Teaser - Toys4Vip","description":"Pour la premi\u00e8re fois, une montre emprunte les principes fondamentaux des \u00abtechnologies intuitives\u00bb pour les fondre dans l'univers de l'horlogerie haut-de-gamme du 21e si\u00e8cle. r\u00e9elle prouesse technologique, la slyde dispose d'un \u00e9cran tactile, d'un moteur graphique de pointe et d'un syst\u00e8me de navigation au confort et \u00e0 la simplicit\u00e9 in\u00e9gal\u00e9s.Innovant, l'affichage permet \u00e0 l'utilisateur de g\u00e9n\u00e9rer \u00e0 son poignet une vari\u00e9t\u00e9 infinie de garde-temps. Cette d\u00e9clinaison de multiples montres en une est rendue possible gr\u00e2ce \u00e0 la conception de modules virtuels de tr\u00e8s haut niveau.","robots":{"index":"index","follow":"follow","max-snippet":"max-snippet:-1","max-image-preview":"max-image-preview:large","max-video-preview":"max-video-preview:-1"},"canonical":"https:\/\/www.toys4vip.com\/fr\/luxury-toy\/hd3-slyde-teaser\/138\/","og_locale":"fr_FR","og_type":"article","og_title":"HD3 Slyde Teaser - Toys4Vip","og_description":"Pour la premi\u00e8re fois, une montre emprunte les principes fondamentaux des \u00abtechnologies intuitives\u00bb pour les fondre dans l'univers de l'horlogerie haut-de-gamme du 21e si\u00e8cle. r\u00e9elle prouesse technologique, la slyde dispose d'un \u00e9cran tactile, d'un moteur graphique de pointe et d'un syst\u00e8me de navigation au confort et \u00e0 la simplicit\u00e9 in\u00e9gal\u00e9s.Innovant, l'affichage permet \u00e0 l'utilisateur de g\u00e9n\u00e9rer \u00e0 son poignet une vari\u00e9t\u00e9 infinie de garde-temps. Cette d\u00e9clinaison de multiples montres en une est rendue possible gr\u00e2ce \u00e0 la conception de modules virtuels de tr\u00e8s haut niveau.","og_url":"https:\/\/www.toys4vip.com\/fr\/luxury-toy\/hd3-slyde-teaser\/138\/","og_site_name":"Toys4Vip","article_modified_time":"2021-11-13T11:18:27+00:00","og_image":[{"width":462,"height":675,"url":"https:\/\/www.toys4vip.com\/app\/uploads\/2021\/11\/main-114.jpg","type":"image\/jpeg"}],"twitter_card":"summary_large_image","twitter_misc":{"Dur\u00e9e de lecture est.":"3 minutes"},"schema":{"@context":"https:\/\/schema.org","@graph":[{"@type":"WebSite","@id":"https:\/\/www.toys4vip.com\/fr\/#website","url":"https:\/\/www.toys4vip.com\/fr\/","name":"Toys4Vip","description":"Jouets de luxe nouveau concept store","potentialAction":[{"@type":"SearchAction","target":{"@type":"EntryPoint","urlTemplate":"https:\/\/www.toys4vip.com\/fr\/?s={search_term_string}"},"query-input":"required name=search_term_string"}],"inLanguage":"fr-FR"},{"@type":"ImageObject","@id":"https:\/\/www.toys4vip.com\/fr\/luxury-toy\/hd3-slyde-teaser\/138\/#primaryimage","inLanguage":"fr-FR","url":"https:\/\/www.toys4vip.com\/app\/uploads\/2021\/11\/main-114.jpg","contentUrl":"https:\/\/www.toys4vip.com\/app\/uploads\/2021\/11\/main-114.jpg","width":462,"height":675},{"@type":"WebPage","@id":"https:\/\/www.toys4vip.com\/fr\/luxury-toy\/hd3-slyde-teaser\/138\/#webpage","url":"https:\/\/www.toys4vip.com\/fr\/luxury-toy\/hd3-slyde-teaser\/138\/","name":"HD3 Slyde Teaser - Toys4Vip","isPartOf":{"@id":"https:\/\/www.toys4vip.com\/fr\/#website"},"primaryImageOfPage":{"@id":"https:\/\/www.toys4vip.com\/fr\/luxury-toy\/hd3-slyde-teaser\/138\/#primaryimage"},"datePublished":"2021-11-02T10:29:19+00:00","dateModified":"2021-11-13T11:18:27+00:00","description":"Pour la premi\u00e8re fois, une montre emprunte les principes fondamentaux des \u00abtechnologies intuitives\u00bb pour les fondre dans l'univers de l'horlogerie haut-de-gamme du 21e si\u00e8cle. r\u00e9elle prouesse technologique, la slyde dispose d'un \u00e9cran tactile, d'un moteur graphique de pointe et d'un syst\u00e8me de navigation au confort et \u00e0 la simplicit\u00e9 in\u00e9gal\u00e9s.Innovant, l'affichage permet \u00e0 l'utilisateur de g\u00e9n\u00e9rer \u00e0 son poignet une vari\u00e9t\u00e9 infinie de garde-temps. Cette d\u00e9clinaison de multiples montres en une est rendue possible gr\u00e2ce \u00e0 la conception de modules virtuels de tr\u00e8s haut niveau.","breadcrumb":{"@id":"https:\/\/www.toys4vip.com\/fr\/luxury-toy\/hd3-slyde-teaser\/138\/#breadcrumb"},"inLanguage":"fr-FR","potentialAction":[{"@type":"ReadAction","target":["https:\/\/www.toys4vip.com\/fr\/luxury-toy\/hd3-slyde-teaser\/138\/"]}]},{"@type":"BreadcrumbList","@id":"https:\/\/www.toys4vip.com\/fr\/luxury-toy\/hd3-slyde-teaser\/138\/#breadcrumb","itemListElement":[{"@type":"ListItem","position":1,"name":"Home","item":"https:\/\/www.toys4vip.com\/fr\/"},{"@type":"ListItem","position":2,"name":"Objets \/ Cat\u00e9gories","item":"https:\/\/www.toys4vip.com\/fr\/luxury-toys\/"},{"@type":"ListItem","position":3,"name":"HD3 Slyde Teaser"}]}]}},"_links":{"self":[{"href":"https:\/\/www.toys4vip.com\/fr\/wp-json\/wp\/v2\/product\/777"}],"collection":[{"href":"https:\/\/www.toys4vip.com\/fr\/wp-json\/wp\/v2\/product"}],"about":[{"href":"https:\/\/www.toys4vip.com\/fr\/wp-json\/wp\/v2\/types\/product"}],"replies":[{"embeddable":true,"href":"https:\/\/www.toys4vip.com\/fr\/wp-json\/wp\/v2\/comments?post=777"}],"wp:featuredmedia":[{"embeddable":true,"href":"https:\/\/www.toys4vip.com\/fr\/wp-json\/wp\/v2\/media\/775"}],"wp:attachment":[{"href":"https:\/\/www.toys4vip.com\/fr\/wp-json\/wp\/v2\/media?parent=777"}],"wp:term":[{"taxonomy":"product_cat","embeddable":true,"href":"https:\/\/www.toys4vip.com\/fr\/wp-json\/wp\/v2\/product_cat?post=777"},{"taxonomy":"product_tag","embeddable":true,"href":"https:\/\/www.toys4vip.com\/fr\/wp-json\/wp\/v2\/product_tag?post=777"}],"curies":[{"name":"wp","href":"https:\/\/api.w.org\/{rel}","templated":true}]}}