{"id":768,"date":"2021-11-02T10:29:18","date_gmt":"2021-11-02T10:29:18","guid":{"rendered":"https:\/\/toys4vip.com\/produit\/electric-chopper\/"},"modified":"2021-11-16T18:22:23","modified_gmt":"2021-11-16T18:22:23","slug":"electric-chopper","status":"publish","type":"product","link":"https:\/\/www.toys4vip.com\/fr\/luxury-toy\/electric-chopper\/135\/","title":{"rendered":"Electric Chopper"},"content":{"rendered":"<p>Foudre de style !<\/p>\n<p>Cette moto \u00e9lectrique propos\u00e9e par Gray Design est plus qu\u2019en concept puisque vous pouvez la commander !<br \/>\nElle propose un design ultra moderne proposant une position \u00e9l\u00e9gante de conduite. Construite autour d\u2019un cadre acier son car\u00e9nage est en fibre de carbone et aluminium sabl\u00e9. L\u2019empattement long et r\u00e9glable permet une conduite confortable et adapt\u00e9e \u00e0 vos pr\u00e9f\u00e9rences.<br \/>\nLa puissance vient de deux moteurs \u00e0 induction CA produisant 96hp entra\u00een\u00e9s par une batterie de forte puissance 7.7Kwh, offrant une grande acc\u00e9l\u00e9ration, une vitesse \u00e9lev\u00e9e Le taille de la moto permet beaucoup d&rsquo;espace pour les grosses batteries faisant de cette moto un id\u00e9al pour de longues croisi\u00e8res tranquilles dans des destinations lointaines.<br \/>\nEtant \u00e9lectrique, elle est un compagnon id\u00e9al pour le yachting de luxe .<\/p>\n<p>Ceci est seulement un prix estim\u00e9 (60.000 \u20ac) et la construction prendra environ 4 mois.Plus d\u2019infos et commande sur Toys4vip<\/p>\n","protected":false},"excerpt":{"rendered":"<p>Foudre de style ! Cette moto \u00e9lectrique propos\u00e9e par Gray Design est plus qu\u2019en concept puisque vous pouvez la commander ! Elle propose un design ultra moderne proposant une position \u00e9l\u00e9gante de conduite. Construite autour d\u2019un cadre acier son car\u00e9nage est en fibre de carbone et aluminium sabl\u00e9. L\u2019empattement long et r\u00e9glable permet une conduite [&hellip;]<\/p>\n","protected":false},"featured_media":766,"comment_status":"open","ping_status":"closed","template":"","meta":[],"product_cat":[26,87],"product_tag":[],"yoast_head":"<!-- This site is optimized with the Yoast SEO plugin v17.4 - https:\/\/yoast.com\/wordpress\/plugins\/seo\/ -->\n<title>Electric Chopper - Toys4Vip<\/title>\n<meta name=\"description\" content=\"Foudre de style !Cette moto \u00e9lectrique propos\u00e9e par Gray Design est plus qu\u2019en concept puisque vous pouvez la commander !Elle propose un design ultra moderne proposant une position \u00e9l\u00e9gante de conduite. Construite autour d\u2019un cadre acier son car\u00e9nage est en fibre de carbone et aluminium sabl\u00e9. L\u2019empattement long et r\u00e9glable permet une conduite confortable et adapt\u00e9e \u00e0 vos pr\u00e9f\u00e9rences.\" \/>\n<meta name=\"robots\" content=\"index, follow, max-snippet:-1, max-image-preview:large, max-video-preview:-1\" \/>\n<link rel=\"canonical\" href=\"https:\/\/www.toys4vip.com\/fr\/luxury-toy\/electric-chopper\/135\/\" \/>\n<meta property=\"og:locale\" content=\"fr_FR\" \/>\n<meta property=\"og:type\" content=\"article\" \/>\n<meta property=\"og:title\" content=\"Electric Chopper - Toys4Vip\" \/>\n<meta property=\"og:description\" content=\"Foudre de style !Cette moto \u00e9lectrique propos\u00e9e par Gray Design est plus qu\u2019en concept puisque vous pouvez la commander !Elle propose un design ultra moderne proposant une position \u00e9l\u00e9gante de conduite. Construite autour d\u2019un cadre acier son car\u00e9nage est en fibre de carbone et aluminium sabl\u00e9. L\u2019empattement long et r\u00e9glable permet une conduite confortable et adapt\u00e9e \u00e0 vos pr\u00e9f\u00e9rences.\" \/>\n<meta property=\"og:url\" content=\"https:\/\/www.toys4vip.com\/fr\/luxury-toy\/electric-chopper\/135\/\" \/>\n<meta property=\"og:site_name\" content=\"Toys4Vip\" \/>\n<meta property=\"article:modified_time\" content=\"2021-11-16T18:22:23+00:00\" \/>\n<meta property=\"og:image\" content=\"https:\/\/www.toys4vip.com\/app\/uploads\/2021\/11\/main-111.jpg\" \/>\n\t<meta property=\"og:image:width\" content=\"1400\" \/>\n\t<meta property=\"og:image:height\" content=\"640\" \/>\n<meta name=\"twitter:card\" content=\"summary_large_image\" \/>\n<meta name=\"twitter:label1\" content=\"Dur\u00e9e de lecture est.\" \/>\n\t<meta name=\"twitter:data1\" content=\"1 minute\" \/>\n<script type=\"application\/ld+json\" class=\"yoast-schema-graph\">{\"@context\":\"https:\/\/schema.org\",\"@graph\":[{\"@type\":\"WebSite\",\"@id\":\"https:\/\/www.toys4vip.com\/fr\/#website\",\"url\":\"https:\/\/www.toys4vip.com\/fr\/\",\"name\":\"Toys4Vip\",\"description\":\"Jouets de luxe nouveau concept store\",\"potentialAction\":[{\"@type\":\"SearchAction\",\"target\":{\"@type\":\"EntryPoint\",\"urlTemplate\":\"https:\/\/www.toys4vip.com\/fr\/?s={search_term_string}\"},\"query-input\":\"required name=search_term_string\"}],\"inLanguage\":\"fr-FR\"},{\"@type\":\"ImageObject\",\"@id\":\"https:\/\/www.toys4vip.com\/fr\/luxury-toy\/electric-chopper\/135\/#primaryimage\",\"inLanguage\":\"fr-FR\",\"url\":\"https:\/\/www.toys4vip.com\/app\/uploads\/2021\/11\/main-111.jpg\",\"contentUrl\":\"https:\/\/www.toys4vip.com\/app\/uploads\/2021\/11\/main-111.jpg\",\"width\":1400,\"height\":640},{\"@type\":\"WebPage\",\"@id\":\"https:\/\/www.toys4vip.com\/fr\/luxury-toy\/electric-chopper\/135\/#webpage\",\"url\":\"https:\/\/www.toys4vip.com\/fr\/luxury-toy\/electric-chopper\/135\/\",\"name\":\"Electric Chopper - Toys4Vip\",\"isPartOf\":{\"@id\":\"https:\/\/www.toys4vip.com\/fr\/#website\"},\"primaryImageOfPage\":{\"@id\":\"https:\/\/www.toys4vip.com\/fr\/luxury-toy\/electric-chopper\/135\/#primaryimage\"},\"datePublished\":\"2021-11-02T10:29:18+00:00\",\"dateModified\":\"2021-11-16T18:22:23+00:00\",\"description\":\"Foudre de style !Cette moto \\u00e9lectrique propos\\u00e9e par Gray Design est plus qu\\u2019en concept puisque vous pouvez la commander !Elle propose un design ultra moderne proposant une position \\u00e9l\\u00e9gante de conduite. Construite autour d\\u2019un cadre acier son car\\u00e9nage est en fibre de carbone et aluminium sabl\\u00e9. L\\u2019empattement long et r\\u00e9glable permet une conduite confortable et adapt\\u00e9e \\u00e0 vos pr\\u00e9f\\u00e9rences.\",\"breadcrumb\":{\"@id\":\"https:\/\/www.toys4vip.com\/fr\/luxury-toy\/electric-chopper\/135\/#breadcrumb\"},\"inLanguage\":\"fr-FR\",\"potentialAction\":[{\"@type\":\"ReadAction\",\"target\":[\"https:\/\/www.toys4vip.com\/fr\/luxury-toy\/electric-chopper\/135\/\"]}]},{\"@type\":\"BreadcrumbList\",\"@id\":\"https:\/\/www.toys4vip.com\/fr\/luxury-toy\/electric-chopper\/135\/#breadcrumb\",\"itemListElement\":[{\"@type\":\"ListItem\",\"position\":1,\"name\":\"Home\",\"item\":\"https:\/\/www.toys4vip.com\/fr\/\"},{\"@type\":\"ListItem\",\"position\":2,\"name\":\"Objets \/ Cat\\u00e9gories\",\"item\":\"https:\/\/www.toys4vip.com\/fr\/luxury-toys\/\"},{\"@type\":\"ListItem\",\"position\":3,\"name\":\"Electric Chopper\"}]}]}<\/script>\n<!-- \/ Yoast SEO plugin. -->","yoast_head_json":{"title":"Electric Chopper - Toys4Vip","description":"Foudre de style !Cette moto \u00e9lectrique propos\u00e9e par Gray Design est plus qu\u2019en concept puisque vous pouvez la commander !Elle propose un design ultra moderne proposant une position \u00e9l\u00e9gante de conduite. Construite autour d\u2019un cadre acier son car\u00e9nage est en fibre de carbone et aluminium sabl\u00e9. L\u2019empattement long et r\u00e9glable permet une conduite confortable et adapt\u00e9e \u00e0 vos pr\u00e9f\u00e9rences.","robots":{"index":"index","follow":"follow","max-snippet":"max-snippet:-1","max-image-preview":"max-image-preview:large","max-video-preview":"max-video-preview:-1"},"canonical":"https:\/\/www.toys4vip.com\/fr\/luxury-toy\/electric-chopper\/135\/","og_locale":"fr_FR","og_type":"article","og_title":"Electric Chopper - Toys4Vip","og_description":"Foudre de style !Cette moto \u00e9lectrique propos\u00e9e par Gray Design est plus qu\u2019en concept puisque vous pouvez la commander !Elle propose un design ultra moderne proposant une position \u00e9l\u00e9gante de conduite. Construite autour d\u2019un cadre acier son car\u00e9nage est en fibre de carbone et aluminium sabl\u00e9. L\u2019empattement long et r\u00e9glable permet une conduite confortable et adapt\u00e9e \u00e0 vos pr\u00e9f\u00e9rences.","og_url":"https:\/\/www.toys4vip.com\/fr\/luxury-toy\/electric-chopper\/135\/","og_site_name":"Toys4Vip","article_modified_time":"2021-11-16T18:22:23+00:00","og_image":[{"width":1400,"height":640,"url":"https:\/\/www.toys4vip.com\/app\/uploads\/2021\/11\/main-111.jpg","type":"image\/jpeg"}],"twitter_card":"summary_large_image","twitter_misc":{"Dur\u00e9e de lecture est.":"1 minute"},"schema":{"@context":"https:\/\/schema.org","@graph":[{"@type":"WebSite","@id":"https:\/\/www.toys4vip.com\/fr\/#website","url":"https:\/\/www.toys4vip.com\/fr\/","name":"Toys4Vip","description":"Jouets de luxe nouveau concept store","potentialAction":[{"@type":"SearchAction","target":{"@type":"EntryPoint","urlTemplate":"https:\/\/www.toys4vip.com\/fr\/?s={search_term_string}"},"query-input":"required name=search_term_string"}],"inLanguage":"fr-FR"},{"@type":"ImageObject","@id":"https:\/\/www.toys4vip.com\/fr\/luxury-toy\/electric-chopper\/135\/#primaryimage","inLanguage":"fr-FR","url":"https:\/\/www.toys4vip.com\/app\/uploads\/2021\/11\/main-111.jpg","contentUrl":"https:\/\/www.toys4vip.com\/app\/uploads\/2021\/11\/main-111.jpg","width":1400,"height":640},{"@type":"WebPage","@id":"https:\/\/www.toys4vip.com\/fr\/luxury-toy\/electric-chopper\/135\/#webpage","url":"https:\/\/www.toys4vip.com\/fr\/luxury-toy\/electric-chopper\/135\/","name":"Electric Chopper - Toys4Vip","isPartOf":{"@id":"https:\/\/www.toys4vip.com\/fr\/#website"},"primaryImageOfPage":{"@id":"https:\/\/www.toys4vip.com\/fr\/luxury-toy\/electric-chopper\/135\/#primaryimage"},"datePublished":"2021-11-02T10:29:18+00:00","dateModified":"2021-11-16T18:22:23+00:00","description":"Foudre de style !Cette moto \u00e9lectrique propos\u00e9e par Gray Design est plus qu\u2019en concept puisque vous pouvez la commander !Elle propose un design ultra moderne proposant une position \u00e9l\u00e9gante de conduite. Construite autour d\u2019un cadre acier son car\u00e9nage est en fibre de carbone et aluminium sabl\u00e9. L\u2019empattement long et r\u00e9glable permet une conduite confortable et adapt\u00e9e \u00e0 vos pr\u00e9f\u00e9rences.","breadcrumb":{"@id":"https:\/\/www.toys4vip.com\/fr\/luxury-toy\/electric-chopper\/135\/#breadcrumb"},"inLanguage":"fr-FR","potentialAction":[{"@type":"ReadAction","target":["https:\/\/www.toys4vip.com\/fr\/luxury-toy\/electric-chopper\/135\/"]}]},{"@type":"BreadcrumbList","@id":"https:\/\/www.toys4vip.com\/fr\/luxury-toy\/electric-chopper\/135\/#breadcrumb","itemListElement":[{"@type":"ListItem","position":1,"name":"Home","item":"https:\/\/www.toys4vip.com\/fr\/"},{"@type":"ListItem","position":2,"name":"Objets \/ Cat\u00e9gories","item":"https:\/\/www.toys4vip.com\/fr\/luxury-toys\/"},{"@type":"ListItem","position":3,"name":"Electric Chopper"}]}]}},"_links":{"self":[{"href":"https:\/\/www.toys4vip.com\/fr\/wp-json\/wp\/v2\/product\/768"}],"collection":[{"href":"https:\/\/www.toys4vip.com\/fr\/wp-json\/wp\/v2\/product"}],"about":[{"href":"https:\/\/www.toys4vip.com\/fr\/wp-json\/wp\/v2\/types\/product"}],"replies":[{"embeddable":true,"href":"https:\/\/www.toys4vip.com\/fr\/wp-json\/wp\/v2\/comments?post=768"}],"wp:featuredmedia":[{"embeddable":true,"href":"https:\/\/www.toys4vip.com\/fr\/wp-json\/wp\/v2\/media\/766"}],"wp:attachment":[{"href":"https:\/\/www.toys4vip.com\/fr\/wp-json\/wp\/v2\/media?parent=768"}],"wp:term":[{"taxonomy":"product_cat","embeddable":true,"href":"https:\/\/www.toys4vip.com\/fr\/wp-json\/wp\/v2\/product_cat?post=768"},{"taxonomy":"product_tag","embeddable":true,"href":"https:\/\/www.toys4vip.com\/fr\/wp-json\/wp\/v2\/product_tag?post=768"}],"curies":[{"name":"wp","href":"https:\/\/api.w.org\/{rel}","templated":true}]}}