{"id":765,"date":"2021-11-02T10:29:18","date_gmt":"2021-11-02T10:29:18","guid":{"rendered":"https:\/\/toys4vip.com\/produit\/super-car-electrique-sigma\/"},"modified":"2021-11-16T18:21:52","modified_gmt":"2021-11-16T18:21:52","slug":"super-car-electrique-sigma","status":"publish","type":"product","link":"https:\/\/www.toys4vip.com\/fr\/luxury-toy\/super-car-electrique-sigma\/134\/","title":{"rendered":"Super Car  Electrique \u00ab\u00a0Sigma\u00a0\u00bb"},"content":{"rendered":"<p>\u00abZeus Twelve\u00a0\u00bb se positionne comme un leader mondial dans le march\u00e9 automobile exclusif. Gr\u00e2ce \u00e0 leur design audacieux cr\u00e9\u00e9 par le designer de renomm\u00e9e mondiale Eduard Gray, fondateur de Design Gray et l&rsquo;excellent savoir-faire des sculpteurs automobile \u00e0 Mansory, Zeus offre Douze chefs-d&rsquo;\u0153uvre de la sculpture de roulement bas\u00e9 sur certaines des voitures les plus stellaires aujourd&rsquo;hui. les voitures sont ultra-l\u00e9gere, la carrosserie en fibre de carbone qui se trouve \u00e0 la pointe du style et du design.<\/p>\n<p>L&rsquo;exclusivit\u00e9 est conserv\u00e9 par le cycle de production tr\u00e8s limit\u00e9e de chaque mod\u00e8le, un maximum de douze unit\u00e9s pour chaque mod\u00e8le.<\/p>\n<p>En raison de la production limit\u00e9e de ces v\u00e9hicules et de la nature sur mesure de chaque v\u00e9hicule, les prix commencent \u00e0 environ 1,8 M \u20ac et comprennent un programme de personnalisation complet pour l&rsquo;int\u00e9rieur et l&rsquo;ext\u00e9rieur de chaque v\u00e9hicule.<\/p>\n<p>Ces v\u00e9hicules deviennent des objets de collection d\u00e8s qu&rsquo;ils sont achet\u00e9s !<br \/>\nCommande sur demande et mise en relation avec le fabriquant.<\/p>\n","protected":false},"excerpt":{"rendered":"<p>\u00abZeus Twelve\u00a0\u00bb se positionne comme un leader mondial dans le march\u00e9 automobile exclusif. Gr\u00e2ce \u00e0 leur design audacieux cr\u00e9\u00e9 par le designer de renomm\u00e9e mondiale Eduard Gray, fondateur de Design Gray et l&rsquo;excellent savoir-faire des sculpteurs automobile \u00e0 Mansory, Zeus offre Douze chefs-d&rsquo;\u0153uvre de la sculpture de roulement bas\u00e9 sur certaines des voitures les plus [&hellip;]<\/p>\n","protected":false},"featured_media":763,"comment_status":"open","ping_status":"closed","template":"","meta":[],"product_cat":[26,87],"product_tag":[],"yoast_head":"<!-- This site is optimized with the Yoast SEO plugin v17.4 - https:\/\/yoast.com\/wordpress\/plugins\/seo\/ -->\n<title>Super Car Electrique &quot;Sigma&quot; - Toys4Vip<\/title>\n<meta name=\"description\" content=\"\u00abZeus Twelve&quot; se positionne comme un leader mondial dans le march\u00e9 automobile exclusif. Gr\u00e2ce \u00e0 leur design audacieux cr\u00e9\u00e9 par le designer de renomm\u00e9e mondiale Eduard Gray, fondateur de Design Gray et l&#039;excellent savoir-faire des sculpteurs automobile \u00e0 Mansory, Zeus offre Douze chefs-d&#039;\u0153uvre de la sculpture de roulement bas\u00e9 sur certaines des voitures les plus stellaires aujourd&#039;hui. les voitures sont ultra-l\u00e9gere, la carrosserie en fibre de carbone qui se trouve \u00e0 la pointe du style et du design.\" \/>\n<meta name=\"robots\" content=\"index, follow, max-snippet:-1, max-image-preview:large, max-video-preview:-1\" \/>\n<link rel=\"canonical\" href=\"https:\/\/www.toys4vip.com\/fr\/luxury-toy\/super-car-electrique-sigma\/134\/\" \/>\n<meta property=\"og:locale\" content=\"fr_FR\" \/>\n<meta property=\"og:type\" content=\"article\" \/>\n<meta property=\"og:title\" content=\"Super Car Electrique &quot;Sigma&quot; - Toys4Vip\" \/>\n<meta property=\"og:description\" content=\"\u00abZeus Twelve&quot; se positionne comme un leader mondial dans le march\u00e9 automobile exclusif. Gr\u00e2ce \u00e0 leur design audacieux cr\u00e9\u00e9 par le designer de renomm\u00e9e mondiale Eduard Gray, fondateur de Design Gray et l&#039;excellent savoir-faire des sculpteurs automobile \u00e0 Mansory, Zeus offre Douze chefs-d&#039;\u0153uvre de la sculpture de roulement bas\u00e9 sur certaines des voitures les plus stellaires aujourd&#039;hui. les voitures sont ultra-l\u00e9gere, la carrosserie en fibre de carbone qui se trouve \u00e0 la pointe du style et du design.\" \/>\n<meta property=\"og:url\" content=\"https:\/\/www.toys4vip.com\/fr\/luxury-toy\/super-car-electrique-sigma\/134\/\" \/>\n<meta property=\"og:site_name\" content=\"Toys4Vip\" \/>\n<meta property=\"article:modified_time\" content=\"2021-11-16T18:21:52+00:00\" \/>\n<meta property=\"og:image\" content=\"https:\/\/www.toys4vip.com\/app\/uploads\/2021\/11\/main-110-scaled.jpg\" \/>\n\t<meta property=\"og:image:width\" content=\"2560\" \/>\n\t<meta property=\"og:image:height\" content=\"1440\" \/>\n<meta name=\"twitter:card\" content=\"summary_large_image\" \/>\n<meta name=\"twitter:label1\" content=\"Dur\u00e9e de lecture est.\" \/>\n\t<meta name=\"twitter:data1\" content=\"1 minute\" \/>\n<script type=\"application\/ld+json\" class=\"yoast-schema-graph\">{\"@context\":\"https:\/\/schema.org\",\"@graph\":[{\"@type\":\"WebSite\",\"@id\":\"https:\/\/www.toys4vip.com\/fr\/#website\",\"url\":\"https:\/\/www.toys4vip.com\/fr\/\",\"name\":\"Toys4Vip\",\"description\":\"Jouets de luxe nouveau concept store\",\"potentialAction\":[{\"@type\":\"SearchAction\",\"target\":{\"@type\":\"EntryPoint\",\"urlTemplate\":\"https:\/\/www.toys4vip.com\/fr\/?s={search_term_string}\"},\"query-input\":\"required name=search_term_string\"}],\"inLanguage\":\"fr-FR\"},{\"@type\":\"ImageObject\",\"@id\":\"https:\/\/www.toys4vip.com\/fr\/luxury-toy\/super-car-electrique-sigma\/134\/#primaryimage\",\"inLanguage\":\"fr-FR\",\"url\":\"https:\/\/www.toys4vip.com\/app\/uploads\/2021\/11\/main-110-scaled.jpg\",\"contentUrl\":\"https:\/\/www.toys4vip.com\/app\/uploads\/2021\/11\/main-110-scaled.jpg\",\"width\":2560,\"height\":1440},{\"@type\":\"WebPage\",\"@id\":\"https:\/\/www.toys4vip.com\/fr\/luxury-toy\/super-car-electrique-sigma\/134\/#webpage\",\"url\":\"https:\/\/www.toys4vip.com\/fr\/luxury-toy\/super-car-electrique-sigma\/134\/\",\"name\":\"Super Car Electrique \\\"Sigma\\\" - Toys4Vip\",\"isPartOf\":{\"@id\":\"https:\/\/www.toys4vip.com\/fr\/#website\"},\"primaryImageOfPage\":{\"@id\":\"https:\/\/www.toys4vip.com\/fr\/luxury-toy\/super-car-electrique-sigma\/134\/#primaryimage\"},\"datePublished\":\"2021-11-02T10:29:18+00:00\",\"dateModified\":\"2021-11-16T18:21:52+00:00\",\"description\":\"\\u00abZeus Twelve\\\" se positionne comme un leader mondial dans le march\\u00e9 automobile exclusif. Gr\\u00e2ce \\u00e0 leur design audacieux cr\\u00e9\\u00e9 par le designer de renomm\\u00e9e mondiale Eduard Gray, fondateur de Design Gray et l'excellent savoir-faire des sculpteurs automobile \\u00e0 Mansory, Zeus offre Douze chefs-d'\\u0153uvre de la sculpture de roulement bas\\u00e9 sur certaines des voitures les plus stellaires aujourd'hui. les voitures sont ultra-l\\u00e9gere, la carrosserie en fibre de carbone qui se trouve \\u00e0 la pointe du style et du design.\",\"breadcrumb\":{\"@id\":\"https:\/\/www.toys4vip.com\/fr\/luxury-toy\/super-car-electrique-sigma\/134\/#breadcrumb\"},\"inLanguage\":\"fr-FR\",\"potentialAction\":[{\"@type\":\"ReadAction\",\"target\":[\"https:\/\/www.toys4vip.com\/fr\/luxury-toy\/super-car-electrique-sigma\/134\/\"]}]},{\"@type\":\"BreadcrumbList\",\"@id\":\"https:\/\/www.toys4vip.com\/fr\/luxury-toy\/super-car-electrique-sigma\/134\/#breadcrumb\",\"itemListElement\":[{\"@type\":\"ListItem\",\"position\":1,\"name\":\"Home\",\"item\":\"https:\/\/www.toys4vip.com\/fr\/\"},{\"@type\":\"ListItem\",\"position\":2,\"name\":\"Objets \/ Cat\\u00e9gories\",\"item\":\"https:\/\/www.toys4vip.com\/fr\/luxury-toys\/\"},{\"@type\":\"ListItem\",\"position\":3,\"name\":\"Super Car Electrique &#8220;Sigma&#8221;\"}]}]}<\/script>\n<!-- \/ Yoast SEO plugin. -->","yoast_head_json":{"title":"Super Car Electrique \"Sigma\" - Toys4Vip","description":"\u00abZeus Twelve\" se positionne comme un leader mondial dans le march\u00e9 automobile exclusif. Gr\u00e2ce \u00e0 leur design audacieux cr\u00e9\u00e9 par le designer de renomm\u00e9e mondiale Eduard Gray, fondateur de Design Gray et l'excellent savoir-faire des sculpteurs automobile \u00e0 Mansory, Zeus offre Douze chefs-d'\u0153uvre de la sculpture de roulement bas\u00e9 sur certaines des voitures les plus stellaires aujourd'hui. les voitures sont ultra-l\u00e9gere, la carrosserie en fibre de carbone qui se trouve \u00e0 la pointe du style et du design.","robots":{"index":"index","follow":"follow","max-snippet":"max-snippet:-1","max-image-preview":"max-image-preview:large","max-video-preview":"max-video-preview:-1"},"canonical":"https:\/\/www.toys4vip.com\/fr\/luxury-toy\/super-car-electrique-sigma\/134\/","og_locale":"fr_FR","og_type":"article","og_title":"Super Car Electrique \"Sigma\" - Toys4Vip","og_description":"\u00abZeus Twelve\" se positionne comme un leader mondial dans le march\u00e9 automobile exclusif. Gr\u00e2ce \u00e0 leur design audacieux cr\u00e9\u00e9 par le designer de renomm\u00e9e mondiale Eduard Gray, fondateur de Design Gray et l'excellent savoir-faire des sculpteurs automobile \u00e0 Mansory, Zeus offre Douze chefs-d'\u0153uvre de la sculpture de roulement bas\u00e9 sur certaines des voitures les plus stellaires aujourd'hui. les voitures sont ultra-l\u00e9gere, la carrosserie en fibre de carbone qui se trouve \u00e0 la pointe du style et du design.","og_url":"https:\/\/www.toys4vip.com\/fr\/luxury-toy\/super-car-electrique-sigma\/134\/","og_site_name":"Toys4Vip","article_modified_time":"2021-11-16T18:21:52+00:00","og_image":[{"width":2560,"height":1440,"url":"https:\/\/www.toys4vip.com\/app\/uploads\/2021\/11\/main-110-scaled.jpg","type":"image\/jpeg"}],"twitter_card":"summary_large_image","twitter_misc":{"Dur\u00e9e de lecture est.":"1 minute"},"schema":{"@context":"https:\/\/schema.org","@graph":[{"@type":"WebSite","@id":"https:\/\/www.toys4vip.com\/fr\/#website","url":"https:\/\/www.toys4vip.com\/fr\/","name":"Toys4Vip","description":"Jouets de luxe nouveau concept store","potentialAction":[{"@type":"SearchAction","target":{"@type":"EntryPoint","urlTemplate":"https:\/\/www.toys4vip.com\/fr\/?s={search_term_string}"},"query-input":"required name=search_term_string"}],"inLanguage":"fr-FR"},{"@type":"ImageObject","@id":"https:\/\/www.toys4vip.com\/fr\/luxury-toy\/super-car-electrique-sigma\/134\/#primaryimage","inLanguage":"fr-FR","url":"https:\/\/www.toys4vip.com\/app\/uploads\/2021\/11\/main-110-scaled.jpg","contentUrl":"https:\/\/www.toys4vip.com\/app\/uploads\/2021\/11\/main-110-scaled.jpg","width":2560,"height":1440},{"@type":"WebPage","@id":"https:\/\/www.toys4vip.com\/fr\/luxury-toy\/super-car-electrique-sigma\/134\/#webpage","url":"https:\/\/www.toys4vip.com\/fr\/luxury-toy\/super-car-electrique-sigma\/134\/","name":"Super Car Electrique \"Sigma\" - Toys4Vip","isPartOf":{"@id":"https:\/\/www.toys4vip.com\/fr\/#website"},"primaryImageOfPage":{"@id":"https:\/\/www.toys4vip.com\/fr\/luxury-toy\/super-car-electrique-sigma\/134\/#primaryimage"},"datePublished":"2021-11-02T10:29:18+00:00","dateModified":"2021-11-16T18:21:52+00:00","description":"\u00abZeus Twelve\" se positionne comme un leader mondial dans le march\u00e9 automobile exclusif. Gr\u00e2ce \u00e0 leur design audacieux cr\u00e9\u00e9 par le designer de renomm\u00e9e mondiale Eduard Gray, fondateur de Design Gray et l'excellent savoir-faire des sculpteurs automobile \u00e0 Mansory, Zeus offre Douze chefs-d'\u0153uvre de la sculpture de roulement bas\u00e9 sur certaines des voitures les plus stellaires aujourd'hui. les voitures sont ultra-l\u00e9gere, la carrosserie en fibre de carbone qui se trouve \u00e0 la pointe du style et du design.","breadcrumb":{"@id":"https:\/\/www.toys4vip.com\/fr\/luxury-toy\/super-car-electrique-sigma\/134\/#breadcrumb"},"inLanguage":"fr-FR","potentialAction":[{"@type":"ReadAction","target":["https:\/\/www.toys4vip.com\/fr\/luxury-toy\/super-car-electrique-sigma\/134\/"]}]},{"@type":"BreadcrumbList","@id":"https:\/\/www.toys4vip.com\/fr\/luxury-toy\/super-car-electrique-sigma\/134\/#breadcrumb","itemListElement":[{"@type":"ListItem","position":1,"name":"Home","item":"https:\/\/www.toys4vip.com\/fr\/"},{"@type":"ListItem","position":2,"name":"Objets \/ Cat\u00e9gories","item":"https:\/\/www.toys4vip.com\/fr\/luxury-toys\/"},{"@type":"ListItem","position":3,"name":"Super Car Electrique &#8220;Sigma&#8221;"}]}]}},"_links":{"self":[{"href":"https:\/\/www.toys4vip.com\/fr\/wp-json\/wp\/v2\/product\/765"}],"collection":[{"href":"https:\/\/www.toys4vip.com\/fr\/wp-json\/wp\/v2\/product"}],"about":[{"href":"https:\/\/www.toys4vip.com\/fr\/wp-json\/wp\/v2\/types\/product"}],"replies":[{"embeddable":true,"href":"https:\/\/www.toys4vip.com\/fr\/wp-json\/wp\/v2\/comments?post=765"}],"wp:featuredmedia":[{"embeddable":true,"href":"https:\/\/www.toys4vip.com\/fr\/wp-json\/wp\/v2\/media\/763"}],"wp:attachment":[{"href":"https:\/\/www.toys4vip.com\/fr\/wp-json\/wp\/v2\/media?parent=765"}],"wp:term":[{"taxonomy":"product_cat","embeddable":true,"href":"https:\/\/www.toys4vip.com\/fr\/wp-json\/wp\/v2\/product_cat?post=765"},{"taxonomy":"product_tag","embeddable":true,"href":"https:\/\/www.toys4vip.com\/fr\/wp-json\/wp\/v2\/product_tag?post=765"}],"curies":[{"name":"wp","href":"https:\/\/api.w.org\/{rel}","templated":true}]}}