{"id":759,"date":"2021-11-02T10:29:13","date_gmt":"2021-11-02T10:29:13","guid":{"rendered":"https:\/\/toys4vip.com\/produit\/zero-personal-helicopter-by-hector-del-amo\/"},"modified":"2021-11-13T11:19:22","modified_gmt":"2021-11-13T11:19:22","slug":"zero-personal-helicopter-by-hector-del-amo","status":"publish","type":"product","link":"https:\/\/www.toys4vip.com\/fr\/luxury-toy\/zero-personal-helicopter-by-hector-del-amo\/132\/","title":{"rendered":"ZERO Personal Helicopter by Hector del Amo"},"content":{"rendered":"<p>Nous r\u00eavons de plus en plus de pouvoir \u00e9viter un jour les embouteillages. L\u2019h\u00e9licopt\u00e8re Zero d\u2019Hector del Amo pourrait bien r\u00e9volutionner le monde du transport personnel, en proposant d\u2019amener son propri\u00e9taire au travail par les airs et de r\u00e9pondre au probl\u00e8me de congestion des villes. Cet h\u00e9licopt\u00e8re monoplace vient tout droit d\u2019Espagne, \u00e0 Gijon. L\u2019artiste, qui a d\u00e9j\u00e0 travaill\u00e9 sur un ambitieux projet le Bomber Duckplane, un avion de chasse immense, inspir\u00e9 par la forme et le vol des canards, l\u2019a baptis\u00e9 l\u2019h\u00e9licopt\u00e8re ZERO. Ce pro du design graphique et de l\u2019animation informatique a ici imagin\u00e9 un moyen de transport individuel et classe. Malgr\u00e9 la ligne ultra-design de l\u2019engin et sa finesse, il est difficile d\u2019imaginer qu\u2019il sera un jour commercialis\u00e9 sans \u00e9l\u00e9ments de s\u00e9curit\u00e9 suppl\u00e9mentaires. Pour l\u2019instant, il est juste possible de le regarder sur internet et de l\u2019imaginer dans votre garage.<\/p>\n","protected":false},"excerpt":{"rendered":"<p>Nous r\u00eavons de plus en plus de pouvoir \u00e9viter un jour les embouteillages. L\u2019h\u00e9licopt\u00e8re Zero d\u2019Hector del Amo pourrait bien r\u00e9volutionner le monde du transport personnel, en proposant d\u2019amener son propri\u00e9taire au travail par les airs et de r\u00e9pondre au probl\u00e8me de congestion des villes. Cet h\u00e9licopt\u00e8re monoplace vient tout droit d\u2019Espagne, \u00e0 Gijon. L\u2019artiste, [&hellip;]<\/p>\n","protected":false},"featured_media":757,"comment_status":"open","ping_status":"closed","template":"","meta":[],"product_cat":[31],"product_tag":[],"yoast_head":"<!-- This site is optimized with the Yoast SEO plugin v17.4 - https:\/\/yoast.com\/wordpress\/plugins\/seo\/ -->\n<title>ZERO Personal Helicopter by Hector del Amo - Toys4Vip<\/title>\n<meta name=\"description\" content=\"Nous r\u00eavons de plus en plus de pouvoir \u00e9viter un jour les embouteillages. L\u2019h\u00e9licopt\u00e8re Zero d\u2019Hector del Amo pourrait bien r\u00e9volutionner le monde du transport personnel, en proposant d\u2019amener son propri\u00e9taire au travail par les airs et de r\u00e9pondre au probl\u00e8me de congestion des villes. Cet h\u00e9licopt\u00e8re monoplace vient tout droit d\u2019Espagne, \u00e0 Gijon.\" \/>\n<meta name=\"robots\" content=\"index, follow, max-snippet:-1, max-image-preview:large, max-video-preview:-1\" \/>\n<link rel=\"canonical\" href=\"https:\/\/www.toys4vip.com\/fr\/luxury-toy\/zero-personal-helicopter-by-hector-del-amo\/132\/\" \/>\n<meta property=\"og:locale\" content=\"fr_FR\" \/>\n<meta property=\"og:type\" content=\"article\" \/>\n<meta property=\"og:title\" content=\"ZERO Personal Helicopter by Hector del Amo - Toys4Vip\" \/>\n<meta property=\"og:description\" content=\"Nous r\u00eavons de plus en plus de pouvoir \u00e9viter un jour les embouteillages. L\u2019h\u00e9licopt\u00e8re Zero d\u2019Hector del Amo pourrait bien r\u00e9volutionner le monde du transport personnel, en proposant d\u2019amener son propri\u00e9taire au travail par les airs et de r\u00e9pondre au probl\u00e8me de congestion des villes. Cet h\u00e9licopt\u00e8re monoplace vient tout droit d\u2019Espagne, \u00e0 Gijon.\" \/>\n<meta property=\"og:url\" content=\"https:\/\/www.toys4vip.com\/fr\/luxury-toy\/zero-personal-helicopter-by-hector-del-amo\/132\/\" \/>\n<meta property=\"og:site_name\" content=\"Toys4Vip\" \/>\n<meta property=\"article:modified_time\" content=\"2021-11-13T11:19:22+00:00\" \/>\n<meta property=\"og:image\" content=\"https:\/\/www.toys4vip.com\/app\/uploads\/2021\/11\/main-108.jpg\" \/>\n\t<meta property=\"og:image:width\" content=\"720\" \/>\n\t<meta property=\"og:image:height\" content=\"360\" \/>\n<meta name=\"twitter:card\" content=\"summary_large_image\" \/>\n<meta name=\"twitter:label1\" content=\"Dur\u00e9e de lecture est.\" \/>\n\t<meta name=\"twitter:data1\" content=\"1 minute\" \/>\n<script type=\"application\/ld+json\" class=\"yoast-schema-graph\">{\"@context\":\"https:\/\/schema.org\",\"@graph\":[{\"@type\":\"WebSite\",\"@id\":\"https:\/\/www.toys4vip.com\/fr\/#website\",\"url\":\"https:\/\/www.toys4vip.com\/fr\/\",\"name\":\"Toys4Vip\",\"description\":\"Jouets de luxe nouveau concept store\",\"potentialAction\":[{\"@type\":\"SearchAction\",\"target\":{\"@type\":\"EntryPoint\",\"urlTemplate\":\"https:\/\/www.toys4vip.com\/fr\/?s={search_term_string}\"},\"query-input\":\"required name=search_term_string\"}],\"inLanguage\":\"fr-FR\"},{\"@type\":\"ImageObject\",\"@id\":\"https:\/\/www.toys4vip.com\/fr\/luxury-toy\/zero-personal-helicopter-by-hector-del-amo\/132\/#primaryimage\",\"inLanguage\":\"fr-FR\",\"url\":\"https:\/\/www.toys4vip.com\/app\/uploads\/2021\/11\/main-108.jpg\",\"contentUrl\":\"https:\/\/www.toys4vip.com\/app\/uploads\/2021\/11\/main-108.jpg\",\"width\":720,\"height\":360},{\"@type\":\"WebPage\",\"@id\":\"https:\/\/www.toys4vip.com\/fr\/luxury-toy\/zero-personal-helicopter-by-hector-del-amo\/132\/#webpage\",\"url\":\"https:\/\/www.toys4vip.com\/fr\/luxury-toy\/zero-personal-helicopter-by-hector-del-amo\/132\/\",\"name\":\"ZERO Personal Helicopter by Hector del Amo - Toys4Vip\",\"isPartOf\":{\"@id\":\"https:\/\/www.toys4vip.com\/fr\/#website\"},\"primaryImageOfPage\":{\"@id\":\"https:\/\/www.toys4vip.com\/fr\/luxury-toy\/zero-personal-helicopter-by-hector-del-amo\/132\/#primaryimage\"},\"datePublished\":\"2021-11-02T10:29:13+00:00\",\"dateModified\":\"2021-11-13T11:19:22+00:00\",\"description\":\"Nous r\\u00eavons de plus en plus de pouvoir \\u00e9viter un jour les embouteillages. L\\u2019h\\u00e9licopt\\u00e8re Zero d\\u2019Hector del Amo pourrait bien r\\u00e9volutionner le monde du transport personnel, en proposant d\\u2019amener son propri\\u00e9taire au travail par les airs et de r\\u00e9pondre au probl\\u00e8me de congestion des villes. Cet h\\u00e9licopt\\u00e8re monoplace vient tout droit d\\u2019Espagne, \\u00e0 Gijon.\",\"breadcrumb\":{\"@id\":\"https:\/\/www.toys4vip.com\/fr\/luxury-toy\/zero-personal-helicopter-by-hector-del-amo\/132\/#breadcrumb\"},\"inLanguage\":\"fr-FR\",\"potentialAction\":[{\"@type\":\"ReadAction\",\"target\":[\"https:\/\/www.toys4vip.com\/fr\/luxury-toy\/zero-personal-helicopter-by-hector-del-amo\/132\/\"]}]},{\"@type\":\"BreadcrumbList\",\"@id\":\"https:\/\/www.toys4vip.com\/fr\/luxury-toy\/zero-personal-helicopter-by-hector-del-amo\/132\/#breadcrumb\",\"itemListElement\":[{\"@type\":\"ListItem\",\"position\":1,\"name\":\"Home\",\"item\":\"https:\/\/www.toys4vip.com\/fr\/\"},{\"@type\":\"ListItem\",\"position\":2,\"name\":\"Objets \/ Cat\\u00e9gories\",\"item\":\"https:\/\/www.toys4vip.com\/fr\/luxury-toys\/\"},{\"@type\":\"ListItem\",\"position\":3,\"name\":\"ZERO Personal Helicopter by Hector del Amo\"}]}]}<\/script>\n<!-- \/ Yoast SEO plugin. -->","yoast_head_json":{"title":"ZERO Personal Helicopter by Hector del Amo - Toys4Vip","description":"Nous r\u00eavons de plus en plus de pouvoir \u00e9viter un jour les embouteillages. L\u2019h\u00e9licopt\u00e8re Zero d\u2019Hector del Amo pourrait bien r\u00e9volutionner le monde du transport personnel, en proposant d\u2019amener son propri\u00e9taire au travail par les airs et de r\u00e9pondre au probl\u00e8me de congestion des villes. Cet h\u00e9licopt\u00e8re monoplace vient tout droit d\u2019Espagne, \u00e0 Gijon.","robots":{"index":"index","follow":"follow","max-snippet":"max-snippet:-1","max-image-preview":"max-image-preview:large","max-video-preview":"max-video-preview:-1"},"canonical":"https:\/\/www.toys4vip.com\/fr\/luxury-toy\/zero-personal-helicopter-by-hector-del-amo\/132\/","og_locale":"fr_FR","og_type":"article","og_title":"ZERO Personal Helicopter by Hector del Amo - Toys4Vip","og_description":"Nous r\u00eavons de plus en plus de pouvoir \u00e9viter un jour les embouteillages. L\u2019h\u00e9licopt\u00e8re Zero d\u2019Hector del Amo pourrait bien r\u00e9volutionner le monde du transport personnel, en proposant d\u2019amener son propri\u00e9taire au travail par les airs et de r\u00e9pondre au probl\u00e8me de congestion des villes. Cet h\u00e9licopt\u00e8re monoplace vient tout droit d\u2019Espagne, \u00e0 Gijon.","og_url":"https:\/\/www.toys4vip.com\/fr\/luxury-toy\/zero-personal-helicopter-by-hector-del-amo\/132\/","og_site_name":"Toys4Vip","article_modified_time":"2021-11-13T11:19:22+00:00","og_image":[{"width":720,"height":360,"url":"https:\/\/www.toys4vip.com\/app\/uploads\/2021\/11\/main-108.jpg","type":"image\/jpeg"}],"twitter_card":"summary_large_image","twitter_misc":{"Dur\u00e9e de lecture est.":"1 minute"},"schema":{"@context":"https:\/\/schema.org","@graph":[{"@type":"WebSite","@id":"https:\/\/www.toys4vip.com\/fr\/#website","url":"https:\/\/www.toys4vip.com\/fr\/","name":"Toys4Vip","description":"Jouets de luxe nouveau concept store","potentialAction":[{"@type":"SearchAction","target":{"@type":"EntryPoint","urlTemplate":"https:\/\/www.toys4vip.com\/fr\/?s={search_term_string}"},"query-input":"required name=search_term_string"}],"inLanguage":"fr-FR"},{"@type":"ImageObject","@id":"https:\/\/www.toys4vip.com\/fr\/luxury-toy\/zero-personal-helicopter-by-hector-del-amo\/132\/#primaryimage","inLanguage":"fr-FR","url":"https:\/\/www.toys4vip.com\/app\/uploads\/2021\/11\/main-108.jpg","contentUrl":"https:\/\/www.toys4vip.com\/app\/uploads\/2021\/11\/main-108.jpg","width":720,"height":360},{"@type":"WebPage","@id":"https:\/\/www.toys4vip.com\/fr\/luxury-toy\/zero-personal-helicopter-by-hector-del-amo\/132\/#webpage","url":"https:\/\/www.toys4vip.com\/fr\/luxury-toy\/zero-personal-helicopter-by-hector-del-amo\/132\/","name":"ZERO Personal Helicopter by Hector del Amo - Toys4Vip","isPartOf":{"@id":"https:\/\/www.toys4vip.com\/fr\/#website"},"primaryImageOfPage":{"@id":"https:\/\/www.toys4vip.com\/fr\/luxury-toy\/zero-personal-helicopter-by-hector-del-amo\/132\/#primaryimage"},"datePublished":"2021-11-02T10:29:13+00:00","dateModified":"2021-11-13T11:19:22+00:00","description":"Nous r\u00eavons de plus en plus de pouvoir \u00e9viter un jour les embouteillages. L\u2019h\u00e9licopt\u00e8re Zero d\u2019Hector del Amo pourrait bien r\u00e9volutionner le monde du transport personnel, en proposant d\u2019amener son propri\u00e9taire au travail par les airs et de r\u00e9pondre au probl\u00e8me de congestion des villes. Cet h\u00e9licopt\u00e8re monoplace vient tout droit d\u2019Espagne, \u00e0 Gijon.","breadcrumb":{"@id":"https:\/\/www.toys4vip.com\/fr\/luxury-toy\/zero-personal-helicopter-by-hector-del-amo\/132\/#breadcrumb"},"inLanguage":"fr-FR","potentialAction":[{"@type":"ReadAction","target":["https:\/\/www.toys4vip.com\/fr\/luxury-toy\/zero-personal-helicopter-by-hector-del-amo\/132\/"]}]},{"@type":"BreadcrumbList","@id":"https:\/\/www.toys4vip.com\/fr\/luxury-toy\/zero-personal-helicopter-by-hector-del-amo\/132\/#breadcrumb","itemListElement":[{"@type":"ListItem","position":1,"name":"Home","item":"https:\/\/www.toys4vip.com\/fr\/"},{"@type":"ListItem","position":2,"name":"Objets \/ Cat\u00e9gories","item":"https:\/\/www.toys4vip.com\/fr\/luxury-toys\/"},{"@type":"ListItem","position":3,"name":"ZERO Personal Helicopter by Hector del Amo"}]}]}},"_links":{"self":[{"href":"https:\/\/www.toys4vip.com\/fr\/wp-json\/wp\/v2\/product\/759"}],"collection":[{"href":"https:\/\/www.toys4vip.com\/fr\/wp-json\/wp\/v2\/product"}],"about":[{"href":"https:\/\/www.toys4vip.com\/fr\/wp-json\/wp\/v2\/types\/product"}],"replies":[{"embeddable":true,"href":"https:\/\/www.toys4vip.com\/fr\/wp-json\/wp\/v2\/comments?post=759"}],"wp:featuredmedia":[{"embeddable":true,"href":"https:\/\/www.toys4vip.com\/fr\/wp-json\/wp\/v2\/media\/757"}],"wp:attachment":[{"href":"https:\/\/www.toys4vip.com\/fr\/wp-json\/wp\/v2\/media?parent=759"}],"wp:term":[{"taxonomy":"product_cat","embeddable":true,"href":"https:\/\/www.toys4vip.com\/fr\/wp-json\/wp\/v2\/product_cat?post=759"},{"taxonomy":"product_tag","embeddable":true,"href":"https:\/\/www.toys4vip.com\/fr\/wp-json\/wp\/v2\/product_tag?post=759"}],"curies":[{"name":"wp","href":"https:\/\/api.w.org\/{rel}","templated":true}]}}