{"id":756,"date":"2021-11-02T10:29:13","date_gmt":"2021-11-02T10:29:13","guid":{"rendered":"https:\/\/toys4vip.com\/produit\/strand-craft-122\/"},"modified":"2021-11-16T18:22:52","modified_gmt":"2021-11-16T18:22:52","slug":"strand-craft-122","status":"publish","type":"product","link":"https:\/\/www.toys4vip.com\/fr\/luxury-toy\/strand-craft-122\/130\/","title":{"rendered":"Strand Craft 122"},"content":{"rendered":"<p>Quand deux Su\u00e9dois s\u2019y mettent, \u00e7a d\u00e9coiffe ! Le fabriquant des opens rapides sur mesure Strand Craft signe une collaboration avec Gray Design pour lancer un monstre de luxe qui va s\u00e9duire les plus r\u00e9sistants. Le Strand Craft 122, c\u2019est d\u2019abord un look \u00ab so sexy \u00bb, mais aussi une incroyable propulsion de 14000 CV et une fantastique annexe-voiture aux faux airs d\u2019une Veyron.<\/p>\n<p>Malgr\u00e9 un prix cons\u00e9quent de 20 millions d\u2019euros qui peut d\u00e9courager certains, six Strand Craft 122 devraient \u00eatre lanc\u00e9s \u00e0 l\u2019automne. Un bateau de cette envergure est un v\u00e9ritable ph\u00e9nom\u00e8ne. Il se vante d\u2019ailleurs de faire mieux que tous les autres opens rapides. Sa ligne tr\u00e8s lisse, son avant en acajou et son toit panoramique en verre thermal sont \u00e9tudi\u00e9s dans les moindres d\u00e9tails. Parce que chez Gray Design on est maniaque : derri\u00e8re ce nom se cache Eduard Gray qui n\u2019est autre que l\u2019ex-designer et consultant agr\u00e9\u00e9 Saab. D\u2019o\u00f9 l\u2019id\u00e9e de l\u2019hybridation d\u2019un bateau avec une voiture. Le garage de l\u2019ovni embarque une supercar en carbone sur mesure comprise dans le prix du bateau.<\/p>\n<p>Appel\u00e9e Strand Craft Gray, elle devrait \u00eatre fabriqu\u00e9e en Italie. Son moteur double turbo V12 de 880 CV atteint d\u00e9passerait les 375 km\/h. Mais ce n\u2019est pas tout. Il passerait de 0 \u00e0 100 km\/h en 3,2 secodes\u2026 \u00c9tonnant, non ? Les deux engins ont \u00e9t\u00e9 cr\u00e9\u00e9s en parall\u00e8le pour \u00ab harmoniser le design \u00bb.<\/p>\n<p>prix suivant les mod\u00e8les de Yachts SC 133, SC 166 ou SC 199:<br \/>\nde 19 \u00e0 38 M\u20ac<\/p>\n","protected":false},"excerpt":{"rendered":"<p>Quand deux Su\u00e9dois s\u2019y mettent, \u00e7a d\u00e9coiffe ! Le fabriquant des opens rapides sur mesure Strand Craft signe une collaboration avec Gray Design pour lancer un monstre de luxe qui va s\u00e9duire les plus r\u00e9sistants. Le Strand Craft 122, c\u2019est d\u2019abord un look \u00ab so sexy \u00bb, mais aussi une incroyable propulsion de 14000 CV [&hellip;]<\/p>\n","protected":false},"featured_media":754,"comment_status":"open","ping_status":"closed","template":"","meta":[],"product_cat":[26,86],"product_tag":[],"yoast_head":"<!-- This site is optimized with the Yoast SEO plugin v17.4 - https:\/\/yoast.com\/wordpress\/plugins\/seo\/ -->\n<title>Strand Craft 122 - Toys4Vip<\/title>\n<meta name=\"description\" content=\"Quand deux Su\u00e9dois s\u2019y mettent, \u00e7a d\u00e9coiffe ! Le fabriquant des opens rapides sur mesure Strand Craft signe une collaboration avec Gray Design pour lancer un monstre de luxe qui va s\u00e9duire les plus r\u00e9sistants. Le Strand Craft 122, c\u2019est d\u2019abord un look \u00ab so sexy \u00bb, mais aussi une incroyable propulsion de 14000 CV et une fantastique annexe-voiture aux faux airs d\u2019une Veyron.Malgr\u00e9 un prix cons\u00e9quent de 20 millions d\u2019euros qui peut d\u00e9courager certains, six Strand Craft 122 devraient \u00eatre lanc\u00e9s \u00e0 l\u2019automne.\" \/>\n<meta name=\"robots\" content=\"index, follow, max-snippet:-1, max-image-preview:large, max-video-preview:-1\" \/>\n<link rel=\"canonical\" href=\"https:\/\/www.toys4vip.com\/fr\/luxury-toy\/strand-craft-122\/130\/\" \/>\n<meta property=\"og:locale\" content=\"fr_FR\" \/>\n<meta property=\"og:type\" content=\"article\" \/>\n<meta property=\"og:title\" content=\"Strand Craft 122 - Toys4Vip\" \/>\n<meta property=\"og:description\" content=\"Quand deux Su\u00e9dois s\u2019y mettent, \u00e7a d\u00e9coiffe ! Le fabriquant des opens rapides sur mesure Strand Craft signe une collaboration avec Gray Design pour lancer un monstre de luxe qui va s\u00e9duire les plus r\u00e9sistants. Le Strand Craft 122, c\u2019est d\u2019abord un look \u00ab so sexy \u00bb, mais aussi une incroyable propulsion de 14000 CV et une fantastique annexe-voiture aux faux airs d\u2019une Veyron.Malgr\u00e9 un prix cons\u00e9quent de 20 millions d\u2019euros qui peut d\u00e9courager certains, six Strand Craft 122 devraient \u00eatre lanc\u00e9s \u00e0 l\u2019automne.\" \/>\n<meta property=\"og:url\" content=\"https:\/\/www.toys4vip.com\/fr\/luxury-toy\/strand-craft-122\/130\/\" \/>\n<meta property=\"og:site_name\" content=\"Toys4Vip\" \/>\n<meta property=\"article:modified_time\" content=\"2021-11-16T18:22:52+00:00\" \/>\n<meta property=\"og:image\" content=\"https:\/\/www.toys4vip.com\/app\/uploads\/2021\/11\/main-107.jpg\" \/>\n\t<meta property=\"og:image:width\" content=\"1215\" \/>\n\t<meta property=\"og:image:height\" content=\"577\" \/>\n<meta name=\"twitter:card\" content=\"summary_large_image\" \/>\n<meta name=\"twitter:label1\" content=\"Dur\u00e9e de lecture est.\" \/>\n\t<meta name=\"twitter:data1\" content=\"1 minute\" \/>\n<script type=\"application\/ld+json\" class=\"yoast-schema-graph\">{\"@context\":\"https:\/\/schema.org\",\"@graph\":[{\"@type\":\"WebSite\",\"@id\":\"https:\/\/www.toys4vip.com\/fr\/#website\",\"url\":\"https:\/\/www.toys4vip.com\/fr\/\",\"name\":\"Toys4Vip\",\"description\":\"Jouets de luxe nouveau concept store\",\"potentialAction\":[{\"@type\":\"SearchAction\",\"target\":{\"@type\":\"EntryPoint\",\"urlTemplate\":\"https:\/\/www.toys4vip.com\/fr\/?s={search_term_string}\"},\"query-input\":\"required name=search_term_string\"}],\"inLanguage\":\"fr-FR\"},{\"@type\":\"ImageObject\",\"@id\":\"https:\/\/www.toys4vip.com\/fr\/luxury-toy\/strand-craft-122\/130\/#primaryimage\",\"inLanguage\":\"fr-FR\",\"url\":\"https:\/\/www.toys4vip.com\/app\/uploads\/2021\/11\/main-107.jpg\",\"contentUrl\":\"https:\/\/www.toys4vip.com\/app\/uploads\/2021\/11\/main-107.jpg\",\"width\":1215,\"height\":577},{\"@type\":\"WebPage\",\"@id\":\"https:\/\/www.toys4vip.com\/fr\/luxury-toy\/strand-craft-122\/130\/#webpage\",\"url\":\"https:\/\/www.toys4vip.com\/fr\/luxury-toy\/strand-craft-122\/130\/\",\"name\":\"Strand Craft 122 - Toys4Vip\",\"isPartOf\":{\"@id\":\"https:\/\/www.toys4vip.com\/fr\/#website\"},\"primaryImageOfPage\":{\"@id\":\"https:\/\/www.toys4vip.com\/fr\/luxury-toy\/strand-craft-122\/130\/#primaryimage\"},\"datePublished\":\"2021-11-02T10:29:13+00:00\",\"dateModified\":\"2021-11-16T18:22:52+00:00\",\"description\":\"Quand deux Su\\u00e9dois s\\u2019y mettent, \\u00e7a d\\u00e9coiffe ! Le fabriquant des opens rapides sur mesure Strand Craft signe une collaboration avec Gray Design pour lancer un monstre de luxe qui va s\\u00e9duire les plus r\\u00e9sistants. Le Strand Craft 122, c\\u2019est d\\u2019abord un look \\u00ab so sexy \\u00bb, mais aussi une incroyable propulsion de 14000 CV et une fantastique annexe-voiture aux faux airs d\\u2019une Veyron.Malgr\\u00e9 un prix cons\\u00e9quent de 20 millions d\\u2019euros qui peut d\\u00e9courager certains, six Strand Craft 122 devraient \\u00eatre lanc\\u00e9s \\u00e0 l\\u2019automne.\",\"breadcrumb\":{\"@id\":\"https:\/\/www.toys4vip.com\/fr\/luxury-toy\/strand-craft-122\/130\/#breadcrumb\"},\"inLanguage\":\"fr-FR\",\"potentialAction\":[{\"@type\":\"ReadAction\",\"target\":[\"https:\/\/www.toys4vip.com\/fr\/luxury-toy\/strand-craft-122\/130\/\"]}]},{\"@type\":\"BreadcrumbList\",\"@id\":\"https:\/\/www.toys4vip.com\/fr\/luxury-toy\/strand-craft-122\/130\/#breadcrumb\",\"itemListElement\":[{\"@type\":\"ListItem\",\"position\":1,\"name\":\"Home\",\"item\":\"https:\/\/www.toys4vip.com\/fr\/\"},{\"@type\":\"ListItem\",\"position\":2,\"name\":\"Objets \/ Cat\\u00e9gories\",\"item\":\"https:\/\/www.toys4vip.com\/fr\/luxury-toys\/\"},{\"@type\":\"ListItem\",\"position\":3,\"name\":\"Strand Craft 122\"}]}]}<\/script>\n<!-- \/ Yoast SEO plugin. -->","yoast_head_json":{"title":"Strand Craft 122 - Toys4Vip","description":"Quand deux Su\u00e9dois s\u2019y mettent, \u00e7a d\u00e9coiffe ! Le fabriquant des opens rapides sur mesure Strand Craft signe une collaboration avec Gray Design pour lancer un monstre de luxe qui va s\u00e9duire les plus r\u00e9sistants. Le Strand Craft 122, c\u2019est d\u2019abord un look \u00ab so sexy \u00bb, mais aussi une incroyable propulsion de 14000 CV et une fantastique annexe-voiture aux faux airs d\u2019une Veyron.Malgr\u00e9 un prix cons\u00e9quent de 20 millions d\u2019euros qui peut d\u00e9courager certains, six Strand Craft 122 devraient \u00eatre lanc\u00e9s \u00e0 l\u2019automne.","robots":{"index":"index","follow":"follow","max-snippet":"max-snippet:-1","max-image-preview":"max-image-preview:large","max-video-preview":"max-video-preview:-1"},"canonical":"https:\/\/www.toys4vip.com\/fr\/luxury-toy\/strand-craft-122\/130\/","og_locale":"fr_FR","og_type":"article","og_title":"Strand Craft 122 - Toys4Vip","og_description":"Quand deux Su\u00e9dois s\u2019y mettent, \u00e7a d\u00e9coiffe ! Le fabriquant des opens rapides sur mesure Strand Craft signe une collaboration avec Gray Design pour lancer un monstre de luxe qui va s\u00e9duire les plus r\u00e9sistants. Le Strand Craft 122, c\u2019est d\u2019abord un look \u00ab so sexy \u00bb, mais aussi une incroyable propulsion de 14000 CV et une fantastique annexe-voiture aux faux airs d\u2019une Veyron.Malgr\u00e9 un prix cons\u00e9quent de 20 millions d\u2019euros qui peut d\u00e9courager certains, six Strand Craft 122 devraient \u00eatre lanc\u00e9s \u00e0 l\u2019automne.","og_url":"https:\/\/www.toys4vip.com\/fr\/luxury-toy\/strand-craft-122\/130\/","og_site_name":"Toys4Vip","article_modified_time":"2021-11-16T18:22:52+00:00","og_image":[{"width":1215,"height":577,"url":"https:\/\/www.toys4vip.com\/app\/uploads\/2021\/11\/main-107.jpg","type":"image\/jpeg"}],"twitter_card":"summary_large_image","twitter_misc":{"Dur\u00e9e de lecture est.":"1 minute"},"schema":{"@context":"https:\/\/schema.org","@graph":[{"@type":"WebSite","@id":"https:\/\/www.toys4vip.com\/fr\/#website","url":"https:\/\/www.toys4vip.com\/fr\/","name":"Toys4Vip","description":"Jouets de luxe nouveau concept store","potentialAction":[{"@type":"SearchAction","target":{"@type":"EntryPoint","urlTemplate":"https:\/\/www.toys4vip.com\/fr\/?s={search_term_string}"},"query-input":"required name=search_term_string"}],"inLanguage":"fr-FR"},{"@type":"ImageObject","@id":"https:\/\/www.toys4vip.com\/fr\/luxury-toy\/strand-craft-122\/130\/#primaryimage","inLanguage":"fr-FR","url":"https:\/\/www.toys4vip.com\/app\/uploads\/2021\/11\/main-107.jpg","contentUrl":"https:\/\/www.toys4vip.com\/app\/uploads\/2021\/11\/main-107.jpg","width":1215,"height":577},{"@type":"WebPage","@id":"https:\/\/www.toys4vip.com\/fr\/luxury-toy\/strand-craft-122\/130\/#webpage","url":"https:\/\/www.toys4vip.com\/fr\/luxury-toy\/strand-craft-122\/130\/","name":"Strand Craft 122 - Toys4Vip","isPartOf":{"@id":"https:\/\/www.toys4vip.com\/fr\/#website"},"primaryImageOfPage":{"@id":"https:\/\/www.toys4vip.com\/fr\/luxury-toy\/strand-craft-122\/130\/#primaryimage"},"datePublished":"2021-11-02T10:29:13+00:00","dateModified":"2021-11-16T18:22:52+00:00","description":"Quand deux Su\u00e9dois s\u2019y mettent, \u00e7a d\u00e9coiffe ! Le fabriquant des opens rapides sur mesure Strand Craft signe une collaboration avec Gray Design pour lancer un monstre de luxe qui va s\u00e9duire les plus r\u00e9sistants. Le Strand Craft 122, c\u2019est d\u2019abord un look \u00ab so sexy \u00bb, mais aussi une incroyable propulsion de 14000 CV et une fantastique annexe-voiture aux faux airs d\u2019une Veyron.Malgr\u00e9 un prix cons\u00e9quent de 20 millions d\u2019euros qui peut d\u00e9courager certains, six Strand Craft 122 devraient \u00eatre lanc\u00e9s \u00e0 l\u2019automne.","breadcrumb":{"@id":"https:\/\/www.toys4vip.com\/fr\/luxury-toy\/strand-craft-122\/130\/#breadcrumb"},"inLanguage":"fr-FR","potentialAction":[{"@type":"ReadAction","target":["https:\/\/www.toys4vip.com\/fr\/luxury-toy\/strand-craft-122\/130\/"]}]},{"@type":"BreadcrumbList","@id":"https:\/\/www.toys4vip.com\/fr\/luxury-toy\/strand-craft-122\/130\/#breadcrumb","itemListElement":[{"@type":"ListItem","position":1,"name":"Home","item":"https:\/\/www.toys4vip.com\/fr\/"},{"@type":"ListItem","position":2,"name":"Objets \/ Cat\u00e9gories","item":"https:\/\/www.toys4vip.com\/fr\/luxury-toys\/"},{"@type":"ListItem","position":3,"name":"Strand Craft 122"}]}]}},"_links":{"self":[{"href":"https:\/\/www.toys4vip.com\/fr\/wp-json\/wp\/v2\/product\/756"}],"collection":[{"href":"https:\/\/www.toys4vip.com\/fr\/wp-json\/wp\/v2\/product"}],"about":[{"href":"https:\/\/www.toys4vip.com\/fr\/wp-json\/wp\/v2\/types\/product"}],"replies":[{"embeddable":true,"href":"https:\/\/www.toys4vip.com\/fr\/wp-json\/wp\/v2\/comments?post=756"}],"wp:featuredmedia":[{"embeddable":true,"href":"https:\/\/www.toys4vip.com\/fr\/wp-json\/wp\/v2\/media\/754"}],"wp:attachment":[{"href":"https:\/\/www.toys4vip.com\/fr\/wp-json\/wp\/v2\/media?parent=756"}],"wp:term":[{"taxonomy":"product_cat","embeddable":true,"href":"https:\/\/www.toys4vip.com\/fr\/wp-json\/wp\/v2\/product_cat?post=756"},{"taxonomy":"product_tag","embeddable":true,"href":"https:\/\/www.toys4vip.com\/fr\/wp-json\/wp\/v2\/product_tag?post=756"}],"curies":[{"name":"wp","href":"https:\/\/api.w.org\/{rel}","templated":true}]}}