{"id":753,"date":"2021-11-02T10:29:13","date_gmt":"2021-11-02T10:29:13","guid":{"rendered":"https:\/\/toys4vip.com\/produit\/pour-les-amateurs-de-design-et-de-regne-animal\/"},"modified":"2021-11-09T21:05:01","modified_gmt":"2021-11-09T21:05:01","slug":"pour-les-amateurs-de-design-et-de-regne-animal","status":"publish","type":"product","link":"https:\/\/www.toys4vip.com\/fr\/luxury-toy\/pour-les-amateurs-de-design-et-de-regne-animal\/128\/","title":{"rendered":"Pour les amateurs de design et de r\u00e8gne animal"},"content":{"rendered":"<p>Qu\u2019il s\u2019agisse du fauteuil Pieuvre, Rhinoc\u00e9ros, \u00c9l\u00e9phant, Morse, Scarab\u00e9e ou Baleine, chaque pi\u00e8ce du projet repr\u00e9sente un animal en mouvement en reprenant de fa\u00e7on tr\u00e8s pr\u00e9cise ses formes et caract\u00e9ristiques physiques. La r\u00e9alisation de cette collection a n\u00e9cessit\u00e9 l\u2019intervention de 40 professionnels et de 4 diff\u00e9rentes entreprises.<br \/>\nPour la construction \u00e0 proprement parl\u00e9, le designer a utilis\u00e9 une fraiseuse CNC (fraiseuse contr\u00f4l\u00e9e par ordinateur) qui a servi au d\u00e9coupage des formes dans des blocs de mousse, ces derniers ont ensuite \u00e9t\u00e9 plac\u00e9s sur une structure m\u00e9tallique, puis, envelopp\u00e9s de cuir v\u00e9ritable, permettant ainsi la r\u00e9alisation de finitions m\u00e9ticuleuses.<\/p>\n<p>Maximo Riera a plus de trente ann\u00e9es d\u2019exp\u00e9rience dans la peinture, photographie et la sculpture et tire son inspiration principalement de l\u2019expressionnisme abstrait et du pop art.<\/p>\n<p>Prix de 40.000\u20ac (pour le si\u00e8ge Pieuvre \u00e0 75.000 \u20ac pour le si\u00e8ge baleine..<br \/>\nInfos compl\u00e9mentaires sur demande<\/p>\n","protected":false},"excerpt":{"rendered":"<p>Qu\u2019il s\u2019agisse du fauteuil Pieuvre, Rhinoc\u00e9ros, \u00c9l\u00e9phant, Morse, Scarab\u00e9e ou Baleine, chaque pi\u00e8ce du projet repr\u00e9sente un animal en mouvement en reprenant de fa\u00e7on tr\u00e8s pr\u00e9cise ses formes et caract\u00e9ristiques physiques. La r\u00e9alisation de cette collection a n\u00e9cessit\u00e9 l\u2019intervention de 40 professionnels et de 4 diff\u00e9rentes entreprises. Pour la construction \u00e0 proprement parl\u00e9, le designer [&hellip;]<\/p>\n","protected":false},"featured_media":751,"comment_status":"open","ping_status":"closed","template":"","meta":[],"product_cat":[42],"product_tag":[],"yoast_head":"<!-- This site is optimized with the Yoast SEO plugin v17.4 - https:\/\/yoast.com\/wordpress\/plugins\/seo\/ -->\n<title>Pour les amateurs de design et de r\u00e8gne animal - Toys4Vip<\/title>\n<meta name=\"description\" content=\"Qu\u2019il s\u2019agisse du fauteuil Pieuvre, Rhinoc\u00e9ros, \u00c9l\u00e9phant, Morse, Scarab\u00e9e ou Baleine, chaque pi\u00e8ce du projet repr\u00e9sente un animal en mouvement en reprenant de fa\u00e7on tr\u00e8s pr\u00e9cise ses formes et caract\u00e9ristiques physiques. La r\u00e9alisation de cette collection a n\u00e9cessit\u00e9 l\u2019intervention de 40 professionnels et de 4 diff\u00e9rentes entreprises.\" \/>\n<meta name=\"robots\" content=\"index, follow, max-snippet:-1, max-image-preview:large, max-video-preview:-1\" \/>\n<link rel=\"canonical\" href=\"https:\/\/www.toys4vip.com\/fr\/luxury-toy\/pour-les-amateurs-de-design-et-de-regne-animal\/128\/\" \/>\n<meta property=\"og:locale\" content=\"fr_FR\" \/>\n<meta property=\"og:type\" content=\"article\" \/>\n<meta property=\"og:title\" content=\"Pour les amateurs de design et de r\u00e8gne animal - Toys4Vip\" \/>\n<meta property=\"og:description\" content=\"Qu\u2019il s\u2019agisse du fauteuil Pieuvre, Rhinoc\u00e9ros, \u00c9l\u00e9phant, Morse, Scarab\u00e9e ou Baleine, chaque pi\u00e8ce du projet repr\u00e9sente un animal en mouvement en reprenant de fa\u00e7on tr\u00e8s pr\u00e9cise ses formes et caract\u00e9ristiques physiques. La r\u00e9alisation de cette collection a n\u00e9cessit\u00e9 l\u2019intervention de 40 professionnels et de 4 diff\u00e9rentes entreprises.\" \/>\n<meta property=\"og:url\" content=\"https:\/\/www.toys4vip.com\/fr\/luxury-toy\/pour-les-amateurs-de-design-et-de-regne-animal\/128\/\" \/>\n<meta property=\"og:site_name\" content=\"Toys4Vip\" \/>\n<meta property=\"article:modified_time\" content=\"2021-11-09T21:05:01+00:00\" \/>\n<meta property=\"og:image\" content=\"https:\/\/www.toys4vip.com\/app\/uploads\/2021\/11\/main-106.jpg\" \/>\n\t<meta property=\"og:image:width\" content=\"680\" \/>\n\t<meta property=\"og:image:height\" content=\"510\" \/>\n<meta name=\"twitter:card\" content=\"summary_large_image\" \/>\n<meta name=\"twitter:label1\" content=\"Dur\u00e9e de lecture est.\" \/>\n\t<meta name=\"twitter:data1\" content=\"1 minute\" \/>\n<script type=\"application\/ld+json\" class=\"yoast-schema-graph\">{\"@context\":\"https:\/\/schema.org\",\"@graph\":[{\"@type\":\"WebSite\",\"@id\":\"https:\/\/www.toys4vip.com\/fr\/#website\",\"url\":\"https:\/\/www.toys4vip.com\/fr\/\",\"name\":\"Toys4Vip\",\"description\":\"Jouets de luxe nouveau concept store\",\"potentialAction\":[{\"@type\":\"SearchAction\",\"target\":{\"@type\":\"EntryPoint\",\"urlTemplate\":\"https:\/\/www.toys4vip.com\/fr\/?s={search_term_string}\"},\"query-input\":\"required name=search_term_string\"}],\"inLanguage\":\"fr-FR\"},{\"@type\":\"ImageObject\",\"@id\":\"https:\/\/www.toys4vip.com\/fr\/luxury-toy\/pour-les-amateurs-de-design-et-de-regne-animal\/128\/#primaryimage\",\"inLanguage\":\"fr-FR\",\"url\":\"https:\/\/www.toys4vip.com\/app\/uploads\/2021\/11\/main-106.jpg\",\"contentUrl\":\"https:\/\/www.toys4vip.com\/app\/uploads\/2021\/11\/main-106.jpg\",\"width\":680,\"height\":510},{\"@type\":\"WebPage\",\"@id\":\"https:\/\/www.toys4vip.com\/fr\/luxury-toy\/pour-les-amateurs-de-design-et-de-regne-animal\/128\/#webpage\",\"url\":\"https:\/\/www.toys4vip.com\/fr\/luxury-toy\/pour-les-amateurs-de-design-et-de-regne-animal\/128\/\",\"name\":\"Pour les amateurs de design et de r\\u00e8gne animal - Toys4Vip\",\"isPartOf\":{\"@id\":\"https:\/\/www.toys4vip.com\/fr\/#website\"},\"primaryImageOfPage\":{\"@id\":\"https:\/\/www.toys4vip.com\/fr\/luxury-toy\/pour-les-amateurs-de-design-et-de-regne-animal\/128\/#primaryimage\"},\"datePublished\":\"2021-11-02T10:29:13+00:00\",\"dateModified\":\"2021-11-09T21:05:01+00:00\",\"description\":\"Qu\\u2019il s\\u2019agisse du fauteuil Pieuvre, Rhinoc\\u00e9ros, \\u00c9l\\u00e9phant, Morse, Scarab\\u00e9e ou Baleine, chaque pi\\u00e8ce du projet repr\\u00e9sente un animal en mouvement en reprenant de fa\\u00e7on tr\\u00e8s pr\\u00e9cise ses formes et caract\\u00e9ristiques physiques. La r\\u00e9alisation de cette collection a n\\u00e9cessit\\u00e9 l\\u2019intervention de 40 professionnels et de 4 diff\\u00e9rentes entreprises.\",\"breadcrumb\":{\"@id\":\"https:\/\/www.toys4vip.com\/fr\/luxury-toy\/pour-les-amateurs-de-design-et-de-regne-animal\/128\/#breadcrumb\"},\"inLanguage\":\"fr-FR\",\"potentialAction\":[{\"@type\":\"ReadAction\",\"target\":[\"https:\/\/www.toys4vip.com\/fr\/luxury-toy\/pour-les-amateurs-de-design-et-de-regne-animal\/128\/\"]}]},{\"@type\":\"BreadcrumbList\",\"@id\":\"https:\/\/www.toys4vip.com\/fr\/luxury-toy\/pour-les-amateurs-de-design-et-de-regne-animal\/128\/#breadcrumb\",\"itemListElement\":[{\"@type\":\"ListItem\",\"position\":1,\"name\":\"Home\",\"item\":\"https:\/\/www.toys4vip.com\/fr\/\"},{\"@type\":\"ListItem\",\"position\":2,\"name\":\"Objets \/ Cat\\u00e9gories\",\"item\":\"https:\/\/www.toys4vip.com\/fr\/luxury-toys\/\"},{\"@type\":\"ListItem\",\"position\":3,\"name\":\"Pour les amateurs de design et de r\\u00e8gne animal\"}]}]}<\/script>\n<!-- \/ Yoast SEO plugin. -->","yoast_head_json":{"title":"Pour les amateurs de design et de r\u00e8gne animal - Toys4Vip","description":"Qu\u2019il s\u2019agisse du fauteuil Pieuvre, Rhinoc\u00e9ros, \u00c9l\u00e9phant, Morse, Scarab\u00e9e ou Baleine, chaque pi\u00e8ce du projet repr\u00e9sente un animal en mouvement en reprenant de fa\u00e7on tr\u00e8s pr\u00e9cise ses formes et caract\u00e9ristiques physiques. La r\u00e9alisation de cette collection a n\u00e9cessit\u00e9 l\u2019intervention de 40 professionnels et de 4 diff\u00e9rentes entreprises.","robots":{"index":"index","follow":"follow","max-snippet":"max-snippet:-1","max-image-preview":"max-image-preview:large","max-video-preview":"max-video-preview:-1"},"canonical":"https:\/\/www.toys4vip.com\/fr\/luxury-toy\/pour-les-amateurs-de-design-et-de-regne-animal\/128\/","og_locale":"fr_FR","og_type":"article","og_title":"Pour les amateurs de design et de r\u00e8gne animal - Toys4Vip","og_description":"Qu\u2019il s\u2019agisse du fauteuil Pieuvre, Rhinoc\u00e9ros, \u00c9l\u00e9phant, Morse, Scarab\u00e9e ou Baleine, chaque pi\u00e8ce du projet repr\u00e9sente un animal en mouvement en reprenant de fa\u00e7on tr\u00e8s pr\u00e9cise ses formes et caract\u00e9ristiques physiques. La r\u00e9alisation de cette collection a n\u00e9cessit\u00e9 l\u2019intervention de 40 professionnels et de 4 diff\u00e9rentes entreprises.","og_url":"https:\/\/www.toys4vip.com\/fr\/luxury-toy\/pour-les-amateurs-de-design-et-de-regne-animal\/128\/","og_site_name":"Toys4Vip","article_modified_time":"2021-11-09T21:05:01+00:00","og_image":[{"width":680,"height":510,"url":"https:\/\/www.toys4vip.com\/app\/uploads\/2021\/11\/main-106.jpg","type":"image\/jpeg"}],"twitter_card":"summary_large_image","twitter_misc":{"Dur\u00e9e de lecture est.":"1 minute"},"schema":{"@context":"https:\/\/schema.org","@graph":[{"@type":"WebSite","@id":"https:\/\/www.toys4vip.com\/fr\/#website","url":"https:\/\/www.toys4vip.com\/fr\/","name":"Toys4Vip","description":"Jouets de luxe nouveau concept store","potentialAction":[{"@type":"SearchAction","target":{"@type":"EntryPoint","urlTemplate":"https:\/\/www.toys4vip.com\/fr\/?s={search_term_string}"},"query-input":"required name=search_term_string"}],"inLanguage":"fr-FR"},{"@type":"ImageObject","@id":"https:\/\/www.toys4vip.com\/fr\/luxury-toy\/pour-les-amateurs-de-design-et-de-regne-animal\/128\/#primaryimage","inLanguage":"fr-FR","url":"https:\/\/www.toys4vip.com\/app\/uploads\/2021\/11\/main-106.jpg","contentUrl":"https:\/\/www.toys4vip.com\/app\/uploads\/2021\/11\/main-106.jpg","width":680,"height":510},{"@type":"WebPage","@id":"https:\/\/www.toys4vip.com\/fr\/luxury-toy\/pour-les-amateurs-de-design-et-de-regne-animal\/128\/#webpage","url":"https:\/\/www.toys4vip.com\/fr\/luxury-toy\/pour-les-amateurs-de-design-et-de-regne-animal\/128\/","name":"Pour les amateurs de design et de r\u00e8gne animal - Toys4Vip","isPartOf":{"@id":"https:\/\/www.toys4vip.com\/fr\/#website"},"primaryImageOfPage":{"@id":"https:\/\/www.toys4vip.com\/fr\/luxury-toy\/pour-les-amateurs-de-design-et-de-regne-animal\/128\/#primaryimage"},"datePublished":"2021-11-02T10:29:13+00:00","dateModified":"2021-11-09T21:05:01+00:00","description":"Qu\u2019il s\u2019agisse du fauteuil Pieuvre, Rhinoc\u00e9ros, \u00c9l\u00e9phant, Morse, Scarab\u00e9e ou Baleine, chaque pi\u00e8ce du projet repr\u00e9sente un animal en mouvement en reprenant de fa\u00e7on tr\u00e8s pr\u00e9cise ses formes et caract\u00e9ristiques physiques. La r\u00e9alisation de cette collection a n\u00e9cessit\u00e9 l\u2019intervention de 40 professionnels et de 4 diff\u00e9rentes entreprises.","breadcrumb":{"@id":"https:\/\/www.toys4vip.com\/fr\/luxury-toy\/pour-les-amateurs-de-design-et-de-regne-animal\/128\/#breadcrumb"},"inLanguage":"fr-FR","potentialAction":[{"@type":"ReadAction","target":["https:\/\/www.toys4vip.com\/fr\/luxury-toy\/pour-les-amateurs-de-design-et-de-regne-animal\/128\/"]}]},{"@type":"BreadcrumbList","@id":"https:\/\/www.toys4vip.com\/fr\/luxury-toy\/pour-les-amateurs-de-design-et-de-regne-animal\/128\/#breadcrumb","itemListElement":[{"@type":"ListItem","position":1,"name":"Home","item":"https:\/\/www.toys4vip.com\/fr\/"},{"@type":"ListItem","position":2,"name":"Objets \/ Cat\u00e9gories","item":"https:\/\/www.toys4vip.com\/fr\/luxury-toys\/"},{"@type":"ListItem","position":3,"name":"Pour les amateurs de design et de r\u00e8gne animal"}]}]}},"_links":{"self":[{"href":"https:\/\/www.toys4vip.com\/fr\/wp-json\/wp\/v2\/product\/753"}],"collection":[{"href":"https:\/\/www.toys4vip.com\/fr\/wp-json\/wp\/v2\/product"}],"about":[{"href":"https:\/\/www.toys4vip.com\/fr\/wp-json\/wp\/v2\/types\/product"}],"replies":[{"embeddable":true,"href":"https:\/\/www.toys4vip.com\/fr\/wp-json\/wp\/v2\/comments?post=753"}],"wp:featuredmedia":[{"embeddable":true,"href":"https:\/\/www.toys4vip.com\/fr\/wp-json\/wp\/v2\/media\/751"}],"wp:attachment":[{"href":"https:\/\/www.toys4vip.com\/fr\/wp-json\/wp\/v2\/media?parent=753"}],"wp:term":[{"taxonomy":"product_cat","embeddable":true,"href":"https:\/\/www.toys4vip.com\/fr\/wp-json\/wp\/v2\/product_cat?post=753"},{"taxonomy":"product_tag","embeddable":true,"href":"https:\/\/www.toys4vip.com\/fr\/wp-json\/wp\/v2\/product_tag?post=753"}],"curies":[{"name":"wp","href":"https:\/\/api.w.org\/{rel}","templated":true}]}}