{"id":726,"date":"2021-11-02T10:29:11","date_gmt":"2021-11-02T10:29:11","guid":{"rendered":"https:\/\/toys4vip.com\/produit\/paparazzi\/"},"modified":"2021-11-09T09:38:28","modified_gmt":"2021-11-09T09:38:28","slug":"paparazzi","status":"publish","type":"product","link":"https:\/\/www.toys4vip.com\/fr\/luxury-toy\/paparazzi\/117\/","title":{"rendered":"Paparazzi ?"},"content":{"rendered":"<p>Cette soci\u00e9t\u00e9 canadienne d\u00e9veloppe des drones haut de gamme au design \u00e9pur\u00e9 comme ce X6.<\/p>\n<p>Le X6 est depuis plusieurs ann\u00e9es son best-seller utilis\u00e9 par de nombreux studio de cin\u00e9ma. Sa stabilit\u00e9 exemplaire lui permet d&rsquo;\u00eatre le compagnon parfait pour filmer par exemple avec un reflex haut de gamme pour des vid\u00e9os et photos uniques.<br \/>\nDimensions:<br \/>\nLargeur: 91cm<br \/>\nLongueur: 85cm<br \/>\nDiam\u00e8tre sup\u00e9rieur: 99cm<br \/>\nHauteur: 29cm<br \/>\nModes de vol<br \/>\nAuto d\u00e9collage, Mode Hold altitude, Position GPS Hold<\/p>\n","protected":false},"excerpt":{"rendered":"<p>Cette soci\u00e9t\u00e9 canadienne d\u00e9veloppe des drones haut de gamme au design \u00e9pur\u00e9 comme ce X6. Le X6 est depuis plusieurs ann\u00e9es son best-seller utilis\u00e9 par de nombreux studio de cin\u00e9ma. Sa stabilit\u00e9 exemplaire lui permet d&rsquo;\u00eatre le compagnon parfait pour filmer par exemple avec un reflex haut de gamme pour des vid\u00e9os et photos uniques. [&hellip;]<\/p>\n","protected":false},"featured_media":724,"comment_status":"open","ping_status":"closed","template":"","meta":[],"product_cat":[33],"product_tag":[],"yoast_head":"<!-- This site is optimized with the Yoast SEO plugin v17.4 - https:\/\/yoast.com\/wordpress\/plugins\/seo\/ -->\n<title>Paparazzi ? Drone X6 - Toys4Vip<\/title>\n<meta name=\"description\" content=\"Cette soci\u00e9t\u00e9 canadienne d\u00e9veloppe des drones haut de gamme au design \u00e9pur\u00e9 comme ce X6.Le X6 est depuis plusieurs ann\u00e9es son best-seller utilis\u00e9 par de nombreux studio de cin\u00e9ma. Sa stabilit\u00e9 exemplaire lui permet d&#039;\u00eatre le compagnon parfait pour filmer par exemple avec un reflex haut de gamme pour des vid\u00e9os et photos uniques.Dimensions:Largeur: 91cmLongueur: 85cmDiam\u00e8tre sup\u00e9rieur: 99cmHauteur: 29cmModes de volAuto d\u00e9collage, Mode Hold altitude, Position GPS Hold\" \/>\n<meta name=\"robots\" content=\"index, follow, max-snippet:-1, max-image-preview:large, max-video-preview:-1\" \/>\n<link rel=\"canonical\" href=\"https:\/\/www.toys4vip.com\/fr\/luxury-toy\/paparazzi\/117\/\" \/>\n<meta property=\"og:locale\" content=\"fr_FR\" \/>\n<meta property=\"og:type\" content=\"article\" \/>\n<meta property=\"og:title\" content=\"Paparazzi ? Drone X6 - Toys4Vip\" \/>\n<meta property=\"og:description\" content=\"Cette soci\u00e9t\u00e9 canadienne d\u00e9veloppe des drones haut de gamme au design \u00e9pur\u00e9 comme ce X6.Le X6 est depuis plusieurs ann\u00e9es son best-seller utilis\u00e9 par de nombreux studio de cin\u00e9ma. Sa stabilit\u00e9 exemplaire lui permet d&#039;\u00eatre le compagnon parfait pour filmer par exemple avec un reflex haut de gamme pour des vid\u00e9os et photos uniques.Dimensions:Largeur: 91cmLongueur: 85cmDiam\u00e8tre sup\u00e9rieur: 99cmHauteur: 29cmModes de volAuto d\u00e9collage, Mode Hold altitude, Position GPS Hold\" \/>\n<meta property=\"og:url\" content=\"https:\/\/www.toys4vip.com\/fr\/luxury-toy\/paparazzi\/117\/\" \/>\n<meta property=\"og:site_name\" content=\"Toys4Vip\" \/>\n<meta property=\"article:modified_time\" content=\"2021-11-09T09:38:28+00:00\" \/>\n<meta property=\"og:image\" content=\"https:\/\/www.toys4vip.com\/app\/uploads\/2021\/11\/main-97.jpg\" \/>\n\t<meta property=\"og:image:width\" content=\"640\" \/>\n\t<meta property=\"og:image:height\" content=\"480\" \/>\n<meta name=\"twitter:card\" content=\"summary_large_image\" \/>\n<script type=\"application\/ld+json\" class=\"yoast-schema-graph\">{\"@context\":\"https:\/\/schema.org\",\"@graph\":[{\"@type\":\"WebSite\",\"@id\":\"https:\/\/www.toys4vip.com\/fr\/#website\",\"url\":\"https:\/\/www.toys4vip.com\/fr\/\",\"name\":\"Toys4Vip\",\"description\":\"Jouets de luxe nouveau concept store\",\"potentialAction\":[{\"@type\":\"SearchAction\",\"target\":{\"@type\":\"EntryPoint\",\"urlTemplate\":\"https:\/\/www.toys4vip.com\/fr\/?s={search_term_string}\"},\"query-input\":\"required name=search_term_string\"}],\"inLanguage\":\"fr-FR\"},{\"@type\":\"ImageObject\",\"@id\":\"https:\/\/www.toys4vip.com\/fr\/luxury-toy\/paparazzi\/117\/#primaryimage\",\"inLanguage\":\"fr-FR\",\"url\":\"https:\/\/www.toys4vip.com\/app\/uploads\/2021\/11\/main-97.jpg\",\"contentUrl\":\"https:\/\/www.toys4vip.com\/app\/uploads\/2021\/11\/main-97.jpg\",\"width\":640,\"height\":480},{\"@type\":\"WebPage\",\"@id\":\"https:\/\/www.toys4vip.com\/fr\/luxury-toy\/paparazzi\/117\/#webpage\",\"url\":\"https:\/\/www.toys4vip.com\/fr\/luxury-toy\/paparazzi\/117\/\",\"name\":\"Paparazzi ? Drone X6 - Toys4Vip\",\"isPartOf\":{\"@id\":\"https:\/\/www.toys4vip.com\/fr\/#website\"},\"primaryImageOfPage\":{\"@id\":\"https:\/\/www.toys4vip.com\/fr\/luxury-toy\/paparazzi\/117\/#primaryimage\"},\"datePublished\":\"2021-11-02T10:29:11+00:00\",\"dateModified\":\"2021-11-09T09:38:28+00:00\",\"description\":\"Cette soci\\u00e9t\\u00e9 canadienne d\\u00e9veloppe des drones haut de gamme au design \\u00e9pur\\u00e9 comme ce X6.Le X6 est depuis plusieurs ann\\u00e9es son best-seller utilis\\u00e9 par de nombreux studio de cin\\u00e9ma. Sa stabilit\\u00e9 exemplaire lui permet d'\\u00eatre le compagnon parfait pour filmer par exemple avec un reflex haut de gamme pour des vid\\u00e9os et photos uniques.Dimensions:Largeur: 91cmLongueur: 85cmDiam\\u00e8tre sup\\u00e9rieur: 99cmHauteur: 29cmModes de volAuto d\\u00e9collage, Mode Hold altitude, Position GPS Hold\",\"breadcrumb\":{\"@id\":\"https:\/\/www.toys4vip.com\/fr\/luxury-toy\/paparazzi\/117\/#breadcrumb\"},\"inLanguage\":\"fr-FR\",\"potentialAction\":[{\"@type\":\"ReadAction\",\"target\":[\"https:\/\/www.toys4vip.com\/fr\/luxury-toy\/paparazzi\/117\/\"]}]},{\"@type\":\"BreadcrumbList\",\"@id\":\"https:\/\/www.toys4vip.com\/fr\/luxury-toy\/paparazzi\/117\/#breadcrumb\",\"itemListElement\":[{\"@type\":\"ListItem\",\"position\":1,\"name\":\"Home\",\"item\":\"https:\/\/www.toys4vip.com\/fr\/\"},{\"@type\":\"ListItem\",\"position\":2,\"name\":\"Objets \/ Cat\\u00e9gories\",\"item\":\"https:\/\/www.toys4vip.com\/fr\/luxury-toys\/\"},{\"@type\":\"ListItem\",\"position\":3,\"name\":\"Paparazzi ?\"}]}]}<\/script>\n<!-- \/ Yoast SEO plugin. -->","yoast_head_json":{"title":"Paparazzi ? Drone X6 - Toys4Vip","description":"Cette soci\u00e9t\u00e9 canadienne d\u00e9veloppe des drones haut de gamme au design \u00e9pur\u00e9 comme ce X6.Le X6 est depuis plusieurs ann\u00e9es son best-seller utilis\u00e9 par de nombreux studio de cin\u00e9ma. Sa stabilit\u00e9 exemplaire lui permet d'\u00eatre le compagnon parfait pour filmer par exemple avec un reflex haut de gamme pour des vid\u00e9os et photos uniques.Dimensions:Largeur: 91cmLongueur: 85cmDiam\u00e8tre sup\u00e9rieur: 99cmHauteur: 29cmModes de volAuto d\u00e9collage, Mode Hold altitude, Position GPS Hold","robots":{"index":"index","follow":"follow","max-snippet":"max-snippet:-1","max-image-preview":"max-image-preview:large","max-video-preview":"max-video-preview:-1"},"canonical":"https:\/\/www.toys4vip.com\/fr\/luxury-toy\/paparazzi\/117\/","og_locale":"fr_FR","og_type":"article","og_title":"Paparazzi ? Drone X6 - Toys4Vip","og_description":"Cette soci\u00e9t\u00e9 canadienne d\u00e9veloppe des drones haut de gamme au design \u00e9pur\u00e9 comme ce X6.Le X6 est depuis plusieurs ann\u00e9es son best-seller utilis\u00e9 par de nombreux studio de cin\u00e9ma. Sa stabilit\u00e9 exemplaire lui permet d'\u00eatre le compagnon parfait pour filmer par exemple avec un reflex haut de gamme pour des vid\u00e9os et photos uniques.Dimensions:Largeur: 91cmLongueur: 85cmDiam\u00e8tre sup\u00e9rieur: 99cmHauteur: 29cmModes de volAuto d\u00e9collage, Mode Hold altitude, Position GPS Hold","og_url":"https:\/\/www.toys4vip.com\/fr\/luxury-toy\/paparazzi\/117\/","og_site_name":"Toys4Vip","article_modified_time":"2021-11-09T09:38:28+00:00","og_image":[{"width":640,"height":480,"url":"https:\/\/www.toys4vip.com\/app\/uploads\/2021\/11\/main-97.jpg","type":"image\/jpeg"}],"twitter_card":"summary_large_image","schema":{"@context":"https:\/\/schema.org","@graph":[{"@type":"WebSite","@id":"https:\/\/www.toys4vip.com\/fr\/#website","url":"https:\/\/www.toys4vip.com\/fr\/","name":"Toys4Vip","description":"Jouets de luxe nouveau concept store","potentialAction":[{"@type":"SearchAction","target":{"@type":"EntryPoint","urlTemplate":"https:\/\/www.toys4vip.com\/fr\/?s={search_term_string}"},"query-input":"required name=search_term_string"}],"inLanguage":"fr-FR"},{"@type":"ImageObject","@id":"https:\/\/www.toys4vip.com\/fr\/luxury-toy\/paparazzi\/117\/#primaryimage","inLanguage":"fr-FR","url":"https:\/\/www.toys4vip.com\/app\/uploads\/2021\/11\/main-97.jpg","contentUrl":"https:\/\/www.toys4vip.com\/app\/uploads\/2021\/11\/main-97.jpg","width":640,"height":480},{"@type":"WebPage","@id":"https:\/\/www.toys4vip.com\/fr\/luxury-toy\/paparazzi\/117\/#webpage","url":"https:\/\/www.toys4vip.com\/fr\/luxury-toy\/paparazzi\/117\/","name":"Paparazzi ? Drone X6 - Toys4Vip","isPartOf":{"@id":"https:\/\/www.toys4vip.com\/fr\/#website"},"primaryImageOfPage":{"@id":"https:\/\/www.toys4vip.com\/fr\/luxury-toy\/paparazzi\/117\/#primaryimage"},"datePublished":"2021-11-02T10:29:11+00:00","dateModified":"2021-11-09T09:38:28+00:00","description":"Cette soci\u00e9t\u00e9 canadienne d\u00e9veloppe des drones haut de gamme au design \u00e9pur\u00e9 comme ce X6.Le X6 est depuis plusieurs ann\u00e9es son best-seller utilis\u00e9 par de nombreux studio de cin\u00e9ma. Sa stabilit\u00e9 exemplaire lui permet d'\u00eatre le compagnon parfait pour filmer par exemple avec un reflex haut de gamme pour des vid\u00e9os et photos uniques.Dimensions:Largeur: 91cmLongueur: 85cmDiam\u00e8tre sup\u00e9rieur: 99cmHauteur: 29cmModes de volAuto d\u00e9collage, Mode Hold altitude, Position GPS Hold","breadcrumb":{"@id":"https:\/\/www.toys4vip.com\/fr\/luxury-toy\/paparazzi\/117\/#breadcrumb"},"inLanguage":"fr-FR","potentialAction":[{"@type":"ReadAction","target":["https:\/\/www.toys4vip.com\/fr\/luxury-toy\/paparazzi\/117\/"]}]},{"@type":"BreadcrumbList","@id":"https:\/\/www.toys4vip.com\/fr\/luxury-toy\/paparazzi\/117\/#breadcrumb","itemListElement":[{"@type":"ListItem","position":1,"name":"Home","item":"https:\/\/www.toys4vip.com\/fr\/"},{"@type":"ListItem","position":2,"name":"Objets \/ Cat\u00e9gories","item":"https:\/\/www.toys4vip.com\/fr\/luxury-toys\/"},{"@type":"ListItem","position":3,"name":"Paparazzi ?"}]}]}},"_links":{"self":[{"href":"https:\/\/www.toys4vip.com\/fr\/wp-json\/wp\/v2\/product\/726"}],"collection":[{"href":"https:\/\/www.toys4vip.com\/fr\/wp-json\/wp\/v2\/product"}],"about":[{"href":"https:\/\/www.toys4vip.com\/fr\/wp-json\/wp\/v2\/types\/product"}],"replies":[{"embeddable":true,"href":"https:\/\/www.toys4vip.com\/fr\/wp-json\/wp\/v2\/comments?post=726"}],"wp:featuredmedia":[{"embeddable":true,"href":"https:\/\/www.toys4vip.com\/fr\/wp-json\/wp\/v2\/media\/724"}],"wp:attachment":[{"href":"https:\/\/www.toys4vip.com\/fr\/wp-json\/wp\/v2\/media?parent=726"}],"wp:term":[{"taxonomy":"product_cat","embeddable":true,"href":"https:\/\/www.toys4vip.com\/fr\/wp-json\/wp\/v2\/product_cat?post=726"},{"taxonomy":"product_tag","embeddable":true,"href":"https:\/\/www.toys4vip.com\/fr\/wp-json\/wp\/v2\/product_tag?post=726"}],"curies":[{"name":"wp","href":"https:\/\/api.w.org\/{rel}","templated":true}]}}