{"id":723,"date":"2021-11-02T10:29:10","date_gmt":"2021-11-02T10:29:10","guid":{"rendered":"https:\/\/toys4vip.com\/produit\/pumpabike\/"},"modified":"2021-11-18T18:44:30","modified_gmt":"2021-11-18T17:44:30","slug":"pumpabike","status":"publish","type":"product","link":"https:\/\/www.toys4vip.com\/fr\/luxury-toy\/pumpabike\/116\/","title":{"rendered":"PumpaBike"},"content":{"rendered":"<p>Nouveau sport de glisse ou plut\u00f4t nouvelle machine pour voler sur l\u2019eau. Le pumpabike ne fonctionne que sur l\u2019impulsion corporelle, pas de moteur donc pas de bruit, donc bon pour tous.<\/p>\n<p>La vitesse horizontale g\u00e9n\u00e9r\u00e9e lors du d\u00e9part depuis un ponton ou une plage, permet gr\u00e2ce au profil du foil \u00e0 l\u2019arri\u00e8re (que l\u2019on peut comparer \u00e0 une aile d\u2019avion), de cr\u00e9er une force de portance, supportant le poids de l\u2019utilisateur. De la m\u00eame mani\u00e8re, le petit foil \u00e0 l\u2019avant permet au patin de ne pas s\u2019enfoncer dans l\u2019eau, de reprendre une petite partie du poids de l\u2019utilisateur et d\u2019amortir les mouvements.<\/p>\n<p>Lorsque l\u2019utilisateur pousse sur ses bras et fl\u00e9chit les jambes, il modifie l\u2019angle d\u2019incidence et enfonce le foil arri\u00e8re qui, par r\u00e9action, tend \u00e0 remonter, g\u00e9n\u00e9rant un effort de portance et de propulsion. L\u2019utilisateur entretient le mouvement, \u00e0 la mani\u00e8re de la queue d\u2019un dauphin. Lorsque la vitesse horizontale n\u2019est plus assez grande ou que le mouvement est trop brusque, comme pour une aile d\u2019avion, le foil d\u00e9croche.<\/p>\n<p>Maintenir un rythme r\u00e9gulier de flexion extension bras puis jambes est donc tr\u00e8s important afin de perturber le moins possible l\u2019\u00e9coulement autour du foil. Un rythme hach\u00e9 aura pour effet de cr\u00e9er des turbulences et de faire d\u00e9crocher le foil plus rapidement. Le but est donc de trouver le bon rythme.<\/p>\n","protected":false},"excerpt":{"rendered":"<p>Nouveau sport de glisse ou plut\u00f4t nouvelle machine pour voler sur l\u2019eau. Le pumpabike ne fonctionne que sur l\u2019impulsion corporelle, pas de moteur donc pas de bruit, donc bon pour tous. La vitesse horizontale g\u00e9n\u00e9r\u00e9e lors du d\u00e9part depuis un ponton ou une plage, permet gr\u00e2ce au profil du foil \u00e0 l\u2019arri\u00e8re (que l\u2019on peut [&hellip;]<\/p>\n","protected":false},"featured_media":721,"comment_status":"open","ping_status":"closed","template":"","meta":[],"product_cat":[33],"product_tag":[],"yoast_head":"<!-- This site is optimized with the Yoast SEO plugin v17.4 - https:\/\/yoast.com\/wordpress\/plugins\/seo\/ -->\n<title>PumpaBike - Toys4Vip<\/title>\n<meta name=\"description\" content=\"Nouveau sport de glisse ou plut\u00f4t nouvelle machine pour voler sur l\u2019eau. Le pumpabike ne fonctionne que sur l\u2019impulsion corporelle, pas de moteur donc pas de bruit, donc bon pour tous.La vitesse horizontale g\u00e9n\u00e9r\u00e9e lors du d\u00e9part depuis un ponton ou une plage, permet gr\u00e2ce au profil du foil \u00e0 l\u2019arri\u00e8re (que l\u2019on peut comparer \u00e0 une aile d\u2019avion), de cr\u00e9er une force de portance, supportant le poids de l\u2019utilisateur. De la m\u00eame mani\u00e8re, le petit foil \u00e0 l\u2019avant permet au patin de ne pas s\u2019enfoncer dans l\u2019eau, de reprendre une petite partie du poids de l\u2019utilisateur et d\u2019amortir les mouvements.\" \/>\n<meta name=\"robots\" content=\"index, follow, max-snippet:-1, max-image-preview:large, max-video-preview:-1\" \/>\n<link rel=\"canonical\" href=\"https:\/\/www.toys4vip.com\/fr\/luxury-toy\/pumpabike\/116\/\" \/>\n<meta property=\"og:locale\" content=\"fr_FR\" \/>\n<meta property=\"og:type\" content=\"article\" \/>\n<meta property=\"og:title\" content=\"PumpaBike - Toys4Vip\" \/>\n<meta property=\"og:description\" content=\"Nouveau sport de glisse ou plut\u00f4t nouvelle machine pour voler sur l\u2019eau. Le pumpabike ne fonctionne que sur l\u2019impulsion corporelle, pas de moteur donc pas de bruit, donc bon pour tous.La vitesse horizontale g\u00e9n\u00e9r\u00e9e lors du d\u00e9part depuis un ponton ou une plage, permet gr\u00e2ce au profil du foil \u00e0 l\u2019arri\u00e8re (que l\u2019on peut comparer \u00e0 une aile d\u2019avion), de cr\u00e9er une force de portance, supportant le poids de l\u2019utilisateur. De la m\u00eame mani\u00e8re, le petit foil \u00e0 l\u2019avant permet au patin de ne pas s\u2019enfoncer dans l\u2019eau, de reprendre une petite partie du poids de l\u2019utilisateur et d\u2019amortir les mouvements.\" \/>\n<meta property=\"og:url\" content=\"https:\/\/www.toys4vip.com\/fr\/luxury-toy\/pumpabike\/116\/\" \/>\n<meta property=\"og:site_name\" content=\"Toys4Vip\" \/>\n<meta property=\"article:modified_time\" content=\"2021-11-18T17:44:30+00:00\" \/>\n<meta property=\"og:image\" content=\"https:\/\/www.toys4vip.com\/app\/uploads\/2021\/11\/main-96.jpg\" \/>\n\t<meta property=\"og:image:width\" content=\"550\" \/>\n\t<meta property=\"og:image:height\" content=\"365\" \/>\n<meta name=\"twitter:card\" content=\"summary_large_image\" \/>\n<meta name=\"twitter:label1\" content=\"Dur\u00e9e de lecture est.\" \/>\n\t<meta name=\"twitter:data1\" content=\"1 minute\" \/>\n<script type=\"application\/ld+json\" class=\"yoast-schema-graph\">{\"@context\":\"https:\/\/schema.org\",\"@graph\":[{\"@type\":\"WebSite\",\"@id\":\"https:\/\/www.toys4vip.com\/fr\/#website\",\"url\":\"https:\/\/www.toys4vip.com\/fr\/\",\"name\":\"Toys4Vip\",\"description\":\"Jouets de luxe nouveau concept store\",\"potentialAction\":[{\"@type\":\"SearchAction\",\"target\":{\"@type\":\"EntryPoint\",\"urlTemplate\":\"https:\/\/www.toys4vip.com\/fr\/?s={search_term_string}\"},\"query-input\":\"required name=search_term_string\"}],\"inLanguage\":\"fr-FR\"},{\"@type\":\"ImageObject\",\"@id\":\"https:\/\/www.toys4vip.com\/fr\/luxury-toy\/pumpabike\/116\/#primaryimage\",\"inLanguage\":\"fr-FR\",\"url\":\"https:\/\/www.toys4vip.com\/app\/uploads\/2021\/11\/main-96.jpg\",\"contentUrl\":\"https:\/\/www.toys4vip.com\/app\/uploads\/2021\/11\/main-96.jpg\",\"width\":550,\"height\":365},{\"@type\":\"WebPage\",\"@id\":\"https:\/\/www.toys4vip.com\/fr\/luxury-toy\/pumpabike\/116\/#webpage\",\"url\":\"https:\/\/www.toys4vip.com\/fr\/luxury-toy\/pumpabike\/116\/\",\"name\":\"PumpaBike - Toys4Vip\",\"isPartOf\":{\"@id\":\"https:\/\/www.toys4vip.com\/fr\/#website\"},\"primaryImageOfPage\":{\"@id\":\"https:\/\/www.toys4vip.com\/fr\/luxury-toy\/pumpabike\/116\/#primaryimage\"},\"datePublished\":\"2021-11-02T10:29:10+00:00\",\"dateModified\":\"2021-11-18T17:44:30+00:00\",\"description\":\"Nouveau sport de glisse ou plut\\u00f4t nouvelle machine pour voler sur l\\u2019eau. Le pumpabike ne fonctionne que sur l\\u2019impulsion corporelle, pas de moteur donc pas de bruit, donc bon pour tous.La vitesse horizontale g\\u00e9n\\u00e9r\\u00e9e lors du d\\u00e9part depuis un ponton ou une plage, permet gr\\u00e2ce au profil du foil \\u00e0 l\\u2019arri\\u00e8re (que l\\u2019on peut comparer \\u00e0 une aile d\\u2019avion), de cr\\u00e9er une force de portance, supportant le poids de l\\u2019utilisateur. De la m\\u00eame mani\\u00e8re, le petit foil \\u00e0 l\\u2019avant permet au patin de ne pas s\\u2019enfoncer dans l\\u2019eau, de reprendre une petite partie du poids de l\\u2019utilisateur et d\\u2019amortir les mouvements.\",\"breadcrumb\":{\"@id\":\"https:\/\/www.toys4vip.com\/fr\/luxury-toy\/pumpabike\/116\/#breadcrumb\"},\"inLanguage\":\"fr-FR\",\"potentialAction\":[{\"@type\":\"ReadAction\",\"target\":[\"https:\/\/www.toys4vip.com\/fr\/luxury-toy\/pumpabike\/116\/\"]}]},{\"@type\":\"BreadcrumbList\",\"@id\":\"https:\/\/www.toys4vip.com\/fr\/luxury-toy\/pumpabike\/116\/#breadcrumb\",\"itemListElement\":[{\"@type\":\"ListItem\",\"position\":1,\"name\":\"Home\",\"item\":\"https:\/\/www.toys4vip.com\/fr\/\"},{\"@type\":\"ListItem\",\"position\":2,\"name\":\"Objets \/ Cat\\u00e9gories\",\"item\":\"https:\/\/www.toys4vip.com\/fr\/luxury-toys\/\"},{\"@type\":\"ListItem\",\"position\":3,\"name\":\"PumpaBike\"}]}]}<\/script>\n<!-- \/ Yoast SEO plugin. -->","yoast_head_json":{"title":"PumpaBike - Toys4Vip","description":"Nouveau sport de glisse ou plut\u00f4t nouvelle machine pour voler sur l\u2019eau. Le pumpabike ne fonctionne que sur l\u2019impulsion corporelle, pas de moteur donc pas de bruit, donc bon pour tous.La vitesse horizontale g\u00e9n\u00e9r\u00e9e lors du d\u00e9part depuis un ponton ou une plage, permet gr\u00e2ce au profil du foil \u00e0 l\u2019arri\u00e8re (que l\u2019on peut comparer \u00e0 une aile d\u2019avion), de cr\u00e9er une force de portance, supportant le poids de l\u2019utilisateur. De la m\u00eame mani\u00e8re, le petit foil \u00e0 l\u2019avant permet au patin de ne pas s\u2019enfoncer dans l\u2019eau, de reprendre une petite partie du poids de l\u2019utilisateur et d\u2019amortir les mouvements.","robots":{"index":"index","follow":"follow","max-snippet":"max-snippet:-1","max-image-preview":"max-image-preview:large","max-video-preview":"max-video-preview:-1"},"canonical":"https:\/\/www.toys4vip.com\/fr\/luxury-toy\/pumpabike\/116\/","og_locale":"fr_FR","og_type":"article","og_title":"PumpaBike - Toys4Vip","og_description":"Nouveau sport de glisse ou plut\u00f4t nouvelle machine pour voler sur l\u2019eau. Le pumpabike ne fonctionne que sur l\u2019impulsion corporelle, pas de moteur donc pas de bruit, donc bon pour tous.La vitesse horizontale g\u00e9n\u00e9r\u00e9e lors du d\u00e9part depuis un ponton ou une plage, permet gr\u00e2ce au profil du foil \u00e0 l\u2019arri\u00e8re (que l\u2019on peut comparer \u00e0 une aile d\u2019avion), de cr\u00e9er une force de portance, supportant le poids de l\u2019utilisateur. De la m\u00eame mani\u00e8re, le petit foil \u00e0 l\u2019avant permet au patin de ne pas s\u2019enfoncer dans l\u2019eau, de reprendre une petite partie du poids de l\u2019utilisateur et d\u2019amortir les mouvements.","og_url":"https:\/\/www.toys4vip.com\/fr\/luxury-toy\/pumpabike\/116\/","og_site_name":"Toys4Vip","article_modified_time":"2021-11-18T17:44:30+00:00","og_image":[{"width":550,"height":365,"url":"https:\/\/www.toys4vip.com\/app\/uploads\/2021\/11\/main-96.jpg","type":"image\/jpeg"}],"twitter_card":"summary_large_image","twitter_misc":{"Dur\u00e9e de lecture est.":"1 minute"},"schema":{"@context":"https:\/\/schema.org","@graph":[{"@type":"WebSite","@id":"https:\/\/www.toys4vip.com\/fr\/#website","url":"https:\/\/www.toys4vip.com\/fr\/","name":"Toys4Vip","description":"Jouets de luxe nouveau concept store","potentialAction":[{"@type":"SearchAction","target":{"@type":"EntryPoint","urlTemplate":"https:\/\/www.toys4vip.com\/fr\/?s={search_term_string}"},"query-input":"required name=search_term_string"}],"inLanguage":"fr-FR"},{"@type":"ImageObject","@id":"https:\/\/www.toys4vip.com\/fr\/luxury-toy\/pumpabike\/116\/#primaryimage","inLanguage":"fr-FR","url":"https:\/\/www.toys4vip.com\/app\/uploads\/2021\/11\/main-96.jpg","contentUrl":"https:\/\/www.toys4vip.com\/app\/uploads\/2021\/11\/main-96.jpg","width":550,"height":365},{"@type":"WebPage","@id":"https:\/\/www.toys4vip.com\/fr\/luxury-toy\/pumpabike\/116\/#webpage","url":"https:\/\/www.toys4vip.com\/fr\/luxury-toy\/pumpabike\/116\/","name":"PumpaBike - Toys4Vip","isPartOf":{"@id":"https:\/\/www.toys4vip.com\/fr\/#website"},"primaryImageOfPage":{"@id":"https:\/\/www.toys4vip.com\/fr\/luxury-toy\/pumpabike\/116\/#primaryimage"},"datePublished":"2021-11-02T10:29:10+00:00","dateModified":"2021-11-18T17:44:30+00:00","description":"Nouveau sport de glisse ou plut\u00f4t nouvelle machine pour voler sur l\u2019eau. Le pumpabike ne fonctionne que sur l\u2019impulsion corporelle, pas de moteur donc pas de bruit, donc bon pour tous.La vitesse horizontale g\u00e9n\u00e9r\u00e9e lors du d\u00e9part depuis un ponton ou une plage, permet gr\u00e2ce au profil du foil \u00e0 l\u2019arri\u00e8re (que l\u2019on peut comparer \u00e0 une aile d\u2019avion), de cr\u00e9er une force de portance, supportant le poids de l\u2019utilisateur. De la m\u00eame mani\u00e8re, le petit foil \u00e0 l\u2019avant permet au patin de ne pas s\u2019enfoncer dans l\u2019eau, de reprendre une petite partie du poids de l\u2019utilisateur et d\u2019amortir les mouvements.","breadcrumb":{"@id":"https:\/\/www.toys4vip.com\/fr\/luxury-toy\/pumpabike\/116\/#breadcrumb"},"inLanguage":"fr-FR","potentialAction":[{"@type":"ReadAction","target":["https:\/\/www.toys4vip.com\/fr\/luxury-toy\/pumpabike\/116\/"]}]},{"@type":"BreadcrumbList","@id":"https:\/\/www.toys4vip.com\/fr\/luxury-toy\/pumpabike\/116\/#breadcrumb","itemListElement":[{"@type":"ListItem","position":1,"name":"Home","item":"https:\/\/www.toys4vip.com\/fr\/"},{"@type":"ListItem","position":2,"name":"Objets \/ Cat\u00e9gories","item":"https:\/\/www.toys4vip.com\/fr\/luxury-toys\/"},{"@type":"ListItem","position":3,"name":"PumpaBike"}]}]}},"_links":{"self":[{"href":"https:\/\/www.toys4vip.com\/fr\/wp-json\/wp\/v2\/product\/723"}],"collection":[{"href":"https:\/\/www.toys4vip.com\/fr\/wp-json\/wp\/v2\/product"}],"about":[{"href":"https:\/\/www.toys4vip.com\/fr\/wp-json\/wp\/v2\/types\/product"}],"replies":[{"embeddable":true,"href":"https:\/\/www.toys4vip.com\/fr\/wp-json\/wp\/v2\/comments?post=723"}],"wp:featuredmedia":[{"embeddable":true,"href":"https:\/\/www.toys4vip.com\/fr\/wp-json\/wp\/v2\/media\/721"}],"wp:attachment":[{"href":"https:\/\/www.toys4vip.com\/fr\/wp-json\/wp\/v2\/media?parent=723"}],"wp:term":[{"taxonomy":"product_cat","embeddable":true,"href":"https:\/\/www.toys4vip.com\/fr\/wp-json\/wp\/v2\/product_cat?post=723"},{"taxonomy":"product_tag","embeddable":true,"href":"https:\/\/www.toys4vip.com\/fr\/wp-json\/wp\/v2\/product_tag?post=723"}],"curies":[{"name":"wp","href":"https:\/\/api.w.org\/{rel}","templated":true}]}}