{"id":687,"date":"2021-11-02T10:29:07","date_gmt":"2021-11-02T10:29:07","guid":{"rendered":"https:\/\/toys4vip.com\/produit\/jeu-de-backgammon\/"},"modified":"2021-11-18T18:03:16","modified_gmt":"2021-11-18T17:03:16","slug":"jeu-de-backgammon","status":"publish","type":"product","link":"https:\/\/www.toys4vip.com\/fr\/luxury-toy\/jeu-de-backgammon\/104\/","title":{"rendered":"Jeu de Backgammon Geoffrey Parker"},"content":{"rendered":"<p>Depuis sa cr\u00e9ation en 1958, Geoffrey Parker est un fabricant britannique traditionnel qui fabrique les plus beaux jeux au monde et cadeaux sur mesure.<br \/>\nGeoffrey Parker propose le set de jeu backgammon le plus cher au monde.<br \/>\nChaque jeu est uniqiue et peu \u00eatre rev\u00eatu de peaux exotiques: alligator, raie ou autruche. Mais aussi de m\u00e9taux pr\u00e9cieux de diamants et pourquoi pas des armoiries de votre famille.<\/p>\n<p>En outre, les quatre d\u00e9s sont con\u00e7u en or blanc 18 carats et sertis de 27 diamants chacun. Mesures int\u00e9rieure: 605 x 375 x 85 mm.<\/p>\n","protected":false},"excerpt":{"rendered":"<p>Depuis sa cr\u00e9ation en 1958, Geoffrey Parker est un fabricant britannique traditionnel qui fabrique les plus beaux jeux au monde et cadeaux sur mesure. Geoffrey Parker propose le set de jeu backgammon le plus cher au monde. Chaque jeu est uniqiue et peu \u00eatre rev\u00eatu de peaux exotiques: alligator, raie ou autruche. Mais aussi de [&hellip;]<\/p>\n","protected":false},"featured_media":685,"comment_status":"open","ping_status":"closed","template":"","meta":[],"product_cat":[33],"product_tag":[],"yoast_head":"<!-- This site is optimized with the Yoast SEO plugin v17.4 - https:\/\/yoast.com\/wordpress\/plugins\/seo\/ -->\n<title>Jeu de Backgammon Geoffrey Parker - Toys4Vip<\/title>\n<meta name=\"description\" content=\"Depuis sa cr\u00e9ation en 1958, Geoffrey Parker est un fabricant britannique traditionnel qui fabrique les plus jeux au monde et cadeaux sur mesure.Geoffrey Parker propose le set de jeu backgammon le plus cher au monde.Chaque jeu est uniqiue et peu \u00eatre rev\u00eatu de peaux exotiques: alligator, raie ou autruche. Mais aussi de m\u00e9taux pr\u00e9cieux de diamants et pourquoi pas des armoiries de votre famille.En outre, les quatre d\u00e9s sont con\u00e7u en or blanc 18 carats et sertis de 27 diamants chacun. Mesures int\u00e9rieure: 605 x 375 x 85 mm.\" \/>\n<meta name=\"robots\" content=\"index, follow, max-snippet:-1, max-image-preview:large, max-video-preview:-1\" \/>\n<link rel=\"canonical\" href=\"https:\/\/www.toys4vip.com\/fr\/luxury-toy\/jeu-de-backgammon\/104\/\" \/>\n<meta property=\"og:locale\" content=\"fr_FR\" \/>\n<meta property=\"og:type\" content=\"article\" \/>\n<meta property=\"og:title\" content=\"Jeu de Backgammon Geoffrey Parker - Toys4Vip\" \/>\n<meta property=\"og:description\" content=\"Depuis sa cr\u00e9ation en 1958, Geoffrey Parker est un fabricant britannique traditionnel qui fabrique les plus jeux au monde et cadeaux sur mesure.Geoffrey Parker propose le set de jeu backgammon le plus cher au monde.Chaque jeu est uniqiue et peu \u00eatre rev\u00eatu de peaux exotiques: alligator, raie ou autruche. Mais aussi de m\u00e9taux pr\u00e9cieux de diamants et pourquoi pas des armoiries de votre famille.En outre, les quatre d\u00e9s sont con\u00e7u en or blanc 18 carats et sertis de 27 diamants chacun. Mesures int\u00e9rieure: 605 x 375 x 85 mm.\" \/>\n<meta property=\"og:url\" content=\"https:\/\/www.toys4vip.com\/fr\/luxury-toy\/jeu-de-backgammon\/104\/\" \/>\n<meta property=\"og:site_name\" content=\"Toys4Vip\" \/>\n<meta property=\"article:modified_time\" content=\"2021-11-18T17:03:16+00:00\" \/>\n<meta property=\"og:image\" content=\"https:\/\/www.toys4vip.com\/app\/uploads\/2021\/11\/main-84.jpg\" \/>\n\t<meta property=\"og:image:width\" content=\"1280\" \/>\n\t<meta property=\"og:image:height\" content=\"1024\" \/>\n<meta name=\"twitter:card\" content=\"summary_large_image\" \/>\n<meta name=\"twitter:label1\" content=\"Dur\u00e9e de lecture est.\" \/>\n\t<meta name=\"twitter:data1\" content=\"1 minute\" \/>\n<script type=\"application\/ld+json\" class=\"yoast-schema-graph\">{\"@context\":\"https:\/\/schema.org\",\"@graph\":[{\"@type\":\"WebSite\",\"@id\":\"https:\/\/www.toys4vip.com\/fr\/#website\",\"url\":\"https:\/\/www.toys4vip.com\/fr\/\",\"name\":\"Toys4Vip\",\"description\":\"Jouets de luxe nouveau concept store\",\"potentialAction\":[{\"@type\":\"SearchAction\",\"target\":{\"@type\":\"EntryPoint\",\"urlTemplate\":\"https:\/\/www.toys4vip.com\/fr\/?s={search_term_string}\"},\"query-input\":\"required name=search_term_string\"}],\"inLanguage\":\"fr-FR\"},{\"@type\":\"ImageObject\",\"@id\":\"https:\/\/www.toys4vip.com\/fr\/luxury-toy\/jeu-de-backgammon\/104\/#primaryimage\",\"inLanguage\":\"fr-FR\",\"url\":\"https:\/\/www.toys4vip.com\/app\/uploads\/2021\/11\/main-84.jpg\",\"contentUrl\":\"https:\/\/www.toys4vip.com\/app\/uploads\/2021\/11\/main-84.jpg\",\"width\":1280,\"height\":1024},{\"@type\":\"WebPage\",\"@id\":\"https:\/\/www.toys4vip.com\/fr\/luxury-toy\/jeu-de-backgammon\/104\/#webpage\",\"url\":\"https:\/\/www.toys4vip.com\/fr\/luxury-toy\/jeu-de-backgammon\/104\/\",\"name\":\"Jeu de Backgammon Geoffrey Parker - Toys4Vip\",\"isPartOf\":{\"@id\":\"https:\/\/www.toys4vip.com\/fr\/#website\"},\"primaryImageOfPage\":{\"@id\":\"https:\/\/www.toys4vip.com\/fr\/luxury-toy\/jeu-de-backgammon\/104\/#primaryimage\"},\"datePublished\":\"2021-11-02T10:29:07+00:00\",\"dateModified\":\"2021-11-18T17:03:16+00:00\",\"description\":\"Depuis sa cr\\u00e9ation en 1958, Geoffrey Parker est un fabricant britannique traditionnel qui fabrique les plus jeux au monde et cadeaux sur mesure.Geoffrey Parker propose le set de jeu backgammon le plus cher au monde.Chaque jeu est uniqiue et peu \\u00eatre rev\\u00eatu de peaux exotiques: alligator, raie ou autruche. Mais aussi de m\\u00e9taux pr\\u00e9cieux de diamants et pourquoi pas des armoiries de votre famille.En outre, les quatre d\\u00e9s sont con\\u00e7u en or blanc 18 carats et sertis de 27 diamants chacun. Mesures int\\u00e9rieure: 605 x 375 x 85 mm.\",\"breadcrumb\":{\"@id\":\"https:\/\/www.toys4vip.com\/fr\/luxury-toy\/jeu-de-backgammon\/104\/#breadcrumb\"},\"inLanguage\":\"fr-FR\",\"potentialAction\":[{\"@type\":\"ReadAction\",\"target\":[\"https:\/\/www.toys4vip.com\/fr\/luxury-toy\/jeu-de-backgammon\/104\/\"]}]},{\"@type\":\"BreadcrumbList\",\"@id\":\"https:\/\/www.toys4vip.com\/fr\/luxury-toy\/jeu-de-backgammon\/104\/#breadcrumb\",\"itemListElement\":[{\"@type\":\"ListItem\",\"position\":1,\"name\":\"Home\",\"item\":\"https:\/\/www.toys4vip.com\/fr\/\"},{\"@type\":\"ListItem\",\"position\":2,\"name\":\"Objets \/ Cat\\u00e9gories\",\"item\":\"https:\/\/www.toys4vip.com\/fr\/luxury-toys\/\"},{\"@type\":\"ListItem\",\"position\":3,\"name\":\"Jeu de Backgammon Geoffrey Parker\"}]}]}<\/script>\n<!-- \/ Yoast SEO plugin. -->","yoast_head_json":{"title":"Jeu de Backgammon Geoffrey Parker - Toys4Vip","description":"Depuis sa cr\u00e9ation en 1958, Geoffrey Parker est un fabricant britannique traditionnel qui fabrique les plus jeux au monde et cadeaux sur mesure.Geoffrey Parker propose le set de jeu backgammon le plus cher au monde.Chaque jeu est uniqiue et peu \u00eatre rev\u00eatu de peaux exotiques: alligator, raie ou autruche. Mais aussi de m\u00e9taux pr\u00e9cieux de diamants et pourquoi pas des armoiries de votre famille.En outre, les quatre d\u00e9s sont con\u00e7u en or blanc 18 carats et sertis de 27 diamants chacun. Mesures int\u00e9rieure: 605 x 375 x 85 mm.","robots":{"index":"index","follow":"follow","max-snippet":"max-snippet:-1","max-image-preview":"max-image-preview:large","max-video-preview":"max-video-preview:-1"},"canonical":"https:\/\/www.toys4vip.com\/fr\/luxury-toy\/jeu-de-backgammon\/104\/","og_locale":"fr_FR","og_type":"article","og_title":"Jeu de Backgammon Geoffrey Parker - Toys4Vip","og_description":"Depuis sa cr\u00e9ation en 1958, Geoffrey Parker est un fabricant britannique traditionnel qui fabrique les plus jeux au monde et cadeaux sur mesure.Geoffrey Parker propose le set de jeu backgammon le plus cher au monde.Chaque jeu est uniqiue et peu \u00eatre rev\u00eatu de peaux exotiques: alligator, raie ou autruche. Mais aussi de m\u00e9taux pr\u00e9cieux de diamants et pourquoi pas des armoiries de votre famille.En outre, les quatre d\u00e9s sont con\u00e7u en or blanc 18 carats et sertis de 27 diamants chacun. Mesures int\u00e9rieure: 605 x 375 x 85 mm.","og_url":"https:\/\/www.toys4vip.com\/fr\/luxury-toy\/jeu-de-backgammon\/104\/","og_site_name":"Toys4Vip","article_modified_time":"2021-11-18T17:03:16+00:00","og_image":[{"width":1280,"height":1024,"url":"https:\/\/www.toys4vip.com\/app\/uploads\/2021\/11\/main-84.jpg","type":"image\/jpeg"}],"twitter_card":"summary_large_image","twitter_misc":{"Dur\u00e9e de lecture est.":"1 minute"},"schema":{"@context":"https:\/\/schema.org","@graph":[{"@type":"WebSite","@id":"https:\/\/www.toys4vip.com\/fr\/#website","url":"https:\/\/www.toys4vip.com\/fr\/","name":"Toys4Vip","description":"Jouets de luxe nouveau concept store","potentialAction":[{"@type":"SearchAction","target":{"@type":"EntryPoint","urlTemplate":"https:\/\/www.toys4vip.com\/fr\/?s={search_term_string}"},"query-input":"required name=search_term_string"}],"inLanguage":"fr-FR"},{"@type":"ImageObject","@id":"https:\/\/www.toys4vip.com\/fr\/luxury-toy\/jeu-de-backgammon\/104\/#primaryimage","inLanguage":"fr-FR","url":"https:\/\/www.toys4vip.com\/app\/uploads\/2021\/11\/main-84.jpg","contentUrl":"https:\/\/www.toys4vip.com\/app\/uploads\/2021\/11\/main-84.jpg","width":1280,"height":1024},{"@type":"WebPage","@id":"https:\/\/www.toys4vip.com\/fr\/luxury-toy\/jeu-de-backgammon\/104\/#webpage","url":"https:\/\/www.toys4vip.com\/fr\/luxury-toy\/jeu-de-backgammon\/104\/","name":"Jeu de Backgammon Geoffrey Parker - Toys4Vip","isPartOf":{"@id":"https:\/\/www.toys4vip.com\/fr\/#website"},"primaryImageOfPage":{"@id":"https:\/\/www.toys4vip.com\/fr\/luxury-toy\/jeu-de-backgammon\/104\/#primaryimage"},"datePublished":"2021-11-02T10:29:07+00:00","dateModified":"2021-11-18T17:03:16+00:00","description":"Depuis sa cr\u00e9ation en 1958, Geoffrey Parker est un fabricant britannique traditionnel qui fabrique les plus jeux au monde et cadeaux sur mesure.Geoffrey Parker propose le set de jeu backgammon le plus cher au monde.Chaque jeu est uniqiue et peu \u00eatre rev\u00eatu de peaux exotiques: alligator, raie ou autruche. Mais aussi de m\u00e9taux pr\u00e9cieux de diamants et pourquoi pas des armoiries de votre famille.En outre, les quatre d\u00e9s sont con\u00e7u en or blanc 18 carats et sertis de 27 diamants chacun. Mesures int\u00e9rieure: 605 x 375 x 85 mm.","breadcrumb":{"@id":"https:\/\/www.toys4vip.com\/fr\/luxury-toy\/jeu-de-backgammon\/104\/#breadcrumb"},"inLanguage":"fr-FR","potentialAction":[{"@type":"ReadAction","target":["https:\/\/www.toys4vip.com\/fr\/luxury-toy\/jeu-de-backgammon\/104\/"]}]},{"@type":"BreadcrumbList","@id":"https:\/\/www.toys4vip.com\/fr\/luxury-toy\/jeu-de-backgammon\/104\/#breadcrumb","itemListElement":[{"@type":"ListItem","position":1,"name":"Home","item":"https:\/\/www.toys4vip.com\/fr\/"},{"@type":"ListItem","position":2,"name":"Objets \/ Cat\u00e9gories","item":"https:\/\/www.toys4vip.com\/fr\/luxury-toys\/"},{"@type":"ListItem","position":3,"name":"Jeu de Backgammon Geoffrey Parker"}]}]}},"_links":{"self":[{"href":"https:\/\/www.toys4vip.com\/fr\/wp-json\/wp\/v2\/product\/687"}],"collection":[{"href":"https:\/\/www.toys4vip.com\/fr\/wp-json\/wp\/v2\/product"}],"about":[{"href":"https:\/\/www.toys4vip.com\/fr\/wp-json\/wp\/v2\/types\/product"}],"replies":[{"embeddable":true,"href":"https:\/\/www.toys4vip.com\/fr\/wp-json\/wp\/v2\/comments?post=687"}],"wp:featuredmedia":[{"embeddable":true,"href":"https:\/\/www.toys4vip.com\/fr\/wp-json\/wp\/v2\/media\/685"}],"wp:attachment":[{"href":"https:\/\/www.toys4vip.com\/fr\/wp-json\/wp\/v2\/media?parent=687"}],"wp:term":[{"taxonomy":"product_cat","embeddable":true,"href":"https:\/\/www.toys4vip.com\/fr\/wp-json\/wp\/v2\/product_cat?post=687"},{"taxonomy":"product_tag","embeddable":true,"href":"https:\/\/www.toys4vip.com\/fr\/wp-json\/wp\/v2\/product_tag?post=687"}],"curies":[{"name":"wp","href":"https:\/\/api.w.org\/{rel}","templated":true}]}}