{"id":681,"date":"2021-11-02T10:29:06","date_gmt":"2021-11-02T10:29:06","guid":{"rendered":"https:\/\/toys4vip.com\/produit\/necker-nymph\/"},"modified":"2021-11-13T11:21:04","modified_gmt":"2021-11-13T11:21:04","slug":"necker-nymph","status":"publish","type":"product","link":"https:\/\/www.toys4vip.com\/fr\/luxury-toy\/necker-nymph\/102\/","title":{"rendered":"Necker Nymph"},"content":{"rendered":"<p>R\u00e9alisez vos fantasmes dignes de James Bond sur l&rsquo;un des premiers avions sous-marins au monde ! Necker Nymph, un avion sous-marin \u00e0 3 places, peut descendre \u00e0 une profondeur de 30 m\u00e8tres, vous permettant ainsi d&rsquo;explorer les profondeurs sans avoir besoin de palmes. Vous trouverez Necker Nymph install\u00e9 sur le pont sup\u00e9rieur de notre catamaran de luxe, Necker Belle, lorsqu&rsquo;il ne mouille pas sur Necker Island. (Voyage propos\u00e9 par Virgin \/richard Branson)<\/p>\n<p>Quant au prix, le Necker Nymph sera mis en location pour la somme de 18.000 dollars la semaine, mais ceci \u00e0 condition de louer \u00e9galement le catamaran de luxe du milliardaire ou de passer une semaine sur son \u00eele.<\/p>\n","protected":false},"excerpt":{"rendered":"<p>R\u00e9alisez vos fantasmes dignes de James Bond sur l&rsquo;un des premiers avions sous-marins au monde ! Necker Nymph, un avion sous-marin \u00e0 3 places, peut descendre \u00e0 une profondeur de 30 m\u00e8tres, vous permettant ainsi d&rsquo;explorer les profondeurs sans avoir besoin de palmes. Vous trouverez Necker Nymph install\u00e9 sur le pont sup\u00e9rieur de notre catamaran [&hellip;]<\/p>\n","protected":false},"featured_media":679,"comment_status":"open","ping_status":"closed","template":"","meta":[],"product_cat":[31],"product_tag":[],"yoast_head":"<!-- This site is optimized with the Yoast SEO plugin v17.4 - https:\/\/yoast.com\/wordpress\/plugins\/seo\/ -->\n<title>Necker Nymph - Toys4Vip<\/title>\n<meta name=\"description\" content=\"R\u00e9alisez vos fantasmes dignes de James Bond sur l&#039;un des premiers avions sous-marins au monde ! Necker Nymph, un avion sous-marin \u00e0 3 places, peut descendre \u00e0 une profondeur de 30 m\u00e8tres, vous permettant ainsi d&#039;explorer les profondeurs sans avoir besoin de palmes. Vous trouverez Necker Nymph install\u00e9 sur le pont sup\u00e9rieur de notre catamaran de luxe, Necker Belle, lorsqu&#039;il ne mouille pas sur Necker Island. (Voyage propos\u00e9 par Virgin \/richard Branson)\" \/>\n<meta name=\"robots\" content=\"index, follow, max-snippet:-1, max-image-preview:large, max-video-preview:-1\" \/>\n<link rel=\"canonical\" href=\"https:\/\/www.toys4vip.com\/fr\/luxury-toy\/necker-nymph\/102\/\" \/>\n<meta property=\"og:locale\" content=\"fr_FR\" \/>\n<meta property=\"og:type\" content=\"article\" \/>\n<meta property=\"og:title\" content=\"Necker Nymph - Toys4Vip\" \/>\n<meta property=\"og:description\" content=\"R\u00e9alisez vos fantasmes dignes de James Bond sur l&#039;un des premiers avions sous-marins au monde ! Necker Nymph, un avion sous-marin \u00e0 3 places, peut descendre \u00e0 une profondeur de 30 m\u00e8tres, vous permettant ainsi d&#039;explorer les profondeurs sans avoir besoin de palmes. Vous trouverez Necker Nymph install\u00e9 sur le pont sup\u00e9rieur de notre catamaran de luxe, Necker Belle, lorsqu&#039;il ne mouille pas sur Necker Island. (Voyage propos\u00e9 par Virgin \/richard Branson)\" \/>\n<meta property=\"og:url\" content=\"https:\/\/www.toys4vip.com\/fr\/luxury-toy\/necker-nymph\/102\/\" \/>\n<meta property=\"og:site_name\" content=\"Toys4Vip\" \/>\n<meta property=\"article:modified_time\" content=\"2021-11-13T11:21:04+00:00\" \/>\n<meta property=\"og:image\" content=\"https:\/\/www.toys4vip.com\/app\/uploads\/2021\/11\/main-82.jpg\" \/>\n\t<meta property=\"og:image:width\" content=\"600\" \/>\n\t<meta property=\"og:image:height\" content=\"400\" \/>\n<meta name=\"twitter:card\" content=\"summary_large_image\" \/>\n<meta name=\"twitter:label1\" content=\"Dur\u00e9e de lecture est.\" \/>\n\t<meta name=\"twitter:data1\" content=\"1 minute\" \/>\n<script type=\"application\/ld+json\" class=\"yoast-schema-graph\">{\"@context\":\"https:\/\/schema.org\",\"@graph\":[{\"@type\":\"WebSite\",\"@id\":\"https:\/\/www.toys4vip.com\/fr\/#website\",\"url\":\"https:\/\/www.toys4vip.com\/fr\/\",\"name\":\"Toys4Vip\",\"description\":\"Jouets de luxe nouveau concept store\",\"potentialAction\":[{\"@type\":\"SearchAction\",\"target\":{\"@type\":\"EntryPoint\",\"urlTemplate\":\"https:\/\/www.toys4vip.com\/fr\/?s={search_term_string}\"},\"query-input\":\"required name=search_term_string\"}],\"inLanguage\":\"fr-FR\"},{\"@type\":\"ImageObject\",\"@id\":\"https:\/\/www.toys4vip.com\/fr\/luxury-toy\/necker-nymph\/102\/#primaryimage\",\"inLanguage\":\"fr-FR\",\"url\":\"https:\/\/www.toys4vip.com\/app\/uploads\/2021\/11\/main-82.jpg\",\"contentUrl\":\"https:\/\/www.toys4vip.com\/app\/uploads\/2021\/11\/main-82.jpg\",\"width\":600,\"height\":400},{\"@type\":\"WebPage\",\"@id\":\"https:\/\/www.toys4vip.com\/fr\/luxury-toy\/necker-nymph\/102\/#webpage\",\"url\":\"https:\/\/www.toys4vip.com\/fr\/luxury-toy\/necker-nymph\/102\/\",\"name\":\"Necker Nymph - Toys4Vip\",\"isPartOf\":{\"@id\":\"https:\/\/www.toys4vip.com\/fr\/#website\"},\"primaryImageOfPage\":{\"@id\":\"https:\/\/www.toys4vip.com\/fr\/luxury-toy\/necker-nymph\/102\/#primaryimage\"},\"datePublished\":\"2021-11-02T10:29:06+00:00\",\"dateModified\":\"2021-11-13T11:21:04+00:00\",\"description\":\"R\\u00e9alisez vos fantasmes dignes de James Bond sur l'un des premiers avions sous-marins au monde ! Necker Nymph, un avion sous-marin \\u00e0 3 places, peut descendre \\u00e0 une profondeur de 30 m\\u00e8tres, vous permettant ainsi d'explorer les profondeurs sans avoir besoin de palmes. Vous trouverez Necker Nymph install\\u00e9 sur le pont sup\\u00e9rieur de notre catamaran de luxe, Necker Belle, lorsqu'il ne mouille pas sur Necker Island. (Voyage propos\\u00e9 par Virgin \/richard Branson)\",\"breadcrumb\":{\"@id\":\"https:\/\/www.toys4vip.com\/fr\/luxury-toy\/necker-nymph\/102\/#breadcrumb\"},\"inLanguage\":\"fr-FR\",\"potentialAction\":[{\"@type\":\"ReadAction\",\"target\":[\"https:\/\/www.toys4vip.com\/fr\/luxury-toy\/necker-nymph\/102\/\"]}]},{\"@type\":\"BreadcrumbList\",\"@id\":\"https:\/\/www.toys4vip.com\/fr\/luxury-toy\/necker-nymph\/102\/#breadcrumb\",\"itemListElement\":[{\"@type\":\"ListItem\",\"position\":1,\"name\":\"Home\",\"item\":\"https:\/\/www.toys4vip.com\/fr\/\"},{\"@type\":\"ListItem\",\"position\":2,\"name\":\"Objets \/ Cat\\u00e9gories\",\"item\":\"https:\/\/www.toys4vip.com\/fr\/luxury-toys\/\"},{\"@type\":\"ListItem\",\"position\":3,\"name\":\"Necker Nymph\"}]}]}<\/script>\n<!-- \/ Yoast SEO plugin. -->","yoast_head_json":{"title":"Necker Nymph - Toys4Vip","description":"R\u00e9alisez vos fantasmes dignes de James Bond sur l'un des premiers avions sous-marins au monde ! Necker Nymph, un avion sous-marin \u00e0 3 places, peut descendre \u00e0 une profondeur de 30 m\u00e8tres, vous permettant ainsi d'explorer les profondeurs sans avoir besoin de palmes. Vous trouverez Necker Nymph install\u00e9 sur le pont sup\u00e9rieur de notre catamaran de luxe, Necker Belle, lorsqu'il ne mouille pas sur Necker Island. (Voyage propos\u00e9 par Virgin \/richard Branson)","robots":{"index":"index","follow":"follow","max-snippet":"max-snippet:-1","max-image-preview":"max-image-preview:large","max-video-preview":"max-video-preview:-1"},"canonical":"https:\/\/www.toys4vip.com\/fr\/luxury-toy\/necker-nymph\/102\/","og_locale":"fr_FR","og_type":"article","og_title":"Necker Nymph - Toys4Vip","og_description":"R\u00e9alisez vos fantasmes dignes de James Bond sur l'un des premiers avions sous-marins au monde ! Necker Nymph, un avion sous-marin \u00e0 3 places, peut descendre \u00e0 une profondeur de 30 m\u00e8tres, vous permettant ainsi d'explorer les profondeurs sans avoir besoin de palmes. Vous trouverez Necker Nymph install\u00e9 sur le pont sup\u00e9rieur de notre catamaran de luxe, Necker Belle, lorsqu'il ne mouille pas sur Necker Island. (Voyage propos\u00e9 par Virgin \/richard Branson)","og_url":"https:\/\/www.toys4vip.com\/fr\/luxury-toy\/necker-nymph\/102\/","og_site_name":"Toys4Vip","article_modified_time":"2021-11-13T11:21:04+00:00","og_image":[{"width":600,"height":400,"url":"https:\/\/www.toys4vip.com\/app\/uploads\/2021\/11\/main-82.jpg","type":"image\/jpeg"}],"twitter_card":"summary_large_image","twitter_misc":{"Dur\u00e9e de lecture est.":"1 minute"},"schema":{"@context":"https:\/\/schema.org","@graph":[{"@type":"WebSite","@id":"https:\/\/www.toys4vip.com\/fr\/#website","url":"https:\/\/www.toys4vip.com\/fr\/","name":"Toys4Vip","description":"Jouets de luxe nouveau concept store","potentialAction":[{"@type":"SearchAction","target":{"@type":"EntryPoint","urlTemplate":"https:\/\/www.toys4vip.com\/fr\/?s={search_term_string}"},"query-input":"required name=search_term_string"}],"inLanguage":"fr-FR"},{"@type":"ImageObject","@id":"https:\/\/www.toys4vip.com\/fr\/luxury-toy\/necker-nymph\/102\/#primaryimage","inLanguage":"fr-FR","url":"https:\/\/www.toys4vip.com\/app\/uploads\/2021\/11\/main-82.jpg","contentUrl":"https:\/\/www.toys4vip.com\/app\/uploads\/2021\/11\/main-82.jpg","width":600,"height":400},{"@type":"WebPage","@id":"https:\/\/www.toys4vip.com\/fr\/luxury-toy\/necker-nymph\/102\/#webpage","url":"https:\/\/www.toys4vip.com\/fr\/luxury-toy\/necker-nymph\/102\/","name":"Necker Nymph - Toys4Vip","isPartOf":{"@id":"https:\/\/www.toys4vip.com\/fr\/#website"},"primaryImageOfPage":{"@id":"https:\/\/www.toys4vip.com\/fr\/luxury-toy\/necker-nymph\/102\/#primaryimage"},"datePublished":"2021-11-02T10:29:06+00:00","dateModified":"2021-11-13T11:21:04+00:00","description":"R\u00e9alisez vos fantasmes dignes de James Bond sur l'un des premiers avions sous-marins au monde ! Necker Nymph, un avion sous-marin \u00e0 3 places, peut descendre \u00e0 une profondeur de 30 m\u00e8tres, vous permettant ainsi d'explorer les profondeurs sans avoir besoin de palmes. Vous trouverez Necker Nymph install\u00e9 sur le pont sup\u00e9rieur de notre catamaran de luxe, Necker Belle, lorsqu'il ne mouille pas sur Necker Island. (Voyage propos\u00e9 par Virgin \/richard Branson)","breadcrumb":{"@id":"https:\/\/www.toys4vip.com\/fr\/luxury-toy\/necker-nymph\/102\/#breadcrumb"},"inLanguage":"fr-FR","potentialAction":[{"@type":"ReadAction","target":["https:\/\/www.toys4vip.com\/fr\/luxury-toy\/necker-nymph\/102\/"]}]},{"@type":"BreadcrumbList","@id":"https:\/\/www.toys4vip.com\/fr\/luxury-toy\/necker-nymph\/102\/#breadcrumb","itemListElement":[{"@type":"ListItem","position":1,"name":"Home","item":"https:\/\/www.toys4vip.com\/fr\/"},{"@type":"ListItem","position":2,"name":"Objets \/ Cat\u00e9gories","item":"https:\/\/www.toys4vip.com\/fr\/luxury-toys\/"},{"@type":"ListItem","position":3,"name":"Necker Nymph"}]}]}},"_links":{"self":[{"href":"https:\/\/www.toys4vip.com\/fr\/wp-json\/wp\/v2\/product\/681"}],"collection":[{"href":"https:\/\/www.toys4vip.com\/fr\/wp-json\/wp\/v2\/product"}],"about":[{"href":"https:\/\/www.toys4vip.com\/fr\/wp-json\/wp\/v2\/types\/product"}],"replies":[{"embeddable":true,"href":"https:\/\/www.toys4vip.com\/fr\/wp-json\/wp\/v2\/comments?post=681"}],"wp:featuredmedia":[{"embeddable":true,"href":"https:\/\/www.toys4vip.com\/fr\/wp-json\/wp\/v2\/media\/679"}],"wp:attachment":[{"href":"https:\/\/www.toys4vip.com\/fr\/wp-json\/wp\/v2\/media?parent=681"}],"wp:term":[{"taxonomy":"product_cat","embeddable":true,"href":"https:\/\/www.toys4vip.com\/fr\/wp-json\/wp\/v2\/product_cat?post=681"},{"taxonomy":"product_tag","embeddable":true,"href":"https:\/\/www.toys4vip.com\/fr\/wp-json\/wp\/v2\/product_tag?post=681"}],"curies":[{"name":"wp","href":"https:\/\/api.w.org\/{rel}","templated":true}]}}