{"id":672,"date":"2021-11-02T10:29:06","date_gmt":"2021-11-02T10:29:06","guid":{"rendered":"https:\/\/toys4vip.com\/produit\/hasselblad-h4d-60\/"},"modified":"2021-11-18T17:43:52","modified_gmt":"2021-11-18T16:43:52","slug":"hasselblad-h4d-60","status":"publish","type":"product","link":"https:\/\/www.toys4vip.com\/fr\/luxury-toy\/hasselblad-h4d-60\/99\/","title":{"rendered":"Hasselblad H4D-60"},"content":{"rendered":"<p>Avec son capteur 40 x 54 mm de 60 Mpixels, l\u2019exceptionnel Hasselblad H4D-60 cr\u00e9e une nouvelle r\u00e9f\u00e9rence en termes de performances, r\u00e9solution et qualit\u00e9 dans le domaine des DSLR moyen format.<\/p>\n<p>Par sa r\u00e9solution sans pr\u00e9c\u00e9dent et son niveau de d\u00e9tail exceptionnel, la gamme d\u2019appareils H4D-60 est id\u00e9ale pour les photographes commerciaux qui exigent des images d\u2019une r\u00e9solution extr\u00eame ainsi que pour ceux \u00e0 la recherche de souplesse, de cr\u00e9ativit\u00e9.<\/p>\n<p>Au-del\u00e0 de sa haute r\u00e9solution, le capteur 60 Mpixels permet de d\u00e9velopper les performances des objectifs et facilite les corrections optiques. Le H4D-60 permet au photographe de b\u00e9n\u00e9ficier \u00e0 la fois l\u2019ensemble des atouts du moyen format num\u00e9rique professionnel et les aspects pratiques des meilleurs reflex 35 mm.<\/p>\n","protected":false},"excerpt":{"rendered":"<p>Avec son capteur 40 x 54 mm de 60 Mpixels, l\u2019exceptionnel Hasselblad H4D-60 cr\u00e9e une nouvelle r\u00e9f\u00e9rence en termes de performances, r\u00e9solution et qualit\u00e9 dans le domaine des DSLR moyen format. Par sa r\u00e9solution sans pr\u00e9c\u00e9dent et son niveau de d\u00e9tail exceptionnel, la gamme d\u2019appareils H4D-60 est id\u00e9ale pour les photographes commerciaux qui exigent des [&hellip;]<\/p>\n","protected":false},"featured_media":670,"comment_status":"open","ping_status":"closed","template":"","meta":[],"product_cat":[33],"product_tag":[],"yoast_head":"<!-- This site is optimized with the Yoast SEO plugin v17.4 - https:\/\/yoast.com\/wordpress\/plugins\/seo\/ -->\n<title>Hasselblad H4D-60 - Toys4Vip<\/title>\n<meta name=\"description\" content=\"Avec son capteur 40 x 54 mm de 60 Mpixels, l\u2019exceptionnel Hasselblad H4D-60 cr\u00e9e une nouvelle r\u00e9f\u00e9rence en termes de performances, r\u00e9solution et qualit\u00e9 dans le domaine des DSLR moyen format.Par sa r\u00e9solution sans pr\u00e9c\u00e9dent et son niveau de d\u00e9tail exceptionnel, la gamme d\u2019appareils H4D-60 est id\u00e9ale pour les photographes commerciaux qui exigent des images d\u2019une r\u00e9solution extr\u00eame ainsi que pour ceux \u00e0 la recherche de souplesse, de cr\u00e9ativit\u00e9.\" \/>\n<meta name=\"robots\" content=\"index, follow, max-snippet:-1, max-image-preview:large, max-video-preview:-1\" \/>\n<link rel=\"canonical\" href=\"https:\/\/www.toys4vip.com\/fr\/luxury-toy\/hasselblad-h4d-60\/99\/\" \/>\n<meta property=\"og:locale\" content=\"fr_FR\" \/>\n<meta property=\"og:type\" content=\"article\" \/>\n<meta property=\"og:title\" content=\"Hasselblad H4D-60 - Toys4Vip\" \/>\n<meta property=\"og:description\" content=\"Avec son capteur 40 x 54 mm de 60 Mpixels, l\u2019exceptionnel Hasselblad H4D-60 cr\u00e9e une nouvelle r\u00e9f\u00e9rence en termes de performances, r\u00e9solution et qualit\u00e9 dans le domaine des DSLR moyen format.Par sa r\u00e9solution sans pr\u00e9c\u00e9dent et son niveau de d\u00e9tail exceptionnel, la gamme d\u2019appareils H4D-60 est id\u00e9ale pour les photographes commerciaux qui exigent des images d\u2019une r\u00e9solution extr\u00eame ainsi que pour ceux \u00e0 la recherche de souplesse, de cr\u00e9ativit\u00e9.\" \/>\n<meta property=\"og:url\" content=\"https:\/\/www.toys4vip.com\/fr\/luxury-toy\/hasselblad-h4d-60\/99\/\" \/>\n<meta property=\"og:site_name\" content=\"Toys4Vip\" \/>\n<meta property=\"article:modified_time\" content=\"2021-11-18T16:43:52+00:00\" \/>\n<meta property=\"og:image\" content=\"https:\/\/www.toys4vip.com\/app\/uploads\/2021\/11\/main-79.jpg\" \/>\n\t<meta property=\"og:image:width\" content=\"450\" \/>\n\t<meta property=\"og:image:height\" content=\"267\" \/>\n<meta name=\"twitter:card\" content=\"summary_large_image\" \/>\n<meta name=\"twitter:label1\" content=\"Dur\u00e9e de lecture est.\" \/>\n\t<meta name=\"twitter:data1\" content=\"1 minute\" \/>\n<script type=\"application\/ld+json\" class=\"yoast-schema-graph\">{\"@context\":\"https:\/\/schema.org\",\"@graph\":[{\"@type\":\"WebSite\",\"@id\":\"https:\/\/www.toys4vip.com\/fr\/#website\",\"url\":\"https:\/\/www.toys4vip.com\/fr\/\",\"name\":\"Toys4Vip\",\"description\":\"Jouets de luxe nouveau concept store\",\"potentialAction\":[{\"@type\":\"SearchAction\",\"target\":{\"@type\":\"EntryPoint\",\"urlTemplate\":\"https:\/\/www.toys4vip.com\/fr\/?s={search_term_string}\"},\"query-input\":\"required name=search_term_string\"}],\"inLanguage\":\"fr-FR\"},{\"@type\":\"ImageObject\",\"@id\":\"https:\/\/www.toys4vip.com\/fr\/luxury-toy\/hasselblad-h4d-60\/99\/#primaryimage\",\"inLanguage\":\"fr-FR\",\"url\":\"https:\/\/www.toys4vip.com\/app\/uploads\/2021\/11\/main-79.jpg\",\"contentUrl\":\"https:\/\/www.toys4vip.com\/app\/uploads\/2021\/11\/main-79.jpg\",\"width\":450,\"height\":267},{\"@type\":\"WebPage\",\"@id\":\"https:\/\/www.toys4vip.com\/fr\/luxury-toy\/hasselblad-h4d-60\/99\/#webpage\",\"url\":\"https:\/\/www.toys4vip.com\/fr\/luxury-toy\/hasselblad-h4d-60\/99\/\",\"name\":\"Hasselblad H4D-60 - Toys4Vip\",\"isPartOf\":{\"@id\":\"https:\/\/www.toys4vip.com\/fr\/#website\"},\"primaryImageOfPage\":{\"@id\":\"https:\/\/www.toys4vip.com\/fr\/luxury-toy\/hasselblad-h4d-60\/99\/#primaryimage\"},\"datePublished\":\"2021-11-02T10:29:06+00:00\",\"dateModified\":\"2021-11-18T16:43:52+00:00\",\"description\":\"Avec son capteur 40 x 54 mm de 60 Mpixels, l\\u2019exceptionnel Hasselblad H4D-60 cr\\u00e9e une nouvelle r\\u00e9f\\u00e9rence en termes de performances, r\\u00e9solution et qualit\\u00e9 dans le domaine des DSLR moyen format.Par sa r\\u00e9solution sans pr\\u00e9c\\u00e9dent et son niveau de d\\u00e9tail exceptionnel, la gamme d\\u2019appareils H4D-60 est id\\u00e9ale pour les photographes commerciaux qui exigent des images d\\u2019une r\\u00e9solution extr\\u00eame ainsi que pour ceux \\u00e0 la recherche de souplesse, de cr\\u00e9ativit\\u00e9.\",\"breadcrumb\":{\"@id\":\"https:\/\/www.toys4vip.com\/fr\/luxury-toy\/hasselblad-h4d-60\/99\/#breadcrumb\"},\"inLanguage\":\"fr-FR\",\"potentialAction\":[{\"@type\":\"ReadAction\",\"target\":[\"https:\/\/www.toys4vip.com\/fr\/luxury-toy\/hasselblad-h4d-60\/99\/\"]}]},{\"@type\":\"BreadcrumbList\",\"@id\":\"https:\/\/www.toys4vip.com\/fr\/luxury-toy\/hasselblad-h4d-60\/99\/#breadcrumb\",\"itemListElement\":[{\"@type\":\"ListItem\",\"position\":1,\"name\":\"Home\",\"item\":\"https:\/\/www.toys4vip.com\/fr\/\"},{\"@type\":\"ListItem\",\"position\":2,\"name\":\"Objets \/ Cat\\u00e9gories\",\"item\":\"https:\/\/www.toys4vip.com\/fr\/luxury-toys\/\"},{\"@type\":\"ListItem\",\"position\":3,\"name\":\"Hasselblad H4D-60\"}]}]}<\/script>\n<!-- \/ Yoast SEO plugin. -->","yoast_head_json":{"title":"Hasselblad H4D-60 - Toys4Vip","description":"Avec son capteur 40 x 54 mm de 60 Mpixels, l\u2019exceptionnel Hasselblad H4D-60 cr\u00e9e une nouvelle r\u00e9f\u00e9rence en termes de performances, r\u00e9solution et qualit\u00e9 dans le domaine des DSLR moyen format.Par sa r\u00e9solution sans pr\u00e9c\u00e9dent et son niveau de d\u00e9tail exceptionnel, la gamme d\u2019appareils H4D-60 est id\u00e9ale pour les photographes commerciaux qui exigent des images d\u2019une r\u00e9solution extr\u00eame ainsi que pour ceux \u00e0 la recherche de souplesse, de cr\u00e9ativit\u00e9.","robots":{"index":"index","follow":"follow","max-snippet":"max-snippet:-1","max-image-preview":"max-image-preview:large","max-video-preview":"max-video-preview:-1"},"canonical":"https:\/\/www.toys4vip.com\/fr\/luxury-toy\/hasselblad-h4d-60\/99\/","og_locale":"fr_FR","og_type":"article","og_title":"Hasselblad H4D-60 - Toys4Vip","og_description":"Avec son capteur 40 x 54 mm de 60 Mpixels, l\u2019exceptionnel Hasselblad H4D-60 cr\u00e9e une nouvelle r\u00e9f\u00e9rence en termes de performances, r\u00e9solution et qualit\u00e9 dans le domaine des DSLR moyen format.Par sa r\u00e9solution sans pr\u00e9c\u00e9dent et son niveau de d\u00e9tail exceptionnel, la gamme d\u2019appareils H4D-60 est id\u00e9ale pour les photographes commerciaux qui exigent des images d\u2019une r\u00e9solution extr\u00eame ainsi que pour ceux \u00e0 la recherche de souplesse, de cr\u00e9ativit\u00e9.","og_url":"https:\/\/www.toys4vip.com\/fr\/luxury-toy\/hasselblad-h4d-60\/99\/","og_site_name":"Toys4Vip","article_modified_time":"2021-11-18T16:43:52+00:00","og_image":[{"width":450,"height":267,"url":"https:\/\/www.toys4vip.com\/app\/uploads\/2021\/11\/main-79.jpg","type":"image\/jpeg"}],"twitter_card":"summary_large_image","twitter_misc":{"Dur\u00e9e de lecture est.":"1 minute"},"schema":{"@context":"https:\/\/schema.org","@graph":[{"@type":"WebSite","@id":"https:\/\/www.toys4vip.com\/fr\/#website","url":"https:\/\/www.toys4vip.com\/fr\/","name":"Toys4Vip","description":"Jouets de luxe nouveau concept store","potentialAction":[{"@type":"SearchAction","target":{"@type":"EntryPoint","urlTemplate":"https:\/\/www.toys4vip.com\/fr\/?s={search_term_string}"},"query-input":"required name=search_term_string"}],"inLanguage":"fr-FR"},{"@type":"ImageObject","@id":"https:\/\/www.toys4vip.com\/fr\/luxury-toy\/hasselblad-h4d-60\/99\/#primaryimage","inLanguage":"fr-FR","url":"https:\/\/www.toys4vip.com\/app\/uploads\/2021\/11\/main-79.jpg","contentUrl":"https:\/\/www.toys4vip.com\/app\/uploads\/2021\/11\/main-79.jpg","width":450,"height":267},{"@type":"WebPage","@id":"https:\/\/www.toys4vip.com\/fr\/luxury-toy\/hasselblad-h4d-60\/99\/#webpage","url":"https:\/\/www.toys4vip.com\/fr\/luxury-toy\/hasselblad-h4d-60\/99\/","name":"Hasselblad H4D-60 - Toys4Vip","isPartOf":{"@id":"https:\/\/www.toys4vip.com\/fr\/#website"},"primaryImageOfPage":{"@id":"https:\/\/www.toys4vip.com\/fr\/luxury-toy\/hasselblad-h4d-60\/99\/#primaryimage"},"datePublished":"2021-11-02T10:29:06+00:00","dateModified":"2021-11-18T16:43:52+00:00","description":"Avec son capteur 40 x 54 mm de 60 Mpixels, l\u2019exceptionnel Hasselblad H4D-60 cr\u00e9e une nouvelle r\u00e9f\u00e9rence en termes de performances, r\u00e9solution et qualit\u00e9 dans le domaine des DSLR moyen format.Par sa r\u00e9solution sans pr\u00e9c\u00e9dent et son niveau de d\u00e9tail exceptionnel, la gamme d\u2019appareils H4D-60 est id\u00e9ale pour les photographes commerciaux qui exigent des images d\u2019une r\u00e9solution extr\u00eame ainsi que pour ceux \u00e0 la recherche de souplesse, de cr\u00e9ativit\u00e9.","breadcrumb":{"@id":"https:\/\/www.toys4vip.com\/fr\/luxury-toy\/hasselblad-h4d-60\/99\/#breadcrumb"},"inLanguage":"fr-FR","potentialAction":[{"@type":"ReadAction","target":["https:\/\/www.toys4vip.com\/fr\/luxury-toy\/hasselblad-h4d-60\/99\/"]}]},{"@type":"BreadcrumbList","@id":"https:\/\/www.toys4vip.com\/fr\/luxury-toy\/hasselblad-h4d-60\/99\/#breadcrumb","itemListElement":[{"@type":"ListItem","position":1,"name":"Home","item":"https:\/\/www.toys4vip.com\/fr\/"},{"@type":"ListItem","position":2,"name":"Objets \/ Cat\u00e9gories","item":"https:\/\/www.toys4vip.com\/fr\/luxury-toys\/"},{"@type":"ListItem","position":3,"name":"Hasselblad H4D-60"}]}]}},"_links":{"self":[{"href":"https:\/\/www.toys4vip.com\/fr\/wp-json\/wp\/v2\/product\/672"}],"collection":[{"href":"https:\/\/www.toys4vip.com\/fr\/wp-json\/wp\/v2\/product"}],"about":[{"href":"https:\/\/www.toys4vip.com\/fr\/wp-json\/wp\/v2\/types\/product"}],"replies":[{"embeddable":true,"href":"https:\/\/www.toys4vip.com\/fr\/wp-json\/wp\/v2\/comments?post=672"}],"wp:featuredmedia":[{"embeddable":true,"href":"https:\/\/www.toys4vip.com\/fr\/wp-json\/wp\/v2\/media\/670"}],"wp:attachment":[{"href":"https:\/\/www.toys4vip.com\/fr\/wp-json\/wp\/v2\/media?parent=672"}],"wp:term":[{"taxonomy":"product_cat","embeddable":true,"href":"https:\/\/www.toys4vip.com\/fr\/wp-json\/wp\/v2\/product_cat?post=672"},{"taxonomy":"product_tag","embeddable":true,"href":"https:\/\/www.toys4vip.com\/fr\/wp-json\/wp\/v2\/product_tag?post=672"}],"curies":[{"name":"wp","href":"https:\/\/api.w.org\/{rel}","templated":true}]}}