{"id":669,"date":"2021-11-02T10:29:05","date_gmt":"2021-11-02T10:29:05","guid":{"rendered":"https:\/\/toys4vip.com\/produit\/ile-privee-dans-les-bahamas\/"},"modified":"2021-11-13T11:21:34","modified_gmt":"2021-11-13T11:21:34","slug":"ile-privee-dans-les-bahamas","status":"publish","type":"product","link":"https:\/\/www.toys4vip.com\/fr\/luxury-toy\/ile-privee-dans-les-bahamas\/98\/","title":{"rendered":"Ile priv\u00e9e dans les Bahamas"},"content":{"rendered":"<p>\u00c0 PROPOS DE SANDY CAY<\/p>\n<p>\u00c0 seulement 56 miles de la ville baln\u00e9aire chic de Palm Beach, en Floride, l&rsquo;\u00eele des Bahamas Sandy Cay offre une occasion rare pour ceux qui cherchent \u00e0 cr\u00e9er leur retraite \u00eele de r\u00eave. Vierges plages de sable blanc, vue sur la mer \u00e0 couper le souffle et un climat id\u00e9al pour cr\u00e9er une exp\u00e9rience magnifique tropical, id\u00e9alement situ\u00e9 \u00e0 proximit\u00e9 des commodit\u00e9s de l&rsquo;\u00eele de Grand Bahama. Situ\u00e9 \u00e0 seulement 7 miles de la pointe ouest de l&rsquo;\u00eele de Grand Bahama, vous serez \u00e0 proximit\u00e9 d&rsquo;un port de plaisance, d&rsquo;un casino, et de boutiques et restaurants. Sandy Cay est \u00e9galement de 8 miles de la superbe nouvelle \u00ab\u00a04,9 G $ Ginn Sur Mer\u00a0\u00bb, station inspir\u00e9e de Versailles qui disposent d&rsquo;un casino de luxe, golf, piste d&rsquo;atterrissage et de nombreux autres \u00e9quipements. Ce d\u00e9veloppement tr\u00e8s attendu fait de l&rsquo;\u00eele un excellent investissement.<br \/>\nPlus d&rsquo;infos sur demande.<\/p>\n","protected":false},"excerpt":{"rendered":"<p>\u00c0 PROPOS DE SANDY CAY \u00c0 seulement 56 miles de la ville baln\u00e9aire chic de Palm Beach, en Floride, l&rsquo;\u00eele des Bahamas Sandy Cay offre une occasion rare pour ceux qui cherchent \u00e0 cr\u00e9er leur retraite \u00eele de r\u00eave. Vierges plages de sable blanc, vue sur la mer \u00e0 couper le souffle et un climat [&hellip;]<\/p>\n","protected":false},"featured_media":667,"comment_status":"open","ping_status":"closed","template":"","meta":[],"product_cat":[31],"product_tag":[],"yoast_head":"<!-- This site is optimized with the Yoast SEO plugin v17.4 - https:\/\/yoast.com\/wordpress\/plugins\/seo\/ -->\n<title>Ile priv\u00e9e dans les Bahamas - Toys4Vip<\/title>\n<meta name=\"description\" content=\"\u00c0 seulement 56 miles de la ville baln\u00e9aire chic de Palm Beach, en Floride, l&#039;\u00eele des Bahamas Sandy Cay offre une occasion rare pour ceux qui cherchent \u00e0 cr\u00e9er leur retraite \u00eele de r\u00eave. Vierges plages de sable blanc, vue sur la mer \u00e0 couper le souffle et un climat id\u00e9al pour cr\u00e9er une exp\u00e9rience magnifique tropical, id\u00e9alement situ\u00e9 \u00e0 proximit\u00e9 des commodit\u00e9s de l&#039;\u00eele de Grand Bahama.\" \/>\n<meta name=\"robots\" content=\"index, follow, max-snippet:-1, max-image-preview:large, max-video-preview:-1\" \/>\n<link rel=\"canonical\" href=\"https:\/\/www.toys4vip.com\/fr\/luxury-toy\/ile-privee-dans-les-bahamas\/98\/\" \/>\n<meta property=\"og:locale\" content=\"fr_FR\" \/>\n<meta property=\"og:type\" content=\"article\" \/>\n<meta property=\"og:title\" content=\"Ile priv\u00e9e dans les Bahamas - Toys4Vip\" \/>\n<meta property=\"og:description\" content=\"\u00c0 seulement 56 miles de la ville baln\u00e9aire chic de Palm Beach, en Floride, l&#039;\u00eele des Bahamas Sandy Cay offre une occasion rare pour ceux qui cherchent \u00e0 cr\u00e9er leur retraite \u00eele de r\u00eave. Vierges plages de sable blanc, vue sur la mer \u00e0 couper le souffle et un climat id\u00e9al pour cr\u00e9er une exp\u00e9rience magnifique tropical, id\u00e9alement situ\u00e9 \u00e0 proximit\u00e9 des commodit\u00e9s de l&#039;\u00eele de Grand Bahama.\" \/>\n<meta property=\"og:url\" content=\"https:\/\/www.toys4vip.com\/fr\/luxury-toy\/ile-privee-dans-les-bahamas\/98\/\" \/>\n<meta property=\"og:site_name\" content=\"Toys4Vip\" \/>\n<meta property=\"article:modified_time\" content=\"2021-11-13T11:21:34+00:00\" \/>\n<meta property=\"og:image\" content=\"https:\/\/www.toys4vip.com\/app\/uploads\/2021\/11\/main-78.jpg\" \/>\n\t<meta property=\"og:image:width\" content=\"667\" \/>\n\t<meta property=\"og:image:height\" content=\"363\" \/>\n<meta name=\"twitter:card\" content=\"summary_large_image\" \/>\n<meta name=\"twitter:label1\" content=\"Dur\u00e9e de lecture est.\" \/>\n\t<meta name=\"twitter:data1\" content=\"1 minute\" \/>\n<script type=\"application\/ld+json\" class=\"yoast-schema-graph\">{\"@context\":\"https:\/\/schema.org\",\"@graph\":[{\"@type\":\"WebSite\",\"@id\":\"https:\/\/www.toys4vip.com\/fr\/#website\",\"url\":\"https:\/\/www.toys4vip.com\/fr\/\",\"name\":\"Toys4Vip\",\"description\":\"Jouets de luxe nouveau concept store\",\"potentialAction\":[{\"@type\":\"SearchAction\",\"target\":{\"@type\":\"EntryPoint\",\"urlTemplate\":\"https:\/\/www.toys4vip.com\/fr\/?s={search_term_string}\"},\"query-input\":\"required name=search_term_string\"}],\"inLanguage\":\"fr-FR\"},{\"@type\":\"ImageObject\",\"@id\":\"https:\/\/www.toys4vip.com\/fr\/luxury-toy\/ile-privee-dans-les-bahamas\/98\/#primaryimage\",\"inLanguage\":\"fr-FR\",\"url\":\"https:\/\/www.toys4vip.com\/app\/uploads\/2021\/11\/main-78.jpg\",\"contentUrl\":\"https:\/\/www.toys4vip.com\/app\/uploads\/2021\/11\/main-78.jpg\",\"width\":667,\"height\":363},{\"@type\":\"WebPage\",\"@id\":\"https:\/\/www.toys4vip.com\/fr\/luxury-toy\/ile-privee-dans-les-bahamas\/98\/#webpage\",\"url\":\"https:\/\/www.toys4vip.com\/fr\/luxury-toy\/ile-privee-dans-les-bahamas\/98\/\",\"name\":\"Ile priv\\u00e9e dans les Bahamas - Toys4Vip\",\"isPartOf\":{\"@id\":\"https:\/\/www.toys4vip.com\/fr\/#website\"},\"primaryImageOfPage\":{\"@id\":\"https:\/\/www.toys4vip.com\/fr\/luxury-toy\/ile-privee-dans-les-bahamas\/98\/#primaryimage\"},\"datePublished\":\"2021-11-02T10:29:05+00:00\",\"dateModified\":\"2021-11-13T11:21:34+00:00\",\"description\":\"\\u00c0 seulement 56 miles de la ville baln\\u00e9aire chic de Palm Beach, en Floride, l'\\u00eele des Bahamas Sandy Cay offre une occasion rare pour ceux qui cherchent \\u00e0 cr\\u00e9er leur retraite \\u00eele de r\\u00eave. Vierges plages de sable blanc, vue sur la mer \\u00e0 couper le souffle et un climat id\\u00e9al pour cr\\u00e9er une exp\\u00e9rience magnifique tropical, id\\u00e9alement situ\\u00e9 \\u00e0 proximit\\u00e9 des commodit\\u00e9s de l'\\u00eele de Grand Bahama.\",\"breadcrumb\":{\"@id\":\"https:\/\/www.toys4vip.com\/fr\/luxury-toy\/ile-privee-dans-les-bahamas\/98\/#breadcrumb\"},\"inLanguage\":\"fr-FR\",\"potentialAction\":[{\"@type\":\"ReadAction\",\"target\":[\"https:\/\/www.toys4vip.com\/fr\/luxury-toy\/ile-privee-dans-les-bahamas\/98\/\"]}]},{\"@type\":\"BreadcrumbList\",\"@id\":\"https:\/\/www.toys4vip.com\/fr\/luxury-toy\/ile-privee-dans-les-bahamas\/98\/#breadcrumb\",\"itemListElement\":[{\"@type\":\"ListItem\",\"position\":1,\"name\":\"Home\",\"item\":\"https:\/\/www.toys4vip.com\/fr\/\"},{\"@type\":\"ListItem\",\"position\":2,\"name\":\"Objets \/ Cat\\u00e9gories\",\"item\":\"https:\/\/www.toys4vip.com\/fr\/luxury-toys\/\"},{\"@type\":\"ListItem\",\"position\":3,\"name\":\"Ile priv\\u00e9e dans les Bahamas\"}]}]}<\/script>\n<!-- \/ Yoast SEO plugin. -->","yoast_head_json":{"title":"Ile priv\u00e9e dans les Bahamas - Toys4Vip","description":"\u00c0 seulement 56 miles de la ville baln\u00e9aire chic de Palm Beach, en Floride, l'\u00eele des Bahamas Sandy Cay offre une occasion rare pour ceux qui cherchent \u00e0 cr\u00e9er leur retraite \u00eele de r\u00eave. Vierges plages de sable blanc, vue sur la mer \u00e0 couper le souffle et un climat id\u00e9al pour cr\u00e9er une exp\u00e9rience magnifique tropical, id\u00e9alement situ\u00e9 \u00e0 proximit\u00e9 des commodit\u00e9s de l'\u00eele de Grand Bahama.","robots":{"index":"index","follow":"follow","max-snippet":"max-snippet:-1","max-image-preview":"max-image-preview:large","max-video-preview":"max-video-preview:-1"},"canonical":"https:\/\/www.toys4vip.com\/fr\/luxury-toy\/ile-privee-dans-les-bahamas\/98\/","og_locale":"fr_FR","og_type":"article","og_title":"Ile priv\u00e9e dans les Bahamas - Toys4Vip","og_description":"\u00c0 seulement 56 miles de la ville baln\u00e9aire chic de Palm Beach, en Floride, l'\u00eele des Bahamas Sandy Cay offre une occasion rare pour ceux qui cherchent \u00e0 cr\u00e9er leur retraite \u00eele de r\u00eave. Vierges plages de sable blanc, vue sur la mer \u00e0 couper le souffle et un climat id\u00e9al pour cr\u00e9er une exp\u00e9rience magnifique tropical, id\u00e9alement situ\u00e9 \u00e0 proximit\u00e9 des commodit\u00e9s de l'\u00eele de Grand Bahama.","og_url":"https:\/\/www.toys4vip.com\/fr\/luxury-toy\/ile-privee-dans-les-bahamas\/98\/","og_site_name":"Toys4Vip","article_modified_time":"2021-11-13T11:21:34+00:00","og_image":[{"width":667,"height":363,"url":"https:\/\/www.toys4vip.com\/app\/uploads\/2021\/11\/main-78.jpg","type":"image\/jpeg"}],"twitter_card":"summary_large_image","twitter_misc":{"Dur\u00e9e de lecture est.":"1 minute"},"schema":{"@context":"https:\/\/schema.org","@graph":[{"@type":"WebSite","@id":"https:\/\/www.toys4vip.com\/fr\/#website","url":"https:\/\/www.toys4vip.com\/fr\/","name":"Toys4Vip","description":"Jouets de luxe nouveau concept store","potentialAction":[{"@type":"SearchAction","target":{"@type":"EntryPoint","urlTemplate":"https:\/\/www.toys4vip.com\/fr\/?s={search_term_string}"},"query-input":"required name=search_term_string"}],"inLanguage":"fr-FR"},{"@type":"ImageObject","@id":"https:\/\/www.toys4vip.com\/fr\/luxury-toy\/ile-privee-dans-les-bahamas\/98\/#primaryimage","inLanguage":"fr-FR","url":"https:\/\/www.toys4vip.com\/app\/uploads\/2021\/11\/main-78.jpg","contentUrl":"https:\/\/www.toys4vip.com\/app\/uploads\/2021\/11\/main-78.jpg","width":667,"height":363},{"@type":"WebPage","@id":"https:\/\/www.toys4vip.com\/fr\/luxury-toy\/ile-privee-dans-les-bahamas\/98\/#webpage","url":"https:\/\/www.toys4vip.com\/fr\/luxury-toy\/ile-privee-dans-les-bahamas\/98\/","name":"Ile priv\u00e9e dans les Bahamas - Toys4Vip","isPartOf":{"@id":"https:\/\/www.toys4vip.com\/fr\/#website"},"primaryImageOfPage":{"@id":"https:\/\/www.toys4vip.com\/fr\/luxury-toy\/ile-privee-dans-les-bahamas\/98\/#primaryimage"},"datePublished":"2021-11-02T10:29:05+00:00","dateModified":"2021-11-13T11:21:34+00:00","description":"\u00c0 seulement 56 miles de la ville baln\u00e9aire chic de Palm Beach, en Floride, l'\u00eele des Bahamas Sandy Cay offre une occasion rare pour ceux qui cherchent \u00e0 cr\u00e9er leur retraite \u00eele de r\u00eave. Vierges plages de sable blanc, vue sur la mer \u00e0 couper le souffle et un climat id\u00e9al pour cr\u00e9er une exp\u00e9rience magnifique tropical, id\u00e9alement situ\u00e9 \u00e0 proximit\u00e9 des commodit\u00e9s de l'\u00eele de Grand Bahama.","breadcrumb":{"@id":"https:\/\/www.toys4vip.com\/fr\/luxury-toy\/ile-privee-dans-les-bahamas\/98\/#breadcrumb"},"inLanguage":"fr-FR","potentialAction":[{"@type":"ReadAction","target":["https:\/\/www.toys4vip.com\/fr\/luxury-toy\/ile-privee-dans-les-bahamas\/98\/"]}]},{"@type":"BreadcrumbList","@id":"https:\/\/www.toys4vip.com\/fr\/luxury-toy\/ile-privee-dans-les-bahamas\/98\/#breadcrumb","itemListElement":[{"@type":"ListItem","position":1,"name":"Home","item":"https:\/\/www.toys4vip.com\/fr\/"},{"@type":"ListItem","position":2,"name":"Objets \/ Cat\u00e9gories","item":"https:\/\/www.toys4vip.com\/fr\/luxury-toys\/"},{"@type":"ListItem","position":3,"name":"Ile priv\u00e9e dans les Bahamas"}]}]}},"_links":{"self":[{"href":"https:\/\/www.toys4vip.com\/fr\/wp-json\/wp\/v2\/product\/669"}],"collection":[{"href":"https:\/\/www.toys4vip.com\/fr\/wp-json\/wp\/v2\/product"}],"about":[{"href":"https:\/\/www.toys4vip.com\/fr\/wp-json\/wp\/v2\/types\/product"}],"replies":[{"embeddable":true,"href":"https:\/\/www.toys4vip.com\/fr\/wp-json\/wp\/v2\/comments?post=669"}],"wp:featuredmedia":[{"embeddable":true,"href":"https:\/\/www.toys4vip.com\/fr\/wp-json\/wp\/v2\/media\/667"}],"wp:attachment":[{"href":"https:\/\/www.toys4vip.com\/fr\/wp-json\/wp\/v2\/media?parent=669"}],"wp:term":[{"taxonomy":"product_cat","embeddable":true,"href":"https:\/\/www.toys4vip.com\/fr\/wp-json\/wp\/v2\/product_cat?post=669"},{"taxonomy":"product_tag","embeddable":true,"href":"https:\/\/www.toys4vip.com\/fr\/wp-json\/wp\/v2\/product_tag?post=669"}],"curies":[{"name":"wp","href":"https:\/\/api.w.org\/{rel}","templated":true}]}}