{"id":666,"date":"2021-11-02T10:29:05","date_gmt":"2021-11-02T10:29:05","guid":{"rendered":"https:\/\/toys4vip.com\/produit\/darwin-op\/"},"modified":"2021-11-18T17:34:45","modified_gmt":"2021-11-18T16:34:45","slug":"darwin-op","status":"publish","type":"product","link":"https:\/\/www.toys4vip.com\/fr\/luxury-toy\/darwin-op\/97\/","title":{"rendered":"Darwin-OP"},"content":{"rendered":"<p>Voici le Darwin, Sa principale caract\u00e9ristique est qu&rsquo;il est le premier robot humano\u00efde totalement open-source.<\/p>\n<p>C&rsquo;est \u00e0 dire que vous aller pouvoir r\u00e9cup\u00e9rer ses plans m\u00e9caniques ainsi que l&rsquo;ensemble des logiciels qui fonctionnent \u00e0 l&rsquo;int\u00e9rieur pour le modifier et l&rsquo;am\u00e9liorer.<br \/>\nCela en fait un robot id\u00e9al pour la recherche et l&rsquo;\u00e9ducation.<\/p>\n<p>&nbsp;<\/p>\n","protected":false},"excerpt":{"rendered":"<p>Voici le Darwin, Sa principale caract\u00e9ristique est qu&rsquo;il est le premier robot humano\u00efde totalement open-source. C&rsquo;est \u00e0 dire que vous aller pouvoir r\u00e9cup\u00e9rer ses plans m\u00e9caniques ainsi que l&rsquo;ensemble des logiciels qui fonctionnent \u00e0 l&rsquo;int\u00e9rieur pour le modifier et l&rsquo;am\u00e9liorer. Cela en fait un robot id\u00e9al pour la recherche et l&rsquo;\u00e9ducation. &nbsp;<\/p>\n","protected":false},"featured_media":664,"comment_status":"open","ping_status":"closed","template":"","meta":[],"product_cat":[33],"product_tag":[],"yoast_head":"<!-- This site is optimized with the Yoast SEO plugin v17.4 - https:\/\/yoast.com\/wordpress\/plugins\/seo\/ -->\n<title>Darwin-OP - Toys4Vip<\/title>\n<meta name=\"description\" content=\"Voici le Darwin, Sa principale caract\u00e9ristique est qu&#039;il est le premier robot humano\u00efde totalement open-source.C&#039;est \u00e0 dire que vous aller pouvoir r\u00e9cup\u00e9rer ses plans m\u00e9caniques ainsi que l&#039;ensemble des logiciels qui fonctionnent \u00e0 l&#039;int\u00e9rieur pour le modifier et l&#039;am\u00e9liorer.Cela en fait un robot id\u00e9al pour la recherche et l&#039;\u00e9ducation.\" \/>\n<meta name=\"robots\" content=\"index, follow, max-snippet:-1, max-image-preview:large, max-video-preview:-1\" \/>\n<link rel=\"canonical\" href=\"https:\/\/www.toys4vip.com\/fr\/luxury-toy\/darwin-op\/97\/\" \/>\n<meta property=\"og:locale\" content=\"fr_FR\" \/>\n<meta property=\"og:type\" content=\"article\" \/>\n<meta property=\"og:title\" content=\"Darwin-OP - Toys4Vip\" \/>\n<meta property=\"og:description\" content=\"Voici le Darwin, Sa principale caract\u00e9ristique est qu&#039;il est le premier robot humano\u00efde totalement open-source.C&#039;est \u00e0 dire que vous aller pouvoir r\u00e9cup\u00e9rer ses plans m\u00e9caniques ainsi que l&#039;ensemble des logiciels qui fonctionnent \u00e0 l&#039;int\u00e9rieur pour le modifier et l&#039;am\u00e9liorer.Cela en fait un robot id\u00e9al pour la recherche et l&#039;\u00e9ducation.\" \/>\n<meta property=\"og:url\" content=\"https:\/\/www.toys4vip.com\/fr\/luxury-toy\/darwin-op\/97\/\" \/>\n<meta property=\"og:site_name\" content=\"Toys4Vip\" \/>\n<meta property=\"article:modified_time\" content=\"2021-11-18T16:34:45+00:00\" \/>\n<meta property=\"og:image\" content=\"https:\/\/www.toys4vip.com\/app\/uploads\/2021\/11\/main-77.jpg\" \/>\n\t<meta property=\"og:image:width\" content=\"357\" \/>\n\t<meta property=\"og:image:height\" content=\"250\" \/>\n<meta name=\"twitter:card\" content=\"summary_large_image\" \/>\n<meta name=\"twitter:label1\" content=\"Dur\u00e9e de lecture est.\" \/>\n\t<meta name=\"twitter:data1\" content=\"1 minute\" \/>\n<script type=\"application\/ld+json\" class=\"yoast-schema-graph\">{\"@context\":\"https:\/\/schema.org\",\"@graph\":[{\"@type\":\"WebSite\",\"@id\":\"https:\/\/www.toys4vip.com\/fr\/#website\",\"url\":\"https:\/\/www.toys4vip.com\/fr\/\",\"name\":\"Toys4Vip\",\"description\":\"Jouets de luxe nouveau concept store\",\"potentialAction\":[{\"@type\":\"SearchAction\",\"target\":{\"@type\":\"EntryPoint\",\"urlTemplate\":\"https:\/\/www.toys4vip.com\/fr\/?s={search_term_string}\"},\"query-input\":\"required name=search_term_string\"}],\"inLanguage\":\"fr-FR\"},{\"@type\":\"ImageObject\",\"@id\":\"https:\/\/www.toys4vip.com\/fr\/luxury-toy\/darwin-op\/97\/#primaryimage\",\"inLanguage\":\"fr-FR\",\"url\":\"https:\/\/www.toys4vip.com\/app\/uploads\/2021\/11\/main-77.jpg\",\"contentUrl\":\"https:\/\/www.toys4vip.com\/app\/uploads\/2021\/11\/main-77.jpg\",\"width\":357,\"height\":250},{\"@type\":\"WebPage\",\"@id\":\"https:\/\/www.toys4vip.com\/fr\/luxury-toy\/darwin-op\/97\/#webpage\",\"url\":\"https:\/\/www.toys4vip.com\/fr\/luxury-toy\/darwin-op\/97\/\",\"name\":\"Darwin-OP - Toys4Vip\",\"isPartOf\":{\"@id\":\"https:\/\/www.toys4vip.com\/fr\/#website\"},\"primaryImageOfPage\":{\"@id\":\"https:\/\/www.toys4vip.com\/fr\/luxury-toy\/darwin-op\/97\/#primaryimage\"},\"datePublished\":\"2021-11-02T10:29:05+00:00\",\"dateModified\":\"2021-11-18T16:34:45+00:00\",\"description\":\"Voici le Darwin, Sa principale caract\\u00e9ristique est qu'il est le premier robot humano\\u00efde totalement open-source.C'est \\u00e0 dire que vous aller pouvoir r\\u00e9cup\\u00e9rer ses plans m\\u00e9caniques ainsi que l'ensemble des logiciels qui fonctionnent \\u00e0 l'int\\u00e9rieur pour le modifier et l'am\\u00e9liorer.Cela en fait un robot id\\u00e9al pour la recherche et l'\\u00e9ducation.\",\"breadcrumb\":{\"@id\":\"https:\/\/www.toys4vip.com\/fr\/luxury-toy\/darwin-op\/97\/#breadcrumb\"},\"inLanguage\":\"fr-FR\",\"potentialAction\":[{\"@type\":\"ReadAction\",\"target\":[\"https:\/\/www.toys4vip.com\/fr\/luxury-toy\/darwin-op\/97\/\"]}]},{\"@type\":\"BreadcrumbList\",\"@id\":\"https:\/\/www.toys4vip.com\/fr\/luxury-toy\/darwin-op\/97\/#breadcrumb\",\"itemListElement\":[{\"@type\":\"ListItem\",\"position\":1,\"name\":\"Home\",\"item\":\"https:\/\/www.toys4vip.com\/fr\/\"},{\"@type\":\"ListItem\",\"position\":2,\"name\":\"Objets \/ Cat\\u00e9gories\",\"item\":\"https:\/\/www.toys4vip.com\/fr\/luxury-toys\/\"},{\"@type\":\"ListItem\",\"position\":3,\"name\":\"Darwin-OP\"}]}]}<\/script>\n<!-- \/ Yoast SEO plugin. -->","yoast_head_json":{"title":"Darwin-OP - Toys4Vip","description":"Voici le Darwin, Sa principale caract\u00e9ristique est qu'il est le premier robot humano\u00efde totalement open-source.C'est \u00e0 dire que vous aller pouvoir r\u00e9cup\u00e9rer ses plans m\u00e9caniques ainsi que l'ensemble des logiciels qui fonctionnent \u00e0 l'int\u00e9rieur pour le modifier et l'am\u00e9liorer.Cela en fait un robot id\u00e9al pour la recherche et l'\u00e9ducation.","robots":{"index":"index","follow":"follow","max-snippet":"max-snippet:-1","max-image-preview":"max-image-preview:large","max-video-preview":"max-video-preview:-1"},"canonical":"https:\/\/www.toys4vip.com\/fr\/luxury-toy\/darwin-op\/97\/","og_locale":"fr_FR","og_type":"article","og_title":"Darwin-OP - Toys4Vip","og_description":"Voici le Darwin, Sa principale caract\u00e9ristique est qu'il est le premier robot humano\u00efde totalement open-source.C'est \u00e0 dire que vous aller pouvoir r\u00e9cup\u00e9rer ses plans m\u00e9caniques ainsi que l'ensemble des logiciels qui fonctionnent \u00e0 l'int\u00e9rieur pour le modifier et l'am\u00e9liorer.Cela en fait un robot id\u00e9al pour la recherche et l'\u00e9ducation.","og_url":"https:\/\/www.toys4vip.com\/fr\/luxury-toy\/darwin-op\/97\/","og_site_name":"Toys4Vip","article_modified_time":"2021-11-18T16:34:45+00:00","og_image":[{"width":357,"height":250,"url":"https:\/\/www.toys4vip.com\/app\/uploads\/2021\/11\/main-77.jpg","type":"image\/jpeg"}],"twitter_card":"summary_large_image","twitter_misc":{"Dur\u00e9e de lecture est.":"1 minute"},"schema":{"@context":"https:\/\/schema.org","@graph":[{"@type":"WebSite","@id":"https:\/\/www.toys4vip.com\/fr\/#website","url":"https:\/\/www.toys4vip.com\/fr\/","name":"Toys4Vip","description":"Jouets de luxe nouveau concept store","potentialAction":[{"@type":"SearchAction","target":{"@type":"EntryPoint","urlTemplate":"https:\/\/www.toys4vip.com\/fr\/?s={search_term_string}"},"query-input":"required name=search_term_string"}],"inLanguage":"fr-FR"},{"@type":"ImageObject","@id":"https:\/\/www.toys4vip.com\/fr\/luxury-toy\/darwin-op\/97\/#primaryimage","inLanguage":"fr-FR","url":"https:\/\/www.toys4vip.com\/app\/uploads\/2021\/11\/main-77.jpg","contentUrl":"https:\/\/www.toys4vip.com\/app\/uploads\/2021\/11\/main-77.jpg","width":357,"height":250},{"@type":"WebPage","@id":"https:\/\/www.toys4vip.com\/fr\/luxury-toy\/darwin-op\/97\/#webpage","url":"https:\/\/www.toys4vip.com\/fr\/luxury-toy\/darwin-op\/97\/","name":"Darwin-OP - Toys4Vip","isPartOf":{"@id":"https:\/\/www.toys4vip.com\/fr\/#website"},"primaryImageOfPage":{"@id":"https:\/\/www.toys4vip.com\/fr\/luxury-toy\/darwin-op\/97\/#primaryimage"},"datePublished":"2021-11-02T10:29:05+00:00","dateModified":"2021-11-18T16:34:45+00:00","description":"Voici le Darwin, Sa principale caract\u00e9ristique est qu'il est le premier robot humano\u00efde totalement open-source.C'est \u00e0 dire que vous aller pouvoir r\u00e9cup\u00e9rer ses plans m\u00e9caniques ainsi que l'ensemble des logiciels qui fonctionnent \u00e0 l'int\u00e9rieur pour le modifier et l'am\u00e9liorer.Cela en fait un robot id\u00e9al pour la recherche et l'\u00e9ducation.","breadcrumb":{"@id":"https:\/\/www.toys4vip.com\/fr\/luxury-toy\/darwin-op\/97\/#breadcrumb"},"inLanguage":"fr-FR","potentialAction":[{"@type":"ReadAction","target":["https:\/\/www.toys4vip.com\/fr\/luxury-toy\/darwin-op\/97\/"]}]},{"@type":"BreadcrumbList","@id":"https:\/\/www.toys4vip.com\/fr\/luxury-toy\/darwin-op\/97\/#breadcrumb","itemListElement":[{"@type":"ListItem","position":1,"name":"Home","item":"https:\/\/www.toys4vip.com\/fr\/"},{"@type":"ListItem","position":2,"name":"Objets \/ Cat\u00e9gories","item":"https:\/\/www.toys4vip.com\/fr\/luxury-toys\/"},{"@type":"ListItem","position":3,"name":"Darwin-OP"}]}]}},"_links":{"self":[{"href":"https:\/\/www.toys4vip.com\/fr\/wp-json\/wp\/v2\/product\/666"}],"collection":[{"href":"https:\/\/www.toys4vip.com\/fr\/wp-json\/wp\/v2\/product"}],"about":[{"href":"https:\/\/www.toys4vip.com\/fr\/wp-json\/wp\/v2\/types\/product"}],"replies":[{"embeddable":true,"href":"https:\/\/www.toys4vip.com\/fr\/wp-json\/wp\/v2\/comments?post=666"}],"wp:featuredmedia":[{"embeddable":true,"href":"https:\/\/www.toys4vip.com\/fr\/wp-json\/wp\/v2\/media\/664"}],"wp:attachment":[{"href":"https:\/\/www.toys4vip.com\/fr\/wp-json\/wp\/v2\/media?parent=666"}],"wp:term":[{"taxonomy":"product_cat","embeddable":true,"href":"https:\/\/www.toys4vip.com\/fr\/wp-json\/wp\/v2\/product_cat?post=666"},{"taxonomy":"product_tag","embeddable":true,"href":"https:\/\/www.toys4vip.com\/fr\/wp-json\/wp\/v2\/product_tag?post=666"}],"curies":[{"name":"wp","href":"https:\/\/api.w.org\/{rel}","templated":true}]}}