{"id":660,"date":"2021-11-02T10:29:05","date_gmt":"2021-11-02T10:29:05","guid":{"rendered":"https:\/\/toys4vip.com\/produit\/quadski\/"},"modified":"2024-11-04T12:16:50","modified_gmt":"2024-11-04T11:16:50","slug":"quadski","status":"publish","type":"product","link":"https:\/\/www.toys4vip.com\/fr\/luxury-toy\/quadski\/94\/","title":{"rendered":"QuadSki"},"content":{"rendered":"<p>\u00c9quip\u00e9 d\u2019un moteur de 140 chevaux qui peut atteindre 72 km\/h sur terre comme sur mer, le Quadski devrait plaire aux amateurs de vitesse. Destin\u00e9 aux particuliers et aux services de secours, le Quadski est le troisi\u00e8me v\u00e9hicule de type amphibien commercialis\u00e9 par cette compagnie Am\u00e9ricaine,Gibbs Technologies.<\/p>\n<p>Il est capable de voyager jusqu\u2019\u00e0 50 mph (72 km \/ h) sur terre comme sur l\u2019eau. La transition entre l\u2019eau et la terre se fait \u00e0 l\u2019aide d\u2019un simple commutateur.<\/p>\n","protected":false},"excerpt":{"rendered":"<p>\u00c9quip\u00e9 d\u2019un moteur de 140 chevaux qui peut atteindre 72 km\/h sur terre comme sur mer, le Quadski devrait plaire aux amateurs de vitesse. Destin\u00e9 aux particuliers et aux services de secours, le Quadski est le troisi\u00e8me v\u00e9hicule de type amphibien commercialis\u00e9 par cette compagnie Am\u00e9ricaine,Gibbs Technologies. Il est capable de voyager jusqu\u2019\u00e0 50 mph [&hellip;]<\/p>\n","protected":false},"featured_media":3040,"comment_status":"open","ping_status":"closed","template":"","meta":[],"product_cat":[26,86,87],"product_tag":[],"yoast_head":"<!-- This site is optimized with the Yoast SEO plugin v17.4 - https:\/\/yoast.com\/wordpress\/plugins\/seo\/ -->\n<title>QuadSki - Toys4Vip<\/title>\n<meta name=\"description\" content=\"\u00c9quip\u00e9 d\u2019un moteur de 140 chevaux qui peut atteindre 72 km\/h sur terre comme sur mer, le Quadski devrait plaire aux amateurs de vitesse. Destin\u00e9 aux particuliers et aux services de secours, le Quadski est le troisi\u00e8me v\u00e9hicule de type amphibien commercialis\u00e9 par cette compagnie Am\u00e9ricaine,Gibbs Technologies.Il est capable de voyager jusqu\u2019\u00e0 50 mph (72 km \/ h) sur terre comme sur l\u2019eau. La transition entre l\u2019eau et la terre se fait \u00e0 l\u2019aide d\u2019un simple commutateur.\" \/>\n<meta name=\"robots\" content=\"index, follow, max-snippet:-1, max-image-preview:large, max-video-preview:-1\" \/>\n<link rel=\"canonical\" href=\"https:\/\/www.toys4vip.com\/fr\/luxury-toy\/quadski\/94\/\" \/>\n<meta property=\"og:locale\" content=\"fr_FR\" \/>\n<meta property=\"og:type\" content=\"article\" \/>\n<meta property=\"og:title\" content=\"QuadSki - Toys4Vip\" \/>\n<meta property=\"og:description\" content=\"\u00c9quip\u00e9 d\u2019un moteur de 140 chevaux qui peut atteindre 72 km\/h sur terre comme sur mer, le Quadski devrait plaire aux amateurs de vitesse. Destin\u00e9 aux particuliers et aux services de secours, le Quadski est le troisi\u00e8me v\u00e9hicule de type amphibien commercialis\u00e9 par cette compagnie Am\u00e9ricaine,Gibbs Technologies.Il est capable de voyager jusqu\u2019\u00e0 50 mph (72 km \/ h) sur terre comme sur l\u2019eau. La transition entre l\u2019eau et la terre se fait \u00e0 l\u2019aide d\u2019un simple commutateur.\" \/>\n<meta property=\"og:url\" content=\"https:\/\/www.toys4vip.com\/fr\/luxury-toy\/quadski\/94\/\" \/>\n<meta property=\"og:site_name\" content=\"Toys4Vip\" \/>\n<meta property=\"article:modified_time\" content=\"2024-11-04T11:16:50+00:00\" \/>\n<meta property=\"og:image\" content=\"https:\/\/www.toys4vip.com\/app\/uploads\/2021\/11\/q1.jpg\" \/>\n\t<meta property=\"og:image:width\" content=\"1171\" \/>\n\t<meta property=\"og:image:height\" content=\"780\" \/>\n<meta name=\"twitter:card\" content=\"summary_large_image\" \/>\n<script type=\"application\/ld+json\" class=\"yoast-schema-graph\">{\"@context\":\"https:\/\/schema.org\",\"@graph\":[{\"@type\":\"WebSite\",\"@id\":\"https:\/\/www.toys4vip.com\/fr\/#website\",\"url\":\"https:\/\/www.toys4vip.com\/fr\/\",\"name\":\"Toys4Vip\",\"description\":\"Jouets de luxe nouveau concept store\",\"potentialAction\":[{\"@type\":\"SearchAction\",\"target\":{\"@type\":\"EntryPoint\",\"urlTemplate\":\"https:\/\/www.toys4vip.com\/fr\/?s={search_term_string}\"},\"query-input\":\"required name=search_term_string\"}],\"inLanguage\":\"fr-FR\"},{\"@type\":\"ImageObject\",\"@id\":\"https:\/\/www.toys4vip.com\/fr\/luxury-toy\/quadski\/94\/#primaryimage\",\"inLanguage\":\"fr-FR\",\"url\":\"https:\/\/www.toys4vip.com\/app\/uploads\/2021\/11\/q1.jpg\",\"contentUrl\":\"https:\/\/www.toys4vip.com\/app\/uploads\/2021\/11\/q1.jpg\",\"width\":1171,\"height\":780},{\"@type\":\"WebPage\",\"@id\":\"https:\/\/www.toys4vip.com\/fr\/luxury-toy\/quadski\/94\/#webpage\",\"url\":\"https:\/\/www.toys4vip.com\/fr\/luxury-toy\/quadski\/94\/\",\"name\":\"QuadSki - Toys4Vip\",\"isPartOf\":{\"@id\":\"https:\/\/www.toys4vip.com\/fr\/#website\"},\"primaryImageOfPage\":{\"@id\":\"https:\/\/www.toys4vip.com\/fr\/luxury-toy\/quadski\/94\/#primaryimage\"},\"datePublished\":\"2021-11-02T10:29:05+00:00\",\"dateModified\":\"2024-11-04T11:16:50+00:00\",\"description\":\"\\u00c9quip\\u00e9 d\\u2019un moteur de 140 chevaux qui peut atteindre 72 km\/h sur terre comme sur mer, le Quadski devrait plaire aux amateurs de vitesse. Destin\\u00e9 aux particuliers et aux services de secours, le Quadski est le troisi\\u00e8me v\\u00e9hicule de type amphibien commercialis\\u00e9 par cette compagnie Am\\u00e9ricaine,Gibbs Technologies.Il est capable de voyager jusqu\\u2019\\u00e0 50 mph (72 km \/ h) sur terre comme sur l\\u2019eau. La transition entre l\\u2019eau et la terre se fait \\u00e0 l\\u2019aide d\\u2019un simple commutateur.\",\"breadcrumb\":{\"@id\":\"https:\/\/www.toys4vip.com\/fr\/luxury-toy\/quadski\/94\/#breadcrumb\"},\"inLanguage\":\"fr-FR\",\"potentialAction\":[{\"@type\":\"ReadAction\",\"target\":[\"https:\/\/www.toys4vip.com\/fr\/luxury-toy\/quadski\/94\/\"]}]},{\"@type\":\"BreadcrumbList\",\"@id\":\"https:\/\/www.toys4vip.com\/fr\/luxury-toy\/quadski\/94\/#breadcrumb\",\"itemListElement\":[{\"@type\":\"ListItem\",\"position\":1,\"name\":\"Home\",\"item\":\"https:\/\/www.toys4vip.com\/fr\/\"},{\"@type\":\"ListItem\",\"position\":2,\"name\":\"Objets \/ Cat\\u00e9gories\",\"item\":\"https:\/\/www.toys4vip.com\/fr\/luxury-toys\/\"},{\"@type\":\"ListItem\",\"position\":3,\"name\":\"QuadSki\"}]}]}<\/script>\n<!-- \/ Yoast SEO plugin. -->","yoast_head_json":{"title":"QuadSki - Toys4Vip","description":"\u00c9quip\u00e9 d\u2019un moteur de 140 chevaux qui peut atteindre 72 km\/h sur terre comme sur mer, le Quadski devrait plaire aux amateurs de vitesse. Destin\u00e9 aux particuliers et aux services de secours, le Quadski est le troisi\u00e8me v\u00e9hicule de type amphibien commercialis\u00e9 par cette compagnie Am\u00e9ricaine,Gibbs Technologies.Il est capable de voyager jusqu\u2019\u00e0 50 mph (72 km \/ h) sur terre comme sur l\u2019eau. La transition entre l\u2019eau et la terre se fait \u00e0 l\u2019aide d\u2019un simple commutateur.","robots":{"index":"index","follow":"follow","max-snippet":"max-snippet:-1","max-image-preview":"max-image-preview:large","max-video-preview":"max-video-preview:-1"},"canonical":"https:\/\/www.toys4vip.com\/fr\/luxury-toy\/quadski\/94\/","og_locale":"fr_FR","og_type":"article","og_title":"QuadSki - Toys4Vip","og_description":"\u00c9quip\u00e9 d\u2019un moteur de 140 chevaux qui peut atteindre 72 km\/h sur terre comme sur mer, le Quadski devrait plaire aux amateurs de vitesse. Destin\u00e9 aux particuliers et aux services de secours, le Quadski est le troisi\u00e8me v\u00e9hicule de type amphibien commercialis\u00e9 par cette compagnie Am\u00e9ricaine,Gibbs Technologies.Il est capable de voyager jusqu\u2019\u00e0 50 mph (72 km \/ h) sur terre comme sur l\u2019eau. La transition entre l\u2019eau et la terre se fait \u00e0 l\u2019aide d\u2019un simple commutateur.","og_url":"https:\/\/www.toys4vip.com\/fr\/luxury-toy\/quadski\/94\/","og_site_name":"Toys4Vip","article_modified_time":"2024-11-04T11:16:50+00:00","og_image":[{"width":1171,"height":780,"url":"https:\/\/www.toys4vip.com\/app\/uploads\/2021\/11\/q1.jpg","type":"image\/jpeg"}],"twitter_card":"summary_large_image","schema":{"@context":"https:\/\/schema.org","@graph":[{"@type":"WebSite","@id":"https:\/\/www.toys4vip.com\/fr\/#website","url":"https:\/\/www.toys4vip.com\/fr\/","name":"Toys4Vip","description":"Jouets de luxe nouveau concept store","potentialAction":[{"@type":"SearchAction","target":{"@type":"EntryPoint","urlTemplate":"https:\/\/www.toys4vip.com\/fr\/?s={search_term_string}"},"query-input":"required name=search_term_string"}],"inLanguage":"fr-FR"},{"@type":"ImageObject","@id":"https:\/\/www.toys4vip.com\/fr\/luxury-toy\/quadski\/94\/#primaryimage","inLanguage":"fr-FR","url":"https:\/\/www.toys4vip.com\/app\/uploads\/2021\/11\/q1.jpg","contentUrl":"https:\/\/www.toys4vip.com\/app\/uploads\/2021\/11\/q1.jpg","width":1171,"height":780},{"@type":"WebPage","@id":"https:\/\/www.toys4vip.com\/fr\/luxury-toy\/quadski\/94\/#webpage","url":"https:\/\/www.toys4vip.com\/fr\/luxury-toy\/quadski\/94\/","name":"QuadSki - Toys4Vip","isPartOf":{"@id":"https:\/\/www.toys4vip.com\/fr\/#website"},"primaryImageOfPage":{"@id":"https:\/\/www.toys4vip.com\/fr\/luxury-toy\/quadski\/94\/#primaryimage"},"datePublished":"2021-11-02T10:29:05+00:00","dateModified":"2024-11-04T11:16:50+00:00","description":"\u00c9quip\u00e9 d\u2019un moteur de 140 chevaux qui peut atteindre 72 km\/h sur terre comme sur mer, le Quadski devrait plaire aux amateurs de vitesse. Destin\u00e9 aux particuliers et aux services de secours, le Quadski est le troisi\u00e8me v\u00e9hicule de type amphibien commercialis\u00e9 par cette compagnie Am\u00e9ricaine,Gibbs Technologies.Il est capable de voyager jusqu\u2019\u00e0 50 mph (72 km \/ h) sur terre comme sur l\u2019eau. La transition entre l\u2019eau et la terre se fait \u00e0 l\u2019aide d\u2019un simple commutateur.","breadcrumb":{"@id":"https:\/\/www.toys4vip.com\/fr\/luxury-toy\/quadski\/94\/#breadcrumb"},"inLanguage":"fr-FR","potentialAction":[{"@type":"ReadAction","target":["https:\/\/www.toys4vip.com\/fr\/luxury-toy\/quadski\/94\/"]}]},{"@type":"BreadcrumbList","@id":"https:\/\/www.toys4vip.com\/fr\/luxury-toy\/quadski\/94\/#breadcrumb","itemListElement":[{"@type":"ListItem","position":1,"name":"Home","item":"https:\/\/www.toys4vip.com\/fr\/"},{"@type":"ListItem","position":2,"name":"Objets \/ Cat\u00e9gories","item":"https:\/\/www.toys4vip.com\/fr\/luxury-toys\/"},{"@type":"ListItem","position":3,"name":"QuadSki"}]}]}},"_links":{"self":[{"href":"https:\/\/www.toys4vip.com\/fr\/wp-json\/wp\/v2\/product\/660"}],"collection":[{"href":"https:\/\/www.toys4vip.com\/fr\/wp-json\/wp\/v2\/product"}],"about":[{"href":"https:\/\/www.toys4vip.com\/fr\/wp-json\/wp\/v2\/types\/product"}],"replies":[{"embeddable":true,"href":"https:\/\/www.toys4vip.com\/fr\/wp-json\/wp\/v2\/comments?post=660"}],"wp:featuredmedia":[{"embeddable":true,"href":"https:\/\/www.toys4vip.com\/fr\/wp-json\/wp\/v2\/media\/3040"}],"wp:attachment":[{"href":"https:\/\/www.toys4vip.com\/fr\/wp-json\/wp\/v2\/media?parent=660"}],"wp:term":[{"taxonomy":"product_cat","embeddable":true,"href":"https:\/\/www.toys4vip.com\/fr\/wp-json\/wp\/v2\/product_cat?post=660"},{"taxonomy":"product_tag","embeddable":true,"href":"https:\/\/www.toys4vip.com\/fr\/wp-json\/wp\/v2\/product_tag?post=660"}],"curies":[{"name":"wp","href":"https:\/\/api.w.org\/{rel}","templated":true}]}}