{"id":657,"date":"2021-11-02T10:28:51","date_gmt":"2021-11-02T10:28:51","guid":{"rendered":"https:\/\/toys4vip.com\/produit\/la-baignoire-en-or\/"},"modified":"2021-11-18T16:51:23","modified_gmt":"2021-11-18T15:51:23","slug":"la-baignoire-en-or","status":"publish","type":"product","link":"https:\/\/www.toys4vip.com\/fr\/luxury-toy\/la-baignoire-en-or\/93\/","title":{"rendered":"La Baignoire en \u00ab\u00a0or\u00a0\u00bb"},"content":{"rendered":"<p>Summum du luxe, cette baignoire en mat\u00e9riau de synth\u00e8se arbore un d\u00e9cor d&rsquo;or rose \u00e0 l&rsquo;ext\u00e9rieur.<\/p>\n<p>La Stone One Gold Line dans sa version \u00ab or \u00bb. est r\u00e9alis\u00e9e \u00e0 la main et travaill\u00e9e \u00e0 la feuille, on se verrait tr\u00e8s bien dans ce mod\u00e8le royal, recouvert de mousse ! Cette baignoire \u00e0 l&rsquo;ovale pur, aux rondeurs maternelles et rassurantes se d\u00e9cline dans de nombreuses customisations baroques, iris\u00e9es ou extravagantes.<\/p>\n<p>Existe en or blanc et en or jaune. Dimensions : 170 x 87 cm &#8211; H 53 cm<\/p>\n","protected":false},"excerpt":{"rendered":"<p>Summum du luxe, cette baignoire en mat\u00e9riau de synth\u00e8se arbore un d\u00e9cor d&rsquo;or rose \u00e0 l&rsquo;ext\u00e9rieur. La Stone One Gold Line dans sa version \u00ab or \u00bb. est r\u00e9alis\u00e9e \u00e0 la main et travaill\u00e9e \u00e0 la feuille, on se verrait tr\u00e8s bien dans ce mod\u00e8le royal, recouvert de mousse ! Cette baignoire \u00e0 l&rsquo;ovale pur, [&hellip;]<\/p>\n","protected":false},"featured_media":655,"comment_status":"open","ping_status":"closed","template":"","meta":[],"product_cat":[42],"product_tag":[],"yoast_head":"<!-- This site is optimized with the Yoast SEO plugin v17.4 - https:\/\/yoast.com\/wordpress\/plugins\/seo\/ -->\n<title>La Baignoire en &quot;or&quot; - Toys4Vip<\/title>\n<meta name=\"description\" content=\"Summum du luxe, cette baignoire en mat\u00e9riau de synth\u00e8se arbore un d\u00e9cor d&#039;or rose \u00e0 l&#039;ext\u00e9rieur.La Stone One Gold Line dans sa version \u00ab or \u00bb. est r\u00e9alis\u00e9e \u00e0 la main et travaill\u00e9e \u00e0 la feuille, on se verrait tr\u00e8s bien dans ce mod\u00e8le royal, recouvert de mousse ! Cette baignoire \u00e0 l&#039;ovale pur, aux rondeurs maternelles et rassurantes se d\u00e9cline dans de nombreuses customisations baroques, iris\u00e9es ou extravagantes.Existe en or blanc et en or jaune. Dimensions : 170 x 87 cm - H 53 cm\" \/>\n<meta name=\"robots\" content=\"index, follow, max-snippet:-1, max-image-preview:large, max-video-preview:-1\" \/>\n<link rel=\"canonical\" href=\"https:\/\/www.toys4vip.com\/fr\/luxury-toy\/la-baignoire-en-or\/93\/\" \/>\n<meta property=\"og:locale\" content=\"fr_FR\" \/>\n<meta property=\"og:type\" content=\"article\" \/>\n<meta property=\"og:title\" content=\"La Baignoire en &quot;or&quot; - Toys4Vip\" \/>\n<meta property=\"og:description\" content=\"Summum du luxe, cette baignoire en mat\u00e9riau de synth\u00e8se arbore un d\u00e9cor d&#039;or rose \u00e0 l&#039;ext\u00e9rieur.La Stone One Gold Line dans sa version \u00ab or \u00bb. est r\u00e9alis\u00e9e \u00e0 la main et travaill\u00e9e \u00e0 la feuille, on se verrait tr\u00e8s bien dans ce mod\u00e8le royal, recouvert de mousse ! Cette baignoire \u00e0 l&#039;ovale pur, aux rondeurs maternelles et rassurantes se d\u00e9cline dans de nombreuses customisations baroques, iris\u00e9es ou extravagantes.Existe en or blanc et en or jaune. Dimensions : 170 x 87 cm - H 53 cm\" \/>\n<meta property=\"og:url\" content=\"https:\/\/www.toys4vip.com\/fr\/luxury-toy\/la-baignoire-en-or\/93\/\" \/>\n<meta property=\"og:site_name\" content=\"Toys4Vip\" \/>\n<meta property=\"article:modified_time\" content=\"2021-11-18T15:51:23+00:00\" \/>\n<meta property=\"og:image\" content=\"https:\/\/www.toys4vip.com\/app\/uploads\/2021\/11\/main-74.jpg\" \/>\n\t<meta property=\"og:image:width\" content=\"596\" \/>\n\t<meta property=\"og:image:height\" content=\"596\" \/>\n<meta name=\"twitter:card\" content=\"summary_large_image\" \/>\n<script type=\"application\/ld+json\" class=\"yoast-schema-graph\">{\"@context\":\"https:\/\/schema.org\",\"@graph\":[{\"@type\":\"WebSite\",\"@id\":\"https:\/\/www.toys4vip.com\/fr\/#website\",\"url\":\"https:\/\/www.toys4vip.com\/fr\/\",\"name\":\"Toys4Vip\",\"description\":\"Jouets de luxe nouveau concept store\",\"potentialAction\":[{\"@type\":\"SearchAction\",\"target\":{\"@type\":\"EntryPoint\",\"urlTemplate\":\"https:\/\/www.toys4vip.com\/fr\/?s={search_term_string}\"},\"query-input\":\"required name=search_term_string\"}],\"inLanguage\":\"fr-FR\"},{\"@type\":\"ImageObject\",\"@id\":\"https:\/\/www.toys4vip.com\/fr\/luxury-toy\/la-baignoire-en-or\/93\/#primaryimage\",\"inLanguage\":\"fr-FR\",\"url\":\"https:\/\/www.toys4vip.com\/app\/uploads\/2021\/11\/main-74.jpg\",\"contentUrl\":\"https:\/\/www.toys4vip.com\/app\/uploads\/2021\/11\/main-74.jpg\",\"width\":596,\"height\":596},{\"@type\":\"WebPage\",\"@id\":\"https:\/\/www.toys4vip.com\/fr\/luxury-toy\/la-baignoire-en-or\/93\/#webpage\",\"url\":\"https:\/\/www.toys4vip.com\/fr\/luxury-toy\/la-baignoire-en-or\/93\/\",\"name\":\"La Baignoire en \\\"or\\\" - Toys4Vip\",\"isPartOf\":{\"@id\":\"https:\/\/www.toys4vip.com\/fr\/#website\"},\"primaryImageOfPage\":{\"@id\":\"https:\/\/www.toys4vip.com\/fr\/luxury-toy\/la-baignoire-en-or\/93\/#primaryimage\"},\"datePublished\":\"2021-11-02T10:28:51+00:00\",\"dateModified\":\"2021-11-18T15:51:23+00:00\",\"description\":\"Summum du luxe, cette baignoire en mat\\u00e9riau de synth\\u00e8se arbore un d\\u00e9cor d'or rose \\u00e0 l'ext\\u00e9rieur.La Stone One Gold Line dans sa version \\u00ab or \\u00bb. est r\\u00e9alis\\u00e9e \\u00e0 la main et travaill\\u00e9e \\u00e0 la feuille, on se verrait tr\\u00e8s bien dans ce mod\\u00e8le royal, recouvert de mousse ! Cette baignoire \\u00e0 l'ovale pur, aux rondeurs maternelles et rassurantes se d\\u00e9cline dans de nombreuses customisations baroques, iris\\u00e9es ou extravagantes.Existe en or blanc et en or jaune. Dimensions : 170 x 87 cm - H 53 cm\",\"breadcrumb\":{\"@id\":\"https:\/\/www.toys4vip.com\/fr\/luxury-toy\/la-baignoire-en-or\/93\/#breadcrumb\"},\"inLanguage\":\"fr-FR\",\"potentialAction\":[{\"@type\":\"ReadAction\",\"target\":[\"https:\/\/www.toys4vip.com\/fr\/luxury-toy\/la-baignoire-en-or\/93\/\"]}]},{\"@type\":\"BreadcrumbList\",\"@id\":\"https:\/\/www.toys4vip.com\/fr\/luxury-toy\/la-baignoire-en-or\/93\/#breadcrumb\",\"itemListElement\":[{\"@type\":\"ListItem\",\"position\":1,\"name\":\"Home\",\"item\":\"https:\/\/www.toys4vip.com\/fr\/\"},{\"@type\":\"ListItem\",\"position\":2,\"name\":\"Objets \/ Cat\\u00e9gories\",\"item\":\"https:\/\/www.toys4vip.com\/fr\/luxury-toys\/\"},{\"@type\":\"ListItem\",\"position\":3,\"name\":\"La Baignoire en \\u00ab\\u00a0or\\u00a0\\u00bb\"}]}]}<\/script>\n<!-- \/ Yoast SEO plugin. -->","yoast_head_json":{"title":"La Baignoire en \"or\" - Toys4Vip","description":"Summum du luxe, cette baignoire en mat\u00e9riau de synth\u00e8se arbore un d\u00e9cor d'or rose \u00e0 l'ext\u00e9rieur.La Stone One Gold Line dans sa version \u00ab or \u00bb. est r\u00e9alis\u00e9e \u00e0 la main et travaill\u00e9e \u00e0 la feuille, on se verrait tr\u00e8s bien dans ce mod\u00e8le royal, recouvert de mousse ! Cette baignoire \u00e0 l'ovale pur, aux rondeurs maternelles et rassurantes se d\u00e9cline dans de nombreuses customisations baroques, iris\u00e9es ou extravagantes.Existe en or blanc et en or jaune. Dimensions : 170 x 87 cm - H 53 cm","robots":{"index":"index","follow":"follow","max-snippet":"max-snippet:-1","max-image-preview":"max-image-preview:large","max-video-preview":"max-video-preview:-1"},"canonical":"https:\/\/www.toys4vip.com\/fr\/luxury-toy\/la-baignoire-en-or\/93\/","og_locale":"fr_FR","og_type":"article","og_title":"La Baignoire en \"or\" - Toys4Vip","og_description":"Summum du luxe, cette baignoire en mat\u00e9riau de synth\u00e8se arbore un d\u00e9cor d'or rose \u00e0 l'ext\u00e9rieur.La Stone One Gold Line dans sa version \u00ab or \u00bb. est r\u00e9alis\u00e9e \u00e0 la main et travaill\u00e9e \u00e0 la feuille, on se verrait tr\u00e8s bien dans ce mod\u00e8le royal, recouvert de mousse ! Cette baignoire \u00e0 l'ovale pur, aux rondeurs maternelles et rassurantes se d\u00e9cline dans de nombreuses customisations baroques, iris\u00e9es ou extravagantes.Existe en or blanc et en or jaune. Dimensions : 170 x 87 cm - H 53 cm","og_url":"https:\/\/www.toys4vip.com\/fr\/luxury-toy\/la-baignoire-en-or\/93\/","og_site_name":"Toys4Vip","article_modified_time":"2021-11-18T15:51:23+00:00","og_image":[{"width":596,"height":596,"url":"https:\/\/www.toys4vip.com\/app\/uploads\/2021\/11\/main-74.jpg","type":"image\/jpeg"}],"twitter_card":"summary_large_image","schema":{"@context":"https:\/\/schema.org","@graph":[{"@type":"WebSite","@id":"https:\/\/www.toys4vip.com\/fr\/#website","url":"https:\/\/www.toys4vip.com\/fr\/","name":"Toys4Vip","description":"Jouets de luxe nouveau concept store","potentialAction":[{"@type":"SearchAction","target":{"@type":"EntryPoint","urlTemplate":"https:\/\/www.toys4vip.com\/fr\/?s={search_term_string}"},"query-input":"required name=search_term_string"}],"inLanguage":"fr-FR"},{"@type":"ImageObject","@id":"https:\/\/www.toys4vip.com\/fr\/luxury-toy\/la-baignoire-en-or\/93\/#primaryimage","inLanguage":"fr-FR","url":"https:\/\/www.toys4vip.com\/app\/uploads\/2021\/11\/main-74.jpg","contentUrl":"https:\/\/www.toys4vip.com\/app\/uploads\/2021\/11\/main-74.jpg","width":596,"height":596},{"@type":"WebPage","@id":"https:\/\/www.toys4vip.com\/fr\/luxury-toy\/la-baignoire-en-or\/93\/#webpage","url":"https:\/\/www.toys4vip.com\/fr\/luxury-toy\/la-baignoire-en-or\/93\/","name":"La Baignoire en \"or\" - Toys4Vip","isPartOf":{"@id":"https:\/\/www.toys4vip.com\/fr\/#website"},"primaryImageOfPage":{"@id":"https:\/\/www.toys4vip.com\/fr\/luxury-toy\/la-baignoire-en-or\/93\/#primaryimage"},"datePublished":"2021-11-02T10:28:51+00:00","dateModified":"2021-11-18T15:51:23+00:00","description":"Summum du luxe, cette baignoire en mat\u00e9riau de synth\u00e8se arbore un d\u00e9cor d'or rose \u00e0 l'ext\u00e9rieur.La Stone One Gold Line dans sa version \u00ab or \u00bb. est r\u00e9alis\u00e9e \u00e0 la main et travaill\u00e9e \u00e0 la feuille, on se verrait tr\u00e8s bien dans ce mod\u00e8le royal, recouvert de mousse ! Cette baignoire \u00e0 l'ovale pur, aux rondeurs maternelles et rassurantes se d\u00e9cline dans de nombreuses customisations baroques, iris\u00e9es ou extravagantes.Existe en or blanc et en or jaune. Dimensions : 170 x 87 cm - H 53 cm","breadcrumb":{"@id":"https:\/\/www.toys4vip.com\/fr\/luxury-toy\/la-baignoire-en-or\/93\/#breadcrumb"},"inLanguage":"fr-FR","potentialAction":[{"@type":"ReadAction","target":["https:\/\/www.toys4vip.com\/fr\/luxury-toy\/la-baignoire-en-or\/93\/"]}]},{"@type":"BreadcrumbList","@id":"https:\/\/www.toys4vip.com\/fr\/luxury-toy\/la-baignoire-en-or\/93\/#breadcrumb","itemListElement":[{"@type":"ListItem","position":1,"name":"Home","item":"https:\/\/www.toys4vip.com\/fr\/"},{"@type":"ListItem","position":2,"name":"Objets \/ Cat\u00e9gories","item":"https:\/\/www.toys4vip.com\/fr\/luxury-toys\/"},{"@type":"ListItem","position":3,"name":"La Baignoire en \u00ab\u00a0or\u00a0\u00bb"}]}]}},"_links":{"self":[{"href":"https:\/\/www.toys4vip.com\/fr\/wp-json\/wp\/v2\/product\/657"}],"collection":[{"href":"https:\/\/www.toys4vip.com\/fr\/wp-json\/wp\/v2\/product"}],"about":[{"href":"https:\/\/www.toys4vip.com\/fr\/wp-json\/wp\/v2\/types\/product"}],"replies":[{"embeddable":true,"href":"https:\/\/www.toys4vip.com\/fr\/wp-json\/wp\/v2\/comments?post=657"}],"wp:featuredmedia":[{"embeddable":true,"href":"https:\/\/www.toys4vip.com\/fr\/wp-json\/wp\/v2\/media\/655"}],"wp:attachment":[{"href":"https:\/\/www.toys4vip.com\/fr\/wp-json\/wp\/v2\/media?parent=657"}],"wp:term":[{"taxonomy":"product_cat","embeddable":true,"href":"https:\/\/www.toys4vip.com\/fr\/wp-json\/wp\/v2\/product_cat?post=657"},{"taxonomy":"product_tag","embeddable":true,"href":"https:\/\/www.toys4vip.com\/fr\/wp-json\/wp\/v2\/product_tag?post=657"}],"curies":[{"name":"wp","href":"https:\/\/api.w.org\/{rel}","templated":true}]}}