{"id":651,"date":"2021-11-02T10:28:51","date_gmt":"2021-11-02T10:28:51","guid":{"rendered":"https:\/\/toys4vip.com\/produit\/la-tramontana-et-nouvelle-xtr\/"},"modified":"2021-11-16T18:28:36","modified_gmt":"2021-11-16T18:28:36","slug":"la-tramontana-et-nouvelle-xtr","status":"publish","type":"product","link":"https:\/\/www.toys4vip.com\/fr\/luxury-toy\/la-tramontana-et-nouvelle-xtr\/91\/","title":{"rendered":"La Tramontana et nouvelle XTR"},"content":{"rendered":"<p>Elle d\u00e9fie les lois du design automobile depuis 2007, la Tramontana est une espagnole qui n&rsquo;a pas peur d&rsquo;oser esth\u00e9tiquement. Ni m\u00e9caniquement, offrant d\u00e9sormais une variante XTR de 888 chevaux !<\/p>\n<p>Vous voulez rouler pour \u00eatre vu, seul, dans une voiture \u00e0 mi-chemin entre version civilis\u00e9e et bolide de comp\u00e9tition, profiter de la m\u00e9lodie d&rsquo;un V12, sentir le parfum m\u00e9diterran\u00e9en, vous opterez pour la Tramontana. Si vous d\u00e9sirez un moteur surpuissant en plus de cela, voici la nouvelle variante XTR, dont les esquisses ont \u00e9t\u00e9 d\u00e9voil\u00e9es, avec quelques informations.<\/p>\n<p>Cette nouveaut\u00e9 am\u00e8ne quelques modifications, les optiques forme d\u00e9sormais un bloc et se place devant les roues, le pavillon a \u00e9t\u00e9 modifi\u00e9, les ailerons arri\u00e8re et avant sont modifi\u00e9s, l&rsquo;a\u00e9ration moteur amplifi\u00e9e (arri\u00e8re, ou\u00efes lat\u00e9rales) et le diffuseur est \u00e9largi. Le moteur reste celui des Mercedes S et CL 600, le 5,5 litres V12, d\u00e9veloppant d\u00e9sormais 888 chevaux (contre 720 ch maximum auparavant) et est coupl\u00e9 \u00e0 une bo\u00eete type comp\u00e9tition. Par contre, la Tramontana se garde les chiffres secrets, la version pr\u00e9c\u00e9dente R soufflant jusqu&rsquo;\u00e0 325 km\/h et exp\u00e9diant les 100 km\/h en 3,6 secondes.<\/p>\n","protected":false},"excerpt":{"rendered":"<p>Elle d\u00e9fie les lois du design automobile depuis 2007, la Tramontana est une espagnole qui n&rsquo;a pas peur d&rsquo;oser esth\u00e9tiquement. Ni m\u00e9caniquement, offrant d\u00e9sormais une variante XTR de 888 chevaux ! Vous voulez rouler pour \u00eatre vu, seul, dans une voiture \u00e0 mi-chemin entre version civilis\u00e9e et bolide de comp\u00e9tition, profiter de la m\u00e9lodie d&rsquo;un [&hellip;]<\/p>\n","protected":false},"featured_media":649,"comment_status":"open","ping_status":"closed","template":"","meta":[],"product_cat":[26,87],"product_tag":[],"yoast_head":"<!-- This site is optimized with the Yoast SEO plugin v17.4 - https:\/\/yoast.com\/wordpress\/plugins\/seo\/ -->\n<title>La Tramontana et nouvelle XTR - Toys4Vip<\/title>\n<meta name=\"description\" content=\"Elle d\u00e9fie les lois du design automobile depuis 2007, la Tramontana est une espagnole qui n&#039;a pas peur d&#039;oser esth\u00e9tiquement. Ni m\u00e9caniquement, offrant d\u00e9sormais une variante XTR de 888 chevaux !Vous voulez rouler pour \u00eatre vu, seul, dans une voiture \u00e0 mi-chemin entre version civilis\u00e9e et bolide de comp\u00e9tition, profiter de la m\u00e9lodie d&#039;un V12, sentir le parfum m\u00e9diterran\u00e9en, vous opterez pour la Tramontana.\" \/>\n<meta name=\"robots\" content=\"index, follow, max-snippet:-1, max-image-preview:large, max-video-preview:-1\" \/>\n<link rel=\"canonical\" href=\"https:\/\/www.toys4vip.com\/fr\/luxury-toy\/la-tramontana-et-nouvelle-xtr\/91\/\" \/>\n<meta property=\"og:locale\" content=\"fr_FR\" \/>\n<meta property=\"og:type\" content=\"article\" \/>\n<meta property=\"og:title\" content=\"La Tramontana et nouvelle XTR - Toys4Vip\" \/>\n<meta property=\"og:description\" content=\"Elle d\u00e9fie les lois du design automobile depuis 2007, la Tramontana est une espagnole qui n&#039;a pas peur d&#039;oser esth\u00e9tiquement. Ni m\u00e9caniquement, offrant d\u00e9sormais une variante XTR de 888 chevaux !Vous voulez rouler pour \u00eatre vu, seul, dans une voiture \u00e0 mi-chemin entre version civilis\u00e9e et bolide de comp\u00e9tition, profiter de la m\u00e9lodie d&#039;un V12, sentir le parfum m\u00e9diterran\u00e9en, vous opterez pour la Tramontana.\" \/>\n<meta property=\"og:url\" content=\"https:\/\/www.toys4vip.com\/fr\/luxury-toy\/la-tramontana-et-nouvelle-xtr\/91\/\" \/>\n<meta property=\"og:site_name\" content=\"Toys4Vip\" \/>\n<meta property=\"article:modified_time\" content=\"2021-11-16T18:28:36+00:00\" \/>\n<meta property=\"og:image\" content=\"https:\/\/www.toys4vip.com\/app\/uploads\/2021\/11\/main-72.jpg\" \/>\n\t<meta property=\"og:image:width\" content=\"720\" \/>\n\t<meta property=\"og:image:height\" content=\"480\" \/>\n<meta name=\"twitter:card\" content=\"summary_large_image\" \/>\n<meta name=\"twitter:label1\" content=\"Dur\u00e9e de lecture est.\" \/>\n\t<meta name=\"twitter:data1\" content=\"1 minute\" \/>\n<script type=\"application\/ld+json\" class=\"yoast-schema-graph\">{\"@context\":\"https:\/\/schema.org\",\"@graph\":[{\"@type\":\"WebSite\",\"@id\":\"https:\/\/www.toys4vip.com\/fr\/#website\",\"url\":\"https:\/\/www.toys4vip.com\/fr\/\",\"name\":\"Toys4Vip\",\"description\":\"Jouets de luxe nouveau concept store\",\"potentialAction\":[{\"@type\":\"SearchAction\",\"target\":{\"@type\":\"EntryPoint\",\"urlTemplate\":\"https:\/\/www.toys4vip.com\/fr\/?s={search_term_string}\"},\"query-input\":\"required name=search_term_string\"}],\"inLanguage\":\"fr-FR\"},{\"@type\":\"ImageObject\",\"@id\":\"https:\/\/www.toys4vip.com\/fr\/luxury-toy\/la-tramontana-et-nouvelle-xtr\/91\/#primaryimage\",\"inLanguage\":\"fr-FR\",\"url\":\"https:\/\/www.toys4vip.com\/app\/uploads\/2021\/11\/main-72.jpg\",\"contentUrl\":\"https:\/\/www.toys4vip.com\/app\/uploads\/2021\/11\/main-72.jpg\",\"width\":720,\"height\":480},{\"@type\":\"WebPage\",\"@id\":\"https:\/\/www.toys4vip.com\/fr\/luxury-toy\/la-tramontana-et-nouvelle-xtr\/91\/#webpage\",\"url\":\"https:\/\/www.toys4vip.com\/fr\/luxury-toy\/la-tramontana-et-nouvelle-xtr\/91\/\",\"name\":\"La Tramontana et nouvelle XTR - Toys4Vip\",\"isPartOf\":{\"@id\":\"https:\/\/www.toys4vip.com\/fr\/#website\"},\"primaryImageOfPage\":{\"@id\":\"https:\/\/www.toys4vip.com\/fr\/luxury-toy\/la-tramontana-et-nouvelle-xtr\/91\/#primaryimage\"},\"datePublished\":\"2021-11-02T10:28:51+00:00\",\"dateModified\":\"2021-11-16T18:28:36+00:00\",\"description\":\"Elle d\\u00e9fie les lois du design automobile depuis 2007, la Tramontana est une espagnole qui n'a pas peur d'oser esth\\u00e9tiquement. Ni m\\u00e9caniquement, offrant d\\u00e9sormais une variante XTR de 888 chevaux !Vous voulez rouler pour \\u00eatre vu, seul, dans une voiture \\u00e0 mi-chemin entre version civilis\\u00e9e et bolide de comp\\u00e9tition, profiter de la m\\u00e9lodie d'un V12, sentir le parfum m\\u00e9diterran\\u00e9en, vous opterez pour la Tramontana.\",\"breadcrumb\":{\"@id\":\"https:\/\/www.toys4vip.com\/fr\/luxury-toy\/la-tramontana-et-nouvelle-xtr\/91\/#breadcrumb\"},\"inLanguage\":\"fr-FR\",\"potentialAction\":[{\"@type\":\"ReadAction\",\"target\":[\"https:\/\/www.toys4vip.com\/fr\/luxury-toy\/la-tramontana-et-nouvelle-xtr\/91\/\"]}]},{\"@type\":\"BreadcrumbList\",\"@id\":\"https:\/\/www.toys4vip.com\/fr\/luxury-toy\/la-tramontana-et-nouvelle-xtr\/91\/#breadcrumb\",\"itemListElement\":[{\"@type\":\"ListItem\",\"position\":1,\"name\":\"Home\",\"item\":\"https:\/\/www.toys4vip.com\/fr\/\"},{\"@type\":\"ListItem\",\"position\":2,\"name\":\"Objets \/ Cat\\u00e9gories\",\"item\":\"https:\/\/www.toys4vip.com\/fr\/luxury-toys\/\"},{\"@type\":\"ListItem\",\"position\":3,\"name\":\"La Tramontana et nouvelle XTR\"}]}]}<\/script>\n<!-- \/ Yoast SEO plugin. -->","yoast_head_json":{"title":"La Tramontana et nouvelle XTR - Toys4Vip","description":"Elle d\u00e9fie les lois du design automobile depuis 2007, la Tramontana est une espagnole qui n'a pas peur d'oser esth\u00e9tiquement. Ni m\u00e9caniquement, offrant d\u00e9sormais une variante XTR de 888 chevaux !Vous voulez rouler pour \u00eatre vu, seul, dans une voiture \u00e0 mi-chemin entre version civilis\u00e9e et bolide de comp\u00e9tition, profiter de la m\u00e9lodie d'un V12, sentir le parfum m\u00e9diterran\u00e9en, vous opterez pour la Tramontana.","robots":{"index":"index","follow":"follow","max-snippet":"max-snippet:-1","max-image-preview":"max-image-preview:large","max-video-preview":"max-video-preview:-1"},"canonical":"https:\/\/www.toys4vip.com\/fr\/luxury-toy\/la-tramontana-et-nouvelle-xtr\/91\/","og_locale":"fr_FR","og_type":"article","og_title":"La Tramontana et nouvelle XTR - Toys4Vip","og_description":"Elle d\u00e9fie les lois du design automobile depuis 2007, la Tramontana est une espagnole qui n'a pas peur d'oser esth\u00e9tiquement. Ni m\u00e9caniquement, offrant d\u00e9sormais une variante XTR de 888 chevaux !Vous voulez rouler pour \u00eatre vu, seul, dans une voiture \u00e0 mi-chemin entre version civilis\u00e9e et bolide de comp\u00e9tition, profiter de la m\u00e9lodie d'un V12, sentir le parfum m\u00e9diterran\u00e9en, vous opterez pour la Tramontana.","og_url":"https:\/\/www.toys4vip.com\/fr\/luxury-toy\/la-tramontana-et-nouvelle-xtr\/91\/","og_site_name":"Toys4Vip","article_modified_time":"2021-11-16T18:28:36+00:00","og_image":[{"width":720,"height":480,"url":"https:\/\/www.toys4vip.com\/app\/uploads\/2021\/11\/main-72.jpg","type":"image\/jpeg"}],"twitter_card":"summary_large_image","twitter_misc":{"Dur\u00e9e de lecture est.":"1 minute"},"schema":{"@context":"https:\/\/schema.org","@graph":[{"@type":"WebSite","@id":"https:\/\/www.toys4vip.com\/fr\/#website","url":"https:\/\/www.toys4vip.com\/fr\/","name":"Toys4Vip","description":"Jouets de luxe nouveau concept store","potentialAction":[{"@type":"SearchAction","target":{"@type":"EntryPoint","urlTemplate":"https:\/\/www.toys4vip.com\/fr\/?s={search_term_string}"},"query-input":"required name=search_term_string"}],"inLanguage":"fr-FR"},{"@type":"ImageObject","@id":"https:\/\/www.toys4vip.com\/fr\/luxury-toy\/la-tramontana-et-nouvelle-xtr\/91\/#primaryimage","inLanguage":"fr-FR","url":"https:\/\/www.toys4vip.com\/app\/uploads\/2021\/11\/main-72.jpg","contentUrl":"https:\/\/www.toys4vip.com\/app\/uploads\/2021\/11\/main-72.jpg","width":720,"height":480},{"@type":"WebPage","@id":"https:\/\/www.toys4vip.com\/fr\/luxury-toy\/la-tramontana-et-nouvelle-xtr\/91\/#webpage","url":"https:\/\/www.toys4vip.com\/fr\/luxury-toy\/la-tramontana-et-nouvelle-xtr\/91\/","name":"La Tramontana et nouvelle XTR - Toys4Vip","isPartOf":{"@id":"https:\/\/www.toys4vip.com\/fr\/#website"},"primaryImageOfPage":{"@id":"https:\/\/www.toys4vip.com\/fr\/luxury-toy\/la-tramontana-et-nouvelle-xtr\/91\/#primaryimage"},"datePublished":"2021-11-02T10:28:51+00:00","dateModified":"2021-11-16T18:28:36+00:00","description":"Elle d\u00e9fie les lois du design automobile depuis 2007, la Tramontana est une espagnole qui n'a pas peur d'oser esth\u00e9tiquement. Ni m\u00e9caniquement, offrant d\u00e9sormais une variante XTR de 888 chevaux !Vous voulez rouler pour \u00eatre vu, seul, dans une voiture \u00e0 mi-chemin entre version civilis\u00e9e et bolide de comp\u00e9tition, profiter de la m\u00e9lodie d'un V12, sentir le parfum m\u00e9diterran\u00e9en, vous opterez pour la Tramontana.","breadcrumb":{"@id":"https:\/\/www.toys4vip.com\/fr\/luxury-toy\/la-tramontana-et-nouvelle-xtr\/91\/#breadcrumb"},"inLanguage":"fr-FR","potentialAction":[{"@type":"ReadAction","target":["https:\/\/www.toys4vip.com\/fr\/luxury-toy\/la-tramontana-et-nouvelle-xtr\/91\/"]}]},{"@type":"BreadcrumbList","@id":"https:\/\/www.toys4vip.com\/fr\/luxury-toy\/la-tramontana-et-nouvelle-xtr\/91\/#breadcrumb","itemListElement":[{"@type":"ListItem","position":1,"name":"Home","item":"https:\/\/www.toys4vip.com\/fr\/"},{"@type":"ListItem","position":2,"name":"Objets \/ Cat\u00e9gories","item":"https:\/\/www.toys4vip.com\/fr\/luxury-toys\/"},{"@type":"ListItem","position":3,"name":"La Tramontana et nouvelle XTR"}]}]}},"_links":{"self":[{"href":"https:\/\/www.toys4vip.com\/fr\/wp-json\/wp\/v2\/product\/651"}],"collection":[{"href":"https:\/\/www.toys4vip.com\/fr\/wp-json\/wp\/v2\/product"}],"about":[{"href":"https:\/\/www.toys4vip.com\/fr\/wp-json\/wp\/v2\/types\/product"}],"replies":[{"embeddable":true,"href":"https:\/\/www.toys4vip.com\/fr\/wp-json\/wp\/v2\/comments?post=651"}],"wp:featuredmedia":[{"embeddable":true,"href":"https:\/\/www.toys4vip.com\/fr\/wp-json\/wp\/v2\/media\/649"}],"wp:attachment":[{"href":"https:\/\/www.toys4vip.com\/fr\/wp-json\/wp\/v2\/media?parent=651"}],"wp:term":[{"taxonomy":"product_cat","embeddable":true,"href":"https:\/\/www.toys4vip.com\/fr\/wp-json\/wp\/v2\/product_cat?post=651"},{"taxonomy":"product_tag","embeddable":true,"href":"https:\/\/www.toys4vip.com\/fr\/wp-json\/wp\/v2\/product_tag?post=651"}],"curies":[{"name":"wp","href":"https:\/\/api.w.org\/{rel}","templated":true}]}}