{"id":633,"date":"2021-11-02T10:28:49","date_gmt":"2021-11-02T10:28:49","guid":{"rendered":"https:\/\/toys4vip.com\/produit\/cocoon-1\/"},"modified":"2021-11-17T17:34:50","modified_gmt":"2021-11-17T17:34:50","slug":"cocoon-1","status":"publish","type":"product","link":"https:\/\/www.toys4vip.com\/fr\/luxury-toy\/cocoon-1\/84\/","title":{"rendered":"Cocoon 1"},"content":{"rendered":"<p>Cocoon 1 peut \u00eatre utilis\u00e9 dans un espace int\u00e9rieur tout comme \u00e0 l\u2019ext\u00e9rieur et m\u00eame dans l\u2019eau. On peut alors l\u2019utiliser comme on en a envie: pour se d\u00e9tendre, dormir, travailler, cuisiner ou comme espace de rangement. C\u2019est \u00e0 nos sujets d\u2019exp\u00e9rience d\u2019en d\u00e9cider, car Cocoon 1 est un projet continu. Pendant qu\u2019ils se retirent dans le cocon de Cocoon 1, nous examinons toutes les autres choses dont ils ont besoin pour y trouver le bonheur.<\/p>\n<p>Cocoon 1 est transparent et mesure 180 cm de diam\u00e8tre. Par cons\u00e9quent, il peut \u00eatre parfaitement utilis\u00e9 comme espace \u00e0 l\u2019int\u00e9rieur d\u2019un espace. Gr\u00e2ce \u00e0 divers syst\u00e8mes de fixation, Cocoon 1 peut \u00eatre install\u00e9 parterre ou au plafond. Mais gr\u00e2ce \u00e0 un filet en nylon robuste, on a \u00e9galement la possibilit\u00e9 d\u2019accrocher Cocoon 1 dans les arbres et des b\u00e2timents \u2013 m\u00eame en grappe compos\u00e9e de plusieurs unit\u00e9s. L\u2019\u00e9lectricit\u00e9, le WiFi et un module permettant de cuisiner font de Cocoon 1 un endroit o\u00f9 il fait bon vivre. Quelles que soient les activit\u00e9s auxquelles on souhaite s\u2019adonner \u2013 l\u2019imagination n\u2019a aucune limite.<br \/>\nCocoon 1 dispose de trois modules de base: une structure de base (Foundation 360) et deux \u00e9l\u00e9ments de coussins (Pillow 90).<\/p>\n<p>Nous sommes par ailleurs en mesure de combiner ou remplacer l\u2019\u00e9quipement de base par des modules compl\u00e9mentaires. Ainsi, on peut par exemple avoir recours \u00e0 des \u00e9l\u00e9ments de coussins de diff\u00e9rentes tailles (Pillow 45, 90, 180) ou des modules de rangement (Storage 45, 90, 180)<\/p>\n<p>Gr\u00e2ce \u00e0 la fonctionnalit\u00e9 de cuisine (Kitchen 90) et \u00e0 la prise d\u2019eau (Water 90), Cocoon 1 peut \u00e9galement \u00eatre utilis\u00e9 sans probl\u00e8me en plein air. Une station \u00e9lectrique fournit alors l\u2019\u00e9clairage et l\u2019\u00e9nergie pour la cuisson. Les modules de rangement (Storage 90 et 180) peuvent \u00e9galement \u00eatre aliment\u00e9s en \u00e9lectricit\u00e9.<\/p>\n<p>Si vous souhaitez vous baigner avec Cocoon 1, nous vous recommandons la structure de base avec poids de plomb int\u00e9gr\u00e9 (Foundation Pb), gr\u00e2ce auquel le meuble se maintient horizontalement sur l\u2019eau.<\/p>\n<p>Diam\u00e8tre: 1800 mm<br \/>\nPoids (\u00e0 vide): 97 kg<br \/>\nPoids (avec modules de base): 135 kg<br \/>\nCharge maximale (au sol): 250 kg<br \/>\nCharge maximale (dans le filet): 200 kg<\/p>\n","protected":false},"excerpt":{"rendered":"<p>Cocoon 1 peut \u00eatre utilis\u00e9 dans un espace int\u00e9rieur tout comme \u00e0 l\u2019ext\u00e9rieur et m\u00eame dans l\u2019eau. On peut alors l\u2019utiliser comme on en a envie: pour se d\u00e9tendre, dormir, travailler, cuisiner ou comme espace de rangement. C\u2019est \u00e0 nos sujets d\u2019exp\u00e9rience d\u2019en d\u00e9cider, car Cocoon 1 est un projet continu. Pendant qu\u2019ils se retirent [&hellip;]<\/p>\n","protected":false},"featured_media":631,"comment_status":"open","ping_status":"closed","template":"","meta":[],"product_cat":[42],"product_tag":[],"yoast_head":"<!-- This site is optimized with the Yoast SEO plugin v17.4 - https:\/\/yoast.com\/wordpress\/plugins\/seo\/ -->\n<title>Cocoon 1 - Toys4vip<\/title>\n<meta name=\"description\" content=\"Cocoon 1 peut \u00eatre utilis\u00e9 dans un espace int\u00e9rieur tout comme \u00e0 l\u2019ext\u00e9rieur et m\u00eame dans l\u2019eau. On peut alors l\u2019utiliser comme on en a envie: pour se d\u00e9tendre, dormir, travailler, cuisiner ou comme espace de rangement. C\u2019est \u00e0 nos sujets d\u2019exp\u00e9rience d\u2019en d\u00e9cider, car Cocoon 1 est un projet continu. Pendant qu\u2019ils se retirent dans le cocon de Cocoon 1, nous examinons toutes les autres choses dont ils ont besoin pour y trouver le bonheur.\" \/>\n<meta name=\"robots\" content=\"index, follow, max-snippet:-1, max-image-preview:large, max-video-preview:-1\" \/>\n<link rel=\"canonical\" href=\"https:\/\/www.toys4vip.com\/fr\/luxury-toy\/cocoon-1\/84\/\" \/>\n<meta property=\"og:locale\" content=\"fr_FR\" \/>\n<meta property=\"og:type\" content=\"article\" \/>\n<meta property=\"og:title\" content=\"Cocoon 1 - Toys4vip\" \/>\n<meta property=\"og:description\" content=\"Cocoon 1 peut \u00eatre utilis\u00e9 dans un espace int\u00e9rieur tout comme \u00e0 l\u2019ext\u00e9rieur et m\u00eame dans l\u2019eau. On peut alors l\u2019utiliser comme on en a envie: pour se d\u00e9tendre, dormir, travailler, cuisiner ou comme espace de rangement. C\u2019est \u00e0 nos sujets d\u2019exp\u00e9rience d\u2019en d\u00e9cider, car Cocoon 1 est un projet continu. Pendant qu\u2019ils se retirent dans le cocon de Cocoon 1, nous examinons toutes les autres choses dont ils ont besoin pour y trouver le bonheur.\" \/>\n<meta property=\"og:url\" content=\"https:\/\/www.toys4vip.com\/fr\/luxury-toy\/cocoon-1\/84\/\" \/>\n<meta property=\"og:site_name\" content=\"Toys4Vip\" \/>\n<meta property=\"article:modified_time\" content=\"2021-11-17T17:34:50+00:00\" \/>\n<meta property=\"og:image\" content=\"https:\/\/www.toys4vip.com\/app\/uploads\/2021\/11\/main-66.jpg\" \/>\n\t<meta property=\"og:image:width\" content=\"650\" \/>\n\t<meta property=\"og:image:height\" content=\"488\" \/>\n<meta name=\"twitter:card\" content=\"summary_large_image\" \/>\n<meta name=\"twitter:label1\" content=\"Dur\u00e9e de lecture est.\" \/>\n\t<meta name=\"twitter:data1\" content=\"2 minutes\" \/>\n<script type=\"application\/ld+json\" class=\"yoast-schema-graph\">{\"@context\":\"https:\/\/schema.org\",\"@graph\":[{\"@type\":\"WebSite\",\"@id\":\"https:\/\/www.toys4vip.com\/fr\/#website\",\"url\":\"https:\/\/www.toys4vip.com\/fr\/\",\"name\":\"Toys4Vip\",\"description\":\"Jouets de luxe nouveau concept store\",\"potentialAction\":[{\"@type\":\"SearchAction\",\"target\":{\"@type\":\"EntryPoint\",\"urlTemplate\":\"https:\/\/www.toys4vip.com\/fr\/?s={search_term_string}\"},\"query-input\":\"required name=search_term_string\"}],\"inLanguage\":\"fr-FR\"},{\"@type\":\"ImageObject\",\"@id\":\"https:\/\/www.toys4vip.com\/fr\/luxury-toy\/cocoon-1\/84\/#primaryimage\",\"inLanguage\":\"fr-FR\",\"url\":\"https:\/\/www.toys4vip.com\/app\/uploads\/2021\/11\/main-66.jpg\",\"contentUrl\":\"https:\/\/www.toys4vip.com\/app\/uploads\/2021\/11\/main-66.jpg\",\"width\":650,\"height\":488},{\"@type\":\"WebPage\",\"@id\":\"https:\/\/www.toys4vip.com\/fr\/luxury-toy\/cocoon-1\/84\/#webpage\",\"url\":\"https:\/\/www.toys4vip.com\/fr\/luxury-toy\/cocoon-1\/84\/\",\"name\":\"Cocoon 1 - Toys4vip\",\"isPartOf\":{\"@id\":\"https:\/\/www.toys4vip.com\/fr\/#website\"},\"primaryImageOfPage\":{\"@id\":\"https:\/\/www.toys4vip.com\/fr\/luxury-toy\/cocoon-1\/84\/#primaryimage\"},\"datePublished\":\"2021-11-02T10:28:49+00:00\",\"dateModified\":\"2021-11-17T17:34:50+00:00\",\"description\":\"Cocoon 1 peut \\u00eatre utilis\\u00e9 dans un espace int\\u00e9rieur tout comme \\u00e0 l\\u2019ext\\u00e9rieur et m\\u00eame dans l\\u2019eau. On peut alors l\\u2019utiliser comme on en a envie: pour se d\\u00e9tendre, dormir, travailler, cuisiner ou comme espace de rangement. C\\u2019est \\u00e0 nos sujets d\\u2019exp\\u00e9rience d\\u2019en d\\u00e9cider, car Cocoon 1 est un projet continu. Pendant qu\\u2019ils se retirent dans le cocon de Cocoon 1, nous examinons toutes les autres choses dont ils ont besoin pour y trouver le bonheur.\",\"breadcrumb\":{\"@id\":\"https:\/\/www.toys4vip.com\/fr\/luxury-toy\/cocoon-1\/84\/#breadcrumb\"},\"inLanguage\":\"fr-FR\",\"potentialAction\":[{\"@type\":\"ReadAction\",\"target\":[\"https:\/\/www.toys4vip.com\/fr\/luxury-toy\/cocoon-1\/84\/\"]}]},{\"@type\":\"BreadcrumbList\",\"@id\":\"https:\/\/www.toys4vip.com\/fr\/luxury-toy\/cocoon-1\/84\/#breadcrumb\",\"itemListElement\":[{\"@type\":\"ListItem\",\"position\":1,\"name\":\"Home\",\"item\":\"https:\/\/www.toys4vip.com\/fr\/\"},{\"@type\":\"ListItem\",\"position\":2,\"name\":\"Objets \/ Cat\\u00e9gories\",\"item\":\"https:\/\/www.toys4vip.com\/fr\/luxury-toys\/\"},{\"@type\":\"ListItem\",\"position\":3,\"name\":\"Cocoon 1\"}]}]}<\/script>\n<!-- \/ Yoast SEO plugin. -->","yoast_head_json":{"title":"Cocoon 1 - Toys4vip","description":"Cocoon 1 peut \u00eatre utilis\u00e9 dans un espace int\u00e9rieur tout comme \u00e0 l\u2019ext\u00e9rieur et m\u00eame dans l\u2019eau. On peut alors l\u2019utiliser comme on en a envie: pour se d\u00e9tendre, dormir, travailler, cuisiner ou comme espace de rangement. C\u2019est \u00e0 nos sujets d\u2019exp\u00e9rience d\u2019en d\u00e9cider, car Cocoon 1 est un projet continu. Pendant qu\u2019ils se retirent dans le cocon de Cocoon 1, nous examinons toutes les autres choses dont ils ont besoin pour y trouver le bonheur.","robots":{"index":"index","follow":"follow","max-snippet":"max-snippet:-1","max-image-preview":"max-image-preview:large","max-video-preview":"max-video-preview:-1"},"canonical":"https:\/\/www.toys4vip.com\/fr\/luxury-toy\/cocoon-1\/84\/","og_locale":"fr_FR","og_type":"article","og_title":"Cocoon 1 - Toys4vip","og_description":"Cocoon 1 peut \u00eatre utilis\u00e9 dans un espace int\u00e9rieur tout comme \u00e0 l\u2019ext\u00e9rieur et m\u00eame dans l\u2019eau. On peut alors l\u2019utiliser comme on en a envie: pour se d\u00e9tendre, dormir, travailler, cuisiner ou comme espace de rangement. C\u2019est \u00e0 nos sujets d\u2019exp\u00e9rience d\u2019en d\u00e9cider, car Cocoon 1 est un projet continu. Pendant qu\u2019ils se retirent dans le cocon de Cocoon 1, nous examinons toutes les autres choses dont ils ont besoin pour y trouver le bonheur.","og_url":"https:\/\/www.toys4vip.com\/fr\/luxury-toy\/cocoon-1\/84\/","og_site_name":"Toys4Vip","article_modified_time":"2021-11-17T17:34:50+00:00","og_image":[{"width":650,"height":488,"url":"https:\/\/www.toys4vip.com\/app\/uploads\/2021\/11\/main-66.jpg","type":"image\/jpeg"}],"twitter_card":"summary_large_image","twitter_misc":{"Dur\u00e9e de lecture est.":"2 minutes"},"schema":{"@context":"https:\/\/schema.org","@graph":[{"@type":"WebSite","@id":"https:\/\/www.toys4vip.com\/fr\/#website","url":"https:\/\/www.toys4vip.com\/fr\/","name":"Toys4Vip","description":"Jouets de luxe nouveau concept store","potentialAction":[{"@type":"SearchAction","target":{"@type":"EntryPoint","urlTemplate":"https:\/\/www.toys4vip.com\/fr\/?s={search_term_string}"},"query-input":"required name=search_term_string"}],"inLanguage":"fr-FR"},{"@type":"ImageObject","@id":"https:\/\/www.toys4vip.com\/fr\/luxury-toy\/cocoon-1\/84\/#primaryimage","inLanguage":"fr-FR","url":"https:\/\/www.toys4vip.com\/app\/uploads\/2021\/11\/main-66.jpg","contentUrl":"https:\/\/www.toys4vip.com\/app\/uploads\/2021\/11\/main-66.jpg","width":650,"height":488},{"@type":"WebPage","@id":"https:\/\/www.toys4vip.com\/fr\/luxury-toy\/cocoon-1\/84\/#webpage","url":"https:\/\/www.toys4vip.com\/fr\/luxury-toy\/cocoon-1\/84\/","name":"Cocoon 1 - Toys4vip","isPartOf":{"@id":"https:\/\/www.toys4vip.com\/fr\/#website"},"primaryImageOfPage":{"@id":"https:\/\/www.toys4vip.com\/fr\/luxury-toy\/cocoon-1\/84\/#primaryimage"},"datePublished":"2021-11-02T10:28:49+00:00","dateModified":"2021-11-17T17:34:50+00:00","description":"Cocoon 1 peut \u00eatre utilis\u00e9 dans un espace int\u00e9rieur tout comme \u00e0 l\u2019ext\u00e9rieur et m\u00eame dans l\u2019eau. On peut alors l\u2019utiliser comme on en a envie: pour se d\u00e9tendre, dormir, travailler, cuisiner ou comme espace de rangement. C\u2019est \u00e0 nos sujets d\u2019exp\u00e9rience d\u2019en d\u00e9cider, car Cocoon 1 est un projet continu. Pendant qu\u2019ils se retirent dans le cocon de Cocoon 1, nous examinons toutes les autres choses dont ils ont besoin pour y trouver le bonheur.","breadcrumb":{"@id":"https:\/\/www.toys4vip.com\/fr\/luxury-toy\/cocoon-1\/84\/#breadcrumb"},"inLanguage":"fr-FR","potentialAction":[{"@type":"ReadAction","target":["https:\/\/www.toys4vip.com\/fr\/luxury-toy\/cocoon-1\/84\/"]}]},{"@type":"BreadcrumbList","@id":"https:\/\/www.toys4vip.com\/fr\/luxury-toy\/cocoon-1\/84\/#breadcrumb","itemListElement":[{"@type":"ListItem","position":1,"name":"Home","item":"https:\/\/www.toys4vip.com\/fr\/"},{"@type":"ListItem","position":2,"name":"Objets \/ Cat\u00e9gories","item":"https:\/\/www.toys4vip.com\/fr\/luxury-toys\/"},{"@type":"ListItem","position":3,"name":"Cocoon 1"}]}]}},"_links":{"self":[{"href":"https:\/\/www.toys4vip.com\/fr\/wp-json\/wp\/v2\/product\/633"}],"collection":[{"href":"https:\/\/www.toys4vip.com\/fr\/wp-json\/wp\/v2\/product"}],"about":[{"href":"https:\/\/www.toys4vip.com\/fr\/wp-json\/wp\/v2\/types\/product"}],"replies":[{"embeddable":true,"href":"https:\/\/www.toys4vip.com\/fr\/wp-json\/wp\/v2\/comments?post=633"}],"wp:featuredmedia":[{"embeddable":true,"href":"https:\/\/www.toys4vip.com\/fr\/wp-json\/wp\/v2\/media\/631"}],"wp:attachment":[{"href":"https:\/\/www.toys4vip.com\/fr\/wp-json\/wp\/v2\/media?parent=633"}],"wp:term":[{"taxonomy":"product_cat","embeddable":true,"href":"https:\/\/www.toys4vip.com\/fr\/wp-json\/wp\/v2\/product_cat?post=633"},{"taxonomy":"product_tag","embeddable":true,"href":"https:\/\/www.toys4vip.com\/fr\/wp-json\/wp\/v2\/product_tag?post=633"}],"curies":[{"name":"wp","href":"https:\/\/api.w.org\/{rel}","templated":true}]}}