{"id":627,"date":"2021-11-02T10:28:49","date_gmt":"2021-11-02T10:28:49","guid":{"rendered":"https:\/\/toys4vip.com\/produit\/volteis-by-starck\/"},"modified":"2021-11-16T18:27:50","modified_gmt":"2021-11-16T18:27:50","slug":"volteis-by-starck","status":"publish","type":"product","link":"https:\/\/www.toys4vip.com\/fr\/luxury-toy\/volteis-by-starck\/82\/","title":{"rendered":"Volteis by Starck"},"content":{"rendered":"<p>Voici une toute petite auto. 2,67 m de long pour 1,88 m de large et 1,62 m de haut. Ce n&rsquo;est d&rsquo;ailleurs pas une vraie voiture, mais une voiturette, homologu\u00e9e comme un quadricycle lourd, et conduisible d\u00e9s 16 ans. Son look est totalement original, in\u00e9dit, mais on connait cette petite auto depuis bien longtemps, elle est commercialis\u00e9e depuis 3 ans par une entreprise ard\u00e9choise sous le nom de Volteis. C&rsquo;est un v\u00e9hicule fran\u00e7ais, de conception comme de fabrication, et il est reconnaissable entre tous avec son look de petite Jeep. Le voici redessin\u00e9e par un grand nom, Philippe Starck.<\/p>\n<p>25 000 \u20ac (Prix de base) Dans l&rsquo;absolu, c&rsquo;est cher pour une voiturette aux performances et \u00e0 l&rsquo;autonomie limit\u00e9e (65 km\/h et 60 km), mais pour un v\u00e9hicule au look aussi d\u00e9cal\u00e9 que sympathique, qui sera rare sur les routes, et sign\u00e9 d&rsquo;un grand nom, ce tarif n&rsquo;a rien d&rsquo;exag\u00e9r\u00e9. Et puis, on appr\u00e9ciera le rev\u00eatement des si\u00e8ges quand il fait chaud, tandis que le grand espace de rangement derri\u00e8re le volant permettra la pose d&rsquo;une paire de palmes comme de bouquets de fleurs. La Volteis sign\u00e9e Starck ? Ce sont les vacances toute l&rsquo;ann\u00e9e !<\/p>\n","protected":false},"excerpt":{"rendered":"<p>Voici une toute petite auto. 2,67 m de long pour 1,88 m de large et 1,62 m de haut. Ce n&rsquo;est d&rsquo;ailleurs pas une vraie voiture, mais une voiturette, homologu\u00e9e comme un quadricycle lourd, et conduisible d\u00e9s 16 ans. Son look est totalement original, in\u00e9dit, mais on connait cette petite auto depuis bien longtemps, elle [&hellip;]<\/p>\n","protected":false},"featured_media":625,"comment_status":"open","ping_status":"closed","template":"","meta":[],"product_cat":[26,87],"product_tag":[],"yoast_head":"<!-- This site is optimized with the Yoast SEO plugin v17.4 - https:\/\/yoast.com\/wordpress\/plugins\/seo\/ -->\n<title>Volteis by Starck - Toys4Vip<\/title>\n<meta name=\"description\" content=\"Voici une toute petite auto. 2,67 m de long pour 1,88 m de large et 1,62 m de haut. Ce n&#039;est d&#039;ailleurs pas une vraie voiture, mais une voiturette, homologu\u00e9e comme un quadricycle lourd, et conduisible d\u00e9s 16 ans. Son look est totalement original, in\u00e9dit, mais on connait cette petite auto depuis bien longtemps, elle est commercialis\u00e9e depuis 3 ans par une entreprise ard\u00e9choise sous le nom de Volteis.\" \/>\n<meta name=\"robots\" content=\"index, follow, max-snippet:-1, max-image-preview:large, max-video-preview:-1\" \/>\n<link rel=\"canonical\" href=\"https:\/\/www.toys4vip.com\/fr\/luxury-toy\/volteis-by-starck\/82\/\" \/>\n<meta property=\"og:locale\" content=\"fr_FR\" \/>\n<meta property=\"og:type\" content=\"article\" \/>\n<meta property=\"og:title\" content=\"Volteis by Starck - Toys4Vip\" \/>\n<meta property=\"og:description\" content=\"Voici une toute petite auto. 2,67 m de long pour 1,88 m de large et 1,62 m de haut. Ce n&#039;est d&#039;ailleurs pas une vraie voiture, mais une voiturette, homologu\u00e9e comme un quadricycle lourd, et conduisible d\u00e9s 16 ans. Son look est totalement original, in\u00e9dit, mais on connait cette petite auto depuis bien longtemps, elle est commercialis\u00e9e depuis 3 ans par une entreprise ard\u00e9choise sous le nom de Volteis.\" \/>\n<meta property=\"og:url\" content=\"https:\/\/www.toys4vip.com\/fr\/luxury-toy\/volteis-by-starck\/82\/\" \/>\n<meta property=\"og:site_name\" content=\"Toys4Vip\" \/>\n<meta property=\"article:modified_time\" content=\"2021-11-16T18:27:50+00:00\" \/>\n<meta property=\"og:image\" content=\"https:\/\/www.toys4vip.com\/app\/uploads\/2021\/11\/main-64.jpg\" \/>\n\t<meta property=\"og:image:width\" content=\"572\" \/>\n\t<meta property=\"og:image:height\" content=\"334\" \/>\n<meta name=\"twitter:card\" content=\"summary_large_image\" \/>\n<meta name=\"twitter:label1\" content=\"Dur\u00e9e de lecture est.\" \/>\n\t<meta name=\"twitter:data1\" content=\"1 minute\" \/>\n<script type=\"application\/ld+json\" class=\"yoast-schema-graph\">{\"@context\":\"https:\/\/schema.org\",\"@graph\":[{\"@type\":\"WebSite\",\"@id\":\"https:\/\/www.toys4vip.com\/fr\/#website\",\"url\":\"https:\/\/www.toys4vip.com\/fr\/\",\"name\":\"Toys4Vip\",\"description\":\"Jouets de luxe nouveau concept store\",\"potentialAction\":[{\"@type\":\"SearchAction\",\"target\":{\"@type\":\"EntryPoint\",\"urlTemplate\":\"https:\/\/www.toys4vip.com\/fr\/?s={search_term_string}\"},\"query-input\":\"required name=search_term_string\"}],\"inLanguage\":\"fr-FR\"},{\"@type\":\"ImageObject\",\"@id\":\"https:\/\/www.toys4vip.com\/fr\/luxury-toy\/volteis-by-starck\/82\/#primaryimage\",\"inLanguage\":\"fr-FR\",\"url\":\"https:\/\/www.toys4vip.com\/app\/uploads\/2021\/11\/main-64.jpg\",\"contentUrl\":\"https:\/\/www.toys4vip.com\/app\/uploads\/2021\/11\/main-64.jpg\",\"width\":572,\"height\":334},{\"@type\":\"WebPage\",\"@id\":\"https:\/\/www.toys4vip.com\/fr\/luxury-toy\/volteis-by-starck\/82\/#webpage\",\"url\":\"https:\/\/www.toys4vip.com\/fr\/luxury-toy\/volteis-by-starck\/82\/\",\"name\":\"Volteis by Starck - Toys4Vip\",\"isPartOf\":{\"@id\":\"https:\/\/www.toys4vip.com\/fr\/#website\"},\"primaryImageOfPage\":{\"@id\":\"https:\/\/www.toys4vip.com\/fr\/luxury-toy\/volteis-by-starck\/82\/#primaryimage\"},\"datePublished\":\"2021-11-02T10:28:49+00:00\",\"dateModified\":\"2021-11-16T18:27:50+00:00\",\"description\":\"Voici une toute petite auto. 2,67 m de long pour 1,88 m de large et 1,62 m de haut. Ce n'est d'ailleurs pas une vraie voiture, mais une voiturette, homologu\\u00e9e comme un quadricycle lourd, et conduisible d\\u00e9s 16 ans. Son look est totalement original, in\\u00e9dit, mais on connait cette petite auto depuis bien longtemps, elle est commercialis\\u00e9e depuis 3 ans par une entreprise ard\\u00e9choise sous le nom de Volteis.\",\"breadcrumb\":{\"@id\":\"https:\/\/www.toys4vip.com\/fr\/luxury-toy\/volteis-by-starck\/82\/#breadcrumb\"},\"inLanguage\":\"fr-FR\",\"potentialAction\":[{\"@type\":\"ReadAction\",\"target\":[\"https:\/\/www.toys4vip.com\/fr\/luxury-toy\/volteis-by-starck\/82\/\"]}]},{\"@type\":\"BreadcrumbList\",\"@id\":\"https:\/\/www.toys4vip.com\/fr\/luxury-toy\/volteis-by-starck\/82\/#breadcrumb\",\"itemListElement\":[{\"@type\":\"ListItem\",\"position\":1,\"name\":\"Home\",\"item\":\"https:\/\/www.toys4vip.com\/fr\/\"},{\"@type\":\"ListItem\",\"position\":2,\"name\":\"Objets \/ Cat\\u00e9gories\",\"item\":\"https:\/\/www.toys4vip.com\/fr\/luxury-toys\/\"},{\"@type\":\"ListItem\",\"position\":3,\"name\":\"Volteis by Starck\"}]}]}<\/script>\n<!-- \/ Yoast SEO plugin. -->","yoast_head_json":{"title":"Volteis by Starck - Toys4Vip","description":"Voici une toute petite auto. 2,67 m de long pour 1,88 m de large et 1,62 m de haut. Ce n'est d'ailleurs pas une vraie voiture, mais une voiturette, homologu\u00e9e comme un quadricycle lourd, et conduisible d\u00e9s 16 ans. Son look est totalement original, in\u00e9dit, mais on connait cette petite auto depuis bien longtemps, elle est commercialis\u00e9e depuis 3 ans par une entreprise ard\u00e9choise sous le nom de Volteis.","robots":{"index":"index","follow":"follow","max-snippet":"max-snippet:-1","max-image-preview":"max-image-preview:large","max-video-preview":"max-video-preview:-1"},"canonical":"https:\/\/www.toys4vip.com\/fr\/luxury-toy\/volteis-by-starck\/82\/","og_locale":"fr_FR","og_type":"article","og_title":"Volteis by Starck - Toys4Vip","og_description":"Voici une toute petite auto. 2,67 m de long pour 1,88 m de large et 1,62 m de haut. Ce n'est d'ailleurs pas une vraie voiture, mais une voiturette, homologu\u00e9e comme un quadricycle lourd, et conduisible d\u00e9s 16 ans. Son look est totalement original, in\u00e9dit, mais on connait cette petite auto depuis bien longtemps, elle est commercialis\u00e9e depuis 3 ans par une entreprise ard\u00e9choise sous le nom de Volteis.","og_url":"https:\/\/www.toys4vip.com\/fr\/luxury-toy\/volteis-by-starck\/82\/","og_site_name":"Toys4Vip","article_modified_time":"2021-11-16T18:27:50+00:00","og_image":[{"width":572,"height":334,"url":"https:\/\/www.toys4vip.com\/app\/uploads\/2021\/11\/main-64.jpg","type":"image\/jpeg"}],"twitter_card":"summary_large_image","twitter_misc":{"Dur\u00e9e de lecture est.":"1 minute"},"schema":{"@context":"https:\/\/schema.org","@graph":[{"@type":"WebSite","@id":"https:\/\/www.toys4vip.com\/fr\/#website","url":"https:\/\/www.toys4vip.com\/fr\/","name":"Toys4Vip","description":"Jouets de luxe nouveau concept store","potentialAction":[{"@type":"SearchAction","target":{"@type":"EntryPoint","urlTemplate":"https:\/\/www.toys4vip.com\/fr\/?s={search_term_string}"},"query-input":"required name=search_term_string"}],"inLanguage":"fr-FR"},{"@type":"ImageObject","@id":"https:\/\/www.toys4vip.com\/fr\/luxury-toy\/volteis-by-starck\/82\/#primaryimage","inLanguage":"fr-FR","url":"https:\/\/www.toys4vip.com\/app\/uploads\/2021\/11\/main-64.jpg","contentUrl":"https:\/\/www.toys4vip.com\/app\/uploads\/2021\/11\/main-64.jpg","width":572,"height":334},{"@type":"WebPage","@id":"https:\/\/www.toys4vip.com\/fr\/luxury-toy\/volteis-by-starck\/82\/#webpage","url":"https:\/\/www.toys4vip.com\/fr\/luxury-toy\/volteis-by-starck\/82\/","name":"Volteis by Starck - Toys4Vip","isPartOf":{"@id":"https:\/\/www.toys4vip.com\/fr\/#website"},"primaryImageOfPage":{"@id":"https:\/\/www.toys4vip.com\/fr\/luxury-toy\/volteis-by-starck\/82\/#primaryimage"},"datePublished":"2021-11-02T10:28:49+00:00","dateModified":"2021-11-16T18:27:50+00:00","description":"Voici une toute petite auto. 2,67 m de long pour 1,88 m de large et 1,62 m de haut. Ce n'est d'ailleurs pas une vraie voiture, mais une voiturette, homologu\u00e9e comme un quadricycle lourd, et conduisible d\u00e9s 16 ans. Son look est totalement original, in\u00e9dit, mais on connait cette petite auto depuis bien longtemps, elle est commercialis\u00e9e depuis 3 ans par une entreprise ard\u00e9choise sous le nom de Volteis.","breadcrumb":{"@id":"https:\/\/www.toys4vip.com\/fr\/luxury-toy\/volteis-by-starck\/82\/#breadcrumb"},"inLanguage":"fr-FR","potentialAction":[{"@type":"ReadAction","target":["https:\/\/www.toys4vip.com\/fr\/luxury-toy\/volteis-by-starck\/82\/"]}]},{"@type":"BreadcrumbList","@id":"https:\/\/www.toys4vip.com\/fr\/luxury-toy\/volteis-by-starck\/82\/#breadcrumb","itemListElement":[{"@type":"ListItem","position":1,"name":"Home","item":"https:\/\/www.toys4vip.com\/fr\/"},{"@type":"ListItem","position":2,"name":"Objets \/ Cat\u00e9gories","item":"https:\/\/www.toys4vip.com\/fr\/luxury-toys\/"},{"@type":"ListItem","position":3,"name":"Volteis by Starck"}]}]}},"_links":{"self":[{"href":"https:\/\/www.toys4vip.com\/fr\/wp-json\/wp\/v2\/product\/627"}],"collection":[{"href":"https:\/\/www.toys4vip.com\/fr\/wp-json\/wp\/v2\/product"}],"about":[{"href":"https:\/\/www.toys4vip.com\/fr\/wp-json\/wp\/v2\/types\/product"}],"replies":[{"embeddable":true,"href":"https:\/\/www.toys4vip.com\/fr\/wp-json\/wp\/v2\/comments?post=627"}],"wp:featuredmedia":[{"embeddable":true,"href":"https:\/\/www.toys4vip.com\/fr\/wp-json\/wp\/v2\/media\/625"}],"wp:attachment":[{"href":"https:\/\/www.toys4vip.com\/fr\/wp-json\/wp\/v2\/media?parent=627"}],"wp:term":[{"taxonomy":"product_cat","embeddable":true,"href":"https:\/\/www.toys4vip.com\/fr\/wp-json\/wp\/v2\/product_cat?post=627"},{"taxonomy":"product_tag","embeddable":true,"href":"https:\/\/www.toys4vip.com\/fr\/wp-json\/wp\/v2\/product_tag?post=627"}],"curies":[{"name":"wp","href":"https:\/\/api.w.org\/{rel}","templated":true}]}}