{"id":624,"date":"2021-11-02T10:28:49","date_gmt":"2021-11-02T10:28:49","guid":{"rendered":"https:\/\/toys4vip.com\/produit\/revolver-miniature\/"},"modified":"2021-11-14T17:56:06","modified_gmt":"2021-11-14T17:56:06","slug":"revolver-miniature","status":"publish","type":"product","link":"https:\/\/www.toys4vip.com\/fr\/luxury-toy\/revolver-miniature\/81\/","title":{"rendered":"Revolver Miniature"},"content":{"rendered":"<p>Revolver miniature en or 18 carats, grav\u00e9e \u00e0 la main, livr\u00e9 dans un luxueux coffret d&rsquo;\u00e9rable verte teint\u00e9e de pr\u00e9sentation en bois dans lequel sont mont\u00e9s, un porte cl\u00e9 en or 18k, 48 cartouches, 24 et 36 fus\u00e9es lumineuses, 12 de chaque rouge, vert et blanc et un ensemble de nettoyage.<\/p>\n<p>Ces revolvers miniatures sont fabriqu\u00e9s sur commande et la finition peut \u00eatre \u00e0 souhaits des clients tels que: poign\u00e9es d&rsquo;\u00e9b\u00e8ne, poign\u00e9es grav\u00e9es main, poign\u00e9es en or avec des diamants ou des colliers de pierres pr\u00e9cieuses.<\/p>\n<p>Les prix seront fournis sur demande et d\u00e9pendra de la quantit\u00e9 et de la finition.<br \/>\nNum\u00e9ro de r\u00e9f\u00e9rence et num\u00e9ro individuel grav\u00e9 \u00e0 la main sont entre les m\u00e2choires.<\/p>\n","protected":false},"excerpt":{"rendered":"<p>Revolver miniature en or 18 carats, grav\u00e9e \u00e0 la main, livr\u00e9 dans un luxueux coffret d&rsquo;\u00e9rable verte teint\u00e9e de pr\u00e9sentation en bois dans lequel sont mont\u00e9s, un porte cl\u00e9 en or 18k, 48 cartouches, 24 et 36 fus\u00e9es lumineuses, 12 de chaque rouge, vert et blanc et un ensemble de nettoyage. Ces revolvers miniatures sont [&hellip;]<\/p>\n","protected":false},"featured_media":622,"comment_status":"open","ping_status":"closed","template":"","meta":[],"product_cat":[33],"product_tag":[],"yoast_head":"<!-- This site is optimized with the Yoast SEO plugin v17.4 - https:\/\/yoast.com\/wordpress\/plugins\/seo\/ -->\n<title>Revolver Miniature - Toys4Vip<\/title>\n<meta name=\"description\" content=\"Revolver miniature en or 18 carats, grav\u00e9e \u00e0 la main, livr\u00e9 dans un luxueux coffret d&#039;\u00e9rable verte teint\u00e9e de pr\u00e9sentation en bois dans lequel sont mont\u00e9s, un porte cl\u00e9 en or 18k, 48 cartouches, 24 et 36 fus\u00e9es lumineuses, 12 de chaque rouge, vert et blanc et un ensemble de nettoyage.Ces revolvers miniatures sont fabriqu\u00e9s sur commande et la finition peut \u00eatre \u00e0 souhaits des clients tels que: poign\u00e9es d&#039;\u00e9b\u00e8ne, poign\u00e9es grav\u00e9es main, poign\u00e9es en or avec des diamants ou des colliers de pierres pr\u00e9cieuses.\" \/>\n<meta name=\"robots\" content=\"index, follow, max-snippet:-1, max-image-preview:large, max-video-preview:-1\" \/>\n<link rel=\"canonical\" href=\"https:\/\/www.toys4vip.com\/fr\/luxury-toy\/revolver-miniature\/81\/\" \/>\n<meta property=\"og:locale\" content=\"fr_FR\" \/>\n<meta property=\"og:type\" content=\"article\" \/>\n<meta property=\"og:title\" content=\"Revolver Miniature - Toys4Vip\" \/>\n<meta property=\"og:description\" content=\"Revolver miniature en or 18 carats, grav\u00e9e \u00e0 la main, livr\u00e9 dans un luxueux coffret d&#039;\u00e9rable verte teint\u00e9e de pr\u00e9sentation en bois dans lequel sont mont\u00e9s, un porte cl\u00e9 en or 18k, 48 cartouches, 24 et 36 fus\u00e9es lumineuses, 12 de chaque rouge, vert et blanc et un ensemble de nettoyage.Ces revolvers miniatures sont fabriqu\u00e9s sur commande et la finition peut \u00eatre \u00e0 souhaits des clients tels que: poign\u00e9es d&#039;\u00e9b\u00e8ne, poign\u00e9es grav\u00e9es main, poign\u00e9es en or avec des diamants ou des colliers de pierres pr\u00e9cieuses.\" \/>\n<meta property=\"og:url\" content=\"https:\/\/www.toys4vip.com\/fr\/luxury-toy\/revolver-miniature\/81\/\" \/>\n<meta property=\"og:site_name\" content=\"Toys4Vip\" \/>\n<meta property=\"article:modified_time\" content=\"2021-11-14T17:56:06+00:00\" \/>\n<meta property=\"og:image\" content=\"https:\/\/www.toys4vip.com\/app\/uploads\/2021\/11\/main-63.jpg\" \/>\n\t<meta property=\"og:image:width\" content=\"453\" \/>\n\t<meta property=\"og:image:height\" content=\"680\" \/>\n<meta name=\"twitter:card\" content=\"summary_large_image\" \/>\n<meta name=\"twitter:label1\" content=\"Dur\u00e9e de lecture est.\" \/>\n\t<meta name=\"twitter:data1\" content=\"1 minute\" \/>\n<script type=\"application\/ld+json\" class=\"yoast-schema-graph\">{\"@context\":\"https:\/\/schema.org\",\"@graph\":[{\"@type\":\"WebSite\",\"@id\":\"https:\/\/www.toys4vip.com\/fr\/#website\",\"url\":\"https:\/\/www.toys4vip.com\/fr\/\",\"name\":\"Toys4Vip\",\"description\":\"Jouets de luxe nouveau concept store\",\"potentialAction\":[{\"@type\":\"SearchAction\",\"target\":{\"@type\":\"EntryPoint\",\"urlTemplate\":\"https:\/\/www.toys4vip.com\/fr\/?s={search_term_string}\"},\"query-input\":\"required name=search_term_string\"}],\"inLanguage\":\"fr-FR\"},{\"@type\":\"ImageObject\",\"@id\":\"https:\/\/www.toys4vip.com\/fr\/luxury-toy\/revolver-miniature\/81\/#primaryimage\",\"inLanguage\":\"fr-FR\",\"url\":\"https:\/\/www.toys4vip.com\/app\/uploads\/2021\/11\/main-63.jpg\",\"contentUrl\":\"https:\/\/www.toys4vip.com\/app\/uploads\/2021\/11\/main-63.jpg\",\"width\":453,\"height\":680},{\"@type\":\"WebPage\",\"@id\":\"https:\/\/www.toys4vip.com\/fr\/luxury-toy\/revolver-miniature\/81\/#webpage\",\"url\":\"https:\/\/www.toys4vip.com\/fr\/luxury-toy\/revolver-miniature\/81\/\",\"name\":\"Revolver Miniature - Toys4Vip\",\"isPartOf\":{\"@id\":\"https:\/\/www.toys4vip.com\/fr\/#website\"},\"primaryImageOfPage\":{\"@id\":\"https:\/\/www.toys4vip.com\/fr\/luxury-toy\/revolver-miniature\/81\/#primaryimage\"},\"datePublished\":\"2021-11-02T10:28:49+00:00\",\"dateModified\":\"2021-11-14T17:56:06+00:00\",\"description\":\"Revolver miniature en or 18 carats, grav\\u00e9e \\u00e0 la main, livr\\u00e9 dans un luxueux coffret d'\\u00e9rable verte teint\\u00e9e de pr\\u00e9sentation en bois dans lequel sont mont\\u00e9s, un porte cl\\u00e9 en or 18k, 48 cartouches, 24 et 36 fus\\u00e9es lumineuses, 12 de chaque rouge, vert et blanc et un ensemble de nettoyage.Ces revolvers miniatures sont fabriqu\\u00e9s sur commande et la finition peut \\u00eatre \\u00e0 souhaits des clients tels que: poign\\u00e9es d'\\u00e9b\\u00e8ne, poign\\u00e9es grav\\u00e9es main, poign\\u00e9es en or avec des diamants ou des colliers de pierres pr\\u00e9cieuses.\",\"breadcrumb\":{\"@id\":\"https:\/\/www.toys4vip.com\/fr\/luxury-toy\/revolver-miniature\/81\/#breadcrumb\"},\"inLanguage\":\"fr-FR\",\"potentialAction\":[{\"@type\":\"ReadAction\",\"target\":[\"https:\/\/www.toys4vip.com\/fr\/luxury-toy\/revolver-miniature\/81\/\"]}]},{\"@type\":\"BreadcrumbList\",\"@id\":\"https:\/\/www.toys4vip.com\/fr\/luxury-toy\/revolver-miniature\/81\/#breadcrumb\",\"itemListElement\":[{\"@type\":\"ListItem\",\"position\":1,\"name\":\"Home\",\"item\":\"https:\/\/www.toys4vip.com\/fr\/\"},{\"@type\":\"ListItem\",\"position\":2,\"name\":\"Objets \/ Cat\\u00e9gories\",\"item\":\"https:\/\/www.toys4vip.com\/fr\/luxury-toys\/\"},{\"@type\":\"ListItem\",\"position\":3,\"name\":\"Revolver Miniature\"}]}]}<\/script>\n<!-- \/ Yoast SEO plugin. -->","yoast_head_json":{"title":"Revolver Miniature - Toys4Vip","description":"Revolver miniature en or 18 carats, grav\u00e9e \u00e0 la main, livr\u00e9 dans un luxueux coffret d'\u00e9rable verte teint\u00e9e de pr\u00e9sentation en bois dans lequel sont mont\u00e9s, un porte cl\u00e9 en or 18k, 48 cartouches, 24 et 36 fus\u00e9es lumineuses, 12 de chaque rouge, vert et blanc et un ensemble de nettoyage.Ces revolvers miniatures sont fabriqu\u00e9s sur commande et la finition peut \u00eatre \u00e0 souhaits des clients tels que: poign\u00e9es d'\u00e9b\u00e8ne, poign\u00e9es grav\u00e9es main, poign\u00e9es en or avec des diamants ou des colliers de pierres pr\u00e9cieuses.","robots":{"index":"index","follow":"follow","max-snippet":"max-snippet:-1","max-image-preview":"max-image-preview:large","max-video-preview":"max-video-preview:-1"},"canonical":"https:\/\/www.toys4vip.com\/fr\/luxury-toy\/revolver-miniature\/81\/","og_locale":"fr_FR","og_type":"article","og_title":"Revolver Miniature - Toys4Vip","og_description":"Revolver miniature en or 18 carats, grav\u00e9e \u00e0 la main, livr\u00e9 dans un luxueux coffret d'\u00e9rable verte teint\u00e9e de pr\u00e9sentation en bois dans lequel sont mont\u00e9s, un porte cl\u00e9 en or 18k, 48 cartouches, 24 et 36 fus\u00e9es lumineuses, 12 de chaque rouge, vert et blanc et un ensemble de nettoyage.Ces revolvers miniatures sont fabriqu\u00e9s sur commande et la finition peut \u00eatre \u00e0 souhaits des clients tels que: poign\u00e9es d'\u00e9b\u00e8ne, poign\u00e9es grav\u00e9es main, poign\u00e9es en or avec des diamants ou des colliers de pierres pr\u00e9cieuses.","og_url":"https:\/\/www.toys4vip.com\/fr\/luxury-toy\/revolver-miniature\/81\/","og_site_name":"Toys4Vip","article_modified_time":"2021-11-14T17:56:06+00:00","og_image":[{"width":453,"height":680,"url":"https:\/\/www.toys4vip.com\/app\/uploads\/2021\/11\/main-63.jpg","type":"image\/jpeg"}],"twitter_card":"summary_large_image","twitter_misc":{"Dur\u00e9e de lecture est.":"1 minute"},"schema":{"@context":"https:\/\/schema.org","@graph":[{"@type":"WebSite","@id":"https:\/\/www.toys4vip.com\/fr\/#website","url":"https:\/\/www.toys4vip.com\/fr\/","name":"Toys4Vip","description":"Jouets de luxe nouveau concept store","potentialAction":[{"@type":"SearchAction","target":{"@type":"EntryPoint","urlTemplate":"https:\/\/www.toys4vip.com\/fr\/?s={search_term_string}"},"query-input":"required name=search_term_string"}],"inLanguage":"fr-FR"},{"@type":"ImageObject","@id":"https:\/\/www.toys4vip.com\/fr\/luxury-toy\/revolver-miniature\/81\/#primaryimage","inLanguage":"fr-FR","url":"https:\/\/www.toys4vip.com\/app\/uploads\/2021\/11\/main-63.jpg","contentUrl":"https:\/\/www.toys4vip.com\/app\/uploads\/2021\/11\/main-63.jpg","width":453,"height":680},{"@type":"WebPage","@id":"https:\/\/www.toys4vip.com\/fr\/luxury-toy\/revolver-miniature\/81\/#webpage","url":"https:\/\/www.toys4vip.com\/fr\/luxury-toy\/revolver-miniature\/81\/","name":"Revolver Miniature - Toys4Vip","isPartOf":{"@id":"https:\/\/www.toys4vip.com\/fr\/#website"},"primaryImageOfPage":{"@id":"https:\/\/www.toys4vip.com\/fr\/luxury-toy\/revolver-miniature\/81\/#primaryimage"},"datePublished":"2021-11-02T10:28:49+00:00","dateModified":"2021-11-14T17:56:06+00:00","description":"Revolver miniature en or 18 carats, grav\u00e9e \u00e0 la main, livr\u00e9 dans un luxueux coffret d'\u00e9rable verte teint\u00e9e de pr\u00e9sentation en bois dans lequel sont mont\u00e9s, un porte cl\u00e9 en or 18k, 48 cartouches, 24 et 36 fus\u00e9es lumineuses, 12 de chaque rouge, vert et blanc et un ensemble de nettoyage.Ces revolvers miniatures sont fabriqu\u00e9s sur commande et la finition peut \u00eatre \u00e0 souhaits des clients tels que: poign\u00e9es d'\u00e9b\u00e8ne, poign\u00e9es grav\u00e9es main, poign\u00e9es en or avec des diamants ou des colliers de pierres pr\u00e9cieuses.","breadcrumb":{"@id":"https:\/\/www.toys4vip.com\/fr\/luxury-toy\/revolver-miniature\/81\/#breadcrumb"},"inLanguage":"fr-FR","potentialAction":[{"@type":"ReadAction","target":["https:\/\/www.toys4vip.com\/fr\/luxury-toy\/revolver-miniature\/81\/"]}]},{"@type":"BreadcrumbList","@id":"https:\/\/www.toys4vip.com\/fr\/luxury-toy\/revolver-miniature\/81\/#breadcrumb","itemListElement":[{"@type":"ListItem","position":1,"name":"Home","item":"https:\/\/www.toys4vip.com\/fr\/"},{"@type":"ListItem","position":2,"name":"Objets \/ Cat\u00e9gories","item":"https:\/\/www.toys4vip.com\/fr\/luxury-toys\/"},{"@type":"ListItem","position":3,"name":"Revolver Miniature"}]}]}},"_links":{"self":[{"href":"https:\/\/www.toys4vip.com\/fr\/wp-json\/wp\/v2\/product\/624"}],"collection":[{"href":"https:\/\/www.toys4vip.com\/fr\/wp-json\/wp\/v2\/product"}],"about":[{"href":"https:\/\/www.toys4vip.com\/fr\/wp-json\/wp\/v2\/types\/product"}],"replies":[{"embeddable":true,"href":"https:\/\/www.toys4vip.com\/fr\/wp-json\/wp\/v2\/comments?post=624"}],"wp:featuredmedia":[{"embeddable":true,"href":"https:\/\/www.toys4vip.com\/fr\/wp-json\/wp\/v2\/media\/622"}],"wp:attachment":[{"href":"https:\/\/www.toys4vip.com\/fr\/wp-json\/wp\/v2\/media?parent=624"}],"wp:term":[{"taxonomy":"product_cat","embeddable":true,"href":"https:\/\/www.toys4vip.com\/fr\/wp-json\/wp\/v2\/product_cat?post=624"},{"taxonomy":"product_tag","embeddable":true,"href":"https:\/\/www.toys4vip.com\/fr\/wp-json\/wp\/v2\/product_tag?post=624"}],"curies":[{"name":"wp","href":"https:\/\/api.w.org\/{rel}","templated":true}]}}