{"id":621,"date":"2021-11-02T10:28:48","date_gmt":"2021-11-02T10:28:48","guid":{"rendered":"https:\/\/toys4vip.com\/produit\/mercier-jones\/"},"modified":"2021-11-17T16:22:56","modified_gmt":"2021-11-17T16:22:56","slug":"mercier-jones","status":"publish","type":"product","link":"https:\/\/www.toys4vip.com\/fr\/luxury-toy\/mercier-jones\/80\/","title":{"rendered":"Mercier Jones"},"content":{"rendered":"<p>Le fantasme du hovercraft de luxe pourrait prochainement prendre vie, gr\u00e2ce \u00e0 Mercier-Jones, tr\u00e8s inspir\u00e9 en ce d\u00e9but d\u2019ann\u00e9e 2013.<\/p>\n<p>L\u2019hovercraft, ou l\u2019a\u00e9roglisseur en fran\u00e7ais, pourrait cette ann\u00e9e prendre un tout nouveau visage gr\u00e2ce aux efforts conc\u00e9d\u00e9s par le constructeur Mercier-Jones. D\u00e9j\u00e0 sp\u00e9cialis\u00e9 dans le domaine, ce dernier planche actuellement sur un mod\u00e8le de luxe, dont les courbes semble avoir \u00e9t\u00e9 largement inspir\u00e9es par des bolides ayant plut\u00f4t l\u2019habitude de briller sur le bitume : Lamborghini, Bugatti Veyron, Audi R8 : chacun pourra y voir les r\u00e9f\u00e9rences qu\u2019il veut.<br \/>\nPendant ce temps, le hovercraft de Mercier-Jones aura \u00e9galement droit \u00e0 un nouveau syst\u00e8me de contr\u00f4le, semblable sur la question du feeling \u00e0 celui d\u2019une voiture. Etonnant pour un v\u00e9hicule amphibie.<\/p>\n<p>Quoiqu\u2019il en soit, chez le constructeur, on esp\u00e8re pouvoir proposer un mod\u00e8le d\u2019entr\u00e9e de gamme \u00e0 moins de 20 000$.<\/p>\n","protected":false},"excerpt":{"rendered":"<p>Le fantasme du hovercraft de luxe pourrait prochainement prendre vie, gr\u00e2ce \u00e0 Mercier-Jones, tr\u00e8s inspir\u00e9 en ce d\u00e9but d\u2019ann\u00e9e 2013. L\u2019hovercraft, ou l\u2019a\u00e9roglisseur en fran\u00e7ais, pourrait cette ann\u00e9e prendre un tout nouveau visage gr\u00e2ce aux efforts conc\u00e9d\u00e9s par le constructeur Mercier-Jones. D\u00e9j\u00e0 sp\u00e9cialis\u00e9 dans le domaine, ce dernier planche actuellement sur un mod\u00e8le de luxe, [&hellip;]<\/p>\n","protected":false},"featured_media":619,"comment_status":"open","ping_status":"closed","template":"","meta":[],"product_cat":[26,87],"product_tag":[],"yoast_head":"<!-- This site is optimized with the Yoast SEO plugin v17.4 - https:\/\/yoast.com\/wordpress\/plugins\/seo\/ -->\n<title>Mercier Jones - Toys4vip<\/title>\n<meta name=\"description\" content=\"Le fantasme du hovercraft de luxe pourrait prochainement prendre vie, gr\u00e2ce \u00e0 Mercier-Jones, tr\u00e8s inspir\u00e9 en ce d\u00e9but d\u2019ann\u00e9e 2013.L\u2019hovercraft, ou l\u2019a\u00e9roglisseur en fran\u00e7ais, pourrait cette ann\u00e9e prendre un tout nouveau visage gr\u00e2ce aux efforts conc\u00e9d\u00e9s par le constructeur Mercier-Jones. D\u00e9j\u00e0 sp\u00e9cialis\u00e9 dans le domaine, ce dernier planche actuellement sur un mod\u00e8le de luxe, dont les courbes semble avoir \u00e9t\u00e9 largement inspir\u00e9es par des bolides ayant plut\u00f4t l\u2019habitude de briller sur le bitume : Lamborghini, Bugatti Veyron, Audi R8 : chacun pourra y voir les r\u00e9f\u00e9rences qu\u2019il veut.\" \/>\n<meta name=\"robots\" content=\"index, follow, max-snippet:-1, max-image-preview:large, max-video-preview:-1\" \/>\n<link rel=\"canonical\" href=\"https:\/\/www.toys4vip.com\/fr\/luxury-toy\/mercier-jones\/80\/\" \/>\n<meta property=\"og:locale\" content=\"fr_FR\" \/>\n<meta property=\"og:type\" content=\"article\" \/>\n<meta property=\"og:title\" content=\"Mercier Jones - Toys4vip\" \/>\n<meta property=\"og:description\" content=\"Le fantasme du hovercraft de luxe pourrait prochainement prendre vie, gr\u00e2ce \u00e0 Mercier-Jones, tr\u00e8s inspir\u00e9 en ce d\u00e9but d\u2019ann\u00e9e 2013.L\u2019hovercraft, ou l\u2019a\u00e9roglisseur en fran\u00e7ais, pourrait cette ann\u00e9e prendre un tout nouveau visage gr\u00e2ce aux efforts conc\u00e9d\u00e9s par le constructeur Mercier-Jones. D\u00e9j\u00e0 sp\u00e9cialis\u00e9 dans le domaine, ce dernier planche actuellement sur un mod\u00e8le de luxe, dont les courbes semble avoir \u00e9t\u00e9 largement inspir\u00e9es par des bolides ayant plut\u00f4t l\u2019habitude de briller sur le bitume : Lamborghini, Bugatti Veyron, Audi R8 : chacun pourra y voir les r\u00e9f\u00e9rences qu\u2019il veut.\" \/>\n<meta property=\"og:url\" content=\"https:\/\/www.toys4vip.com\/fr\/luxury-toy\/mercier-jones\/80\/\" \/>\n<meta property=\"og:site_name\" content=\"Toys4Vip\" \/>\n<meta property=\"article:modified_time\" content=\"2021-11-17T16:22:56+00:00\" \/>\n<meta property=\"og:image\" content=\"https:\/\/www.toys4vip.com\/app\/uploads\/2021\/11\/main-62.jpg\" \/>\n\t<meta property=\"og:image:width\" content=\"640\" \/>\n\t<meta property=\"og:image:height\" content=\"360\" \/>\n<meta name=\"twitter:card\" content=\"summary_large_image\" \/>\n<meta name=\"twitter:label1\" content=\"Dur\u00e9e de lecture est.\" \/>\n\t<meta name=\"twitter:data1\" content=\"1 minute\" \/>\n<script type=\"application\/ld+json\" class=\"yoast-schema-graph\">{\"@context\":\"https:\/\/schema.org\",\"@graph\":[{\"@type\":\"WebSite\",\"@id\":\"https:\/\/www.toys4vip.com\/fr\/#website\",\"url\":\"https:\/\/www.toys4vip.com\/fr\/\",\"name\":\"Toys4Vip\",\"description\":\"Jouets de luxe nouveau concept store\",\"potentialAction\":[{\"@type\":\"SearchAction\",\"target\":{\"@type\":\"EntryPoint\",\"urlTemplate\":\"https:\/\/www.toys4vip.com\/fr\/?s={search_term_string}\"},\"query-input\":\"required name=search_term_string\"}],\"inLanguage\":\"fr-FR\"},{\"@type\":\"ImageObject\",\"@id\":\"https:\/\/www.toys4vip.com\/fr\/luxury-toy\/mercier-jones\/80\/#primaryimage\",\"inLanguage\":\"fr-FR\",\"url\":\"https:\/\/www.toys4vip.com\/app\/uploads\/2021\/11\/main-62.jpg\",\"contentUrl\":\"https:\/\/www.toys4vip.com\/app\/uploads\/2021\/11\/main-62.jpg\",\"width\":640,\"height\":360},{\"@type\":\"WebPage\",\"@id\":\"https:\/\/www.toys4vip.com\/fr\/luxury-toy\/mercier-jones\/80\/#webpage\",\"url\":\"https:\/\/www.toys4vip.com\/fr\/luxury-toy\/mercier-jones\/80\/\",\"name\":\"Mercier Jones - Toys4vip\",\"isPartOf\":{\"@id\":\"https:\/\/www.toys4vip.com\/fr\/#website\"},\"primaryImageOfPage\":{\"@id\":\"https:\/\/www.toys4vip.com\/fr\/luxury-toy\/mercier-jones\/80\/#primaryimage\"},\"datePublished\":\"2021-11-02T10:28:48+00:00\",\"dateModified\":\"2021-11-17T16:22:56+00:00\",\"description\":\"Le fantasme du hovercraft de luxe pourrait prochainement prendre vie, gr\\u00e2ce \\u00e0 Mercier-Jones, tr\\u00e8s inspir\\u00e9 en ce d\\u00e9but d\\u2019ann\\u00e9e 2013.L\\u2019hovercraft, ou l\\u2019a\\u00e9roglisseur en fran\\u00e7ais, pourrait cette ann\\u00e9e prendre un tout nouveau visage gr\\u00e2ce aux efforts conc\\u00e9d\\u00e9s par le constructeur Mercier-Jones. D\\u00e9j\\u00e0 sp\\u00e9cialis\\u00e9 dans le domaine, ce dernier planche actuellement sur un mod\\u00e8le de luxe, dont les courbes semble avoir \\u00e9t\\u00e9 largement inspir\\u00e9es par des bolides ayant plut\\u00f4t l\\u2019habitude de briller sur le bitume : Lamborghini, Bugatti Veyron, Audi R8 : chacun pourra y voir les r\\u00e9f\\u00e9rences qu\\u2019il veut.\",\"breadcrumb\":{\"@id\":\"https:\/\/www.toys4vip.com\/fr\/luxury-toy\/mercier-jones\/80\/#breadcrumb\"},\"inLanguage\":\"fr-FR\",\"potentialAction\":[{\"@type\":\"ReadAction\",\"target\":[\"https:\/\/www.toys4vip.com\/fr\/luxury-toy\/mercier-jones\/80\/\"]}]},{\"@type\":\"BreadcrumbList\",\"@id\":\"https:\/\/www.toys4vip.com\/fr\/luxury-toy\/mercier-jones\/80\/#breadcrumb\",\"itemListElement\":[{\"@type\":\"ListItem\",\"position\":1,\"name\":\"Home\",\"item\":\"https:\/\/www.toys4vip.com\/fr\/\"},{\"@type\":\"ListItem\",\"position\":2,\"name\":\"Objets \/ Cat\\u00e9gories\",\"item\":\"https:\/\/www.toys4vip.com\/fr\/luxury-toys\/\"},{\"@type\":\"ListItem\",\"position\":3,\"name\":\"Mercier Jones\"}]}]}<\/script>\n<!-- \/ Yoast SEO plugin. -->","yoast_head_json":{"title":"Mercier Jones - Toys4vip","description":"Le fantasme du hovercraft de luxe pourrait prochainement prendre vie, gr\u00e2ce \u00e0 Mercier-Jones, tr\u00e8s inspir\u00e9 en ce d\u00e9but d\u2019ann\u00e9e 2013.L\u2019hovercraft, ou l\u2019a\u00e9roglisseur en fran\u00e7ais, pourrait cette ann\u00e9e prendre un tout nouveau visage gr\u00e2ce aux efforts conc\u00e9d\u00e9s par le constructeur Mercier-Jones. D\u00e9j\u00e0 sp\u00e9cialis\u00e9 dans le domaine, ce dernier planche actuellement sur un mod\u00e8le de luxe, dont les courbes semble avoir \u00e9t\u00e9 largement inspir\u00e9es par des bolides ayant plut\u00f4t l\u2019habitude de briller sur le bitume : Lamborghini, Bugatti Veyron, Audi R8 : chacun pourra y voir les r\u00e9f\u00e9rences qu\u2019il veut.","robots":{"index":"index","follow":"follow","max-snippet":"max-snippet:-1","max-image-preview":"max-image-preview:large","max-video-preview":"max-video-preview:-1"},"canonical":"https:\/\/www.toys4vip.com\/fr\/luxury-toy\/mercier-jones\/80\/","og_locale":"fr_FR","og_type":"article","og_title":"Mercier Jones - Toys4vip","og_description":"Le fantasme du hovercraft de luxe pourrait prochainement prendre vie, gr\u00e2ce \u00e0 Mercier-Jones, tr\u00e8s inspir\u00e9 en ce d\u00e9but d\u2019ann\u00e9e 2013.L\u2019hovercraft, ou l\u2019a\u00e9roglisseur en fran\u00e7ais, pourrait cette ann\u00e9e prendre un tout nouveau visage gr\u00e2ce aux efforts conc\u00e9d\u00e9s par le constructeur Mercier-Jones. D\u00e9j\u00e0 sp\u00e9cialis\u00e9 dans le domaine, ce dernier planche actuellement sur un mod\u00e8le de luxe, dont les courbes semble avoir \u00e9t\u00e9 largement inspir\u00e9es par des bolides ayant plut\u00f4t l\u2019habitude de briller sur le bitume : Lamborghini, Bugatti Veyron, Audi R8 : chacun pourra y voir les r\u00e9f\u00e9rences qu\u2019il veut.","og_url":"https:\/\/www.toys4vip.com\/fr\/luxury-toy\/mercier-jones\/80\/","og_site_name":"Toys4Vip","article_modified_time":"2021-11-17T16:22:56+00:00","og_image":[{"width":640,"height":360,"url":"https:\/\/www.toys4vip.com\/app\/uploads\/2021\/11\/main-62.jpg","type":"image\/jpeg"}],"twitter_card":"summary_large_image","twitter_misc":{"Dur\u00e9e de lecture est.":"1 minute"},"schema":{"@context":"https:\/\/schema.org","@graph":[{"@type":"WebSite","@id":"https:\/\/www.toys4vip.com\/fr\/#website","url":"https:\/\/www.toys4vip.com\/fr\/","name":"Toys4Vip","description":"Jouets de luxe nouveau concept store","potentialAction":[{"@type":"SearchAction","target":{"@type":"EntryPoint","urlTemplate":"https:\/\/www.toys4vip.com\/fr\/?s={search_term_string}"},"query-input":"required name=search_term_string"}],"inLanguage":"fr-FR"},{"@type":"ImageObject","@id":"https:\/\/www.toys4vip.com\/fr\/luxury-toy\/mercier-jones\/80\/#primaryimage","inLanguage":"fr-FR","url":"https:\/\/www.toys4vip.com\/app\/uploads\/2021\/11\/main-62.jpg","contentUrl":"https:\/\/www.toys4vip.com\/app\/uploads\/2021\/11\/main-62.jpg","width":640,"height":360},{"@type":"WebPage","@id":"https:\/\/www.toys4vip.com\/fr\/luxury-toy\/mercier-jones\/80\/#webpage","url":"https:\/\/www.toys4vip.com\/fr\/luxury-toy\/mercier-jones\/80\/","name":"Mercier Jones - Toys4vip","isPartOf":{"@id":"https:\/\/www.toys4vip.com\/fr\/#website"},"primaryImageOfPage":{"@id":"https:\/\/www.toys4vip.com\/fr\/luxury-toy\/mercier-jones\/80\/#primaryimage"},"datePublished":"2021-11-02T10:28:48+00:00","dateModified":"2021-11-17T16:22:56+00:00","description":"Le fantasme du hovercraft de luxe pourrait prochainement prendre vie, gr\u00e2ce \u00e0 Mercier-Jones, tr\u00e8s inspir\u00e9 en ce d\u00e9but d\u2019ann\u00e9e 2013.L\u2019hovercraft, ou l\u2019a\u00e9roglisseur en fran\u00e7ais, pourrait cette ann\u00e9e prendre un tout nouveau visage gr\u00e2ce aux efforts conc\u00e9d\u00e9s par le constructeur Mercier-Jones. D\u00e9j\u00e0 sp\u00e9cialis\u00e9 dans le domaine, ce dernier planche actuellement sur un mod\u00e8le de luxe, dont les courbes semble avoir \u00e9t\u00e9 largement inspir\u00e9es par des bolides ayant plut\u00f4t l\u2019habitude de briller sur le bitume : Lamborghini, Bugatti Veyron, Audi R8 : chacun pourra y voir les r\u00e9f\u00e9rences qu\u2019il veut.","breadcrumb":{"@id":"https:\/\/www.toys4vip.com\/fr\/luxury-toy\/mercier-jones\/80\/#breadcrumb"},"inLanguage":"fr-FR","potentialAction":[{"@type":"ReadAction","target":["https:\/\/www.toys4vip.com\/fr\/luxury-toy\/mercier-jones\/80\/"]}]},{"@type":"BreadcrumbList","@id":"https:\/\/www.toys4vip.com\/fr\/luxury-toy\/mercier-jones\/80\/#breadcrumb","itemListElement":[{"@type":"ListItem","position":1,"name":"Home","item":"https:\/\/www.toys4vip.com\/fr\/"},{"@type":"ListItem","position":2,"name":"Objets \/ Cat\u00e9gories","item":"https:\/\/www.toys4vip.com\/fr\/luxury-toys\/"},{"@type":"ListItem","position":3,"name":"Mercier Jones"}]}]}},"_links":{"self":[{"href":"https:\/\/www.toys4vip.com\/fr\/wp-json\/wp\/v2\/product\/621"}],"collection":[{"href":"https:\/\/www.toys4vip.com\/fr\/wp-json\/wp\/v2\/product"}],"about":[{"href":"https:\/\/www.toys4vip.com\/fr\/wp-json\/wp\/v2\/types\/product"}],"replies":[{"embeddable":true,"href":"https:\/\/www.toys4vip.com\/fr\/wp-json\/wp\/v2\/comments?post=621"}],"wp:featuredmedia":[{"embeddable":true,"href":"https:\/\/www.toys4vip.com\/fr\/wp-json\/wp\/v2\/media\/619"}],"wp:attachment":[{"href":"https:\/\/www.toys4vip.com\/fr\/wp-json\/wp\/v2\/media?parent=621"}],"wp:term":[{"taxonomy":"product_cat","embeddable":true,"href":"https:\/\/www.toys4vip.com\/fr\/wp-json\/wp\/v2\/product_cat?post=621"},{"taxonomy":"product_tag","embeddable":true,"href":"https:\/\/www.toys4vip.com\/fr\/wp-json\/wp\/v2\/product_tag?post=621"}],"curies":[{"name":"wp","href":"https:\/\/api.w.org\/{rel}","templated":true}]}}