{"id":618,"date":"2021-11-02T10:28:48","date_gmt":"2021-11-02T10:28:48","guid":{"rendered":"https:\/\/toys4vip.com\/produit\/saudade\/"},"modified":"2021-11-16T18:27:33","modified_gmt":"2021-11-16T18:27:33","slug":"saudade","status":"publish","type":"product","link":"https:\/\/www.toys4vip.com\/fr\/luxury-toy\/saudade\/79\/","title":{"rendered":"Saudade"},"content":{"rendered":"<p>Voilier monocoque Wally Saudade avec une superficie de voile de 920 m2 et une longueur de 45,19 m. Wally Saudade fait 8,57 m de largeur. Ce voilier de grand luxe produit par Wally conjuge grande classe, performance, puissance et confort. Ce voilier peut accueillir jusqu&rsquo;\u00e0 10 passagers plus un \u00e9quipage de 10 personnes. Vous y passerez le plus clair de votre temps \u00e0 boire des cocktails<\/p>\n","protected":false},"excerpt":{"rendered":"<p>Voilier monocoque Wally Saudade avec une superficie de voile de 920 m2 et une longueur de 45,19 m. Wally Saudade fait 8,57 m de largeur. Ce voilier de grand luxe produit par Wally conjuge grande classe, performance, puissance et confort. Ce voilier peut accueillir jusqu&rsquo;\u00e0 10 passagers plus un \u00e9quipage de 10 personnes. Vous y [&hellip;]<\/p>\n","protected":false},"featured_media":616,"comment_status":"open","ping_status":"closed","template":"","meta":[],"product_cat":[26,86],"product_tag":[],"yoast_head":"<!-- This site is optimized with the Yoast SEO plugin v17.4 - https:\/\/yoast.com\/wordpress\/plugins\/seo\/ -->\n<title>Saudade - Toys4vip<\/title>\n<meta name=\"description\" content=\"Voilier monocoque Wally Saudade avec une superficie de voile de 920 m2 et une longueur de 45,19 m. Wally Saudade fait 8,57 m de largeur. Ce voilier de grand luxe produit par Wally conjuge grande classe, performance, puissance et confort. Ce voilier peut accueillir jusqu&#039;\u00e0 10 passagers plus un \u00e9quipage de 10 personnes. Vous y passerez le plus clair de votre temps \u00e0 boire des cocktails\u00a0\" \/>\n<meta name=\"robots\" content=\"index, follow, max-snippet:-1, max-image-preview:large, max-video-preview:-1\" \/>\n<link rel=\"canonical\" href=\"https:\/\/www.toys4vip.com\/fr\/luxury-toy\/saudade\/79\/\" \/>\n<meta property=\"og:locale\" content=\"fr_FR\" \/>\n<meta property=\"og:type\" content=\"article\" \/>\n<meta property=\"og:title\" content=\"Saudade - Toys4vip\" \/>\n<meta property=\"og:description\" content=\"Voilier monocoque Wally Saudade avec une superficie de voile de 920 m2 et une longueur de 45,19 m. Wally Saudade fait 8,57 m de largeur. Ce voilier de grand luxe produit par Wally conjuge grande classe, performance, puissance et confort. Ce voilier peut accueillir jusqu&#039;\u00e0 10 passagers plus un \u00e9quipage de 10 personnes. Vous y passerez le plus clair de votre temps \u00e0 boire des cocktails\u00a0\" \/>\n<meta property=\"og:url\" content=\"https:\/\/www.toys4vip.com\/fr\/luxury-toy\/saudade\/79\/\" \/>\n<meta property=\"og:site_name\" content=\"Toys4Vip\" \/>\n<meta property=\"article:modified_time\" content=\"2021-11-16T18:27:33+00:00\" \/>\n<meta property=\"og:image\" content=\"https:\/\/www.toys4vip.com\/app\/uploads\/2021\/11\/main-61.jpg\" \/>\n\t<meta property=\"og:image:width\" content=\"1500\" \/>\n\t<meta property=\"og:image:height\" content=\"1100\" \/>\n<meta name=\"twitter:card\" content=\"summary_large_image\" \/>\n<meta name=\"twitter:label1\" content=\"Dur\u00e9e de lecture est.\" \/>\n\t<meta name=\"twitter:data1\" content=\"1 minute\" \/>\n<script type=\"application\/ld+json\" class=\"yoast-schema-graph\">{\"@context\":\"https:\/\/schema.org\",\"@graph\":[{\"@type\":\"WebSite\",\"@id\":\"https:\/\/www.toys4vip.com\/fr\/#website\",\"url\":\"https:\/\/www.toys4vip.com\/fr\/\",\"name\":\"Toys4Vip\",\"description\":\"Jouets de luxe nouveau concept store\",\"potentialAction\":[{\"@type\":\"SearchAction\",\"target\":{\"@type\":\"EntryPoint\",\"urlTemplate\":\"https:\/\/www.toys4vip.com\/fr\/?s={search_term_string}\"},\"query-input\":\"required name=search_term_string\"}],\"inLanguage\":\"fr-FR\"},{\"@type\":\"ImageObject\",\"@id\":\"https:\/\/www.toys4vip.com\/fr\/luxury-toy\/saudade\/79\/#primaryimage\",\"inLanguage\":\"fr-FR\",\"url\":\"https:\/\/www.toys4vip.com\/app\/uploads\/2021\/11\/main-61.jpg\",\"contentUrl\":\"https:\/\/www.toys4vip.com\/app\/uploads\/2021\/11\/main-61.jpg\",\"width\":1500,\"height\":1100},{\"@type\":\"WebPage\",\"@id\":\"https:\/\/www.toys4vip.com\/fr\/luxury-toy\/saudade\/79\/#webpage\",\"url\":\"https:\/\/www.toys4vip.com\/fr\/luxury-toy\/saudade\/79\/\",\"name\":\"Saudade - Toys4vip\",\"isPartOf\":{\"@id\":\"https:\/\/www.toys4vip.com\/fr\/#website\"},\"primaryImageOfPage\":{\"@id\":\"https:\/\/www.toys4vip.com\/fr\/luxury-toy\/saudade\/79\/#primaryimage\"},\"datePublished\":\"2021-11-02T10:28:48+00:00\",\"dateModified\":\"2021-11-16T18:27:33+00:00\",\"description\":\"Voilier monocoque Wally Saudade avec une superficie de voile de 920 m2 et une longueur de 45,19 m. Wally Saudade fait 8,57 m de largeur. Ce voilier de grand luxe produit par Wally conjuge grande classe, performance, puissance et confort. Ce voilier peut accueillir jusqu'\\u00e0 10 passagers plus un \\u00e9quipage de 10 personnes. Vous y passerez le plus clair de votre temps \\u00e0 boire des cocktails\\u00a0\",\"breadcrumb\":{\"@id\":\"https:\/\/www.toys4vip.com\/fr\/luxury-toy\/saudade\/79\/#breadcrumb\"},\"inLanguage\":\"fr-FR\",\"potentialAction\":[{\"@type\":\"ReadAction\",\"target\":[\"https:\/\/www.toys4vip.com\/fr\/luxury-toy\/saudade\/79\/\"]}]},{\"@type\":\"BreadcrumbList\",\"@id\":\"https:\/\/www.toys4vip.com\/fr\/luxury-toy\/saudade\/79\/#breadcrumb\",\"itemListElement\":[{\"@type\":\"ListItem\",\"position\":1,\"name\":\"Home\",\"item\":\"https:\/\/www.toys4vip.com\/fr\/\"},{\"@type\":\"ListItem\",\"position\":2,\"name\":\"Objets \/ Cat\\u00e9gories\",\"item\":\"https:\/\/www.toys4vip.com\/fr\/luxury-toys\/\"},{\"@type\":\"ListItem\",\"position\":3,\"name\":\"Saudade\"}]}]}<\/script>\n<!-- \/ Yoast SEO plugin. -->","yoast_head_json":{"title":"Saudade - Toys4vip","description":"Voilier monocoque Wally Saudade avec une superficie de voile de 920 m2 et une longueur de 45,19 m. Wally Saudade fait 8,57 m de largeur. Ce voilier de grand luxe produit par Wally conjuge grande classe, performance, puissance et confort. Ce voilier peut accueillir jusqu'\u00e0 10 passagers plus un \u00e9quipage de 10 personnes. Vous y passerez le plus clair de votre temps \u00e0 boire des cocktails\u00a0","robots":{"index":"index","follow":"follow","max-snippet":"max-snippet:-1","max-image-preview":"max-image-preview:large","max-video-preview":"max-video-preview:-1"},"canonical":"https:\/\/www.toys4vip.com\/fr\/luxury-toy\/saudade\/79\/","og_locale":"fr_FR","og_type":"article","og_title":"Saudade - Toys4vip","og_description":"Voilier monocoque Wally Saudade avec une superficie de voile de 920 m2 et une longueur de 45,19 m. Wally Saudade fait 8,57 m de largeur. Ce voilier de grand luxe produit par Wally conjuge grande classe, performance, puissance et confort. Ce voilier peut accueillir jusqu'\u00e0 10 passagers plus un \u00e9quipage de 10 personnes. Vous y passerez le plus clair de votre temps \u00e0 boire des cocktails\u00a0","og_url":"https:\/\/www.toys4vip.com\/fr\/luxury-toy\/saudade\/79\/","og_site_name":"Toys4Vip","article_modified_time":"2021-11-16T18:27:33+00:00","og_image":[{"width":1500,"height":1100,"url":"https:\/\/www.toys4vip.com\/app\/uploads\/2021\/11\/main-61.jpg","type":"image\/jpeg"}],"twitter_card":"summary_large_image","twitter_misc":{"Dur\u00e9e de lecture est.":"1 minute"},"schema":{"@context":"https:\/\/schema.org","@graph":[{"@type":"WebSite","@id":"https:\/\/www.toys4vip.com\/fr\/#website","url":"https:\/\/www.toys4vip.com\/fr\/","name":"Toys4Vip","description":"Jouets de luxe nouveau concept store","potentialAction":[{"@type":"SearchAction","target":{"@type":"EntryPoint","urlTemplate":"https:\/\/www.toys4vip.com\/fr\/?s={search_term_string}"},"query-input":"required name=search_term_string"}],"inLanguage":"fr-FR"},{"@type":"ImageObject","@id":"https:\/\/www.toys4vip.com\/fr\/luxury-toy\/saudade\/79\/#primaryimage","inLanguage":"fr-FR","url":"https:\/\/www.toys4vip.com\/app\/uploads\/2021\/11\/main-61.jpg","contentUrl":"https:\/\/www.toys4vip.com\/app\/uploads\/2021\/11\/main-61.jpg","width":1500,"height":1100},{"@type":"WebPage","@id":"https:\/\/www.toys4vip.com\/fr\/luxury-toy\/saudade\/79\/#webpage","url":"https:\/\/www.toys4vip.com\/fr\/luxury-toy\/saudade\/79\/","name":"Saudade - Toys4vip","isPartOf":{"@id":"https:\/\/www.toys4vip.com\/fr\/#website"},"primaryImageOfPage":{"@id":"https:\/\/www.toys4vip.com\/fr\/luxury-toy\/saudade\/79\/#primaryimage"},"datePublished":"2021-11-02T10:28:48+00:00","dateModified":"2021-11-16T18:27:33+00:00","description":"Voilier monocoque Wally Saudade avec une superficie de voile de 920 m2 et une longueur de 45,19 m. Wally Saudade fait 8,57 m de largeur. Ce voilier de grand luxe produit par Wally conjuge grande classe, performance, puissance et confort. Ce voilier peut accueillir jusqu'\u00e0 10 passagers plus un \u00e9quipage de 10 personnes. Vous y passerez le plus clair de votre temps \u00e0 boire des cocktails\u00a0","breadcrumb":{"@id":"https:\/\/www.toys4vip.com\/fr\/luxury-toy\/saudade\/79\/#breadcrumb"},"inLanguage":"fr-FR","potentialAction":[{"@type":"ReadAction","target":["https:\/\/www.toys4vip.com\/fr\/luxury-toy\/saudade\/79\/"]}]},{"@type":"BreadcrumbList","@id":"https:\/\/www.toys4vip.com\/fr\/luxury-toy\/saudade\/79\/#breadcrumb","itemListElement":[{"@type":"ListItem","position":1,"name":"Home","item":"https:\/\/www.toys4vip.com\/fr\/"},{"@type":"ListItem","position":2,"name":"Objets \/ Cat\u00e9gories","item":"https:\/\/www.toys4vip.com\/fr\/luxury-toys\/"},{"@type":"ListItem","position":3,"name":"Saudade"}]}]}},"_links":{"self":[{"href":"https:\/\/www.toys4vip.com\/fr\/wp-json\/wp\/v2\/product\/618"}],"collection":[{"href":"https:\/\/www.toys4vip.com\/fr\/wp-json\/wp\/v2\/product"}],"about":[{"href":"https:\/\/www.toys4vip.com\/fr\/wp-json\/wp\/v2\/types\/product"}],"replies":[{"embeddable":true,"href":"https:\/\/www.toys4vip.com\/fr\/wp-json\/wp\/v2\/comments?post=618"}],"wp:featuredmedia":[{"embeddable":true,"href":"https:\/\/www.toys4vip.com\/fr\/wp-json\/wp\/v2\/media\/616"}],"wp:attachment":[{"href":"https:\/\/www.toys4vip.com\/fr\/wp-json\/wp\/v2\/media?parent=618"}],"wp:term":[{"taxonomy":"product_cat","embeddable":true,"href":"https:\/\/www.toys4vip.com\/fr\/wp-json\/wp\/v2\/product_cat?post=618"},{"taxonomy":"product_tag","embeddable":true,"href":"https:\/\/www.toys4vip.com\/fr\/wp-json\/wp\/v2\/product_tag?post=618"}],"curies":[{"name":"wp","href":"https:\/\/api.w.org\/{rel}","templated":true}]}}