{"id":603,"date":"2021-11-02T10:28:45","date_gmt":"2021-11-02T10:28:45","guid":{"rendered":"https:\/\/toys4vip.com\/produit\/11-the-beautiful-game\/"},"modified":"2021-11-17T16:52:45","modified_gmt":"2021-11-17T16:52:45","slug":"11-the-beautiful-game","status":"publish","type":"product","link":"https:\/\/www.toys4vip.com\/fr\/luxury-toy\/11-the-beautiful-game\/72\/","title":{"rendered":"\u00ab\u00a011- the Beautiful Game\u00a0\u00bb"},"content":{"rendered":"<p>C&rsquo;est donc la soci\u00e9t\u00e9 n\u00e9erlandaise GRO design qui a d\u00e9cid\u00e9 de relever le d\u00e9fi en cr\u00e9ant un babyfoot de luxe digne d&rsquo;un mus\u00e9e. Une ann\u00e9e d&rsquo;\u00e9tudes et de mise au point a \u00e9t\u00e9 n\u00e9cessaire.<br \/>\nLes joueurs sont en chrome et l&rsquo;\u00e9clairage refl\u00e8te celui des plus beaux stades. Seul inconv\u00e9nient: il faut douze semaines de d\u00e9lais pour fabriquer chaque table.<\/p>\n","protected":false},"excerpt":{"rendered":"<p>C&rsquo;est donc la soci\u00e9t\u00e9 n\u00e9erlandaise GRO design qui a d\u00e9cid\u00e9 de relever le d\u00e9fi en cr\u00e9ant un babyfoot de luxe digne d&rsquo;un mus\u00e9e. Une ann\u00e9e d&rsquo;\u00e9tudes et de mise au point a \u00e9t\u00e9 n\u00e9cessaire. Les joueurs sont en chrome et l&rsquo;\u00e9clairage refl\u00e8te celui des plus beaux stades. Seul inconv\u00e9nient: il faut douze semaines de d\u00e9lais [&hellip;]<\/p>\n","protected":false},"featured_media":601,"comment_status":"open","ping_status":"closed","template":"","meta":[],"product_cat":[42],"product_tag":[],"yoast_head":"<!-- This site is optimized with the Yoast SEO plugin v17.4 - https:\/\/yoast.com\/wordpress\/plugins\/seo\/ -->\n<title>&quot;11- the Beautiful Game&quot; - Toys4Vip<\/title>\n<meta name=\"description\" content=\"C&#039;est donc la soci\u00e9t\u00e9 n\u00e9erlandaise GRO design qui a d\u00e9cid\u00e9 de relever le d\u00e9fi en cr\u00e9ant un babyfoot de luxe digne d&#039;un mus\u00e9e. Une ann\u00e9e d&#039;\u00e9tudes et de mise au point a \u00e9t\u00e9 n\u00e9cessaire.Les joueurs sont en chrome et l&#039;\u00e9clairage refl\u00e8te celui des plus beaux stades. Seul inconv\u00e9nient: il faut douze semaines de d\u00e9lais pour fabriquer chaque table.\" \/>\n<meta name=\"robots\" content=\"index, follow, max-snippet:-1, max-image-preview:large, max-video-preview:-1\" \/>\n<link rel=\"canonical\" href=\"https:\/\/www.toys4vip.com\/fr\/luxury-toy\/11-the-beautiful-game\/72\/\" \/>\n<meta property=\"og:locale\" content=\"fr_FR\" \/>\n<meta property=\"og:type\" content=\"article\" \/>\n<meta property=\"og:title\" content=\"&quot;11- the Beautiful Game&quot; - Toys4Vip\" \/>\n<meta property=\"og:description\" content=\"C&#039;est donc la soci\u00e9t\u00e9 n\u00e9erlandaise GRO design qui a d\u00e9cid\u00e9 de relever le d\u00e9fi en cr\u00e9ant un babyfoot de luxe digne d&#039;un mus\u00e9e. Une ann\u00e9e d&#039;\u00e9tudes et de mise au point a \u00e9t\u00e9 n\u00e9cessaire.Les joueurs sont en chrome et l&#039;\u00e9clairage refl\u00e8te celui des plus beaux stades. Seul inconv\u00e9nient: il faut douze semaines de d\u00e9lais pour fabriquer chaque table.\" \/>\n<meta property=\"og:url\" content=\"https:\/\/www.toys4vip.com\/fr\/luxury-toy\/11-the-beautiful-game\/72\/\" \/>\n<meta property=\"og:site_name\" content=\"Toys4Vip\" \/>\n<meta property=\"article:modified_time\" content=\"2021-11-17T16:52:45+00:00\" \/>\n<meta property=\"og:image\" content=\"https:\/\/www.toys4vip.com\/app\/uploads\/2021\/11\/main-57.jpg\" \/>\n\t<meta property=\"og:image:width\" content=\"470\" \/>\n\t<meta property=\"og:image:height\" content=\"362\" \/>\n<meta name=\"twitter:card\" content=\"summary_large_image\" \/>\n<script type=\"application\/ld+json\" class=\"yoast-schema-graph\">{\"@context\":\"https:\/\/schema.org\",\"@graph\":[{\"@type\":\"WebSite\",\"@id\":\"https:\/\/www.toys4vip.com\/fr\/#website\",\"url\":\"https:\/\/www.toys4vip.com\/fr\/\",\"name\":\"Toys4Vip\",\"description\":\"Jouets de luxe nouveau concept store\",\"potentialAction\":[{\"@type\":\"SearchAction\",\"target\":{\"@type\":\"EntryPoint\",\"urlTemplate\":\"https:\/\/www.toys4vip.com\/fr\/?s={search_term_string}\"},\"query-input\":\"required name=search_term_string\"}],\"inLanguage\":\"fr-FR\"},{\"@type\":\"ImageObject\",\"@id\":\"https:\/\/www.toys4vip.com\/fr\/luxury-toy\/11-the-beautiful-game\/72\/#primaryimage\",\"inLanguage\":\"fr-FR\",\"url\":\"https:\/\/www.toys4vip.com\/app\/uploads\/2021\/11\/main-57.jpg\",\"contentUrl\":\"https:\/\/www.toys4vip.com\/app\/uploads\/2021\/11\/main-57.jpg\",\"width\":470,\"height\":362},{\"@type\":\"WebPage\",\"@id\":\"https:\/\/www.toys4vip.com\/fr\/luxury-toy\/11-the-beautiful-game\/72\/#webpage\",\"url\":\"https:\/\/www.toys4vip.com\/fr\/luxury-toy\/11-the-beautiful-game\/72\/\",\"name\":\"\\\"11- the Beautiful Game\\\" - Toys4Vip\",\"isPartOf\":{\"@id\":\"https:\/\/www.toys4vip.com\/fr\/#website\"},\"primaryImageOfPage\":{\"@id\":\"https:\/\/www.toys4vip.com\/fr\/luxury-toy\/11-the-beautiful-game\/72\/#primaryimage\"},\"datePublished\":\"2021-11-02T10:28:45+00:00\",\"dateModified\":\"2021-11-17T16:52:45+00:00\",\"description\":\"C'est donc la soci\\u00e9t\\u00e9 n\\u00e9erlandaise GRO design qui a d\\u00e9cid\\u00e9 de relever le d\\u00e9fi en cr\\u00e9ant un babyfoot de luxe digne d'un mus\\u00e9e. Une ann\\u00e9e d'\\u00e9tudes et de mise au point a \\u00e9t\\u00e9 n\\u00e9cessaire.Les joueurs sont en chrome et l'\\u00e9clairage refl\\u00e8te celui des plus beaux stades. Seul inconv\\u00e9nient: il faut douze semaines de d\\u00e9lais pour fabriquer chaque table.\",\"breadcrumb\":{\"@id\":\"https:\/\/www.toys4vip.com\/fr\/luxury-toy\/11-the-beautiful-game\/72\/#breadcrumb\"},\"inLanguage\":\"fr-FR\",\"potentialAction\":[{\"@type\":\"ReadAction\",\"target\":[\"https:\/\/www.toys4vip.com\/fr\/luxury-toy\/11-the-beautiful-game\/72\/\"]}]},{\"@type\":\"BreadcrumbList\",\"@id\":\"https:\/\/www.toys4vip.com\/fr\/luxury-toy\/11-the-beautiful-game\/72\/#breadcrumb\",\"itemListElement\":[{\"@type\":\"ListItem\",\"position\":1,\"name\":\"Home\",\"item\":\"https:\/\/www.toys4vip.com\/fr\/\"},{\"@type\":\"ListItem\",\"position\":2,\"name\":\"Objets \/ Cat\\u00e9gories\",\"item\":\"https:\/\/www.toys4vip.com\/fr\/luxury-toys\/\"},{\"@type\":\"ListItem\",\"position\":3,\"name\":\"&#8220;11- the Beautiful Game&#8221;\"}]}]}<\/script>\n<!-- \/ Yoast SEO plugin. -->","yoast_head_json":{"title":"\"11- the Beautiful Game\" - Toys4Vip","description":"C'est donc la soci\u00e9t\u00e9 n\u00e9erlandaise GRO design qui a d\u00e9cid\u00e9 de relever le d\u00e9fi en cr\u00e9ant un babyfoot de luxe digne d'un mus\u00e9e. Une ann\u00e9e d'\u00e9tudes et de mise au point a \u00e9t\u00e9 n\u00e9cessaire.Les joueurs sont en chrome et l'\u00e9clairage refl\u00e8te celui des plus beaux stades. Seul inconv\u00e9nient: il faut douze semaines de d\u00e9lais pour fabriquer chaque table.","robots":{"index":"index","follow":"follow","max-snippet":"max-snippet:-1","max-image-preview":"max-image-preview:large","max-video-preview":"max-video-preview:-1"},"canonical":"https:\/\/www.toys4vip.com\/fr\/luxury-toy\/11-the-beautiful-game\/72\/","og_locale":"fr_FR","og_type":"article","og_title":"\"11- the Beautiful Game\" - Toys4Vip","og_description":"C'est donc la soci\u00e9t\u00e9 n\u00e9erlandaise GRO design qui a d\u00e9cid\u00e9 de relever le d\u00e9fi en cr\u00e9ant un babyfoot de luxe digne d'un mus\u00e9e. Une ann\u00e9e d'\u00e9tudes et de mise au point a \u00e9t\u00e9 n\u00e9cessaire.Les joueurs sont en chrome et l'\u00e9clairage refl\u00e8te celui des plus beaux stades. Seul inconv\u00e9nient: il faut douze semaines de d\u00e9lais pour fabriquer chaque table.","og_url":"https:\/\/www.toys4vip.com\/fr\/luxury-toy\/11-the-beautiful-game\/72\/","og_site_name":"Toys4Vip","article_modified_time":"2021-11-17T16:52:45+00:00","og_image":[{"width":470,"height":362,"url":"https:\/\/www.toys4vip.com\/app\/uploads\/2021\/11\/main-57.jpg","type":"image\/jpeg"}],"twitter_card":"summary_large_image","schema":{"@context":"https:\/\/schema.org","@graph":[{"@type":"WebSite","@id":"https:\/\/www.toys4vip.com\/fr\/#website","url":"https:\/\/www.toys4vip.com\/fr\/","name":"Toys4Vip","description":"Jouets de luxe nouveau concept store","potentialAction":[{"@type":"SearchAction","target":{"@type":"EntryPoint","urlTemplate":"https:\/\/www.toys4vip.com\/fr\/?s={search_term_string}"},"query-input":"required name=search_term_string"}],"inLanguage":"fr-FR"},{"@type":"ImageObject","@id":"https:\/\/www.toys4vip.com\/fr\/luxury-toy\/11-the-beautiful-game\/72\/#primaryimage","inLanguage":"fr-FR","url":"https:\/\/www.toys4vip.com\/app\/uploads\/2021\/11\/main-57.jpg","contentUrl":"https:\/\/www.toys4vip.com\/app\/uploads\/2021\/11\/main-57.jpg","width":470,"height":362},{"@type":"WebPage","@id":"https:\/\/www.toys4vip.com\/fr\/luxury-toy\/11-the-beautiful-game\/72\/#webpage","url":"https:\/\/www.toys4vip.com\/fr\/luxury-toy\/11-the-beautiful-game\/72\/","name":"\"11- the Beautiful Game\" - Toys4Vip","isPartOf":{"@id":"https:\/\/www.toys4vip.com\/fr\/#website"},"primaryImageOfPage":{"@id":"https:\/\/www.toys4vip.com\/fr\/luxury-toy\/11-the-beautiful-game\/72\/#primaryimage"},"datePublished":"2021-11-02T10:28:45+00:00","dateModified":"2021-11-17T16:52:45+00:00","description":"C'est donc la soci\u00e9t\u00e9 n\u00e9erlandaise GRO design qui a d\u00e9cid\u00e9 de relever le d\u00e9fi en cr\u00e9ant un babyfoot de luxe digne d'un mus\u00e9e. Une ann\u00e9e d'\u00e9tudes et de mise au point a \u00e9t\u00e9 n\u00e9cessaire.Les joueurs sont en chrome et l'\u00e9clairage refl\u00e8te celui des plus beaux stades. Seul inconv\u00e9nient: il faut douze semaines de d\u00e9lais pour fabriquer chaque table.","breadcrumb":{"@id":"https:\/\/www.toys4vip.com\/fr\/luxury-toy\/11-the-beautiful-game\/72\/#breadcrumb"},"inLanguage":"fr-FR","potentialAction":[{"@type":"ReadAction","target":["https:\/\/www.toys4vip.com\/fr\/luxury-toy\/11-the-beautiful-game\/72\/"]}]},{"@type":"BreadcrumbList","@id":"https:\/\/www.toys4vip.com\/fr\/luxury-toy\/11-the-beautiful-game\/72\/#breadcrumb","itemListElement":[{"@type":"ListItem","position":1,"name":"Home","item":"https:\/\/www.toys4vip.com\/fr\/"},{"@type":"ListItem","position":2,"name":"Objets \/ Cat\u00e9gories","item":"https:\/\/www.toys4vip.com\/fr\/luxury-toys\/"},{"@type":"ListItem","position":3,"name":"&#8220;11- the Beautiful Game&#8221;"}]}]}},"_links":{"self":[{"href":"https:\/\/www.toys4vip.com\/fr\/wp-json\/wp\/v2\/product\/603"}],"collection":[{"href":"https:\/\/www.toys4vip.com\/fr\/wp-json\/wp\/v2\/product"}],"about":[{"href":"https:\/\/www.toys4vip.com\/fr\/wp-json\/wp\/v2\/types\/product"}],"replies":[{"embeddable":true,"href":"https:\/\/www.toys4vip.com\/fr\/wp-json\/wp\/v2\/comments?post=603"}],"wp:featuredmedia":[{"embeddable":true,"href":"https:\/\/www.toys4vip.com\/fr\/wp-json\/wp\/v2\/media\/601"}],"wp:attachment":[{"href":"https:\/\/www.toys4vip.com\/fr\/wp-json\/wp\/v2\/media?parent=603"}],"wp:term":[{"taxonomy":"product_cat","embeddable":true,"href":"https:\/\/www.toys4vip.com\/fr\/wp-json\/wp\/v2\/product_cat?post=603"},{"taxonomy":"product_tag","embeddable":true,"href":"https:\/\/www.toys4vip.com\/fr\/wp-json\/wp\/v2\/product_tag?post=603"}],"curies":[{"name":"wp","href":"https:\/\/api.w.org\/{rel}","templated":true}]}}