{"id":600,"date":"2021-11-02T10:28:45","date_gmt":"2021-11-02T10:28:45","guid":{"rendered":"https:\/\/toys4vip.com\/produit\/enceintes-beolab-5\/"},"modified":"2021-11-13T11:23:11","modified_gmt":"2021-11-13T11:23:11","slug":"enceintes-beolab-5","status":"publish","type":"product","link":"https:\/\/www.toys4vip.com\/fr\/luxury-toy\/enceintes-beolab-5\/71\/","title":{"rendered":"Enceintes BeoLab 5"},"content":{"rendered":"<p>Avec sa forme en c\u00f4ne surmont\u00e9e de trois disques permettant un son exceptionnel, cette enceinte a un design et des qualit\u00e9s techniques uniques. Elle fournit 2500 watts d&rsquo;un son puissant excluant totalement tout bruit ext\u00e9rieur.<\/p>\n<p>Non seulement les enceintes ont une forme architectural futuriste tout droit sortie de votre film de science-fiction favoris mais en plus de \u00e7a vous pouvez vous d\u00e9placer o\u00f9 bon vous semble, cela ne g\u00eanera en rien la qualit\u00e9 sonore de vos chansons gr\u00e2ce \u00e0 la technologie Acoustic Lens de B&amp;O qui permet d\u2019\u00e9mettre les sons \u00e0 plusieurs degr\u00e9 autour de l\u2019enceinte. Ainsi vous pourrez \u00eatre libre de vos mouvement tout vous laissant croire d\u2019avoir un artiste dans votre pi\u00e8ce.<br \/>\n2500 watts d\u2019amplification num\u00e9rique<br \/>\nHauteur : 97 cm. Diam\u00e8tre : 49 cm.<\/p>\n","protected":false},"excerpt":{"rendered":"<p>Avec sa forme en c\u00f4ne surmont\u00e9e de trois disques permettant un son exceptionnel, cette enceinte a un design et des qualit\u00e9s techniques uniques. Elle fournit 2500 watts d&rsquo;un son puissant excluant totalement tout bruit ext\u00e9rieur. Non seulement les enceintes ont une forme architectural futuriste tout droit sortie de votre film de science-fiction favoris mais en [&hellip;]<\/p>\n","protected":false},"featured_media":598,"comment_status":"open","ping_status":"closed","template":"","meta":[],"product_cat":[42],"product_tag":[],"yoast_head":"<!-- This site is optimized with the Yoast SEO plugin v17.4 - https:\/\/yoast.com\/wordpress\/plugins\/seo\/ -->\n<title>Enceintes BeoLab 5 - Toys4Vip<\/title>\n<meta name=\"description\" content=\"Avec sa forme en c\u00f4ne surmont\u00e9e de trois disques permettant un son exceptionnel, cette enceinte a un design et des qualit\u00e9s techniques uniques. Elle fournit 2500 watts d&#039;un son puissant excluant totalement tout bruit ext\u00e9rieur.Non seulement les enceintes ont une forme architectural futuriste tout droit sortie de votre film de science-fiction favoris mais en plus de \u00e7a vous pouvez vous d\u00e9placer o\u00f9 bon vous semble, cela ne g\u00eanera en rien la qualit\u00e9 sonore de vos chansons gr\u00e2ce \u00e0 la technologie Acoustic Lens de B&amp;O qui permet d\u2019\u00e9mettre les sons \u00e0 plusieurs degr\u00e9 autour de l\u2019enceinte. Ainsi vous pourrez \u00eatre libre de vos mouvement tout vous laissant croire d\u2019avoir un artiste dans votre pi\u00e8ce.\" \/>\n<meta name=\"robots\" content=\"index, follow, max-snippet:-1, max-image-preview:large, max-video-preview:-1\" \/>\n<link rel=\"canonical\" href=\"https:\/\/www.toys4vip.com\/fr\/luxury-toy\/enceintes-beolab-5\/71\/\" \/>\n<meta property=\"og:locale\" content=\"fr_FR\" \/>\n<meta property=\"og:type\" content=\"article\" \/>\n<meta property=\"og:title\" content=\"Enceintes BeoLab 5 - Toys4Vip\" \/>\n<meta property=\"og:description\" content=\"Avec sa forme en c\u00f4ne surmont\u00e9e de trois disques permettant un son exceptionnel, cette enceinte a un design et des qualit\u00e9s techniques uniques. Elle fournit 2500 watts d&#039;un son puissant excluant totalement tout bruit ext\u00e9rieur.Non seulement les enceintes ont une forme architectural futuriste tout droit sortie de votre film de science-fiction favoris mais en plus de \u00e7a vous pouvez vous d\u00e9placer o\u00f9 bon vous semble, cela ne g\u00eanera en rien la qualit\u00e9 sonore de vos chansons gr\u00e2ce \u00e0 la technologie Acoustic Lens de B&amp;O qui permet d\u2019\u00e9mettre les sons \u00e0 plusieurs degr\u00e9 autour de l\u2019enceinte. Ainsi vous pourrez \u00eatre libre de vos mouvement tout vous laissant croire d\u2019avoir un artiste dans votre pi\u00e8ce.\" \/>\n<meta property=\"og:url\" content=\"https:\/\/www.toys4vip.com\/fr\/luxury-toy\/enceintes-beolab-5\/71\/\" \/>\n<meta property=\"og:site_name\" content=\"Toys4Vip\" \/>\n<meta property=\"article:modified_time\" content=\"2021-11-13T11:23:11+00:00\" \/>\n<meta property=\"og:image\" content=\"https:\/\/www.toys4vip.com\/app\/uploads\/2021\/11\/main-56.jpg\" \/>\n\t<meta property=\"og:image:width\" content=\"1500\" \/>\n\t<meta property=\"og:image:height\" content=\"992\" \/>\n<meta name=\"twitter:card\" content=\"summary_large_image\" \/>\n<meta name=\"twitter:label1\" content=\"Dur\u00e9e de lecture est.\" \/>\n\t<meta name=\"twitter:data1\" content=\"1 minute\" \/>\n<script type=\"application\/ld+json\" class=\"yoast-schema-graph\">{\"@context\":\"https:\/\/schema.org\",\"@graph\":[{\"@type\":\"WebSite\",\"@id\":\"https:\/\/www.toys4vip.com\/fr\/#website\",\"url\":\"https:\/\/www.toys4vip.com\/fr\/\",\"name\":\"Toys4Vip\",\"description\":\"Jouets de luxe nouveau concept store\",\"potentialAction\":[{\"@type\":\"SearchAction\",\"target\":{\"@type\":\"EntryPoint\",\"urlTemplate\":\"https:\/\/www.toys4vip.com\/fr\/?s={search_term_string}\"},\"query-input\":\"required name=search_term_string\"}],\"inLanguage\":\"fr-FR\"},{\"@type\":\"ImageObject\",\"@id\":\"https:\/\/www.toys4vip.com\/fr\/luxury-toy\/enceintes-beolab-5\/71\/#primaryimage\",\"inLanguage\":\"fr-FR\",\"url\":\"https:\/\/www.toys4vip.com\/app\/uploads\/2021\/11\/main-56.jpg\",\"contentUrl\":\"https:\/\/www.toys4vip.com\/app\/uploads\/2021\/11\/main-56.jpg\",\"width\":1500,\"height\":992},{\"@type\":\"WebPage\",\"@id\":\"https:\/\/www.toys4vip.com\/fr\/luxury-toy\/enceintes-beolab-5\/71\/#webpage\",\"url\":\"https:\/\/www.toys4vip.com\/fr\/luxury-toy\/enceintes-beolab-5\/71\/\",\"name\":\"Enceintes BeoLab 5 - Toys4Vip\",\"isPartOf\":{\"@id\":\"https:\/\/www.toys4vip.com\/fr\/#website\"},\"primaryImageOfPage\":{\"@id\":\"https:\/\/www.toys4vip.com\/fr\/luxury-toy\/enceintes-beolab-5\/71\/#primaryimage\"},\"datePublished\":\"2021-11-02T10:28:45+00:00\",\"dateModified\":\"2021-11-13T11:23:11+00:00\",\"description\":\"Avec sa forme en c\\u00f4ne surmont\\u00e9e de trois disques permettant un son exceptionnel, cette enceinte a un design et des qualit\\u00e9s techniques uniques. Elle fournit 2500 watts d'un son puissant excluant totalement tout bruit ext\\u00e9rieur.Non seulement les enceintes ont une forme architectural futuriste tout droit sortie de votre film de science-fiction favoris mais en plus de \\u00e7a vous pouvez vous d\\u00e9placer o\\u00f9 bon vous semble, cela ne g\\u00eanera en rien la qualit\\u00e9 sonore de vos chansons gr\\u00e2ce \\u00e0 la technologie Acoustic Lens de B&O qui permet d\\u2019\\u00e9mettre les sons \\u00e0 plusieurs degr\\u00e9 autour de l\\u2019enceinte. Ainsi vous pourrez \\u00eatre libre de vos mouvement tout vous laissant croire d\\u2019avoir un artiste dans votre pi\\u00e8ce.\",\"breadcrumb\":{\"@id\":\"https:\/\/www.toys4vip.com\/fr\/luxury-toy\/enceintes-beolab-5\/71\/#breadcrumb\"},\"inLanguage\":\"fr-FR\",\"potentialAction\":[{\"@type\":\"ReadAction\",\"target\":[\"https:\/\/www.toys4vip.com\/fr\/luxury-toy\/enceintes-beolab-5\/71\/\"]}]},{\"@type\":\"BreadcrumbList\",\"@id\":\"https:\/\/www.toys4vip.com\/fr\/luxury-toy\/enceintes-beolab-5\/71\/#breadcrumb\",\"itemListElement\":[{\"@type\":\"ListItem\",\"position\":1,\"name\":\"Home\",\"item\":\"https:\/\/www.toys4vip.com\/fr\/\"},{\"@type\":\"ListItem\",\"position\":2,\"name\":\"Objets \/ Cat\\u00e9gories\",\"item\":\"https:\/\/www.toys4vip.com\/fr\/luxury-toys\/\"},{\"@type\":\"ListItem\",\"position\":3,\"name\":\"Enceintes BeoLab 5\"}]}]}<\/script>\n<!-- \/ Yoast SEO plugin. -->","yoast_head_json":{"title":"Enceintes BeoLab 5 - Toys4Vip","description":"Avec sa forme en c\u00f4ne surmont\u00e9e de trois disques permettant un son exceptionnel, cette enceinte a un design et des qualit\u00e9s techniques uniques. Elle fournit 2500 watts d'un son puissant excluant totalement tout bruit ext\u00e9rieur.Non seulement les enceintes ont une forme architectural futuriste tout droit sortie de votre film de science-fiction favoris mais en plus de \u00e7a vous pouvez vous d\u00e9placer o\u00f9 bon vous semble, cela ne g\u00eanera en rien la qualit\u00e9 sonore de vos chansons gr\u00e2ce \u00e0 la technologie Acoustic Lens de B&O qui permet d\u2019\u00e9mettre les sons \u00e0 plusieurs degr\u00e9 autour de l\u2019enceinte. Ainsi vous pourrez \u00eatre libre de vos mouvement tout vous laissant croire d\u2019avoir un artiste dans votre pi\u00e8ce.","robots":{"index":"index","follow":"follow","max-snippet":"max-snippet:-1","max-image-preview":"max-image-preview:large","max-video-preview":"max-video-preview:-1"},"canonical":"https:\/\/www.toys4vip.com\/fr\/luxury-toy\/enceintes-beolab-5\/71\/","og_locale":"fr_FR","og_type":"article","og_title":"Enceintes BeoLab 5 - Toys4Vip","og_description":"Avec sa forme en c\u00f4ne surmont\u00e9e de trois disques permettant un son exceptionnel, cette enceinte a un design et des qualit\u00e9s techniques uniques. Elle fournit 2500 watts d'un son puissant excluant totalement tout bruit ext\u00e9rieur.Non seulement les enceintes ont une forme architectural futuriste tout droit sortie de votre film de science-fiction favoris mais en plus de \u00e7a vous pouvez vous d\u00e9placer o\u00f9 bon vous semble, cela ne g\u00eanera en rien la qualit\u00e9 sonore de vos chansons gr\u00e2ce \u00e0 la technologie Acoustic Lens de B&O qui permet d\u2019\u00e9mettre les sons \u00e0 plusieurs degr\u00e9 autour de l\u2019enceinte. Ainsi vous pourrez \u00eatre libre de vos mouvement tout vous laissant croire d\u2019avoir un artiste dans votre pi\u00e8ce.","og_url":"https:\/\/www.toys4vip.com\/fr\/luxury-toy\/enceintes-beolab-5\/71\/","og_site_name":"Toys4Vip","article_modified_time":"2021-11-13T11:23:11+00:00","og_image":[{"width":1500,"height":992,"url":"https:\/\/www.toys4vip.com\/app\/uploads\/2021\/11\/main-56.jpg","type":"image\/jpeg"}],"twitter_card":"summary_large_image","twitter_misc":{"Dur\u00e9e de lecture est.":"1 minute"},"schema":{"@context":"https:\/\/schema.org","@graph":[{"@type":"WebSite","@id":"https:\/\/www.toys4vip.com\/fr\/#website","url":"https:\/\/www.toys4vip.com\/fr\/","name":"Toys4Vip","description":"Jouets de luxe nouveau concept store","potentialAction":[{"@type":"SearchAction","target":{"@type":"EntryPoint","urlTemplate":"https:\/\/www.toys4vip.com\/fr\/?s={search_term_string}"},"query-input":"required name=search_term_string"}],"inLanguage":"fr-FR"},{"@type":"ImageObject","@id":"https:\/\/www.toys4vip.com\/fr\/luxury-toy\/enceintes-beolab-5\/71\/#primaryimage","inLanguage":"fr-FR","url":"https:\/\/www.toys4vip.com\/app\/uploads\/2021\/11\/main-56.jpg","contentUrl":"https:\/\/www.toys4vip.com\/app\/uploads\/2021\/11\/main-56.jpg","width":1500,"height":992},{"@type":"WebPage","@id":"https:\/\/www.toys4vip.com\/fr\/luxury-toy\/enceintes-beolab-5\/71\/#webpage","url":"https:\/\/www.toys4vip.com\/fr\/luxury-toy\/enceintes-beolab-5\/71\/","name":"Enceintes BeoLab 5 - Toys4Vip","isPartOf":{"@id":"https:\/\/www.toys4vip.com\/fr\/#website"},"primaryImageOfPage":{"@id":"https:\/\/www.toys4vip.com\/fr\/luxury-toy\/enceintes-beolab-5\/71\/#primaryimage"},"datePublished":"2021-11-02T10:28:45+00:00","dateModified":"2021-11-13T11:23:11+00:00","description":"Avec sa forme en c\u00f4ne surmont\u00e9e de trois disques permettant un son exceptionnel, cette enceinte a un design et des qualit\u00e9s techniques uniques. Elle fournit 2500 watts d'un son puissant excluant totalement tout bruit ext\u00e9rieur.Non seulement les enceintes ont une forme architectural futuriste tout droit sortie de votre film de science-fiction favoris mais en plus de \u00e7a vous pouvez vous d\u00e9placer o\u00f9 bon vous semble, cela ne g\u00eanera en rien la qualit\u00e9 sonore de vos chansons gr\u00e2ce \u00e0 la technologie Acoustic Lens de B&O qui permet d\u2019\u00e9mettre les sons \u00e0 plusieurs degr\u00e9 autour de l\u2019enceinte. Ainsi vous pourrez \u00eatre libre de vos mouvement tout vous laissant croire d\u2019avoir un artiste dans votre pi\u00e8ce.","breadcrumb":{"@id":"https:\/\/www.toys4vip.com\/fr\/luxury-toy\/enceintes-beolab-5\/71\/#breadcrumb"},"inLanguage":"fr-FR","potentialAction":[{"@type":"ReadAction","target":["https:\/\/www.toys4vip.com\/fr\/luxury-toy\/enceintes-beolab-5\/71\/"]}]},{"@type":"BreadcrumbList","@id":"https:\/\/www.toys4vip.com\/fr\/luxury-toy\/enceintes-beolab-5\/71\/#breadcrumb","itemListElement":[{"@type":"ListItem","position":1,"name":"Home","item":"https:\/\/www.toys4vip.com\/fr\/"},{"@type":"ListItem","position":2,"name":"Objets \/ Cat\u00e9gories","item":"https:\/\/www.toys4vip.com\/fr\/luxury-toys\/"},{"@type":"ListItem","position":3,"name":"Enceintes BeoLab 5"}]}]}},"_links":{"self":[{"href":"https:\/\/www.toys4vip.com\/fr\/wp-json\/wp\/v2\/product\/600"}],"collection":[{"href":"https:\/\/www.toys4vip.com\/fr\/wp-json\/wp\/v2\/product"}],"about":[{"href":"https:\/\/www.toys4vip.com\/fr\/wp-json\/wp\/v2\/types\/product"}],"replies":[{"embeddable":true,"href":"https:\/\/www.toys4vip.com\/fr\/wp-json\/wp\/v2\/comments?post=600"}],"wp:featuredmedia":[{"embeddable":true,"href":"https:\/\/www.toys4vip.com\/fr\/wp-json\/wp\/v2\/media\/598"}],"wp:attachment":[{"href":"https:\/\/www.toys4vip.com\/fr\/wp-json\/wp\/v2\/media?parent=600"}],"wp:term":[{"taxonomy":"product_cat","embeddable":true,"href":"https:\/\/www.toys4vip.com\/fr\/wp-json\/wp\/v2\/product_cat?post=600"},{"taxonomy":"product_tag","embeddable":true,"href":"https:\/\/www.toys4vip.com\/fr\/wp-json\/wp\/v2\/product_tag?post=600"}],"curies":[{"name":"wp","href":"https:\/\/api.w.org\/{rel}","templated":true}]}}