{"id":597,"date":"2021-11-02T10:28:45","date_gmt":"2021-11-02T10:28:45","guid":{"rendered":"https:\/\/toys4vip.com\/produit\/le-calendrier-de-lavent-a-1m-de-dollars\/"},"modified":"2021-11-15T15:02:56","modified_gmt":"2021-11-15T15:02:56","slug":"le-calendrier-de-lavent-a-1m-de-dollars","status":"publish","type":"product","link":"https:\/\/www.toys4vip.com\/fr\/luxury-toy\/le-calendrier-de-lavent-a-1m-de-dollars\/70\/","title":{"rendered":"Le Calendrier de l&rsquo;Avent \u00e0 1M de dollars"},"content":{"rendered":"<p>Oubliez les chocolats ou les bonbons, pour la p\u00e9riode de l&rsquo;Avent, Porsche Design a la solution ultime.<\/p>\n<p>Il faudra tout de m\u00eame d\u00e9bourser 1 million de Dollars US pour esp\u00e9rer mettre la main sur ce calendrier fabriqu\u00e9 \u00e0 5 exemplaires seulement.<\/p>\n<p>Une somme folle, mais qui permet d&rsquo;acqu\u00e9rir une tour en aluminium de pr\u00e8s de 2 m\u00e8tres de haut comprenant quelques \u00ab douceurs \u00bb comme une montre P&rsquo;6910, une cuisine tout \u00e9quip\u00e9e P&rsquo;7340 et de nombreux objets sign\u00e9s Porsche Design (lunettes de soleil, stylos, boutons de manchette\u2026).<\/p>\n<p>On peut ainsi d\u00e9couvrir derri\u00e8re l\u2019une des 24 cases des lunettes en or 18 carats, un blouson en cuir ou encore un assortiment de bagages. Il y a \u00e9galement trois in\u00e9dits Porsche Design comme la montre P\u20196910 en or rose, une cuisine personnalisable et un bon pour un yacht de 8,50m !<\/p>\n<p>Mais le plus impressionnant des \u00ab cadeaux \u00bb fournis avec ce calendrier est probablement le RFF28, un yacht motoris\u00e9 par un moteur Mercury de 525 chevaux.<\/p>\n<p>Joyeux No\u00ebl !<\/p>\n","protected":false},"excerpt":{"rendered":"<p>Oubliez les chocolats ou les bonbons, pour la p\u00e9riode de l&rsquo;Avent, Porsche Design a la solution ultime. Il faudra tout de m\u00eame d\u00e9bourser 1 million de Dollars US pour esp\u00e9rer mettre la main sur ce calendrier fabriqu\u00e9 \u00e0 5 exemplaires seulement. Une somme folle, mais qui permet d&rsquo;acqu\u00e9rir une tour en aluminium de pr\u00e8s de [&hellip;]<\/p>\n","protected":false},"featured_media":595,"comment_status":"open","ping_status":"closed","template":"","meta":[],"product_cat":[42],"product_tag":[],"yoast_head":"<!-- This site is optimized with the Yoast SEO plugin v17.4 - https:\/\/yoast.com\/wordpress\/plugins\/seo\/ -->\n<title>Le Calendrier de l&#039;Avent \u00e0 1M de dollars - Toys4Vip<\/title>\n<meta name=\"description\" content=\"Oubliez les chocolats ou les bonbons, pour la p\u00e9riode de l&#039;Avent, Porsche Design a la solution ultime.Il faudra tout de m\u00eame d\u00e9bourser 1 million de Dollars US pour esp\u00e9rer mettre la main sur ce calendrier fabriqu\u00e9 \u00e0 5 exemplaires seulement.Une somme folle, mais qui permet d&#039;acqu\u00e9rir une tour en aluminium de pr\u00e8s de 2 m\u00e8tres de haut comprenant quelques \u00ab douceurs \u00bb comme une montre P&#039;6910, une cuisine tout \u00e9quip\u00e9e P&#039;7340 et de nombreux objets sign\u00e9s Porsche Design (lunettes de soleil, stylos, boutons de manchette\u2026).\" \/>\n<meta name=\"robots\" content=\"index, follow, max-snippet:-1, max-image-preview:large, max-video-preview:-1\" \/>\n<link rel=\"canonical\" href=\"https:\/\/www.toys4vip.com\/fr\/luxury-toy\/le-calendrier-de-lavent-a-1m-de-dollars\/70\/\" \/>\n<meta property=\"og:locale\" content=\"fr_FR\" \/>\n<meta property=\"og:type\" content=\"article\" \/>\n<meta property=\"og:title\" content=\"Le Calendrier de l&#039;Avent \u00e0 1M de dollars - Toys4Vip\" \/>\n<meta property=\"og:description\" content=\"Oubliez les chocolats ou les bonbons, pour la p\u00e9riode de l&#039;Avent, Porsche Design a la solution ultime.Il faudra tout de m\u00eame d\u00e9bourser 1 million de Dollars US pour esp\u00e9rer mettre la main sur ce calendrier fabriqu\u00e9 \u00e0 5 exemplaires seulement.Une somme folle, mais qui permet d&#039;acqu\u00e9rir une tour en aluminium de pr\u00e8s de 2 m\u00e8tres de haut comprenant quelques \u00ab douceurs \u00bb comme une montre P&#039;6910, une cuisine tout \u00e9quip\u00e9e P&#039;7340 et de nombreux objets sign\u00e9s Porsche Design (lunettes de soleil, stylos, boutons de manchette\u2026).\" \/>\n<meta property=\"og:url\" content=\"https:\/\/www.toys4vip.com\/fr\/luxury-toy\/le-calendrier-de-lavent-a-1m-de-dollars\/70\/\" \/>\n<meta property=\"og:site_name\" content=\"Toys4Vip\" \/>\n<meta property=\"article:modified_time\" content=\"2021-11-15T15:02:56+00:00\" \/>\n<meta property=\"og:image\" content=\"https:\/\/www.toys4vip.com\/app\/uploads\/2021\/11\/main-55.jpg\" \/>\n\t<meta property=\"og:image:width\" content=\"630\" \/>\n\t<meta property=\"og:image:height\" content=\"418\" \/>\n<meta name=\"twitter:card\" content=\"summary_large_image\" \/>\n<meta name=\"twitter:label1\" content=\"Dur\u00e9e de lecture est.\" \/>\n\t<meta name=\"twitter:data1\" content=\"1 minute\" \/>\n<script type=\"application\/ld+json\" class=\"yoast-schema-graph\">{\"@context\":\"https:\/\/schema.org\",\"@graph\":[{\"@type\":\"WebSite\",\"@id\":\"https:\/\/www.toys4vip.com\/fr\/#website\",\"url\":\"https:\/\/www.toys4vip.com\/fr\/\",\"name\":\"Toys4Vip\",\"description\":\"Jouets de luxe nouveau concept store\",\"potentialAction\":[{\"@type\":\"SearchAction\",\"target\":{\"@type\":\"EntryPoint\",\"urlTemplate\":\"https:\/\/www.toys4vip.com\/fr\/?s={search_term_string}\"},\"query-input\":\"required name=search_term_string\"}],\"inLanguage\":\"fr-FR\"},{\"@type\":\"ImageObject\",\"@id\":\"https:\/\/www.toys4vip.com\/fr\/luxury-toy\/le-calendrier-de-lavent-a-1m-de-dollars\/70\/#primaryimage\",\"inLanguage\":\"fr-FR\",\"url\":\"https:\/\/www.toys4vip.com\/app\/uploads\/2021\/11\/main-55.jpg\",\"contentUrl\":\"https:\/\/www.toys4vip.com\/app\/uploads\/2021\/11\/main-55.jpg\",\"width\":630,\"height\":418},{\"@type\":\"WebPage\",\"@id\":\"https:\/\/www.toys4vip.com\/fr\/luxury-toy\/le-calendrier-de-lavent-a-1m-de-dollars\/70\/#webpage\",\"url\":\"https:\/\/www.toys4vip.com\/fr\/luxury-toy\/le-calendrier-de-lavent-a-1m-de-dollars\/70\/\",\"name\":\"Le Calendrier de l'Avent \\u00e0 1M de dollars - Toys4Vip\",\"isPartOf\":{\"@id\":\"https:\/\/www.toys4vip.com\/fr\/#website\"},\"primaryImageOfPage\":{\"@id\":\"https:\/\/www.toys4vip.com\/fr\/luxury-toy\/le-calendrier-de-lavent-a-1m-de-dollars\/70\/#primaryimage\"},\"datePublished\":\"2021-11-02T10:28:45+00:00\",\"dateModified\":\"2021-11-15T15:02:56+00:00\",\"description\":\"Oubliez les chocolats ou les bonbons, pour la p\\u00e9riode de l'Avent, Porsche Design a la solution ultime.Il faudra tout de m\\u00eame d\\u00e9bourser 1 million de Dollars US pour esp\\u00e9rer mettre la main sur ce calendrier fabriqu\\u00e9 \\u00e0 5 exemplaires seulement.Une somme folle, mais qui permet d'acqu\\u00e9rir une tour en aluminium de pr\\u00e8s de 2 m\\u00e8tres de haut comprenant quelques \\u00ab douceurs \\u00bb comme une montre P'6910, une cuisine tout \\u00e9quip\\u00e9e P'7340 et de nombreux objets sign\\u00e9s Porsche Design (lunettes de soleil, stylos, boutons de manchette\\u2026).\",\"breadcrumb\":{\"@id\":\"https:\/\/www.toys4vip.com\/fr\/luxury-toy\/le-calendrier-de-lavent-a-1m-de-dollars\/70\/#breadcrumb\"},\"inLanguage\":\"fr-FR\",\"potentialAction\":[{\"@type\":\"ReadAction\",\"target\":[\"https:\/\/www.toys4vip.com\/fr\/luxury-toy\/le-calendrier-de-lavent-a-1m-de-dollars\/70\/\"]}]},{\"@type\":\"BreadcrumbList\",\"@id\":\"https:\/\/www.toys4vip.com\/fr\/luxury-toy\/le-calendrier-de-lavent-a-1m-de-dollars\/70\/#breadcrumb\",\"itemListElement\":[{\"@type\":\"ListItem\",\"position\":1,\"name\":\"Home\",\"item\":\"https:\/\/www.toys4vip.com\/fr\/\"},{\"@type\":\"ListItem\",\"position\":2,\"name\":\"Objets \/ Cat\\u00e9gories\",\"item\":\"https:\/\/www.toys4vip.com\/fr\/luxury-toys\/\"},{\"@type\":\"ListItem\",\"position\":3,\"name\":\"Le Calendrier de l&#8217;Avent \\u00e0 1M de dollars\"}]}]}<\/script>\n<!-- \/ Yoast SEO plugin. -->","yoast_head_json":{"title":"Le Calendrier de l'Avent \u00e0 1M de dollars - Toys4Vip","description":"Oubliez les chocolats ou les bonbons, pour la p\u00e9riode de l'Avent, Porsche Design a la solution ultime.Il faudra tout de m\u00eame d\u00e9bourser 1 million de Dollars US pour esp\u00e9rer mettre la main sur ce calendrier fabriqu\u00e9 \u00e0 5 exemplaires seulement.Une somme folle, mais qui permet d'acqu\u00e9rir une tour en aluminium de pr\u00e8s de 2 m\u00e8tres de haut comprenant quelques \u00ab douceurs \u00bb comme une montre P'6910, une cuisine tout \u00e9quip\u00e9e P'7340 et de nombreux objets sign\u00e9s Porsche Design (lunettes de soleil, stylos, boutons de manchette\u2026).","robots":{"index":"index","follow":"follow","max-snippet":"max-snippet:-1","max-image-preview":"max-image-preview:large","max-video-preview":"max-video-preview:-1"},"canonical":"https:\/\/www.toys4vip.com\/fr\/luxury-toy\/le-calendrier-de-lavent-a-1m-de-dollars\/70\/","og_locale":"fr_FR","og_type":"article","og_title":"Le Calendrier de l'Avent \u00e0 1M de dollars - Toys4Vip","og_description":"Oubliez les chocolats ou les bonbons, pour la p\u00e9riode de l'Avent, Porsche Design a la solution ultime.Il faudra tout de m\u00eame d\u00e9bourser 1 million de Dollars US pour esp\u00e9rer mettre la main sur ce calendrier fabriqu\u00e9 \u00e0 5 exemplaires seulement.Une somme folle, mais qui permet d'acqu\u00e9rir une tour en aluminium de pr\u00e8s de 2 m\u00e8tres de haut comprenant quelques \u00ab douceurs \u00bb comme une montre P'6910, une cuisine tout \u00e9quip\u00e9e P'7340 et de nombreux objets sign\u00e9s Porsche Design (lunettes de soleil, stylos, boutons de manchette\u2026).","og_url":"https:\/\/www.toys4vip.com\/fr\/luxury-toy\/le-calendrier-de-lavent-a-1m-de-dollars\/70\/","og_site_name":"Toys4Vip","article_modified_time":"2021-11-15T15:02:56+00:00","og_image":[{"width":630,"height":418,"url":"https:\/\/www.toys4vip.com\/app\/uploads\/2021\/11\/main-55.jpg","type":"image\/jpeg"}],"twitter_card":"summary_large_image","twitter_misc":{"Dur\u00e9e de lecture est.":"1 minute"},"schema":{"@context":"https:\/\/schema.org","@graph":[{"@type":"WebSite","@id":"https:\/\/www.toys4vip.com\/fr\/#website","url":"https:\/\/www.toys4vip.com\/fr\/","name":"Toys4Vip","description":"Jouets de luxe nouveau concept store","potentialAction":[{"@type":"SearchAction","target":{"@type":"EntryPoint","urlTemplate":"https:\/\/www.toys4vip.com\/fr\/?s={search_term_string}"},"query-input":"required name=search_term_string"}],"inLanguage":"fr-FR"},{"@type":"ImageObject","@id":"https:\/\/www.toys4vip.com\/fr\/luxury-toy\/le-calendrier-de-lavent-a-1m-de-dollars\/70\/#primaryimage","inLanguage":"fr-FR","url":"https:\/\/www.toys4vip.com\/app\/uploads\/2021\/11\/main-55.jpg","contentUrl":"https:\/\/www.toys4vip.com\/app\/uploads\/2021\/11\/main-55.jpg","width":630,"height":418},{"@type":"WebPage","@id":"https:\/\/www.toys4vip.com\/fr\/luxury-toy\/le-calendrier-de-lavent-a-1m-de-dollars\/70\/#webpage","url":"https:\/\/www.toys4vip.com\/fr\/luxury-toy\/le-calendrier-de-lavent-a-1m-de-dollars\/70\/","name":"Le Calendrier de l'Avent \u00e0 1M de dollars - Toys4Vip","isPartOf":{"@id":"https:\/\/www.toys4vip.com\/fr\/#website"},"primaryImageOfPage":{"@id":"https:\/\/www.toys4vip.com\/fr\/luxury-toy\/le-calendrier-de-lavent-a-1m-de-dollars\/70\/#primaryimage"},"datePublished":"2021-11-02T10:28:45+00:00","dateModified":"2021-11-15T15:02:56+00:00","description":"Oubliez les chocolats ou les bonbons, pour la p\u00e9riode de l'Avent, Porsche Design a la solution ultime.Il faudra tout de m\u00eame d\u00e9bourser 1 million de Dollars US pour esp\u00e9rer mettre la main sur ce calendrier fabriqu\u00e9 \u00e0 5 exemplaires seulement.Une somme folle, mais qui permet d'acqu\u00e9rir une tour en aluminium de pr\u00e8s de 2 m\u00e8tres de haut comprenant quelques \u00ab douceurs \u00bb comme une montre P'6910, une cuisine tout \u00e9quip\u00e9e P'7340 et de nombreux objets sign\u00e9s Porsche Design (lunettes de soleil, stylos, boutons de manchette\u2026).","breadcrumb":{"@id":"https:\/\/www.toys4vip.com\/fr\/luxury-toy\/le-calendrier-de-lavent-a-1m-de-dollars\/70\/#breadcrumb"},"inLanguage":"fr-FR","potentialAction":[{"@type":"ReadAction","target":["https:\/\/www.toys4vip.com\/fr\/luxury-toy\/le-calendrier-de-lavent-a-1m-de-dollars\/70\/"]}]},{"@type":"BreadcrumbList","@id":"https:\/\/www.toys4vip.com\/fr\/luxury-toy\/le-calendrier-de-lavent-a-1m-de-dollars\/70\/#breadcrumb","itemListElement":[{"@type":"ListItem","position":1,"name":"Home","item":"https:\/\/www.toys4vip.com\/fr\/"},{"@type":"ListItem","position":2,"name":"Objets \/ Cat\u00e9gories","item":"https:\/\/www.toys4vip.com\/fr\/luxury-toys\/"},{"@type":"ListItem","position":3,"name":"Le Calendrier de l&#8217;Avent \u00e0 1M de dollars"}]}]}},"_links":{"self":[{"href":"https:\/\/www.toys4vip.com\/fr\/wp-json\/wp\/v2\/product\/597"}],"collection":[{"href":"https:\/\/www.toys4vip.com\/fr\/wp-json\/wp\/v2\/product"}],"about":[{"href":"https:\/\/www.toys4vip.com\/fr\/wp-json\/wp\/v2\/types\/product"}],"replies":[{"embeddable":true,"href":"https:\/\/www.toys4vip.com\/fr\/wp-json\/wp\/v2\/comments?post=597"}],"wp:featuredmedia":[{"embeddable":true,"href":"https:\/\/www.toys4vip.com\/fr\/wp-json\/wp\/v2\/media\/595"}],"wp:attachment":[{"href":"https:\/\/www.toys4vip.com\/fr\/wp-json\/wp\/v2\/media?parent=597"}],"wp:term":[{"taxonomy":"product_cat","embeddable":true,"href":"https:\/\/www.toys4vip.com\/fr\/wp-json\/wp\/v2\/product_cat?post=597"},{"taxonomy":"product_tag","embeddable":true,"href":"https:\/\/www.toys4vip.com\/fr\/wp-json\/wp\/v2\/product_tag?post=597"}],"curies":[{"name":"wp","href":"https:\/\/api.w.org\/{rel}","templated":true}]}}