{"id":588,"date":"2021-11-02T10:28:44","date_gmt":"2021-11-02T10:28:44","guid":{"rendered":"https:\/\/toys4vip.com\/produit\/leica-m9-p-edition-hermes\/"},"modified":"2021-11-13T11:23:32","modified_gmt":"2021-11-13T11:23:32","slug":"leica-m9-p-edition-hermes","status":"publish","type":"product","link":"https:\/\/www.toys4vip.com\/fr\/luxury-toy\/leica-m9-p-edition-hermes\/66\/","title":{"rendered":"LEICA M9-P EDITION HERM\u00c8S"},"content":{"rendered":"<p>Depuis son annonce en septembre 2009, le M9, muni d\u2019un capteur plein format de 18 Mpxl sans filtre passe-bas, a \u00e9volu\u00e9. Un an apr\u00e8s, une s\u00e9rie limit\u00e9e lui offre une finition en titane. En juin 2011, le M9-P est d\u00e9voil\u00e9, avec verre endurci sur le LCD, sans la pastille rouge embl\u00e9matique. Destin\u00e9 aux photojournalistes qui recherchent la discr\u00e9tion.<br \/>\n2012 est l\u2019ann\u00e9e du superlatif, avec deux coffrets abritant un M9-P, habill\u00e9 de cuir lisse sign\u00e9 Herm\u00e8s, au capot revisit\u00e9 par le designer Walter De\u2019 Silva, qui officie pour le groupe automobile Volkswagen. Le d\u00e9crochement sup\u00e9rieur s\u2019est arrondi et au dos, le pad et sa molette sont bien moins affleurants. Ce M9-P est propos\u00e9 au sein d\u2019un coffret, d\u00e9clin\u00e9 en deux versions.<\/p>\n<p>Un premier kit (d\u00e9sol\u00e9, le mot semble vulgaire face au luxe affich\u00e9) regroupe le Leica M9-P Herm\u00e8s avec un Leica Summilux M 50 mm f\/1,4 ASPH anodis\u00e9 argent et une courroie en cuir de veau \u00ab Swift \u00bb. Pour 20 000 \u20ac d\u00e8s la mi-mai. Un ensemble \u00ab basique \u00bb tir\u00e9 \u00e0 seulement trois cents exemplaires.<\/p>\n<p>Pour quelques euros de plus (plut\u00f4t quelques dizaines de milliers d\u2019euros, mais pour certains acheteurs potentiels, c\u2019est du pareil au m\u00eame), le coffret s\u2019intitule Leica M9-P \u00ab Herm\u00e8s\/Jean-Louis Dumas \u00bb, en hommage \u00e0 l\u2019ancien pr\u00e9sident d\u2019Herm\u00e8s, d\u00e9c\u00e9d\u00e9 en mai 2010. Le kit abrite un Leica Summicron-M 28 mm f\/2 ASPH, un Leica Noctilux-M 50 mm f\/0,95 ASPH et un Leica APO-Summicron-M 90 mm f\/2 ASPH. Tous anodis\u00e9s argent. Il contient un sac photo Herm\u00e8s fait main, r\u00e9plique de la premi\u00e8re sacoche Herm\u00e8s, destin\u00e9e \u00e0 Leica. Pour finir, sont pr\u00e9sents deux volumes de photos prises en noir et blanc par Jean-Louis Dumas avec son Leica M. C\u2019est en juillet que ce coffret, produit en cent exemplaires, sera vendu 40 000 \u20ac<\/p>\n","protected":false},"excerpt":{"rendered":"<p>Depuis son annonce en septembre 2009, le M9, muni d\u2019un capteur plein format de 18 Mpxl sans filtre passe-bas, a \u00e9volu\u00e9. Un an apr\u00e8s, une s\u00e9rie limit\u00e9e lui offre une finition en titane. En juin 2011, le M9-P est d\u00e9voil\u00e9, avec verre endurci sur le LCD, sans la pastille rouge embl\u00e9matique. Destin\u00e9 aux photojournalistes qui [&hellip;]<\/p>\n","protected":false},"featured_media":586,"comment_status":"open","ping_status":"closed","template":"","meta":[],"product_cat":[33],"product_tag":[],"yoast_head":"<!-- This site is optimized with the Yoast SEO plugin v17.4 - https:\/\/yoast.com\/wordpress\/plugins\/seo\/ -->\n<title>LEICA M9-P EDITION HERM\u00c8S - Toys4Vip<\/title>\n<meta name=\"description\" content=\"Depuis son annonce en septembre 2009, le M9, muni d\u2019un capteur plein format de 18 Mpxl sans filtre passe-bas, a \u00e9volu\u00e9. Un an apr\u00e8s, une s\u00e9rie limit\u00e9e lui offre une finition en titane. En juin 2011, le M9-P est d\u00e9voil\u00e9, avec verre endurci sur le LCD, sans la pastille rouge embl\u00e9matique. Destin\u00e9 aux photojournalistes qui recherchent la discr\u00e9tion.2012 est l\u2019ann\u00e9e du superlatif, avec deux coffrets abritant un M9-P, habill\u00e9 de cuir lisse sign\u00e9 Herm\u00e8s, au capot revisit\u00e9 par le designer Walter De\u2019 Silva, qui officie pour le groupe automobile Volkswagen. Le d\u00e9crochement sup\u00e9rieur s\u2019est arrondi et au dos, le pad et sa molette sont bien moins affleurants. Ce M9-P est propos\u00e9 au sein d\u2019un coffret, d\u00e9clin\u00e9 en deux versions.\" \/>\n<meta name=\"robots\" content=\"index, follow, max-snippet:-1, max-image-preview:large, max-video-preview:-1\" \/>\n<link rel=\"canonical\" href=\"https:\/\/www.toys4vip.com\/fr\/luxury-toy\/leica-m9-p-edition-hermes\/66\/\" \/>\n<meta property=\"og:locale\" content=\"fr_FR\" \/>\n<meta property=\"og:type\" content=\"article\" \/>\n<meta property=\"og:title\" content=\"LEICA M9-P EDITION HERM\u00c8S - Toys4Vip\" \/>\n<meta property=\"og:description\" content=\"Depuis son annonce en septembre 2009, le M9, muni d\u2019un capteur plein format de 18 Mpxl sans filtre passe-bas, a \u00e9volu\u00e9. Un an apr\u00e8s, une s\u00e9rie limit\u00e9e lui offre une finition en titane. En juin 2011, le M9-P est d\u00e9voil\u00e9, avec verre endurci sur le LCD, sans la pastille rouge embl\u00e9matique. Destin\u00e9 aux photojournalistes qui recherchent la discr\u00e9tion.2012 est l\u2019ann\u00e9e du superlatif, avec deux coffrets abritant un M9-P, habill\u00e9 de cuir lisse sign\u00e9 Herm\u00e8s, au capot revisit\u00e9 par le designer Walter De\u2019 Silva, qui officie pour le groupe automobile Volkswagen. Le d\u00e9crochement sup\u00e9rieur s\u2019est arrondi et au dos, le pad et sa molette sont bien moins affleurants. Ce M9-P est propos\u00e9 au sein d\u2019un coffret, d\u00e9clin\u00e9 en deux versions.\" \/>\n<meta property=\"og:url\" content=\"https:\/\/www.toys4vip.com\/fr\/luxury-toy\/leica-m9-p-edition-hermes\/66\/\" \/>\n<meta property=\"og:site_name\" content=\"Toys4Vip\" \/>\n<meta property=\"article:modified_time\" content=\"2021-11-13T11:23:32+00:00\" \/>\n<meta property=\"og:image\" content=\"https:\/\/www.toys4vip.com\/app\/uploads\/2021\/11\/main-52.jpg\" \/>\n\t<meta property=\"og:image:width\" content=\"1080\" \/>\n\t<meta property=\"og:image:height\" content=\"738\" \/>\n<meta name=\"twitter:card\" content=\"summary_large_image\" \/>\n<meta name=\"twitter:label1\" content=\"Dur\u00e9e de lecture est.\" \/>\n\t<meta name=\"twitter:data1\" content=\"2 minutes\" \/>\n<script type=\"application\/ld+json\" class=\"yoast-schema-graph\">{\"@context\":\"https:\/\/schema.org\",\"@graph\":[{\"@type\":\"WebSite\",\"@id\":\"https:\/\/www.toys4vip.com\/fr\/#website\",\"url\":\"https:\/\/www.toys4vip.com\/fr\/\",\"name\":\"Toys4Vip\",\"description\":\"Jouets de luxe nouveau concept store\",\"potentialAction\":[{\"@type\":\"SearchAction\",\"target\":{\"@type\":\"EntryPoint\",\"urlTemplate\":\"https:\/\/www.toys4vip.com\/fr\/?s={search_term_string}\"},\"query-input\":\"required name=search_term_string\"}],\"inLanguage\":\"fr-FR\"},{\"@type\":\"ImageObject\",\"@id\":\"https:\/\/www.toys4vip.com\/fr\/luxury-toy\/leica-m9-p-edition-hermes\/66\/#primaryimage\",\"inLanguage\":\"fr-FR\",\"url\":\"https:\/\/www.toys4vip.com\/app\/uploads\/2021\/11\/main-52.jpg\",\"contentUrl\":\"https:\/\/www.toys4vip.com\/app\/uploads\/2021\/11\/main-52.jpg\",\"width\":1080,\"height\":738},{\"@type\":\"WebPage\",\"@id\":\"https:\/\/www.toys4vip.com\/fr\/luxury-toy\/leica-m9-p-edition-hermes\/66\/#webpage\",\"url\":\"https:\/\/www.toys4vip.com\/fr\/luxury-toy\/leica-m9-p-edition-hermes\/66\/\",\"name\":\"LEICA M9-P EDITION HERM\\u00c8S - Toys4Vip\",\"isPartOf\":{\"@id\":\"https:\/\/www.toys4vip.com\/fr\/#website\"},\"primaryImageOfPage\":{\"@id\":\"https:\/\/www.toys4vip.com\/fr\/luxury-toy\/leica-m9-p-edition-hermes\/66\/#primaryimage\"},\"datePublished\":\"2021-11-02T10:28:44+00:00\",\"dateModified\":\"2021-11-13T11:23:32+00:00\",\"description\":\"Depuis son annonce en septembre 2009, le M9, muni d\\u2019un capteur plein format de 18 Mpxl sans filtre passe-bas, a \\u00e9volu\\u00e9. Un an apr\\u00e8s, une s\\u00e9rie limit\\u00e9e lui offre une finition en titane. En juin 2011, le M9-P est d\\u00e9voil\\u00e9, avec verre endurci sur le LCD, sans la pastille rouge embl\\u00e9matique. Destin\\u00e9 aux photojournalistes qui recherchent la discr\\u00e9tion.2012 est l\\u2019ann\\u00e9e du superlatif, avec deux coffrets abritant un M9-P, habill\\u00e9 de cuir lisse sign\\u00e9 Herm\\u00e8s, au capot revisit\\u00e9 par le designer Walter De\\u2019 Silva, qui officie pour le groupe automobile Volkswagen. Le d\\u00e9crochement sup\\u00e9rieur s\\u2019est arrondi et au dos, le pad et sa molette sont bien moins affleurants. Ce M9-P est propos\\u00e9 au sein d\\u2019un coffret, d\\u00e9clin\\u00e9 en deux versions.\",\"breadcrumb\":{\"@id\":\"https:\/\/www.toys4vip.com\/fr\/luxury-toy\/leica-m9-p-edition-hermes\/66\/#breadcrumb\"},\"inLanguage\":\"fr-FR\",\"potentialAction\":[{\"@type\":\"ReadAction\",\"target\":[\"https:\/\/www.toys4vip.com\/fr\/luxury-toy\/leica-m9-p-edition-hermes\/66\/\"]}]},{\"@type\":\"BreadcrumbList\",\"@id\":\"https:\/\/www.toys4vip.com\/fr\/luxury-toy\/leica-m9-p-edition-hermes\/66\/#breadcrumb\",\"itemListElement\":[{\"@type\":\"ListItem\",\"position\":1,\"name\":\"Home\",\"item\":\"https:\/\/www.toys4vip.com\/fr\/\"},{\"@type\":\"ListItem\",\"position\":2,\"name\":\"Objets \/ Cat\\u00e9gories\",\"item\":\"https:\/\/www.toys4vip.com\/fr\/luxury-toys\/\"},{\"@type\":\"ListItem\",\"position\":3,\"name\":\"LEICA M9-P EDITION HERM\\u00c8S\"}]}]}<\/script>\n<!-- \/ Yoast SEO plugin. -->","yoast_head_json":{"title":"LEICA M9-P EDITION HERM\u00c8S - Toys4Vip","description":"Depuis son annonce en septembre 2009, le M9, muni d\u2019un capteur plein format de 18 Mpxl sans filtre passe-bas, a \u00e9volu\u00e9. Un an apr\u00e8s, une s\u00e9rie limit\u00e9e lui offre une finition en titane. En juin 2011, le M9-P est d\u00e9voil\u00e9, avec verre endurci sur le LCD, sans la pastille rouge embl\u00e9matique. Destin\u00e9 aux photojournalistes qui recherchent la discr\u00e9tion.2012 est l\u2019ann\u00e9e du superlatif, avec deux coffrets abritant un M9-P, habill\u00e9 de cuir lisse sign\u00e9 Herm\u00e8s, au capot revisit\u00e9 par le designer Walter De\u2019 Silva, qui officie pour le groupe automobile Volkswagen. Le d\u00e9crochement sup\u00e9rieur s\u2019est arrondi et au dos, le pad et sa molette sont bien moins affleurants. Ce M9-P est propos\u00e9 au sein d\u2019un coffret, d\u00e9clin\u00e9 en deux versions.","robots":{"index":"index","follow":"follow","max-snippet":"max-snippet:-1","max-image-preview":"max-image-preview:large","max-video-preview":"max-video-preview:-1"},"canonical":"https:\/\/www.toys4vip.com\/fr\/luxury-toy\/leica-m9-p-edition-hermes\/66\/","og_locale":"fr_FR","og_type":"article","og_title":"LEICA M9-P EDITION HERM\u00c8S - Toys4Vip","og_description":"Depuis son annonce en septembre 2009, le M9, muni d\u2019un capteur plein format de 18 Mpxl sans filtre passe-bas, a \u00e9volu\u00e9. Un an apr\u00e8s, une s\u00e9rie limit\u00e9e lui offre une finition en titane. En juin 2011, le M9-P est d\u00e9voil\u00e9, avec verre endurci sur le LCD, sans la pastille rouge embl\u00e9matique. Destin\u00e9 aux photojournalistes qui recherchent la discr\u00e9tion.2012 est l\u2019ann\u00e9e du superlatif, avec deux coffrets abritant un M9-P, habill\u00e9 de cuir lisse sign\u00e9 Herm\u00e8s, au capot revisit\u00e9 par le designer Walter De\u2019 Silva, qui officie pour le groupe automobile Volkswagen. Le d\u00e9crochement sup\u00e9rieur s\u2019est arrondi et au dos, le pad et sa molette sont bien moins affleurants. Ce M9-P est propos\u00e9 au sein d\u2019un coffret, d\u00e9clin\u00e9 en deux versions.","og_url":"https:\/\/www.toys4vip.com\/fr\/luxury-toy\/leica-m9-p-edition-hermes\/66\/","og_site_name":"Toys4Vip","article_modified_time":"2021-11-13T11:23:32+00:00","og_image":[{"width":1080,"height":738,"url":"https:\/\/www.toys4vip.com\/app\/uploads\/2021\/11\/main-52.jpg","type":"image\/jpeg"}],"twitter_card":"summary_large_image","twitter_misc":{"Dur\u00e9e de lecture est.":"2 minutes"},"schema":{"@context":"https:\/\/schema.org","@graph":[{"@type":"WebSite","@id":"https:\/\/www.toys4vip.com\/fr\/#website","url":"https:\/\/www.toys4vip.com\/fr\/","name":"Toys4Vip","description":"Jouets de luxe nouveau concept store","potentialAction":[{"@type":"SearchAction","target":{"@type":"EntryPoint","urlTemplate":"https:\/\/www.toys4vip.com\/fr\/?s={search_term_string}"},"query-input":"required name=search_term_string"}],"inLanguage":"fr-FR"},{"@type":"ImageObject","@id":"https:\/\/www.toys4vip.com\/fr\/luxury-toy\/leica-m9-p-edition-hermes\/66\/#primaryimage","inLanguage":"fr-FR","url":"https:\/\/www.toys4vip.com\/app\/uploads\/2021\/11\/main-52.jpg","contentUrl":"https:\/\/www.toys4vip.com\/app\/uploads\/2021\/11\/main-52.jpg","width":1080,"height":738},{"@type":"WebPage","@id":"https:\/\/www.toys4vip.com\/fr\/luxury-toy\/leica-m9-p-edition-hermes\/66\/#webpage","url":"https:\/\/www.toys4vip.com\/fr\/luxury-toy\/leica-m9-p-edition-hermes\/66\/","name":"LEICA M9-P EDITION HERM\u00c8S - Toys4Vip","isPartOf":{"@id":"https:\/\/www.toys4vip.com\/fr\/#website"},"primaryImageOfPage":{"@id":"https:\/\/www.toys4vip.com\/fr\/luxury-toy\/leica-m9-p-edition-hermes\/66\/#primaryimage"},"datePublished":"2021-11-02T10:28:44+00:00","dateModified":"2021-11-13T11:23:32+00:00","description":"Depuis son annonce en septembre 2009, le M9, muni d\u2019un capteur plein format de 18 Mpxl sans filtre passe-bas, a \u00e9volu\u00e9. Un an apr\u00e8s, une s\u00e9rie limit\u00e9e lui offre une finition en titane. En juin 2011, le M9-P est d\u00e9voil\u00e9, avec verre endurci sur le LCD, sans la pastille rouge embl\u00e9matique. Destin\u00e9 aux photojournalistes qui recherchent la discr\u00e9tion.2012 est l\u2019ann\u00e9e du superlatif, avec deux coffrets abritant un M9-P, habill\u00e9 de cuir lisse sign\u00e9 Herm\u00e8s, au capot revisit\u00e9 par le designer Walter De\u2019 Silva, qui officie pour le groupe automobile Volkswagen. Le d\u00e9crochement sup\u00e9rieur s\u2019est arrondi et au dos, le pad et sa molette sont bien moins affleurants. Ce M9-P est propos\u00e9 au sein d\u2019un coffret, d\u00e9clin\u00e9 en deux versions.","breadcrumb":{"@id":"https:\/\/www.toys4vip.com\/fr\/luxury-toy\/leica-m9-p-edition-hermes\/66\/#breadcrumb"},"inLanguage":"fr-FR","potentialAction":[{"@type":"ReadAction","target":["https:\/\/www.toys4vip.com\/fr\/luxury-toy\/leica-m9-p-edition-hermes\/66\/"]}]},{"@type":"BreadcrumbList","@id":"https:\/\/www.toys4vip.com\/fr\/luxury-toy\/leica-m9-p-edition-hermes\/66\/#breadcrumb","itemListElement":[{"@type":"ListItem","position":1,"name":"Home","item":"https:\/\/www.toys4vip.com\/fr\/"},{"@type":"ListItem","position":2,"name":"Objets \/ Cat\u00e9gories","item":"https:\/\/www.toys4vip.com\/fr\/luxury-toys\/"},{"@type":"ListItem","position":3,"name":"LEICA M9-P EDITION HERM\u00c8S"}]}]}},"_links":{"self":[{"href":"https:\/\/www.toys4vip.com\/fr\/wp-json\/wp\/v2\/product\/588"}],"collection":[{"href":"https:\/\/www.toys4vip.com\/fr\/wp-json\/wp\/v2\/product"}],"about":[{"href":"https:\/\/www.toys4vip.com\/fr\/wp-json\/wp\/v2\/types\/product"}],"replies":[{"embeddable":true,"href":"https:\/\/www.toys4vip.com\/fr\/wp-json\/wp\/v2\/comments?post=588"}],"wp:featuredmedia":[{"embeddable":true,"href":"https:\/\/www.toys4vip.com\/fr\/wp-json\/wp\/v2\/media\/586"}],"wp:attachment":[{"href":"https:\/\/www.toys4vip.com\/fr\/wp-json\/wp\/v2\/media?parent=588"}],"wp:term":[{"taxonomy":"product_cat","embeddable":true,"href":"https:\/\/www.toys4vip.com\/fr\/wp-json\/wp\/v2\/product_cat?post=588"},{"taxonomy":"product_tag","embeddable":true,"href":"https:\/\/www.toys4vip.com\/fr\/wp-json\/wp\/v2\/product_tag?post=588"}],"curies":[{"name":"wp","href":"https:\/\/api.w.org\/{rel}","templated":true}]}}