{"id":585,"date":"2021-11-02T10:28:44","date_gmt":"2021-11-02T10:28:44","guid":{"rendered":"https:\/\/toys4vip.com\/produit\/super-robot-de-4-metres-a-piloter\/"},"modified":"2021-11-18T19:04:17","modified_gmt":"2021-11-18T18:04:17","slug":"super-robot-de-4-metres-a-piloter","status":"publish","type":"product","link":"https:\/\/www.toys4vip.com\/fr\/luxury-toy\/super-robot-de-4-metres-a-piloter\/65\/","title":{"rendered":"Super Robot de 4 m\u00e8tres \u00e0 piloter"},"content":{"rendered":"<p>Voici Kuratas , un robot g\u00e9ant japonais imagin\u00e9 par la soci\u00e9t\u00e9 Suidobashi Heavy Industry et pr\u00e9sent\u00e9 au Wonder Festival de Chiba. Ce g\u00e9ant de ferraille peut accueillir en son sein un humain pour le piloter, mais peut aussi \u00eatre contr\u00f4l\u00e9 par un smartphone poss\u00e9dant la 3G.<\/p>\n<p>Le robot est \u00e9quip\u00e9 d&rsquo;un syst\u00e8me de r\u00e9alit\u00e9 augment\u00e9e, coupl\u00e9e \u00e0 un syst\u00e8me de vis\u00e9e automatique qui verrouille sa cible. Le d\u00e9clenchement du tir se fait au sourire (voir la vid\u00e9o ci-dessous) : attention aux fous rires&#8230; Sa mitrailleuse \u00e0 canon rotatif peut d\u00e9charger 6000 billes BB (airsoft) \u00e0 la minute&#8230; et pas que, puisque il est \u00e9quip\u00e9 d&rsquo;autres armes (toutes non l\u00e9tales) comme un lance-missile \u00e0 eau. Ce mastodonte est capable de se d\u00e9placer avec ses pattes mont\u00e9es sur roues, et ce jusqu\u2019\u00e0 10 kilom\u00e8tres \u00e0 l\u2019heure. Fuis, petit pi\u00e9ton !<\/p>\n<p>Il faudra quand m\u00eame d\u00e9bourser 1 152 000 \u20ac pour acqu\u00e9rir ce monstre de m\u00e9tal actionn\u00e9 par 30 pistons hydrauliques\u2026 Ce projet, pilot\u00e9 par les ing\u00e9nieurs Wataru Yoshizaki et Kogoro Kurata, a demand\u00e9 deux ans de travail<\/p>\n","protected":false},"excerpt":{"rendered":"<p>Voici Kuratas , un robot g\u00e9ant japonais imagin\u00e9 par la soci\u00e9t\u00e9 Suidobashi Heavy Industry et pr\u00e9sent\u00e9 au Wonder Festival de Chiba. Ce g\u00e9ant de ferraille peut accueillir en son sein un humain pour le piloter, mais peut aussi \u00eatre contr\u00f4l\u00e9 par un smartphone poss\u00e9dant la 3G. Le robot est \u00e9quip\u00e9 d&rsquo;un syst\u00e8me de r\u00e9alit\u00e9 augment\u00e9e, [&hellip;]<\/p>\n","protected":false},"featured_media":583,"comment_status":"open","ping_status":"closed","template":"","meta":[],"product_cat":[33],"product_tag":[],"yoast_head":"<!-- This site is optimized with the Yoast SEO plugin v17.4 - https:\/\/yoast.com\/wordpress\/plugins\/seo\/ -->\n<title>Super Robot de 4 m\u00e8tres \u00e0 piloter - Toys4Vip<\/title>\n<meta name=\"description\" content=\"Voici Kuratas , un robot g\u00e9ant japonais imagin\u00e9 par la soci\u00e9t\u00e9 Suidobashi Heavy Industry et pr\u00e9sent\u00e9 au Wonder Festival de Chiba. Ce g\u00e9ant de ferraille peut accueillir en son sein un humain pour le piloter, mais peut aussi \u00eatre contr\u00f4l\u00e9 par un smartphone poss\u00e9dant la 3G.Le robot est \u00e9quip\u00e9 d&#039;un syst\u00e8me de r\u00e9alit\u00e9 augment\u00e9e, coupl\u00e9e \u00e0 un syst\u00e8me de vis\u00e9e automatique qui verrouille sa cible. Le d\u00e9clenchement du tir se fait au sourire (voir la vid\u00e9o ci-dessous) : attention aux fous rires... Sa mitrailleuse \u00e0 canon rotatif peut d\u00e9charger 6000 billes BB (airsoft) \u00e0 la minute... et pas que, puisque il est \u00e9quip\u00e9 d&#039;autres armes (toutes non l\u00e9tales) comme un lance-missile \u00e0 eau. Ce mastodonte est capable de se d\u00e9placer avec ses pattes mont\u00e9es sur roues, et ce jusqu\u2019\u00e0 10 kilom\u00e8tres \u00e0 l\u2019heure. Fuis, petit pi\u00e9ton !\" \/>\n<meta name=\"robots\" content=\"index, follow, max-snippet:-1, max-image-preview:large, max-video-preview:-1\" \/>\n<link rel=\"canonical\" href=\"https:\/\/www.toys4vip.com\/fr\/luxury-toy\/super-robot-de-4-metres-a-piloter\/65\/\" \/>\n<meta property=\"og:locale\" content=\"fr_FR\" \/>\n<meta property=\"og:type\" content=\"article\" \/>\n<meta property=\"og:title\" content=\"Super Robot de 4 m\u00e8tres \u00e0 piloter - Toys4Vip\" \/>\n<meta property=\"og:description\" content=\"Voici Kuratas , un robot g\u00e9ant japonais imagin\u00e9 par la soci\u00e9t\u00e9 Suidobashi Heavy Industry et pr\u00e9sent\u00e9 au Wonder Festival de Chiba. Ce g\u00e9ant de ferraille peut accueillir en son sein un humain pour le piloter, mais peut aussi \u00eatre contr\u00f4l\u00e9 par un smartphone poss\u00e9dant la 3G.Le robot est \u00e9quip\u00e9 d&#039;un syst\u00e8me de r\u00e9alit\u00e9 augment\u00e9e, coupl\u00e9e \u00e0 un syst\u00e8me de vis\u00e9e automatique qui verrouille sa cible. Le d\u00e9clenchement du tir se fait au sourire (voir la vid\u00e9o ci-dessous) : attention aux fous rires... Sa mitrailleuse \u00e0 canon rotatif peut d\u00e9charger 6000 billes BB (airsoft) \u00e0 la minute... et pas que, puisque il est \u00e9quip\u00e9 d&#039;autres armes (toutes non l\u00e9tales) comme un lance-missile \u00e0 eau. Ce mastodonte est capable de se d\u00e9placer avec ses pattes mont\u00e9es sur roues, et ce jusqu\u2019\u00e0 10 kilom\u00e8tres \u00e0 l\u2019heure. Fuis, petit pi\u00e9ton !\" \/>\n<meta property=\"og:url\" content=\"https:\/\/www.toys4vip.com\/fr\/luxury-toy\/super-robot-de-4-metres-a-piloter\/65\/\" \/>\n<meta property=\"og:site_name\" content=\"Toys4Vip\" \/>\n<meta property=\"article:modified_time\" content=\"2021-11-18T18:04:17+00:00\" \/>\n<meta property=\"og:image\" content=\"https:\/\/www.toys4vip.com\/app\/uploads\/2021\/11\/main-51.jpg\" \/>\n\t<meta property=\"og:image:width\" content=\"636\" \/>\n\t<meta property=\"og:image:height\" content=\"380\" \/>\n<meta name=\"twitter:card\" content=\"summary_large_image\" \/>\n<meta name=\"twitter:label1\" content=\"Dur\u00e9e de lecture est.\" \/>\n\t<meta name=\"twitter:data1\" content=\"1 minute\" \/>\n<script type=\"application\/ld+json\" class=\"yoast-schema-graph\">{\"@context\":\"https:\/\/schema.org\",\"@graph\":[{\"@type\":\"WebSite\",\"@id\":\"https:\/\/www.toys4vip.com\/fr\/#website\",\"url\":\"https:\/\/www.toys4vip.com\/fr\/\",\"name\":\"Toys4Vip\",\"description\":\"Jouets de luxe nouveau concept store\",\"potentialAction\":[{\"@type\":\"SearchAction\",\"target\":{\"@type\":\"EntryPoint\",\"urlTemplate\":\"https:\/\/www.toys4vip.com\/fr\/?s={search_term_string}\"},\"query-input\":\"required name=search_term_string\"}],\"inLanguage\":\"fr-FR\"},{\"@type\":\"ImageObject\",\"@id\":\"https:\/\/www.toys4vip.com\/fr\/luxury-toy\/super-robot-de-4-metres-a-piloter\/65\/#primaryimage\",\"inLanguage\":\"fr-FR\",\"url\":\"https:\/\/www.toys4vip.com\/app\/uploads\/2021\/11\/main-51.jpg\",\"contentUrl\":\"https:\/\/www.toys4vip.com\/app\/uploads\/2021\/11\/main-51.jpg\",\"width\":636,\"height\":380},{\"@type\":\"WebPage\",\"@id\":\"https:\/\/www.toys4vip.com\/fr\/luxury-toy\/super-robot-de-4-metres-a-piloter\/65\/#webpage\",\"url\":\"https:\/\/www.toys4vip.com\/fr\/luxury-toy\/super-robot-de-4-metres-a-piloter\/65\/\",\"name\":\"Super Robot de 4 m\\u00e8tres \\u00e0 piloter - Toys4Vip\",\"isPartOf\":{\"@id\":\"https:\/\/www.toys4vip.com\/fr\/#website\"},\"primaryImageOfPage\":{\"@id\":\"https:\/\/www.toys4vip.com\/fr\/luxury-toy\/super-robot-de-4-metres-a-piloter\/65\/#primaryimage\"},\"datePublished\":\"2021-11-02T10:28:44+00:00\",\"dateModified\":\"2021-11-18T18:04:17+00:00\",\"description\":\"Voici Kuratas , un robot g\\u00e9ant japonais imagin\\u00e9 par la soci\\u00e9t\\u00e9 Suidobashi Heavy Industry et pr\\u00e9sent\\u00e9 au Wonder Festival de Chiba. Ce g\\u00e9ant de ferraille peut accueillir en son sein un humain pour le piloter, mais peut aussi \\u00eatre contr\\u00f4l\\u00e9 par un smartphone poss\\u00e9dant la 3G.Le robot est \\u00e9quip\\u00e9 d'un syst\\u00e8me de r\\u00e9alit\\u00e9 augment\\u00e9e, coupl\\u00e9e \\u00e0 un syst\\u00e8me de vis\\u00e9e automatique qui verrouille sa cible. Le d\\u00e9clenchement du tir se fait au sourire (voir la vid\\u00e9o ci-dessous) : attention aux fous rires... Sa mitrailleuse \\u00e0 canon rotatif peut d\\u00e9charger 6000 billes BB (airsoft) \\u00e0 la minute... et pas que, puisque il est \\u00e9quip\\u00e9 d'autres armes (toutes non l\\u00e9tales) comme un lance-missile \\u00e0 eau. Ce mastodonte est capable de se d\\u00e9placer avec ses pattes mont\\u00e9es sur roues, et ce jusqu\\u2019\\u00e0 10 kilom\\u00e8tres \\u00e0 l\\u2019heure. Fuis, petit pi\\u00e9ton !\",\"breadcrumb\":{\"@id\":\"https:\/\/www.toys4vip.com\/fr\/luxury-toy\/super-robot-de-4-metres-a-piloter\/65\/#breadcrumb\"},\"inLanguage\":\"fr-FR\",\"potentialAction\":[{\"@type\":\"ReadAction\",\"target\":[\"https:\/\/www.toys4vip.com\/fr\/luxury-toy\/super-robot-de-4-metres-a-piloter\/65\/\"]}]},{\"@type\":\"BreadcrumbList\",\"@id\":\"https:\/\/www.toys4vip.com\/fr\/luxury-toy\/super-robot-de-4-metres-a-piloter\/65\/#breadcrumb\",\"itemListElement\":[{\"@type\":\"ListItem\",\"position\":1,\"name\":\"Home\",\"item\":\"https:\/\/www.toys4vip.com\/fr\/\"},{\"@type\":\"ListItem\",\"position\":2,\"name\":\"Objets \/ Cat\\u00e9gories\",\"item\":\"https:\/\/www.toys4vip.com\/fr\/luxury-toys\/\"},{\"@type\":\"ListItem\",\"position\":3,\"name\":\"Super Robot de 4 m\\u00e8tres \\u00e0 piloter\"}]}]}<\/script>\n<!-- \/ Yoast SEO plugin. -->","yoast_head_json":{"title":"Super Robot de 4 m\u00e8tres \u00e0 piloter - Toys4Vip","description":"Voici Kuratas , un robot g\u00e9ant japonais imagin\u00e9 par la soci\u00e9t\u00e9 Suidobashi Heavy Industry et pr\u00e9sent\u00e9 au Wonder Festival de Chiba. Ce g\u00e9ant de ferraille peut accueillir en son sein un humain pour le piloter, mais peut aussi \u00eatre contr\u00f4l\u00e9 par un smartphone poss\u00e9dant la 3G.Le robot est \u00e9quip\u00e9 d'un syst\u00e8me de r\u00e9alit\u00e9 augment\u00e9e, coupl\u00e9e \u00e0 un syst\u00e8me de vis\u00e9e automatique qui verrouille sa cible. Le d\u00e9clenchement du tir se fait au sourire (voir la vid\u00e9o ci-dessous) : attention aux fous rires... Sa mitrailleuse \u00e0 canon rotatif peut d\u00e9charger 6000 billes BB (airsoft) \u00e0 la minute... et pas que, puisque il est \u00e9quip\u00e9 d'autres armes (toutes non l\u00e9tales) comme un lance-missile \u00e0 eau. Ce mastodonte est capable de se d\u00e9placer avec ses pattes mont\u00e9es sur roues, et ce jusqu\u2019\u00e0 10 kilom\u00e8tres \u00e0 l\u2019heure. Fuis, petit pi\u00e9ton !","robots":{"index":"index","follow":"follow","max-snippet":"max-snippet:-1","max-image-preview":"max-image-preview:large","max-video-preview":"max-video-preview:-1"},"canonical":"https:\/\/www.toys4vip.com\/fr\/luxury-toy\/super-robot-de-4-metres-a-piloter\/65\/","og_locale":"fr_FR","og_type":"article","og_title":"Super Robot de 4 m\u00e8tres \u00e0 piloter - Toys4Vip","og_description":"Voici Kuratas , un robot g\u00e9ant japonais imagin\u00e9 par la soci\u00e9t\u00e9 Suidobashi Heavy Industry et pr\u00e9sent\u00e9 au Wonder Festival de Chiba. Ce g\u00e9ant de ferraille peut accueillir en son sein un humain pour le piloter, mais peut aussi \u00eatre contr\u00f4l\u00e9 par un smartphone poss\u00e9dant la 3G.Le robot est \u00e9quip\u00e9 d'un syst\u00e8me de r\u00e9alit\u00e9 augment\u00e9e, coupl\u00e9e \u00e0 un syst\u00e8me de vis\u00e9e automatique qui verrouille sa cible. Le d\u00e9clenchement du tir se fait au sourire (voir la vid\u00e9o ci-dessous) : attention aux fous rires... Sa mitrailleuse \u00e0 canon rotatif peut d\u00e9charger 6000 billes BB (airsoft) \u00e0 la minute... et pas que, puisque il est \u00e9quip\u00e9 d'autres armes (toutes non l\u00e9tales) comme un lance-missile \u00e0 eau. Ce mastodonte est capable de se d\u00e9placer avec ses pattes mont\u00e9es sur roues, et ce jusqu\u2019\u00e0 10 kilom\u00e8tres \u00e0 l\u2019heure. Fuis, petit pi\u00e9ton !","og_url":"https:\/\/www.toys4vip.com\/fr\/luxury-toy\/super-robot-de-4-metres-a-piloter\/65\/","og_site_name":"Toys4Vip","article_modified_time":"2021-11-18T18:04:17+00:00","og_image":[{"width":636,"height":380,"url":"https:\/\/www.toys4vip.com\/app\/uploads\/2021\/11\/main-51.jpg","type":"image\/jpeg"}],"twitter_card":"summary_large_image","twitter_misc":{"Dur\u00e9e de lecture est.":"1 minute"},"schema":{"@context":"https:\/\/schema.org","@graph":[{"@type":"WebSite","@id":"https:\/\/www.toys4vip.com\/fr\/#website","url":"https:\/\/www.toys4vip.com\/fr\/","name":"Toys4Vip","description":"Jouets de luxe nouveau concept store","potentialAction":[{"@type":"SearchAction","target":{"@type":"EntryPoint","urlTemplate":"https:\/\/www.toys4vip.com\/fr\/?s={search_term_string}"},"query-input":"required name=search_term_string"}],"inLanguage":"fr-FR"},{"@type":"ImageObject","@id":"https:\/\/www.toys4vip.com\/fr\/luxury-toy\/super-robot-de-4-metres-a-piloter\/65\/#primaryimage","inLanguage":"fr-FR","url":"https:\/\/www.toys4vip.com\/app\/uploads\/2021\/11\/main-51.jpg","contentUrl":"https:\/\/www.toys4vip.com\/app\/uploads\/2021\/11\/main-51.jpg","width":636,"height":380},{"@type":"WebPage","@id":"https:\/\/www.toys4vip.com\/fr\/luxury-toy\/super-robot-de-4-metres-a-piloter\/65\/#webpage","url":"https:\/\/www.toys4vip.com\/fr\/luxury-toy\/super-robot-de-4-metres-a-piloter\/65\/","name":"Super Robot de 4 m\u00e8tres \u00e0 piloter - Toys4Vip","isPartOf":{"@id":"https:\/\/www.toys4vip.com\/fr\/#website"},"primaryImageOfPage":{"@id":"https:\/\/www.toys4vip.com\/fr\/luxury-toy\/super-robot-de-4-metres-a-piloter\/65\/#primaryimage"},"datePublished":"2021-11-02T10:28:44+00:00","dateModified":"2021-11-18T18:04:17+00:00","description":"Voici Kuratas , un robot g\u00e9ant japonais imagin\u00e9 par la soci\u00e9t\u00e9 Suidobashi Heavy Industry et pr\u00e9sent\u00e9 au Wonder Festival de Chiba. Ce g\u00e9ant de ferraille peut accueillir en son sein un humain pour le piloter, mais peut aussi \u00eatre contr\u00f4l\u00e9 par un smartphone poss\u00e9dant la 3G.Le robot est \u00e9quip\u00e9 d'un syst\u00e8me de r\u00e9alit\u00e9 augment\u00e9e, coupl\u00e9e \u00e0 un syst\u00e8me de vis\u00e9e automatique qui verrouille sa cible. Le d\u00e9clenchement du tir se fait au sourire (voir la vid\u00e9o ci-dessous) : attention aux fous rires... Sa mitrailleuse \u00e0 canon rotatif peut d\u00e9charger 6000 billes BB (airsoft) \u00e0 la minute... et pas que, puisque il est \u00e9quip\u00e9 d'autres armes (toutes non l\u00e9tales) comme un lance-missile \u00e0 eau. Ce mastodonte est capable de se d\u00e9placer avec ses pattes mont\u00e9es sur roues, et ce jusqu\u2019\u00e0 10 kilom\u00e8tres \u00e0 l\u2019heure. Fuis, petit pi\u00e9ton !","breadcrumb":{"@id":"https:\/\/www.toys4vip.com\/fr\/luxury-toy\/super-robot-de-4-metres-a-piloter\/65\/#breadcrumb"},"inLanguage":"fr-FR","potentialAction":[{"@type":"ReadAction","target":["https:\/\/www.toys4vip.com\/fr\/luxury-toy\/super-robot-de-4-metres-a-piloter\/65\/"]}]},{"@type":"BreadcrumbList","@id":"https:\/\/www.toys4vip.com\/fr\/luxury-toy\/super-robot-de-4-metres-a-piloter\/65\/#breadcrumb","itemListElement":[{"@type":"ListItem","position":1,"name":"Home","item":"https:\/\/www.toys4vip.com\/fr\/"},{"@type":"ListItem","position":2,"name":"Objets \/ Cat\u00e9gories","item":"https:\/\/www.toys4vip.com\/fr\/luxury-toys\/"},{"@type":"ListItem","position":3,"name":"Super Robot de 4 m\u00e8tres \u00e0 piloter"}]}]}},"_links":{"self":[{"href":"https:\/\/www.toys4vip.com\/fr\/wp-json\/wp\/v2\/product\/585"}],"collection":[{"href":"https:\/\/www.toys4vip.com\/fr\/wp-json\/wp\/v2\/product"}],"about":[{"href":"https:\/\/www.toys4vip.com\/fr\/wp-json\/wp\/v2\/types\/product"}],"replies":[{"embeddable":true,"href":"https:\/\/www.toys4vip.com\/fr\/wp-json\/wp\/v2\/comments?post=585"}],"wp:featuredmedia":[{"embeddable":true,"href":"https:\/\/www.toys4vip.com\/fr\/wp-json\/wp\/v2\/media\/583"}],"wp:attachment":[{"href":"https:\/\/www.toys4vip.com\/fr\/wp-json\/wp\/v2\/media?parent=585"}],"wp:term":[{"taxonomy":"product_cat","embeddable":true,"href":"https:\/\/www.toys4vip.com\/fr\/wp-json\/wp\/v2\/product_cat?post=585"},{"taxonomy":"product_tag","embeddable":true,"href":"https:\/\/www.toys4vip.com\/fr\/wp-json\/wp\/v2\/product_tag?post=585"}],"curies":[{"name":"wp","href":"https:\/\/api.w.org\/{rel}","templated":true}]}}