{"id":567,"date":"2021-11-02T10:28:42","date_gmt":"2021-11-02T10:28:42","guid":{"rendered":"https:\/\/toys4vip.com\/produit\/turntable\/"},"modified":"2021-11-11T13:06:31","modified_gmt":"2021-11-11T13:06:31","slug":"turntable","status":"publish","type":"product","link":"https:\/\/www.toys4vip.com\/fr\/luxury-toy\/turntable\/57\/","title":{"rendered":"Turntable OneDof"},"content":{"rendered":"<p>Pour les puristes ! La OneDof (One degree of freedom), soit un \u00ab\u00a0degr\u00e9 de libert\u00e9\u00a0\u00bb a \u00e9t\u00e9 con\u00e7ue par un ing\u00e9nieur de la NASA, recompens\u00e9 \u00e0 plusieurs reprises pour ses efforts dans la recherche du son parfait. Le plateau amortissant le son est suspendu sur un axe d&rsquo;un mod\u00e8le unique qui supprime les micro-oscillations alors que le microprocesseur contr\u00f4le l&rsquo;\u00e9limination des parasites, ce qui assure un son immacul\u00e9 sans sifflement. Touche finale le placage Or de 24 carat !<\/p>\n","protected":false},"excerpt":{"rendered":"<p>Pour les puristes ! La OneDof (One degree of freedom), soit un \u00ab\u00a0degr\u00e9 de libert\u00e9\u00a0\u00bb a \u00e9t\u00e9 con\u00e7ue par un ing\u00e9nieur de la NASA, recompens\u00e9 \u00e0 plusieurs reprises pour ses efforts dans la recherche du son parfait. Le plateau amortissant le son est suspendu sur un axe d&rsquo;un mod\u00e8le unique qui supprime les micro-oscillations alors [&hellip;]<\/p>\n","protected":false},"featured_media":565,"comment_status":"open","ping_status":"closed","template":"","meta":[],"product_cat":[33],"product_tag":[],"yoast_head":"<!-- This site is optimized with the Yoast SEO plugin v17.4 - https:\/\/yoast.com\/wordpress\/plugins\/seo\/ -->\n<title>Turntable OneDof - Toys4Vip<\/title>\n<meta name=\"description\" content=\"Pour les puristes ! La OneDof (One degree of freedom), soit un &quot;degr\u00e9 de libert\u00e9&quot; a \u00e9t\u00e9 con\u00e7ue par un ing\u00e9nieur de la NASA, recompens\u00e9 \u00e0 plusieurs reprises pour ses efforts dans la recherche du son parfait. Le plateau amortissant le son est suspendu sur un axe d&#039;un mod\u00e8le unique qui supprime les micro-oscillations alors que le microprocesseur contr\u00f4le l&#039;\u00e9limination des parasites, ce qui assure un son immacul\u00e9 sans sifflement. Touche finale le placage Or de 24 carat !\" \/>\n<meta name=\"robots\" content=\"index, follow, max-snippet:-1, max-image-preview:large, max-video-preview:-1\" \/>\n<link rel=\"canonical\" href=\"https:\/\/www.toys4vip.com\/fr\/luxury-toy\/turntable\/57\/\" \/>\n<meta property=\"og:locale\" content=\"fr_FR\" \/>\n<meta property=\"og:type\" content=\"article\" \/>\n<meta property=\"og:title\" content=\"Turntable OneDof - Toys4Vip\" \/>\n<meta property=\"og:description\" content=\"Pour les puristes ! La OneDof (One degree of freedom), soit un &quot;degr\u00e9 de libert\u00e9&quot; a \u00e9t\u00e9 con\u00e7ue par un ing\u00e9nieur de la NASA, recompens\u00e9 \u00e0 plusieurs reprises pour ses efforts dans la recherche du son parfait. Le plateau amortissant le son est suspendu sur un axe d&#039;un mod\u00e8le unique qui supprime les micro-oscillations alors que le microprocesseur contr\u00f4le l&#039;\u00e9limination des parasites, ce qui assure un son immacul\u00e9 sans sifflement. Touche finale le placage Or de 24 carat !\" \/>\n<meta property=\"og:url\" content=\"https:\/\/www.toys4vip.com\/fr\/luxury-toy\/turntable\/57\/\" \/>\n<meta property=\"og:site_name\" content=\"Toys4Vip\" \/>\n<meta property=\"article:modified_time\" content=\"2021-11-11T13:06:31+00:00\" \/>\n<meta property=\"og:image\" content=\"https:\/\/www.toys4vip.com\/app\/uploads\/2021\/11\/main-45.jpg\" \/>\n\t<meta property=\"og:image:width\" content=\"1847\" \/>\n\t<meta property=\"og:image:height\" content=\"1080\" \/>\n<meta name=\"twitter:card\" content=\"summary_large_image\" \/>\n<script type=\"application\/ld+json\" class=\"yoast-schema-graph\">{\"@context\":\"https:\/\/schema.org\",\"@graph\":[{\"@type\":\"WebSite\",\"@id\":\"https:\/\/www.toys4vip.com\/fr\/#website\",\"url\":\"https:\/\/www.toys4vip.com\/fr\/\",\"name\":\"Toys4Vip\",\"description\":\"Jouets de luxe nouveau concept store\",\"potentialAction\":[{\"@type\":\"SearchAction\",\"target\":{\"@type\":\"EntryPoint\",\"urlTemplate\":\"https:\/\/www.toys4vip.com\/fr\/?s={search_term_string}\"},\"query-input\":\"required name=search_term_string\"}],\"inLanguage\":\"fr-FR\"},{\"@type\":\"ImageObject\",\"@id\":\"https:\/\/www.toys4vip.com\/fr\/luxury-toy\/turntable\/57\/#primaryimage\",\"inLanguage\":\"fr-FR\",\"url\":\"https:\/\/www.toys4vip.com\/app\/uploads\/2021\/11\/main-45.jpg\",\"contentUrl\":\"https:\/\/www.toys4vip.com\/app\/uploads\/2021\/11\/main-45.jpg\",\"width\":1847,\"height\":1080},{\"@type\":\"WebPage\",\"@id\":\"https:\/\/www.toys4vip.com\/fr\/luxury-toy\/turntable\/57\/#webpage\",\"url\":\"https:\/\/www.toys4vip.com\/fr\/luxury-toy\/turntable\/57\/\",\"name\":\"Turntable OneDof - Toys4Vip\",\"isPartOf\":{\"@id\":\"https:\/\/www.toys4vip.com\/fr\/#website\"},\"primaryImageOfPage\":{\"@id\":\"https:\/\/www.toys4vip.com\/fr\/luxury-toy\/turntable\/57\/#primaryimage\"},\"datePublished\":\"2021-11-02T10:28:42+00:00\",\"dateModified\":\"2021-11-11T13:06:31+00:00\",\"description\":\"Pour les puristes ! La OneDof (One degree of freedom), soit un \\\"degr\\u00e9 de libert\\u00e9\\\" a \\u00e9t\\u00e9 con\\u00e7ue par un ing\\u00e9nieur de la NASA, recompens\\u00e9 \\u00e0 plusieurs reprises pour ses efforts dans la recherche du son parfait. Le plateau amortissant le son est suspendu sur un axe d'un mod\\u00e8le unique qui supprime les micro-oscillations alors que le microprocesseur contr\\u00f4le l'\\u00e9limination des parasites, ce qui assure un son immacul\\u00e9 sans sifflement. Touche finale le placage Or de 24 carat !\",\"breadcrumb\":{\"@id\":\"https:\/\/www.toys4vip.com\/fr\/luxury-toy\/turntable\/57\/#breadcrumb\"},\"inLanguage\":\"fr-FR\",\"potentialAction\":[{\"@type\":\"ReadAction\",\"target\":[\"https:\/\/www.toys4vip.com\/fr\/luxury-toy\/turntable\/57\/\"]}]},{\"@type\":\"BreadcrumbList\",\"@id\":\"https:\/\/www.toys4vip.com\/fr\/luxury-toy\/turntable\/57\/#breadcrumb\",\"itemListElement\":[{\"@type\":\"ListItem\",\"position\":1,\"name\":\"Home\",\"item\":\"https:\/\/www.toys4vip.com\/fr\/\"},{\"@type\":\"ListItem\",\"position\":2,\"name\":\"Objets \/ Cat\\u00e9gories\",\"item\":\"https:\/\/www.toys4vip.com\/fr\/luxury-toys\/\"},{\"@type\":\"ListItem\",\"position\":3,\"name\":\"Turntable OneDof\"}]}]}<\/script>\n<!-- \/ Yoast SEO plugin. -->","yoast_head_json":{"title":"Turntable OneDof - Toys4Vip","description":"Pour les puristes ! La OneDof (One degree of freedom), soit un \"degr\u00e9 de libert\u00e9\" a \u00e9t\u00e9 con\u00e7ue par un ing\u00e9nieur de la NASA, recompens\u00e9 \u00e0 plusieurs reprises pour ses efforts dans la recherche du son parfait. Le plateau amortissant le son est suspendu sur un axe d'un mod\u00e8le unique qui supprime les micro-oscillations alors que le microprocesseur contr\u00f4le l'\u00e9limination des parasites, ce qui assure un son immacul\u00e9 sans sifflement. Touche finale le placage Or de 24 carat !","robots":{"index":"index","follow":"follow","max-snippet":"max-snippet:-1","max-image-preview":"max-image-preview:large","max-video-preview":"max-video-preview:-1"},"canonical":"https:\/\/www.toys4vip.com\/fr\/luxury-toy\/turntable\/57\/","og_locale":"fr_FR","og_type":"article","og_title":"Turntable OneDof - Toys4Vip","og_description":"Pour les puristes ! La OneDof (One degree of freedom), soit un \"degr\u00e9 de libert\u00e9\" a \u00e9t\u00e9 con\u00e7ue par un ing\u00e9nieur de la NASA, recompens\u00e9 \u00e0 plusieurs reprises pour ses efforts dans la recherche du son parfait. Le plateau amortissant le son est suspendu sur un axe d'un mod\u00e8le unique qui supprime les micro-oscillations alors que le microprocesseur contr\u00f4le l'\u00e9limination des parasites, ce qui assure un son immacul\u00e9 sans sifflement. Touche finale le placage Or de 24 carat !","og_url":"https:\/\/www.toys4vip.com\/fr\/luxury-toy\/turntable\/57\/","og_site_name":"Toys4Vip","article_modified_time":"2021-11-11T13:06:31+00:00","og_image":[{"width":1847,"height":1080,"url":"https:\/\/www.toys4vip.com\/app\/uploads\/2021\/11\/main-45.jpg","type":"image\/jpeg"}],"twitter_card":"summary_large_image","schema":{"@context":"https:\/\/schema.org","@graph":[{"@type":"WebSite","@id":"https:\/\/www.toys4vip.com\/fr\/#website","url":"https:\/\/www.toys4vip.com\/fr\/","name":"Toys4Vip","description":"Jouets de luxe nouveau concept store","potentialAction":[{"@type":"SearchAction","target":{"@type":"EntryPoint","urlTemplate":"https:\/\/www.toys4vip.com\/fr\/?s={search_term_string}"},"query-input":"required name=search_term_string"}],"inLanguage":"fr-FR"},{"@type":"ImageObject","@id":"https:\/\/www.toys4vip.com\/fr\/luxury-toy\/turntable\/57\/#primaryimage","inLanguage":"fr-FR","url":"https:\/\/www.toys4vip.com\/app\/uploads\/2021\/11\/main-45.jpg","contentUrl":"https:\/\/www.toys4vip.com\/app\/uploads\/2021\/11\/main-45.jpg","width":1847,"height":1080},{"@type":"WebPage","@id":"https:\/\/www.toys4vip.com\/fr\/luxury-toy\/turntable\/57\/#webpage","url":"https:\/\/www.toys4vip.com\/fr\/luxury-toy\/turntable\/57\/","name":"Turntable OneDof - Toys4Vip","isPartOf":{"@id":"https:\/\/www.toys4vip.com\/fr\/#website"},"primaryImageOfPage":{"@id":"https:\/\/www.toys4vip.com\/fr\/luxury-toy\/turntable\/57\/#primaryimage"},"datePublished":"2021-11-02T10:28:42+00:00","dateModified":"2021-11-11T13:06:31+00:00","description":"Pour les puristes ! La OneDof (One degree of freedom), soit un \"degr\u00e9 de libert\u00e9\" a \u00e9t\u00e9 con\u00e7ue par un ing\u00e9nieur de la NASA, recompens\u00e9 \u00e0 plusieurs reprises pour ses efforts dans la recherche du son parfait. Le plateau amortissant le son est suspendu sur un axe d'un mod\u00e8le unique qui supprime les micro-oscillations alors que le microprocesseur contr\u00f4le l'\u00e9limination des parasites, ce qui assure un son immacul\u00e9 sans sifflement. Touche finale le placage Or de 24 carat !","breadcrumb":{"@id":"https:\/\/www.toys4vip.com\/fr\/luxury-toy\/turntable\/57\/#breadcrumb"},"inLanguage":"fr-FR","potentialAction":[{"@type":"ReadAction","target":["https:\/\/www.toys4vip.com\/fr\/luxury-toy\/turntable\/57\/"]}]},{"@type":"BreadcrumbList","@id":"https:\/\/www.toys4vip.com\/fr\/luxury-toy\/turntable\/57\/#breadcrumb","itemListElement":[{"@type":"ListItem","position":1,"name":"Home","item":"https:\/\/www.toys4vip.com\/fr\/"},{"@type":"ListItem","position":2,"name":"Objets \/ Cat\u00e9gories","item":"https:\/\/www.toys4vip.com\/fr\/luxury-toys\/"},{"@type":"ListItem","position":3,"name":"Turntable OneDof"}]}]}},"_links":{"self":[{"href":"https:\/\/www.toys4vip.com\/fr\/wp-json\/wp\/v2\/product\/567"}],"collection":[{"href":"https:\/\/www.toys4vip.com\/fr\/wp-json\/wp\/v2\/product"}],"about":[{"href":"https:\/\/www.toys4vip.com\/fr\/wp-json\/wp\/v2\/types\/product"}],"replies":[{"embeddable":true,"href":"https:\/\/www.toys4vip.com\/fr\/wp-json\/wp\/v2\/comments?post=567"}],"wp:featuredmedia":[{"embeddable":true,"href":"https:\/\/www.toys4vip.com\/fr\/wp-json\/wp\/v2\/media\/565"}],"wp:attachment":[{"href":"https:\/\/www.toys4vip.com\/fr\/wp-json\/wp\/v2\/media?parent=567"}],"wp:term":[{"taxonomy":"product_cat","embeddable":true,"href":"https:\/\/www.toys4vip.com\/fr\/wp-json\/wp\/v2\/product_cat?post=567"},{"taxonomy":"product_tag","embeddable":true,"href":"https:\/\/www.toys4vip.com\/fr\/wp-json\/wp\/v2\/product_tag?post=567"}],"curies":[{"name":"wp","href":"https:\/\/api.w.org\/{rel}","templated":true}]}}