{"id":564,"date":"2021-11-02T10:28:42","date_gmt":"2021-11-02T10:28:42","guid":{"rendered":"https:\/\/toys4vip.com\/produit\/ecran-tv-pour-outdoor-escamotable-de-510-metres\/"},"modified":"2021-11-17T17:44:37","modified_gmt":"2021-11-17T17:44:37","slug":"ecran-tv-pour-outdoor-escamotable-de-510-metres","status":"publish","type":"product","link":"https:\/\/www.toys4vip.com\/fr\/luxury-toy\/ecran-tv-pour-outdoor-escamotable-de-510-metres\/56\/","title":{"rendered":"Ecran TV pour ext\u00e9rieur, escamotable de 5,10 m\u00e8tres !"},"content":{"rendered":"<p>Cet \u00e9cran encastr\u00e9 dans le sol est un syst\u00e8me intelligent con\u00e7u par Porsche Design Studio.<br \/>\nD&rsquo;un clic de bouton, on d\u00e9ploie l&rsquo;\u00e9cran dont le m\u00e2t de 4,50 m\u00e8tres s&rsquo;\u00e9l\u00e8ve et d\u00e9plie ses sept panneaux en moins d&rsquo;une minute.<\/p>\n<p>Imaginez la possibilit\u00e9 de regarder en direct des \u00e9v\u00e9nements sportifs sur un \u00e9cran de 201 pouces depuis votre terrasse avec des amis, ou m\u00eame de vous entra\u00eener \u00e0 une simulation de golf au lever du soleil. Tout cela, et bien davantage, est aujourd&rsquo;hui une r\u00e9alit\u00e9. La technologie de divertissement ultime est arriv\u00e9e sous la forme du C SEED 201, le plus grand t\u00e9l\u00e9viseur au monde, permettant une visualisation en haute d\u00e9finition, m\u00eame en plein soleil.<br \/>\nLe C SEED est artistiquement dissimul\u00e9 en tant que monolithe sophistiqu\u00e9 pour toute surface gazonn\u00e9e ou terrasse. Alors qu&rsquo;il se dresse sur son socle, il fait davantage penser \u00e0 une sculpture cin\u00e9tique qu&rsquo;\u00e0 un appareil \u00e9lectronique. La performance d\u00e9marre d\u00e8s la seconde o\u00f9 il sort de terre, comme par magie.<\/p>\n<p>Le C SEED 201, arborant une finition m\u00e9tallique noire et d&rsquo;une exigeante conception rationalis\u00e9e qui d\u00e9finit la philosophie de Porsche Design Studio, est le compl\u00e9ment supr\u00eame pour toute r\u00e9sidence ou h\u00f4tel de luxe. Il constitue un chef-d&rsquo;\u0153uvre issu de l&rsquo;artisanat, qui ne peut \u00eatre fabriqu\u00e9 qu&rsquo;en nombre tr\u00e8s limit\u00e9.<\/p>\n<p>&nbsp;<\/p>\n","protected":false},"excerpt":{"rendered":"<p>Cet \u00e9cran encastr\u00e9 dans le sol est un syst\u00e8me intelligent con\u00e7u par Porsche Design Studio. D&rsquo;un clic de bouton, on d\u00e9ploie l&rsquo;\u00e9cran dont le m\u00e2t de 4,50 m\u00e8tres s&rsquo;\u00e9l\u00e8ve et d\u00e9plie ses sept panneaux en moins d&rsquo;une minute. Imaginez la possibilit\u00e9 de regarder en direct des \u00e9v\u00e9nements sportifs sur un \u00e9cran de 201 pouces depuis [&hellip;]<\/p>\n","protected":false},"featured_media":562,"comment_status":"open","ping_status":"closed","template":"","meta":[],"product_cat":[42],"product_tag":[],"yoast_head":"<!-- This site is optimized with the Yoast SEO plugin v17.4 - https:\/\/yoast.com\/wordpress\/plugins\/seo\/ -->\n<title>Ecran TV pour ext\u00e9rieur, escamotable de 5,10 m\u00e8tres ! - Toys4Vip<\/title>\n<meta name=\"description\" content=\"Cet \u00e9cran encastr\u00e9 dans le sol est un syst\u00e8me intelligent con\u00e7u par Porsche Design Studio.D&#039;un clic de bouton, on d\u00e9ploie l&#039;\u00e9cran dont le m\u00e2t de 4,50 m\u00e8tres s&#039;\u00e9l\u00e8ve et d\u00e9plie ses sept panneaux en moins d&#039;une minute.Imaginez la possibilit\u00e9 de regarder en direct des \u00e9v\u00e9nements sportifs sur un \u00e9cran de 201 pouces depuis votre terrasse avec des amis, ou m\u00eame de vous entra\u00eener \u00e0 une simulation de golf au lever du soleil. Tout cela, et bien davantage, est aujourd&#039;hui une r\u00e9alit\u00e9. La technologie de divertissement ultime est arriv\u00e9e sous la forme du C SEED 201, le plus grand t\u00e9l\u00e9viseur au monde, permettant une visualisation en haute d\u00e9finition, m\u00eame en plein soleil.\" \/>\n<meta name=\"robots\" content=\"index, follow, max-snippet:-1, max-image-preview:large, max-video-preview:-1\" \/>\n<link rel=\"canonical\" href=\"https:\/\/www.toys4vip.com\/fr\/luxury-toy\/ecran-tv-pour-outdoor-escamotable-de-510-metres\/56\/\" \/>\n<meta property=\"og:locale\" content=\"fr_FR\" \/>\n<meta property=\"og:type\" content=\"article\" \/>\n<meta property=\"og:title\" content=\"Ecran TV pour ext\u00e9rieur, escamotable de 5,10 m\u00e8tres ! - Toys4Vip\" \/>\n<meta property=\"og:description\" content=\"Cet \u00e9cran encastr\u00e9 dans le sol est un syst\u00e8me intelligent con\u00e7u par Porsche Design Studio.D&#039;un clic de bouton, on d\u00e9ploie l&#039;\u00e9cran dont le m\u00e2t de 4,50 m\u00e8tres s&#039;\u00e9l\u00e8ve et d\u00e9plie ses sept panneaux en moins d&#039;une minute.Imaginez la possibilit\u00e9 de regarder en direct des \u00e9v\u00e9nements sportifs sur un \u00e9cran de 201 pouces depuis votre terrasse avec des amis, ou m\u00eame de vous entra\u00eener \u00e0 une simulation de golf au lever du soleil. Tout cela, et bien davantage, est aujourd&#039;hui une r\u00e9alit\u00e9. La technologie de divertissement ultime est arriv\u00e9e sous la forme du C SEED 201, le plus grand t\u00e9l\u00e9viseur au monde, permettant une visualisation en haute d\u00e9finition, m\u00eame en plein soleil.\" \/>\n<meta property=\"og:url\" content=\"https:\/\/www.toys4vip.com\/fr\/luxury-toy\/ecran-tv-pour-outdoor-escamotable-de-510-metres\/56\/\" \/>\n<meta property=\"og:site_name\" content=\"Toys4Vip\" \/>\n<meta property=\"article:modified_time\" content=\"2021-11-17T17:44:37+00:00\" \/>\n<meta property=\"og:image\" content=\"https:\/\/www.toys4vip.com\/app\/uploads\/2021\/11\/main-1.png\" \/>\n\t<meta property=\"og:image:width\" content=\"571\" \/>\n\t<meta property=\"og:image:height\" content=\"324\" \/>\n<meta name=\"twitter:card\" content=\"summary_large_image\" \/>\n<meta name=\"twitter:label1\" content=\"Dur\u00e9e de lecture est.\" \/>\n\t<meta name=\"twitter:data1\" content=\"1 minute\" \/>\n<script type=\"application\/ld+json\" class=\"yoast-schema-graph\">{\"@context\":\"https:\/\/schema.org\",\"@graph\":[{\"@type\":\"WebSite\",\"@id\":\"https:\/\/www.toys4vip.com\/fr\/#website\",\"url\":\"https:\/\/www.toys4vip.com\/fr\/\",\"name\":\"Toys4Vip\",\"description\":\"Jouets de luxe nouveau concept store\",\"potentialAction\":[{\"@type\":\"SearchAction\",\"target\":{\"@type\":\"EntryPoint\",\"urlTemplate\":\"https:\/\/www.toys4vip.com\/fr\/?s={search_term_string}\"},\"query-input\":\"required name=search_term_string\"}],\"inLanguage\":\"fr-FR\"},{\"@type\":\"ImageObject\",\"@id\":\"https:\/\/www.toys4vip.com\/fr\/luxury-toy\/ecran-tv-pour-outdoor-escamotable-de-510-metres\/56\/#primaryimage\",\"inLanguage\":\"fr-FR\",\"url\":\"https:\/\/www.toys4vip.com\/app\/uploads\/2021\/11\/main-1.png\",\"contentUrl\":\"https:\/\/www.toys4vip.com\/app\/uploads\/2021\/11\/main-1.png\",\"width\":571,\"height\":324},{\"@type\":\"WebPage\",\"@id\":\"https:\/\/www.toys4vip.com\/fr\/luxury-toy\/ecran-tv-pour-outdoor-escamotable-de-510-metres\/56\/#webpage\",\"url\":\"https:\/\/www.toys4vip.com\/fr\/luxury-toy\/ecran-tv-pour-outdoor-escamotable-de-510-metres\/56\/\",\"name\":\"Ecran TV pour ext\\u00e9rieur, escamotable de 5,10 m\\u00e8tres ! - Toys4Vip\",\"isPartOf\":{\"@id\":\"https:\/\/www.toys4vip.com\/fr\/#website\"},\"primaryImageOfPage\":{\"@id\":\"https:\/\/www.toys4vip.com\/fr\/luxury-toy\/ecran-tv-pour-outdoor-escamotable-de-510-metres\/56\/#primaryimage\"},\"datePublished\":\"2021-11-02T10:28:42+00:00\",\"dateModified\":\"2021-11-17T17:44:37+00:00\",\"description\":\"Cet \\u00e9cran encastr\\u00e9 dans le sol est un syst\\u00e8me intelligent con\\u00e7u par Porsche Design Studio.D'un clic de bouton, on d\\u00e9ploie l'\\u00e9cran dont le m\\u00e2t de 4,50 m\\u00e8tres s'\\u00e9l\\u00e8ve et d\\u00e9plie ses sept panneaux en moins d'une minute.Imaginez la possibilit\\u00e9 de regarder en direct des \\u00e9v\\u00e9nements sportifs sur un \\u00e9cran de 201 pouces depuis votre terrasse avec des amis, ou m\\u00eame de vous entra\\u00eener \\u00e0 une simulation de golf au lever du soleil. Tout cela, et bien davantage, est aujourd'hui une r\\u00e9alit\\u00e9. La technologie de divertissement ultime est arriv\\u00e9e sous la forme du C SEED 201, le plus grand t\\u00e9l\\u00e9viseur au monde, permettant une visualisation en haute d\\u00e9finition, m\\u00eame en plein soleil.\",\"breadcrumb\":{\"@id\":\"https:\/\/www.toys4vip.com\/fr\/luxury-toy\/ecran-tv-pour-outdoor-escamotable-de-510-metres\/56\/#breadcrumb\"},\"inLanguage\":\"fr-FR\",\"potentialAction\":[{\"@type\":\"ReadAction\",\"target\":[\"https:\/\/www.toys4vip.com\/fr\/luxury-toy\/ecran-tv-pour-outdoor-escamotable-de-510-metres\/56\/\"]}]},{\"@type\":\"BreadcrumbList\",\"@id\":\"https:\/\/www.toys4vip.com\/fr\/luxury-toy\/ecran-tv-pour-outdoor-escamotable-de-510-metres\/56\/#breadcrumb\",\"itemListElement\":[{\"@type\":\"ListItem\",\"position\":1,\"name\":\"Home\",\"item\":\"https:\/\/www.toys4vip.com\/fr\/\"},{\"@type\":\"ListItem\",\"position\":2,\"name\":\"Objets \/ Cat\\u00e9gories\",\"item\":\"https:\/\/www.toys4vip.com\/fr\/luxury-toys\/\"},{\"@type\":\"ListItem\",\"position\":3,\"name\":\"Ecran TV pour ext\\u00e9rieur, escamotable de 5,10 m\\u00e8tres !\"}]}]}<\/script>\n<!-- \/ Yoast SEO plugin. -->","yoast_head_json":{"title":"Ecran TV pour ext\u00e9rieur, escamotable de 5,10 m\u00e8tres ! - Toys4Vip","description":"Cet \u00e9cran encastr\u00e9 dans le sol est un syst\u00e8me intelligent con\u00e7u par Porsche Design Studio.D'un clic de bouton, on d\u00e9ploie l'\u00e9cran dont le m\u00e2t de 4,50 m\u00e8tres s'\u00e9l\u00e8ve et d\u00e9plie ses sept panneaux en moins d'une minute.Imaginez la possibilit\u00e9 de regarder en direct des \u00e9v\u00e9nements sportifs sur un \u00e9cran de 201 pouces depuis votre terrasse avec des amis, ou m\u00eame de vous entra\u00eener \u00e0 une simulation de golf au lever du soleil. Tout cela, et bien davantage, est aujourd'hui une r\u00e9alit\u00e9. La technologie de divertissement ultime est arriv\u00e9e sous la forme du C SEED 201, le plus grand t\u00e9l\u00e9viseur au monde, permettant une visualisation en haute d\u00e9finition, m\u00eame en plein soleil.","robots":{"index":"index","follow":"follow","max-snippet":"max-snippet:-1","max-image-preview":"max-image-preview:large","max-video-preview":"max-video-preview:-1"},"canonical":"https:\/\/www.toys4vip.com\/fr\/luxury-toy\/ecran-tv-pour-outdoor-escamotable-de-510-metres\/56\/","og_locale":"fr_FR","og_type":"article","og_title":"Ecran TV pour ext\u00e9rieur, escamotable de 5,10 m\u00e8tres ! - Toys4Vip","og_description":"Cet \u00e9cran encastr\u00e9 dans le sol est un syst\u00e8me intelligent con\u00e7u par Porsche Design Studio.D'un clic de bouton, on d\u00e9ploie l'\u00e9cran dont le m\u00e2t de 4,50 m\u00e8tres s'\u00e9l\u00e8ve et d\u00e9plie ses sept panneaux en moins d'une minute.Imaginez la possibilit\u00e9 de regarder en direct des \u00e9v\u00e9nements sportifs sur un \u00e9cran de 201 pouces depuis votre terrasse avec des amis, ou m\u00eame de vous entra\u00eener \u00e0 une simulation de golf au lever du soleil. Tout cela, et bien davantage, est aujourd'hui une r\u00e9alit\u00e9. La technologie de divertissement ultime est arriv\u00e9e sous la forme du C SEED 201, le plus grand t\u00e9l\u00e9viseur au monde, permettant une visualisation en haute d\u00e9finition, m\u00eame en plein soleil.","og_url":"https:\/\/www.toys4vip.com\/fr\/luxury-toy\/ecran-tv-pour-outdoor-escamotable-de-510-metres\/56\/","og_site_name":"Toys4Vip","article_modified_time":"2021-11-17T17:44:37+00:00","og_image":[{"width":571,"height":324,"url":"https:\/\/www.toys4vip.com\/app\/uploads\/2021\/11\/main-1.png","type":"image\/png"}],"twitter_card":"summary_large_image","twitter_misc":{"Dur\u00e9e de lecture est.":"1 minute"},"schema":{"@context":"https:\/\/schema.org","@graph":[{"@type":"WebSite","@id":"https:\/\/www.toys4vip.com\/fr\/#website","url":"https:\/\/www.toys4vip.com\/fr\/","name":"Toys4Vip","description":"Jouets de luxe nouveau concept store","potentialAction":[{"@type":"SearchAction","target":{"@type":"EntryPoint","urlTemplate":"https:\/\/www.toys4vip.com\/fr\/?s={search_term_string}"},"query-input":"required name=search_term_string"}],"inLanguage":"fr-FR"},{"@type":"ImageObject","@id":"https:\/\/www.toys4vip.com\/fr\/luxury-toy\/ecran-tv-pour-outdoor-escamotable-de-510-metres\/56\/#primaryimage","inLanguage":"fr-FR","url":"https:\/\/www.toys4vip.com\/app\/uploads\/2021\/11\/main-1.png","contentUrl":"https:\/\/www.toys4vip.com\/app\/uploads\/2021\/11\/main-1.png","width":571,"height":324},{"@type":"WebPage","@id":"https:\/\/www.toys4vip.com\/fr\/luxury-toy\/ecran-tv-pour-outdoor-escamotable-de-510-metres\/56\/#webpage","url":"https:\/\/www.toys4vip.com\/fr\/luxury-toy\/ecran-tv-pour-outdoor-escamotable-de-510-metres\/56\/","name":"Ecran TV pour ext\u00e9rieur, escamotable de 5,10 m\u00e8tres ! - Toys4Vip","isPartOf":{"@id":"https:\/\/www.toys4vip.com\/fr\/#website"},"primaryImageOfPage":{"@id":"https:\/\/www.toys4vip.com\/fr\/luxury-toy\/ecran-tv-pour-outdoor-escamotable-de-510-metres\/56\/#primaryimage"},"datePublished":"2021-11-02T10:28:42+00:00","dateModified":"2021-11-17T17:44:37+00:00","description":"Cet \u00e9cran encastr\u00e9 dans le sol est un syst\u00e8me intelligent con\u00e7u par Porsche Design Studio.D'un clic de bouton, on d\u00e9ploie l'\u00e9cran dont le m\u00e2t de 4,50 m\u00e8tres s'\u00e9l\u00e8ve et d\u00e9plie ses sept panneaux en moins d'une minute.Imaginez la possibilit\u00e9 de regarder en direct des \u00e9v\u00e9nements sportifs sur un \u00e9cran de 201 pouces depuis votre terrasse avec des amis, ou m\u00eame de vous entra\u00eener \u00e0 une simulation de golf au lever du soleil. Tout cela, et bien davantage, est aujourd'hui une r\u00e9alit\u00e9. La technologie de divertissement ultime est arriv\u00e9e sous la forme du C SEED 201, le plus grand t\u00e9l\u00e9viseur au monde, permettant une visualisation en haute d\u00e9finition, m\u00eame en plein soleil.","breadcrumb":{"@id":"https:\/\/www.toys4vip.com\/fr\/luxury-toy\/ecran-tv-pour-outdoor-escamotable-de-510-metres\/56\/#breadcrumb"},"inLanguage":"fr-FR","potentialAction":[{"@type":"ReadAction","target":["https:\/\/www.toys4vip.com\/fr\/luxury-toy\/ecran-tv-pour-outdoor-escamotable-de-510-metres\/56\/"]}]},{"@type":"BreadcrumbList","@id":"https:\/\/www.toys4vip.com\/fr\/luxury-toy\/ecran-tv-pour-outdoor-escamotable-de-510-metres\/56\/#breadcrumb","itemListElement":[{"@type":"ListItem","position":1,"name":"Home","item":"https:\/\/www.toys4vip.com\/fr\/"},{"@type":"ListItem","position":2,"name":"Objets \/ Cat\u00e9gories","item":"https:\/\/www.toys4vip.com\/fr\/luxury-toys\/"},{"@type":"ListItem","position":3,"name":"Ecran TV pour ext\u00e9rieur, escamotable de 5,10 m\u00e8tres !"}]}]}},"_links":{"self":[{"href":"https:\/\/www.toys4vip.com\/fr\/wp-json\/wp\/v2\/product\/564"}],"collection":[{"href":"https:\/\/www.toys4vip.com\/fr\/wp-json\/wp\/v2\/product"}],"about":[{"href":"https:\/\/www.toys4vip.com\/fr\/wp-json\/wp\/v2\/types\/product"}],"replies":[{"embeddable":true,"href":"https:\/\/www.toys4vip.com\/fr\/wp-json\/wp\/v2\/comments?post=564"}],"wp:featuredmedia":[{"embeddable":true,"href":"https:\/\/www.toys4vip.com\/fr\/wp-json\/wp\/v2\/media\/562"}],"wp:attachment":[{"href":"https:\/\/www.toys4vip.com\/fr\/wp-json\/wp\/v2\/media?parent=564"}],"wp:term":[{"taxonomy":"product_cat","embeddable":true,"href":"https:\/\/www.toys4vip.com\/fr\/wp-json\/wp\/v2\/product_cat?post=564"},{"taxonomy":"product_tag","embeddable":true,"href":"https:\/\/www.toys4vip.com\/fr\/wp-json\/wp\/v2\/product_tag?post=564"}],"curies":[{"name":"wp","href":"https:\/\/api.w.org\/{rel}","templated":true}]}}