{"id":561,"date":"2021-11-02T10:28:41","date_gmt":"2021-11-02T10:28:41","guid":{"rendered":"https:\/\/toys4vip.com\/produit\/simulateur-de-formule-1-de-course\/"},"modified":"2021-11-18T19:36:01","modified_gmt":"2021-11-18T18:36:01","slug":"simulateur-de-formule-1-de-course","status":"publish","type":"product","link":"https:\/\/www.toys4vip.com\/fr\/luxury-toy\/simulateur-de-formule-1-de-course\/54\/","title":{"rendered":"Simulateur de Formule 1 de course"},"content":{"rendered":"<p>Equip\u00e9 de l&rsquo;original pneus Pirelli F1 et \u00e9triers de freins Brembo, voici je simulateur haut de gamme F1 de voiture de course qui est vraiment la plus proche simulation que l&rsquo;on eut obtenir.<\/p>\n<p>D\u00e9crit comme l&rsquo;un des simulateurs les plus r\u00e9alistes sur le march\u00e9, il dispose de trois \u00e9crans de 23 pouces TFT et d&rsquo;un syst\u00e8me d&rsquo;enceintes 5.1 suffisant pour faire sauter vos oreilles, qui sont \u00e9galement fabriqu\u00e9s sur commande selon le choix de l&rsquo;acheteur des couleurs de l&rsquo;\u00e9quipe choisis.<\/p>\n<p>Avec une r\u00e9plique exacte du cockpit d&rsquo;une F1, ce jouet de grand gar\u00e7on ultime sera install\u00e9 par les ing\u00e9nieurs de la soci\u00e9t\u00e9, qui formera le nouveau propri\u00e9taire, \u00e0 son usage et \u00e0 utiliser les commandes.<\/p>\n<p>Ce grand Simulateur F1 a \u00e9t\u00e9 con\u00e7u pour offrir une exp\u00e9rience de conduite incroyable \u00e0 n&rsquo;importe quel fan de Formule 1, et dans les memes conditions et exp\u00e9riences qu&rsquo;un vrai pilote de F1.<\/p>\n<p>Il comprend notamment un PC haut de gamme avec un processeur Intel Core i7, Intel SSD HD, un clavier sans fil et une souris.<\/p>\n<p>En outre, les grands \u00e9crans cr\u00e9\u00e9s une exp\u00e9rience immersive et pr\u00e9cise de la conduite.<br \/>\nLes utilisateurs peuvent choisir entre toutes les \u00e9quipes actuelles de course F 1, et peuvent faire la course sur tous les circuits les F1.<\/p>\n<p>Fabriqu\u00e9 par la soci\u00e9t\u00e9 qui a fait des simulateurs depuis 1986, ce produit a \u00e9t\u00e9 con\u00e7u \u00e0 partir de mat\u00e9riaux composites en fibres de carbone, des d\u00e9tails et des alliages.<\/p>\n<p>Plus d&rsquo;infos sur demande<\/p>\n","protected":false},"excerpt":{"rendered":"<p>Equip\u00e9 de l&rsquo;original pneus Pirelli F1 et \u00e9triers de freins Brembo, voici je simulateur haut de gamme F1 de voiture de course qui est vraiment la plus proche simulation que l&rsquo;on eut obtenir. D\u00e9crit comme l&rsquo;un des simulateurs les plus r\u00e9alistes sur le march\u00e9, il dispose de trois \u00e9crans de 23 pouces TFT et d&rsquo;un [&hellip;]<\/p>\n","protected":false},"featured_media":559,"comment_status":"open","ping_status":"closed","template":"","meta":[],"product_cat":[31],"product_tag":[],"yoast_head":"<!-- This site is optimized with the Yoast SEO plugin v17.4 - https:\/\/yoast.com\/wordpress\/plugins\/seo\/ -->\n<title>Simulateur de Formule 1 de course - Toys4Vip<\/title>\n<meta name=\"description\" content=\"Equip\u00e9 de l&#039;original pneus Pirelli F1 et \u00e9triers de freins Brembo, voici je simulateur haut de gamme F1 de voiture de course qui est vraiment la plus proche simulation que l&#039;on eut obtenir.D\u00e9crit comme l&#039;un des simulateurs les plus r\u00e9alistes sur le march\u00e9, il dispose de trois \u00e9crans de 23 pouces TFT et d&#039;un syst\u00e8me d&#039;enceintes 5.1 suffisant pour faire sauter vos oreilles, qui sont \u00e9galement fabriqu\u00e9s sur commande selon le choix de l&#039;acheteur des couleurs de l&#039;\u00e9quipe choisis.Avec une r\u00e9plique exacte du cockpit d&#039;une F1, ce jouet de grand gar\u00e7on ultime sera install\u00e9 par les ing\u00e9nieurs de la soci\u00e9t\u00e9, qui formera le nouveau propri\u00e9taire, \u00e0 son usage et \u00e0 utiliser les commandes.\" \/>\n<meta name=\"robots\" content=\"index, follow, max-snippet:-1, max-image-preview:large, max-video-preview:-1\" \/>\n<link rel=\"canonical\" href=\"https:\/\/www.toys4vip.com\/fr\/luxury-toy\/simulateur-de-formule-1-de-course\/54\/\" \/>\n<meta property=\"og:locale\" content=\"fr_FR\" \/>\n<meta property=\"og:type\" content=\"article\" \/>\n<meta property=\"og:title\" content=\"Simulateur de Formule 1 de course - Toys4Vip\" \/>\n<meta property=\"og:description\" content=\"Equip\u00e9 de l&#039;original pneus Pirelli F1 et \u00e9triers de freins Brembo, voici je simulateur haut de gamme F1 de voiture de course qui est vraiment la plus proche simulation que l&#039;on eut obtenir.D\u00e9crit comme l&#039;un des simulateurs les plus r\u00e9alistes sur le march\u00e9, il dispose de trois \u00e9crans de 23 pouces TFT et d&#039;un syst\u00e8me d&#039;enceintes 5.1 suffisant pour faire sauter vos oreilles, qui sont \u00e9galement fabriqu\u00e9s sur commande selon le choix de l&#039;acheteur des couleurs de l&#039;\u00e9quipe choisis.Avec une r\u00e9plique exacte du cockpit d&#039;une F1, ce jouet de grand gar\u00e7on ultime sera install\u00e9 par les ing\u00e9nieurs de la soci\u00e9t\u00e9, qui formera le nouveau propri\u00e9taire, \u00e0 son usage et \u00e0 utiliser les commandes.\" \/>\n<meta property=\"og:url\" content=\"https:\/\/www.toys4vip.com\/fr\/luxury-toy\/simulateur-de-formule-1-de-course\/54\/\" \/>\n<meta property=\"og:site_name\" content=\"Toys4Vip\" \/>\n<meta property=\"article:modified_time\" content=\"2021-11-18T18:36:01+00:00\" \/>\n<meta property=\"og:image\" content=\"https:\/\/www.toys4vip.com\/app\/uploads\/2021\/11\/main-44.jpg\" \/>\n\t<meta property=\"og:image:width\" content=\"550\" \/>\n\t<meta property=\"og:image:height\" content=\"309\" \/>\n<meta name=\"twitter:card\" content=\"summary_large_image\" \/>\n<meta name=\"twitter:label1\" content=\"Dur\u00e9e de lecture est.\" \/>\n\t<meta name=\"twitter:data1\" content=\"1 minute\" \/>\n<script type=\"application\/ld+json\" class=\"yoast-schema-graph\">{\"@context\":\"https:\/\/schema.org\",\"@graph\":[{\"@type\":\"WebSite\",\"@id\":\"https:\/\/www.toys4vip.com\/fr\/#website\",\"url\":\"https:\/\/www.toys4vip.com\/fr\/\",\"name\":\"Toys4Vip\",\"description\":\"Jouets de luxe nouveau concept store\",\"potentialAction\":[{\"@type\":\"SearchAction\",\"target\":{\"@type\":\"EntryPoint\",\"urlTemplate\":\"https:\/\/www.toys4vip.com\/fr\/?s={search_term_string}\"},\"query-input\":\"required name=search_term_string\"}],\"inLanguage\":\"fr-FR\"},{\"@type\":\"ImageObject\",\"@id\":\"https:\/\/www.toys4vip.com\/fr\/luxury-toy\/simulateur-de-formule-1-de-course\/54\/#primaryimage\",\"inLanguage\":\"fr-FR\",\"url\":\"https:\/\/www.toys4vip.com\/app\/uploads\/2021\/11\/main-44.jpg\",\"contentUrl\":\"https:\/\/www.toys4vip.com\/app\/uploads\/2021\/11\/main-44.jpg\",\"width\":550,\"height\":309},{\"@type\":\"WebPage\",\"@id\":\"https:\/\/www.toys4vip.com\/fr\/luxury-toy\/simulateur-de-formule-1-de-course\/54\/#webpage\",\"url\":\"https:\/\/www.toys4vip.com\/fr\/luxury-toy\/simulateur-de-formule-1-de-course\/54\/\",\"name\":\"Simulateur de Formule 1 de course - Toys4Vip\",\"isPartOf\":{\"@id\":\"https:\/\/www.toys4vip.com\/fr\/#website\"},\"primaryImageOfPage\":{\"@id\":\"https:\/\/www.toys4vip.com\/fr\/luxury-toy\/simulateur-de-formule-1-de-course\/54\/#primaryimage\"},\"datePublished\":\"2021-11-02T10:28:41+00:00\",\"dateModified\":\"2021-11-18T18:36:01+00:00\",\"description\":\"Equip\\u00e9 de l'original pneus Pirelli F1 et \\u00e9triers de freins Brembo, voici je simulateur haut de gamme F1 de voiture de course qui est vraiment la plus proche simulation que l'on eut obtenir.D\\u00e9crit comme l'un des simulateurs les plus r\\u00e9alistes sur le march\\u00e9, il dispose de trois \\u00e9crans de 23 pouces TFT et d'un syst\\u00e8me d'enceintes 5.1 suffisant pour faire sauter vos oreilles, qui sont \\u00e9galement fabriqu\\u00e9s sur commande selon le choix de l'acheteur des couleurs de l'\\u00e9quipe choisis.Avec une r\\u00e9plique exacte du cockpit d'une F1, ce jouet de grand gar\\u00e7on ultime sera install\\u00e9 par les ing\\u00e9nieurs de la soci\\u00e9t\\u00e9, qui formera le nouveau propri\\u00e9taire, \\u00e0 son usage et \\u00e0 utiliser les commandes.\",\"breadcrumb\":{\"@id\":\"https:\/\/www.toys4vip.com\/fr\/luxury-toy\/simulateur-de-formule-1-de-course\/54\/#breadcrumb\"},\"inLanguage\":\"fr-FR\",\"potentialAction\":[{\"@type\":\"ReadAction\",\"target\":[\"https:\/\/www.toys4vip.com\/fr\/luxury-toy\/simulateur-de-formule-1-de-course\/54\/\"]}]},{\"@type\":\"BreadcrumbList\",\"@id\":\"https:\/\/www.toys4vip.com\/fr\/luxury-toy\/simulateur-de-formule-1-de-course\/54\/#breadcrumb\",\"itemListElement\":[{\"@type\":\"ListItem\",\"position\":1,\"name\":\"Home\",\"item\":\"https:\/\/www.toys4vip.com\/fr\/\"},{\"@type\":\"ListItem\",\"position\":2,\"name\":\"Objets \/ Cat\\u00e9gories\",\"item\":\"https:\/\/www.toys4vip.com\/fr\/luxury-toys\/\"},{\"@type\":\"ListItem\",\"position\":3,\"name\":\"Simulateur de Formule 1 de course\"}]}]}<\/script>\n<!-- \/ Yoast SEO plugin. -->","yoast_head_json":{"title":"Simulateur de Formule 1 de course - Toys4Vip","description":"Equip\u00e9 de l'original pneus Pirelli F1 et \u00e9triers de freins Brembo, voici je simulateur haut de gamme F1 de voiture de course qui est vraiment la plus proche simulation que l'on eut obtenir.D\u00e9crit comme l'un des simulateurs les plus r\u00e9alistes sur le march\u00e9, il dispose de trois \u00e9crans de 23 pouces TFT et d'un syst\u00e8me d'enceintes 5.1 suffisant pour faire sauter vos oreilles, qui sont \u00e9galement fabriqu\u00e9s sur commande selon le choix de l'acheteur des couleurs de l'\u00e9quipe choisis.Avec une r\u00e9plique exacte du cockpit d'une F1, ce jouet de grand gar\u00e7on ultime sera install\u00e9 par les ing\u00e9nieurs de la soci\u00e9t\u00e9, qui formera le nouveau propri\u00e9taire, \u00e0 son usage et \u00e0 utiliser les commandes.","robots":{"index":"index","follow":"follow","max-snippet":"max-snippet:-1","max-image-preview":"max-image-preview:large","max-video-preview":"max-video-preview:-1"},"canonical":"https:\/\/www.toys4vip.com\/fr\/luxury-toy\/simulateur-de-formule-1-de-course\/54\/","og_locale":"fr_FR","og_type":"article","og_title":"Simulateur de Formule 1 de course - Toys4Vip","og_description":"Equip\u00e9 de l'original pneus Pirelli F1 et \u00e9triers de freins Brembo, voici je simulateur haut de gamme F1 de voiture de course qui est vraiment la plus proche simulation que l'on eut obtenir.D\u00e9crit comme l'un des simulateurs les plus r\u00e9alistes sur le march\u00e9, il dispose de trois \u00e9crans de 23 pouces TFT et d'un syst\u00e8me d'enceintes 5.1 suffisant pour faire sauter vos oreilles, qui sont \u00e9galement fabriqu\u00e9s sur commande selon le choix de l'acheteur des couleurs de l'\u00e9quipe choisis.Avec une r\u00e9plique exacte du cockpit d'une F1, ce jouet de grand gar\u00e7on ultime sera install\u00e9 par les ing\u00e9nieurs de la soci\u00e9t\u00e9, qui formera le nouveau propri\u00e9taire, \u00e0 son usage et \u00e0 utiliser les commandes.","og_url":"https:\/\/www.toys4vip.com\/fr\/luxury-toy\/simulateur-de-formule-1-de-course\/54\/","og_site_name":"Toys4Vip","article_modified_time":"2021-11-18T18:36:01+00:00","og_image":[{"width":550,"height":309,"url":"https:\/\/www.toys4vip.com\/app\/uploads\/2021\/11\/main-44.jpg","type":"image\/jpeg"}],"twitter_card":"summary_large_image","twitter_misc":{"Dur\u00e9e de lecture est.":"1 minute"},"schema":{"@context":"https:\/\/schema.org","@graph":[{"@type":"WebSite","@id":"https:\/\/www.toys4vip.com\/fr\/#website","url":"https:\/\/www.toys4vip.com\/fr\/","name":"Toys4Vip","description":"Jouets de luxe nouveau concept store","potentialAction":[{"@type":"SearchAction","target":{"@type":"EntryPoint","urlTemplate":"https:\/\/www.toys4vip.com\/fr\/?s={search_term_string}"},"query-input":"required name=search_term_string"}],"inLanguage":"fr-FR"},{"@type":"ImageObject","@id":"https:\/\/www.toys4vip.com\/fr\/luxury-toy\/simulateur-de-formule-1-de-course\/54\/#primaryimage","inLanguage":"fr-FR","url":"https:\/\/www.toys4vip.com\/app\/uploads\/2021\/11\/main-44.jpg","contentUrl":"https:\/\/www.toys4vip.com\/app\/uploads\/2021\/11\/main-44.jpg","width":550,"height":309},{"@type":"WebPage","@id":"https:\/\/www.toys4vip.com\/fr\/luxury-toy\/simulateur-de-formule-1-de-course\/54\/#webpage","url":"https:\/\/www.toys4vip.com\/fr\/luxury-toy\/simulateur-de-formule-1-de-course\/54\/","name":"Simulateur de Formule 1 de course - Toys4Vip","isPartOf":{"@id":"https:\/\/www.toys4vip.com\/fr\/#website"},"primaryImageOfPage":{"@id":"https:\/\/www.toys4vip.com\/fr\/luxury-toy\/simulateur-de-formule-1-de-course\/54\/#primaryimage"},"datePublished":"2021-11-02T10:28:41+00:00","dateModified":"2021-11-18T18:36:01+00:00","description":"Equip\u00e9 de l'original pneus Pirelli F1 et \u00e9triers de freins Brembo, voici je simulateur haut de gamme F1 de voiture de course qui est vraiment la plus proche simulation que l'on eut obtenir.D\u00e9crit comme l'un des simulateurs les plus r\u00e9alistes sur le march\u00e9, il dispose de trois \u00e9crans de 23 pouces TFT et d'un syst\u00e8me d'enceintes 5.1 suffisant pour faire sauter vos oreilles, qui sont \u00e9galement fabriqu\u00e9s sur commande selon le choix de l'acheteur des couleurs de l'\u00e9quipe choisis.Avec une r\u00e9plique exacte du cockpit d'une F1, ce jouet de grand gar\u00e7on ultime sera install\u00e9 par les ing\u00e9nieurs de la soci\u00e9t\u00e9, qui formera le nouveau propri\u00e9taire, \u00e0 son usage et \u00e0 utiliser les commandes.","breadcrumb":{"@id":"https:\/\/www.toys4vip.com\/fr\/luxury-toy\/simulateur-de-formule-1-de-course\/54\/#breadcrumb"},"inLanguage":"fr-FR","potentialAction":[{"@type":"ReadAction","target":["https:\/\/www.toys4vip.com\/fr\/luxury-toy\/simulateur-de-formule-1-de-course\/54\/"]}]},{"@type":"BreadcrumbList","@id":"https:\/\/www.toys4vip.com\/fr\/luxury-toy\/simulateur-de-formule-1-de-course\/54\/#breadcrumb","itemListElement":[{"@type":"ListItem","position":1,"name":"Home","item":"https:\/\/www.toys4vip.com\/fr\/"},{"@type":"ListItem","position":2,"name":"Objets \/ Cat\u00e9gories","item":"https:\/\/www.toys4vip.com\/fr\/luxury-toys\/"},{"@type":"ListItem","position":3,"name":"Simulateur de Formule 1 de course"}]}]}},"_links":{"self":[{"href":"https:\/\/www.toys4vip.com\/fr\/wp-json\/wp\/v2\/product\/561"}],"collection":[{"href":"https:\/\/www.toys4vip.com\/fr\/wp-json\/wp\/v2\/product"}],"about":[{"href":"https:\/\/www.toys4vip.com\/fr\/wp-json\/wp\/v2\/types\/product"}],"replies":[{"embeddable":true,"href":"https:\/\/www.toys4vip.com\/fr\/wp-json\/wp\/v2\/comments?post=561"}],"wp:featuredmedia":[{"embeddable":true,"href":"https:\/\/www.toys4vip.com\/fr\/wp-json\/wp\/v2\/media\/559"}],"wp:attachment":[{"href":"https:\/\/www.toys4vip.com\/fr\/wp-json\/wp\/v2\/media?parent=561"}],"wp:term":[{"taxonomy":"product_cat","embeddable":true,"href":"https:\/\/www.toys4vip.com\/fr\/wp-json\/wp\/v2\/product_cat?post=561"},{"taxonomy":"product_tag","embeddable":true,"href":"https:\/\/www.toys4vip.com\/fr\/wp-json\/wp\/v2\/product_tag?post=561"}],"curies":[{"name":"wp","href":"https:\/\/api.w.org\/{rel}","templated":true}]}}