{"id":558,"date":"2021-11-02T10:28:41","date_gmt":"2021-11-02T10:28:41","guid":{"rendered":"https:\/\/toys4vip.com\/produit\/icon-a5\/"},"modified":"2021-11-16T18:24:47","modified_gmt":"2021-11-16T18:24:47","slug":"icon-a5","status":"publish","type":"product","link":"https:\/\/www.toys4vip.com\/fr\/luxury-toy\/icon-a5\/53\/","title":{"rendered":"icon A5"},"content":{"rendered":"<p>Avion Amphibie, en fibre de carbonne, son cockpit a deux places. Le pare brise circulaire lui offre une superbe visibilit\u00e9. Il sera equip\u00e9 d&rsquo;un GPS et d&rsquo;instruments de navigation facile \u00e0 lire.<br \/>\nApr\u00e8s l&rsquo;atterrissage les ailes se replient facilement pour un transport ou pour se ranger.<\/p>\n","protected":false},"excerpt":{"rendered":"<p>Avion Amphibie, en fibre de carbonne, son cockpit a deux places. Le pare brise circulaire lui offre une superbe visibilit\u00e9. Il sera equip\u00e9 d&rsquo;un GPS et d&rsquo;instruments de navigation facile \u00e0 lire. Apr\u00e8s l&rsquo;atterrissage les ailes se replient facilement pour un transport ou pour se ranger.<\/p>\n","protected":false},"featured_media":556,"comment_status":"open","ping_status":"closed","template":"","meta":[],"product_cat":[85,26],"product_tag":[],"yoast_head":"<!-- This site is optimized with the Yoast SEO plugin v17.4 - https:\/\/yoast.com\/wordpress\/plugins\/seo\/ -->\n<title>icon A5 - Toys4Vip<\/title>\n<meta name=\"description\" content=\"Avion Amphibie, en fibre de carbonne, son cockpit a deux places. Le pare brise circulaire lui offre une superbe visibilit\u00e9. Il sera equip\u00e9 d&#039;un GPS et d&#039;instruments de navigation facile \u00e0 lire.Apr\u00e8s l&#039;atterrissage les ailes se replient facilement pour un transport ou pour se ranger.\" \/>\n<meta name=\"robots\" content=\"index, follow, max-snippet:-1, max-image-preview:large, max-video-preview:-1\" \/>\n<link rel=\"canonical\" href=\"https:\/\/www.toys4vip.com\/fr\/luxury-toy\/icon-a5\/53\/\" \/>\n<meta property=\"og:locale\" content=\"fr_FR\" \/>\n<meta property=\"og:type\" content=\"article\" \/>\n<meta property=\"og:title\" content=\"icon A5 - Toys4Vip\" \/>\n<meta property=\"og:description\" content=\"Avion Amphibie, en fibre de carbonne, son cockpit a deux places. Le pare brise circulaire lui offre une superbe visibilit\u00e9. Il sera equip\u00e9 d&#039;un GPS et d&#039;instruments de navigation facile \u00e0 lire.Apr\u00e8s l&#039;atterrissage les ailes se replient facilement pour un transport ou pour se ranger.\" \/>\n<meta property=\"og:url\" content=\"https:\/\/www.toys4vip.com\/fr\/luxury-toy\/icon-a5\/53\/\" \/>\n<meta property=\"og:site_name\" content=\"Toys4Vip\" \/>\n<meta property=\"article:modified_time\" content=\"2021-11-16T18:24:47+00:00\" \/>\n<meta property=\"og:image\" content=\"https:\/\/www.toys4vip.com\/app\/uploads\/2021\/11\/main-43.jpg\" \/>\n\t<meta property=\"og:image:width\" content=\"608\" \/>\n\t<meta property=\"og:image:height\" content=\"342\" \/>\n<meta name=\"twitter:card\" content=\"summary_large_image\" \/>\n<meta name=\"twitter:label1\" content=\"Dur\u00e9e de lecture est.\" \/>\n\t<meta name=\"twitter:data1\" content=\"1 minute\" \/>\n<script type=\"application\/ld+json\" class=\"yoast-schema-graph\">{\"@context\":\"https:\/\/schema.org\",\"@graph\":[{\"@type\":\"WebSite\",\"@id\":\"https:\/\/www.toys4vip.com\/fr\/#website\",\"url\":\"https:\/\/www.toys4vip.com\/fr\/\",\"name\":\"Toys4Vip\",\"description\":\"Jouets de luxe nouveau concept store\",\"potentialAction\":[{\"@type\":\"SearchAction\",\"target\":{\"@type\":\"EntryPoint\",\"urlTemplate\":\"https:\/\/www.toys4vip.com\/fr\/?s={search_term_string}\"},\"query-input\":\"required name=search_term_string\"}],\"inLanguage\":\"fr-FR\"},{\"@type\":\"ImageObject\",\"@id\":\"https:\/\/www.toys4vip.com\/fr\/luxury-toy\/icon-a5\/53\/#primaryimage\",\"inLanguage\":\"fr-FR\",\"url\":\"https:\/\/www.toys4vip.com\/app\/uploads\/2021\/11\/main-43.jpg\",\"contentUrl\":\"https:\/\/www.toys4vip.com\/app\/uploads\/2021\/11\/main-43.jpg\",\"width\":608,\"height\":342},{\"@type\":\"WebPage\",\"@id\":\"https:\/\/www.toys4vip.com\/fr\/luxury-toy\/icon-a5\/53\/#webpage\",\"url\":\"https:\/\/www.toys4vip.com\/fr\/luxury-toy\/icon-a5\/53\/\",\"name\":\"icon A5 - Toys4Vip\",\"isPartOf\":{\"@id\":\"https:\/\/www.toys4vip.com\/fr\/#website\"},\"primaryImageOfPage\":{\"@id\":\"https:\/\/www.toys4vip.com\/fr\/luxury-toy\/icon-a5\/53\/#primaryimage\"},\"datePublished\":\"2021-11-02T10:28:41+00:00\",\"dateModified\":\"2021-11-16T18:24:47+00:00\",\"description\":\"Avion Amphibie, en fibre de carbonne, son cockpit a deux places. Le pare brise circulaire lui offre une superbe visibilit\\u00e9. Il sera equip\\u00e9 d'un GPS et d'instruments de navigation facile \\u00e0 lire.Apr\\u00e8s l'atterrissage les ailes se replient facilement pour un transport ou pour se ranger.\",\"breadcrumb\":{\"@id\":\"https:\/\/www.toys4vip.com\/fr\/luxury-toy\/icon-a5\/53\/#breadcrumb\"},\"inLanguage\":\"fr-FR\",\"potentialAction\":[{\"@type\":\"ReadAction\",\"target\":[\"https:\/\/www.toys4vip.com\/fr\/luxury-toy\/icon-a5\/53\/\"]}]},{\"@type\":\"BreadcrumbList\",\"@id\":\"https:\/\/www.toys4vip.com\/fr\/luxury-toy\/icon-a5\/53\/#breadcrumb\",\"itemListElement\":[{\"@type\":\"ListItem\",\"position\":1,\"name\":\"Home\",\"item\":\"https:\/\/www.toys4vip.com\/fr\/\"},{\"@type\":\"ListItem\",\"position\":2,\"name\":\"Objets \/ Cat\\u00e9gories\",\"item\":\"https:\/\/www.toys4vip.com\/fr\/luxury-toys\/\"},{\"@type\":\"ListItem\",\"position\":3,\"name\":\"icon A5\"}]}]}<\/script>\n<!-- \/ Yoast SEO plugin. -->","yoast_head_json":{"title":"icon A5 - Toys4Vip","description":"Avion Amphibie, en fibre de carbonne, son cockpit a deux places. Le pare brise circulaire lui offre une superbe visibilit\u00e9. Il sera equip\u00e9 d'un GPS et d'instruments de navigation facile \u00e0 lire.Apr\u00e8s l'atterrissage les ailes se replient facilement pour un transport ou pour se ranger.","robots":{"index":"index","follow":"follow","max-snippet":"max-snippet:-1","max-image-preview":"max-image-preview:large","max-video-preview":"max-video-preview:-1"},"canonical":"https:\/\/www.toys4vip.com\/fr\/luxury-toy\/icon-a5\/53\/","og_locale":"fr_FR","og_type":"article","og_title":"icon A5 - Toys4Vip","og_description":"Avion Amphibie, en fibre de carbonne, son cockpit a deux places. Le pare brise circulaire lui offre une superbe visibilit\u00e9. Il sera equip\u00e9 d'un GPS et d'instruments de navigation facile \u00e0 lire.Apr\u00e8s l'atterrissage les ailes se replient facilement pour un transport ou pour se ranger.","og_url":"https:\/\/www.toys4vip.com\/fr\/luxury-toy\/icon-a5\/53\/","og_site_name":"Toys4Vip","article_modified_time":"2021-11-16T18:24:47+00:00","og_image":[{"width":608,"height":342,"url":"https:\/\/www.toys4vip.com\/app\/uploads\/2021\/11\/main-43.jpg","type":"image\/jpeg"}],"twitter_card":"summary_large_image","twitter_misc":{"Dur\u00e9e de lecture est.":"1 minute"},"schema":{"@context":"https:\/\/schema.org","@graph":[{"@type":"WebSite","@id":"https:\/\/www.toys4vip.com\/fr\/#website","url":"https:\/\/www.toys4vip.com\/fr\/","name":"Toys4Vip","description":"Jouets de luxe nouveau concept store","potentialAction":[{"@type":"SearchAction","target":{"@type":"EntryPoint","urlTemplate":"https:\/\/www.toys4vip.com\/fr\/?s={search_term_string}"},"query-input":"required name=search_term_string"}],"inLanguage":"fr-FR"},{"@type":"ImageObject","@id":"https:\/\/www.toys4vip.com\/fr\/luxury-toy\/icon-a5\/53\/#primaryimage","inLanguage":"fr-FR","url":"https:\/\/www.toys4vip.com\/app\/uploads\/2021\/11\/main-43.jpg","contentUrl":"https:\/\/www.toys4vip.com\/app\/uploads\/2021\/11\/main-43.jpg","width":608,"height":342},{"@type":"WebPage","@id":"https:\/\/www.toys4vip.com\/fr\/luxury-toy\/icon-a5\/53\/#webpage","url":"https:\/\/www.toys4vip.com\/fr\/luxury-toy\/icon-a5\/53\/","name":"icon A5 - Toys4Vip","isPartOf":{"@id":"https:\/\/www.toys4vip.com\/fr\/#website"},"primaryImageOfPage":{"@id":"https:\/\/www.toys4vip.com\/fr\/luxury-toy\/icon-a5\/53\/#primaryimage"},"datePublished":"2021-11-02T10:28:41+00:00","dateModified":"2021-11-16T18:24:47+00:00","description":"Avion Amphibie, en fibre de carbonne, son cockpit a deux places. Le pare brise circulaire lui offre une superbe visibilit\u00e9. Il sera equip\u00e9 d'un GPS et d'instruments de navigation facile \u00e0 lire.Apr\u00e8s l'atterrissage les ailes se replient facilement pour un transport ou pour se ranger.","breadcrumb":{"@id":"https:\/\/www.toys4vip.com\/fr\/luxury-toy\/icon-a5\/53\/#breadcrumb"},"inLanguage":"fr-FR","potentialAction":[{"@type":"ReadAction","target":["https:\/\/www.toys4vip.com\/fr\/luxury-toy\/icon-a5\/53\/"]}]},{"@type":"BreadcrumbList","@id":"https:\/\/www.toys4vip.com\/fr\/luxury-toy\/icon-a5\/53\/#breadcrumb","itemListElement":[{"@type":"ListItem","position":1,"name":"Home","item":"https:\/\/www.toys4vip.com\/fr\/"},{"@type":"ListItem","position":2,"name":"Objets \/ Cat\u00e9gories","item":"https:\/\/www.toys4vip.com\/fr\/luxury-toys\/"},{"@type":"ListItem","position":3,"name":"icon A5"}]}]}},"_links":{"self":[{"href":"https:\/\/www.toys4vip.com\/fr\/wp-json\/wp\/v2\/product\/558"}],"collection":[{"href":"https:\/\/www.toys4vip.com\/fr\/wp-json\/wp\/v2\/product"}],"about":[{"href":"https:\/\/www.toys4vip.com\/fr\/wp-json\/wp\/v2\/types\/product"}],"replies":[{"embeddable":true,"href":"https:\/\/www.toys4vip.com\/fr\/wp-json\/wp\/v2\/comments?post=558"}],"wp:featuredmedia":[{"embeddable":true,"href":"https:\/\/www.toys4vip.com\/fr\/wp-json\/wp\/v2\/media\/556"}],"wp:attachment":[{"href":"https:\/\/www.toys4vip.com\/fr\/wp-json\/wp\/v2\/media?parent=558"}],"wp:term":[{"taxonomy":"product_cat","embeddable":true,"href":"https:\/\/www.toys4vip.com\/fr\/wp-json\/wp\/v2\/product_cat?post=558"},{"taxonomy":"product_tag","embeddable":true,"href":"https:\/\/www.toys4vip.com\/fr\/wp-json\/wp\/v2\/product_tag?post=558"}],"curies":[{"name":"wp","href":"https:\/\/api.w.org\/{rel}","templated":true}]}}