{"id":552,"date":"2021-11-02T10:28:40","date_gmt":"2021-11-02T10:28:40","guid":{"rendered":"https:\/\/toys4vip.com\/produit\/la-malle-du-cordon-bleu\/"},"modified":"2021-11-18T16:55:12","modified_gmt":"2021-11-18T15:55:12","slug":"la-malle-du-cordon-bleu","status":"publish","type":"product","link":"https:\/\/www.toys4vip.com\/fr\/luxury-toy\/la-malle-du-cordon-bleu\/50\/","title":{"rendered":"La Malle W Trousseau"},"content":{"rendered":"<p>La Malle W. Trousseau rassemble l\u2019essentiel des ustensiles pour pr\u00e9parer les repas avec plaisir.<br \/>\nDes objets con\u00e7us pour servir et non pour s\u00e9duire. Ces objets, nous les avons d\u00e9couverts au fil des ann\u00e9es, ils sont justes et sinc\u00e8res. Bien pens\u00e9s. Bien dessin\u00e9s. Bien fabriqu\u00e9s.<br \/>\nElle regroupe 3 plateaux : \u00ab LA COUPE \u00bb, \u00ab LA CUISSON \u00bb, \u00ab LES CONTENANTS \u00bb.<\/p>\n<p>Qui n\u2019a pas maudit le \u00ab bon couteau \u00bb qui ne coupe pas, la planche \u00e0 d\u00e9couper qui se fend, le torchon qui n\u2019essuie pas !<\/p>\n<p>Notre monde fabrique des \u00ab choses \u00bb pour les \u00ab consommer \u00bb et les \u00ab re-consommer \u00bb encore.<\/p>\n<p>Les objets de la Malle W. Trousseau sont fabriqu\u00e9s par des hommes qui ont un vrai savoir-faire et un amour de leur m\u00e9tier. Ces objets traversent le temps et deviennent des compagnons de notre quotidien.<br \/>\nMais d\u2019o\u00f9 vient notre envie de rassembler ces objets dans une malle ?<br \/>\nNotre fille Dalva quitte la maison pour une nouvelle vie : \u00ab je peux emporter le couteau corse, la Sarpaneva, les planches de Jules, et\u2026 \u00bb. Nous avions le souvenir du trousseau de nos grands-parents. Si d\u00e9suet. Et pourtant quoi de plus g\u00e9n\u00e9reux que de vouloir souhaiter et offrir le meilleur pour la vie.<br \/>\nDe l\u00e0 est n\u00e9e la Malle W. Trousseau. Et pourquoi ce W ? En souvenir de ces malles marqu\u00e9es aux<br \/>\ninitiales des voyageurs.<br \/>\nLa Malle W. Trousseau, c\u2019est un cadeau de vie, pour la vie.<\/p>\n","protected":false},"excerpt":{"rendered":"<p>La Malle W. Trousseau rassemble l\u2019essentiel des ustensiles pour pr\u00e9parer les repas avec plaisir. Des objets con\u00e7us pour servir et non pour s\u00e9duire. Ces objets, nous les avons d\u00e9couverts au fil des ann\u00e9es, ils sont justes et sinc\u00e8res. Bien pens\u00e9s. Bien dessin\u00e9s. Bien fabriqu\u00e9s. Elle regroupe 3 plateaux : \u00ab LA COUPE \u00bb, \u00ab LA [&hellip;]<\/p>\n","protected":false},"featured_media":550,"comment_status":"open","ping_status":"closed","template":"","meta":[],"product_cat":[42],"product_tag":[],"yoast_head":"<!-- This site is optimized with the Yoast SEO plugin v17.4 - https:\/\/yoast.com\/wordpress\/plugins\/seo\/ -->\n<title>La Malle W Trousseau - Toys4Vip<\/title>\n<meta name=\"description\" content=\"La Malle W. Trousseau rassemble l\u2019essentiel des ustensiles pour pr\u00e9parer les repas avec plaisir.Des objets con\u00e7us pour servir et non pour s\u00e9duire. Ces objets, nous les avons d\u00e9couverts au fil des ann\u00e9es, ils sont justes et sinc\u00e8res. Bien pens\u00e9s. Bien dessin\u00e9s. Bien fabriqu\u00e9s.Elle regroupe 3 plateaux : \u00ab LA COUPE \u00bb, \u00ab LA CUISSON \u00bb, \u00ab LES CONTENANTS \u00bb.\" \/>\n<meta name=\"robots\" content=\"index, follow, max-snippet:-1, max-image-preview:large, max-video-preview:-1\" \/>\n<link rel=\"canonical\" href=\"https:\/\/www.toys4vip.com\/fr\/luxury-toy\/la-malle-du-cordon-bleu\/50\/\" \/>\n<meta property=\"og:locale\" content=\"fr_FR\" \/>\n<meta property=\"og:type\" content=\"article\" \/>\n<meta property=\"og:title\" content=\"La Malle W Trousseau - Toys4Vip\" \/>\n<meta property=\"og:description\" content=\"La Malle W. Trousseau rassemble l\u2019essentiel des ustensiles pour pr\u00e9parer les repas avec plaisir.Des objets con\u00e7us pour servir et non pour s\u00e9duire. Ces objets, nous les avons d\u00e9couverts au fil des ann\u00e9es, ils sont justes et sinc\u00e8res. Bien pens\u00e9s. Bien dessin\u00e9s. Bien fabriqu\u00e9s.Elle regroupe 3 plateaux : \u00ab LA COUPE \u00bb, \u00ab LA CUISSON \u00bb, \u00ab LES CONTENANTS \u00bb.\" \/>\n<meta property=\"og:url\" content=\"https:\/\/www.toys4vip.com\/fr\/luxury-toy\/la-malle-du-cordon-bleu\/50\/\" \/>\n<meta property=\"og:site_name\" content=\"Toys4Vip\" \/>\n<meta property=\"article:modified_time\" content=\"2021-11-18T15:55:12+00:00\" \/>\n<meta property=\"og:image\" content=\"https:\/\/www.toys4vip.com\/app\/uploads\/2021\/11\/main-41.jpg\" \/>\n\t<meta property=\"og:image:width\" content=\"1600\" \/>\n\t<meta property=\"og:image:height\" content=\"1189\" \/>\n<meta name=\"twitter:card\" content=\"summary_large_image\" \/>\n<meta name=\"twitter:label1\" content=\"Dur\u00e9e de lecture est.\" \/>\n\t<meta name=\"twitter:data1\" content=\"1 minute\" \/>\n<script type=\"application\/ld+json\" class=\"yoast-schema-graph\">{\"@context\":\"https:\/\/schema.org\",\"@graph\":[{\"@type\":\"WebSite\",\"@id\":\"https:\/\/www.toys4vip.com\/fr\/#website\",\"url\":\"https:\/\/www.toys4vip.com\/fr\/\",\"name\":\"Toys4Vip\",\"description\":\"Jouets de luxe nouveau concept store\",\"potentialAction\":[{\"@type\":\"SearchAction\",\"target\":{\"@type\":\"EntryPoint\",\"urlTemplate\":\"https:\/\/www.toys4vip.com\/fr\/?s={search_term_string}\"},\"query-input\":\"required name=search_term_string\"}],\"inLanguage\":\"fr-FR\"},{\"@type\":\"ImageObject\",\"@id\":\"https:\/\/www.toys4vip.com\/fr\/luxury-toy\/la-malle-du-cordon-bleu\/50\/#primaryimage\",\"inLanguage\":\"fr-FR\",\"url\":\"https:\/\/www.toys4vip.com\/app\/uploads\/2021\/11\/main-41.jpg\",\"contentUrl\":\"https:\/\/www.toys4vip.com\/app\/uploads\/2021\/11\/main-41.jpg\",\"width\":1600,\"height\":1189},{\"@type\":\"WebPage\",\"@id\":\"https:\/\/www.toys4vip.com\/fr\/luxury-toy\/la-malle-du-cordon-bleu\/50\/#webpage\",\"url\":\"https:\/\/www.toys4vip.com\/fr\/luxury-toy\/la-malle-du-cordon-bleu\/50\/\",\"name\":\"La Malle W Trousseau - Toys4Vip\",\"isPartOf\":{\"@id\":\"https:\/\/www.toys4vip.com\/fr\/#website\"},\"primaryImageOfPage\":{\"@id\":\"https:\/\/www.toys4vip.com\/fr\/luxury-toy\/la-malle-du-cordon-bleu\/50\/#primaryimage\"},\"datePublished\":\"2021-11-02T10:28:40+00:00\",\"dateModified\":\"2021-11-18T15:55:12+00:00\",\"description\":\"La Malle W. Trousseau rassemble l\\u2019essentiel des ustensiles pour pr\\u00e9parer les repas avec plaisir.Des objets con\\u00e7us pour servir et non pour s\\u00e9duire. Ces objets, nous les avons d\\u00e9couverts au fil des ann\\u00e9es, ils sont justes et sinc\\u00e8res. Bien pens\\u00e9s. Bien dessin\\u00e9s. Bien fabriqu\\u00e9s.Elle regroupe 3 plateaux : \\u00ab LA COUPE \\u00bb, \\u00ab LA CUISSON \\u00bb, \\u00ab LES CONTENANTS \\u00bb.\",\"breadcrumb\":{\"@id\":\"https:\/\/www.toys4vip.com\/fr\/luxury-toy\/la-malle-du-cordon-bleu\/50\/#breadcrumb\"},\"inLanguage\":\"fr-FR\",\"potentialAction\":[{\"@type\":\"ReadAction\",\"target\":[\"https:\/\/www.toys4vip.com\/fr\/luxury-toy\/la-malle-du-cordon-bleu\/50\/\"]}]},{\"@type\":\"BreadcrumbList\",\"@id\":\"https:\/\/www.toys4vip.com\/fr\/luxury-toy\/la-malle-du-cordon-bleu\/50\/#breadcrumb\",\"itemListElement\":[{\"@type\":\"ListItem\",\"position\":1,\"name\":\"Home\",\"item\":\"https:\/\/www.toys4vip.com\/fr\/\"},{\"@type\":\"ListItem\",\"position\":2,\"name\":\"Objets \/ Cat\\u00e9gories\",\"item\":\"https:\/\/www.toys4vip.com\/fr\/luxury-toys\/\"},{\"@type\":\"ListItem\",\"position\":3,\"name\":\"La Malle W Trousseau\"}]}]}<\/script>\n<!-- \/ Yoast SEO plugin. -->","yoast_head_json":{"title":"La Malle W Trousseau - Toys4Vip","description":"La Malle W. Trousseau rassemble l\u2019essentiel des ustensiles pour pr\u00e9parer les repas avec plaisir.Des objets con\u00e7us pour servir et non pour s\u00e9duire. Ces objets, nous les avons d\u00e9couverts au fil des ann\u00e9es, ils sont justes et sinc\u00e8res. Bien pens\u00e9s. Bien dessin\u00e9s. Bien fabriqu\u00e9s.Elle regroupe 3 plateaux : \u00ab LA COUPE \u00bb, \u00ab LA CUISSON \u00bb, \u00ab LES CONTENANTS \u00bb.","robots":{"index":"index","follow":"follow","max-snippet":"max-snippet:-1","max-image-preview":"max-image-preview:large","max-video-preview":"max-video-preview:-1"},"canonical":"https:\/\/www.toys4vip.com\/fr\/luxury-toy\/la-malle-du-cordon-bleu\/50\/","og_locale":"fr_FR","og_type":"article","og_title":"La Malle W Trousseau - Toys4Vip","og_description":"La Malle W. Trousseau rassemble l\u2019essentiel des ustensiles pour pr\u00e9parer les repas avec plaisir.Des objets con\u00e7us pour servir et non pour s\u00e9duire. Ces objets, nous les avons d\u00e9couverts au fil des ann\u00e9es, ils sont justes et sinc\u00e8res. Bien pens\u00e9s. Bien dessin\u00e9s. Bien fabriqu\u00e9s.Elle regroupe 3 plateaux : \u00ab LA COUPE \u00bb, \u00ab LA CUISSON \u00bb, \u00ab LES CONTENANTS \u00bb.","og_url":"https:\/\/www.toys4vip.com\/fr\/luxury-toy\/la-malle-du-cordon-bleu\/50\/","og_site_name":"Toys4Vip","article_modified_time":"2021-11-18T15:55:12+00:00","og_image":[{"width":1600,"height":1189,"url":"https:\/\/www.toys4vip.com\/app\/uploads\/2021\/11\/main-41.jpg","type":"image\/jpeg"}],"twitter_card":"summary_large_image","twitter_misc":{"Dur\u00e9e de lecture est.":"1 minute"},"schema":{"@context":"https:\/\/schema.org","@graph":[{"@type":"WebSite","@id":"https:\/\/www.toys4vip.com\/fr\/#website","url":"https:\/\/www.toys4vip.com\/fr\/","name":"Toys4Vip","description":"Jouets de luxe nouveau concept store","potentialAction":[{"@type":"SearchAction","target":{"@type":"EntryPoint","urlTemplate":"https:\/\/www.toys4vip.com\/fr\/?s={search_term_string}"},"query-input":"required name=search_term_string"}],"inLanguage":"fr-FR"},{"@type":"ImageObject","@id":"https:\/\/www.toys4vip.com\/fr\/luxury-toy\/la-malle-du-cordon-bleu\/50\/#primaryimage","inLanguage":"fr-FR","url":"https:\/\/www.toys4vip.com\/app\/uploads\/2021\/11\/main-41.jpg","contentUrl":"https:\/\/www.toys4vip.com\/app\/uploads\/2021\/11\/main-41.jpg","width":1600,"height":1189},{"@type":"WebPage","@id":"https:\/\/www.toys4vip.com\/fr\/luxury-toy\/la-malle-du-cordon-bleu\/50\/#webpage","url":"https:\/\/www.toys4vip.com\/fr\/luxury-toy\/la-malle-du-cordon-bleu\/50\/","name":"La Malle W Trousseau - Toys4Vip","isPartOf":{"@id":"https:\/\/www.toys4vip.com\/fr\/#website"},"primaryImageOfPage":{"@id":"https:\/\/www.toys4vip.com\/fr\/luxury-toy\/la-malle-du-cordon-bleu\/50\/#primaryimage"},"datePublished":"2021-11-02T10:28:40+00:00","dateModified":"2021-11-18T15:55:12+00:00","description":"La Malle W. Trousseau rassemble l\u2019essentiel des ustensiles pour pr\u00e9parer les repas avec plaisir.Des objets con\u00e7us pour servir et non pour s\u00e9duire. Ces objets, nous les avons d\u00e9couverts au fil des ann\u00e9es, ils sont justes et sinc\u00e8res. Bien pens\u00e9s. Bien dessin\u00e9s. Bien fabriqu\u00e9s.Elle regroupe 3 plateaux : \u00ab LA COUPE \u00bb, \u00ab LA CUISSON \u00bb, \u00ab LES CONTENANTS \u00bb.","breadcrumb":{"@id":"https:\/\/www.toys4vip.com\/fr\/luxury-toy\/la-malle-du-cordon-bleu\/50\/#breadcrumb"},"inLanguage":"fr-FR","potentialAction":[{"@type":"ReadAction","target":["https:\/\/www.toys4vip.com\/fr\/luxury-toy\/la-malle-du-cordon-bleu\/50\/"]}]},{"@type":"BreadcrumbList","@id":"https:\/\/www.toys4vip.com\/fr\/luxury-toy\/la-malle-du-cordon-bleu\/50\/#breadcrumb","itemListElement":[{"@type":"ListItem","position":1,"name":"Home","item":"https:\/\/www.toys4vip.com\/fr\/"},{"@type":"ListItem","position":2,"name":"Objets \/ Cat\u00e9gories","item":"https:\/\/www.toys4vip.com\/fr\/luxury-toys\/"},{"@type":"ListItem","position":3,"name":"La Malle W Trousseau"}]}]}},"_links":{"self":[{"href":"https:\/\/www.toys4vip.com\/fr\/wp-json\/wp\/v2\/product\/552"}],"collection":[{"href":"https:\/\/www.toys4vip.com\/fr\/wp-json\/wp\/v2\/product"}],"about":[{"href":"https:\/\/www.toys4vip.com\/fr\/wp-json\/wp\/v2\/types\/product"}],"replies":[{"embeddable":true,"href":"https:\/\/www.toys4vip.com\/fr\/wp-json\/wp\/v2\/comments?post=552"}],"wp:featuredmedia":[{"embeddable":true,"href":"https:\/\/www.toys4vip.com\/fr\/wp-json\/wp\/v2\/media\/550"}],"wp:attachment":[{"href":"https:\/\/www.toys4vip.com\/fr\/wp-json\/wp\/v2\/media?parent=552"}],"wp:term":[{"taxonomy":"product_cat","embeddable":true,"href":"https:\/\/www.toys4vip.com\/fr\/wp-json\/wp\/v2\/product_cat?post=552"},{"taxonomy":"product_tag","embeddable":true,"href":"https:\/\/www.toys4vip.com\/fr\/wp-json\/wp\/v2\/product_tag?post=552"}],"curies":[{"name":"wp","href":"https:\/\/api.w.org\/{rel}","templated":true}]}}