{"id":540,"date":"2021-11-02T10:28:39","date_gmt":"2021-11-02T10:28:39","guid":{"rendered":"https:\/\/toys4vip.com\/produit\/replicator-2\/"},"modified":"2021-11-18T17:14:46","modified_gmt":"2021-11-18T16:14:46","slug":"replicator-2","status":"publish","type":"product","link":"https:\/\/www.toys4vip.com\/fr\/luxury-toy\/replicator-2\/46\/","title":{"rendered":"Replicator 2"},"content":{"rendered":"<p>Face \u00e0 l\u2019essor de l\u2019impression 3D, les industries MakerBot ont fra\u00eechement r\u00e9alis\u00e9 une imprimante tridimensionnelle innovante. L\u2019appareil se distingue par sa rapidit\u00e9 et sa facilit\u00e9 d\u2019utilisation, de quoi permettre \u00e0 un large public de se familiariser avec de telles machines.<\/p>\n<p>Avec la R\u00e9plicator 2, MakerBot compte int\u00e9grer l\u2019utilisation de l\u2019impression 3D dans la vie de tous les jours. Plus performante et plus ergonomique, l\u2019imprimante 3D arbore un design moderne avec un boitier m\u00e9tallique orn\u00e9 de LEDs. Elle peut imprimer des objets d\u2019une dimension de 28,4 x 15,2 x 15,4 cm soit 410 pouces cubes, en volume. Egalement rapide, elle poss\u00e8de une capacit\u00e9 de r\u00e9solution de 100 microns. Pour faciliter davantage son utilisation, la R\u00e9plicator 2 s\u2019accompagne d\u2019une application d\u00e9nomm\u00e9e MakerWare. C\u2019est un logiciel de contr\u00f4le visant \u00e0 simplifier le processus d\u2019impression lors des cr\u00e9ations.<\/p>\n","protected":false},"excerpt":{"rendered":"<p>Face \u00e0 l\u2019essor de l\u2019impression 3D, les industries MakerBot ont fra\u00eechement r\u00e9alis\u00e9 une imprimante tridimensionnelle innovante. L\u2019appareil se distingue par sa rapidit\u00e9 et sa facilit\u00e9 d\u2019utilisation, de quoi permettre \u00e0 un large public de se familiariser avec de telles machines. Avec la R\u00e9plicator 2, MakerBot compte int\u00e9grer l\u2019utilisation de l\u2019impression 3D dans la vie de [&hellip;]<\/p>\n","protected":false},"featured_media":538,"comment_status":"open","ping_status":"closed","template":"","meta":[],"product_cat":[42],"product_tag":[],"yoast_head":"<!-- This site is optimized with the Yoast SEO plugin v17.4 - https:\/\/yoast.com\/wordpress\/plugins\/seo\/ -->\n<title>Replicator 2 - Toys4Vip<\/title>\n<meta name=\"robots\" content=\"index, follow, max-snippet:-1, max-image-preview:large, max-video-preview:-1\" \/>\n<link rel=\"canonical\" href=\"https:\/\/www.toys4vip.com\/fr\/luxury-toy\/replicator-2\/46\/\" \/>\n<meta property=\"og:locale\" content=\"fr_FR\" \/>\n<meta property=\"og:type\" content=\"article\" \/>\n<meta property=\"og:title\" content=\"Replicator 2 - Toys4Vip\" \/>\n<meta property=\"og:description\" content=\"Face \u00e0 l\u2019essor de l\u2019impression 3D, les industries MakerBot ont fra\u00eechement r\u00e9alis\u00e9 une imprimante tridimensionnelle innovante. L\u2019appareil se distingue par sa rapidit\u00e9 et sa facilit\u00e9 d\u2019utilisation, de quoi permettre \u00e0 un large public de se familiariser avec de telles machines. Avec la R\u00e9plicator 2, MakerBot compte int\u00e9grer l\u2019utilisation de l\u2019impression 3D dans la vie de [&hellip;]\" \/>\n<meta property=\"og:url\" content=\"https:\/\/www.toys4vip.com\/fr\/luxury-toy\/replicator-2\/46\/\" \/>\n<meta property=\"og:site_name\" content=\"Toys4Vip\" \/>\n<meta property=\"article:modified_time\" content=\"2021-11-18T16:14:46+00:00\" \/>\n<meta property=\"og:image\" content=\"https:\/\/www.toys4vip.com\/app\/uploads\/2021\/11\/main-37.jpg\" \/>\n\t<meta property=\"og:image:width\" content=\"1385\" \/>\n\t<meta property=\"og:image:height\" content=\"1031\" \/>\n<meta name=\"twitter:card\" content=\"summary_large_image\" \/>\n<meta name=\"twitter:label1\" content=\"Dur\u00e9e de lecture est.\" \/>\n\t<meta name=\"twitter:data1\" content=\"1 minute\" \/>\n<script type=\"application\/ld+json\" class=\"yoast-schema-graph\">{\"@context\":\"https:\/\/schema.org\",\"@graph\":[{\"@type\":\"WebSite\",\"@id\":\"https:\/\/www.toys4vip.com\/fr\/#website\",\"url\":\"https:\/\/www.toys4vip.com\/fr\/\",\"name\":\"Toys4Vip\",\"description\":\"Jouets de luxe nouveau concept store\",\"potentialAction\":[{\"@type\":\"SearchAction\",\"target\":{\"@type\":\"EntryPoint\",\"urlTemplate\":\"https:\/\/www.toys4vip.com\/fr\/?s={search_term_string}\"},\"query-input\":\"required name=search_term_string\"}],\"inLanguage\":\"fr-FR\"},{\"@type\":\"ImageObject\",\"@id\":\"https:\/\/www.toys4vip.com\/fr\/luxury-toy\/replicator-2\/46\/#primaryimage\",\"inLanguage\":\"fr-FR\",\"url\":\"https:\/\/www.toys4vip.com\/app\/uploads\/2021\/11\/main-37.jpg\",\"contentUrl\":\"https:\/\/www.toys4vip.com\/app\/uploads\/2021\/11\/main-37.jpg\",\"width\":1385,\"height\":1031},{\"@type\":\"WebPage\",\"@id\":\"https:\/\/www.toys4vip.com\/fr\/luxury-toy\/replicator-2\/46\/#webpage\",\"url\":\"https:\/\/www.toys4vip.com\/fr\/luxury-toy\/replicator-2\/46\/\",\"name\":\"Replicator 2 - Toys4Vip\",\"isPartOf\":{\"@id\":\"https:\/\/www.toys4vip.com\/fr\/#website\"},\"primaryImageOfPage\":{\"@id\":\"https:\/\/www.toys4vip.com\/fr\/luxury-toy\/replicator-2\/46\/#primaryimage\"},\"datePublished\":\"2021-11-02T10:28:39+00:00\",\"dateModified\":\"2021-11-18T16:14:46+00:00\",\"breadcrumb\":{\"@id\":\"https:\/\/www.toys4vip.com\/fr\/luxury-toy\/replicator-2\/46\/#breadcrumb\"},\"inLanguage\":\"fr-FR\",\"potentialAction\":[{\"@type\":\"ReadAction\",\"target\":[\"https:\/\/www.toys4vip.com\/fr\/luxury-toy\/replicator-2\/46\/\"]}]},{\"@type\":\"BreadcrumbList\",\"@id\":\"https:\/\/www.toys4vip.com\/fr\/luxury-toy\/replicator-2\/46\/#breadcrumb\",\"itemListElement\":[{\"@type\":\"ListItem\",\"position\":1,\"name\":\"Home\",\"item\":\"https:\/\/www.toys4vip.com\/fr\/\"},{\"@type\":\"ListItem\",\"position\":2,\"name\":\"Objets \/ Cat\\u00e9gories\",\"item\":\"https:\/\/www.toys4vip.com\/fr\/luxury-toys\/\"},{\"@type\":\"ListItem\",\"position\":3,\"name\":\"Replicator 2\"}]}]}<\/script>\n<!-- \/ Yoast SEO plugin. -->","yoast_head_json":{"title":"Replicator 2 - Toys4Vip","robots":{"index":"index","follow":"follow","max-snippet":"max-snippet:-1","max-image-preview":"max-image-preview:large","max-video-preview":"max-video-preview:-1"},"canonical":"https:\/\/www.toys4vip.com\/fr\/luxury-toy\/replicator-2\/46\/","og_locale":"fr_FR","og_type":"article","og_title":"Replicator 2 - Toys4Vip","og_description":"Face \u00e0 l\u2019essor de l\u2019impression 3D, les industries MakerBot ont fra\u00eechement r\u00e9alis\u00e9 une imprimante tridimensionnelle innovante. L\u2019appareil se distingue par sa rapidit\u00e9 et sa facilit\u00e9 d\u2019utilisation, de quoi permettre \u00e0 un large public de se familiariser avec de telles machines. Avec la R\u00e9plicator 2, MakerBot compte int\u00e9grer l\u2019utilisation de l\u2019impression 3D dans la vie de [&hellip;]","og_url":"https:\/\/www.toys4vip.com\/fr\/luxury-toy\/replicator-2\/46\/","og_site_name":"Toys4Vip","article_modified_time":"2021-11-18T16:14:46+00:00","og_image":[{"width":1385,"height":1031,"url":"https:\/\/www.toys4vip.com\/app\/uploads\/2021\/11\/main-37.jpg","type":"image\/jpeg"}],"twitter_card":"summary_large_image","twitter_misc":{"Dur\u00e9e de lecture est.":"1 minute"},"schema":{"@context":"https:\/\/schema.org","@graph":[{"@type":"WebSite","@id":"https:\/\/www.toys4vip.com\/fr\/#website","url":"https:\/\/www.toys4vip.com\/fr\/","name":"Toys4Vip","description":"Jouets de luxe nouveau concept store","potentialAction":[{"@type":"SearchAction","target":{"@type":"EntryPoint","urlTemplate":"https:\/\/www.toys4vip.com\/fr\/?s={search_term_string}"},"query-input":"required name=search_term_string"}],"inLanguage":"fr-FR"},{"@type":"ImageObject","@id":"https:\/\/www.toys4vip.com\/fr\/luxury-toy\/replicator-2\/46\/#primaryimage","inLanguage":"fr-FR","url":"https:\/\/www.toys4vip.com\/app\/uploads\/2021\/11\/main-37.jpg","contentUrl":"https:\/\/www.toys4vip.com\/app\/uploads\/2021\/11\/main-37.jpg","width":1385,"height":1031},{"@type":"WebPage","@id":"https:\/\/www.toys4vip.com\/fr\/luxury-toy\/replicator-2\/46\/#webpage","url":"https:\/\/www.toys4vip.com\/fr\/luxury-toy\/replicator-2\/46\/","name":"Replicator 2 - Toys4Vip","isPartOf":{"@id":"https:\/\/www.toys4vip.com\/fr\/#website"},"primaryImageOfPage":{"@id":"https:\/\/www.toys4vip.com\/fr\/luxury-toy\/replicator-2\/46\/#primaryimage"},"datePublished":"2021-11-02T10:28:39+00:00","dateModified":"2021-11-18T16:14:46+00:00","breadcrumb":{"@id":"https:\/\/www.toys4vip.com\/fr\/luxury-toy\/replicator-2\/46\/#breadcrumb"},"inLanguage":"fr-FR","potentialAction":[{"@type":"ReadAction","target":["https:\/\/www.toys4vip.com\/fr\/luxury-toy\/replicator-2\/46\/"]}]},{"@type":"BreadcrumbList","@id":"https:\/\/www.toys4vip.com\/fr\/luxury-toy\/replicator-2\/46\/#breadcrumb","itemListElement":[{"@type":"ListItem","position":1,"name":"Home","item":"https:\/\/www.toys4vip.com\/fr\/"},{"@type":"ListItem","position":2,"name":"Objets \/ Cat\u00e9gories","item":"https:\/\/www.toys4vip.com\/fr\/luxury-toys\/"},{"@type":"ListItem","position":3,"name":"Replicator 2"}]}]}},"_links":{"self":[{"href":"https:\/\/www.toys4vip.com\/fr\/wp-json\/wp\/v2\/product\/540"}],"collection":[{"href":"https:\/\/www.toys4vip.com\/fr\/wp-json\/wp\/v2\/product"}],"about":[{"href":"https:\/\/www.toys4vip.com\/fr\/wp-json\/wp\/v2\/types\/product"}],"replies":[{"embeddable":true,"href":"https:\/\/www.toys4vip.com\/fr\/wp-json\/wp\/v2\/comments?post=540"}],"wp:featuredmedia":[{"embeddable":true,"href":"https:\/\/www.toys4vip.com\/fr\/wp-json\/wp\/v2\/media\/538"}],"wp:attachment":[{"href":"https:\/\/www.toys4vip.com\/fr\/wp-json\/wp\/v2\/media?parent=540"}],"wp:term":[{"taxonomy":"product_cat","embeddable":true,"href":"https:\/\/www.toys4vip.com\/fr\/wp-json\/wp\/v2\/product_cat?post=540"},{"taxonomy":"product_tag","embeddable":true,"href":"https:\/\/www.toys4vip.com\/fr\/wp-json\/wp\/v2\/product_tag?post=540"}],"curies":[{"name":"wp","href":"https:\/\/api.w.org\/{rel}","templated":true}]}}