{"id":537,"date":"2021-11-02T10:28:38","date_gmt":"2021-11-02T10:28:38","guid":{"rendered":"https:\/\/toys4vip.com\/produit\/nom-de-code-rr-226\/"},"modified":"2021-12-07T10:38:37","modified_gmt":"2021-12-07T09:38:37","slug":"nom-de-code-rr-226","status":"publish","type":"product","link":"https:\/\/www.toys4vip.com\/fr\/luxury-toy\/nom-de-code-rr-226\/45\/","title":{"rendered":"RR 226"},"content":{"rendered":"<p>Ce syst\u00e8me hi-fi tr\u00e8s haut de gamme combine le design originel de la version sortie en 1965 (sign\u00e9 Achille et Pier Giacomo Castiglioni) aux technologies d&rsquo;aujourd&rsquo;hui. Il s&rsquo;agit de la version r\u00e9actualis\u00e9e du mod\u00e8le de 1965 le RR126<\/p>\n<p>Syst\u00e8me Hifi tr\u00e8s haut de gamme combinant le design de la version sortie en 1965 aux technologies d&rsquo;aujourd&rsquo;hui<\/p>\n<p>Platine LP Pro-Ject, lecteur CD, Tuner FM\/AM programmable, paire d&rsquo;enceintes 2x30W<\/p>\n<p>Meuble r\u00e9alis\u00e9 en bois MDF, laqu\u00e9 et poli \u00e0 la main. Coloris blanc et inserts couleur tabac<\/p>\n<p>Panneau de commande : touches en aluminium (8 touches ) manettes en aluminium (5+2), Vu m\u00e8tres et indicateurs de syntonisation. 61 x 28 x 36.5 cm (meuble central) 30.5 x 28 x 36.5 cm (enceintes) 59.5 x 38 x 34 cm (socle) Poids : 40.5 kg<\/p>\n","protected":false},"excerpt":{"rendered":"<p>Ce syst\u00e8me hi-fi tr\u00e8s haut de gamme combine le design originel de la version sortie en 1965 (sign\u00e9 Achille et Pier Giacomo Castiglioni) aux technologies d&rsquo;aujourd&rsquo;hui. Il s&rsquo;agit de la version r\u00e9actualis\u00e9e du mod\u00e8le de 1965 le RR126 Syst\u00e8me Hifi tr\u00e8s haut de gamme combinant le design de la version sortie en 1965 aux technologies [&hellip;]<\/p>\n","protected":false},"featured_media":535,"comment_status":"open","ping_status":"closed","template":"","meta":[],"product_cat":[33],"product_tag":[],"yoast_head":"<!-- This site is optimized with the Yoast SEO plugin v17.4 - https:\/\/yoast.com\/wordpress\/plugins\/seo\/ -->\n<title>RR 226 - Toys4Vip<\/title>\n<meta name=\"description\" content=\"Ce syst\u00e8me hi-fi tr\u00e8s haut de gamme combine le design originel de la version sortie en 1965 (sign\u00e9 Achille et Pier Giacomo Castiglioni) aux technologies d&#039;aujourd&#039;hui. Il s&#039;agit de la version r\u00e9actualis\u00e9e du mod\u00e8le de 1965 le RR126Syst\u00e8me Hifi tr\u00e8s haut de gamme combinant le design de la version sortie en 1965 aux technologies d&#039;aujourd&#039;huiPlatine LP Pro-Ject, lecteur CD, Tuner FM\/AM programmable, paire d&#039;enceintes 2x30W\" \/>\n<meta name=\"robots\" content=\"index, follow, max-snippet:-1, max-image-preview:large, max-video-preview:-1\" \/>\n<link rel=\"canonical\" href=\"https:\/\/www.toys4vip.com\/fr\/luxury-toy\/nom-de-code-rr-226\/45\/\" \/>\n<meta property=\"og:locale\" content=\"fr_FR\" \/>\n<meta property=\"og:type\" content=\"article\" \/>\n<meta property=\"og:title\" content=\"RR 226 - Toys4Vip\" \/>\n<meta property=\"og:description\" content=\"Ce syst\u00e8me hi-fi tr\u00e8s haut de gamme combine le design originel de la version sortie en 1965 (sign\u00e9 Achille et Pier Giacomo Castiglioni) aux technologies d&#039;aujourd&#039;hui. Il s&#039;agit de la version r\u00e9actualis\u00e9e du mod\u00e8le de 1965 le RR126Syst\u00e8me Hifi tr\u00e8s haut de gamme combinant le design de la version sortie en 1965 aux technologies d&#039;aujourd&#039;huiPlatine LP Pro-Ject, lecteur CD, Tuner FM\/AM programmable, paire d&#039;enceintes 2x30W\" \/>\n<meta property=\"og:url\" content=\"https:\/\/www.toys4vip.com\/fr\/luxury-toy\/nom-de-code-rr-226\/45\/\" \/>\n<meta property=\"og:site_name\" content=\"Toys4Vip\" \/>\n<meta property=\"article:modified_time\" content=\"2021-12-07T09:38:37+00:00\" \/>\n<meta property=\"og:image\" content=\"https:\/\/www.toys4vip.com\/app\/uploads\/2021\/11\/main-36.jpg\" \/>\n\t<meta property=\"og:image:width\" content=\"657\" \/>\n\t<meta property=\"og:image:height\" content=\"460\" \/>\n<meta name=\"twitter:card\" content=\"summary_large_image\" \/>\n<meta name=\"twitter:label1\" content=\"Dur\u00e9e de lecture est.\" \/>\n\t<meta name=\"twitter:data1\" content=\"1 minute\" \/>\n<script type=\"application\/ld+json\" class=\"yoast-schema-graph\">{\"@context\":\"https:\/\/schema.org\",\"@graph\":[{\"@type\":\"WebSite\",\"@id\":\"https:\/\/www.toys4vip.com\/fr\/#website\",\"url\":\"https:\/\/www.toys4vip.com\/fr\/\",\"name\":\"Toys4Vip\",\"description\":\"Jouets de luxe nouveau concept store\",\"potentialAction\":[{\"@type\":\"SearchAction\",\"target\":{\"@type\":\"EntryPoint\",\"urlTemplate\":\"https:\/\/www.toys4vip.com\/fr\/?s={search_term_string}\"},\"query-input\":\"required name=search_term_string\"}],\"inLanguage\":\"fr-FR\"},{\"@type\":\"ImageObject\",\"@id\":\"https:\/\/www.toys4vip.com\/fr\/luxury-toy\/nom-de-code-rr-226\/45\/#primaryimage\",\"inLanguage\":\"fr-FR\",\"url\":\"https:\/\/www.toys4vip.com\/app\/uploads\/2021\/11\/main-36.jpg\",\"contentUrl\":\"https:\/\/www.toys4vip.com\/app\/uploads\/2021\/11\/main-36.jpg\",\"width\":657,\"height\":460},{\"@type\":\"WebPage\",\"@id\":\"https:\/\/www.toys4vip.com\/fr\/luxury-toy\/nom-de-code-rr-226\/45\/#webpage\",\"url\":\"https:\/\/www.toys4vip.com\/fr\/luxury-toy\/nom-de-code-rr-226\/45\/\",\"name\":\"RR 226 - Toys4Vip\",\"isPartOf\":{\"@id\":\"https:\/\/www.toys4vip.com\/fr\/#website\"},\"primaryImageOfPage\":{\"@id\":\"https:\/\/www.toys4vip.com\/fr\/luxury-toy\/nom-de-code-rr-226\/45\/#primaryimage\"},\"datePublished\":\"2021-11-02T10:28:38+00:00\",\"dateModified\":\"2021-12-07T09:38:37+00:00\",\"description\":\"Ce syst\\u00e8me hi-fi tr\\u00e8s haut de gamme combine le design originel de la version sortie en 1965 (sign\\u00e9 Achille et Pier Giacomo Castiglioni) aux technologies d'aujourd'hui. Il s'agit de la version r\\u00e9actualis\\u00e9e du mod\\u00e8le de 1965 le RR126Syst\\u00e8me Hifi tr\\u00e8s haut de gamme combinant le design de la version sortie en 1965 aux technologies d'aujourd'huiPlatine LP Pro-Ject, lecteur CD, Tuner FM\/AM programmable, paire d'enceintes 2x30W\",\"breadcrumb\":{\"@id\":\"https:\/\/www.toys4vip.com\/fr\/luxury-toy\/nom-de-code-rr-226\/45\/#breadcrumb\"},\"inLanguage\":\"fr-FR\",\"potentialAction\":[{\"@type\":\"ReadAction\",\"target\":[\"https:\/\/www.toys4vip.com\/fr\/luxury-toy\/nom-de-code-rr-226\/45\/\"]}]},{\"@type\":\"BreadcrumbList\",\"@id\":\"https:\/\/www.toys4vip.com\/fr\/luxury-toy\/nom-de-code-rr-226\/45\/#breadcrumb\",\"itemListElement\":[{\"@type\":\"ListItem\",\"position\":1,\"name\":\"Home\",\"item\":\"https:\/\/www.toys4vip.com\/fr\/\"},{\"@type\":\"ListItem\",\"position\":2,\"name\":\"Objets \/ Cat\\u00e9gories\",\"item\":\"https:\/\/www.toys4vip.com\/fr\/luxury-toys\/\"},{\"@type\":\"ListItem\",\"position\":3,\"name\":\"RR 226\"}]}]}<\/script>\n<!-- \/ Yoast SEO plugin. -->","yoast_head_json":{"title":"RR 226 - Toys4Vip","description":"Ce syst\u00e8me hi-fi tr\u00e8s haut de gamme combine le design originel de la version sortie en 1965 (sign\u00e9 Achille et Pier Giacomo Castiglioni) aux technologies d'aujourd'hui. Il s'agit de la version r\u00e9actualis\u00e9e du mod\u00e8le de 1965 le RR126Syst\u00e8me Hifi tr\u00e8s haut de gamme combinant le design de la version sortie en 1965 aux technologies d'aujourd'huiPlatine LP Pro-Ject, lecteur CD, Tuner FM\/AM programmable, paire d'enceintes 2x30W","robots":{"index":"index","follow":"follow","max-snippet":"max-snippet:-1","max-image-preview":"max-image-preview:large","max-video-preview":"max-video-preview:-1"},"canonical":"https:\/\/www.toys4vip.com\/fr\/luxury-toy\/nom-de-code-rr-226\/45\/","og_locale":"fr_FR","og_type":"article","og_title":"RR 226 - Toys4Vip","og_description":"Ce syst\u00e8me hi-fi tr\u00e8s haut de gamme combine le design originel de la version sortie en 1965 (sign\u00e9 Achille et Pier Giacomo Castiglioni) aux technologies d'aujourd'hui. Il s'agit de la version r\u00e9actualis\u00e9e du mod\u00e8le de 1965 le RR126Syst\u00e8me Hifi tr\u00e8s haut de gamme combinant le design de la version sortie en 1965 aux technologies d'aujourd'huiPlatine LP Pro-Ject, lecteur CD, Tuner FM\/AM programmable, paire d'enceintes 2x30W","og_url":"https:\/\/www.toys4vip.com\/fr\/luxury-toy\/nom-de-code-rr-226\/45\/","og_site_name":"Toys4Vip","article_modified_time":"2021-12-07T09:38:37+00:00","og_image":[{"width":657,"height":460,"url":"https:\/\/www.toys4vip.com\/app\/uploads\/2021\/11\/main-36.jpg","type":"image\/jpeg"}],"twitter_card":"summary_large_image","twitter_misc":{"Dur\u00e9e de lecture est.":"1 minute"},"schema":{"@context":"https:\/\/schema.org","@graph":[{"@type":"WebSite","@id":"https:\/\/www.toys4vip.com\/fr\/#website","url":"https:\/\/www.toys4vip.com\/fr\/","name":"Toys4Vip","description":"Jouets de luxe nouveau concept store","potentialAction":[{"@type":"SearchAction","target":{"@type":"EntryPoint","urlTemplate":"https:\/\/www.toys4vip.com\/fr\/?s={search_term_string}"},"query-input":"required name=search_term_string"}],"inLanguage":"fr-FR"},{"@type":"ImageObject","@id":"https:\/\/www.toys4vip.com\/fr\/luxury-toy\/nom-de-code-rr-226\/45\/#primaryimage","inLanguage":"fr-FR","url":"https:\/\/www.toys4vip.com\/app\/uploads\/2021\/11\/main-36.jpg","contentUrl":"https:\/\/www.toys4vip.com\/app\/uploads\/2021\/11\/main-36.jpg","width":657,"height":460},{"@type":"WebPage","@id":"https:\/\/www.toys4vip.com\/fr\/luxury-toy\/nom-de-code-rr-226\/45\/#webpage","url":"https:\/\/www.toys4vip.com\/fr\/luxury-toy\/nom-de-code-rr-226\/45\/","name":"RR 226 - Toys4Vip","isPartOf":{"@id":"https:\/\/www.toys4vip.com\/fr\/#website"},"primaryImageOfPage":{"@id":"https:\/\/www.toys4vip.com\/fr\/luxury-toy\/nom-de-code-rr-226\/45\/#primaryimage"},"datePublished":"2021-11-02T10:28:38+00:00","dateModified":"2021-12-07T09:38:37+00:00","description":"Ce syst\u00e8me hi-fi tr\u00e8s haut de gamme combine le design originel de la version sortie en 1965 (sign\u00e9 Achille et Pier Giacomo Castiglioni) aux technologies d'aujourd'hui. Il s'agit de la version r\u00e9actualis\u00e9e du mod\u00e8le de 1965 le RR126Syst\u00e8me Hifi tr\u00e8s haut de gamme combinant le design de la version sortie en 1965 aux technologies d'aujourd'huiPlatine LP Pro-Ject, lecteur CD, Tuner FM\/AM programmable, paire d'enceintes 2x30W","breadcrumb":{"@id":"https:\/\/www.toys4vip.com\/fr\/luxury-toy\/nom-de-code-rr-226\/45\/#breadcrumb"},"inLanguage":"fr-FR","potentialAction":[{"@type":"ReadAction","target":["https:\/\/www.toys4vip.com\/fr\/luxury-toy\/nom-de-code-rr-226\/45\/"]}]},{"@type":"BreadcrumbList","@id":"https:\/\/www.toys4vip.com\/fr\/luxury-toy\/nom-de-code-rr-226\/45\/#breadcrumb","itemListElement":[{"@type":"ListItem","position":1,"name":"Home","item":"https:\/\/www.toys4vip.com\/fr\/"},{"@type":"ListItem","position":2,"name":"Objets \/ Cat\u00e9gories","item":"https:\/\/www.toys4vip.com\/fr\/luxury-toys\/"},{"@type":"ListItem","position":3,"name":"RR 226"}]}]}},"_links":{"self":[{"href":"https:\/\/www.toys4vip.com\/fr\/wp-json\/wp\/v2\/product\/537"}],"collection":[{"href":"https:\/\/www.toys4vip.com\/fr\/wp-json\/wp\/v2\/product"}],"about":[{"href":"https:\/\/www.toys4vip.com\/fr\/wp-json\/wp\/v2\/types\/product"}],"replies":[{"embeddable":true,"href":"https:\/\/www.toys4vip.com\/fr\/wp-json\/wp\/v2\/comments?post=537"}],"wp:featuredmedia":[{"embeddable":true,"href":"https:\/\/www.toys4vip.com\/fr\/wp-json\/wp\/v2\/media\/535"}],"wp:attachment":[{"href":"https:\/\/www.toys4vip.com\/fr\/wp-json\/wp\/v2\/media?parent=537"}],"wp:term":[{"taxonomy":"product_cat","embeddable":true,"href":"https:\/\/www.toys4vip.com\/fr\/wp-json\/wp\/v2\/product_cat?post=537"},{"taxonomy":"product_tag","embeddable":true,"href":"https:\/\/www.toys4vip.com\/fr\/wp-json\/wp\/v2\/product_tag?post=537"}],"curies":[{"name":"wp","href":"https:\/\/api.w.org\/{rel}","templated":true}]}}