{"id":531,"date":"2021-11-02T10:28:38","date_gmt":"2021-11-02T10:28:38","guid":{"rendered":"https:\/\/toys4vip.com\/produit\/salle-de-cinema-privee\/"},"modified":"2021-11-15T15:13:16","modified_gmt":"2021-11-15T15:13:16","slug":"salle-de-cinema-privee","status":"publish","type":"product","link":"https:\/\/www.toys4vip.com\/fr\/luxury-toy\/salle-de-cinema-privee\/42\/","title":{"rendered":"Salle de cin\u00e9ma prive\u00e9"},"content":{"rendered":"<p>VOTRE CINEMA est sp\u00e9cialis\u00e9 dans la conception et r\u00e9alisation de Salles de Cin\u00e9ma Priv\u00e9es, tr\u00e8s loin des standards du home cin\u00e9ma traditionnel.<\/p>\n<p>Demandez nous les informations et mise en relation avec un sp\u00e9cialiste de la conception et r\u00e9alisation des salles de cin\u00e9mas priv\u00e9es.<br \/>\nPlus de 80 installations depuis plus 2002.. un sp\u00e9cialiste \u00e0 votre service.<\/p>\n<p>Une prestation haut de gamme et une finition in\u00e9galable. Des salles sur mesure livr\u00e9e cl\u00e9 en main.<\/p>\n","protected":false},"excerpt":{"rendered":"<p>VOTRE CINEMA est sp\u00e9cialis\u00e9 dans la conception et r\u00e9alisation de Salles de Cin\u00e9ma Priv\u00e9es, tr\u00e8s loin des standards du home cin\u00e9ma traditionnel. Demandez nous les informations et mise en relation avec un sp\u00e9cialiste de la conception et r\u00e9alisation des salles de cin\u00e9mas priv\u00e9es. Plus de 80 installations depuis plus 2002.. un sp\u00e9cialiste \u00e0 votre service. [&hellip;]<\/p>\n","protected":false},"featured_media":529,"comment_status":"open","ping_status":"closed","template":"","meta":[],"product_cat":[31],"product_tag":[],"yoast_head":"<!-- This site is optimized with the Yoast SEO plugin v17.4 - https:\/\/yoast.com\/wordpress\/plugins\/seo\/ -->\n<title>Salle de cin\u00e9ma prive\u00e9 - Toys4Vip<\/title>\n<meta name=\"description\" content=\"VOTRE CINEMA est sp\u00e9cialis\u00e9 dans la conception et r\u00e9alisation de Salles de Cin\u00e9ma Priv\u00e9es, tr\u00e8s loin des standards du home cin\u00e9ma traditionnel.Demandez nous les informations et mise en relation avec un sp\u00e9cialiste de la conception et r\u00e9alisation des salles de cin\u00e9mas priv\u00e9es.Plus de 80 installations depuis plus 2002.. un sp\u00e9cialiste \u00e0 votre service.Une prestation haut de gamme et une finition in\u00e9galable. Des salles sur mesure livr\u00e9e cl\u00e9 en main.\" \/>\n<meta name=\"robots\" content=\"index, follow, max-snippet:-1, max-image-preview:large, max-video-preview:-1\" \/>\n<link rel=\"canonical\" href=\"https:\/\/www.toys4vip.com\/fr\/luxury-toy\/salle-de-cinema-privee\/42\/\" \/>\n<meta property=\"og:locale\" content=\"fr_FR\" \/>\n<meta property=\"og:type\" content=\"article\" \/>\n<meta property=\"og:title\" content=\"Salle de cin\u00e9ma prive\u00e9 - Toys4Vip\" \/>\n<meta property=\"og:description\" content=\"VOTRE CINEMA est sp\u00e9cialis\u00e9 dans la conception et r\u00e9alisation de Salles de Cin\u00e9ma Priv\u00e9es, tr\u00e8s loin des standards du home cin\u00e9ma traditionnel.Demandez nous les informations et mise en relation avec un sp\u00e9cialiste de la conception et r\u00e9alisation des salles de cin\u00e9mas priv\u00e9es.Plus de 80 installations depuis plus 2002.. un sp\u00e9cialiste \u00e0 votre service.Une prestation haut de gamme et une finition in\u00e9galable. Des salles sur mesure livr\u00e9e cl\u00e9 en main.\" \/>\n<meta property=\"og:url\" content=\"https:\/\/www.toys4vip.com\/fr\/luxury-toy\/salle-de-cinema-privee\/42\/\" \/>\n<meta property=\"og:site_name\" content=\"Toys4Vip\" \/>\n<meta property=\"article:modified_time\" content=\"2021-11-15T15:13:16+00:00\" \/>\n<meta property=\"og:image\" content=\"https:\/\/www.toys4vip.com\/app\/uploads\/2021\/11\/main-34-scaled.jpg\" \/>\n\t<meta property=\"og:image:width\" content=\"2560\" \/>\n\t<meta property=\"og:image:height\" content=\"1211\" \/>\n<meta name=\"twitter:card\" content=\"summary_large_image\" \/>\n<script type=\"application\/ld+json\" class=\"yoast-schema-graph\">{\"@context\":\"https:\/\/schema.org\",\"@graph\":[{\"@type\":\"WebSite\",\"@id\":\"https:\/\/www.toys4vip.com\/fr\/#website\",\"url\":\"https:\/\/www.toys4vip.com\/fr\/\",\"name\":\"Toys4Vip\",\"description\":\"Jouets de luxe nouveau concept store\",\"potentialAction\":[{\"@type\":\"SearchAction\",\"target\":{\"@type\":\"EntryPoint\",\"urlTemplate\":\"https:\/\/www.toys4vip.com\/fr\/?s={search_term_string}\"},\"query-input\":\"required name=search_term_string\"}],\"inLanguage\":\"fr-FR\"},{\"@type\":\"ImageObject\",\"@id\":\"https:\/\/www.toys4vip.com\/fr\/luxury-toy\/salle-de-cinema-privee\/42\/#primaryimage\",\"inLanguage\":\"fr-FR\",\"url\":\"https:\/\/www.toys4vip.com\/app\/uploads\/2021\/11\/main-34-scaled.jpg\",\"contentUrl\":\"https:\/\/www.toys4vip.com\/app\/uploads\/2021\/11\/main-34-scaled.jpg\",\"width\":2560,\"height\":1211},{\"@type\":\"WebPage\",\"@id\":\"https:\/\/www.toys4vip.com\/fr\/luxury-toy\/salle-de-cinema-privee\/42\/#webpage\",\"url\":\"https:\/\/www.toys4vip.com\/fr\/luxury-toy\/salle-de-cinema-privee\/42\/\",\"name\":\"Salle de cin\\u00e9ma prive\\u00e9 - Toys4Vip\",\"isPartOf\":{\"@id\":\"https:\/\/www.toys4vip.com\/fr\/#website\"},\"primaryImageOfPage\":{\"@id\":\"https:\/\/www.toys4vip.com\/fr\/luxury-toy\/salle-de-cinema-privee\/42\/#primaryimage\"},\"datePublished\":\"2021-11-02T10:28:38+00:00\",\"dateModified\":\"2021-11-15T15:13:16+00:00\",\"description\":\"VOTRE CINEMA est sp\\u00e9cialis\\u00e9 dans la conception et r\\u00e9alisation de Salles de Cin\\u00e9ma Priv\\u00e9es, tr\\u00e8s loin des standards du home cin\\u00e9ma traditionnel.Demandez nous les informations et mise en relation avec un sp\\u00e9cialiste de la conception et r\\u00e9alisation des salles de cin\\u00e9mas priv\\u00e9es.Plus de 80 installations depuis plus 2002.. un sp\\u00e9cialiste \\u00e0 votre service.Une prestation haut de gamme et une finition in\\u00e9galable. Des salles sur mesure livr\\u00e9e cl\\u00e9 en main.\",\"breadcrumb\":{\"@id\":\"https:\/\/www.toys4vip.com\/fr\/luxury-toy\/salle-de-cinema-privee\/42\/#breadcrumb\"},\"inLanguage\":\"fr-FR\",\"potentialAction\":[{\"@type\":\"ReadAction\",\"target\":[\"https:\/\/www.toys4vip.com\/fr\/luxury-toy\/salle-de-cinema-privee\/42\/\"]}]},{\"@type\":\"BreadcrumbList\",\"@id\":\"https:\/\/www.toys4vip.com\/fr\/luxury-toy\/salle-de-cinema-privee\/42\/#breadcrumb\",\"itemListElement\":[{\"@type\":\"ListItem\",\"position\":1,\"name\":\"Home\",\"item\":\"https:\/\/www.toys4vip.com\/fr\/\"},{\"@type\":\"ListItem\",\"position\":2,\"name\":\"Objets \/ Cat\\u00e9gories\",\"item\":\"https:\/\/www.toys4vip.com\/fr\/luxury-toys\/\"},{\"@type\":\"ListItem\",\"position\":3,\"name\":\"Salle de cin\\u00e9ma prive\\u00e9\"}]}]}<\/script>\n<!-- \/ Yoast SEO plugin. -->","yoast_head_json":{"title":"Salle de cin\u00e9ma prive\u00e9 - Toys4Vip","description":"VOTRE CINEMA est sp\u00e9cialis\u00e9 dans la conception et r\u00e9alisation de Salles de Cin\u00e9ma Priv\u00e9es, tr\u00e8s loin des standards du home cin\u00e9ma traditionnel.Demandez nous les informations et mise en relation avec un sp\u00e9cialiste de la conception et r\u00e9alisation des salles de cin\u00e9mas priv\u00e9es.Plus de 80 installations depuis plus 2002.. un sp\u00e9cialiste \u00e0 votre service.Une prestation haut de gamme et une finition in\u00e9galable. Des salles sur mesure livr\u00e9e cl\u00e9 en main.","robots":{"index":"index","follow":"follow","max-snippet":"max-snippet:-1","max-image-preview":"max-image-preview:large","max-video-preview":"max-video-preview:-1"},"canonical":"https:\/\/www.toys4vip.com\/fr\/luxury-toy\/salle-de-cinema-privee\/42\/","og_locale":"fr_FR","og_type":"article","og_title":"Salle de cin\u00e9ma prive\u00e9 - Toys4Vip","og_description":"VOTRE CINEMA est sp\u00e9cialis\u00e9 dans la conception et r\u00e9alisation de Salles de Cin\u00e9ma Priv\u00e9es, tr\u00e8s loin des standards du home cin\u00e9ma traditionnel.Demandez nous les informations et mise en relation avec un sp\u00e9cialiste de la conception et r\u00e9alisation des salles de cin\u00e9mas priv\u00e9es.Plus de 80 installations depuis plus 2002.. un sp\u00e9cialiste \u00e0 votre service.Une prestation haut de gamme et une finition in\u00e9galable. Des salles sur mesure livr\u00e9e cl\u00e9 en main.","og_url":"https:\/\/www.toys4vip.com\/fr\/luxury-toy\/salle-de-cinema-privee\/42\/","og_site_name":"Toys4Vip","article_modified_time":"2021-11-15T15:13:16+00:00","og_image":[{"width":2560,"height":1211,"url":"https:\/\/www.toys4vip.com\/app\/uploads\/2021\/11\/main-34-scaled.jpg","type":"image\/jpeg"}],"twitter_card":"summary_large_image","schema":{"@context":"https:\/\/schema.org","@graph":[{"@type":"WebSite","@id":"https:\/\/www.toys4vip.com\/fr\/#website","url":"https:\/\/www.toys4vip.com\/fr\/","name":"Toys4Vip","description":"Jouets de luxe nouveau concept store","potentialAction":[{"@type":"SearchAction","target":{"@type":"EntryPoint","urlTemplate":"https:\/\/www.toys4vip.com\/fr\/?s={search_term_string}"},"query-input":"required name=search_term_string"}],"inLanguage":"fr-FR"},{"@type":"ImageObject","@id":"https:\/\/www.toys4vip.com\/fr\/luxury-toy\/salle-de-cinema-privee\/42\/#primaryimage","inLanguage":"fr-FR","url":"https:\/\/www.toys4vip.com\/app\/uploads\/2021\/11\/main-34-scaled.jpg","contentUrl":"https:\/\/www.toys4vip.com\/app\/uploads\/2021\/11\/main-34-scaled.jpg","width":2560,"height":1211},{"@type":"WebPage","@id":"https:\/\/www.toys4vip.com\/fr\/luxury-toy\/salle-de-cinema-privee\/42\/#webpage","url":"https:\/\/www.toys4vip.com\/fr\/luxury-toy\/salle-de-cinema-privee\/42\/","name":"Salle de cin\u00e9ma prive\u00e9 - Toys4Vip","isPartOf":{"@id":"https:\/\/www.toys4vip.com\/fr\/#website"},"primaryImageOfPage":{"@id":"https:\/\/www.toys4vip.com\/fr\/luxury-toy\/salle-de-cinema-privee\/42\/#primaryimage"},"datePublished":"2021-11-02T10:28:38+00:00","dateModified":"2021-11-15T15:13:16+00:00","description":"VOTRE CINEMA est sp\u00e9cialis\u00e9 dans la conception et r\u00e9alisation de Salles de Cin\u00e9ma Priv\u00e9es, tr\u00e8s loin des standards du home cin\u00e9ma traditionnel.Demandez nous les informations et mise en relation avec un sp\u00e9cialiste de la conception et r\u00e9alisation des salles de cin\u00e9mas priv\u00e9es.Plus de 80 installations depuis plus 2002.. un sp\u00e9cialiste \u00e0 votre service.Une prestation haut de gamme et une finition in\u00e9galable. Des salles sur mesure livr\u00e9e cl\u00e9 en main.","breadcrumb":{"@id":"https:\/\/www.toys4vip.com\/fr\/luxury-toy\/salle-de-cinema-privee\/42\/#breadcrumb"},"inLanguage":"fr-FR","potentialAction":[{"@type":"ReadAction","target":["https:\/\/www.toys4vip.com\/fr\/luxury-toy\/salle-de-cinema-privee\/42\/"]}]},{"@type":"BreadcrumbList","@id":"https:\/\/www.toys4vip.com\/fr\/luxury-toy\/salle-de-cinema-privee\/42\/#breadcrumb","itemListElement":[{"@type":"ListItem","position":1,"name":"Home","item":"https:\/\/www.toys4vip.com\/fr\/"},{"@type":"ListItem","position":2,"name":"Objets \/ Cat\u00e9gories","item":"https:\/\/www.toys4vip.com\/fr\/luxury-toys\/"},{"@type":"ListItem","position":3,"name":"Salle de cin\u00e9ma prive\u00e9"}]}]}},"_links":{"self":[{"href":"https:\/\/www.toys4vip.com\/fr\/wp-json\/wp\/v2\/product\/531"}],"collection":[{"href":"https:\/\/www.toys4vip.com\/fr\/wp-json\/wp\/v2\/product"}],"about":[{"href":"https:\/\/www.toys4vip.com\/fr\/wp-json\/wp\/v2\/types\/product"}],"replies":[{"embeddable":true,"href":"https:\/\/www.toys4vip.com\/fr\/wp-json\/wp\/v2\/comments?post=531"}],"wp:featuredmedia":[{"embeddable":true,"href":"https:\/\/www.toys4vip.com\/fr\/wp-json\/wp\/v2\/media\/529"}],"wp:attachment":[{"href":"https:\/\/www.toys4vip.com\/fr\/wp-json\/wp\/v2\/media?parent=531"}],"wp:term":[{"taxonomy":"product_cat","embeddable":true,"href":"https:\/\/www.toys4vip.com\/fr\/wp-json\/wp\/v2\/product_cat?post=531"},{"taxonomy":"product_tag","embeddable":true,"href":"https:\/\/www.toys4vip.com\/fr\/wp-json\/wp\/v2\/product_tag?post=531"}],"curies":[{"name":"wp","href":"https:\/\/api.w.org\/{rel}","templated":true}]}}